{"id":130,"date":"2017-04-09T20:04:31","date_gmt":"2017-04-09T20:04:31","guid":{"rendered":"http:\/\/mmfss.ca\/?page_id=130"},"modified":"2021-09-08T15:07:36","modified_gmt":"2021-09-08T15:07:36","slug":"pierce-manufacturing","status":"publish","type":"page","link":"https:\/\/safetysourcefire.ca\/fr\/vehicles\/pierce-manufacturing\/","title":{"rendered":"Pierce Manufacturing"},"content":{"rendered":"<div id=\"pl-130\"  class=\"panel-layout\" ><div id=\"pg-130-0\"  class=\"panel-grid panel-no-style\" ><div id=\"pgc-130-0-0\"  class=\"panel-grid-cell\" ><div id=\"panel-130-0-0-0\" class=\"so-panel widget_sow-image panel-first-child\" data-index=\"0\" ><div\n\t\t\t\n\t\t\tclass=\"so-widget-sow-image so-widget-sow-image-default-c67d20f9f743-130\"\n\t\t\t\n\t\t>\n<div class=\"sow-image-container\">\n\t\t<img \n\tsrc=\"https:\/\/safetysourcefire.ca\/wp-content\/uploads\/2017\/04\/PierceLogo_Tag_Black-300x103.png\" width=\"300\" height=\"103\" srcset=\"https:\/\/safetysourcefire.ca\/wp-content\/uploads\/2017\/04\/PierceLogo_Tag_Black-300x103.png 300w, https:\/\/safetysourcefire.ca\/wp-content\/uploads\/2017\/04\/PierceLogo_Tag_Black-416x143.png 416w, https:\/\/safetysourcefire.ca\/wp-content\/uploads\/2017\/04\/PierceLogo_Tag_Black-150x52.png 150w, https:\/\/safetysourcefire.ca\/wp-content\/uploads\/2017\/04\/PierceLogo_Tag_Black.png 450w\" sizes=\"(max-width: 300px) 100vw, 300px\" alt=\"Pierce logo\" \t\tclass=\"so-widget-image\"\/>\n\t<\/div>\n\n<\/div><\/div><div id=\"panel-130-0-0-1\" class=\"so-panel widget_sow-editor panel-last-child\" data-index=\"1\" ><div\n\t\t\t\n\t\t\tclass=\"so-widget-sow-editor so-widget-sow-editor-base\"\n\t\t\t\n\t\t>\n<div class=\"siteorigin-widget-tinymce textwidget\">\n\t<h2><strong>Con\u00e7u pour surpasser vos attentes.<\/strong><\/h2>\n<p>Safety Source Fire est fier de faire \u00e9quipe avec Pierce Manufacturing pour vous fournir des appareils d'incendie \u00e0 la fine pointe de la technologie. Dans votre travail, nous comprenons que chaque seconde compte et nous adaptons nos produits \u00e0 vos besoins. Pierce fabrique ses appareils d'incendie de pare-chocs \u00e0 pare-chocs. Son statut de fabricant \u00e0 fournisseur unique explique pourquoi vous trouverez plus de 27 000 camions Pierce sur les routes. Chaque d\u00e9cision et chaque d\u00e9tail sont con\u00e7us en gardant \u00e0 l'esprit vos performances sur le terrain.<\/p>\n<h2 class=\"header-bar\"><strong>Technologies \u00e9prouv\u00e9es. Innovation in\u00e9gal\u00e9e.<\/strong><\/h2>\n<p>La conception ax\u00e9e sur la performance signifie que Pierce \u00e9volue continuellement pour vous apporter des avanc\u00e9es de pointe et une innovation in\u00e9gal\u00e9e. Notre \u00e9quipe exp\u00e9riment\u00e9e a acc\u00e8s \u00e0 un arsenal de technologies de pointe et de processus r\u00e9volutionnaires. Choisissez parmi l&#039;un des sept ch\u00e2ssis personnalis\u00e9s de Pierce et nos meilleures innovations de leur cat\u00e9gorie.<\/p>\n<p><strong>\u00c9chelle a\u00e9rienne Ascendant \u2122 107 pi \u00e0 essieu arri\u00e8re simple:<\/strong> Disponible sur une large gamme de ch\u00e2ssis personnalis\u00e9s Pierce, l&#039;antenne offre une port\u00e9e verticale compl\u00e8te de 107 pieds et une port\u00e9e horizontale de 100 pieds avec une plage de fonctionnement de -10\u2070 \u00e0 + 77\u2070. Sa port\u00e9e horizontale de 100 pieds est \u00e9tonnamment sup\u00e9rieure de 32 pieds \u00e0 celle d&#039;une antenne classique \u00e0 un essieu arri\u00e8re.<\/p>\n<p><strong>Command Zone \u2122:<\/strong> Syst\u00e8me \u00e9lectronique de pointe qui permet aux pompiers d&#039;entretenir plus facilement leurs v\u00e9hicules, de se pr\u00e9parer aux appels et de surveiller les performances sur les lieux. Il offre \u00e9galement les premi\u00e8res capacit\u00e9s de pronostic de l&#039;industrie.<\/p>\n<p><strong>Protection anticorrosion E-Coat:<\/strong> Offre une r\u00e9sistance sup\u00e9rieure \u00e0 la corrosion et aux produits chimiques, tout en conservant une surface r\u00e9siliente de haute qualit\u00e9 pour les peintures de toutes couleurs ou finitions.<\/p>\n<p><strong>HERCULES \u2122 CAFS:<\/strong> Pour un d\u00e9montage plus rapide et plus s\u00fbr, avec moins d'exposition \u00e0 la chaleur. Le syst\u00e8me de mousse \u00e0 air comprim\u00e9 poss\u00e8de une faible tension de surface, ce qui lui permet de se r\u00e9pandre rapidement, de couvrir de larges surfaces et de s'accrocher plus agressivement.<\/p>\n<p><strong>Syst\u00e8mes de mousse Husky \u2122:<\/strong> Autant pour les municipalit\u00e9s que pour les raffineries industrielles, autant utilis\u00e9 par des b\u00e9n\u00e9voles que par les professionnels des incendies de classe A ou classe B, les syst\u00e8mes de mousse Pierce Husky sont le moyen le plus performant, le plus simple, le plus \u00e9conomique et le plus s\u00fbr de lutter contre les incendies.<\/p>\n<p><strong>PUC \u2122:<\/strong> Le PUC minimise l'espace utilis\u00e9 pour la suppression des incendies et maximise l'espace pour les outils et l'\u00e9quipement dans votre v\u00e9hicule.<\/p>\n<p><strong>Suspension ind\u00e9pendante TAK-4\u00ae<\/strong><strong>:<\/strong> Suspension avant ind\u00e9pendante (IFS), s'arr\u00eatant plus rapidement, permettant de meilleurs virages, am\u00e9liorant la maniabilit\u00e9 et offrant une meilleure qualit\u00e9 de roulement. Beaucoup plus maniable que n'importe quel camion \u00e0 essieu droit. La suspension arri\u00e8re ind\u00e9pendante (IRS) fonctionne comme l'IFS, mais fournit de la puissance aux roues. Vous avez aussi la possibilit\u00e9 d'ajouter le TAK-4 T3: un syst\u00e8me de direction 100% m\u00e9canique qui am\u00e9liore encore plus le contr\u00f4le et la mobilit\u00e9.<\/p>\n<p><strong>Snozzle\u00ae:<\/strong> tourelle extensible \u00e0 grande port\u00e9e offrant la possibilit\u00e9 de r\u00e9ponse avanc\u00e9e sur les voies navigables sur\u00e9lev\u00e9es et vous permettant d'attaquer les incendies sous plusieurs angles.<\/p>\n<p><strong>En savoir plus sur nos <a href=\"https:\/\/safetysourcefire.ca\/fr\/vehicles\/pierce-manufacturing\/volterra-platform-of-electric-vehicles\/\">V\u00e9hicules \u00e9lectriques<\/a>,\u00a0 <a href=\"https:\/\/safetysourcefire.ca\/fr\/vehicles\/pierce-manufacturing\/custom-chassis\/\">Ch\u00e2ssis personnalis\u00e9s<\/a> et <a href=\"https:\/\/safetysourcefire.ca\/fr\/vehicles\/pierce-manufacturing\/aerials\/\">Antennes<\/a>.<\/strong><\/p>\n<\/div>\n<\/div><\/div><\/div><\/div><\/div>","protected":false},"excerpt":{"rendered":"<p>Designed to Outperform. Safety Source Fire is proud to have teamed with Pierce Manufacturing to deliver state-of-the-art fire apparatus. We understand that every second on the job counts and we tailor customizations to match your requirements. Pierce manufactures the fire apparatus bumper to bumper. As a single source manufacturer, there\u2019s a reason you\u2019ll find more [&hellip;]<\/p>\n","protected":false},"author":1,"featured_media":1618,"parent":106,"menu_order":0,"comment_status":"closed","ping_status":"closed","template":"template-fullwidth.php","meta":{"footnotes":""},"class_list":["post-130","page","type-page","status-publish","has-post-thumbnail","hentry"],"yoast_head":"<!-- This site is optimized with the Yoast SEO plugin v27.4 - https:\/\/yoast.com\/product\/yoast-seo-wordpress\/ -->\n<title>Pierce Manufacturing - Safety Source Fire<\/title>\n<meta name=\"robots\" content=\"index, follow, max-snippet:-1, max-image-preview:large, max-video-preview:-1\" \/>\n<link rel=\"canonical\" href=\"https:\/\/safetysourcefire.ca\/fr\/vehicles\/pierce-manufacturing\/\" \/>\n<meta property=\"og:locale\" content=\"fr_CA\" \/>\n<meta property=\"og:type\" content=\"article\" \/>\n<meta property=\"og:title\" content=\"Pierce Manufacturing - Safety Source Fire\" \/>\n<meta property=\"og:description\" content=\"Designed to Outperform. Safety Source Fire is proud to have teamed with Pierce Manufacturing to deliver state-of-the-art fire apparatus. We understand that every second on the job counts and we tailor customizations to match your requirements. Pierce manufactures the fire apparatus bumper to bumper. As a single source manufacturer, there\u2019s a reason you\u2019ll find more [&hellip;]\" \/>\n<meta property=\"og:url\" content=\"https:\/\/safetysourcefire.ca\/fr\/vehicles\/pierce-manufacturing\/\" \/>\n<meta property=\"og:site_name\" content=\"Safety Source Fire\" \/>\n<meta property=\"article:publisher\" content=\"https:\/\/www.facebook.com\/mmfssca\" \/>\n<meta property=\"article:modified_time\" content=\"2021-09-08T15:07:36+00:00\" \/>\n<meta property=\"og:image\" content=\"https:\/\/safetysourcefire.ca\/wp-content\/uploads\/2017\/04\/Ascendant.jpg\" \/>\n\t<meta property=\"og:image:width\" content=\"1900\" \/>\n\t<meta property=\"og:image:height\" content=\"855\" \/>\n\t<meta property=\"og:image:type\" content=\"image\/jpeg\" \/>\n<meta name=\"twitter:card\" content=\"summary_large_image\" \/>\n<meta name=\"twitter:site\" content=\"@mmfssca\" \/>\n<meta name=\"twitter:label1\" content=\"Estimation du temps de lecture\" \/>\n\t<meta name=\"twitter:data1\" content=\"2 minutes\" \/>\n<script type=\"application\/ld+json\" class=\"yoast-schema-graph\">{\"@context\":\"https:\\\/\\\/schema.org\",\"@graph\":[{\"@type\":\"WebPage\",\"@id\":\"https:\\\/\\\/safetysourcefire.ca\\\/vehicles\\\/pierce-manufacturing\\\/\",\"url\":\"https:\\\/\\\/safetysourcefire.ca\\\/vehicles\\\/pierce-manufacturing\\\/\",\"name\":\"Pierce Manufacturing - Safety Source Fire\",\"isPartOf\":{\"@id\":\"https:\\\/\\\/safetysourcefire.ca\\\/#website\"},\"primaryImageOfPage\":{\"@id\":\"https:\\\/\\\/safetysourcefire.ca\\\/vehicles\\\/pierce-manufacturing\\\/#primaryimage\"},\"image\":{\"@id\":\"https:\\\/\\\/safetysourcefire.ca\\\/vehicles\\\/pierce-manufacturing\\\/#primaryimage\"},\"thumbnailUrl\":\"https:\\\/\\\/safetysourcefire.ca\\\/wp-content\\\/uploads\\\/2017\\\/04\\\/Ascendant.jpg\",\"datePublished\":\"2017-04-09T20:04:31+00:00\",\"dateModified\":\"2021-09-08T15:07:36+00:00\",\"breadcrumb\":{\"@id\":\"https:\\\/\\\/safetysourcefire.ca\\\/vehicles\\\/pierce-manufacturing\\\/#breadcrumb\"},\"inLanguage\":\"fr-CA\",\"potentialAction\":[{\"@type\":\"ReadAction\",\"target\":[\"https:\\\/\\\/safetysourcefire.ca\\\/vehicles\\\/pierce-manufacturing\\\/\"]}]},{\"@type\":\"ImageObject\",\"inLanguage\":\"fr-CA\",\"@id\":\"https:\\\/\\\/safetysourcefire.ca\\\/vehicles\\\/pierce-manufacturing\\\/#primaryimage\",\"url\":\"https:\\\/\\\/safetysourcefire.ca\\\/wp-content\\\/uploads\\\/2017\\\/04\\\/Ascendant.jpg\",\"contentUrl\":\"https:\\\/\\\/safetysourcefire.ca\\\/wp-content\\\/uploads\\\/2017\\\/04\\\/Ascendant.jpg\",\"width\":1900,\"height\":855,\"caption\":\"Fire apparatus\"},{\"@type\":\"BreadcrumbList\",\"@id\":\"https:\\\/\\\/safetysourcefire.ca\\\/vehicles\\\/pierce-manufacturing\\\/#breadcrumb\",\"itemListElement\":[{\"@type\":\"ListItem\",\"position\":1,\"name\":\"Home\",\"item\":\"https:\\\/\\\/safetysourcefire.ca\\\/\"},{\"@type\":\"ListItem\",\"position\":2,\"name\":\"Vehicles\",\"item\":\"https:\\\/\\\/safetysourcefire.ca\\\/vehicles\\\/\"},{\"@type\":\"ListItem\",\"position\":3,\"name\":\"Pierce Manufacturing\"}]},{\"@type\":\"WebSite\",\"@id\":\"https:\\\/\\\/safetysourcefire.ca\\\/#website\",\"url\":\"https:\\\/\\\/safetysourcefire.ca\\\/\",\"name\":\"Safety Source Fire\",\"description\":\"\",\"publisher\":{\"@id\":\"https:\\\/\\\/safetysourcefire.ca\\\/#organization\"},\"potentialAction\":[{\"@type\":\"SearchAction\",\"target\":{\"@type\":\"EntryPoint\",\"urlTemplate\":\"https:\\\/\\\/safetysourcefire.ca\\\/?s={search_term_string}\"},\"query-input\":{\"@type\":\"PropertyValueSpecification\",\"valueRequired\":true,\"valueName\":\"search_term_string\"}}],\"inLanguage\":\"fr-CA\"},{\"@type\":\"Organization\",\"@id\":\"https:\\\/\\\/safetysourcefire.ca\\\/#organization\",\"name\":\"Safety Source Fire\",\"url\":\"https:\\\/\\\/safetysourcefire.ca\\\/\",\"logo\":{\"@type\":\"ImageObject\",\"inLanguage\":\"fr-CA\",\"@id\":\"https:\\\/\\\/safetysourcefire.ca\\\/#\\\/schema\\\/logo\\\/image\\\/\",\"url\":\"https:\\\/\\\/safetysourcefire.ca\\\/wp-content\\\/uploads\\\/2021\\\/01\\\/SSF_logo_CC0000-3.png\",\"contentUrl\":\"https:\\\/\\\/safetysourcefire.ca\\\/wp-content\\\/uploads\\\/2021\\\/01\\\/SSF_logo_CC0000-3.png\",\"width\":1107,\"height\":365,\"caption\":\"Safety Source Fire\"},\"image\":{\"@id\":\"https:\\\/\\\/safetysourcefire.ca\\\/#\\\/schema\\\/logo\\\/image\\\/\"},\"sameAs\":[\"https:\\\/\\\/www.facebook.com\\\/mmfssca\",\"https:\\\/\\\/x.com\\\/mmfssca\"]}]}<\/script>\n<!-- \/ Yoast SEO plugin. -->","yoast_head_json":{"title":"Pierce Manufacturing - S\u00e9curit\u00e9 incendie","robots":{"index":"index","follow":"follow","max-snippet":"max-snippet:-1","max-image-preview":"max-image-preview:large","max-video-preview":"max-video-preview:-1"},"canonical":"https:\/\/safetysourcefire.ca\/fr\/vehicles\/pierce-manufacturing\/","og_locale":"fr_CA","og_type":"article","og_title":"Pierce Manufacturing - Safety Source Fire","og_description":"Designed to Outperform. Safety Source Fire is proud to have teamed with Pierce Manufacturing to deliver state-of-the-art fire apparatus. We understand that every second on the job counts and we tailor customizations to match your requirements. Pierce manufactures the fire apparatus bumper to bumper. As a single source manufacturer, there\u2019s a reason you\u2019ll find more [&hellip;]","og_url":"https:\/\/safetysourcefire.ca\/fr\/vehicles\/pierce-manufacturing\/","og_site_name":"Safety Source Fire","article_publisher":"https:\/\/www.facebook.com\/mmfssca","article_modified_time":"2021-09-08T15:07:36+00:00","og_image":[{"width":1900,"height":855,"url":"https:\/\/safetysourcefire.ca\/wp-content\/uploads\/2017\/04\/Ascendant.jpg","type":"image\/jpeg"}],"twitter_card":"summary_large_image","twitter_site":"@mmfssca","twitter_misc":{"Estimation du temps de lecture":"2 minutes"},"schema":{"@context":"https:\/\/schema.org","@graph":[{"@type":"WebPage","@id":"https:\/\/safetysourcefire.ca\/vehicles\/pierce-manufacturing\/","url":"https:\/\/safetysourcefire.ca\/vehicles\/pierce-manufacturing\/","name":"Pierce Manufacturing - S\u00e9curit\u00e9 incendie","isPartOf":{"@id":"https:\/\/safetysourcefire.ca\/#website"},"primaryImageOfPage":{"@id":"https:\/\/safetysourcefire.ca\/vehicles\/pierce-manufacturing\/#primaryimage"},"image":{"@id":"https:\/\/safetysourcefire.ca\/vehicles\/pierce-manufacturing\/#primaryimage"},"thumbnailUrl":"https:\/\/safetysourcefire.ca\/wp-content\/uploads\/2017\/04\/Ascendant.jpg","datePublished":"2017-04-09T20:04:31+00:00","dateModified":"2021-09-08T15:07:36+00:00","breadcrumb":{"@id":"https:\/\/safetysourcefire.ca\/vehicles\/pierce-manufacturing\/#breadcrumb"},"inLanguage":"fr-CA","potentialAction":[{"@type":"ReadAction","target":["https:\/\/safetysourcefire.ca\/vehicles\/pierce-manufacturing\/"]}]},{"@type":"ImageObject","inLanguage":"fr-CA","@id":"https:\/\/safetysourcefire.ca\/vehicles\/pierce-manufacturing\/#primaryimage","url":"https:\/\/safetysourcefire.ca\/wp-content\/uploads\/2017\/04\/Ascendant.jpg","contentUrl":"https:\/\/safetysourcefire.ca\/wp-content\/uploads\/2017\/04\/Ascendant.jpg","width":1900,"height":855,"caption":"Fire apparatus"},{"@type":"BreadcrumbList","@id":"https:\/\/safetysourcefire.ca\/vehicles\/pierce-manufacturing\/#breadcrumb","itemListElement":[{"@type":"ListItem","position":1,"name":"Home","item":"https:\/\/safetysourcefire.ca\/"},{"@type":"ListItem","position":2,"name":"Vehicles","item":"https:\/\/safetysourcefire.ca\/vehicles\/"},{"@type":"ListItem","position":3,"name":"Pierce Manufacturing"}]},{"@type":"WebSite","@id":"https:\/\/safetysourcefire.ca\/#website","url":"https:\/\/safetysourcefire.ca\/","name":"Safety Source Fire","description":"","publisher":{"@id":"https:\/\/safetysourcefire.ca\/#organization"},"potentialAction":[{"@type":"SearchAction","target":{"@type":"EntryPoint","urlTemplate":"https:\/\/safetysourcefire.ca\/?s={search_term_string}"},"query-input":{"@type":"PropertyValueSpecification","valueRequired":true,"valueName":"search_term_string"}}],"inLanguage":"fr-CA"},{"@type":"Organization","@id":"https:\/\/safetysourcefire.ca\/#organization","name":"Safety Source Fire","url":"https:\/\/safetysourcefire.ca\/","logo":{"@type":"ImageObject","inLanguage":"fr-CA","@id":"https:\/\/safetysourcefire.ca\/#\/schema\/logo\/image\/","url":"https:\/\/safetysourcefire.ca\/wp-content\/uploads\/2021\/01\/SSF_logo_CC0000-3.png","contentUrl":"https:\/\/safetysourcefire.ca\/wp-content\/uploads\/2021\/01\/SSF_logo_CC0000-3.png","width":1107,"height":365,"caption":"Safety Source Fire"},"image":{"@id":"https:\/\/safetysourcefire.ca\/#\/schema\/logo\/image\/"},"sameAs":["https:\/\/www.facebook.com\/mmfssca","https:\/\/x.com\/mmfssca"]}]}},"_links":{"self":[{"href":"https:\/\/safetysourcefire.ca\/fr\/wp-json\/wp\/v2\/pages\/130","targetHints":{"allow":["GET"]}}],"collection":[{"href":"https:\/\/safetysourcefire.ca\/fr\/wp-json\/wp\/v2\/pages"}],"about":[{"href":"https:\/\/safetysourcefire.ca\/fr\/wp-json\/wp\/v2\/types\/page"}],"author":[{"embeddable":true,"href":"https:\/\/safetysourcefire.ca\/fr\/wp-json\/wp\/v2\/users\/1"}],"replies":[{"embeddable":true,"href":"https:\/\/safetysourcefire.ca\/fr\/wp-json\/wp\/v2\/comments?post=130"}],"version-history":[{"count":54,"href":"https:\/\/safetysourcefire.ca\/fr\/wp-json\/wp\/v2\/pages\/130\/revisions"}],"predecessor-version":[{"id":25900,"href":"https:\/\/safetysourcefire.ca\/fr\/wp-json\/wp\/v2\/pages\/130\/revisions\/25900"}],"up":[{"embeddable":true,"href":"https:\/\/safetysourcefire.ca\/fr\/wp-json\/wp\/v2\/pages\/106"}],"wp:featuredmedia":[{"embeddable":true,"href":"https:\/\/safetysourcefire.ca\/fr\/wp-json\/wp\/v2\/media\/1618"}],"wp:attachment":[{"href":"https:\/\/safetysourcefire.ca\/fr\/wp-json\/wp\/v2\/media?parent=130"}],"curies":[{"name":"wp","href":"https:\/\/api.w.org\/{rel}","templated":true}]}}