{"id":132,"date":"2017-04-09T20:04:46","date_gmt":"2017-04-09T20:04:46","guid":{"rendered":"http:\/\/mmfss.ca\/?page_id=132"},"modified":"2021-06-15T17:39:54","modified_gmt":"2021-06-15T17:39:54","slug":"maxisaber","status":"publish","type":"page","link":"https:\/\/safetysourcefire.ca\/fr\/vehicles\/maximetal\/maxisaber\/","title":{"rendered":"MaxiSaber"},"content":{"rendered":"<div id=\"pl-132\"  class=\"panel-layout\" ><div id=\"pg-132-0\"  class=\"panel-grid panel-no-style\" ><div id=\"pgc-132-0-0\"  class=\"panel-grid-cell\" ><div id=\"panel-132-0-0-0\" class=\"so-panel widget_sow-editor panel-first-child panel-last-child\" data-index=\"0\" ><div\n\t\t\t\n\t\t\tclass=\"so-widget-sow-editor so-widget-sow-editor-base\"\n\t\t\t\n\t\t>\n<div class=\"siteorigin-widget-tinymce textwidget\">\n\t<p>Le ch\u00e2ssis personnalis\u00e9 Pierce Sabre est \u00e0 la pointe du march\u00e9 des ch\u00e2ssis personnalis\u00e9s standard de l&#039;industrie. L&#039;int\u00e9rieur de la cabine offre beaucoup plus d&#039;espace pour les pompiers et pr\u00e9sente une ligne de transition de toit sur\u00e9lev\u00e9e d\u00e9plac\u00e9e vers l&#039;avant pour cr\u00e9er un effet de \u00ab plafond cath\u00e9drale \u00bb, tandis qu&#039;un plancher plat dans la zone de la cabine de l&#039;\u00e9quipage offre une assise plus s\u00fbre. Les marches d&#039;escalier sont basses et d\u00e9cal\u00e9es pour fonctionner comme des escaliers pour faciliter l&#039;entr\u00e9e et la sortie. Un pare-brise enveloppant monobloc offre une excellente visibilit\u00e9 vers l&#039;ext\u00e9rieur. Le ch\u00e2ssis Sabre offre un moteur \u00e0 bloc moyen avec jusqu&#039;\u00e0 450 ch., tandis qu&#039;un angle de crampon de 50 degr\u00e9s offre une plus grande maniabilit\u00e9 sur les routes \u00e9troites, les ruelles et les culs-de-sac.<\/p>\n<\/div>\n<\/div><\/div><\/div><div id=\"pgc-132-0-1\"  class=\"panel-grid-cell\" ><div id=\"panel-132-0-1-0\" class=\"so-panel widget_sow-button panel-first-child panel-last-child\" data-index=\"1\" ><div\n\t\t\t\n\t\t\tclass=\"so-widget-sow-button so-widget-sow-button-atom-c41fc9bb0ec5-132\"\n\t\t\t\n\t\t><div class=\"ow-button-base ow-button-align-center\"\n>\n\t\t\t<a\n\t\t\t\t\thref=\"https:\/\/safetysourcefire.ca\/wp-content\/uploads\/2017\/06\/17840_MaxiSaber_Brochure_v2_LR.pdf\"\n\t\t\t\t\tclass=\"sowb-button ow-icon-placement-left ow-button-hover\" \t>\n\t\t<span>\n\t\t\t\n\t\t\tT\u00e9l\u00e9charger la brochure MaxiSaber\t\t<\/span>\n\t\t\t<\/a>\n\t<\/div>\n<\/div><\/div><\/div><\/div><div id=\"pg-132-1\"  class=\"panel-grid panel-no-style\" ><div id=\"pgc-132-1-0\"  class=\"panel-grid-cell\" ><div id=\"panel-132-1-0-0\" class=\"so-panel widget_sow-image panel-first-child\" data-index=\"2\" ><div\n\t\t\t\n\t\t\tclass=\"so-widget-sow-image so-widget-sow-image-default-8b5b6f678277-132\"\n\t\t\t\n\t\t>\n<div class=\"sow-image-container\">\n\t\t<img \n\tsrc=\"https:\/\/safetysourcefire.ca\/wp-content\/uploads\/2017\/05\/Vio-pump-panel_300x300.png\" width=\"300\" height=\"300\" srcset=\"https:\/\/safetysourcefire.ca\/wp-content\/uploads\/2017\/05\/Vio-pump-panel_300x300.png 300w, https:\/\/safetysourcefire.ca\/wp-content\/uploads\/2017\/05\/Vio-pump-panel_300x300-100x100.png 100w, https:\/\/safetysourcefire.ca\/wp-content\/uploads\/2017\/05\/Vio-pump-panel_300x300-150x150.png 150w\" sizes=\"(max-width: 300px) 100vw, 300px\" title=\"Vio\u2014pump-panel_300x300\" alt=\"MaxiSaber pump panel\" \t\tclass=\"so-widget-image\"\/>\n\t<\/div>\n\n<\/div><\/div><div id=\"panel-132-1-0-1\" class=\"so-panel widget_text panel-last-child\" data-index=\"3\" >\t\t\t<div class=\"textwidget\">Une station de pompage ultra \u00e9troite et basse qui offre plus d&#039;espace de stockage et de s\u00e9curit\u00e9 pour l&#039;op\u00e9rateur de la pompe.<\/div>\n\t\t<\/div><\/div><div id=\"pgc-132-1-1\"  class=\"panel-grid-cell\" ><div id=\"panel-132-1-1-0\" class=\"so-panel widget_sow-image panel-first-child\" data-index=\"4\" ><div\n\t\t\t\n\t\t\tclass=\"so-widget-sow-image so-widget-sow-image-default-8b5b6f678277-132\"\n\t\t\t\n\t\t>\n<div class=\"sow-image-container\">\n\t\t<img \n\tsrc=\"https:\/\/safetysourcefire.ca\/wp-content\/uploads\/2017\/05\/Vio-bottles_300x300.png\" width=\"300\" height=\"300\" srcset=\"https:\/\/safetysourcefire.ca\/wp-content\/uploads\/2017\/05\/Vio-bottles_300x300.png 300w, https:\/\/safetysourcefire.ca\/wp-content\/uploads\/2017\/05\/Vio-bottles_300x300-100x100.png 100w, https:\/\/safetysourcefire.ca\/wp-content\/uploads\/2017\/05\/Vio-bottles_300x300-150x150.png 150w\" sizes=\"(max-width: 300px) 100vw, 300px\" title=\"Vio\u2014bouteilles_300x300\" alt=\"bottles\" \t\tclass=\"so-widget-image\"\/>\n\t<\/div>\n\n<\/div><\/div><div id=\"panel-132-1-1-1\" class=\"so-panel widget_text panel-last-child\" data-index=\"5\" >\t\t\t<div class=\"textwidget\">Jusqu&#039;\u00e0 11 cylindres pneumatiques dans les passages de roue.<\/div>\n\t\t<\/div><\/div><div id=\"pgc-132-1-2\"  class=\"panel-grid-cell\" ><div id=\"panel-132-1-2-0\" class=\"so-panel widget_sow-image panel-first-child\" data-index=\"6\" ><div\n\t\t\t\n\t\t\tclass=\"so-widget-sow-image so-widget-sow-image-default-8b5b6f678277-132\"\n\t\t\t\n\t\t>\n<div class=\"sow-image-container\">\n\t\t<img \n\tsrc=\"https:\/\/safetysourcefire.ca\/wp-content\/uploads\/2017\/05\/Vio-Apria-comp_300x300.png\" width=\"300\" height=\"300\" srcset=\"https:\/\/safetysourcefire.ca\/wp-content\/uploads\/2017\/05\/Vio-Apria-comp_300x300.png 300w, https:\/\/safetysourcefire.ca\/wp-content\/uploads\/2017\/05\/Vio-Apria-comp_300x300-100x100.png 100w, https:\/\/safetysourcefire.ca\/wp-content\/uploads\/2017\/05\/Vio-Apria-comp_300x300-150x150.png 150w\" sizes=\"(max-width: 300px) 100vw, 300px\" title=\"Vio\u2014Apria-comp_300x300\" alt=\"SCBA rack\" \t\tclass=\"so-widget-image\"\/>\n\t<\/div>\n\n<\/div><\/div><div id=\"panel-132-1-2-1\" class=\"so-panel widget_text panel-last-child\" data-index=\"7\" >\t\t\t<div class=\"textwidget\">Un rack SCBA qui optimise l&#039;espace et la s\u00e9curit\u00e9.<\/div>\n\t\t<\/div><\/div><div id=\"pgc-132-1-3\"  class=\"panel-grid-cell\" ><div id=\"panel-132-1-3-0\" class=\"so-panel widget_sow-image panel-first-child\" data-index=\"8\" ><div\n\t\t\t\n\t\t\tclass=\"so-widget-sow-image so-widget-sow-image-default-8b5b6f678277-132\"\n\t\t\t\n\t\t>\n<div class=\"sow-image-container\">\n\t\t<img \n\tsrc=\"https:\/\/safetysourcefire.ca\/wp-content\/uploads\/2017\/05\/Levis-INC114-1-20-juillet-2012-028_300x300.png\" width=\"300\" height=\"300\" srcset=\"https:\/\/safetysourcefire.ca\/wp-content\/uploads\/2017\/05\/Levis-INC114-1-20-juillet-2012-028_300x300.png 300w, https:\/\/safetysourcefire.ca\/wp-content\/uploads\/2017\/05\/Levis-INC114-1-20-juillet-2012-028_300x300-100x100.png 100w, https:\/\/safetysourcefire.ca\/wp-content\/uploads\/2017\/05\/Levis-INC114-1-20-juillet-2012-028_300x300-150x150.png 150w\" sizes=\"(max-width: 300px) 100vw, 300px\" alt=\"ladders on side of truck\" \t\tclass=\"so-widget-image\"\/>\n\t<\/div>\n\n<\/div><\/div><div id=\"panel-132-1-3-1\" class=\"so-panel widget_text panel-last-child\" data-index=\"9\" >\t\t\t<div class=\"textwidget\">Support hydraulique MAXI, capacit\u00e9 de 750 lb.<\/div>\n\t\t<\/div><\/div><\/div><div id=\"pg-132-2\"  class=\"panel-grid panel-no-style\" ><div id=\"pgc-132-2-0\"  class=\"panel-grid-cell\" ><div id=\"panel-132-2-0-0\" class=\"so-panel widget_sow-editor panel-first-child\" data-index=\"10\" ><div\n\t\t\t\n\t\t\tclass=\"so-widget-sow-editor so-widget-sow-editor-base\"\n\t\t\t\n\t\t>\n<div class=\"siteorigin-widget-tinymce textwidget\">\n\t<p style=\"text-align: center;\">Visitez <a href=\"http:\/\/www.maxisaber.com\">Site MaxiSabre de MAXIMETAL<\/a>.<\/p>\n<\/div>\n<\/div><\/div><div id=\"panel-132-2-0-1\" class=\"so-panel widget_sow-editor panel-last-child\" data-index=\"11\" ><div\n\t\t\t\n\t\t\tclass=\"so-widget-sow-editor so-widget-sow-editor-base\"\n\t\t\t\n\t\t>\n<div class=\"siteorigin-widget-tinymce textwidget\">\n\t<p><iframe loading=\"lazy\" title=\"Maximetal Maxi Sabre 2021\" width=\"980\" height=\"551\" src=\"https:\/\/www.youtube.com\/embed\/7mf8liH9ICU?feature=oembed&enablejsapi=1&origin=https:\/\/safetysourcefire.ca\" frameborder=\"0\" allow=\"accelerometer; autoplay; clipboard-write; encrypted-media; gyroscope; picture-in-picture\" allowfullscreen><\/iframe><\/p>\n<\/div>\n<\/div><\/div><\/div><\/div><\/div>","protected":false},"excerpt":{"rendered":"<p>The Pierce Saber custom chassis sets the leading edge in the industry standard custom chassis market. The cab interior offers significantly more room for firefighters, and features a raised roof transition line moved forward to create a \u201ccathedral ceiling\u201d effect, while a flat floor in the crew cab area provides surer footing. The stair steps [&hellip;]<\/p>\n","protected":false},"author":1,"featured_media":1584,"parent":1600,"menu_order":0,"comment_status":"closed","ping_status":"closed","template":"","meta":{"footnotes":""},"class_list":["post-132","page","type-page","status-publish","has-post-thumbnail","hentry"],"yoast_head":"<!-- This site is optimized with the Yoast SEO plugin v27.4 - https:\/\/yoast.com\/product\/yoast-seo-wordpress\/ -->\n<title>MaxiSaber - Safety Source Fire<\/title>\n<meta name=\"robots\" content=\"index, follow, max-snippet:-1, max-image-preview:large, max-video-preview:-1\" \/>\n<link rel=\"canonical\" href=\"https:\/\/safetysourcefire.ca\/fr\/vehicles\/maximetal\/maxisaber\/\" \/>\n<meta property=\"og:locale\" content=\"fr_CA\" \/>\n<meta property=\"og:type\" content=\"article\" \/>\n<meta property=\"og:title\" content=\"MaxiSaber - Safety Source Fire\" \/>\n<meta property=\"og:description\" content=\"The Pierce Saber custom chassis sets the leading edge in the industry standard custom chassis market. The cab interior offers significantly more room for firefighters, and features a raised roof transition line moved forward to create a \u201ccathedral ceiling\u201d effect, while a flat floor in the crew cab area provides surer footing. The stair steps [&hellip;]\" \/>\n<meta property=\"og:url\" content=\"https:\/\/safetysourcefire.ca\/fr\/vehicles\/maximetal\/maxisaber\/\" \/>\n<meta property=\"og:site_name\" content=\"Safety Source Fire\" \/>\n<meta property=\"article:publisher\" content=\"https:\/\/www.facebook.com\/mmfssca\" \/>\n<meta property=\"article:modified_time\" content=\"2021-06-15T17:39:54+00:00\" \/>\n<meta property=\"og:image\" content=\"https:\/\/safetysourcefire.ca\/wp-content\/uploads\/2017\/05\/maxisaber-en.png\" \/>\n\t<meta property=\"og:image:width\" content=\"897\" \/>\n\t<meta property=\"og:image:height\" content=\"242\" \/>\n\t<meta property=\"og:image:type\" content=\"image\/png\" \/>\n<meta name=\"twitter:card\" content=\"summary_large_image\" \/>\n<meta name=\"twitter:site\" content=\"@mmfssca\" \/>\n<meta name=\"twitter:label1\" content=\"Estimation du temps de lecture\" \/>\n\t<meta name=\"twitter:data1\" content=\"1 minute\" \/>\n<script type=\"application\/ld+json\" class=\"yoast-schema-graph\">{\"@context\":\"https:\\\/\\\/schema.org\",\"@graph\":[{\"@type\":\"WebPage\",\"@id\":\"https:\\\/\\\/safetysourcefire.ca\\\/vehicles\\\/maximetal\\\/maxisaber\\\/\",\"url\":\"https:\\\/\\\/safetysourcefire.ca\\\/vehicles\\\/maximetal\\\/maxisaber\\\/\",\"name\":\"MaxiSaber - Safety Source Fire\",\"isPartOf\":{\"@id\":\"https:\\\/\\\/safetysourcefire.ca\\\/#website\"},\"primaryImageOfPage\":{\"@id\":\"https:\\\/\\\/safetysourcefire.ca\\\/vehicles\\\/maximetal\\\/maxisaber\\\/#primaryimage\"},\"image\":{\"@id\":\"https:\\\/\\\/safetysourcefire.ca\\\/vehicles\\\/maximetal\\\/maxisaber\\\/#primaryimage\"},\"thumbnailUrl\":\"https:\\\/\\\/safetysourcefire.ca\\\/wp-content\\\/uploads\\\/2017\\\/05\\\/maxisaber-en.png\",\"datePublished\":\"2017-04-09T20:04:46+00:00\",\"dateModified\":\"2021-06-15T17:39:54+00:00\",\"breadcrumb\":{\"@id\":\"https:\\\/\\\/safetysourcefire.ca\\\/vehicles\\\/maximetal\\\/maxisaber\\\/#breadcrumb\"},\"inLanguage\":\"fr-CA\",\"potentialAction\":[{\"@type\":\"ReadAction\",\"target\":[\"https:\\\/\\\/safetysourcefire.ca\\\/vehicles\\\/maximetal\\\/maxisaber\\\/\"]}]},{\"@type\":\"ImageObject\",\"inLanguage\":\"fr-CA\",\"@id\":\"https:\\\/\\\/safetysourcefire.ca\\\/vehicles\\\/maximetal\\\/maxisaber\\\/#primaryimage\",\"url\":\"https:\\\/\\\/safetysourcefire.ca\\\/wp-content\\\/uploads\\\/2017\\\/05\\\/maxisaber-en.png\",\"contentUrl\":\"https:\\\/\\\/safetysourcefire.ca\\\/wp-content\\\/uploads\\\/2017\\\/05\\\/maxisaber-en.png\",\"width\":897,\"height\":242,\"caption\":\"maxisaber\"},{\"@type\":\"BreadcrumbList\",\"@id\":\"https:\\\/\\\/safetysourcefire.ca\\\/vehicles\\\/maximetal\\\/maxisaber\\\/#breadcrumb\",\"itemListElement\":[{\"@type\":\"ListItem\",\"position\":1,\"name\":\"Home\",\"item\":\"https:\\\/\\\/safetysourcefire.ca\\\/\"},{\"@type\":\"ListItem\",\"position\":2,\"name\":\"Vehicles\",\"item\":\"https:\\\/\\\/safetysourcefire.ca\\\/vehicles\\\/\"},{\"@type\":\"ListItem\",\"position\":3,\"name\":\"MAXIMETAL\",\"item\":\"https:\\\/\\\/safetysourcefire.ca\\\/vehicles\\\/maximetal\\\/\"},{\"@type\":\"ListItem\",\"position\":4,\"name\":\"MaxiSaber\"}]},{\"@type\":\"WebSite\",\"@id\":\"https:\\\/\\\/safetysourcefire.ca\\\/#website\",\"url\":\"https:\\\/\\\/safetysourcefire.ca\\\/\",\"name\":\"Safety Source Fire\",\"description\":\"\",\"publisher\":{\"@id\":\"https:\\\/\\\/safetysourcefire.ca\\\/#organization\"},\"potentialAction\":[{\"@type\":\"SearchAction\",\"target\":{\"@type\":\"EntryPoint\",\"urlTemplate\":\"https:\\\/\\\/safetysourcefire.ca\\\/?s={search_term_string}\"},\"query-input\":{\"@type\":\"PropertyValueSpecification\",\"valueRequired\":true,\"valueName\":\"search_term_string\"}}],\"inLanguage\":\"fr-CA\"},{\"@type\":\"Organization\",\"@id\":\"https:\\\/\\\/safetysourcefire.ca\\\/#organization\",\"name\":\"Safety Source Fire\",\"url\":\"https:\\\/\\\/safetysourcefire.ca\\\/\",\"logo\":{\"@type\":\"ImageObject\",\"inLanguage\":\"fr-CA\",\"@id\":\"https:\\\/\\\/safetysourcefire.ca\\\/#\\\/schema\\\/logo\\\/image\\\/\",\"url\":\"https:\\\/\\\/safetysourcefire.ca\\\/wp-content\\\/uploads\\\/2021\\\/01\\\/SSF_logo_CC0000-3.png\",\"contentUrl\":\"https:\\\/\\\/safetysourcefire.ca\\\/wp-content\\\/uploads\\\/2021\\\/01\\\/SSF_logo_CC0000-3.png\",\"width\":1107,\"height\":365,\"caption\":\"Safety Source Fire\"},\"image\":{\"@id\":\"https:\\\/\\\/safetysourcefire.ca\\\/#\\\/schema\\\/logo\\\/image\\\/\"},\"sameAs\":[\"https:\\\/\\\/www.facebook.com\\\/mmfssca\",\"https:\\\/\\\/x.com\\\/mmfssca\"]}]}<\/script>\n<!-- \/ Yoast SEO plugin. -->","yoast_head_json":{"title":"MaxiSaber - Source de s\u00e9curit\u00e9 incendie","robots":{"index":"index","follow":"follow","max-snippet":"max-snippet:-1","max-image-preview":"max-image-preview:large","max-video-preview":"max-video-preview:-1"},"canonical":"https:\/\/safetysourcefire.ca\/fr\/vehicles\/maximetal\/maxisaber\/","og_locale":"fr_CA","og_type":"article","og_title":"MaxiSaber - Safety Source Fire","og_description":"The Pierce Saber custom chassis sets the leading edge in the industry standard custom chassis market. The cab interior offers significantly more room for firefighters, and features a raised roof transition line moved forward to create a \u201ccathedral ceiling\u201d effect, while a flat floor in the crew cab area provides surer footing. The stair steps [&hellip;]","og_url":"https:\/\/safetysourcefire.ca\/fr\/vehicles\/maximetal\/maxisaber\/","og_site_name":"Safety Source Fire","article_publisher":"https:\/\/www.facebook.com\/mmfssca","article_modified_time":"2021-06-15T17:39:54+00:00","og_image":[{"width":897,"height":242,"url":"https:\/\/safetysourcefire.ca\/wp-content\/uploads\/2017\/05\/maxisaber-en.png","type":"image\/png"}],"twitter_card":"summary_large_image","twitter_site":"@mmfssca","twitter_misc":{"Estimation du temps de lecture":"1 minute"},"schema":{"@context":"https:\/\/schema.org","@graph":[{"@type":"WebPage","@id":"https:\/\/safetysourcefire.ca\/vehicles\/maximetal\/maxisaber\/","url":"https:\/\/safetysourcefire.ca\/vehicles\/maximetal\/maxisaber\/","name":"MaxiSaber - Source de s\u00e9curit\u00e9 incendie","isPartOf":{"@id":"https:\/\/safetysourcefire.ca\/#website"},"primaryImageOfPage":{"@id":"https:\/\/safetysourcefire.ca\/vehicles\/maximetal\/maxisaber\/#primaryimage"},"image":{"@id":"https:\/\/safetysourcefire.ca\/vehicles\/maximetal\/maxisaber\/#primaryimage"},"thumbnailUrl":"https:\/\/safetysourcefire.ca\/wp-content\/uploads\/2017\/05\/maxisaber-en.png","datePublished":"2017-04-09T20:04:46+00:00","dateModified":"2021-06-15T17:39:54+00:00","breadcrumb":{"@id":"https:\/\/safetysourcefire.ca\/vehicles\/maximetal\/maxisaber\/#breadcrumb"},"inLanguage":"fr-CA","potentialAction":[{"@type":"ReadAction","target":["https:\/\/safetysourcefire.ca\/vehicles\/maximetal\/maxisaber\/"]}]},{"@type":"ImageObject","inLanguage":"fr-CA","@id":"https:\/\/safetysourcefire.ca\/vehicles\/maximetal\/maxisaber\/#primaryimage","url":"https:\/\/safetysourcefire.ca\/wp-content\/uploads\/2017\/05\/maxisaber-en.png","contentUrl":"https:\/\/safetysourcefire.ca\/wp-content\/uploads\/2017\/05\/maxisaber-en.png","width":897,"height":242,"caption":"maxisaber"},{"@type":"BreadcrumbList","@id":"https:\/\/safetysourcefire.ca\/vehicles\/maximetal\/maxisaber\/#breadcrumb","itemListElement":[{"@type":"ListItem","position":1,"name":"Home","item":"https:\/\/safetysourcefire.ca\/"},{"@type":"ListItem","position":2,"name":"Vehicles","item":"https:\/\/safetysourcefire.ca\/vehicles\/"},{"@type":"ListItem","position":3,"name":"MAXIMETAL","item":"https:\/\/safetysourcefire.ca\/vehicles\/maximetal\/"},{"@type":"ListItem","position":4,"name":"MaxiSaber"}]},{"@type":"WebSite","@id":"https:\/\/safetysourcefire.ca\/#website","url":"https:\/\/safetysourcefire.ca\/","name":"Safety Source Fire","description":"","publisher":{"@id":"https:\/\/safetysourcefire.ca\/#organization"},"potentialAction":[{"@type":"SearchAction","target":{"@type":"EntryPoint","urlTemplate":"https:\/\/safetysourcefire.ca\/?s={search_term_string}"},"query-input":{"@type":"PropertyValueSpecification","valueRequired":true,"valueName":"search_term_string"}}],"inLanguage":"fr-CA"},{"@type":"Organization","@id":"https:\/\/safetysourcefire.ca\/#organization","name":"Safety Source Fire","url":"https:\/\/safetysourcefire.ca\/","logo":{"@type":"ImageObject","inLanguage":"fr-CA","@id":"https:\/\/safetysourcefire.ca\/#\/schema\/logo\/image\/","url":"https:\/\/safetysourcefire.ca\/wp-content\/uploads\/2021\/01\/SSF_logo_CC0000-3.png","contentUrl":"https:\/\/safetysourcefire.ca\/wp-content\/uploads\/2021\/01\/SSF_logo_CC0000-3.png","width":1107,"height":365,"caption":"Safety Source Fire"},"image":{"@id":"https:\/\/safetysourcefire.ca\/#\/schema\/logo\/image\/"},"sameAs":["https:\/\/www.facebook.com\/mmfssca","https:\/\/x.com\/mmfssca"]}]}},"_links":{"self":[{"href":"https:\/\/safetysourcefire.ca\/fr\/wp-json\/wp\/v2\/pages\/132","targetHints":{"allow":["GET"]}}],"collection":[{"href":"https:\/\/safetysourcefire.ca\/fr\/wp-json\/wp\/v2\/pages"}],"about":[{"href":"https:\/\/safetysourcefire.ca\/fr\/wp-json\/wp\/v2\/types\/page"}],"author":[{"embeddable":true,"href":"https:\/\/safetysourcefire.ca\/fr\/wp-json\/wp\/v2\/users\/1"}],"replies":[{"embeddable":true,"href":"https:\/\/safetysourcefire.ca\/fr\/wp-json\/wp\/v2\/comments?post=132"}],"version-history":[{"count":30,"href":"https:\/\/safetysourcefire.ca\/fr\/wp-json\/wp\/v2\/pages\/132\/revisions"}],"predecessor-version":[{"id":25704,"href":"https:\/\/safetysourcefire.ca\/fr\/wp-json\/wp\/v2\/pages\/132\/revisions\/25704"}],"up":[{"embeddable":true,"href":"https:\/\/safetysourcefire.ca\/fr\/wp-json\/wp\/v2\/pages\/1600"}],"wp:featuredmedia":[{"embeddable":true,"href":"https:\/\/safetysourcefire.ca\/fr\/wp-json\/wp\/v2\/media\/1584"}],"wp:attachment":[{"href":"https:\/\/safetysourcefire.ca\/fr\/wp-json\/wp\/v2\/media?parent=132"}],"curies":[{"name":"wp","href":"https:\/\/api.w.org\/{rel}","templated":true}]}}