{"id":1395,"date":"2017-05-15T11:45:49","date_gmt":"2017-05-15T11:45:49","guid":{"rendered":"http:\/\/mmfss.ca\/?page_id=1395"},"modified":"2025-04-23T12:43:25","modified_gmt":"2025-04-23T12:43:25","slug":"account-managers","status":"publish","type":"page","link":"https:\/\/safetysourcefire.ca\/fr\/contact\/account-managers\/","title":{"rendered":"Gestionnaires de compte"},"content":{"rendered":"<div id=\"pl-1395\"  class=\"panel-layout\" ><div id=\"pg-1395-0\"  class=\"panel-grid panel-no-style\" ><div id=\"pgc-1395-0-0\"  class=\"panel-grid-cell\" ><div id=\"panel-1395-0-0-0\" class=\"so-panel widget_text panel-first-child panel-last-child\" data-index=\"0\" >\t\t\t<div class=\"textwidget\"><p><strong>Renseignements g\u00e9n\u00e9raux: <a href=\"mailto:sales@safetysourcefire.ca\">sales@safetysourcefire.ca<\/a><\/strong><\/p>\n<table>\n<colgroup>\n<col style=\"width: 40%;\" \/>\n<col style=\"width: 60%;\" \/> <\/colgroup>\n<tbody>\n<tr>\n<td>Nord et Est de la Nouvelle-\u00c9cosse, Labrador et \u00ce.-P.-\u00c9.<\/td>\n<td><a href=\"mailto:sales@safetysourcefire.ca?subject=Attn: John Dunbar\">John Dunbar<\/a><\/td>\n<\/tr>\n<tr>\n<td>Ouest et Rive Sud de la Nouvelle-\u00c9cosse<\/td>\n<td><a href=\"mailto:sales@safetysourcefire.ca?subject=Attn: Scott Robinson\"><span data-olk-copy-source=\"MessageBody\">Scott Robinson<\/span><\/a><\/td>\n<\/tr>\n<tr>\n<td>Nouveau Brunswick<\/td>\n<td><a href=\"mailto:sales@safetysourcefire.ca?subject=Attn: Justin Neate\">Justin Neate<\/a><\/td>\n<\/tr>\n<tr>\n<td>Nouveau Brunswick - Nord<\/td>\n<td><a href=\"mailto:sales@safetysourcefire.ca?subject=Attn: Andre Grandmaison\">Andr\u00e9 Grandmaison<\/a><\/td>\n<\/tr>\n<tr>\n<td>Ouest de Terre-neuve-et-Labrador<\/td>\n<td><a href=\"mailto:sales@safetysourcefire.ca?subject=Attn: Sheldon Hillier\">Sheldon Hillier<\/a><\/td>\n<\/tr>\n<tr>\n<td>Centre et Est de Terre-Neuve-et-Labrador<\/td>\n<td><a href=\"mailto:sales@safetysourcefire.ca?subject=Attn: Terry Powell\">Terry Powell<\/a><\/td>\n<\/tr>\n<tr>\n<td>Ventes d&#039;appareils d&#039;incendie<\/td>\n<td><a href=\"mailto:sales@safetysourcefire.ca?subject=Attn: Jim Sherwood\">Jim Sherwood<\/a><\/td>\n<\/tr>\n<\/tbody>\n<\/table>\n<\/div>\n\t\t<\/div><\/div><\/div><\/div>","protected":false},"excerpt":{"rendered":"<p>General Inquiries: sales@safetysourcefire.ca Eastern and Northern NS, Labrador and PEI John Dunbar Western\/South Shore NS Scott Robinson NB Justin Neate Northern NB Andr\u00e9 Grandmaison Western NL Sheldon Hillier Central and Eastern NL Terry Powell Fire Apparatus Sales Jim Sherwood<\/p>","protected":false},"author":2,"featured_media":0,"parent":1406,"menu_order":0,"comment_status":"closed","ping_status":"closed","template":"","meta":{"footnotes":""},"class_list":["post-1395","page","type-page","status-publish","hentry"],"yoast_head":"<!-- This site is optimized with the Yoast SEO plugin v27.4 - https:\/\/yoast.com\/product\/yoast-seo-wordpress\/ -->\n<title>Account Managers - Safety Source Fire<\/title>\n<meta name=\"robots\" content=\"index, follow, max-snippet:-1, max-image-preview:large, max-video-preview:-1\" \/>\n<link rel=\"canonical\" href=\"https:\/\/safetysourcefire.ca\/fr\/contact\/account-managers\/\" \/>\n<meta property=\"og:locale\" content=\"fr_CA\" \/>\n<meta property=\"og:type\" content=\"article\" \/>\n<meta property=\"og:title\" content=\"Account Managers - Safety Source Fire\" \/>\n<meta property=\"og:description\" content=\"General Inquiries: sales@safetysourcefire.ca Eastern and Northern NS, Labrador and PEI John Dunbar Western\/South Shore NS Scott Robinson NB Justin Neate Northern NB Andr\u00e9 Grandmaison Western NL Sheldon Hillier Central and Eastern NL Terry Powell Fire Apparatus Sales Jim Sherwood\" \/>\n<meta property=\"og:url\" content=\"https:\/\/safetysourcefire.ca\/fr\/contact\/account-managers\/\" \/>\n<meta property=\"og:site_name\" content=\"Safety Source Fire\" \/>\n<meta property=\"article:publisher\" content=\"https:\/\/www.facebook.com\/mmfssca\" \/>\n<meta property=\"article:modified_time\" content=\"2025-04-23T12:43:25+00:00\" \/>\n<meta name=\"twitter:card\" content=\"summary_large_image\" \/>\n<meta name=\"twitter:site\" content=\"@mmfssca\" \/>\n<meta name=\"twitter:label1\" content=\"Estimation du temps de lecture\" \/>\n\t<meta name=\"twitter:data1\" content=\"1 minute\" \/>\n<script type=\"application\/ld+json\" class=\"yoast-schema-graph\">{\"@context\":\"https:\\\/\\\/schema.org\",\"@graph\":[{\"@type\":\"WebPage\",\"@id\":\"https:\\\/\\\/safetysourcefire.ca\\\/contact\\\/account-managers\\\/\",\"url\":\"https:\\\/\\\/safetysourcefire.ca\\\/contact\\\/account-managers\\\/\",\"name\":\"Account Managers - Safety Source Fire\",\"isPartOf\":{\"@id\":\"https:\\\/\\\/safetysourcefire.ca\\\/#website\"},\"datePublished\":\"2017-05-15T11:45:49+00:00\",\"dateModified\":\"2025-04-23T12:43:25+00:00\",\"breadcrumb\":{\"@id\":\"https:\\\/\\\/safetysourcefire.ca\\\/contact\\\/account-managers\\\/#breadcrumb\"},\"inLanguage\":\"fr-CA\",\"potentialAction\":[{\"@type\":\"ReadAction\",\"target\":[\"https:\\\/\\\/safetysourcefire.ca\\\/contact\\\/account-managers\\\/\"]}]},{\"@type\":\"BreadcrumbList\",\"@id\":\"https:\\\/\\\/safetysourcefire.ca\\\/contact\\\/account-managers\\\/#breadcrumb\",\"itemListElement\":[{\"@type\":\"ListItem\",\"position\":1,\"name\":\"Home\",\"item\":\"https:\\\/\\\/safetysourcefire.ca\\\/\"},{\"@type\":\"ListItem\",\"position\":2,\"name\":\"Contact\",\"item\":\"https:\\\/\\\/safetysourcefire.ca\\\/contact\\\/\"},{\"@type\":\"ListItem\",\"position\":3,\"name\":\"Account Managers\"}]},{\"@type\":\"WebSite\",\"@id\":\"https:\\\/\\\/safetysourcefire.ca\\\/#website\",\"url\":\"https:\\\/\\\/safetysourcefire.ca\\\/\",\"name\":\"Safety Source Fire\",\"description\":\"\",\"publisher\":{\"@id\":\"https:\\\/\\\/safetysourcefire.ca\\\/#organization\"},\"potentialAction\":[{\"@type\":\"SearchAction\",\"target\":{\"@type\":\"EntryPoint\",\"urlTemplate\":\"https:\\\/\\\/safetysourcefire.ca\\\/?s={search_term_string}\"},\"query-input\":{\"@type\":\"PropertyValueSpecification\",\"valueRequired\":true,\"valueName\":\"search_term_string\"}}],\"inLanguage\":\"fr-CA\"},{\"@type\":\"Organization\",\"@id\":\"https:\\\/\\\/safetysourcefire.ca\\\/#organization\",\"name\":\"Safety Source Fire\",\"url\":\"https:\\\/\\\/safetysourcefire.ca\\\/\",\"logo\":{\"@type\":\"ImageObject\",\"inLanguage\":\"fr-CA\",\"@id\":\"https:\\\/\\\/safetysourcefire.ca\\\/#\\\/schema\\\/logo\\\/image\\\/\",\"url\":\"https:\\\/\\\/safetysourcefire.ca\\\/wp-content\\\/uploads\\\/2021\\\/01\\\/SSF_logo_CC0000-3.png\",\"contentUrl\":\"https:\\\/\\\/safetysourcefire.ca\\\/wp-content\\\/uploads\\\/2021\\\/01\\\/SSF_logo_CC0000-3.png\",\"width\":1107,\"height\":365,\"caption\":\"Safety Source Fire\"},\"image\":{\"@id\":\"https:\\\/\\\/safetysourcefire.ca\\\/#\\\/schema\\\/logo\\\/image\\\/\"},\"sameAs\":[\"https:\\\/\\\/www.facebook.com\\\/mmfssca\",\"https:\\\/\\\/x.com\\\/mmfssca\"]}]}<\/script>\n<!-- \/ Yoast SEO plugin. -->","yoast_head_json":{"title":"Account Managers - Safety Source Fire","robots":{"index":"index","follow":"follow","max-snippet":"max-snippet:-1","max-image-preview":"max-image-preview:large","max-video-preview":"max-video-preview:-1"},"canonical":"https:\/\/safetysourcefire.ca\/fr\/contact\/account-managers\/","og_locale":"fr_CA","og_type":"article","og_title":"Account Managers - Safety Source Fire","og_description":"General Inquiries: sales@safetysourcefire.ca Eastern and Northern NS, Labrador and PEI John Dunbar Western\/South Shore NS Scott Robinson NB Justin Neate Northern NB Andr\u00e9 Grandmaison Western NL Sheldon Hillier Central and Eastern NL Terry Powell Fire Apparatus Sales Jim Sherwood","og_url":"https:\/\/safetysourcefire.ca\/fr\/contact\/account-managers\/","og_site_name":"Safety Source Fire","article_publisher":"https:\/\/www.facebook.com\/mmfssca","article_modified_time":"2025-04-23T12:43:25+00:00","twitter_card":"summary_large_image","twitter_site":"@mmfssca","twitter_misc":{"Estimation du temps de lecture":"1 minute"},"schema":{"@context":"https:\/\/schema.org","@graph":[{"@type":"WebPage","@id":"https:\/\/safetysourcefire.ca\/contact\/account-managers\/","url":"https:\/\/safetysourcefire.ca\/contact\/account-managers\/","name":"Account Managers - Safety Source Fire","isPartOf":{"@id":"https:\/\/safetysourcefire.ca\/#website"},"datePublished":"2017-05-15T11:45:49+00:00","dateModified":"2025-04-23T12:43:25+00:00","breadcrumb":{"@id":"https:\/\/safetysourcefire.ca\/contact\/account-managers\/#breadcrumb"},"inLanguage":"fr-CA","potentialAction":[{"@type":"ReadAction","target":["https:\/\/safetysourcefire.ca\/contact\/account-managers\/"]}]},{"@type":"BreadcrumbList","@id":"https:\/\/safetysourcefire.ca\/contact\/account-managers\/#breadcrumb","itemListElement":[{"@type":"ListItem","position":1,"name":"Home","item":"https:\/\/safetysourcefire.ca\/"},{"@type":"ListItem","position":2,"name":"Contact","item":"https:\/\/safetysourcefire.ca\/contact\/"},{"@type":"ListItem","position":3,"name":"Account Managers"}]},{"@type":"WebSite","@id":"https:\/\/safetysourcefire.ca\/#website","url":"https:\/\/safetysourcefire.ca\/","name":"Safety Source Fire","description":"","publisher":{"@id":"https:\/\/safetysourcefire.ca\/#organization"},"potentialAction":[{"@type":"SearchAction","target":{"@type":"EntryPoint","urlTemplate":"https:\/\/safetysourcefire.ca\/?s={search_term_string}"},"query-input":{"@type":"PropertyValueSpecification","valueRequired":true,"valueName":"search_term_string"}}],"inLanguage":"fr-CA"},{"@type":"Organization","@id":"https:\/\/safetysourcefire.ca\/#organization","name":"Safety Source Fire","url":"https:\/\/safetysourcefire.ca\/","logo":{"@type":"ImageObject","inLanguage":"fr-CA","@id":"https:\/\/safetysourcefire.ca\/#\/schema\/logo\/image\/","url":"https:\/\/safetysourcefire.ca\/wp-content\/uploads\/2021\/01\/SSF_logo_CC0000-3.png","contentUrl":"https:\/\/safetysourcefire.ca\/wp-content\/uploads\/2021\/01\/SSF_logo_CC0000-3.png","width":1107,"height":365,"caption":"Safety Source Fire"},"image":{"@id":"https:\/\/safetysourcefire.ca\/#\/schema\/logo\/image\/"},"sameAs":["https:\/\/www.facebook.com\/mmfssca","https:\/\/x.com\/mmfssca"]}]}},"_links":{"self":[{"href":"https:\/\/safetysourcefire.ca\/fr\/wp-json\/wp\/v2\/pages\/1395","targetHints":{"allow":["GET"]}}],"collection":[{"href":"https:\/\/safetysourcefire.ca\/fr\/wp-json\/wp\/v2\/pages"}],"about":[{"href":"https:\/\/safetysourcefire.ca\/fr\/wp-json\/wp\/v2\/types\/page"}],"author":[{"embeddable":true,"href":"https:\/\/safetysourcefire.ca\/fr\/wp-json\/wp\/v2\/users\/2"}],"replies":[{"embeddable":true,"href":"https:\/\/safetysourcefire.ca\/fr\/wp-json\/wp\/v2\/comments?post=1395"}],"version-history":[{"count":28,"href":"https:\/\/safetysourcefire.ca\/fr\/wp-json\/wp\/v2\/pages\/1395\/revisions"}],"predecessor-version":[{"id":29719,"href":"https:\/\/safetysourcefire.ca\/fr\/wp-json\/wp\/v2\/pages\/1395\/revisions\/29719"}],"up":[{"embeddable":true,"href":"https:\/\/safetysourcefire.ca\/fr\/wp-json\/wp\/v2\/pages\/1406"}],"wp:attachment":[{"href":"https:\/\/safetysourcefire.ca\/fr\/wp-json\/wp\/v2\/media?parent=1395"}],"curies":[{"name":"wp","href":"https:\/\/api.w.org\/{rel}","templated":true}]}}