{"id":1418,"date":"2017-05-15T11:58:16","date_gmt":"2017-05-15T11:58:16","guid":{"rendered":"http:\/\/mmfss.ca\/?page_id=1418"},"modified":"2021-01-25T19:56:43","modified_gmt":"2021-01-25T19:56:43","slug":"charitable-giving","status":"publish","type":"page","link":"https:\/\/safetysourcefire.ca\/fr\/contact\/charitable-giving\/","title":{"rendered":"Dons de charit\u00e9"},"content":{"rendered":"<div id=\"pl-1418\"  class=\"panel-layout\" ><div id=\"pg-1418-0\"  class=\"panel-grid panel-no-style\" ><div id=\"pgc-1418-0-0\"  class=\"panel-grid-cell\" ><div id=\"panel-1418-0-0-0\" class=\"so-panel widget_sow-image panel-first-child\" data-index=\"0\" ><div\n\t\t\t\n\t\t\tclass=\"so-widget-sow-image so-widget-sow-image-default-c67d20f9f743-1418\"\n\t\t\t\n\t\t>\n<div class=\"sow-image-container\">\n\t\t<img \n\tsrc=\"https:\/\/safetysourcefire.ca\/wp-content\/uploads\/2017\/05\/iwk_logo-150x92.png\" width=\"150\" height=\"92\" srcset=\"https:\/\/safetysourcefire.ca\/wp-content\/uploads\/2017\/05\/iwk_logo-150x92.png 150w, https:\/\/safetysourcefire.ca\/wp-content\/uploads\/2017\/05\/iwk_logo-416x254.png 416w, https:\/\/safetysourcefire.ca\/wp-content\/uploads\/2017\/05\/iwk_logo-300x184.png 300w, https:\/\/safetysourcefire.ca\/wp-content\/uploads\/2017\/05\/iwk_logo.png 600w\" sizes=\"(max-width: 150px) 100vw, 150px\" title=\"Logo du centre de sant\u00e9 IWK\" alt=\"IWK Health Centre logo\" \t\tclass=\"so-widget-image\"\/>\n\t<\/div>\n\n<\/div><\/div><div id=\"panel-1418-0-0-1\" class=\"so-panel widget_sow-editor panel-last-child\" data-index=\"1\" ><div\n\t\t\t\n\t\t\tclass=\"so-widget-sow-editor so-widget-sow-editor-base\"\n\t\t\t\n\t\t>\n<div class=\"siteorigin-widget-tinymce textwidget\">\n\t<h2><strong>Centre de sant\u00e9 IWK<\/strong><\/h2>\n<p>Chez Safety Source Fire, nous avons choisi d'encourager le centre de sant\u00e9 IWK.<\/p>\n<p>Le centre de sant\u00e9 IWK est au c\u0153ur de notre communaut\u00e9 locale. Gr\u00e2ce \u00e0 une qualit\u00e9 de soin remarquable, la r\u00e9putation de cette institution n'est plus \u00e0 faire. Sans aucun doute, IWK contribue directement \u00e0 la vitalit\u00e9 de notre communaut\u00e9.<\/p>\n<p>Nous vous encourageons \u00e0 faire un don \u00e0 la Fondation IWK en utilisant le lien ci-dessous. Votre g\u00e9n\u00e9rosit\u00e9 aidera \u00e0 financer des soins de qualit\u00e9 pour les femmes, les enfants, les jeunes et les familles. Votre coup de pouce financier permettra d'aider le IWK \u00e0 acheter du mat\u00e9riel de sauvetage, \u00e0 am\u00e9liorer ses installations et \u00e0 financer des recherches de pointe dans le milieu de la sant\u00e9.<\/p>\n<\/div>\n<\/div><\/div><\/div><div id=\"pgc-1418-0-1\"  class=\"panel-grid-cell\" ><div id=\"panel-1418-0-1-0\" class=\"so-panel widget_sow-image panel-first-child\" data-index=\"2\" ><div\n\t\t\t\n\t\t\tclass=\"so-widget-sow-image so-widget-sow-image-default-8b5b6f678277-1418\"\n\t\t\t\n\t\t>\n<div class=\"sow-image-container\">\n\t\t<img \n\tsrc=\"https:\/\/safetysourcefire.ca\/wp-content\/uploads\/2017\/05\/Champions_Faders_CTA_500x375_v2.jpg\" width=\"500\" height=\"375\" srcset=\"https:\/\/safetysourcefire.ca\/wp-content\/uploads\/2017\/05\/Champions_Faders_CTA_500x375_v2.jpg 500w, https:\/\/safetysourcefire.ca\/wp-content\/uploads\/2017\/05\/Champions_Faders_CTA_500x375_v2-416x312.jpg 416w, https:\/\/safetysourcefire.ca\/wp-content\/uploads\/2017\/05\/Champions_Faders_CTA_500x375_v2-150x113.jpg 150w, https:\/\/safetysourcefire.ca\/wp-content\/uploads\/2017\/05\/Champions_Faders_CTA_500x375_v2-300x225.jpg 300w\" sizes=\"(max-width: 500px) 100vw, 500px\" title=\"Fondation du centre de sant\u00e9 IWK\" alt=\"Two young girls in hospital gowns\" \t\tclass=\"so-widget-image\"\/>\n\t<\/div>\n\n<\/div><\/div><div id=\"panel-1418-0-1-1\" class=\"so-panel widget_sow-button panel-last-child\" data-index=\"3\" ><div\n\t\t\t\n\t\t\tclass=\"so-widget-sow-button so-widget-sow-button-atom-1b2c13b069b7-1418\"\n\t\t\t\n\t\t><div class=\"ow-button-base ow-button-align-left\"\n>\n\t\t\t<a\n\t\t\t\t\thref=\"https:\/\/iwkfoundation.org\/donate\"\n\t\t\t\t\tclass=\"sowb-button ow-icon-placement-left ow-button-hover\" target=\"_blank\" rel=\"noopener noreferrer\" \t>\n\t\t<span>\n\t\t\t\n\t\t\tFAITES UN DON \u00c0 IWK\t\t<\/span>\n\t\t\t<\/a>\n\t<\/div>\n<\/div><\/div><\/div><\/div><div id=\"pg-1418-1\"  class=\"panel-grid panel-no-style\" ><div id=\"pgc-1418-1-0\"  class=\"panel-grid-cell\" ><div id=\"panel-1418-1-0-0\" class=\"so-panel widget_sow-editor panel-first-child\" data-index=\"4\" ><div\n\t\t\t\n\t\t\tclass=\"so-widget-sow-editor so-widget-sow-editor-base\"\n\t\t\t\n\t\t>\n<div class=\"siteorigin-widget-tinymce textwidget\">\n\t<hr \/>\n<p>&nbsp;<\/p>\n<\/div>\n<\/div><\/div><div id=\"panel-1418-1-0-1\" class=\"so-panel widget_sow-image\" data-index=\"5\" ><div\n\t\t\t\n\t\t\tclass=\"so-widget-sow-image so-widget-sow-image-default-c67d20f9f743-1418\"\n\t\t\t\n\t\t>\n<div class=\"sow-image-container\">\n\t\t<img \n\tsrc=\"https:\/\/safetysourcefire.ca\/wp-content\/uploads\/2021\/01\/nsfbf-150x150.png\" width=\"150\" height=\"150\" srcset=\"https:\/\/safetysourcefire.ca\/wp-content\/uploads\/2021\/01\/nsfbf-150x150.png 150w, https:\/\/safetysourcefire.ca\/wp-content\/uploads\/2021\/01\/nsfbf-324x324.png 324w, https:\/\/safetysourcefire.ca\/wp-content\/uploads\/2021\/01\/nsfbf-100x100.png 100w, https:\/\/safetysourcefire.ca\/wp-content\/uploads\/2021\/01\/nsfbf-416x416.png 416w, https:\/\/safetysourcefire.ca\/wp-content\/uploads\/2021\/01\/nsfbf-300x300.png 300w, https:\/\/safetysourcefire.ca\/wp-content\/uploads\/2021\/01\/nsfbf-600x600.png 600w, https:\/\/safetysourcefire.ca\/wp-content\/uploads\/2021\/01\/nsfbf-768x768.png 768w, https:\/\/safetysourcefire.ca\/wp-content\/uploads\/2021\/01\/nsfbf.png 1280w\" sizes=\"(max-width: 150px) 100vw, 150px\" alt=\"nsfbf logo\" \t\tclass=\"so-widget-image\"\/>\n\t<\/div>\n\n<\/div><\/div><div id=\"panel-1418-1-0-2\" class=\"so-panel widget_sow-editor\" data-index=\"6\" ><div\n\t\t\t\n\t\t\tclass=\"so-widget-sow-editor so-widget-sow-editor-base\"\n\t\t\t\n\t\t>\n<div class=\"siteorigin-widget-tinymce textwidget\">\n\t<h2><strong> Fonds de bienfaisance des pompiers de la Nouvelle-\u00c9cosse<\/strong><\/h2>\n<p>Le \u00abNova Scotia Firefighters Benevolent Fund\u00bb (le fond de bienveillance des pompiers de la Nouvelle-\u00c9cosse) a \u00e9t\u00e9 cr\u00e9\u00e9 pour fournir un soutien financier aux pompiers et \u00e0 leurs familles en cas de besoin. Le NSFBF offre une aide financi\u00e8re aux pompiers actifs de la Nouvelle-\u00c9cosse ainsi qu'\u00e0 leurs familles en p\u00e9riode de crise aigu\u00eb comme dans les cas de maladies soudaines ou une blessure dans le cadre de leurs fonctions.<\/p>\n<p class=\"CDt4Ke zfr3Q\" dir=\"ltr\">Le NSFBF est enti\u00e8rement compos\u00e9 de b\u00e9n\u00e9voles. Le NSFBF ne re\u00e7oit aucun financement gouvernemental et d\u00e9pend uniquement des dons des entreprises et du public.<\/p>\n<p dir=\"ltr\">Du fond du coeur, merci de soutenir le NSFBF.<\/p>\n<p>Visitez <a href=\"http:\/\/www.nsfbf.com\">nsfbf.com<\/a> pour en savoir plus.<\/p>\n<\/div>\n<\/div><\/div><div id=\"panel-1418-1-0-3\" class=\"so-panel widget_sow-button panel-last-child\" data-index=\"7\" ><div\n\t\t\t\n\t\t\tclass=\"so-widget-sow-button so-widget-sow-button-atom-1b2c13b069b7-1418\"\n\t\t\t\n\t\t><div class=\"ow-button-base ow-button-align-left\"\n>\n\t\t\t<a\n\t\t\t\t\thref=\"https:\/\/sites.google.com\/nsfbf.com\/home\/donate-now\"\n\t\t\t\t\tclass=\"sowb-button ow-icon-placement-left ow-button-hover\" target=\"_blank\" rel=\"noopener noreferrer\" \t>\n\t\t<span>\n\t\t\t\n\t\t\tFAITES UN DON \u00c0 NSFBF\t\t<\/span>\n\t\t\t<\/a>\n\t<\/div>\n<\/div><\/div><\/div><\/div><\/div>","protected":false},"excerpt":{"rendered":"<p>IWK Health Centre At Safety Source Fire, we have chosen the IWK Health Centre as the focus of our charitable giving. The IWK Health Centre is a place that many people hold near and dear to their hearts. So many of us have been touched by the remarkable care they provide. So many of us [&hellip;]<\/p>\n","protected":false},"author":2,"featured_media":0,"parent":1406,"menu_order":0,"comment_status":"closed","ping_status":"closed","template":"","meta":{"footnotes":""},"class_list":["post-1418","page","type-page","status-publish","hentry"],"yoast_head":"<!-- This site is optimized with the Yoast SEO plugin v27.4 - https:\/\/yoast.com\/product\/yoast-seo-wordpress\/ -->\n<title>Charitable Giving - Safety Source Fire<\/title>\n<meta name=\"robots\" content=\"index, follow, max-snippet:-1, max-image-preview:large, max-video-preview:-1\" \/>\n<link rel=\"canonical\" href=\"https:\/\/safetysourcefire.ca\/fr\/contact\/charitable-giving\/\" \/>\n<meta property=\"og:locale\" content=\"fr_CA\" \/>\n<meta property=\"og:type\" content=\"article\" \/>\n<meta property=\"og:title\" content=\"Charitable Giving - Safety Source Fire\" \/>\n<meta property=\"og:description\" content=\"IWK Health Centre At Safety Source Fire, we have chosen the IWK Health Centre as the focus of our charitable giving. The IWK Health Centre is a place that many people hold near and dear to their hearts. So many of us have been touched by the remarkable care they provide. So many of us [&hellip;]\" \/>\n<meta property=\"og:url\" content=\"https:\/\/safetysourcefire.ca\/fr\/contact\/charitable-giving\/\" \/>\n<meta property=\"og:site_name\" content=\"Safety Source Fire\" \/>\n<meta property=\"article:publisher\" content=\"https:\/\/www.facebook.com\/mmfssca\" \/>\n<meta property=\"article:modified_time\" content=\"2021-01-25T19:56:43+00:00\" \/>\n<meta name=\"twitter:card\" content=\"summary_large_image\" \/>\n<meta name=\"twitter:site\" content=\"@mmfssca\" \/>\n<meta name=\"twitter:label1\" content=\"Estimation du temps de lecture\" \/>\n\t<meta name=\"twitter:data1\" content=\"1 minute\" \/>\n<script type=\"application\/ld+json\" class=\"yoast-schema-graph\">{\"@context\":\"https:\\\/\\\/schema.org\",\"@graph\":[{\"@type\":\"WebPage\",\"@id\":\"https:\\\/\\\/safetysourcefire.ca\\\/fr\\\/contact\\\/charitable-giving\\\/\",\"url\":\"https:\\\/\\\/safetysourcefire.ca\\\/fr\\\/contact\\\/charitable-giving\\\/\",\"name\":\"Charitable Giving - Safety Source Fire\",\"isPartOf\":{\"@id\":\"https:\\\/\\\/safetysourcefire.ca\\\/#website\"},\"datePublished\":\"2017-05-15T11:58:16+00:00\",\"dateModified\":\"2021-01-25T19:56:43+00:00\",\"breadcrumb\":{\"@id\":\"https:\\\/\\\/safetysourcefire.ca\\\/fr\\\/contact\\\/charitable-giving\\\/#breadcrumb\"},\"inLanguage\":\"fr-CA\",\"potentialAction\":[{\"@type\":\"ReadAction\",\"target\":[\"https:\\\/\\\/safetysourcefire.ca\\\/fr\\\/contact\\\/charitable-giving\\\/\"]}]},{\"@type\":\"BreadcrumbList\",\"@id\":\"https:\\\/\\\/safetysourcefire.ca\\\/fr\\\/contact\\\/charitable-giving\\\/#breadcrumb\",\"itemListElement\":[{\"@type\":\"ListItem\",\"position\":1,\"name\":\"Home\",\"item\":\"https:\\\/\\\/safetysourcefire.ca\\\/\"},{\"@type\":\"ListItem\",\"position\":2,\"name\":\"Contact\",\"item\":\"https:\\\/\\\/safetysourcefire.ca\\\/contact\\\/\"},{\"@type\":\"ListItem\",\"position\":3,\"name\":\"Charitable Giving\"}]},{\"@type\":\"WebSite\",\"@id\":\"https:\\\/\\\/safetysourcefire.ca\\\/#website\",\"url\":\"https:\\\/\\\/safetysourcefire.ca\\\/\",\"name\":\"Safety Source Fire\",\"description\":\"\",\"publisher\":{\"@id\":\"https:\\\/\\\/safetysourcefire.ca\\\/#organization\"},\"potentialAction\":[{\"@type\":\"SearchAction\",\"target\":{\"@type\":\"EntryPoint\",\"urlTemplate\":\"https:\\\/\\\/safetysourcefire.ca\\\/?s={search_term_string}\"},\"query-input\":{\"@type\":\"PropertyValueSpecification\",\"valueRequired\":true,\"valueName\":\"search_term_string\"}}],\"inLanguage\":\"fr-CA\"},{\"@type\":\"Organization\",\"@id\":\"https:\\\/\\\/safetysourcefire.ca\\\/#organization\",\"name\":\"Safety Source Fire\",\"url\":\"https:\\\/\\\/safetysourcefire.ca\\\/\",\"logo\":{\"@type\":\"ImageObject\",\"inLanguage\":\"fr-CA\",\"@id\":\"https:\\\/\\\/safetysourcefire.ca\\\/#\\\/schema\\\/logo\\\/image\\\/\",\"url\":\"https:\\\/\\\/safetysourcefire.ca\\\/wp-content\\\/uploads\\\/2021\\\/01\\\/SSF_logo_CC0000-3.png\",\"contentUrl\":\"https:\\\/\\\/safetysourcefire.ca\\\/wp-content\\\/uploads\\\/2021\\\/01\\\/SSF_logo_CC0000-3.png\",\"width\":1107,\"height\":365,\"caption\":\"Safety Source Fire\"},\"image\":{\"@id\":\"https:\\\/\\\/safetysourcefire.ca\\\/#\\\/schema\\\/logo\\\/image\\\/\"},\"sameAs\":[\"https:\\\/\\\/www.facebook.com\\\/mmfssca\",\"https:\\\/\\\/x.com\\\/mmfssca\"]}]}<\/script>\n<!-- \/ Yoast SEO plugin. -->","yoast_head_json":{"title":"Dons de bienfaisance - Source de s\u00e9curit\u00e9 incendie","robots":{"index":"index","follow":"follow","max-snippet":"max-snippet:-1","max-image-preview":"max-image-preview:large","max-video-preview":"max-video-preview:-1"},"canonical":"https:\/\/safetysourcefire.ca\/fr\/contact\/charitable-giving\/","og_locale":"fr_CA","og_type":"article","og_title":"Charitable Giving - Safety Source Fire","og_description":"IWK Health Centre At Safety Source Fire, we have chosen the IWK Health Centre as the focus of our charitable giving. The IWK Health Centre is a place that many people hold near and dear to their hearts. So many of us have been touched by the remarkable care they provide. So many of us [&hellip;]","og_url":"https:\/\/safetysourcefire.ca\/fr\/contact\/charitable-giving\/","og_site_name":"Safety Source Fire","article_publisher":"https:\/\/www.facebook.com\/mmfssca","article_modified_time":"2021-01-25T19:56:43+00:00","twitter_card":"summary_large_image","twitter_site":"@mmfssca","twitter_misc":{"Estimation du temps de lecture":"1 minute"},"schema":{"@context":"https:\/\/schema.org","@graph":[{"@type":"WebPage","@id":"https:\/\/safetysourcefire.ca\/fr\/contact\/charitable-giving\/","url":"https:\/\/safetysourcefire.ca\/fr\/contact\/charitable-giving\/","name":"Dons de bienfaisance - Source de s\u00e9curit\u00e9 incendie","isPartOf":{"@id":"https:\/\/safetysourcefire.ca\/#website"},"datePublished":"2017-05-15T11:58:16+00:00","dateModified":"2021-01-25T19:56:43+00:00","breadcrumb":{"@id":"https:\/\/safetysourcefire.ca\/fr\/contact\/charitable-giving\/#breadcrumb"},"inLanguage":"fr-CA","potentialAction":[{"@type":"ReadAction","target":["https:\/\/safetysourcefire.ca\/fr\/contact\/charitable-giving\/"]}]},{"@type":"BreadcrumbList","@id":"https:\/\/safetysourcefire.ca\/fr\/contact\/charitable-giving\/#breadcrumb","itemListElement":[{"@type":"ListItem","position":1,"name":"Home","item":"https:\/\/safetysourcefire.ca\/"},{"@type":"ListItem","position":2,"name":"Contact","item":"https:\/\/safetysourcefire.ca\/contact\/"},{"@type":"ListItem","position":3,"name":"Charitable Giving"}]},{"@type":"WebSite","@id":"https:\/\/safetysourcefire.ca\/#website","url":"https:\/\/safetysourcefire.ca\/","name":"Safety Source Fire","description":"","publisher":{"@id":"https:\/\/safetysourcefire.ca\/#organization"},"potentialAction":[{"@type":"SearchAction","target":{"@type":"EntryPoint","urlTemplate":"https:\/\/safetysourcefire.ca\/?s={search_term_string}"},"query-input":{"@type":"PropertyValueSpecification","valueRequired":true,"valueName":"search_term_string"}}],"inLanguage":"fr-CA"},{"@type":"Organization","@id":"https:\/\/safetysourcefire.ca\/#organization","name":"Safety Source Fire","url":"https:\/\/safetysourcefire.ca\/","logo":{"@type":"ImageObject","inLanguage":"fr-CA","@id":"https:\/\/safetysourcefire.ca\/#\/schema\/logo\/image\/","url":"https:\/\/safetysourcefire.ca\/wp-content\/uploads\/2021\/01\/SSF_logo_CC0000-3.png","contentUrl":"https:\/\/safetysourcefire.ca\/wp-content\/uploads\/2021\/01\/SSF_logo_CC0000-3.png","width":1107,"height":365,"caption":"Safety Source Fire"},"image":{"@id":"https:\/\/safetysourcefire.ca\/#\/schema\/logo\/image\/"},"sameAs":["https:\/\/www.facebook.com\/mmfssca","https:\/\/x.com\/mmfssca"]}]}},"_links":{"self":[{"href":"https:\/\/safetysourcefire.ca\/fr\/wp-json\/wp\/v2\/pages\/1418","targetHints":{"allow":["GET"]}}],"collection":[{"href":"https:\/\/safetysourcefire.ca\/fr\/wp-json\/wp\/v2\/pages"}],"about":[{"href":"https:\/\/safetysourcefire.ca\/fr\/wp-json\/wp\/v2\/types\/page"}],"author":[{"embeddable":true,"href":"https:\/\/safetysourcefire.ca\/fr\/wp-json\/wp\/v2\/users\/2"}],"replies":[{"embeddable":true,"href":"https:\/\/safetysourcefire.ca\/fr\/wp-json\/wp\/v2\/comments?post=1418"}],"version-history":[{"count":29,"href":"https:\/\/safetysourcefire.ca\/fr\/wp-json\/wp\/v2\/pages\/1418\/revisions"}],"predecessor-version":[{"id":24502,"href":"https:\/\/safetysourcefire.ca\/fr\/wp-json\/wp\/v2\/pages\/1418\/revisions\/24502"}],"up":[{"embeddable":true,"href":"https:\/\/safetysourcefire.ca\/fr\/wp-json\/wp\/v2\/pages\/1406"}],"wp:attachment":[{"href":"https:\/\/safetysourcefire.ca\/fr\/wp-json\/wp\/v2\/media?parent=1418"}],"curies":[{"name":"wp","href":"https:\/\/api.w.org\/{rel}","templated":true}]}}