{"id":156,"date":"2017-04-09T20:48:00","date_gmt":"2017-04-09T20:48:00","guid":{"rendered":"http:\/\/mmfss.ca\/?page_id=156"},"modified":"2025-07-21T17:31:02","modified_gmt":"2025-07-21T17:31:02","slug":"equipment-servicing","status":"publish","type":"page","link":"https:\/\/safetysourcefire.ca\/fr\/services\/equipment-servicing\/","title":{"rendered":"Entretien de l'\u00e9quipement"},"content":{"rendered":"<div id=\"pl-156\"  class=\"panel-layout\" ><div id=\"pg-156-0\"  class=\"panel-grid panel-no-style\" ><div id=\"pgc-156-0-0\"  class=\"panel-grid-cell\" ><div id=\"panel-156-0-0-0\" class=\"so-panel widget_sow-editor panel-first-child panel-last-child\" data-index=\"0\" ><div\n\t\t\t\n\t\t\tclass=\"so-widget-sow-editor so-widget-sow-editor-base\"\n\t\t\t\n\t\t>\n<div class=\"siteorigin-widget-tinymce textwidget\">\n\t<p style=\"text-align: left;\">Safety Source Fire est heureux d'offrir un service de maintenance pr\u00e9ventive pour <strong>Holmatro <\/strong>Outils de sauvetage robustes, les <strong>Scott Safety<\/strong> gamme d&#039;appareils respiratoires autonomes (ARA),\u00a0<strong>Streamlight <\/strong>\u00e9clairage personnel et sc\u00e9nique, <strong>Lion <\/strong>\u00c9quipement de protection individuelle (EPI) et<strong> Industrial Scientific <\/strong>moniteurs de d\u00e9tection de gaz.<\/p>\n<\/div>\n<\/div><\/div><\/div><\/div><div id=\"pg-156-1\"  class=\"panel-grid panel-no-style\" ><div id=\"pgc-156-1-0\"  class=\"panel-grid-cell\" ><div id=\"panel-156-1-0-0\" class=\"so-panel widget_sow-editor panel-first-child panel-last-child\" data-index=\"1\" ><div\n\t\t\t\n\t\t\tclass=\"so-widget-sow-editor so-widget-sow-editor-base\"\n\t\t\t\n\t\t>\n<div class=\"siteorigin-widget-tinymce textwidget\">\n\t<p><a href=\"https:\/\/safetysourcefire.ca\/wp-content\/uploads\/2020\/02\/holmatro_200x200.jpg\"><img loading=\"lazy\" decoding=\"async\" class=\"size-full wp-image-17429 aligncenter\" src=\"https:\/\/safetysourcefire.ca\/wp-content\/uploads\/2020\/02\/holmatro_200x200.jpg\" alt=\"Holmatro logo\" width=\"200\" height=\"200\" srcset=\"https:\/\/safetysourcefire.ca\/wp-content\/uploads\/2020\/02\/holmatro_200x200.jpg 200w, https:\/\/safetysourcefire.ca\/wp-content\/uploads\/2020\/02\/holmatro_200x200-100x100.jpg 100w, https:\/\/safetysourcefire.ca\/wp-content\/uploads\/2020\/02\/holmatro_200x200-150x150.jpg 150w\" sizes=\"auto, (max-width: 200px) 100vw, 200px\" \/><\/a><\/p>\n<\/div>\n<\/div><\/div><\/div><div id=\"pgc-156-1-1\"  class=\"panel-grid-cell\" ><div id=\"panel-156-1-1-0\" class=\"so-panel widget_sow-editor panel-first-child panel-last-child\" data-index=\"2\" ><div class=\"panel-widget-style panel-widget-style-for-156-1-1-0\" ><div\n\t\t\t\n\t\t\tclass=\"so-widget-sow-editor so-widget-sow-editor-base\"\n\t\t\t\n\t\t>\n<div class=\"siteorigin-widget-tinymce textwidget\">\n\t<p>&nbsp;<\/p>\n<p><img loading=\"lazy\" decoding=\"async\" class=\"aligncenter wp-image-5737\" src=\"https:\/\/safetysourcefire.ca\/wp-content\/uploads\/2018\/05\/Global_ACS_Stacked-300x165.png\" alt=\"Scott Safety authorized Service Centre logo\" width=\"185\" height=\"102\" srcset=\"https:\/\/safetysourcefire.ca\/wp-content\/uploads\/2018\/05\/Global_ACS_Stacked-300x165.png 300w, https:\/\/safetysourcefire.ca\/wp-content\/uploads\/2018\/05\/Global_ACS_Stacked-416x229.png 416w, https:\/\/safetysourcefire.ca\/wp-content\/uploads\/2018\/05\/Global_ACS_Stacked-150x82.png 150w, https:\/\/safetysourcefire.ca\/wp-content\/uploads\/2018\/05\/Global_ACS_Stacked.png 659w\" sizes=\"auto, (max-width: 185px) 100vw, 185px\" \/><\/p>\n<\/div>\n<\/div><\/div><\/div><\/div><div id=\"pgc-156-1-2\"  class=\"panel-grid-cell\" ><div id=\"panel-156-1-2-0\" class=\"so-panel widget_sow-editor panel-first-child panel-last-child\" data-index=\"3\" ><div\n\t\t\t\n\t\t\tclass=\"so-widget-sow-editor so-widget-sow-editor-base\"\n\t\t\t\n\t\t>\n<div class=\"siteorigin-widget-tinymce textwidget\">\n\t<p><a href=\"https:\/\/safetysourcefire.ca\/wp-content\/uploads\/2020\/02\/streamlight_200x200.jpg\"><img loading=\"lazy\" decoding=\"async\" class=\"size-full wp-image-17442 aligncenter\" src=\"https:\/\/safetysourcefire.ca\/wp-content\/uploads\/2020\/02\/streamlight_200x200.jpg\" alt=\"Streamlight logo\" width=\"200\" height=\"200\" srcset=\"https:\/\/safetysourcefire.ca\/wp-content\/uploads\/2020\/02\/streamlight_200x200.jpg 200w, https:\/\/safetysourcefire.ca\/wp-content\/uploads\/2020\/02\/streamlight_200x200-100x100.jpg 100w, https:\/\/safetysourcefire.ca\/wp-content\/uploads\/2020\/02\/streamlight_200x200-150x150.jpg 150w\" sizes=\"auto, (max-width: 200px) 100vw, 200px\" \/><\/a><\/p>\n<\/div>\n<\/div><\/div><\/div><\/div><div id=\"pg-156-2\"  class=\"panel-grid panel-no-style\" ><div id=\"pgc-156-2-0\"  class=\"panel-grid-cell panel-grid-cell-empty\" ><\/div><div id=\"pgc-156-2-1\"  class=\"panel-grid-cell\" ><div id=\"panel-156-2-1-0\" class=\"so-panel widget_sow-editor panel-first-child panel-last-child\" data-index=\"4\" ><div class=\"panel-widget-style panel-widget-style-for-156-2-1-0\" ><div\n\t\t\t\n\t\t\tclass=\"so-widget-sow-editor so-widget-sow-editor-base\"\n\t\t\t\n\t\t>\n<div class=\"siteorigin-widget-tinymce textwidget\">\n\t<p><a href=\"https:\/\/safetysourcefire.ca\/wp-content\/uploads\/2021\/04\/LION_200x200.jpg\"><img loading=\"lazy\" decoding=\"async\" class=\"aligncenter size-full wp-image-24819\" src=\"https:\/\/safetysourcefire.ca\/wp-content\/uploads\/2021\/04\/LION_200x200.jpg\" alt=\"Lion logo\" width=\"200\" height=\"200\" srcset=\"https:\/\/safetysourcefire.ca\/wp-content\/uploads\/2021\/04\/LION_200x200.jpg 200w, https:\/\/safetysourcefire.ca\/wp-content\/uploads\/2021\/04\/LION_200x200-150x150.jpg 150w, https:\/\/safetysourcefire.ca\/wp-content\/uploads\/2021\/04\/LION_200x200-12x12.jpg 12w, https:\/\/safetysourcefire.ca\/wp-content\/uploads\/2021\/04\/LION_200x200-100x100.jpg 100w\" sizes=\"auto, (max-width: 200px) 100vw, 200px\" \/><\/a><\/p>\n<\/div>\n<\/div><\/div><\/div><\/div><div id=\"pgc-156-2-2\"  class=\"panel-grid-cell panel-grid-cell-mobile-last\" ><div id=\"panel-156-2-2-0\" class=\"so-panel widget_sow-editor panel-first-child panel-last-child\" data-index=\"5\" ><div\n\t\t\t\n\t\t\tclass=\"so-widget-sow-editor so-widget-sow-editor-base\"\n\t\t\t\n\t\t>\n<div class=\"siteorigin-widget-tinymce textwidget\">\n\t<p><a href=\"https:\/\/safetysourcefire.ca\/wp-content\/uploads\/2020\/02\/IndSci_200x200.jpg\"><img loading=\"lazy\" decoding=\"async\" class=\"aligncenter size-full wp-image-17425\" src=\"https:\/\/safetysourcefire.ca\/wp-content\/uploads\/2020\/02\/IndSci_200x200.jpg\" alt=\"Industrial Scientific logo\" width=\"200\" height=\"200\" srcset=\"https:\/\/safetysourcefire.ca\/wp-content\/uploads\/2020\/02\/IndSci_200x200.jpg 200w, https:\/\/safetysourcefire.ca\/wp-content\/uploads\/2020\/02\/IndSci_200x200-100x100.jpg 100w, https:\/\/safetysourcefire.ca\/wp-content\/uploads\/2020\/02\/IndSci_200x200-150x150.jpg 150w\" sizes=\"auto, (max-width: 200px) 100vw, 200px\" \/><\/a><\/p>\n<\/div>\n<\/div><\/div><\/div><div id=\"pgc-156-2-3\"  class=\"panel-grid-cell panel-grid-cell-empty\" ><\/div><\/div><div id=\"pg-156-3\"  class=\"panel-grid panel-no-style\" ><div id=\"pgc-156-3-0\"  class=\"panel-grid-cell\" ><div id=\"panel-156-3-0-0\" class=\"so-panel widget_sow-editor panel-first-child panel-last-child\" data-index=\"6\" ><div\n\t\t\t\n\t\t\tclass=\"so-widget-sow-editor so-widget-sow-editor-base\"\n\t\t\t\n\t\t>\n<div class=\"siteorigin-widget-tinymce textwidget\">\n\t<p>Il est essentiel que les \u00e9quipes de services d'incendie veillent \u00e0 ce que leurs \u00e9quipements de sauvetage soient impeccables, et ce, \u00e0 tout moment. Bon nombre de nos clients du Canada atlantique font appel \u00e0 notre expertise en entretien d'\u00e9quipement sur une base annuelle. De cette fa\u00e7on, en plus de savoir que leur \u00e9quipement sera en parfait \u00e9tat pendant les op\u00e9rations critiques, notre service leur donne une tranquillit\u00e9 d'esprit in\u00e9gal\u00e9e. Ce service est donc essentiel pour les premiers intervenants qui utilisent de l'\u00e9quipement sur une base r\u00e9guli\u00e8re et, plus important encore, pour le public qui compte sur les \u00e9quipes d'urgence.<\/p>\n<ul>\n<li>Safety Source Fire dispose de trois techniciens qualifi\u00e9s et agr\u00e9\u00e9s par l'usine pour le service du mat\u00e9riel <strong>Scott SCBA<\/strong> , et trois appareils de test Posichek3 actifs et \u00e9talonn\u00e9s.<\/li>\n<li>Safety Source Fire dispose de cinq techniciens form\u00e9s \u00e0 l'usine pour l'entretien des produits <strong>Holmatro<\/strong> .<\/li>\n<li>Nous sommes le seul centre de service autoris\u00e9 <strong>Streamlight<\/strong> au Canada atlantique ainsi que les seuls \u00e0 avoir un technicien qualifi\u00e9 \u00e0 notre succursale de Dartmouth (en Nouvelle-\u00c9cosse) pour vous aider avec vos produits Streamlight.<\/li>\n<li>Nous fournissons des services complets d&#039;entretien et de r\u00e9paration pour <strong>Lion<\/strong> \u00c9quipement EPI pour garantir qu&#039;il reste dans un \u00e9tat optimal.<\/li>\n<li class=\"K3KsMc\">\n<div class=\"zMgcWd dSKvsb\" data-il=\"\">\n<div data-crb-p=\"\">\n<div class=\"xFTqob\">\n<div class=\"vM0jzc\"><span data-huuid=\"2995172923327370299\"><span data-huuid=\"2995172923327370299\">Nos experts form\u00e9s en usine peuvent assurer l&#039;entretien et la maintenance <strong>Industrial Scientific<\/strong> \u00e9quipement de d\u00e9tection de gaz, y compris <\/span><\/span>\u00e9valuations d&#039;\u00e9talonnage compl\u00e8tes, tests et r\u00e9parations.<span class=\"pjBG2e\" data-cid=\"36b5b3ba-7c17-45a9-a937-b9a6dbe25fed\"><span class=\"UV3uM\">\u00a0<\/span><\/span><\/div>\n<\/div>\n<\/div>\n<\/div>\n<\/li>\n<\/ul>\n<p>Ces services sont disponibles \u00e0 nos succursales ou encore, directement chez vous;<\/p>\n<p>Veuillez remplir le formulaire ci-dessous et l&#039;inclure avec tout produit apport\u00e9 pour r\u00e9paration, service ou travail sous garantie.<\/p>\n<p><a href=\"https:\/\/safetysourcefire.ca\/wp-content\/uploads\/2021\/01\/Request_for_Product_Repair_Service_Warranty_SSF.pdf\">Formulaire de demande de r\u00e9paration, service, garantie<\/a>\u00a0(pdf)<\/p>\n<p>Pour plus d'informations, contactez\u00a0<strong>Neil Ash<\/strong>\u00a0au\u00a0<strong>902-468-6060<\/strong>, gratuitement au\u00a0<strong>1-800-667-3030<\/strong>, ou par <a href=\"mailto:n.ash@safetysourcefire.ca\"><strong>courriel \/<\/strong><strong>email<\/strong><\/a>.<\/p>\n<p>&nbsp;<\/p>\n<\/div>\n<\/div><\/div><\/div><\/div><\/div>","protected":false},"excerpt":{"rendered":"<p>Safety Source Fire est heureux d&#039;offrir un service de maintenance pr\u00e9ventive pour : les outils de sauvetage robustes Holmatro, la gamme d&#039;appareils respiratoires autonomes (ARA) Scott Safety, l&#039;\u00e9clairage personnel et de sc\u00e8ne Streamlight, l&#039;\u00e9quipement de protection individuelle (EPI) Lion et les moniteurs de d\u00e9tection de gaz Industrial Scientific. &nbsp;<\/p>","protected":false},"author":1,"featured_media":0,"parent":108,"menu_order":0,"comment_status":"closed","ping_status":"closed","template":"","meta":{"footnotes":""},"class_list":["post-156","page","type-page","status-publish","hentry"],"yoast_head":"<!-- This site is optimized with the Yoast SEO plugin v27.4 - https:\/\/yoast.com\/product\/yoast-seo-wordpress\/ -->\n<title>Equipment Servicing - Safety Source Fire<\/title>\n<meta name=\"robots\" content=\"index, follow, max-snippet:-1, max-image-preview:large, max-video-preview:-1\" \/>\n<link rel=\"canonical\" href=\"https:\/\/safetysourcefire.ca\/fr\/services\/equipment-servicing\/\" \/>\n<meta property=\"og:locale\" content=\"fr_CA\" \/>\n<meta property=\"og:type\" content=\"article\" \/>\n<meta property=\"og:title\" content=\"Equipment Servicing - Safety Source Fire\" \/>\n<meta property=\"og:description\" content=\"Safety Source Fire is pleased to offer preventative maintenance service for: Holmatro Heavy-Duty Rescue Tools, the Scott Safety line of Self-Contained Breathing Apparatus (SCBA),\u00a0Streamlight personal and scene lighting, Lion Personal Protective Equipment (PPE) and Industrial Scientific gas detection monitors. &nbsp;\" \/>\n<meta property=\"og:url\" content=\"https:\/\/safetysourcefire.ca\/fr\/services\/equipment-servicing\/\" \/>\n<meta property=\"og:site_name\" content=\"Safety Source Fire\" \/>\n<meta property=\"article:publisher\" content=\"https:\/\/www.facebook.com\/mmfssca\" \/>\n<meta property=\"article:modified_time\" content=\"2025-07-21T17:31:02+00:00\" \/>\n<meta property=\"og:image\" content=\"https:\/\/safetysourcefire.ca\/wp-content\/uploads\/2020\/02\/holmatro_200x200.jpg\" \/>\n\t<meta property=\"og:image:width\" content=\"200\" \/>\n\t<meta property=\"og:image:height\" content=\"200\" \/>\n\t<meta property=\"og:image:type\" content=\"image\/jpeg\" \/>\n<meta name=\"twitter:card\" content=\"summary_large_image\" \/>\n<meta name=\"twitter:site\" content=\"@mmfssca\" \/>\n<meta name=\"twitter:label1\" content=\"Estimation du temps de lecture\" \/>\n\t<meta name=\"twitter:data1\" content=\"3 minutes\" \/>\n<script type=\"application\/ld+json\" class=\"yoast-schema-graph\">{\"@context\":\"https:\\\/\\\/schema.org\",\"@graph\":[{\"@type\":\"WebPage\",\"@id\":\"https:\\\/\\\/safetysourcefire.ca\\\/services\\\/equipment-servicing\\\/\",\"url\":\"https:\\\/\\\/safetysourcefire.ca\\\/services\\\/equipment-servicing\\\/\",\"name\":\"Equipment Servicing - Safety Source Fire\",\"isPartOf\":{\"@id\":\"https:\\\/\\\/safetysourcefire.ca\\\/#website\"},\"primaryImageOfPage\":{\"@id\":\"https:\\\/\\\/safetysourcefire.ca\\\/services\\\/equipment-servicing\\\/#primaryimage\"},\"image\":{\"@id\":\"https:\\\/\\\/safetysourcefire.ca\\\/services\\\/equipment-servicing\\\/#primaryimage\"},\"thumbnailUrl\":\"https:\\\/\\\/safetysourcefire.ca\\\/wp-content\\\/uploads\\\/2020\\\/02\\\/holmatro_200x200.jpg\",\"datePublished\":\"2017-04-09T20:48:00+00:00\",\"dateModified\":\"2025-07-21T17:31:02+00:00\",\"breadcrumb\":{\"@id\":\"https:\\\/\\\/safetysourcefire.ca\\\/services\\\/equipment-servicing\\\/#breadcrumb\"},\"inLanguage\":\"fr-CA\",\"potentialAction\":[{\"@type\":\"ReadAction\",\"target\":[\"https:\\\/\\\/safetysourcefire.ca\\\/services\\\/equipment-servicing\\\/\"]}]},{\"@type\":\"ImageObject\",\"inLanguage\":\"fr-CA\",\"@id\":\"https:\\\/\\\/safetysourcefire.ca\\\/services\\\/equipment-servicing\\\/#primaryimage\",\"url\":\"https:\\\/\\\/safetysourcefire.ca\\\/wp-content\\\/uploads\\\/2020\\\/02\\\/holmatro_200x200.jpg\",\"contentUrl\":\"https:\\\/\\\/safetysourcefire.ca\\\/wp-content\\\/uploads\\\/2020\\\/02\\\/holmatro_200x200.jpg\"},{\"@type\":\"BreadcrumbList\",\"@id\":\"https:\\\/\\\/safetysourcefire.ca\\\/services\\\/equipment-servicing\\\/#breadcrumb\",\"itemListElement\":[{\"@type\":\"ListItem\",\"position\":1,\"name\":\"Home\",\"item\":\"https:\\\/\\\/safetysourcefire.ca\\\/\"},{\"@type\":\"ListItem\",\"position\":2,\"name\":\"Services\",\"item\":\"https:\\\/\\\/safetysourcefire.ca\\\/services\\\/\"},{\"@type\":\"ListItem\",\"position\":3,\"name\":\"Equipment Servicing\"}]},{\"@type\":\"WebSite\",\"@id\":\"https:\\\/\\\/safetysourcefire.ca\\\/#website\",\"url\":\"https:\\\/\\\/safetysourcefire.ca\\\/\",\"name\":\"Safety Source Fire\",\"description\":\"\",\"publisher\":{\"@id\":\"https:\\\/\\\/safetysourcefire.ca\\\/#organization\"},\"potentialAction\":[{\"@type\":\"SearchAction\",\"target\":{\"@type\":\"EntryPoint\",\"urlTemplate\":\"https:\\\/\\\/safetysourcefire.ca\\\/?s={search_term_string}\"},\"query-input\":{\"@type\":\"PropertyValueSpecification\",\"valueRequired\":true,\"valueName\":\"search_term_string\"}}],\"inLanguage\":\"fr-CA\"},{\"@type\":\"Organization\",\"@id\":\"https:\\\/\\\/safetysourcefire.ca\\\/#organization\",\"name\":\"Safety Source Fire\",\"url\":\"https:\\\/\\\/safetysourcefire.ca\\\/\",\"logo\":{\"@type\":\"ImageObject\",\"inLanguage\":\"fr-CA\",\"@id\":\"https:\\\/\\\/safetysourcefire.ca\\\/#\\\/schema\\\/logo\\\/image\\\/\",\"url\":\"https:\\\/\\\/safetysourcefire.ca\\\/wp-content\\\/uploads\\\/2021\\\/01\\\/SSF_logo_CC0000-3.png\",\"contentUrl\":\"https:\\\/\\\/safetysourcefire.ca\\\/wp-content\\\/uploads\\\/2021\\\/01\\\/SSF_logo_CC0000-3.png\",\"width\":1107,\"height\":365,\"caption\":\"Safety Source Fire\"},\"image\":{\"@id\":\"https:\\\/\\\/safetysourcefire.ca\\\/#\\\/schema\\\/logo\\\/image\\\/\"},\"sameAs\":[\"https:\\\/\\\/www.facebook.com\\\/mmfssca\",\"https:\\\/\\\/x.com\\\/mmfssca\"]}]}<\/script>\n<!-- \/ Yoast SEO plugin. -->","yoast_head_json":{"title":"Entretien des \u00e9quipements - S\u00e9curit\u00e9 incendie","robots":{"index":"index","follow":"follow","max-snippet":"max-snippet:-1","max-image-preview":"max-image-preview:large","max-video-preview":"max-video-preview:-1"},"canonical":"https:\/\/safetysourcefire.ca\/fr\/services\/equipment-servicing\/","og_locale":"fr_CA","og_type":"article","og_title":"Equipment Servicing - Safety Source Fire","og_description":"Safety Source Fire is pleased to offer preventative maintenance service for: Holmatro Heavy-Duty Rescue Tools, the Scott Safety line of Self-Contained Breathing Apparatus (SCBA),\u00a0Streamlight personal and scene lighting, Lion Personal Protective Equipment (PPE) and Industrial Scientific gas detection monitors. &nbsp;","og_url":"https:\/\/safetysourcefire.ca\/fr\/services\/equipment-servicing\/","og_site_name":"Safety Source Fire","article_publisher":"https:\/\/www.facebook.com\/mmfssca","article_modified_time":"2025-07-21T17:31:02+00:00","og_image":[{"width":200,"height":200,"url":"https:\/\/safetysourcefire.ca\/wp-content\/uploads\/2020\/02\/holmatro_200x200.jpg","type":"image\/jpeg"}],"twitter_card":"summary_large_image","twitter_site":"@mmfssca","twitter_misc":{"Estimation du temps de lecture":"3 minutes"},"schema":{"@context":"https:\/\/schema.org","@graph":[{"@type":"WebPage","@id":"https:\/\/safetysourcefire.ca\/services\/equipment-servicing\/","url":"https:\/\/safetysourcefire.ca\/services\/equipment-servicing\/","name":"Entretien des \u00e9quipements - S\u00e9curit\u00e9 incendie","isPartOf":{"@id":"https:\/\/safetysourcefire.ca\/#website"},"primaryImageOfPage":{"@id":"https:\/\/safetysourcefire.ca\/services\/equipment-servicing\/#primaryimage"},"image":{"@id":"https:\/\/safetysourcefire.ca\/services\/equipment-servicing\/#primaryimage"},"thumbnailUrl":"https:\/\/safetysourcefire.ca\/wp-content\/uploads\/2020\/02\/holmatro_200x200.jpg","datePublished":"2017-04-09T20:48:00+00:00","dateModified":"2025-07-21T17:31:02+00:00","breadcrumb":{"@id":"https:\/\/safetysourcefire.ca\/services\/equipment-servicing\/#breadcrumb"},"inLanguage":"fr-CA","potentialAction":[{"@type":"ReadAction","target":["https:\/\/safetysourcefire.ca\/services\/equipment-servicing\/"]}]},{"@type":"ImageObject","inLanguage":"fr-CA","@id":"https:\/\/safetysourcefire.ca\/services\/equipment-servicing\/#primaryimage","url":"https:\/\/safetysourcefire.ca\/wp-content\/uploads\/2020\/02\/holmatro_200x200.jpg","contentUrl":"https:\/\/safetysourcefire.ca\/wp-content\/uploads\/2020\/02\/holmatro_200x200.jpg"},{"@type":"BreadcrumbList","@id":"https:\/\/safetysourcefire.ca\/services\/equipment-servicing\/#breadcrumb","itemListElement":[{"@type":"ListItem","position":1,"name":"Home","item":"https:\/\/safetysourcefire.ca\/"},{"@type":"ListItem","position":2,"name":"Services","item":"https:\/\/safetysourcefire.ca\/services\/"},{"@type":"ListItem","position":3,"name":"Equipment Servicing"}]},{"@type":"WebSite","@id":"https:\/\/safetysourcefire.ca\/#website","url":"https:\/\/safetysourcefire.ca\/","name":"Safety Source Fire","description":"","publisher":{"@id":"https:\/\/safetysourcefire.ca\/#organization"},"potentialAction":[{"@type":"SearchAction","target":{"@type":"EntryPoint","urlTemplate":"https:\/\/safetysourcefire.ca\/?s={search_term_string}"},"query-input":{"@type":"PropertyValueSpecification","valueRequired":true,"valueName":"search_term_string"}}],"inLanguage":"fr-CA"},{"@type":"Organization","@id":"https:\/\/safetysourcefire.ca\/#organization","name":"Safety Source Fire","url":"https:\/\/safetysourcefire.ca\/","logo":{"@type":"ImageObject","inLanguage":"fr-CA","@id":"https:\/\/safetysourcefire.ca\/#\/schema\/logo\/image\/","url":"https:\/\/safetysourcefire.ca\/wp-content\/uploads\/2021\/01\/SSF_logo_CC0000-3.png","contentUrl":"https:\/\/safetysourcefire.ca\/wp-content\/uploads\/2021\/01\/SSF_logo_CC0000-3.png","width":1107,"height":365,"caption":"Safety Source Fire"},"image":{"@id":"https:\/\/safetysourcefire.ca\/#\/schema\/logo\/image\/"},"sameAs":["https:\/\/www.facebook.com\/mmfssca","https:\/\/x.com\/mmfssca"]}]}},"_links":{"self":[{"href":"https:\/\/safetysourcefire.ca\/fr\/wp-json\/wp\/v2\/pages\/156","targetHints":{"allow":["GET"]}}],"collection":[{"href":"https:\/\/safetysourcefire.ca\/fr\/wp-json\/wp\/v2\/pages"}],"about":[{"href":"https:\/\/safetysourcefire.ca\/fr\/wp-json\/wp\/v2\/types\/page"}],"author":[{"embeddable":true,"href":"https:\/\/safetysourcefire.ca\/fr\/wp-json\/wp\/v2\/users\/1"}],"replies":[{"embeddable":true,"href":"https:\/\/safetysourcefire.ca\/fr\/wp-json\/wp\/v2\/comments?post=156"}],"version-history":[{"count":52,"href":"https:\/\/safetysourcefire.ca\/fr\/wp-json\/wp\/v2\/pages\/156\/revisions"}],"predecessor-version":[{"id":29898,"href":"https:\/\/safetysourcefire.ca\/fr\/wp-json\/wp\/v2\/pages\/156\/revisions\/29898"}],"up":[{"embeddable":true,"href":"https:\/\/safetysourcefire.ca\/fr\/wp-json\/wp\/v2\/pages\/108"}],"wp:attachment":[{"href":"https:\/\/safetysourcefire.ca\/fr\/wp-json\/wp\/v2\/media?parent=156"}],"curies":[{"name":"wp","href":"https:\/\/api.w.org\/{rel}","templated":true}]}}