{"id":1575,"date":"2017-05-23T13:48:35","date_gmt":"2017-05-23T13:48:35","guid":{"rendered":"http:\/\/mmfss.ca\/?page_id=1575"},"modified":"2025-07-17T14:29:26","modified_gmt":"2025-07-17T14:29:26","slug":"pierce-warranty-service","status":"publish","type":"page","link":"https:\/\/safetysourcefire.ca\/fr\/vehicles\/pierce-manufacturing\/pierce-warranty-service\/","title":{"rendered":"Garantie et service"},"content":{"rendered":"<h2 class=\"header-bar\"><strong><img loading=\"lazy\" decoding=\"async\" class=\"wp-image-1566 aligncenter\" src=\"https:\/\/safetysourcefire.ca\/wp-content\/uploads\/2017\/04\/PierceLogo_Tag_Black-300x103.png\" alt=\"\" width=\"230\" height=\"55\" \/><\/strong><\/h2>\n<h2 class=\"header-bar\"><\/h2>\n<h2 class=\"header-bar\"><strong>Un service \u00e0 la client\u00e8le in\u00e9gal\u00e9<img loading=\"lazy\" decoding=\"async\" class=\"wp-image-1562 alignright\" src=\"https:\/\/safetysourcefire.ca\/wp-content\/uploads\/2017\/04\/Logo-High-Res-EPS-Pierce-Weve-Got-Your-Back-230x300.png\" alt=\"We've Got Your Back logo\" width=\"97\" height=\"140\" \/><\/strong><\/h2>\n<p>\u00ab\u00a0Appareil en panne\u00a0\u00bb : Voici des mots qu'aucun pompier ne veut entendre. Chez Pierce, nous reconnaissons que nos diff\u00e9rents camions repr\u00e9sentent \u00e0 la fois un atout tr\u00e8s substantiel en termes de budget, et un outil essentiel pour effectuer un travail qui sauve des vies.<\/p>\n<p>Notre objectif est donc de fournir un service apr\u00e8s-vente qui minimise les temps d'arr\u00eat et fournit le support technique ainsi que des pi\u00e8ces d\u00e9tach\u00e9es pour garder vos v\u00e9hicules Pierce et MaxiMetal pr\u00eats \u00e0 fonctionner.<\/p>\n<p><strong>Neil Ash<\/strong> travaille chez Safety Source Fire (anciennement Micmac Fire &amp; Safety Source Ltd.) depuis sa cr\u00e9ation en 2011. Neil se sp\u00e9cialise sur les pi\u00e8ces Pierce depuis 2014. Si vous avez une question ou une pr\u00e9occupation concernant les pi\u00e8ces, l'assistance technique ou les r\u00e9parations couvertes par la garantie, veuillez le contacter par t\u00e9l\u00e9phone au <strong>902-468-6060<\/strong> ou encore par <a href=\"mailto:n.ash@safetysourcefire.ca\">courriel<\/a>.<\/p>","protected":false},"excerpt":{"rendered":"<p>Unmatched Customer Support \u201cApparatus down.\u201d Not words any firefighter, from Chief to new recruit, wants to hear. We recognize that for the departments we serve, the various trucks in the station represent both a very substantial asset in terms of budget, and an essential tool to perform the work that saves lives. Our aim is [&hellip;]<\/p>\n","protected":false},"author":2,"featured_media":0,"parent":130,"menu_order":0,"comment_status":"closed","ping_status":"closed","template":"","meta":{"footnotes":""},"class_list":["post-1575","page","type-page","status-publish","hentry"],"yoast_head":"<!-- This site is optimized with the Yoast SEO plugin v27.4 - https:\/\/yoast.com\/product\/yoast-seo-wordpress\/ -->\n<title>Pierce Warranty &amp; Service - Safety Source Fire<\/title>\n<meta name=\"robots\" content=\"index, follow, max-snippet:-1, max-image-preview:large, max-video-preview:-1\" \/>\n<link rel=\"canonical\" href=\"https:\/\/safetysourcefire.ca\/fr\/vehicles\/pierce-manufacturing\/pierce-warranty-service\/\" \/>\n<meta property=\"og:locale\" content=\"fr_CA\" \/>\n<meta property=\"og:type\" content=\"article\" \/>\n<meta property=\"og:title\" content=\"Pierce Warranty &amp; Service - Safety Source Fire\" \/>\n<meta property=\"og:description\" content=\"Unmatched Customer Support \u201cApparatus down.\u201d Not words any firefighter, from Chief to new recruit, wants to hear. We recognize that for the departments we serve, the various trucks in the station represent both a very substantial asset in terms of budget, and an essential tool to perform the work that saves lives. Our aim is [&hellip;]\" \/>\n<meta property=\"og:url\" content=\"https:\/\/safetysourcefire.ca\/fr\/vehicles\/pierce-manufacturing\/pierce-warranty-service\/\" \/>\n<meta property=\"og:site_name\" content=\"Safety Source Fire\" \/>\n<meta property=\"article:publisher\" content=\"https:\/\/www.facebook.com\/mmfssca\" \/>\n<meta property=\"article:modified_time\" content=\"2025-07-17T14:29:26+00:00\" \/>\n<meta property=\"og:image\" content=\"https:\/\/safetysourcefire.ca\/wp-content\/uploads\/2017\/04\/PierceLogo_Tag_Black.png\" \/>\n\t<meta property=\"og:image:width\" content=\"450\" \/>\n\t<meta property=\"og:image:height\" content=\"155\" \/>\n\t<meta property=\"og:image:type\" content=\"image\/png\" \/>\n<meta name=\"twitter:card\" content=\"summary_large_image\" \/>\n<meta name=\"twitter:site\" content=\"@mmfssca\" \/>\n<meta name=\"twitter:label1\" content=\"Estimation du temps de lecture\" \/>\n\t<meta name=\"twitter:data1\" content=\"2 minutes\" \/>\n<script type=\"application\/ld+json\" class=\"yoast-schema-graph\">{\"@context\":\"https:\\\/\\\/schema.org\",\"@graph\":[{\"@type\":\"WebPage\",\"@id\":\"https:\\\/\\\/safetysourcefire.ca\\\/vehicles\\\/pierce-manufacturing\\\/pierce-warranty-service\\\/\",\"url\":\"https:\\\/\\\/safetysourcefire.ca\\\/vehicles\\\/pierce-manufacturing\\\/pierce-warranty-service\\\/\",\"name\":\"Pierce Warranty & Service - Safety Source Fire\",\"isPartOf\":{\"@id\":\"https:\\\/\\\/safetysourcefire.ca\\\/#website\"},\"primaryImageOfPage\":{\"@id\":\"https:\\\/\\\/safetysourcefire.ca\\\/vehicles\\\/pierce-manufacturing\\\/pierce-warranty-service\\\/#primaryimage\"},\"image\":{\"@id\":\"https:\\\/\\\/safetysourcefire.ca\\\/vehicles\\\/pierce-manufacturing\\\/pierce-warranty-service\\\/#primaryimage\"},\"thumbnailUrl\":\"https:\\\/\\\/safetysourcefire.ca\\\/wp-content\\\/uploads\\\/2017\\\/04\\\/PierceLogo_Tag_Black-300x103.png\",\"datePublished\":\"2017-05-23T13:48:35+00:00\",\"dateModified\":\"2025-07-17T14:29:26+00:00\",\"breadcrumb\":{\"@id\":\"https:\\\/\\\/safetysourcefire.ca\\\/vehicles\\\/pierce-manufacturing\\\/pierce-warranty-service\\\/#breadcrumb\"},\"inLanguage\":\"fr-CA\",\"potentialAction\":[{\"@type\":\"ReadAction\",\"target\":[\"https:\\\/\\\/safetysourcefire.ca\\\/vehicles\\\/pierce-manufacturing\\\/pierce-warranty-service\\\/\"]}]},{\"@type\":\"ImageObject\",\"inLanguage\":\"fr-CA\",\"@id\":\"https:\\\/\\\/safetysourcefire.ca\\\/vehicles\\\/pierce-manufacturing\\\/pierce-warranty-service\\\/#primaryimage\",\"url\":\"https:\\\/\\\/safetysourcefire.ca\\\/wp-content\\\/uploads\\\/2017\\\/04\\\/PierceLogo_Tag_Black-300x103.png\",\"contentUrl\":\"https:\\\/\\\/safetysourcefire.ca\\\/wp-content\\\/uploads\\\/2017\\\/04\\\/PierceLogo_Tag_Black-300x103.png\"},{\"@type\":\"BreadcrumbList\",\"@id\":\"https:\\\/\\\/safetysourcefire.ca\\\/vehicles\\\/pierce-manufacturing\\\/pierce-warranty-service\\\/#breadcrumb\",\"itemListElement\":[{\"@type\":\"ListItem\",\"position\":1,\"name\":\"Home\",\"item\":\"https:\\\/\\\/safetysourcefire.ca\\\/\"},{\"@type\":\"ListItem\",\"position\":2,\"name\":\"Vehicles\",\"item\":\"https:\\\/\\\/safetysourcefire.ca\\\/vehicles\\\/\"},{\"@type\":\"ListItem\",\"position\":3,\"name\":\"Pierce Manufacturing\",\"item\":\"https:\\\/\\\/safetysourcefire.ca\\\/vehicles\\\/pierce-manufacturing\\\/\"},{\"@type\":\"ListItem\",\"position\":4,\"name\":\"Pierce Warranty &#038; Service\"}]},{\"@type\":\"WebSite\",\"@id\":\"https:\\\/\\\/safetysourcefire.ca\\\/#website\",\"url\":\"https:\\\/\\\/safetysourcefire.ca\\\/\",\"name\":\"Safety Source Fire\",\"description\":\"\",\"publisher\":{\"@id\":\"https:\\\/\\\/safetysourcefire.ca\\\/#organization\"},\"potentialAction\":[{\"@type\":\"SearchAction\",\"target\":{\"@type\":\"EntryPoint\",\"urlTemplate\":\"https:\\\/\\\/safetysourcefire.ca\\\/?s={search_term_string}\"},\"query-input\":{\"@type\":\"PropertyValueSpecification\",\"valueRequired\":true,\"valueName\":\"search_term_string\"}}],\"inLanguage\":\"fr-CA\"},{\"@type\":\"Organization\",\"@id\":\"https:\\\/\\\/safetysourcefire.ca\\\/#organization\",\"name\":\"Safety Source Fire\",\"url\":\"https:\\\/\\\/safetysourcefire.ca\\\/\",\"logo\":{\"@type\":\"ImageObject\",\"inLanguage\":\"fr-CA\",\"@id\":\"https:\\\/\\\/safetysourcefire.ca\\\/#\\\/schema\\\/logo\\\/image\\\/\",\"url\":\"https:\\\/\\\/safetysourcefire.ca\\\/wp-content\\\/uploads\\\/2021\\\/01\\\/SSF_logo_CC0000-3.png\",\"contentUrl\":\"https:\\\/\\\/safetysourcefire.ca\\\/wp-content\\\/uploads\\\/2021\\\/01\\\/SSF_logo_CC0000-3.png\",\"width\":1107,\"height\":365,\"caption\":\"Safety Source Fire\"},\"image\":{\"@id\":\"https:\\\/\\\/safetysourcefire.ca\\\/#\\\/schema\\\/logo\\\/image\\\/\"},\"sameAs\":[\"https:\\\/\\\/www.facebook.com\\\/mmfssca\",\"https:\\\/\\\/x.com\\\/mmfssca\"]}]}<\/script>\n<!-- \/ Yoast SEO plugin. -->","yoast_head_json":{"title":"Garantie et service Pierce - Safety Source Fire","robots":{"index":"index","follow":"follow","max-snippet":"max-snippet:-1","max-image-preview":"max-image-preview:large","max-video-preview":"max-video-preview:-1"},"canonical":"https:\/\/safetysourcefire.ca\/fr\/vehicles\/pierce-manufacturing\/pierce-warranty-service\/","og_locale":"fr_CA","og_type":"article","og_title":"Pierce Warranty & Service - Safety Source Fire","og_description":"Unmatched Customer Support \u201cApparatus down.\u201d Not words any firefighter, from Chief to new recruit, wants to hear. We recognize that for the departments we serve, the various trucks in the station represent both a very substantial asset in terms of budget, and an essential tool to perform the work that saves lives. Our aim is [&hellip;]","og_url":"https:\/\/safetysourcefire.ca\/fr\/vehicles\/pierce-manufacturing\/pierce-warranty-service\/","og_site_name":"Safety Source Fire","article_publisher":"https:\/\/www.facebook.com\/mmfssca","article_modified_time":"2025-07-17T14:29:26+00:00","og_image":[{"width":450,"height":155,"url":"https:\/\/safetysourcefire.ca\/wp-content\/uploads\/2017\/04\/PierceLogo_Tag_Black.png","type":"image\/png"}],"twitter_card":"summary_large_image","twitter_site":"@mmfssca","twitter_misc":{"Estimation du temps de lecture":"2 minutes"},"schema":{"@context":"https:\/\/schema.org","@graph":[{"@type":"WebPage","@id":"https:\/\/safetysourcefire.ca\/vehicles\/pierce-manufacturing\/pierce-warranty-service\/","url":"https:\/\/safetysourcefire.ca\/vehicles\/pierce-manufacturing\/pierce-warranty-service\/","name":"Garantie et service Pierce - Safety Source Fire","isPartOf":{"@id":"https:\/\/safetysourcefire.ca\/#website"},"primaryImageOfPage":{"@id":"https:\/\/safetysourcefire.ca\/vehicles\/pierce-manufacturing\/pierce-warranty-service\/#primaryimage"},"image":{"@id":"https:\/\/safetysourcefire.ca\/vehicles\/pierce-manufacturing\/pierce-warranty-service\/#primaryimage"},"thumbnailUrl":"https:\/\/safetysourcefire.ca\/wp-content\/uploads\/2017\/04\/PierceLogo_Tag_Black-300x103.png","datePublished":"2017-05-23T13:48:35+00:00","dateModified":"2025-07-17T14:29:26+00:00","breadcrumb":{"@id":"https:\/\/safetysourcefire.ca\/vehicles\/pierce-manufacturing\/pierce-warranty-service\/#breadcrumb"},"inLanguage":"fr-CA","potentialAction":[{"@type":"ReadAction","target":["https:\/\/safetysourcefire.ca\/vehicles\/pierce-manufacturing\/pierce-warranty-service\/"]}]},{"@type":"ImageObject","inLanguage":"fr-CA","@id":"https:\/\/safetysourcefire.ca\/vehicles\/pierce-manufacturing\/pierce-warranty-service\/#primaryimage","url":"https:\/\/safetysourcefire.ca\/wp-content\/uploads\/2017\/04\/PierceLogo_Tag_Black-300x103.png","contentUrl":"https:\/\/safetysourcefire.ca\/wp-content\/uploads\/2017\/04\/PierceLogo_Tag_Black-300x103.png"},{"@type":"BreadcrumbList","@id":"https:\/\/safetysourcefire.ca\/vehicles\/pierce-manufacturing\/pierce-warranty-service\/#breadcrumb","itemListElement":[{"@type":"ListItem","position":1,"name":"Home","item":"https:\/\/safetysourcefire.ca\/"},{"@type":"ListItem","position":2,"name":"Vehicles","item":"https:\/\/safetysourcefire.ca\/vehicles\/"},{"@type":"ListItem","position":3,"name":"Pierce Manufacturing","item":"https:\/\/safetysourcefire.ca\/vehicles\/pierce-manufacturing\/"},{"@type":"ListItem","position":4,"name":"Pierce Warranty &#038; Service"}]},{"@type":"WebSite","@id":"https:\/\/safetysourcefire.ca\/#website","url":"https:\/\/safetysourcefire.ca\/","name":"Safety Source Fire","description":"","publisher":{"@id":"https:\/\/safetysourcefire.ca\/#organization"},"potentialAction":[{"@type":"SearchAction","target":{"@type":"EntryPoint","urlTemplate":"https:\/\/safetysourcefire.ca\/?s={search_term_string}"},"query-input":{"@type":"PropertyValueSpecification","valueRequired":true,"valueName":"search_term_string"}}],"inLanguage":"fr-CA"},{"@type":"Organization","@id":"https:\/\/safetysourcefire.ca\/#organization","name":"Safety Source Fire","url":"https:\/\/safetysourcefire.ca\/","logo":{"@type":"ImageObject","inLanguage":"fr-CA","@id":"https:\/\/safetysourcefire.ca\/#\/schema\/logo\/image\/","url":"https:\/\/safetysourcefire.ca\/wp-content\/uploads\/2021\/01\/SSF_logo_CC0000-3.png","contentUrl":"https:\/\/safetysourcefire.ca\/wp-content\/uploads\/2021\/01\/SSF_logo_CC0000-3.png","width":1107,"height":365,"caption":"Safety Source Fire"},"image":{"@id":"https:\/\/safetysourcefire.ca\/#\/schema\/logo\/image\/"},"sameAs":["https:\/\/www.facebook.com\/mmfssca","https:\/\/x.com\/mmfssca"]}]}},"_links":{"self":[{"href":"https:\/\/safetysourcefire.ca\/fr\/wp-json\/wp\/v2\/pages\/1575","targetHints":{"allow":["GET"]}}],"collection":[{"href":"https:\/\/safetysourcefire.ca\/fr\/wp-json\/wp\/v2\/pages"}],"about":[{"href":"https:\/\/safetysourcefire.ca\/fr\/wp-json\/wp\/v2\/types\/page"}],"author":[{"embeddable":true,"href":"https:\/\/safetysourcefire.ca\/fr\/wp-json\/wp\/v2\/users\/2"}],"replies":[{"embeddable":true,"href":"https:\/\/safetysourcefire.ca\/fr\/wp-json\/wp\/v2\/comments?post=1575"}],"version-history":[{"count":15,"href":"https:\/\/safetysourcefire.ca\/fr\/wp-json\/wp\/v2\/pages\/1575\/revisions"}],"predecessor-version":[{"id":29890,"href":"https:\/\/safetysourcefire.ca\/fr\/wp-json\/wp\/v2\/pages\/1575\/revisions\/29890"}],"up":[{"embeddable":true,"href":"https:\/\/safetysourcefire.ca\/fr\/wp-json\/wp\/v2\/pages\/130"}],"wp:attachment":[{"href":"https:\/\/safetysourcefire.ca\/fr\/wp-json\/wp\/v2\/media?parent=1575"}],"curies":[{"name":"wp","href":"https:\/\/api.w.org\/{rel}","templated":true}]}}