{"id":1600,"date":"2017-05-23T14:42:33","date_gmt":"2017-05-23T14:42:33","guid":{"rendered":"http:\/\/mmfss.ca\/?page_id=1600"},"modified":"2021-06-15T17:31:05","modified_gmt":"2021-06-15T17:31:05","slug":"maximetal","status":"publish","type":"page","link":"https:\/\/safetysourcefire.ca\/fr\/vehicles\/maximetal\/","title":{"rendered":"MAXIMETAL"},"content":{"rendered":"<p><img loading=\"lazy\" decoding=\"async\" class=\"wp-image-1585 aligncenter\" src=\"https:\/\/safetysourcefire.ca\/wp-content\/uploads\/2017\/05\/logo-maxi-metal-en.png\" alt=\"Maximetal logo\" width=\"224\" height=\"82\"><\/p>\n<h2><\/h2>\n<h2>V\u00e9hicules utilitaires et d'urgence<\/h2>\n<p>MAXIMETAL est sp\u00e9cialis\u00e9 dans la conception et la fabrication de v\u00e9hicules utilitaires et d'urgence sur mesure sous deux marques : MAXI Fire et MAXI Utility. L'excellence des v\u00e9hicules et le souci du d\u00e9tail contribuent \u00e0 la bonne r\u00e9putation dont nous jouissons depuis 1983. Voici un partenaire de confiance qui placera toujours les besoins de ses clients au premier plan. Les camions MAXI sont con\u00e7us et construits pour maximiser l'efficacit\u00e9 du service et des interventions d'urgence.<\/p>\n<h3>Obtenez le maximum de la part de votre \u00e9quipement<\/h3>\n<p>Sous sa marque MAXI Fire, MAXIMETAL se sp\u00e9cialise dans la conception et la fabrication de camions d'incendie sur mesure depuis 1983. Avec ses installations \u00e0 Saint-Georges de Beauce (Qc), l'entreprise est reconnue pour la qualit\u00e9 de ses v\u00e9hicules d'urgence sur mesure. L'attention m\u00e9ticuleuse port\u00e9e aux d\u00e9tails ainsi que son personnel d\u00e9vou\u00e9 qui comprend plusieurs pompiers vous donnera instantan\u00e9ment confiance. Pour en savoir plus, visitez le <a href=\"http:\/\/www.maximetal.com\">Site MAXIMETAL<\/a>.<\/p>\n<p>En savoir plus sur&nbsp;<a href=\"https:\/\/safetysourcefire.ca\/fr\/vehicles\/maximetal\/maxisaber\/\"><strong>MaxiSaber<\/strong><\/a><\/p>\n<p style=\"text-align: center;\"><iframe loading=\"lazy\" src=\"https:\/\/www.youtube.com\/embed\/pNmtcZGTmXQ\" width=\"560\" height=\"315\" frameborder=\"0\" allowfullscreen=\"allowfullscreen\"><\/iframe><\/p>","protected":false},"excerpt":{"rendered":"<p>Cutting-edge utility and emergency vehicles MAXIMETAL specializes in the design and manufacture of custom-fitted utility and emergency vehicles under two brand names:&nbsp;MAXI Fire and MAXI Utility. Vehicle excellence and painstaking attention to detail are the hallmarks of the reputation we have enjoyed since 1983: a trusted partner that always puts our customers &nbsp;needs first. MAXI [&hellip;]<\/p>\n","protected":false},"author":2,"featured_media":25691,"parent":106,"menu_order":0,"comment_status":"closed","ping_status":"closed","template":"","meta":{"footnotes":""},"class_list":["post-1600","page","type-page","status-publish","has-post-thumbnail","hentry"],"yoast_head":"<!-- This site is optimized with the Yoast SEO plugin v27.5 - https:\/\/yoast.com\/product\/yoast-seo-wordpress\/ -->\n<title>MAXIMETAL - Safety Source Fire<\/title>\n<meta name=\"robots\" content=\"index, follow, max-snippet:-1, max-image-preview:large, max-video-preview:-1\" \/>\n<link rel=\"canonical\" href=\"https:\/\/safetysourcefire.ca\/fr\/vehicles\/maximetal\/\" \/>\n<meta property=\"og:locale\" content=\"fr_CA\" \/>\n<meta property=\"og:type\" content=\"article\" \/>\n<meta property=\"og:title\" content=\"MAXIMETAL - Safety Source Fire\" \/>\n<meta property=\"og:description\" content=\"Cutting-edge utility and emergency vehicles MAXIMETAL specializes in the design and manufacture of custom-fitted utility and emergency vehicles under two brand names:&nbsp;MAXI Fire and MAXI Utility. Vehicle excellence and painstaking attention to detail are the hallmarks of the reputation we have enjoyed since 1983: a trusted partner that always puts our customers &nbsp;needs first. MAXI [&hellip;]\" \/>\n<meta property=\"og:url\" content=\"https:\/\/safetysourcefire.ca\/fr\/vehicles\/maximetal\/\" \/>\n<meta property=\"og:site_name\" content=\"Safety Source Fire\" \/>\n<meta property=\"article:publisher\" content=\"https:\/\/www.facebook.com\/mmfssca\" \/>\n<meta property=\"article:modified_time\" content=\"2021-06-15T17:31:05+00:00\" \/>\n<meta property=\"og:image\" content=\"https:\/\/safetysourcefire.ca\/wp-content\/uploads\/2021\/06\/Western_Demo_1280x664.jpg\" \/>\n\t<meta property=\"og:image:width\" content=\"1280\" \/>\n\t<meta property=\"og:image:height\" content=\"664\" \/>\n\t<meta property=\"og:image:type\" content=\"image\/jpeg\" \/>\n<meta name=\"twitter:card\" content=\"summary_large_image\" \/>\n<meta name=\"twitter:site\" content=\"@mmfssca\" \/>\n<meta name=\"twitter:label1\" content=\"Estimation du temps de lecture\" \/>\n\t<meta name=\"twitter:data1\" content=\"1 minute\" \/>\n<script type=\"application\/ld+json\" class=\"yoast-schema-graph\">{\"@context\":\"https:\\\/\\\/schema.org\",\"@graph\":[{\"@type\":\"WebPage\",\"@id\":\"https:\\\/\\\/safetysourcefire.ca\\\/vehicles\\\/maximetal\\\/\",\"url\":\"https:\\\/\\\/safetysourcefire.ca\\\/vehicles\\\/maximetal\\\/\",\"name\":\"MAXIMETAL - Safety Source Fire\",\"isPartOf\":{\"@id\":\"https:\\\/\\\/safetysourcefire.ca\\\/#website\"},\"primaryImageOfPage\":{\"@id\":\"https:\\\/\\\/safetysourcefire.ca\\\/vehicles\\\/maximetal\\\/#primaryimage\"},\"image\":{\"@id\":\"https:\\\/\\\/safetysourcefire.ca\\\/vehicles\\\/maximetal\\\/#primaryimage\"},\"thumbnailUrl\":\"https:\\\/\\\/safetysourcefire.ca\\\/wp-content\\\/uploads\\\/2021\\\/06\\\/Western_Demo_1280x664.jpg\",\"datePublished\":\"2017-05-23T14:42:33+00:00\",\"dateModified\":\"2021-06-15T17:31:05+00:00\",\"breadcrumb\":{\"@id\":\"https:\\\/\\\/safetysourcefire.ca\\\/vehicles\\\/maximetal\\\/#breadcrumb\"},\"inLanguage\":\"fr-CA\",\"potentialAction\":[{\"@type\":\"ReadAction\",\"target\":[\"https:\\\/\\\/safetysourcefire.ca\\\/vehicles\\\/maximetal\\\/\"]}]},{\"@type\":\"ImageObject\",\"inLanguage\":\"fr-CA\",\"@id\":\"https:\\\/\\\/safetysourcefire.ca\\\/vehicles\\\/maximetal\\\/#primaryimage\",\"url\":\"https:\\\/\\\/safetysourcefire.ca\\\/wp-content\\\/uploads\\\/2021\\\/06\\\/Western_Demo_1280x664.jpg\",\"contentUrl\":\"https:\\\/\\\/safetysourcefire.ca\\\/wp-content\\\/uploads\\\/2021\\\/06\\\/Western_Demo_1280x664.jpg\",\"width\":1280,\"height\":664,\"caption\":\"fire truck\"},{\"@type\":\"BreadcrumbList\",\"@id\":\"https:\\\/\\\/safetysourcefire.ca\\\/vehicles\\\/maximetal\\\/#breadcrumb\",\"itemListElement\":[{\"@type\":\"ListItem\",\"position\":1,\"name\":\"Home\",\"item\":\"https:\\\/\\\/safetysourcefire.ca\\\/\"},{\"@type\":\"ListItem\",\"position\":2,\"name\":\"Vehicles\",\"item\":\"https:\\\/\\\/safetysourcefire.ca\\\/vehicles\\\/\"},{\"@type\":\"ListItem\",\"position\":3,\"name\":\"MAXIMETAL\"}]},{\"@type\":\"WebSite\",\"@id\":\"https:\\\/\\\/safetysourcefire.ca\\\/#website\",\"url\":\"https:\\\/\\\/safetysourcefire.ca\\\/\",\"name\":\"Safety Source Fire\",\"description\":\"\",\"publisher\":{\"@id\":\"https:\\\/\\\/safetysourcefire.ca\\\/#organization\"},\"potentialAction\":[{\"@type\":\"SearchAction\",\"target\":{\"@type\":\"EntryPoint\",\"urlTemplate\":\"https:\\\/\\\/safetysourcefire.ca\\\/?s={search_term_string}\"},\"query-input\":{\"@type\":\"PropertyValueSpecification\",\"valueRequired\":true,\"valueName\":\"search_term_string\"}}],\"inLanguage\":\"fr-CA\"},{\"@type\":\"Organization\",\"@id\":\"https:\\\/\\\/safetysourcefire.ca\\\/#organization\",\"name\":\"Safety Source Fire\",\"url\":\"https:\\\/\\\/safetysourcefire.ca\\\/\",\"logo\":{\"@type\":\"ImageObject\",\"inLanguage\":\"fr-CA\",\"@id\":\"https:\\\/\\\/safetysourcefire.ca\\\/#\\\/schema\\\/logo\\\/image\\\/\",\"url\":\"https:\\\/\\\/safetysourcefire.ca\\\/wp-content\\\/uploads\\\/2021\\\/01\\\/SSF_logo_CC0000-3.png\",\"contentUrl\":\"https:\\\/\\\/safetysourcefire.ca\\\/wp-content\\\/uploads\\\/2021\\\/01\\\/SSF_logo_CC0000-3.png\",\"width\":1107,\"height\":365,\"caption\":\"Safety Source Fire\"},\"image\":{\"@id\":\"https:\\\/\\\/safetysourcefire.ca\\\/#\\\/schema\\\/logo\\\/image\\\/\"},\"sameAs\":[\"https:\\\/\\\/www.facebook.com\\\/mmfssca\",\"https:\\\/\\\/x.com\\\/mmfssca\"]}]}<\/script>\n<!-- \/ Yoast SEO plugin. -->","yoast_head_json":{"title":"MAXIMETAL - S\u00e9curit\u00e9 incendie source","robots":{"index":"index","follow":"follow","max-snippet":"max-snippet:-1","max-image-preview":"max-image-preview:large","max-video-preview":"max-video-preview:-1"},"canonical":"https:\/\/safetysourcefire.ca\/fr\/vehicles\/maximetal\/","og_locale":"fr_CA","og_type":"article","og_title":"MAXIMETAL - Safety Source Fire","og_description":"Cutting-edge utility and emergency vehicles MAXIMETAL specializes in the design and manufacture of custom-fitted utility and emergency vehicles under two brand names:&nbsp;MAXI Fire and MAXI Utility. Vehicle excellence and painstaking attention to detail are the hallmarks of the reputation we have enjoyed since 1983: a trusted partner that always puts our customers &nbsp;needs first. MAXI [&hellip;]","og_url":"https:\/\/safetysourcefire.ca\/fr\/vehicles\/maximetal\/","og_site_name":"Safety Source Fire","article_publisher":"https:\/\/www.facebook.com\/mmfssca","article_modified_time":"2021-06-15T17:31:05+00:00","og_image":[{"width":1280,"height":664,"url":"https:\/\/safetysourcefire.ca\/wp-content\/uploads\/2021\/06\/Western_Demo_1280x664.jpg","type":"image\/jpeg"}],"twitter_card":"summary_large_image","twitter_site":"@mmfssca","twitter_misc":{"Estimation du temps de lecture":"1 minute"},"schema":{"@context":"https:\/\/schema.org","@graph":[{"@type":"WebPage","@id":"https:\/\/safetysourcefire.ca\/vehicles\/maximetal\/","url":"https:\/\/safetysourcefire.ca\/vehicles\/maximetal\/","name":"MAXIMETAL - S\u00e9curit\u00e9 incendie source","isPartOf":{"@id":"https:\/\/safetysourcefire.ca\/#website"},"primaryImageOfPage":{"@id":"https:\/\/safetysourcefire.ca\/vehicles\/maximetal\/#primaryimage"},"image":{"@id":"https:\/\/safetysourcefire.ca\/vehicles\/maximetal\/#primaryimage"},"thumbnailUrl":"https:\/\/safetysourcefire.ca\/wp-content\/uploads\/2021\/06\/Western_Demo_1280x664.jpg","datePublished":"2017-05-23T14:42:33+00:00","dateModified":"2021-06-15T17:31:05+00:00","breadcrumb":{"@id":"https:\/\/safetysourcefire.ca\/vehicles\/maximetal\/#breadcrumb"},"inLanguage":"fr-CA","potentialAction":[{"@type":"ReadAction","target":["https:\/\/safetysourcefire.ca\/vehicles\/maximetal\/"]}]},{"@type":"ImageObject","inLanguage":"fr-CA","@id":"https:\/\/safetysourcefire.ca\/vehicles\/maximetal\/#primaryimage","url":"https:\/\/safetysourcefire.ca\/wp-content\/uploads\/2021\/06\/Western_Demo_1280x664.jpg","contentUrl":"https:\/\/safetysourcefire.ca\/wp-content\/uploads\/2021\/06\/Western_Demo_1280x664.jpg","width":1280,"height":664,"caption":"fire truck"},{"@type":"BreadcrumbList","@id":"https:\/\/safetysourcefire.ca\/vehicles\/maximetal\/#breadcrumb","itemListElement":[{"@type":"ListItem","position":1,"name":"Home","item":"https:\/\/safetysourcefire.ca\/"},{"@type":"ListItem","position":2,"name":"Vehicles","item":"https:\/\/safetysourcefire.ca\/vehicles\/"},{"@type":"ListItem","position":3,"name":"MAXIMETAL"}]},{"@type":"WebSite","@id":"https:\/\/safetysourcefire.ca\/#website","url":"https:\/\/safetysourcefire.ca\/","name":"Safety Source Fire","description":"","publisher":{"@id":"https:\/\/safetysourcefire.ca\/#organization"},"potentialAction":[{"@type":"SearchAction","target":{"@type":"EntryPoint","urlTemplate":"https:\/\/safetysourcefire.ca\/?s={search_term_string}"},"query-input":{"@type":"PropertyValueSpecification","valueRequired":true,"valueName":"search_term_string"}}],"inLanguage":"fr-CA"},{"@type":"Organization","@id":"https:\/\/safetysourcefire.ca\/#organization","name":"Safety Source Fire","url":"https:\/\/safetysourcefire.ca\/","logo":{"@type":"ImageObject","inLanguage":"fr-CA","@id":"https:\/\/safetysourcefire.ca\/#\/schema\/logo\/image\/","url":"https:\/\/safetysourcefire.ca\/wp-content\/uploads\/2021\/01\/SSF_logo_CC0000-3.png","contentUrl":"https:\/\/safetysourcefire.ca\/wp-content\/uploads\/2021\/01\/SSF_logo_CC0000-3.png","width":1107,"height":365,"caption":"Safety Source Fire"},"image":{"@id":"https:\/\/safetysourcefire.ca\/#\/schema\/logo\/image\/"},"sameAs":["https:\/\/www.facebook.com\/mmfssca","https:\/\/x.com\/mmfssca"]}]}},"_links":{"self":[{"href":"https:\/\/safetysourcefire.ca\/fr\/wp-json\/wp\/v2\/pages\/1600","targetHints":{"allow":["GET"]}}],"collection":[{"href":"https:\/\/safetysourcefire.ca\/fr\/wp-json\/wp\/v2\/pages"}],"about":[{"href":"https:\/\/safetysourcefire.ca\/fr\/wp-json\/wp\/v2\/types\/page"}],"author":[{"embeddable":true,"href":"https:\/\/safetysourcefire.ca\/fr\/wp-json\/wp\/v2\/users\/2"}],"replies":[{"embeddable":true,"href":"https:\/\/safetysourcefire.ca\/fr\/wp-json\/wp\/v2\/comments?post=1600"}],"version-history":[{"count":15,"href":"https:\/\/safetysourcefire.ca\/fr\/wp-json\/wp\/v2\/pages\/1600\/revisions"}],"predecessor-version":[{"id":25695,"href":"https:\/\/safetysourcefire.ca\/fr\/wp-json\/wp\/v2\/pages\/1600\/revisions\/25695"}],"up":[{"embeddable":true,"href":"https:\/\/safetysourcefire.ca\/fr\/wp-json\/wp\/v2\/pages\/106"}],"wp:featuredmedia":[{"embeddable":true,"href":"https:\/\/safetysourcefire.ca\/fr\/wp-json\/wp\/v2\/media\/25691"}],"wp:attachment":[{"href":"https:\/\/safetysourcefire.ca\/fr\/wp-json\/wp\/v2\/media?parent=1600"}],"curies":[{"name":"wp","href":"https:\/\/api.w.org\/{rel}","templated":true}]}}