{"id":1657,"date":"2017-05-29T13:48:21","date_gmt":"2017-05-29T13:48:21","guid":{"rendered":"http:\/\/mmfss.ca\/register\/"},"modified":"2017-05-29T14:21:16","modified_gmt":"2017-05-29T14:21:16","slug":"register","status":"publish","type":"page","link":"https:\/\/safetysourcefire.ca\/fr\/register\/","title":{"rendered":"S&#039;inscrire"},"content":{"rendered":"<div class=\"um um-register um-1676\">\n\t<div class=\"um-form\" data-mode=\"register\">\n\t\t<form method=\"post\" action=\"\" data-trp-original-action=\"\">\n\t\t\t<div class=\"um-row _um_row_1\" style=\"margin: 0 0 30px 0;\"><div class=\"um-col-1\"><div  id=\"um_field_1676_user_login\" class=\"um-field um-field-text  um-field-user_login um-field-text um-field-type_text\" data-key=\"user_login\"><div class=\"um-field-label\"><label for=\"user_login-1676\">Identifiant<\/label><div class=\"um-clear\"><\/div><\/div><div class=\"um-field-area\"><input  autocomplete=\"off\" class=\"um-form-field valid\" type=\"text\" name=\"user_login-1676\" id=\"user_login-1676\" value=\"\" placeholder=\"\" data-validate=\"unique_username\" data-key=\"user_login\"  aria-invalid=\"false\" \/>\n\n\t\t\t\t\t\t<\/div><\/div><div  id=\"um_field_1676_first_name\" class=\"um-field um-field-text  um-field-first_name um-field-text um-field-type_text\" data-key=\"first_name\"><div class=\"um-field-label\"><label for=\"first_name-1676\">Pr\u00e9nom<\/label><div class=\"um-clear\"><\/div><\/div><div class=\"um-field-area\"><input  autocomplete=\"off\" class=\"um-form-field valid\" type=\"text\" name=\"first_name-1676\" id=\"first_name-1676\" value=\"\" placeholder=\"\" data-validate=\"\" data-key=\"first_name\"  aria-invalid=\"false\" \/>\n\n\t\t\t\t\t\t<\/div><\/div><div  id=\"um_field_1676_last_name\" class=\"um-field um-field-text  um-field-last_name um-field-text um-field-type_text\" data-key=\"last_name\"><div class=\"um-field-label\"><label for=\"last_name-1676\">Nom<\/label><div class=\"um-clear\"><\/div><\/div><div class=\"um-field-area\"><input  autocomplete=\"off\" class=\"um-form-field valid\" type=\"text\" name=\"last_name-1676\" id=\"last_name-1676\" value=\"\" placeholder=\"\" data-validate=\"\" data-key=\"last_name\"  aria-invalid=\"false\" \/>\n\n\t\t\t\t\t\t<\/div><\/div><div  id=\"um_field_1676_user_email\" class=\"um-field um-field-text  um-field-user_email um-field-text um-field-type_text\" data-key=\"user_email\"><div class=\"um-field-label\"><label for=\"user_email-1676\">Adresse courriel<\/label><div class=\"um-clear\"><\/div><\/div><div class=\"um-field-area\"><input  autocomplete=\"off\" class=\"um-form-field valid\" type=\"text\" name=\"user_email-1676\" id=\"user_email-1676\" value=\"\" placeholder=\"\" data-validate=\"unique_email\" data-key=\"user_email\"  aria-invalid=\"false\" \/>\n\n\t\t\t\t\t\t<\/div><\/div><div  id=\"um_field_1676_user_password\" class=\"um-field um-field-password  um-field-user_password um-field-password um-field-type_password\" data-key=\"user_password\"><div class=\"um-field-label\"><label for=\"user_password-1676\">Mot de passe<\/label><div class=\"um-clear\"><\/div><\/div><div class=\"um-field-area\"><input class=\"um-form-field valid\" type=\"password\" name=\"user_password-1676\" id=\"user_password-1676\" value=\"\" placeholder=\"\" data-validate=\"\" data-key=\"user_password\"  aria-invalid=\"false\" \/>\n\n\t\t\t\t\t\t\t<\/div><\/div><div  id=\"um_field_1676_confirm_user_password\" class=\"um-field um-field-password  um-field-user_password um-field-password um-field-type_password\" data-key=\"confirm_user_password\"><div class=\"um-field-label\"><label for=\"confirm_user_password-1676\">Confirmer le Mot de Passe<\/label><div class=\"um-clear\"><\/div><\/div><div class=\"um-field-area\"><input class=\"um-form-field valid\" type=\"password\" name=\"confirm_user_password-1676\" id=\"confirm_user_password-1676\" value=\"\" placeholder=\"Confirmer le Mot de Passe\" data-validate=\"\" data-key=\"confirm_user_password\"  aria-invalid=\"false\" \/><\/div><\/div><div  id=\"um_field_1676_phone_number\" class=\"um-field um-field-tel  um-field-phone_number um-field-tel um-field-type_tel\" data-key=\"phone_number\"><div class=\"um-field-label\"><div class=\"um-field-label-icon\"><i class=\"um-faicon-phone\" aria-label=\"Num\u00e9ro de t\u00e9l\u00e9phone\"><\/i><\/div><label for=\"phone_number-1676\">Num\u00e9ro de t\u00e9l\u00e9phone<\/label><div class=\"um-clear\"><\/div><\/div><div class=\"um-field-area\"><input  autocomplete=\"off\" class=\"um-form-field valid\" type=\"tel\" name=\"phone_number-1676\" id=\"phone_number-1676\" value=\"\" placeholder=\"\" data-validate=\"phone_number\" data-key=\"phone_number\"  aria-invalid=\"false\" \/>\n\n\t\t\t\t\t\t<\/div><\/div><div  id=\"um_field_1676_company_name\" class=\"um-field um-field-text  um-field-company_name um-field-text um-field-type_text\" data-key=\"company_name\"><div class=\"um-field-label\"><label for=\"company_name-1676\">Entreprise ou service d&#039;incendie<\/label><div class=\"um-clear\"><\/div><\/div><div class=\"um-field-area\"><input  autocomplete=\"off\" class=\"um-form-field valid\" type=\"text\" name=\"company_name-1676\" id=\"company_name-1676\" value=\"\" placeholder=\"\" data-validate=\"\" data-key=\"company_name\"  aria-invalid=\"false\" \/>\n\n\t\t\t\t\t\t<\/div><\/div><div  id=\"um_field_1676_job_title\" class=\"um-field um-field-text  um-field-job_title um-field-text um-field-type_text\" data-key=\"job_title\"><div class=\"um-field-label\"><label for=\"job_title-1676\">Titre d&#039;emploi<\/label><div class=\"um-clear\"><\/div><\/div><div class=\"um-field-area\"><input  autocomplete=\"off\" class=\"um-form-field valid\" type=\"text\" name=\"job_title-1676\" id=\"job_title-1676\" value=\"\" placeholder=\"\" data-validate=\"\" data-key=\"job_title\"  aria-invalid=\"false\" \/>\n\n\t\t\t\t\t\t<\/div><\/div><div  id=\"um_field_1676_address_line_1\" class=\"um-field um-field-text  um-field-address_line_1 um-field-text um-field-type_text\" data-key=\"address_line_1\"><div class=\"um-field-label\"><label for=\"address_line_1-1676\">Adresse Ligne 1<\/label><div class=\"um-clear\"><\/div><\/div><div class=\"um-field-area\"><input  autocomplete=\"off\" class=\"um-form-field valid\" type=\"text\" name=\"address_line_1-1676\" id=\"address_line_1-1676\" value=\"\" placeholder=\"\" data-validate=\"\" data-key=\"address_line_1\"  aria-invalid=\"false\" \/>\n\n\t\t\t\t\t\t<\/div><\/div><div  id=\"um_field_1676_address_line_2\" class=\"um-field um-field-text  um-field-address_line_2 um-field-text um-field-type_text\" data-key=\"address_line_2\"><div class=\"um-field-label\"><label for=\"address_line_2-1676\">Adresse ligne 2<\/label><div class=\"um-clear\"><\/div><\/div><div class=\"um-field-area\"><input  autocomplete=\"off\" class=\"um-form-field valid\" type=\"text\" name=\"address_line_2-1676\" id=\"address_line_2-1676\" value=\"\" placeholder=\"\" data-validate=\"\" data-key=\"address_line_2\"  aria-invalid=\"false\" \/>\n\n\t\t\t\t\t\t<\/div><\/div><div  id=\"um_field_1676_City\" class=\"um-field um-field-text  um-field-City um-field-text um-field-type_text\" data-key=\"City\"><div class=\"um-field-label\"><label for=\"City-1676\">Ville<\/label><div class=\"um-clear\"><\/div><\/div><div class=\"um-field-area\"><input  autocomplete=\"off\" class=\"um-form-field valid\" type=\"text\" name=\"City-1676\" id=\"City-1676\" value=\"\" placeholder=\"\" data-validate=\"alphabetic\" data-key=\"City\"  aria-invalid=\"false\" \/>\n\n\t\t\t\t\t\t<\/div><\/div><div  id=\"um_field_1676_province\" class=\"um-field um-field-text  um-field-province um-field-text um-field-type_text\" data-key=\"province\"><div class=\"um-field-label\"><label for=\"province-1676\">Province<\/label><div class=\"um-clear\"><\/div><\/div><div class=\"um-field-area\"><input  autocomplete=\"off\" class=\"um-form-field valid\" type=\"text\" name=\"province-1676\" id=\"province-1676\" value=\"\" placeholder=\"\" data-validate=\"\" data-key=\"province\"  aria-invalid=\"false\" \/>\n\n\t\t\t\t\t\t<\/div><\/div><div  id=\"um_field_1676_postal_code\" class=\"um-field um-field-text  um-field-postal_code um-field-text um-field-type_text\" data-key=\"postal_code\"><div class=\"um-field-label\"><label for=\"postal_code-1676\">Code Postal<\/label><div class=\"um-clear\"><\/div><\/div><div class=\"um-field-area\"><input  autocomplete=\"off\" class=\"um-form-field valid\" type=\"text\" name=\"postal_code-1676\" id=\"postal_code-1676\" value=\"\" placeholder=\"\" data-validate=\"0\" data-key=\"postal_code\"  aria-invalid=\"false\" \/>\n\n\t\t\t\t\t\t<\/div><\/div><div  id=\"um_field_1676_country\" class=\"um-field um-field-select  um-field-country um-field-select um-field-type_select\" data-key=\"country\"><div class=\"um-field-label\"><label for=\"country-1676\">Pays<\/label><div class=\"um-clear\"><\/div><\/div><div class=\"um-field-area\"><select data-default=\"\"     name=\"country\" id=\"country\" data-validate=\"\" data-key=\"country\" class=\"um-form-field valid um-s1\" style=\"width: 100%\" data-placeholder=\"Choose a Country\"   aria-invalid=\"false\" ><option value=\"\"><\/option><option value=\"Canada\" >Canada<\/option><option value=\"United States\" >\u00c9tats-Unis d&#039;Am\u00e9rique<\/option><option value=\"Other\" >Autres<\/option><\/select><\/div><\/div><div  id=\"um_field_1676_account_manager\" class=\"um-field um-field-radio  um-field-account_manager um-field-radio um-field-type_radio\" data-key=\"account_manager\"  aria-invalid=\"false\" ><div class=\"um-field-label\"><label for=\"account_manager-1676\">Votre gestionnaire de compte<\/label><div class=\"um-clear\"><\/div><\/div><div class=\"um-field-area\"><label class=\"um-field-radio  um-field-half\"><input  type=\"radio\" name=\"account_manager[]\" value=\"Eastern and Northern NS, Labrador and PEI\"  \/><span class=\"um-field-radio-state\"><i class=\"um-icon-android-radio-button-off\"><\/i><\/span><span class=\"um-field-radio-option\">Nord et Est de la Nouvelle-\u00c9cosse, Labrador et \u00ce.-P.-\u00c9.<\/span><\/label><label class=\"um-field-radio  um-field-half  right\"><input  type=\"radio\" name=\"account_manager[]\" value=\"Western\/South Shore NS\"  \/><span class=\"um-field-radio-state\"><i class=\"um-icon-android-radio-button-off\"><\/i><\/span><span class=\"um-field-radio-option\">Ouest et Rive Sud de la Nouvelle-\u00c9cosse<\/span><\/label><div class=\"um-clear\"><\/div><label class=\"um-field-radio  um-field-half\"><input  type=\"radio\" name=\"account_manager[]\" value=\"NB\"  \/><span class=\"um-field-radio-state\"><i class=\"um-icon-android-radio-button-off\"><\/i><\/span><span class=\"um-field-radio-option\">Nouveau Brunswick<\/span><\/label><label class=\"um-field-radio  um-field-half  right\"><input  type=\"radio\" name=\"account_manager[]\" value=\"Northern NB\"  \/><span class=\"um-field-radio-state\"><i class=\"um-icon-android-radio-button-off\"><\/i><\/span><span class=\"um-field-radio-option\">Nouveau Brunswick - Nord<\/span><\/label><div class=\"um-clear\"><\/div><label class=\"um-field-radio  um-field-half\"><input  type=\"radio\" name=\"account_manager[]\" value=\"Western NL\"  \/><span class=\"um-field-radio-state\"><i class=\"um-icon-android-radio-button-off\"><\/i><\/span><span class=\"um-field-radio-option\">Ouest de Terre-neuve-et-Labrador<\/span><\/label><label class=\"um-field-radio  um-field-half  right\"><input  type=\"radio\" name=\"account_manager[]\" value=\"Central and Eastern NL\"  \/><span class=\"um-field-radio-state\"><i class=\"um-icon-android-radio-button-off\"><\/i><\/span><span class=\"um-field-radio-option\">Centre et Est de Terre-Neuve-et-Labrador<\/span><\/label><div class=\"um-clear\"><\/div><label class=\"um-field-radio  um-field-half\"><input  type=\"radio\" name=\"account_manager[]\" value=\"Don&#039;t Know\"  \/><span class=\"um-field-radio-state\"><i class=\"um-icon-android-radio-button-off\"><\/i><\/span><span class=\"um-field-radio-option\">Je ne sais pas<\/span><\/label><div class=\"um-clear\"><\/div><\/div><\/div><\/div><\/div>\t<input type=\"hidden\" name=\"form_id\" id=\"form_id_1676\" value=\"1676\" \/>\n\t\t<p class=\"um_request_name\">\n\t\t<label for=\"um_request_1676\">Ne remplissez que si vous n&#039;\u00eates pas humain<\/label>\n\t\t<input type=\"hidden\" name=\"um_request\" id=\"um_request_1676\" class=\"input\" value=\"\" size=\"25\" autocomplete=\"off\" \/>\n\t<\/p>\n\t<input type=\"hidden\" id=\"_wpnonce\" name=\"_wpnonce\" value=\"effaea594b\" \/><input type=\"hidden\" name=\"_wp_http_referer\" value=\"\/fr\/wp-json\/wp\/v2\/pages\/1657\" \/>\n\t<div class=\"um-col-alt\">\n\n\t\t\n\t\t\t<div class=\"um-left um-half\">\n\t\t\t\t<input type=\"submit\" value=\"Une inscription\" class=\"um-button\" id=\"um-submit-btn\" \/>\n\t\t\t<\/div>\n\t\t\t<div class=\"um-right um-half\">\n\t\t\t\t<a href=\"https:\/\/safetysourcefire.ca\/fr\/login\/\" class=\"um-button um-alt\">\n\t\t\t\t\tRapport\t\t\t\t<\/a>\n\t\t\t<\/div>\n\n\t\t\n\t\t<div class=\"um-clear\"><\/div>\n\n\t<\/div>\n\n\t\t\t<input type=\"hidden\" name=\"trp-form-language\" value=\"fr\"\/><\/form>\n\t<\/div>\n<\/div>\n<style>\n\t\t\t.um-1676.um {\n\t\t\tmax-width: 450px;\n\t\t}\n\t\t<\/style>","protected":false},"excerpt":{"rendered":"","protected":false},"author":1,"featured_media":0,"parent":0,"menu_order":0,"comment_status":"closed","ping_status":"closed","template":"","meta":{"footnotes":""},"class_list":["post-1657","page","type-page","status-publish","hentry"],"yoast_head":"<!-- This site is optimized with the Yoast SEO plugin v27.4 - https:\/\/yoast.com\/product\/yoast-seo-wordpress\/ -->\n<title>Register - Safety Source Fire<\/title>\n<meta name=\"robots\" content=\"index, follow, max-snippet:-1, max-image-preview:large, max-video-preview:-1\" \/>\n<link rel=\"canonical\" href=\"https:\/\/safetysourcefire.ca\/fr\/register\/\" \/>\n<meta property=\"og:locale\" content=\"fr_CA\" \/>\n<meta property=\"og:type\" content=\"article\" \/>\n<meta property=\"og:title\" content=\"Register - Safety Source Fire\" \/>\n<meta property=\"og:url\" content=\"https:\/\/safetysourcefire.ca\/fr\/register\/\" \/>\n<meta property=\"og:site_name\" content=\"Safety Source Fire\" \/>\n<meta property=\"article:publisher\" content=\"https:\/\/www.facebook.com\/mmfssca\" \/>\n<meta property=\"article:modified_time\" content=\"2017-05-29T14:21:16+00:00\" \/>\n<meta name=\"twitter:card\" content=\"summary_large_image\" \/>\n<meta name=\"twitter:site\" content=\"@mmfssca\" \/>\n<script type=\"application\/ld+json\" class=\"yoast-schema-graph\">{\"@context\":\"https:\\\/\\\/schema.org\",\"@graph\":[{\"@type\":\"WebPage\",\"@id\":\"https:\\\/\\\/safetysourcefire.ca\\\/register\\\/\",\"url\":\"https:\\\/\\\/safetysourcefire.ca\\\/register\\\/\",\"name\":\"Register - Safety Source Fire\",\"isPartOf\":{\"@id\":\"https:\\\/\\\/safetysourcefire.ca\\\/#website\"},\"datePublished\":\"2017-05-29T13:48:21+00:00\",\"dateModified\":\"2017-05-29T14:21:16+00:00\",\"breadcrumb\":{\"@id\":\"https:\\\/\\\/safetysourcefire.ca\\\/register\\\/#breadcrumb\"},\"inLanguage\":\"fr-CA\",\"potentialAction\":[{\"@type\":\"ReadAction\",\"target\":[\"https:\\\/\\\/safetysourcefire.ca\\\/register\\\/\"]}]},{\"@type\":\"BreadcrumbList\",\"@id\":\"https:\\\/\\\/safetysourcefire.ca\\\/register\\\/#breadcrumb\",\"itemListElement\":[{\"@type\":\"ListItem\",\"position\":1,\"name\":\"Home\",\"item\":\"https:\\\/\\\/safetysourcefire.ca\\\/\"},{\"@type\":\"ListItem\",\"position\":2,\"name\":\"Register\"}]},{\"@type\":\"WebSite\",\"@id\":\"https:\\\/\\\/safetysourcefire.ca\\\/#website\",\"url\":\"https:\\\/\\\/safetysourcefire.ca\\\/\",\"name\":\"Safety Source Fire\",\"description\":\"\",\"publisher\":{\"@id\":\"https:\\\/\\\/safetysourcefire.ca\\\/#organization\"},\"potentialAction\":[{\"@type\":\"SearchAction\",\"target\":{\"@type\":\"EntryPoint\",\"urlTemplate\":\"https:\\\/\\\/safetysourcefire.ca\\\/?s={search_term_string}\"},\"query-input\":{\"@type\":\"PropertyValueSpecification\",\"valueRequired\":true,\"valueName\":\"search_term_string\"}}],\"inLanguage\":\"fr-CA\"},{\"@type\":\"Organization\",\"@id\":\"https:\\\/\\\/safetysourcefire.ca\\\/#organization\",\"name\":\"Safety Source Fire\",\"url\":\"https:\\\/\\\/safetysourcefire.ca\\\/\",\"logo\":{\"@type\":\"ImageObject\",\"inLanguage\":\"fr-CA\",\"@id\":\"https:\\\/\\\/safetysourcefire.ca\\\/#\\\/schema\\\/logo\\\/image\\\/\",\"url\":\"https:\\\/\\\/safetysourcefire.ca\\\/wp-content\\\/uploads\\\/2021\\\/01\\\/SSF_logo_CC0000-3.png\",\"contentUrl\":\"https:\\\/\\\/safetysourcefire.ca\\\/wp-content\\\/uploads\\\/2021\\\/01\\\/SSF_logo_CC0000-3.png\",\"width\":1107,\"height\":365,\"caption\":\"Safety Source Fire\"},\"image\":{\"@id\":\"https:\\\/\\\/safetysourcefire.ca\\\/#\\\/schema\\\/logo\\\/image\\\/\"},\"sameAs\":[\"https:\\\/\\\/www.facebook.com\\\/mmfssca\",\"https:\\\/\\\/x.com\\\/mmfssca\"]}]}<\/script>\n<!-- \/ Yoast SEO plugin. -->","yoast_head_json":{"title":"Register - Safety Source Fire","robots":{"index":"index","follow":"follow","max-snippet":"max-snippet:-1","max-image-preview":"max-image-preview:large","max-video-preview":"max-video-preview:-1"},"canonical":"https:\/\/safetysourcefire.ca\/fr\/register\/","og_locale":"fr_CA","og_type":"article","og_title":"Register - Safety Source Fire","og_url":"https:\/\/safetysourcefire.ca\/fr\/register\/","og_site_name":"Safety Source Fire","article_publisher":"https:\/\/www.facebook.com\/mmfssca","article_modified_time":"2017-05-29T14:21:16+00:00","twitter_card":"summary_large_image","twitter_site":"@mmfssca","schema":{"@context":"https:\/\/schema.org","@graph":[{"@type":"WebPage","@id":"https:\/\/safetysourcefire.ca\/register\/","url":"https:\/\/safetysourcefire.ca\/register\/","name":"Register - Safety Source Fire","isPartOf":{"@id":"https:\/\/safetysourcefire.ca\/#website"},"datePublished":"2017-05-29T13:48:21+00:00","dateModified":"2017-05-29T14:21:16+00:00","breadcrumb":{"@id":"https:\/\/safetysourcefire.ca\/register\/#breadcrumb"},"inLanguage":"fr-CA","potentialAction":[{"@type":"ReadAction","target":["https:\/\/safetysourcefire.ca\/register\/"]}]},{"@type":"BreadcrumbList","@id":"https:\/\/safetysourcefire.ca\/register\/#breadcrumb","itemListElement":[{"@type":"ListItem","position":1,"name":"Home","item":"https:\/\/safetysourcefire.ca\/"},{"@type":"ListItem","position":2,"name":"Register"}]},{"@type":"WebSite","@id":"https:\/\/safetysourcefire.ca\/#website","url":"https:\/\/safetysourcefire.ca\/","name":"Safety Source Fire","description":"","publisher":{"@id":"https:\/\/safetysourcefire.ca\/#organization"},"potentialAction":[{"@type":"SearchAction","target":{"@type":"EntryPoint","urlTemplate":"https:\/\/safetysourcefire.ca\/?s={search_term_string}"},"query-input":{"@type":"PropertyValueSpecification","valueRequired":true,"valueName":"search_term_string"}}],"inLanguage":"fr-CA"},{"@type":"Organization","@id":"https:\/\/safetysourcefire.ca\/#organization","name":"Safety Source Fire","url":"https:\/\/safetysourcefire.ca\/","logo":{"@type":"ImageObject","inLanguage":"fr-CA","@id":"https:\/\/safetysourcefire.ca\/#\/schema\/logo\/image\/","url":"https:\/\/safetysourcefire.ca\/wp-content\/uploads\/2021\/01\/SSF_logo_CC0000-3.png","contentUrl":"https:\/\/safetysourcefire.ca\/wp-content\/uploads\/2021\/01\/SSF_logo_CC0000-3.png","width":1107,"height":365,"caption":"Safety Source Fire"},"image":{"@id":"https:\/\/safetysourcefire.ca\/#\/schema\/logo\/image\/"},"sameAs":["https:\/\/www.facebook.com\/mmfssca","https:\/\/x.com\/mmfssca"]}]}},"_links":{"self":[{"href":"https:\/\/safetysourcefire.ca\/fr\/wp-json\/wp\/v2\/pages\/1657","targetHints":{"allow":["GET"]}}],"collection":[{"href":"https:\/\/safetysourcefire.ca\/fr\/wp-json\/wp\/v2\/pages"}],"about":[{"href":"https:\/\/safetysourcefire.ca\/fr\/wp-json\/wp\/v2\/types\/page"}],"author":[{"embeddable":true,"href":"https:\/\/safetysourcefire.ca\/fr\/wp-json\/wp\/v2\/users\/1"}],"replies":[{"embeddable":true,"href":"https:\/\/safetysourcefire.ca\/fr\/wp-json\/wp\/v2\/comments?post=1657"}],"version-history":[{"count":2,"href":"https:\/\/safetysourcefire.ca\/fr\/wp-json\/wp\/v2\/pages\/1657\/revisions"}],"predecessor-version":[{"id":1686,"href":"https:\/\/safetysourcefire.ca\/fr\/wp-json\/wp\/v2\/pages\/1657\/revisions\/1686"}],"wp:attachment":[{"href":"https:\/\/safetysourcefire.ca\/fr\/wp-json\/wp\/v2\/media?parent=1657"}],"curies":[{"name":"wp","href":"https:\/\/api.w.org\/{rel}","templated":true}]}}