{"id":2,"date":"2017-03-31T13:09:56","date_gmt":"2017-03-31T13:09:56","guid":{"rendered":"http:\/\/mmfss.ca\/?page_id=2"},"modified":"2024-11-19T15:28:18","modified_gmt":"2024-11-19T15:28:18","slug":"about","status":"publish","type":"page","link":"https:\/\/safetysourcefire.ca\/fr\/contact\/about\/","title":{"rendered":"\u00c0 propos de nous"},"content":{"rendered":"<p><strong>Safety Source Fire<\/strong> s&#039;engage \u00e0 garantir que le bon \u00e9quipement est disponible, \u00e0 un prix raisonnable, entretenu de mani\u00e8re efficace et efficiente et bien compris par nos clients. Nous sommes fiers d&#039;aider les pompiers du Canada atlantique \u00e0 comprendre, \u00e0 \u00e9valuer et \u00e0 acqu\u00e9rir l&#039;\u00e9quipement dont ils ont besoin pour faire leur travail de la mani\u00e8re la plus s\u00e9curitaire possible.<\/p>\n<p><a href=\"http:\/\/safetysourcegroup.ca\">Groupe de sources de s\u00e9curit\u00e9<\/a> sert fi\u00e8rement le Canada atlantique et comprend <a href=\"http:\/\/safetysourcefire.ca\/fr\/\">Safety Source Fire<\/a>, qui fournit du mat\u00e9riel et des v\u00e9hicules aux pompiers ; <a href=\"http:\/\/safetysourcemechanical.ca\">Source de s\u00e9curit\u00e9 m\u00e9canique<\/a>, qui propose des pi\u00e8ces et des services pour les appareils d&#039;incendie et les v\u00e9hicules d&#039;urgence\u00a0; et <a href=\"http:\/\/www.safetysourceindustrial.ca\">Source de s\u00e9curit\u00e9 industrielle<\/a>, qui fournit des \u00e9quipements de s\u00e9curit\u00e9 et d&#039;air respirable \u00e0 l&#039;industrie.<\/p>\n\n\n<p><\/p>","protected":false},"excerpt":{"rendered":"<p>Safety Source Fire is committed to ensuring that the right equipment is available, fairly priced, efficiently and effectively serviced and well understood by our customers. We are proud to help firefighters in Atlantic Canada understand, evaluate and acquire the equipment they need to do their jobs as safely as possible. Safety Source Group proudly serves [&hellip;]<\/p>\n","protected":false},"author":1,"featured_media":0,"parent":1406,"menu_order":0,"comment_status":"closed","ping_status":"closed","template":"","meta":{"footnotes":""},"class_list":["post-2","page","type-page","status-publish","hentry"],"yoast_head":"<!-- This site is optimized with the Yoast SEO plugin v27.4 - https:\/\/yoast.com\/product\/yoast-seo-wordpress\/ -->\n<title>About Us - Safety Source Fire<\/title>\n<meta name=\"robots\" content=\"index, follow, max-snippet:-1, max-image-preview:large, max-video-preview:-1\" \/>\n<link rel=\"canonical\" href=\"https:\/\/safetysourcefire.ca\/fr\/contact\/about\/\" \/>\n<meta property=\"og:locale\" content=\"fr_CA\" \/>\n<meta property=\"og:type\" content=\"article\" \/>\n<meta property=\"og:title\" content=\"About Us - Safety Source Fire\" \/>\n<meta property=\"og:description\" content=\"Safety Source Fire is committed to ensuring that the right equipment is available, fairly priced, efficiently and effectively serviced and well understood by our customers. We are proud to help firefighters in Atlantic Canada understand, evaluate and acquire the equipment they need to do their jobs as safely as possible. Safety Source Group proudly serves [&hellip;]\" \/>\n<meta property=\"og:url\" content=\"https:\/\/safetysourcefire.ca\/fr\/contact\/about\/\" \/>\n<meta property=\"og:site_name\" content=\"Safety Source Fire\" \/>\n<meta property=\"article:publisher\" content=\"https:\/\/www.facebook.com\/mmfssca\" \/>\n<meta property=\"article:modified_time\" content=\"2024-11-19T15:28:18+00:00\" \/>\n<meta name=\"twitter:card\" content=\"summary_large_image\" \/>\n<meta name=\"twitter:site\" content=\"@mmfssca\" \/>\n<meta name=\"twitter:label1\" content=\"Estimation du temps de lecture\" \/>\n\t<meta name=\"twitter:data1\" content=\"1 minute\" \/>\n<script type=\"application\/ld+json\" class=\"yoast-schema-graph\">{\"@context\":\"https:\\\/\\\/schema.org\",\"@graph\":[{\"@type\":\"WebPage\",\"@id\":\"https:\\\/\\\/safetysourcefire.ca\\\/contact\\\/about\\\/\",\"url\":\"https:\\\/\\\/safetysourcefire.ca\\\/contact\\\/about\\\/\",\"name\":\"About Us - Safety Source Fire\",\"isPartOf\":{\"@id\":\"https:\\\/\\\/safetysourcefire.ca\\\/#website\"},\"datePublished\":\"2017-03-31T13:09:56+00:00\",\"dateModified\":\"2024-11-19T15:28:18+00:00\",\"breadcrumb\":{\"@id\":\"https:\\\/\\\/safetysourcefire.ca\\\/contact\\\/about\\\/#breadcrumb\"},\"inLanguage\":\"fr-CA\",\"potentialAction\":[{\"@type\":\"ReadAction\",\"target\":[\"https:\\\/\\\/safetysourcefire.ca\\\/contact\\\/about\\\/\"]}]},{\"@type\":\"BreadcrumbList\",\"@id\":\"https:\\\/\\\/safetysourcefire.ca\\\/contact\\\/about\\\/#breadcrumb\",\"itemListElement\":[{\"@type\":\"ListItem\",\"position\":1,\"name\":\"Home\",\"item\":\"https:\\\/\\\/safetysourcefire.ca\\\/\"},{\"@type\":\"ListItem\",\"position\":2,\"name\":\"Contact\",\"item\":\"https:\\\/\\\/safetysourcefire.ca\\\/contact\\\/\"},{\"@type\":\"ListItem\",\"position\":3,\"name\":\"About Us\"}]},{\"@type\":\"WebSite\",\"@id\":\"https:\\\/\\\/safetysourcefire.ca\\\/#website\",\"url\":\"https:\\\/\\\/safetysourcefire.ca\\\/\",\"name\":\"Safety Source Fire\",\"description\":\"\",\"publisher\":{\"@id\":\"https:\\\/\\\/safetysourcefire.ca\\\/#organization\"},\"potentialAction\":[{\"@type\":\"SearchAction\",\"target\":{\"@type\":\"EntryPoint\",\"urlTemplate\":\"https:\\\/\\\/safetysourcefire.ca\\\/?s={search_term_string}\"},\"query-input\":{\"@type\":\"PropertyValueSpecification\",\"valueRequired\":true,\"valueName\":\"search_term_string\"}}],\"inLanguage\":\"fr-CA\"},{\"@type\":\"Organization\",\"@id\":\"https:\\\/\\\/safetysourcefire.ca\\\/#organization\",\"name\":\"Safety Source Fire\",\"url\":\"https:\\\/\\\/safetysourcefire.ca\\\/\",\"logo\":{\"@type\":\"ImageObject\",\"inLanguage\":\"fr-CA\",\"@id\":\"https:\\\/\\\/safetysourcefire.ca\\\/#\\\/schema\\\/logo\\\/image\\\/\",\"url\":\"https:\\\/\\\/safetysourcefire.ca\\\/wp-content\\\/uploads\\\/2021\\\/01\\\/SSF_logo_CC0000-3.png\",\"contentUrl\":\"https:\\\/\\\/safetysourcefire.ca\\\/wp-content\\\/uploads\\\/2021\\\/01\\\/SSF_logo_CC0000-3.png\",\"width\":1107,\"height\":365,\"caption\":\"Safety Source Fire\"},\"image\":{\"@id\":\"https:\\\/\\\/safetysourcefire.ca\\\/#\\\/schema\\\/logo\\\/image\\\/\"},\"sameAs\":[\"https:\\\/\\\/www.facebook.com\\\/mmfssca\",\"https:\\\/\\\/x.com\\\/mmfssca\"]}]}<\/script>\n<!-- \/ Yoast SEO plugin. -->","yoast_head_json":{"title":"\u00c0 propos de nous - Safety Source Fire","robots":{"index":"index","follow":"follow","max-snippet":"max-snippet:-1","max-image-preview":"max-image-preview:large","max-video-preview":"max-video-preview:-1"},"canonical":"https:\/\/safetysourcefire.ca\/fr\/contact\/about\/","og_locale":"fr_CA","og_type":"article","og_title":"About Us - Safety Source Fire","og_description":"Safety Source Fire is committed to ensuring that the right equipment is available, fairly priced, efficiently and effectively serviced and well understood by our customers. We are proud to help firefighters in Atlantic Canada understand, evaluate and acquire the equipment they need to do their jobs as safely as possible. Safety Source Group proudly serves [&hellip;]","og_url":"https:\/\/safetysourcefire.ca\/fr\/contact\/about\/","og_site_name":"Safety Source Fire","article_publisher":"https:\/\/www.facebook.com\/mmfssca","article_modified_time":"2024-11-19T15:28:18+00:00","twitter_card":"summary_large_image","twitter_site":"@mmfssca","twitter_misc":{"Estimation du temps de lecture":"1 minute"},"schema":{"@context":"https:\/\/schema.org","@graph":[{"@type":"WebPage","@id":"https:\/\/safetysourcefire.ca\/contact\/about\/","url":"https:\/\/safetysourcefire.ca\/contact\/about\/","name":"\u00c0 propos de nous - Safety Source Fire","isPartOf":{"@id":"https:\/\/safetysourcefire.ca\/#website"},"datePublished":"2017-03-31T13:09:56+00:00","dateModified":"2024-11-19T15:28:18+00:00","breadcrumb":{"@id":"https:\/\/safetysourcefire.ca\/contact\/about\/#breadcrumb"},"inLanguage":"fr-CA","potentialAction":[{"@type":"ReadAction","target":["https:\/\/safetysourcefire.ca\/contact\/about\/"]}]},{"@type":"BreadcrumbList","@id":"https:\/\/safetysourcefire.ca\/contact\/about\/#breadcrumb","itemListElement":[{"@type":"ListItem","position":1,"name":"Home","item":"https:\/\/safetysourcefire.ca\/"},{"@type":"ListItem","position":2,"name":"Contact","item":"https:\/\/safetysourcefire.ca\/contact\/"},{"@type":"ListItem","position":3,"name":"About Us"}]},{"@type":"WebSite","@id":"https:\/\/safetysourcefire.ca\/#website","url":"https:\/\/safetysourcefire.ca\/","name":"Safety Source Fire","description":"","publisher":{"@id":"https:\/\/safetysourcefire.ca\/#organization"},"potentialAction":[{"@type":"SearchAction","target":{"@type":"EntryPoint","urlTemplate":"https:\/\/safetysourcefire.ca\/?s={search_term_string}"},"query-input":{"@type":"PropertyValueSpecification","valueRequired":true,"valueName":"search_term_string"}}],"inLanguage":"fr-CA"},{"@type":"Organization","@id":"https:\/\/safetysourcefire.ca\/#organization","name":"Safety Source Fire","url":"https:\/\/safetysourcefire.ca\/","logo":{"@type":"ImageObject","inLanguage":"fr-CA","@id":"https:\/\/safetysourcefire.ca\/#\/schema\/logo\/image\/","url":"https:\/\/safetysourcefire.ca\/wp-content\/uploads\/2021\/01\/SSF_logo_CC0000-3.png","contentUrl":"https:\/\/safetysourcefire.ca\/wp-content\/uploads\/2021\/01\/SSF_logo_CC0000-3.png","width":1107,"height":365,"caption":"Safety Source Fire"},"image":{"@id":"https:\/\/safetysourcefire.ca\/#\/schema\/logo\/image\/"},"sameAs":["https:\/\/www.facebook.com\/mmfssca","https:\/\/x.com\/mmfssca"]}]}},"_links":{"self":[{"href":"https:\/\/safetysourcefire.ca\/fr\/wp-json\/wp\/v2\/pages\/2","targetHints":{"allow":["GET"]}}],"collection":[{"href":"https:\/\/safetysourcefire.ca\/fr\/wp-json\/wp\/v2\/pages"}],"about":[{"href":"https:\/\/safetysourcefire.ca\/fr\/wp-json\/wp\/v2\/types\/page"}],"author":[{"embeddable":true,"href":"https:\/\/safetysourcefire.ca\/fr\/wp-json\/wp\/v2\/users\/1"}],"replies":[{"embeddable":true,"href":"https:\/\/safetysourcefire.ca\/fr\/wp-json\/wp\/v2\/comments?post=2"}],"version-history":[{"count":7,"href":"https:\/\/safetysourcefire.ca\/fr\/wp-json\/wp\/v2\/pages\/2\/revisions"}],"predecessor-version":[{"id":29348,"href":"https:\/\/safetysourcefire.ca\/fr\/wp-json\/wp\/v2\/pages\/2\/revisions\/29348"}],"up":[{"embeddable":true,"href":"https:\/\/safetysourcefire.ca\/fr\/wp-json\/wp\/v2\/pages\/1406"}],"wp:attachment":[{"href":"https:\/\/safetysourcefire.ca\/fr\/wp-json\/wp\/v2\/media?parent=2"}],"curies":[{"name":"wp","href":"https:\/\/api.w.org\/{rel}","templated":true}]}}