{"id":2263,"date":"2017-06-08T13:19:54","date_gmt":"2017-06-08T13:19:54","guid":{"rendered":"http:\/\/mmfss.ca\/?page_id=2263"},"modified":"2021-09-08T18:07:16","modified_gmt":"2021-09-08T18:07:16","slug":"custom-chassis","status":"publish","type":"page","link":"https:\/\/safetysourcefire.ca\/fr\/vehicles\/pierce-manufacturing\/custom-chassis\/","title":{"rendered":"Ch\u00e2ssis personnalis\u00e9s"},"content":{"rendered":"<div id=\"pl-2263\"  class=\"panel-layout\" ><div id=\"pg-2263-0\"  class=\"panel-grid panel-has-style\" ><div class=\"panel-row-style panel-row-style-for-2263-0\" ><div id=\"pgc-2263-0-0\"  class=\"panel-grid-cell\" ><div id=\"panel-2263-0-0-0\" class=\"so-panel widget_sow-image panel-first-child panel-last-child\" data-index=\"0\" ><div class=\"panel-widget-style panel-widget-style-for-2263-0-0-0\" ><div\n\t\t\t\n\t\t\tclass=\"so-widget-sow-image so-widget-sow-image-default-c67d20f9f743-2263\"\n\t\t\t\n\t\t>\n<div class=\"sow-image-container\">\n\t\t<img \n\tsrc=\"https:\/\/safetysourcefire.ca\/wp-content\/uploads\/2017\/04\/PierceLogo_Tag_Black-300x103.png\" width=\"300\" height=\"103\" srcset=\"https:\/\/safetysourcefire.ca\/wp-content\/uploads\/2017\/04\/PierceLogo_Tag_Black-300x103.png 300w, https:\/\/safetysourcefire.ca\/wp-content\/uploads\/2017\/04\/PierceLogo_Tag_Black-416x143.png 416w, https:\/\/safetysourcefire.ca\/wp-content\/uploads\/2017\/04\/PierceLogo_Tag_Black-150x52.png 150w, https:\/\/safetysourcefire.ca\/wp-content\/uploads\/2017\/04\/PierceLogo_Tag_Black.png 450w\" sizes=\"(max-width: 300px) 100vw, 300px\" alt=\"Pierce logo\" \t\tclass=\"so-widget-image\"\/>\n\t<\/div>\n\n<\/div><\/div><\/div><\/div><\/div><\/div><div id=\"pg-2263-1\"  class=\"panel-grid panel-no-style\" ><div id=\"pgc-2263-1-0\"  class=\"panel-grid-cell\" ><div id=\"panel-2263-1-0-0\" class=\"so-panel widget_sow-editor panel-first-child panel-last-child\" data-index=\"1\" ><div\n\t\t\t\n\t\t\tclass=\"so-widget-sow-editor so-widget-sow-editor-base\"\n\t\t\t\n\t\t>\n<div class=\"siteorigin-widget-tinymce textwidget\">\n\t<h2>Un ch\u00e2ssis d\u00e9termine tout:<\/h2>\n<p>Comment vous conduisez, vous g\u00e9rez, vous  arr\u00eatez et vous vous installez sur les lieux.<\/p>\n<\/div>\n<\/div><\/div><\/div><div id=\"pgc-2263-1-1\"  class=\"panel-grid-cell\" ><div id=\"panel-2263-1-1-0\" class=\"so-panel widget_sow-button panel-first-child panel-last-child\" data-index=\"2\" ><div\n\t\t\t\n\t\t\tclass=\"so-widget-sow-button so-widget-sow-button-atom-1ec46a473f6d-2263\"\n\t\t\t\n\t\t><div class=\"ow-button-base ow-button-align-center\"\n>\n\t\t\t<a\n\t\t\t\t\thref=\"https:\/\/safetysourcefire.ca\/wp-content\/uploads\/2021\/09\/Pierce-Manufacturing-Custom-Chassis-7-21_lo.pdf\"\n\t\t\t\t\tclass=\"sowb-button ow-icon-placement-left ow-button-hover\" \t>\n\t\t<span>\n\t\t\t\n\t\t\tT\u00e9l\u00e9chargez la brochure\t\t<\/span>\n\t\t\t<\/a>\n\t<\/div>\n<\/div><\/div><\/div><\/div><div id=\"pg-2263-2\"  class=\"panel-grid panel-no-style\" ><div id=\"pgc-2263-2-0\"  class=\"panel-grid-cell\" ><div id=\"panel-2263-2-0-0\" class=\"so-panel widget_sow-editor panel-first-child panel-last-child\" data-index=\"3\" ><div\n\t\t\t\n\t\t\tclass=\"so-widget-sow-editor so-widget-sow-editor-base\"\n\t\t\t\n\t\t><h3 class=\"widget-title\">CONFIGURATIONS<\/h3>\n<div class=\"siteorigin-widget-tinymce textwidget\">\n\t<table style=\"width: 100%;\">\n<tbody>\n<tr>\n<th style=\"text-align: center;\"><a href=\"https:\/\/safetysourcefire.ca\/fr\/vehicles\/pierce-manufacturing\/custom-chassis\/pierce-arrow-xt\/\"><img loading=\"lazy\" decoding=\"async\" class=\"alignnone wp-image-2177 size-medium\" src=\"https:\/\/safetysourcefire.ca\/wp-content\/uploads\/2017\/06\/Pierce-ArrowXT-Custom-Chassis-Header-300x135.jpg\" alt=\"Pierce ArrowXT Custom Chassis\" width=\"300\" height=\"135\" srcset=\"https:\/\/safetysourcefire.ca\/wp-content\/uploads\/2017\/06\/Pierce-ArrowXT-Custom-Chassis-Header-300x135.jpg 300w, https:\/\/safetysourcefire.ca\/wp-content\/uploads\/2017\/06\/Pierce-ArrowXT-Custom-Chassis-Header-416x187.jpg 416w, https:\/\/safetysourcefire.ca\/wp-content\/uploads\/2017\/06\/Pierce-ArrowXT-Custom-Chassis-Header-150x68.jpg 150w, https:\/\/safetysourcefire.ca\/wp-content\/uploads\/2017\/06\/Pierce-ArrowXT-Custom-Chassis-Header-768x346.jpg 768w, https:\/\/safetysourcefire.ca\/wp-content\/uploads\/2017\/06\/Pierce-ArrowXT-Custom-Chassis-Header.jpg 1200w\" sizes=\"auto, (max-width: 300px) 100vw, 300px\" \/><\/a><\/th>\n<th><a href=\"https:\/\/safetysourcefire.ca\/fr\/vehicles\/pierce-manufacturing\/custom-chassis\/dash-cf\/\"><img loading=\"lazy\" decoding=\"async\" class=\"alignnone wp-image-2281 size-medium\" src=\"https:\/\/safetysourcefire.ca\/wp-content\/uploads\/2017\/06\/Pierce-DashCF-Custom-Chassis-Header-300x135.jpg\" alt=\"Custom Chassis Dash CF\" width=\"300\" height=\"135\" srcset=\"https:\/\/safetysourcefire.ca\/wp-content\/uploads\/2017\/06\/Pierce-DashCF-Custom-Chassis-Header-300x135.jpg 300w, https:\/\/safetysourcefire.ca\/wp-content\/uploads\/2017\/06\/Pierce-DashCF-Custom-Chassis-Header-416x187.jpg 416w, https:\/\/safetysourcefire.ca\/wp-content\/uploads\/2017\/06\/Pierce-DashCF-Custom-Chassis-Header-150x68.jpg 150w, https:\/\/safetysourcefire.ca\/wp-content\/uploads\/2017\/06\/Pierce-DashCF-Custom-Chassis-Header-768x346.jpg 768w, https:\/\/safetysourcefire.ca\/wp-content\/uploads\/2017\/06\/Pierce-DashCF-Custom-Chassis-Header.jpg 1200w\" sizes=\"auto, (max-width: 300px) 100vw, 300px\" \/><\/a><\/th>\n<th><a href=\"https:\/\/safetysourcefire.ca\/fr\/vehicles\/pierce-manufacturing\/custom-chassis\/enforcer\/\"><img loading=\"lazy\" decoding=\"async\" class=\"alignnone wp-image-2280 size-medium\" src=\"https:\/\/safetysourcefire.ca\/wp-content\/uploads\/2017\/06\/Pierce-Enforcer-Custom-Chassis-Header-300x135.jpg\" alt=\"Pierce Enforcer Custom Chassis\" width=\"300\" height=\"135\" srcset=\"https:\/\/safetysourcefire.ca\/wp-content\/uploads\/2017\/06\/Pierce-Enforcer-Custom-Chassis-Header-300x135.jpg 300w, https:\/\/safetysourcefire.ca\/wp-content\/uploads\/2017\/06\/Pierce-Enforcer-Custom-Chassis-Header-416x187.jpg 416w, https:\/\/safetysourcefire.ca\/wp-content\/uploads\/2017\/06\/Pierce-Enforcer-Custom-Chassis-Header-150x68.jpg 150w, https:\/\/safetysourcefire.ca\/wp-content\/uploads\/2017\/06\/Pierce-Enforcer-Custom-Chassis-Header-768x346.jpg 768w, https:\/\/safetysourcefire.ca\/wp-content\/uploads\/2017\/06\/Pierce-Enforcer-Custom-Chassis-Header.jpg 1200w\" sizes=\"auto, (max-width: 300px) 100vw, 300px\" \/><\/a><\/th>\n<\/tr>\n<tr>\n<td style=\"text-align: center;\"><a href=\"https:\/\/safetysourcefire.ca\/fr\/vehicles\/pierce-manufacturing\/custom-chassis\/pierce-arrow-xt\/\">Arrow XT<\/a><\/td>\n<td style=\"text-align: center;\"><a href=\"https:\/\/safetysourcefire.ca\/fr\/vehicles\/pierce-manufacturing\/custom-chassis\/dash-cf\/\">Dash CF<\/a><\/td>\n<td style=\"text-align: center;\"><a href=\"https:\/\/safetysourcefire.ca\/fr\/vehicles\/pierce-manufacturing\/custom-chassis\/enforcer\/\">Enforcer<\/a><\/td>\n<\/tr>\n<tr>\n<td><a href=\"https:\/\/safetysourcefire.ca\/fr\/vehicles\/pierce-manufacturing\/custom-chassis\/impel\/\"><img loading=\"lazy\" decoding=\"async\" class=\"aligncenter wp-image-2279 size-medium\" src=\"https:\/\/safetysourcefire.ca\/wp-content\/uploads\/2017\/06\/Pierce-Impel-Custom-Chassis-Header-300x135.jpg\" alt=\"Pierce Impel Custom Chassis\" width=\"300\" height=\"135\" srcset=\"https:\/\/safetysourcefire.ca\/wp-content\/uploads\/2017\/06\/Pierce-Impel-Custom-Chassis-Header-300x135.jpg 300w, https:\/\/safetysourcefire.ca\/wp-content\/uploads\/2017\/06\/Pierce-Impel-Custom-Chassis-Header-416x187.jpg 416w, https:\/\/safetysourcefire.ca\/wp-content\/uploads\/2017\/06\/Pierce-Impel-Custom-Chassis-Header-150x68.jpg 150w, https:\/\/safetysourcefire.ca\/wp-content\/uploads\/2017\/06\/Pierce-Impel-Custom-Chassis-Header-768x346.jpg 768w, https:\/\/safetysourcefire.ca\/wp-content\/uploads\/2017\/06\/Pierce-Impel-Custom-Chassis-Header.jpg 1200w\" sizes=\"auto, (max-width: 300px) 100vw, 300px\" \/><\/a><\/td>\n<td><a href=\"https:\/\/safetysourcefire.ca\/fr\/vehicles\/pierce-manufacturing\/custom-chassis\/quantum\/\"><img loading=\"lazy\" decoding=\"async\" class=\"aligncenter wp-image-2278 size-medium\" src=\"https:\/\/safetysourcefire.ca\/wp-content\/uploads\/2017\/06\/Pierce-Quantum-Custom-Chassis-Header-300x135.jpg\" alt=\"Pierce Quantum Custom Chassis\" width=\"300\" height=\"135\" srcset=\"https:\/\/safetysourcefire.ca\/wp-content\/uploads\/2017\/06\/Pierce-Quantum-Custom-Chassis-Header-300x135.jpg 300w, https:\/\/safetysourcefire.ca\/wp-content\/uploads\/2017\/06\/Pierce-Quantum-Custom-Chassis-Header-416x187.jpg 416w, https:\/\/safetysourcefire.ca\/wp-content\/uploads\/2017\/06\/Pierce-Quantum-Custom-Chassis-Header-150x68.jpg 150w, https:\/\/safetysourcefire.ca\/wp-content\/uploads\/2017\/06\/Pierce-Quantum-Custom-Chassis-Header-768x346.jpg 768w, https:\/\/safetysourcefire.ca\/wp-content\/uploads\/2017\/06\/Pierce-Quantum-Custom-Chassis-Header.jpg 1200w\" sizes=\"auto, (max-width: 300px) 100vw, 300px\" \/><\/a><\/td>\n<td><a href=\"https:\/\/safetysourcefire.ca\/fr\/vehicles\/pierce-manufacturing\/custom-chassis\/saber\/\"><img loading=\"lazy\" decoding=\"async\" class=\"aligncenter wp-image-2277 size-medium\" src=\"https:\/\/safetysourcefire.ca\/wp-content\/uploads\/2017\/06\/Pierce-Saber-Custom-Chassis-Header-300x135.jpg\" alt=\"Pierce Saber Custom Chassis\" width=\"300\" height=\"135\" srcset=\"https:\/\/safetysourcefire.ca\/wp-content\/uploads\/2017\/06\/Pierce-Saber-Custom-Chassis-Header-300x135.jpg 300w, https:\/\/safetysourcefire.ca\/wp-content\/uploads\/2017\/06\/Pierce-Saber-Custom-Chassis-Header-416x187.jpg 416w, https:\/\/safetysourcefire.ca\/wp-content\/uploads\/2017\/06\/Pierce-Saber-Custom-Chassis-Header-150x68.jpg 150w, https:\/\/safetysourcefire.ca\/wp-content\/uploads\/2017\/06\/Pierce-Saber-Custom-Chassis-Header-768x346.jpg 768w, https:\/\/safetysourcefire.ca\/wp-content\/uploads\/2017\/06\/Pierce-Saber-Custom-Chassis-Header.jpg 1200w\" sizes=\"auto, (max-width: 300px) 100vw, 300px\" \/><\/a><\/td>\n<\/tr>\n<tr>\n<td style=\"text-align: center;\"><a href=\"https:\/\/safetysourcefire.ca\/fr\/vehicles\/pierce-manufacturing\/custom-chassis\/impel\/\">Impel<\/a><\/td>\n<td style=\"text-align: center;\"><a href=\"https:\/\/safetysourcefire.ca\/fr\/vehicles\/pierce-manufacturing\/custom-chassis\/quantum\/\">Quantum<\/a><\/td>\n<td style=\"text-align: center;\"><a href=\"https:\/\/safetysourcefire.ca\/fr\/vehicles\/pierce-manufacturing\/custom-chassis\/saber\/\">Saber<\/a><\/td>\n<\/tr>\n<tr>\n<th style=\"text-align: center;\"><\/th>\n<th><a href=\"https:\/\/safetysourcefire.ca\/fr\/fire-apparatus\/pierce-manufacturing\/custom-chassis\/velocity\/\"><img loading=\"lazy\" decoding=\"async\" class=\"alignnone wp-image-2276 size-medium\" src=\"https:\/\/safetysourcefire.ca\/wp-content\/uploads\/2017\/06\/Pierce-Velocity-Custom-Chassis-Header-300x135.jpg\" alt=\"Pierce VelocityCustomChassis\" width=\"300\" height=\"135\" srcset=\"https:\/\/safetysourcefire.ca\/wp-content\/uploads\/2017\/06\/Pierce-Velocity-Custom-Chassis-Header-300x135.jpg 300w, https:\/\/safetysourcefire.ca\/wp-content\/uploads\/2017\/06\/Pierce-Velocity-Custom-Chassis-Header-416x187.jpg 416w, https:\/\/safetysourcefire.ca\/wp-content\/uploads\/2017\/06\/Pierce-Velocity-Custom-Chassis-Header-150x68.jpg 150w, https:\/\/safetysourcefire.ca\/wp-content\/uploads\/2017\/06\/Pierce-Velocity-Custom-Chassis-Header-768x346.jpg 768w, https:\/\/safetysourcefire.ca\/wp-content\/uploads\/2017\/06\/Pierce-Velocity-Custom-Chassis-Header.jpg 1200w\" sizes=\"auto, (max-width: 300px) 100vw, 300px\" \/><\/a><\/th>\n<th><\/th>\n<\/tr>\n<tr>\n<td style=\"text-align: center;\"><\/td>\n<td style=\"text-align: center;\"><a href=\"https:\/\/safetysourcefire.ca\/fr\/vehicles\/pierce-manufacturing\/custom-chassis\/velocity\/\">Velocity<\/a><\/td>\n<td style=\"text-align: center;\"><\/td>\n<\/tr>\n<\/tbody>\n<\/table>\n<p style=\"text-align: center;\">\n<\/div>\n<\/div><\/div><\/div><\/div><\/div>","protected":false},"excerpt":{"rendered":"<p>Un ch\u00e2ssis d\u00e9termine tout : la fa\u00e7on dont vous conduisez, manipulez, arr\u00eatez et installez-vous sur les lieux.<\/p>","protected":false},"author":2,"featured_media":2264,"parent":130,"menu_order":0,"comment_status":"closed","ping_status":"closed","template":"","meta":{"footnotes":""},"class_list":["post-2263","page","type-page","status-publish","has-post-thumbnail","hentry"],"yoast_head":"<!-- This site is optimized with the Yoast SEO plugin v27.4 - https:\/\/yoast.com\/product\/yoast-seo-wordpress\/ -->\n<title>Custom Chassis - Safety Source Fire<\/title>\n<meta name=\"robots\" content=\"index, follow, max-snippet:-1, max-image-preview:large, max-video-preview:-1\" \/>\n<link rel=\"canonical\" href=\"https:\/\/safetysourcefire.ca\/fr\/vehicles\/pierce-manufacturing\/custom-chassis\/\" \/>\n<meta property=\"og:locale\" content=\"fr_CA\" \/>\n<meta property=\"og:type\" content=\"article\" \/>\n<meta property=\"og:title\" content=\"Custom Chassis - Safety Source Fire\" \/>\n<meta property=\"og:description\" content=\"A Chassis Determines Everything:How you ride, handle, stop and\u00a0set up at the scene.\" \/>\n<meta property=\"og:url\" content=\"https:\/\/safetysourcefire.ca\/fr\/vehicles\/pierce-manufacturing\/custom-chassis\/\" \/>\n<meta property=\"og:site_name\" content=\"Safety Source Fire\" \/>\n<meta property=\"article:publisher\" content=\"https:\/\/www.facebook.com\/mmfssca\" \/>\n<meta property=\"article:modified_time\" content=\"2021-09-08T18:07:16+00:00\" \/>\n<meta property=\"og:image\" content=\"https:\/\/safetysourcefire.ca\/wp-content\/uploads\/2017\/06\/Pierce-Custom-Chassis-Offerings.png\" \/>\n\t<meta property=\"og:image:width\" content=\"1200\" \/>\n\t<meta property=\"og:image:height\" content=\"375\" \/>\n\t<meta property=\"og:image:type\" content=\"image\/png\" \/>\n<meta name=\"twitter:card\" content=\"summary_large_image\" \/>\n<meta name=\"twitter:site\" content=\"@mmfssca\" \/>\n<meta name=\"twitter:label1\" content=\"Estimation du temps de lecture\" \/>\n\t<meta name=\"twitter:data1\" content=\"2 minutes\" \/>\n<script type=\"application\/ld+json\" class=\"yoast-schema-graph\">{\"@context\":\"https:\\\/\\\/schema.org\",\"@graph\":[{\"@type\":\"WebPage\",\"@id\":\"https:\\\/\\\/safetysourcefire.ca\\\/vehicles\\\/pierce-manufacturing\\\/custom-chassis\\\/\",\"url\":\"https:\\\/\\\/safetysourcefire.ca\\\/vehicles\\\/pierce-manufacturing\\\/custom-chassis\\\/\",\"name\":\"Custom Chassis - Safety Source Fire\",\"isPartOf\":{\"@id\":\"https:\\\/\\\/safetysourcefire.ca\\\/#website\"},\"primaryImageOfPage\":{\"@id\":\"https:\\\/\\\/safetysourcefire.ca\\\/vehicles\\\/pierce-manufacturing\\\/custom-chassis\\\/#primaryimage\"},\"image\":{\"@id\":\"https:\\\/\\\/safetysourcefire.ca\\\/vehicles\\\/pierce-manufacturing\\\/custom-chassis\\\/#primaryimage\"},\"thumbnailUrl\":\"https:\\\/\\\/safetysourcefire.ca\\\/wp-content\\\/uploads\\\/2017\\\/06\\\/Pierce-Custom-Chassis-Offerings.png\",\"datePublished\":\"2017-06-08T13:19:54+00:00\",\"dateModified\":\"2021-09-08T18:07:16+00:00\",\"breadcrumb\":{\"@id\":\"https:\\\/\\\/safetysourcefire.ca\\\/vehicles\\\/pierce-manufacturing\\\/custom-chassis\\\/#breadcrumb\"},\"inLanguage\":\"fr-CA\",\"potentialAction\":[{\"@type\":\"ReadAction\",\"target\":[\"https:\\\/\\\/safetysourcefire.ca\\\/vehicles\\\/pierce-manufacturing\\\/custom-chassis\\\/\"]}]},{\"@type\":\"ImageObject\",\"inLanguage\":\"fr-CA\",\"@id\":\"https:\\\/\\\/safetysourcefire.ca\\\/vehicles\\\/pierce-manufacturing\\\/custom-chassis\\\/#primaryimage\",\"url\":\"https:\\\/\\\/safetysourcefire.ca\\\/wp-content\\\/uploads\\\/2017\\\/06\\\/Pierce-Custom-Chassis-Offerings.png\",\"contentUrl\":\"https:\\\/\\\/safetysourcefire.ca\\\/wp-content\\\/uploads\\\/2017\\\/06\\\/Pierce-Custom-Chassis-Offerings.png\",\"width\":1200,\"height\":375,\"caption\":\"Pierce Custom Chassis\"},{\"@type\":\"BreadcrumbList\",\"@id\":\"https:\\\/\\\/safetysourcefire.ca\\\/vehicles\\\/pierce-manufacturing\\\/custom-chassis\\\/#breadcrumb\",\"itemListElement\":[{\"@type\":\"ListItem\",\"position\":1,\"name\":\"Home\",\"item\":\"https:\\\/\\\/safetysourcefire.ca\\\/\"},{\"@type\":\"ListItem\",\"position\":2,\"name\":\"Vehicles\",\"item\":\"https:\\\/\\\/safetysourcefire.ca\\\/vehicles\\\/\"},{\"@type\":\"ListItem\",\"position\":3,\"name\":\"Pierce Manufacturing\",\"item\":\"https:\\\/\\\/safetysourcefire.ca\\\/vehicles\\\/pierce-manufacturing\\\/\"},{\"@type\":\"ListItem\",\"position\":4,\"name\":\"Custom Chassis\"}]},{\"@type\":\"WebSite\",\"@id\":\"https:\\\/\\\/safetysourcefire.ca\\\/#website\",\"url\":\"https:\\\/\\\/safetysourcefire.ca\\\/\",\"name\":\"Safety Source Fire\",\"description\":\"\",\"publisher\":{\"@id\":\"https:\\\/\\\/safetysourcefire.ca\\\/#organization\"},\"potentialAction\":[{\"@type\":\"SearchAction\",\"target\":{\"@type\":\"EntryPoint\",\"urlTemplate\":\"https:\\\/\\\/safetysourcefire.ca\\\/?s={search_term_string}\"},\"query-input\":{\"@type\":\"PropertyValueSpecification\",\"valueRequired\":true,\"valueName\":\"search_term_string\"}}],\"inLanguage\":\"fr-CA\"},{\"@type\":\"Organization\",\"@id\":\"https:\\\/\\\/safetysourcefire.ca\\\/#organization\",\"name\":\"Safety Source Fire\",\"url\":\"https:\\\/\\\/safetysourcefire.ca\\\/\",\"logo\":{\"@type\":\"ImageObject\",\"inLanguage\":\"fr-CA\",\"@id\":\"https:\\\/\\\/safetysourcefire.ca\\\/#\\\/schema\\\/logo\\\/image\\\/\",\"url\":\"https:\\\/\\\/safetysourcefire.ca\\\/wp-content\\\/uploads\\\/2021\\\/01\\\/SSF_logo_CC0000-3.png\",\"contentUrl\":\"https:\\\/\\\/safetysourcefire.ca\\\/wp-content\\\/uploads\\\/2021\\\/01\\\/SSF_logo_CC0000-3.png\",\"width\":1107,\"height\":365,\"caption\":\"Safety Source Fire\"},\"image\":{\"@id\":\"https:\\\/\\\/safetysourcefire.ca\\\/#\\\/schema\\\/logo\\\/image\\\/\"},\"sameAs\":[\"https:\\\/\\\/www.facebook.com\\\/mmfssca\",\"https:\\\/\\\/x.com\\\/mmfssca\"]}]}<\/script>\n<!-- \/ Yoast SEO plugin. -->","yoast_head_json":{"title":"Ch\u00e2ssis personnalis\u00e9 - Source de s\u00e9curit\u00e9 incendie","robots":{"index":"index","follow":"follow","max-snippet":"max-snippet:-1","max-image-preview":"max-image-preview:large","max-video-preview":"max-video-preview:-1"},"canonical":"https:\/\/safetysourcefire.ca\/fr\/vehicles\/pierce-manufacturing\/custom-chassis\/","og_locale":"fr_CA","og_type":"article","og_title":"Custom Chassis - Safety Source Fire","og_description":"A Chassis Determines Everything:How you ride, handle, stop and\u00a0set up at the scene.","og_url":"https:\/\/safetysourcefire.ca\/fr\/vehicles\/pierce-manufacturing\/custom-chassis\/","og_site_name":"Safety Source Fire","article_publisher":"https:\/\/www.facebook.com\/mmfssca","article_modified_time":"2021-09-08T18:07:16+00:00","og_image":[{"width":1200,"height":375,"url":"https:\/\/safetysourcefire.ca\/wp-content\/uploads\/2017\/06\/Pierce-Custom-Chassis-Offerings.png","type":"image\/png"}],"twitter_card":"summary_large_image","twitter_site":"@mmfssca","twitter_misc":{"Estimation du temps de lecture":"2 minutes"},"schema":{"@context":"https:\/\/schema.org","@graph":[{"@type":"WebPage","@id":"https:\/\/safetysourcefire.ca\/vehicles\/pierce-manufacturing\/custom-chassis\/","url":"https:\/\/safetysourcefire.ca\/vehicles\/pierce-manufacturing\/custom-chassis\/","name":"Ch\u00e2ssis personnalis\u00e9 - Source de s\u00e9curit\u00e9 incendie","isPartOf":{"@id":"https:\/\/safetysourcefire.ca\/#website"},"primaryImageOfPage":{"@id":"https:\/\/safetysourcefire.ca\/vehicles\/pierce-manufacturing\/custom-chassis\/#primaryimage"},"image":{"@id":"https:\/\/safetysourcefire.ca\/vehicles\/pierce-manufacturing\/custom-chassis\/#primaryimage"},"thumbnailUrl":"https:\/\/safetysourcefire.ca\/wp-content\/uploads\/2017\/06\/Pierce-Custom-Chassis-Offerings.png","datePublished":"2017-06-08T13:19:54+00:00","dateModified":"2021-09-08T18:07:16+00:00","breadcrumb":{"@id":"https:\/\/safetysourcefire.ca\/vehicles\/pierce-manufacturing\/custom-chassis\/#breadcrumb"},"inLanguage":"fr-CA","potentialAction":[{"@type":"ReadAction","target":["https:\/\/safetysourcefire.ca\/vehicles\/pierce-manufacturing\/custom-chassis\/"]}]},{"@type":"ImageObject","inLanguage":"fr-CA","@id":"https:\/\/safetysourcefire.ca\/vehicles\/pierce-manufacturing\/custom-chassis\/#primaryimage","url":"https:\/\/safetysourcefire.ca\/wp-content\/uploads\/2017\/06\/Pierce-Custom-Chassis-Offerings.png","contentUrl":"https:\/\/safetysourcefire.ca\/wp-content\/uploads\/2017\/06\/Pierce-Custom-Chassis-Offerings.png","width":1200,"height":375,"caption":"Pierce Custom Chassis"},{"@type":"BreadcrumbList","@id":"https:\/\/safetysourcefire.ca\/vehicles\/pierce-manufacturing\/custom-chassis\/#breadcrumb","itemListElement":[{"@type":"ListItem","position":1,"name":"Home","item":"https:\/\/safetysourcefire.ca\/"},{"@type":"ListItem","position":2,"name":"Vehicles","item":"https:\/\/safetysourcefire.ca\/vehicles\/"},{"@type":"ListItem","position":3,"name":"Pierce Manufacturing","item":"https:\/\/safetysourcefire.ca\/vehicles\/pierce-manufacturing\/"},{"@type":"ListItem","position":4,"name":"Custom Chassis"}]},{"@type":"WebSite","@id":"https:\/\/safetysourcefire.ca\/#website","url":"https:\/\/safetysourcefire.ca\/","name":"Safety Source Fire","description":"","publisher":{"@id":"https:\/\/safetysourcefire.ca\/#organization"},"potentialAction":[{"@type":"SearchAction","target":{"@type":"EntryPoint","urlTemplate":"https:\/\/safetysourcefire.ca\/?s={search_term_string}"},"query-input":{"@type":"PropertyValueSpecification","valueRequired":true,"valueName":"search_term_string"}}],"inLanguage":"fr-CA"},{"@type":"Organization","@id":"https:\/\/safetysourcefire.ca\/#organization","name":"Safety Source Fire","url":"https:\/\/safetysourcefire.ca\/","logo":{"@type":"ImageObject","inLanguage":"fr-CA","@id":"https:\/\/safetysourcefire.ca\/#\/schema\/logo\/image\/","url":"https:\/\/safetysourcefire.ca\/wp-content\/uploads\/2021\/01\/SSF_logo_CC0000-3.png","contentUrl":"https:\/\/safetysourcefire.ca\/wp-content\/uploads\/2021\/01\/SSF_logo_CC0000-3.png","width":1107,"height":365,"caption":"Safety Source Fire"},"image":{"@id":"https:\/\/safetysourcefire.ca\/#\/schema\/logo\/image\/"},"sameAs":["https:\/\/www.facebook.com\/mmfssca","https:\/\/x.com\/mmfssca"]}]}},"_links":{"self":[{"href":"https:\/\/safetysourcefire.ca\/fr\/wp-json\/wp\/v2\/pages\/2263","targetHints":{"allow":["GET"]}}],"collection":[{"href":"https:\/\/safetysourcefire.ca\/fr\/wp-json\/wp\/v2\/pages"}],"about":[{"href":"https:\/\/safetysourcefire.ca\/fr\/wp-json\/wp\/v2\/types\/page"}],"author":[{"embeddable":true,"href":"https:\/\/safetysourcefire.ca\/fr\/wp-json\/wp\/v2\/users\/2"}],"replies":[{"embeddable":true,"href":"https:\/\/safetysourcefire.ca\/fr\/wp-json\/wp\/v2\/comments?post=2263"}],"version-history":[{"count":72,"href":"https:\/\/safetysourcefire.ca\/fr\/wp-json\/wp\/v2\/pages\/2263\/revisions"}],"predecessor-version":[{"id":2275,"href":"https:\/\/safetysourcefire.ca\/fr\/wp-json\/wp\/v2\/pages\/2263\/revisions\/2275"}],"up":[{"embeddable":true,"href":"https:\/\/safetysourcefire.ca\/fr\/wp-json\/wp\/v2\/pages\/130"}],"wp:featuredmedia":[{"embeddable":true,"href":"https:\/\/safetysourcefire.ca\/fr\/wp-json\/wp\/v2\/media\/2264"}],"wp:attachment":[{"href":"https:\/\/safetysourcefire.ca\/fr\/wp-json\/wp\/v2\/media?parent=2263"}],"curies":[{"name":"wp","href":"https:\/\/api.w.org\/{rel}","templated":true}]}}