{"id":28870,"date":"2024-05-21T21:07:48","date_gmt":"2024-05-21T21:07:48","guid":{"rendered":"https:\/\/safetysourcefire.ca\/?page_id=28870"},"modified":"2024-08-16T14:36:44","modified_gmt":"2024-08-16T14:36:44","slug":"bme-fire-trucks","status":"publish","type":"page","link":"https:\/\/safetysourcefire.ca\/fr\/vehicles\/bme-fire-trucks\/","title":{"rendered":"Camions de pompiers BME"},"content":{"rendered":"<div class=\"wp-block-image\">\n<figure class=\"aligncenter size-large is-resized\"><a href=\"https:\/\/www.bmefire.com\/\"><img loading=\"lazy\" decoding=\"async\" width=\"600\" height=\"600\" src=\"https:\/\/safetysourcefire.ca\/wp-content\/uploads\/2024\/05\/bme_fire_trucks_sqaure_logo-600x600.png\" alt=\"BME logo\" class=\"wp-image-28878\" style=\"width:282px;height:auto\" srcset=\"https:\/\/safetysourcefire.ca\/wp-content\/uploads\/2024\/05\/bme_fire_trucks_sqaure_logo-600x600.png 600w, https:\/\/safetysourcefire.ca\/wp-content\/uploads\/2024\/05\/bme_fire_trucks_sqaure_logo-300x300.png 300w, https:\/\/safetysourcefire.ca\/wp-content\/uploads\/2024\/05\/bme_fire_trucks_sqaure_logo-150x150.png 150w, https:\/\/safetysourcefire.ca\/wp-content\/uploads\/2024\/05\/bme_fire_trucks_sqaure_logo-768x768.png 768w, https:\/\/safetysourcefire.ca\/wp-content\/uploads\/2024\/05\/bme_fire_trucks_sqaure_logo-12x12.png 12w, https:\/\/safetysourcefire.ca\/wp-content\/uploads\/2024\/05\/bme_fire_trucks_sqaure_logo-324x324.png 324w, https:\/\/safetysourcefire.ca\/wp-content\/uploads\/2024\/05\/bme_fire_trucks_sqaure_logo-416x416.png 416w, https:\/\/safetysourcefire.ca\/wp-content\/uploads\/2024\/05\/bme_fire_trucks_sqaure_logo-100x100.png 100w, https:\/\/safetysourcefire.ca\/wp-content\/uploads\/2024\/05\/bme_fire_trucks_sqaure_logo.png 1080w\" sizes=\"auto, (max-width: 600px) 100vw, 600px\" \/><\/a><\/figure>\n<\/div>\n\n\n<h2 class=\"wp-block-heading\"><strong>Nous sommes des terres sauvages.<\/strong><\/h2>\n\n\n\n<p>Vous pouvez compter sur BME Fire Trucks pour offrir le plus haut niveau de qualit\u00e9 et de s\u00e9curit\u00e9 avec chaque appareil fabriqu\u00e9.\u00a0<strong>BME construit des appareils qui vous y am\u00e8nent et vous ram\u00e8nent \u00e0 la maison.<\/strong><\/p>\n\n\n\n<p>BME construit des camions de pompiers durables et de haute qualit\u00e9, con\u00e7us pour r\u00e9sister aux environnements difficiles auxquels votre service peut \u00eatre confront\u00e9. Nous comprenons que les incendies de for\u00eat sont de plus en plus difficiles \u00e0 pr\u00e9voir, et chez BME, nous construisons des appareils qui serviront et prot\u00e9geront votre \u00e9quipage. Votre m\u00e9tier est notre passion.<\/p>\n\n\n<div class=\"wp-block-image\">\n<figure class=\"alignleft size-full is-resized\"><img loading=\"lazy\" decoding=\"async\" width=\"853\" height=\"512\" src=\"https:\/\/safetysourcefire.ca\/wp-content\/uploads\/2024\/08\/type3.jpg\" alt=\"BME type 3\" class=\"wp-image-29098\" style=\"width:398px;height:auto\" srcset=\"https:\/\/safetysourcefire.ca\/wp-content\/uploads\/2024\/08\/type3.jpg 853w, https:\/\/safetysourcefire.ca\/wp-content\/uploads\/2024\/08\/type3-300x180.jpg 300w, https:\/\/safetysourcefire.ca\/wp-content\/uploads\/2024\/08\/type3-150x90.jpg 150w, https:\/\/safetysourcefire.ca\/wp-content\/uploads\/2024\/08\/type3-768x461.jpg 768w, https:\/\/safetysourcefire.ca\/wp-content\/uploads\/2024\/08\/type3-18x12.jpg 18w, https:\/\/safetysourcefire.ca\/wp-content\/uploads\/2024\/08\/type3-416x250.jpg 416w\" sizes=\"auto, (max-width: 853px) 100vw, 853px\" \/><\/figure>\n<\/div>\n\n\n<h3 class=\"wp-block-heading\"><strong>TYPE 3<\/strong><\/h3>\n\n\n\n<ul class=\"wp-block-list\">\n<li>R\u00e9servoir en poly\u00e9thyl\u00e8ne de 500 gallons \/ Cellule en mousse de 20 gallons<\/li>\n\n\n\n<li>Capacit\u00e9 de pompe et de rouleau<\/li>\n\n\n\n<li>Pompe de 500 gallons par minute<\/li>\n<\/ul>\n\n\n\n<p><a href=\"https:\/\/www.bmefire.com\/apparatus\/type-3\/\">PLUS<\/a><\/p>\n\n\n<div class=\"wp-block-image\">\n<figure class=\"alignleft size-full is-resized\"><img loading=\"lazy\" decoding=\"async\" width=\"808\" height=\"485\" src=\"https:\/\/safetysourcefire.ca\/wp-content\/uploads\/2024\/08\/comingsoon.jpg\" alt=\"\" class=\"wp-image-29099\" style=\"width:398px;height:auto\" srcset=\"https:\/\/safetysourcefire.ca\/wp-content\/uploads\/2024\/08\/comingsoon.jpg 808w, https:\/\/safetysourcefire.ca\/wp-content\/uploads\/2024\/08\/comingsoon-300x180.jpg 300w, https:\/\/safetysourcefire.ca\/wp-content\/uploads\/2024\/08\/comingsoon-150x90.jpg 150w, https:\/\/safetysourcefire.ca\/wp-content\/uploads\/2024\/08\/comingsoon-768x461.jpg 768w, https:\/\/safetysourcefire.ca\/wp-content\/uploads\/2024\/08\/comingsoon-18x12.jpg 18w, https:\/\/safetysourcefire.ca\/wp-content\/uploads\/2024\/08\/comingsoon-416x250.jpg 416w\" sizes=\"auto, (max-width: 808px) 100vw, 808px\" \/><\/figure>\n<\/div>\n\n\n<h3 class=\"wp-block-heading\"><strong>WUI<\/strong><\/h3>\n\n\n\n<ul class=\"wp-block-list\">\n<li>R\u00e9servoir en poly\u00e9thyl\u00e8ne de 750 gallons<\/li>\n\n\n\n<li>Options de pompe 1 000-1 250-1 500 GPM<\/li>\n\n\n\n<li>R\u00e9pond aux sp\u00e9cifications ISO de type 1 mais peut \u00eatre utilis\u00e9 comme moteur Wildland<\/li>\n<\/ul>\n\n\n\n<p><a href=\"https:\/\/www.bmefire.com\/apparatus\/wui\/\">PLUS<\/a><\/p>\n\n\n<div class=\"wp-block-image\">\n<figure class=\"alignleft size-full is-resized\"><img loading=\"lazy\" decoding=\"async\" width=\"810\" height=\"486\" src=\"https:\/\/safetysourcefire.ca\/wp-content\/uploads\/2024\/08\/type4.jpg\" alt=\"BME type 4\" class=\"wp-image-29100\" style=\"width:410px;height:auto\" srcset=\"https:\/\/safetysourcefire.ca\/wp-content\/uploads\/2024\/08\/type4.jpg 810w, https:\/\/safetysourcefire.ca\/wp-content\/uploads\/2024\/08\/type4-300x180.jpg 300w, https:\/\/safetysourcefire.ca\/wp-content\/uploads\/2024\/08\/type4-150x90.jpg 150w, https:\/\/safetysourcefire.ca\/wp-content\/uploads\/2024\/08\/type4-768x461.jpg 768w, https:\/\/safetysourcefire.ca\/wp-content\/uploads\/2024\/08\/type4-18x12.jpg 18w, https:\/\/safetysourcefire.ca\/wp-content\/uploads\/2024\/08\/type4-416x250.jpg 416w\" sizes=\"auto, (max-width: 810px) 100vw, 810px\" \/><\/figure>\n<\/div>\n\n\n<h3 class=\"wp-block-heading\"><strong>TYPE 4<\/strong><\/h3>\n\n\n\n<ul class=\"wp-block-list\">\n<li>R\u00e9servoir en poly\u00e9thyl\u00e8ne de 800 gallons \/ Cellule en mousse de 25 gallons<\/li>\n\n\n\n<li>Bobines double booster<\/li>\n\n\n\n<li>Pompe auxiliaire jusqu&#039;\u00e0 250 GMP<\/li>\n<\/ul>\n\n\n\n<p><a href=\"https:\/\/www.bmefire.com\/apparatus\/type-4\/\">PLUS<\/a><\/p>\n\n\n<div class=\"wp-block-image\">\n<figure class=\"alignleft size-full is-resized\"><img loading=\"lazy\" decoding=\"async\" width=\"808\" height=\"485\" src=\"https:\/\/safetysourcefire.ca\/wp-content\/uploads\/2024\/08\/comingsoon.jpg\" alt=\"BME coming soon\" class=\"wp-image-29099\" style=\"width:377px;height:auto\" srcset=\"https:\/\/safetysourcefire.ca\/wp-content\/uploads\/2024\/08\/comingsoon.jpg 808w, https:\/\/safetysourcefire.ca\/wp-content\/uploads\/2024\/08\/comingsoon-300x180.jpg 300w, https:\/\/safetysourcefire.ca\/wp-content\/uploads\/2024\/08\/comingsoon-150x90.jpg 150w, https:\/\/safetysourcefire.ca\/wp-content\/uploads\/2024\/08\/comingsoon-768x461.jpg 768w, https:\/\/safetysourcefire.ca\/wp-content\/uploads\/2024\/08\/comingsoon-18x12.jpg 18w, https:\/\/safetysourcefire.ca\/wp-content\/uploads\/2024\/08\/comingsoon-416x250.jpg 416w\" sizes=\"auto, (max-width: 808px) 100vw, 808px\" \/><\/figure>\n<\/div>\n\n\n<h3 class=\"wp-block-heading\"><strong>TYPE 5<\/strong><\/h3>\n\n\n\n<ul class=\"wp-block-list\">\n<li>R\u00e9servoir d&#039;eau de 400 \u00e0 500 gallons<\/li>\n\n\n\n<li>Darley 1.5 AGE avec 24 CV Kubota Diesel<\/li>\n\n\n\n<li>23 500 PNBV sur ch\u00e2ssis international<\/li>\n<\/ul>\n\n\n\n<p><a href=\"https:\/\/www.bmefire.com\/apparatus\/type-5\/\">PLUS<\/a><\/p>\n\n\n<div class=\"wp-block-image\">\n<figure class=\"alignleft size-full is-resized\"><img loading=\"lazy\" decoding=\"async\" width=\"788\" height=\"473\" src=\"https:\/\/safetysourcefire.ca\/wp-content\/uploads\/2024\/08\/type6.jpg\" alt=\"\" class=\"wp-image-29101\" style=\"width:393px;height:auto\" srcset=\"https:\/\/safetysourcefire.ca\/wp-content\/uploads\/2024\/08\/type6.jpg 788w, https:\/\/safetysourcefire.ca\/wp-content\/uploads\/2024\/08\/type6-300x180.jpg 300w, https:\/\/safetysourcefire.ca\/wp-content\/uploads\/2024\/08\/type6-150x90.jpg 150w, https:\/\/safetysourcefire.ca\/wp-content\/uploads\/2024\/08\/type6-768x461.jpg 768w, https:\/\/safetysourcefire.ca\/wp-content\/uploads\/2024\/08\/type6-18x12.jpg 18w, https:\/\/safetysourcefire.ca\/wp-content\/uploads\/2024\/08\/type6-416x250.jpg 416w\" sizes=\"auto, (max-width: 788px) 100vw, 788px\" \/><\/figure>\n<\/div>\n\n\n<h3 class=\"wp-block-heading\"><strong>TYPE 6<\/strong><\/h3>\n\n\n\n<ul class=\"wp-block-list\">\n<li>R\u00e9servoir en poly\u00e9thyl\u00e8ne de 300 gallons \/ Cellule en mousse de 12 gallons\u00a0<\/li>\n\n\n\n<li>1.5 Darley AGE 24 HP Kubota D902 Pompe auxiliaire\u00a0<\/li>\n\n\n\n<li>GVMR maximum 19 500 lb sur un ch\u00e2ssis Dodge ou Ford<\/li>\n<\/ul>\n\n\n\n<p><a href=\"https:\/\/www.bmefire.com\/apparatus\/type-6\/\">PLUS<\/a><\/p>\n\n\n<div class=\"wp-block-image\">\n<figure class=\"alignleft size-full is-resized\"><img loading=\"lazy\" decoding=\"async\" width=\"804\" height=\"482\" src=\"https:\/\/safetysourcefire.ca\/wp-content\/uploads\/2024\/08\/xtremetype6.jpg\" alt=\"BME xtreme type 6\" class=\"wp-image-29102\" style=\"width:408px;height:auto\" srcset=\"https:\/\/safetysourcefire.ca\/wp-content\/uploads\/2024\/08\/xtremetype6.jpg 804w, https:\/\/safetysourcefire.ca\/wp-content\/uploads\/2024\/08\/xtremetype6-300x180.jpg 300w, https:\/\/safetysourcefire.ca\/wp-content\/uploads\/2024\/08\/xtremetype6-150x90.jpg 150w, https:\/\/safetysourcefire.ca\/wp-content\/uploads\/2024\/08\/xtremetype6-768x460.jpg 768w, https:\/\/safetysourcefire.ca\/wp-content\/uploads\/2024\/08\/xtremetype6-18x12.jpg 18w, https:\/\/safetysourcefire.ca\/wp-content\/uploads\/2024\/08\/xtremetype6-416x249.jpg 416w\" sizes=\"auto, (max-width: 804px) 100vw, 804px\" \/><\/figure>\n<\/div>\n\n\n<h3 class=\"wp-block-heading\"><strong>XTR\u00c8ME TYPE 6<\/strong><\/h3>\n\n\n\n<ul class=\"wp-block-list\">\n<li>Corps de feu tactique\u00a0<\/li>\n\n\n\n<li>R\u00e9servoir d&#039;eau de 300 gallons \/ cellule en mousse de 12 gallons<\/li>\n\n\n\n<li>Capacit\u00e9 tout-terrain robuste<\/li>\n<\/ul>\n\n\n\n<p><a href=\"https:\/\/www.bmefire.com\/apparatus\/xtreme-type-6\/\">PLUS<\/a><\/p>\n\n\n<div class=\"wp-block-image\">\n<figure class=\"alignleft size-full is-resized\"><img loading=\"lazy\" decoding=\"async\" width=\"897\" height=\"539\" src=\"https:\/\/safetysourcefire.ca\/wp-content\/uploads\/2024\/08\/xtremetacticaltender.jpg\" alt=\"\" class=\"wp-image-29104\" style=\"width:441px;height:auto\" srcset=\"https:\/\/safetysourcefire.ca\/wp-content\/uploads\/2024\/08\/xtremetacticaltender.jpg 897w, https:\/\/safetysourcefire.ca\/wp-content\/uploads\/2024\/08\/xtremetacticaltender-300x180.jpg 300w, https:\/\/safetysourcefire.ca\/wp-content\/uploads\/2024\/08\/xtremetacticaltender-150x90.jpg 150w, https:\/\/safetysourcefire.ca\/wp-content\/uploads\/2024\/08\/xtremetacticaltender-768x461.jpg 768w, https:\/\/safetysourcefire.ca\/wp-content\/uploads\/2024\/08\/xtremetacticaltender-18x12.jpg 18w, https:\/\/safetysourcefire.ca\/wp-content\/uploads\/2024\/08\/xtremetacticaltender-416x250.jpg 416w\" sizes=\"auto, (max-width: 897px) 100vw, 897px\" \/><\/figure>\n<\/div>\n\n\n<h3 class=\"wp-block-heading\"><strong>ANNEXE TACTIQUE XTREME<\/strong><\/h3>\n\n\n\n<ul class=\"wp-block-list\">\n<li>R\u00e9servoir en poly\u00e9thyl\u00e8ne de 1\u00a0250 gallons \/ Cellule en mousse de 20 gallons<\/li>\n\n\n\n<li>Pompe jusqu&#039;\u00e0 500 GPM\u00a0<\/li>\n\n\n\n<li>Pneus militaires 53 pouces<\/li>\n<\/ul>\n\n\n\n<p><a href=\"https:\/\/www.bmefire.com\/apparatus\/xtreme-tactical-tender\/\">PLUS<\/a><\/p>\n\n\n<div class=\"wp-block-image\">\n<figure class=\"alignleft size-full is-resized\"><img loading=\"lazy\" decoding=\"async\" width=\"892\" height=\"535\" src=\"https:\/\/safetysourcefire.ca\/wp-content\/uploads\/2024\/08\/tacticaltender.jpg\" alt=\"BME TACTICAL TENDER\" class=\"wp-image-29108\" style=\"width:439px;height:auto\" srcset=\"https:\/\/safetysourcefire.ca\/wp-content\/uploads\/2024\/08\/tacticaltender.jpg 892w, https:\/\/safetysourcefire.ca\/wp-content\/uploads\/2024\/08\/tacticaltender-300x180.jpg 300w, https:\/\/safetysourcefire.ca\/wp-content\/uploads\/2024\/08\/tacticaltender-150x90.jpg 150w, https:\/\/safetysourcefire.ca\/wp-content\/uploads\/2024\/08\/tacticaltender-768x461.jpg 768w, https:\/\/safetysourcefire.ca\/wp-content\/uploads\/2024\/08\/tacticaltender-18x12.jpg 18w, https:\/\/safetysourcefire.ca\/wp-content\/uploads\/2024\/08\/tacticaltender-416x250.jpg 416w\" sizes=\"auto, (max-width: 892px) 100vw, 892px\" \/><\/figure>\n<\/div>\n\n\n<h3 class=\"wp-block-heading has-text-align-left\"><strong>OFFRE TACTIQUE<\/strong><\/h3>\n\n\n\n<ul class=\"wp-block-list\">\n<li>R\u00e9servoir d&#039;eau jusqu&#039;\u00e0 1\u00a0800 gallons<\/li>\n\n\n\n<li>Options de pompe de 250 \u00e0 500 GPM\u00a0<\/li>\n\n\n\n<li>Ch\u00e2ssis \u00e0 4 roues motrices\u00a0<\/li>\n\n\n\n<li>Grand stockage de bois de calage sup\u00e9rieur<\/li>\n<\/ul>\n\n\n\n<p><a href=\"https:\/\/www.bmefire.com\/apparatus\/tactical-tender\/\">PLUS<\/a><\/p>\n\n\n<div class=\"wp-block-image\">\n<figure class=\"alignleft size-full is-resized\"><img loading=\"lazy\" decoding=\"async\" width=\"808\" height=\"485\" src=\"https:\/\/safetysourcefire.ca\/wp-content\/uploads\/2024\/08\/comingsoon.jpg\" alt=\"BME coming soon\" class=\"wp-image-29099\" style=\"width:413px;height:auto\" srcset=\"https:\/\/safetysourcefire.ca\/wp-content\/uploads\/2024\/08\/comingsoon.jpg 808w, https:\/\/safetysourcefire.ca\/wp-content\/uploads\/2024\/08\/comingsoon-300x180.jpg 300w, https:\/\/safetysourcefire.ca\/wp-content\/uploads\/2024\/08\/comingsoon-150x90.jpg 150w, https:\/\/safetysourcefire.ca\/wp-content\/uploads\/2024\/08\/comingsoon-768x461.jpg 768w, https:\/\/safetysourcefire.ca\/wp-content\/uploads\/2024\/08\/comingsoon-18x12.jpg 18w, https:\/\/safetysourcefire.ca\/wp-content\/uploads\/2024\/08\/comingsoon-416x250.jpg 416w\" sizes=\"auto, (max-width: 808px) 100vw, 808px\" \/><\/figure>\n<\/div>\n\n\n<h3 class=\"wp-block-heading\"><strong>OFFRE D&#039;EAU<\/strong><\/h3>\n\n\n\n<ul class=\"wp-block-list\">\n<li>R\u00e9servoir d&#039;eau de 2 000 \u00e0 3 000 gallons\u00a0<\/li>\n\n\n\n<li>Options de d\u00e9chargement lat\u00e9ral et arri\u00e8re<\/li>\n\n\n\n<li>Options de 500 \u00e0 1 250 gal\/min<\/li>\n<\/ul>\n\n\n\n<p><a href=\"https:\/\/www.bmefire.com\/apparatus\/water-tender\/\">PLUS<\/a><\/p>\n\n\n<div class=\"wp-block-image\">\n<figure class=\"alignleft size-full is-resized\"><img loading=\"lazy\" decoding=\"async\" width=\"833\" height=\"500\" src=\"https:\/\/safetysourcefire.ca\/wp-content\/uploads\/2024\/08\/CREWCARRIER.jpg\" alt=\"\" class=\"wp-image-29112\" style=\"width:406px;height:auto\" srcset=\"https:\/\/safetysourcefire.ca\/wp-content\/uploads\/2024\/08\/CREWCARRIER.jpg 833w, https:\/\/safetysourcefire.ca\/wp-content\/uploads\/2024\/08\/CREWCARRIER-300x180.jpg 300w, https:\/\/safetysourcefire.ca\/wp-content\/uploads\/2024\/08\/CREWCARRIER-150x90.jpg 150w, https:\/\/safetysourcefire.ca\/wp-content\/uploads\/2024\/08\/CREWCARRIER-768x461.jpg 768w, https:\/\/safetysourcefire.ca\/wp-content\/uploads\/2024\/08\/CREWCARRIER-18x12.jpg 18w, https:\/\/safetysourcefire.ca\/wp-content\/uploads\/2024\/08\/CREWCARRIER-416x250.jpg 416w\" sizes=\"auto, (max-width: 833px) 100vw, 833px\" \/><\/figure>\n<\/div>\n\n\n<h3 class=\"wp-block-heading\"><strong>TRANSPORTEUR D&#039;\u00c9QUIPAGE<\/strong><\/h3>\n\n\n\n<ul class=\"wp-block-list\">\n<li>Places assises pour 10 personnes<\/li>\n\n\n\n<li>Test d&#039;\u00e9crasement certifi\u00e9 NFPA\u00a0<\/li>\n\n\n\n<li>Corps tubulaire pour une protection am\u00e9lior\u00e9e contre le retournement<\/li>\n<\/ul>\n\n\n\n<p><a href=\"https:\/\/www.bmefire.com\/apparatus\/crew-carrier\/\">PLUS<\/a><\/p>","protected":false},"excerpt":{"rendered":"<p>We Are Wildland. You can count on BME Fire Trucks to deliver the highest level of quality and safety with every apparatus manufactured.\u00a0BME builds apparatus that gets you there and gets you home. BME builds high-quality, durable fire trucks made to withstand the harsh environments your department may face. We understand that wildfires are becoming [&hellip;]<\/p>\n","protected":false},"author":2,"featured_media":28873,"parent":106,"menu_order":0,"comment_status":"closed","ping_status":"closed","template":"","meta":{"footnotes":""},"class_list":["post-28870","page","type-page","status-publish","has-post-thumbnail","hentry"],"yoast_head":"<!-- This site is optimized with the Yoast SEO plugin v27.4 - https:\/\/yoast.com\/product\/yoast-seo-wordpress\/ -->\n<title>BME Fire Trucks - Safety Source Fire<\/title>\n<meta name=\"robots\" content=\"index, follow, max-snippet:-1, max-image-preview:large, max-video-preview:-1\" \/>\n<link rel=\"canonical\" href=\"https:\/\/safetysourcefire.ca\/fr\/vehicles\/bme-fire-trucks\/\" \/>\n<meta property=\"og:locale\" content=\"fr_CA\" \/>\n<meta property=\"og:type\" content=\"article\" \/>\n<meta property=\"og:title\" content=\"BME Fire Trucks - Safety Source Fire\" \/>\n<meta property=\"og:description\" content=\"We Are Wildland. You can count on BME Fire Trucks to deliver the highest level of quality and safety with every apparatus manufactured.\u00a0BME builds apparatus that gets you there and gets you home. BME builds high-quality, durable fire trucks made to withstand the harsh environments your department may face. We understand that wildfires are becoming [&hellip;]\" \/>\n<meta property=\"og:url\" content=\"https:\/\/safetysourcefire.ca\/fr\/vehicles\/bme-fire-trucks\/\" \/>\n<meta property=\"og:site_name\" content=\"Safety Source Fire\" \/>\n<meta property=\"article:publisher\" content=\"https:\/\/www.facebook.com\/mmfssca\" \/>\n<meta property=\"article:modified_time\" content=\"2024-08-16T14:36:44+00:00\" \/>\n<meta property=\"og:image\" content=\"https:\/\/safetysourcefire.ca\/wp-content\/uploads\/2024\/05\/BME-scaled.jpeg\" \/>\n\t<meta property=\"og:image:width\" content=\"2560\" \/>\n\t<meta property=\"og:image:height\" content=\"1440\" \/>\n\t<meta property=\"og:image:type\" content=\"image\/jpeg\" \/>\n<meta name=\"twitter:card\" content=\"summary_large_image\" \/>\n<meta name=\"twitter:site\" content=\"@mmfssca\" \/>\n<meta name=\"twitter:label1\" content=\"Estimation du temps de lecture\" \/>\n\t<meta name=\"twitter:data1\" content=\"4 minutes\" \/>\n<script type=\"application\/ld+json\" class=\"yoast-schema-graph\">{\"@context\":\"https:\\\/\\\/schema.org\",\"@graph\":[{\"@type\":\"WebPage\",\"@id\":\"https:\\\/\\\/safetysourcefire.ca\\\/vehicles\\\/bme-fire-trucks\\\/\",\"url\":\"https:\\\/\\\/safetysourcefire.ca\\\/vehicles\\\/bme-fire-trucks\\\/\",\"name\":\"BME Fire Trucks - Safety Source Fire\",\"isPartOf\":{\"@id\":\"https:\\\/\\\/safetysourcefire.ca\\\/#website\"},\"primaryImageOfPage\":{\"@id\":\"https:\\\/\\\/safetysourcefire.ca\\\/vehicles\\\/bme-fire-trucks\\\/#primaryimage\"},\"image\":{\"@id\":\"https:\\\/\\\/safetysourcefire.ca\\\/vehicles\\\/bme-fire-trucks\\\/#primaryimage\"},\"thumbnailUrl\":\"https:\\\/\\\/safetysourcefire.ca\\\/wp-content\\\/uploads\\\/2024\\\/05\\\/BME-scaled.jpeg\",\"datePublished\":\"2024-05-21T21:07:48+00:00\",\"dateModified\":\"2024-08-16T14:36:44+00:00\",\"breadcrumb\":{\"@id\":\"https:\\\/\\\/safetysourcefire.ca\\\/vehicles\\\/bme-fire-trucks\\\/#breadcrumb\"},\"inLanguage\":\"fr-CA\",\"potentialAction\":[{\"@type\":\"ReadAction\",\"target\":[\"https:\\\/\\\/safetysourcefire.ca\\\/vehicles\\\/bme-fire-trucks\\\/\"]}]},{\"@type\":\"ImageObject\",\"inLanguage\":\"fr-CA\",\"@id\":\"https:\\\/\\\/safetysourcefire.ca\\\/vehicles\\\/bme-fire-trucks\\\/#primaryimage\",\"url\":\"https:\\\/\\\/safetysourcefire.ca\\\/wp-content\\\/uploads\\\/2024\\\/05\\\/BME-scaled.jpeg\",\"contentUrl\":\"https:\\\/\\\/safetysourcefire.ca\\\/wp-content\\\/uploads\\\/2024\\\/05\\\/BME-scaled.jpeg\",\"width\":2560,\"height\":1440,\"caption\":\"BME Fire Trucks\"},{\"@type\":\"BreadcrumbList\",\"@id\":\"https:\\\/\\\/safetysourcefire.ca\\\/vehicles\\\/bme-fire-trucks\\\/#breadcrumb\",\"itemListElement\":[{\"@type\":\"ListItem\",\"position\":1,\"name\":\"Home\",\"item\":\"https:\\\/\\\/safetysourcefire.ca\\\/\"},{\"@type\":\"ListItem\",\"position\":2,\"name\":\"Vehicles\",\"item\":\"https:\\\/\\\/safetysourcefire.ca\\\/vehicles\\\/\"},{\"@type\":\"ListItem\",\"position\":3,\"name\":\"BME Fire Trucks\"}]},{\"@type\":\"WebSite\",\"@id\":\"https:\\\/\\\/safetysourcefire.ca\\\/#website\",\"url\":\"https:\\\/\\\/safetysourcefire.ca\\\/\",\"name\":\"Safety Source Fire\",\"description\":\"\",\"publisher\":{\"@id\":\"https:\\\/\\\/safetysourcefire.ca\\\/#organization\"},\"potentialAction\":[{\"@type\":\"SearchAction\",\"target\":{\"@type\":\"EntryPoint\",\"urlTemplate\":\"https:\\\/\\\/safetysourcefire.ca\\\/?s={search_term_string}\"},\"query-input\":{\"@type\":\"PropertyValueSpecification\",\"valueRequired\":true,\"valueName\":\"search_term_string\"}}],\"inLanguage\":\"fr-CA\"},{\"@type\":\"Organization\",\"@id\":\"https:\\\/\\\/safetysourcefire.ca\\\/#organization\",\"name\":\"Safety Source Fire\",\"url\":\"https:\\\/\\\/safetysourcefire.ca\\\/\",\"logo\":{\"@type\":\"ImageObject\",\"inLanguage\":\"fr-CA\",\"@id\":\"https:\\\/\\\/safetysourcefire.ca\\\/#\\\/schema\\\/logo\\\/image\\\/\",\"url\":\"https:\\\/\\\/safetysourcefire.ca\\\/wp-content\\\/uploads\\\/2021\\\/01\\\/SSF_logo_CC0000-3.png\",\"contentUrl\":\"https:\\\/\\\/safetysourcefire.ca\\\/wp-content\\\/uploads\\\/2021\\\/01\\\/SSF_logo_CC0000-3.png\",\"width\":1107,\"height\":365,\"caption\":\"Safety Source Fire\"},\"image\":{\"@id\":\"https:\\\/\\\/safetysourcefire.ca\\\/#\\\/schema\\\/logo\\\/image\\\/\"},\"sameAs\":[\"https:\\\/\\\/www.facebook.com\\\/mmfssca\",\"https:\\\/\\\/x.com\\\/mmfssca\"]}]}<\/script>\n<!-- \/ Yoast SEO plugin. -->","yoast_head_json":{"title":"Camions de pompiers BME - Source de s\u00e9curit\u00e9 incendie","robots":{"index":"index","follow":"follow","max-snippet":"max-snippet:-1","max-image-preview":"max-image-preview:large","max-video-preview":"max-video-preview:-1"},"canonical":"https:\/\/safetysourcefire.ca\/fr\/vehicles\/bme-fire-trucks\/","og_locale":"fr_CA","og_type":"article","og_title":"BME Fire Trucks - Safety Source Fire","og_description":"We Are Wildland. You can count on BME Fire Trucks to deliver the highest level of quality and safety with every apparatus manufactured.\u00a0BME builds apparatus that gets you there and gets you home. BME builds high-quality, durable fire trucks made to withstand the harsh environments your department may face. We understand that wildfires are becoming [&hellip;]","og_url":"https:\/\/safetysourcefire.ca\/fr\/vehicles\/bme-fire-trucks\/","og_site_name":"Safety Source Fire","article_publisher":"https:\/\/www.facebook.com\/mmfssca","article_modified_time":"2024-08-16T14:36:44+00:00","og_image":[{"width":2560,"height":1440,"url":"https:\/\/safetysourcefire.ca\/wp-content\/uploads\/2024\/05\/BME-scaled.jpeg","type":"image\/jpeg"}],"twitter_card":"summary_large_image","twitter_site":"@mmfssca","twitter_misc":{"Estimation du temps de lecture":"4 minutes"},"schema":{"@context":"https:\/\/schema.org","@graph":[{"@type":"WebPage","@id":"https:\/\/safetysourcefire.ca\/vehicles\/bme-fire-trucks\/","url":"https:\/\/safetysourcefire.ca\/vehicles\/bme-fire-trucks\/","name":"Camions de pompiers BME - Source de s\u00e9curit\u00e9 incendie","isPartOf":{"@id":"https:\/\/safetysourcefire.ca\/#website"},"primaryImageOfPage":{"@id":"https:\/\/safetysourcefire.ca\/vehicles\/bme-fire-trucks\/#primaryimage"},"image":{"@id":"https:\/\/safetysourcefire.ca\/vehicles\/bme-fire-trucks\/#primaryimage"},"thumbnailUrl":"https:\/\/safetysourcefire.ca\/wp-content\/uploads\/2024\/05\/BME-scaled.jpeg","datePublished":"2024-05-21T21:07:48+00:00","dateModified":"2024-08-16T14:36:44+00:00","breadcrumb":{"@id":"https:\/\/safetysourcefire.ca\/vehicles\/bme-fire-trucks\/#breadcrumb"},"inLanguage":"fr-CA","potentialAction":[{"@type":"ReadAction","target":["https:\/\/safetysourcefire.ca\/vehicles\/bme-fire-trucks\/"]}]},{"@type":"ImageObject","inLanguage":"fr-CA","@id":"https:\/\/safetysourcefire.ca\/vehicles\/bme-fire-trucks\/#primaryimage","url":"https:\/\/safetysourcefire.ca\/wp-content\/uploads\/2024\/05\/BME-scaled.jpeg","contentUrl":"https:\/\/safetysourcefire.ca\/wp-content\/uploads\/2024\/05\/BME-scaled.jpeg","width":2560,"height":1440,"caption":"BME Fire Trucks"},{"@type":"BreadcrumbList","@id":"https:\/\/safetysourcefire.ca\/vehicles\/bme-fire-trucks\/#breadcrumb","itemListElement":[{"@type":"ListItem","position":1,"name":"Home","item":"https:\/\/safetysourcefire.ca\/"},{"@type":"ListItem","position":2,"name":"Vehicles","item":"https:\/\/safetysourcefire.ca\/vehicles\/"},{"@type":"ListItem","position":3,"name":"BME Fire Trucks"}]},{"@type":"WebSite","@id":"https:\/\/safetysourcefire.ca\/#website","url":"https:\/\/safetysourcefire.ca\/","name":"Safety Source Fire","description":"","publisher":{"@id":"https:\/\/safetysourcefire.ca\/#organization"},"potentialAction":[{"@type":"SearchAction","target":{"@type":"EntryPoint","urlTemplate":"https:\/\/safetysourcefire.ca\/?s={search_term_string}"},"query-input":{"@type":"PropertyValueSpecification","valueRequired":true,"valueName":"search_term_string"}}],"inLanguage":"fr-CA"},{"@type":"Organization","@id":"https:\/\/safetysourcefire.ca\/#organization","name":"Safety Source Fire","url":"https:\/\/safetysourcefire.ca\/","logo":{"@type":"ImageObject","inLanguage":"fr-CA","@id":"https:\/\/safetysourcefire.ca\/#\/schema\/logo\/image\/","url":"https:\/\/safetysourcefire.ca\/wp-content\/uploads\/2021\/01\/SSF_logo_CC0000-3.png","contentUrl":"https:\/\/safetysourcefire.ca\/wp-content\/uploads\/2021\/01\/SSF_logo_CC0000-3.png","width":1107,"height":365,"caption":"Safety Source Fire"},"image":{"@id":"https:\/\/safetysourcefire.ca\/#\/schema\/logo\/image\/"},"sameAs":["https:\/\/www.facebook.com\/mmfssca","https:\/\/x.com\/mmfssca"]}]}},"_links":{"self":[{"href":"https:\/\/safetysourcefire.ca\/fr\/wp-json\/wp\/v2\/pages\/28870","targetHints":{"allow":["GET"]}}],"collection":[{"href":"https:\/\/safetysourcefire.ca\/fr\/wp-json\/wp\/v2\/pages"}],"about":[{"href":"https:\/\/safetysourcefire.ca\/fr\/wp-json\/wp\/v2\/types\/page"}],"author":[{"embeddable":true,"href":"https:\/\/safetysourcefire.ca\/fr\/wp-json\/wp\/v2\/users\/2"}],"replies":[{"embeddable":true,"href":"https:\/\/safetysourcefire.ca\/fr\/wp-json\/wp\/v2\/comments?post=28870"}],"version-history":[{"count":17,"href":"https:\/\/safetysourcefire.ca\/fr\/wp-json\/wp\/v2\/pages\/28870\/revisions"}],"predecessor-version":[{"id":29119,"href":"https:\/\/safetysourcefire.ca\/fr\/wp-json\/wp\/v2\/pages\/28870\/revisions\/29119"}],"up":[{"embeddable":true,"href":"https:\/\/safetysourcefire.ca\/fr\/wp-json\/wp\/v2\/pages\/106"}],"wp:featuredmedia":[{"embeddable":true,"href":"https:\/\/safetysourcefire.ca\/fr\/wp-json\/wp\/v2\/media\/28873"}],"wp:attachment":[{"href":"https:\/\/safetysourcefire.ca\/fr\/wp-json\/wp\/v2\/media?parent=28870"}],"curies":[{"name":"wp","href":"https:\/\/api.w.org\/{rel}","templated":true}]}}