{"id":28905,"date":"2024-05-29T12:22:02","date_gmt":"2024-05-29T12:22:02","guid":{"rendered":"https:\/\/safetysourcefire.ca\/?page_id=28905"},"modified":"2024-06-17T11:33:46","modified_gmt":"2024-06-17T11:33:46","slug":"2024-newfoundland-labrador-road-show","status":"publish","type":"page","link":"https:\/\/safetysourcefire.ca\/fr\/2024-newfoundland-labrador-road-show\/","title":{"rendered":"Roadshow de Terre-Neuve-et-Labrador 2024"},"content":{"rendered":"<h3 class=\"wp-block-heading has-vivid-red-color has-text-color has-link-color wp-elements-7f30ac269362941495afef2ea545ef8c\"><strong><em>Notre Road Show NL 2024 est maintenant termin\u00e9. Merci aux pompiers h\u00f4tes et \u00e0 tous ceux qui sont venus nous voir. Nous appr\u00e9cions votre soutien pour faire du Road Show un grand succ\u00e8s\u00a0!<\/em><\/strong><\/h3>\n\n\n\n<hr class=\"wp-block-separator has-alpha-channel-opacity\"\/>\n\n\n\n<h3 class=\"wp-block-heading\"><strong>Voir l&#039;\u00e9quipement le plus avanc\u00e9 de l&#039;industrie du feu <\/strong><br><strong>et discutez avec nos experts des besoins de votre communaut\u00e9.<\/strong><\/h3>\n\n\n\n<p>Rejoignez nos experts de l&#039;industrie pour des d\u00e9monstrations de produits et des s\u00e9ances d&#039;information pr\u00e9sentant les derni\u00e8res innovations en mati\u00e8re d&#039;\u00e9quipements, d&#039;appareils et de technologies de lutte contre les incendies. Pr\u00e9parez votre service \u00e0 relever les d\u00e9fis du secteur des incendies moderne et d\u00e9couvrez les derni\u00e8res nouveaut\u00e9s en mati\u00e8re de\u00a0:<\/p>\n\n\n\n<ul class=\"wp-block-list\">\n<li>Innovations d&#039;appareils<\/li>\n\n\n\n<li>Paquets de tuyaux et de buses d&#039;attaque d&#039;incendie<\/li>\n\n\n\n<li>Imagerie thermique<\/li>\n\n\n\n<li>Sauvetage de v\u00e9hicule<\/li>\n\n\n\n<li>Appareil Respiratoire Isolant (ARA)<\/li>\n\n\n\n<li>EPI et \u00e9quipement de sapeur-pompier<\/li>\n\n\n\n<li>Sauvetage technique et r\u00e9ponse HAZMAT<\/li>\n<\/ul>\n\n\n\n<p><strong><em>Un nombre limit\u00e9 de petits outils, accessoires, bottes et gants seront disponibles \u00e0 la vente.<\/em><\/strong><\/p>\n\n\n\n<div style=\"height:19px\" aria-hidden=\"true\" class=\"wp-block-spacer\"><\/div>\n\n\n<div class=\"wp-block-image\">\n<figure class=\"alignleft size-full is-resized\"><img loading=\"lazy\" decoding=\"async\" width=\"200\" height=\"100\" src=\"https:\/\/safetysourcefire.ca\/wp-content\/uploads\/2020\/08\/holmatro_200x100.jpg\" alt=\"holmatro logo\" class=\"wp-image-22283\" style=\"width:176px;height:auto\" srcset=\"https:\/\/safetysourcefire.ca\/wp-content\/uploads\/2020\/08\/holmatro_200x100.jpg 200w, https:\/\/safetysourcefire.ca\/wp-content\/uploads\/2020\/08\/holmatro_200x100-150x75.jpg 150w\" sizes=\"auto, (max-width: 200px) 100vw, 200px\" \/><\/figure>\n<\/div>\n\n\n<p><strong>D\u00e9monstrations interactives en direct<\/strong> se concentrera sur les derni\u00e8res innovations en mati\u00e8re d&#039;outils de d\u00e9sincarc\u00e9ration. Nous sommes heureux que Henry Paintin, directeur national des ventes de Holmatro, soit pr\u00e9sent du 9 au 15 juin.<\/p>\n\n\n\n<div style=\"height:18px\" aria-hidden=\"true\" class=\"wp-block-spacer\"><\/div>\n\n\n<div class=\"wp-block-image\">\n<figure class=\"alignleft size-full is-resized\"><img decoding=\"async\" src=\"https:\/\/safetysourcefire.ca\/wp-content\/uploads\/2024\/05\/aquaeyeTM-logo-by-vodasafe.png\" alt=\"\" class=\"wp-image-28915\" style=\"width:180px;height:auto\"\/><\/figure>\n<\/div>\n\n\n<p><strong>Pr\u00e9sentations de nouveaux produits<\/strong> comme AquaEye\u2122 \u2013 le premier sonar portable au monde utilisant l&#039;intelligence artificielle pour rechercher des humains dans l&#039;eau.<\/p>\n\n\n\n<div style=\"height:25px\" aria-hidden=\"true\" class=\"wp-block-spacer\"><\/div>\n\n\n<div class=\"wp-block-image\">\n<figure class=\"aligncenter size-full is-resized\"><img loading=\"lazy\" decoding=\"async\" width=\"300\" height=\"316\" src=\"https:\/\/safetysourcefire.ca\/wp-content\/uploads\/2024\/05\/iStock-1352766113_rev.png\" alt=\"\" class=\"wp-image-28910\" style=\"width:98px;height:auto\" srcset=\"https:\/\/safetysourcefire.ca\/wp-content\/uploads\/2024\/05\/iStock-1352766113_rev.png 300w, https:\/\/safetysourcefire.ca\/wp-content\/uploads\/2024\/05\/iStock-1352766113_rev-285x300.png 285w, https:\/\/safetysourcefire.ca\/wp-content\/uploads\/2024\/05\/iStock-1352766113_rev-142x150.png 142w, https:\/\/safetysourcefire.ca\/wp-content\/uploads\/2024\/05\/iStock-1352766113_rev-11x12.png 11w\" sizes=\"auto, (max-width: 300px) 100vw, 300px\" \/><\/figure>\n<\/div>\n\n\n<p class=\"has-text-align-center has-vivid-red-color has-text-color has-link-color wp-elements-50decfd1e958fb9fca146ea707619578\"><strong><em>Bienvenue \u00e0 tous ! <\/em><br><em>Amenez votre famille et d\u00e9gustez un hamburger et une boisson gratuits pendant que vous profitez du spectacle.<\/em><\/strong><\/p>\n\n\n\n<div style=\"height:15px\" aria-hidden=\"true\" class=\"wp-block-spacer\"><\/div>\n\n\n\n<div class=\"wp-block-group is-nowrap is-layout-flex wp-container-core-group-is-layout-6c531013 wp-block-group-is-layout-flex\">\n<p><strong>Tous les arr\u00eats auront lieu \u00e0 la caserne de pompiers du lieu h\u00f4te.<\/strong><br><strong>L&#039;heure du spectacle est de 16h \u00e0 20h en semaine, de 14h \u00e0 18h les samedis et dimanches<\/strong><\/p>\n<\/div>\n\n\n\n<ul class=\"wp-block-list\">\n<li>Port aux Basques \u2013 mardi 4 juin<\/li>\n\n\n\n<li>Stephenville \u2013 mercredi 5 juin<\/li>\n\n\n\n<li>Deer Lake \u2013 jeudi 6 juin<\/li>\n\n\n\n<li>St Antoine \u2013 vendredi 7 juin<\/li>\n\n\n\n<li>Forteau \u2013 samedi 8 juin<\/li>\n\n\n\n<li>Anse aux Fleurs \u2013 dimanche 9 juin<\/li>\n\n\n\n<li>Grand Falls-Windsor \u2013 lundi 10 juin<\/li>\n\n\n\n<li>Gander \u2013 mardi 11 juin<\/li>\n\n\n\n<li>Clarenville \u2013 mercredi 12 juin<\/li>\n\n\n\n<li>Marystown \u2013 jeudi 13 juin<\/li>\n\n\n\n<li>Bay Roberts \u2013 vendredi 14 juin<\/li>\n\n\n\n<li>Pouch Cove \u2013 samedi 15 juin (Veuillez noter : l&#039;\u00e9v\u00e9nement aura lieu au Jack Connors Training Centre, 301 Cameron Place, Pouch Cove)<\/li>\n\n\n\n<li><s>Placentia \u2013 dimanche 16 juin<\/s> - **ANNUL\u00c9**<\/li>\n<\/ul>\n\n\n\n<p class=\"has-text-align-left\"><\/p>\n\n\n<div class=\"wp-block-image\">\n<figure class=\"aligncenter size-large\"><img loading=\"lazy\" decoding=\"async\" width=\"514\" height=\"600\" src=\"https:\/\/safetysourcefire.ca\/wp-content\/uploads\/2024\/05\/Suppliers2-514x600.jpg\" alt=\"\" class=\"wp-image-28924\" srcset=\"https:\/\/safetysourcefire.ca\/wp-content\/uploads\/2024\/05\/Suppliers2-514x600.jpg 514w, https:\/\/safetysourcefire.ca\/wp-content\/uploads\/2024\/05\/Suppliers2-257x300.jpg 257w, https:\/\/safetysourcefire.ca\/wp-content\/uploads\/2024\/05\/Suppliers2-129x150.jpg 129w, https:\/\/safetysourcefire.ca\/wp-content\/uploads\/2024\/05\/Suppliers2-768x896.jpg 768w, https:\/\/safetysourcefire.ca\/wp-content\/uploads\/2024\/05\/Suppliers2-300x350.jpg 300w, https:\/\/safetysourcefire.ca\/wp-content\/uploads\/2024\/05\/Suppliers2-10x12.jpg 10w, https:\/\/safetysourcefire.ca\/wp-content\/uploads\/2024\/05\/Suppliers2-416x485.jpg 416w, https:\/\/safetysourcefire.ca\/wp-content\/uploads\/2024\/05\/Suppliers2.jpg 1178w\" sizes=\"auto, (max-width: 514px) 100vw, 514px\" \/><\/figure>\n<\/div>","protected":false},"excerpt":{"rendered":"<p>Our 2024 NL Road Show has now concluded. Thank you to the host fire departments and everyone that came out to see us. We appreciate your support in making the Road Show a great success! See the most advanced equipment in the fire industry and talk to our experts about your community\u2019s needs. Join our [&hellip;]<\/p>\n","protected":false},"author":2,"featured_media":28908,"parent":0,"menu_order":0,"comment_status":"closed","ping_status":"closed","template":"","meta":{"footnotes":""},"class_list":["post-28905","page","type-page","status-publish","has-post-thumbnail","hentry"],"yoast_head":"<!-- This site is optimized with the Yoast SEO plugin v27.5 - https:\/\/yoast.com\/product\/yoast-seo-wordpress\/ -->\n<title>2024 Newfoundland &amp; Labrador Road Show - Safety Source Fire<\/title>\n<meta name=\"robots\" content=\"index, follow, max-snippet:-1, max-image-preview:large, max-video-preview:-1\" \/>\n<link rel=\"canonical\" href=\"https:\/\/safetysourcefire.ca\/fr\/2024-newfoundland-labrador-road-show\/\" \/>\n<meta property=\"og:locale\" content=\"fr_CA\" \/>\n<meta property=\"og:type\" content=\"article\" \/>\n<meta property=\"og:title\" content=\"2024 Newfoundland &amp; Labrador Road Show - Safety Source Fire\" \/>\n<meta property=\"og:description\" content=\"Our 2024 NL Road Show has now concluded. Thank you to the host fire departments and everyone that came out to see us. We appreciate your support in making the Road Show a great success! See the most advanced equipment in the fire industry and talk to our experts about your community\u2019s needs. Join our [&hellip;]\" \/>\n<meta property=\"og:url\" content=\"https:\/\/safetysourcefire.ca\/fr\/2024-newfoundland-labrador-road-show\/\" \/>\n<meta property=\"og:site_name\" content=\"Safety Source Fire\" \/>\n<meta property=\"article:publisher\" content=\"https:\/\/www.facebook.com\/mmfssca\" \/>\n<meta property=\"article:modified_time\" content=\"2024-06-17T11:33:46+00:00\" \/>\n<meta property=\"og:image\" content=\"https:\/\/safetysourcefire.ca\/wp-content\/uploads\/2024\/05\/2024RS_1200x600.jpg\" \/>\n\t<meta property=\"og:image:width\" content=\"1200\" \/>\n\t<meta property=\"og:image:height\" content=\"600\" \/>\n\t<meta property=\"og:image:type\" content=\"image\/jpeg\" \/>\n<meta name=\"twitter:card\" content=\"summary_large_image\" \/>\n<meta name=\"twitter:site\" content=\"@mmfssca\" \/>\n<meta name=\"twitter:label1\" content=\"Estimation du temps de lecture\" \/>\n\t<meta name=\"twitter:data1\" content=\"3 minutes\" \/>\n<script type=\"application\/ld+json\" class=\"yoast-schema-graph\">{\"@context\":\"https:\\\/\\\/schema.org\",\"@graph\":[{\"@type\":\"WebPage\",\"@id\":\"https:\\\/\\\/safetysourcefire.ca\\\/2024-newfoundland-labrador-road-show\\\/\",\"url\":\"https:\\\/\\\/safetysourcefire.ca\\\/2024-newfoundland-labrador-road-show\\\/\",\"name\":\"2024 Newfoundland &amp; Labrador Road Show - Safety Source Fire\",\"isPartOf\":{\"@id\":\"https:\\\/\\\/safetysourcefire.ca\\\/#website\"},\"primaryImageOfPage\":{\"@id\":\"https:\\\/\\\/safetysourcefire.ca\\\/2024-newfoundland-labrador-road-show\\\/#primaryimage\"},\"image\":{\"@id\":\"https:\\\/\\\/safetysourcefire.ca\\\/2024-newfoundland-labrador-road-show\\\/#primaryimage\"},\"thumbnailUrl\":\"https:\\\/\\\/safetysourcefire.ca\\\/wp-content\\\/uploads\\\/2024\\\/05\\\/2024RS_1200x600.jpg\",\"datePublished\":\"2024-05-29T12:22:02+00:00\",\"dateModified\":\"2024-06-17T11:33:46+00:00\",\"breadcrumb\":{\"@id\":\"https:\\\/\\\/safetysourcefire.ca\\\/2024-newfoundland-labrador-road-show\\\/#breadcrumb\"},\"inLanguage\":\"fr-CA\",\"potentialAction\":[{\"@type\":\"ReadAction\",\"target\":[\"https:\\\/\\\/safetysourcefire.ca\\\/2024-newfoundland-labrador-road-show\\\/\"]}]},{\"@type\":\"ImageObject\",\"inLanguage\":\"fr-CA\",\"@id\":\"https:\\\/\\\/safetysourcefire.ca\\\/2024-newfoundland-labrador-road-show\\\/#primaryimage\",\"url\":\"https:\\\/\\\/safetysourcefire.ca\\\/wp-content\\\/uploads\\\/2024\\\/05\\\/2024RS_1200x600.jpg\",\"contentUrl\":\"https:\\\/\\\/safetysourcefire.ca\\\/wp-content\\\/uploads\\\/2024\\\/05\\\/2024RS_1200x600.jpg\",\"width\":1200,\"height\":600,\"caption\":\"Road Show map\"},{\"@type\":\"BreadcrumbList\",\"@id\":\"https:\\\/\\\/safetysourcefire.ca\\\/2024-newfoundland-labrador-road-show\\\/#breadcrumb\",\"itemListElement\":[{\"@type\":\"ListItem\",\"position\":1,\"name\":\"Home\",\"item\":\"https:\\\/\\\/safetysourcefire.ca\\\/\"},{\"@type\":\"ListItem\",\"position\":2,\"name\":\"2024 Newfoundland &amp; Labrador Road Show\"}]},{\"@type\":\"WebSite\",\"@id\":\"https:\\\/\\\/safetysourcefire.ca\\\/#website\",\"url\":\"https:\\\/\\\/safetysourcefire.ca\\\/\",\"name\":\"Safety Source Fire\",\"description\":\"\",\"publisher\":{\"@id\":\"https:\\\/\\\/safetysourcefire.ca\\\/#organization\"},\"potentialAction\":[{\"@type\":\"SearchAction\",\"target\":{\"@type\":\"EntryPoint\",\"urlTemplate\":\"https:\\\/\\\/safetysourcefire.ca\\\/?s={search_term_string}\"},\"query-input\":{\"@type\":\"PropertyValueSpecification\",\"valueRequired\":true,\"valueName\":\"search_term_string\"}}],\"inLanguage\":\"fr-CA\"},{\"@type\":\"Organization\",\"@id\":\"https:\\\/\\\/safetysourcefire.ca\\\/#organization\",\"name\":\"Safety Source Fire\",\"url\":\"https:\\\/\\\/safetysourcefire.ca\\\/\",\"logo\":{\"@type\":\"ImageObject\",\"inLanguage\":\"fr-CA\",\"@id\":\"https:\\\/\\\/safetysourcefire.ca\\\/#\\\/schema\\\/logo\\\/image\\\/\",\"url\":\"https:\\\/\\\/safetysourcefire.ca\\\/wp-content\\\/uploads\\\/2021\\\/01\\\/SSF_logo_CC0000-3.png\",\"contentUrl\":\"https:\\\/\\\/safetysourcefire.ca\\\/wp-content\\\/uploads\\\/2021\\\/01\\\/SSF_logo_CC0000-3.png\",\"width\":1107,\"height\":365,\"caption\":\"Safety Source Fire\"},\"image\":{\"@id\":\"https:\\\/\\\/safetysourcefire.ca\\\/#\\\/schema\\\/logo\\\/image\\\/\"},\"sameAs\":[\"https:\\\/\\\/www.facebook.com\\\/mmfssca\",\"https:\\\/\\\/x.com\\\/mmfssca\"]}]}<\/script>\n<!-- \/ Yoast SEO plugin. -->","yoast_head_json":{"title":"Tourn\u00e9e de Terre-Neuve-et-Labrador 2024 - Source de s\u00e9curit\u00e9 incendie","robots":{"index":"index","follow":"follow","max-snippet":"max-snippet:-1","max-image-preview":"max-image-preview:large","max-video-preview":"max-video-preview:-1"},"canonical":"https:\/\/safetysourcefire.ca\/fr\/2024-newfoundland-labrador-road-show\/","og_locale":"fr_CA","og_type":"article","og_title":"2024 Newfoundland &amp; Labrador Road Show - Safety Source Fire","og_description":"Our 2024 NL Road Show has now concluded. Thank you to the host fire departments and everyone that came out to see us. We appreciate your support in making the Road Show a great success! See the most advanced equipment in the fire industry and talk to our experts about your community\u2019s needs. Join our [&hellip;]","og_url":"https:\/\/safetysourcefire.ca\/fr\/2024-newfoundland-labrador-road-show\/","og_site_name":"Safety Source Fire","article_publisher":"https:\/\/www.facebook.com\/mmfssca","article_modified_time":"2024-06-17T11:33:46+00:00","og_image":[{"width":1200,"height":600,"url":"https:\/\/safetysourcefire.ca\/wp-content\/uploads\/2024\/05\/2024RS_1200x600.jpg","type":"image\/jpeg"}],"twitter_card":"summary_large_image","twitter_site":"@mmfssca","twitter_misc":{"Estimation du temps de lecture":"3 minutes"},"schema":{"@context":"https:\/\/schema.org","@graph":[{"@type":"WebPage","@id":"https:\/\/safetysourcefire.ca\/2024-newfoundland-labrador-road-show\/","url":"https:\/\/safetysourcefire.ca\/2024-newfoundland-labrador-road-show\/","name":"Tourn\u00e9e de Terre-Neuve-et-Labrador 2024 - Source de s\u00e9curit\u00e9 incendie","isPartOf":{"@id":"https:\/\/safetysourcefire.ca\/#website"},"primaryImageOfPage":{"@id":"https:\/\/safetysourcefire.ca\/2024-newfoundland-labrador-road-show\/#primaryimage"},"image":{"@id":"https:\/\/safetysourcefire.ca\/2024-newfoundland-labrador-road-show\/#primaryimage"},"thumbnailUrl":"https:\/\/safetysourcefire.ca\/wp-content\/uploads\/2024\/05\/2024RS_1200x600.jpg","datePublished":"2024-05-29T12:22:02+00:00","dateModified":"2024-06-17T11:33:46+00:00","breadcrumb":{"@id":"https:\/\/safetysourcefire.ca\/2024-newfoundland-labrador-road-show\/#breadcrumb"},"inLanguage":"fr-CA","potentialAction":[{"@type":"ReadAction","target":["https:\/\/safetysourcefire.ca\/2024-newfoundland-labrador-road-show\/"]}]},{"@type":"ImageObject","inLanguage":"fr-CA","@id":"https:\/\/safetysourcefire.ca\/2024-newfoundland-labrador-road-show\/#primaryimage","url":"https:\/\/safetysourcefire.ca\/wp-content\/uploads\/2024\/05\/2024RS_1200x600.jpg","contentUrl":"https:\/\/safetysourcefire.ca\/wp-content\/uploads\/2024\/05\/2024RS_1200x600.jpg","width":1200,"height":600,"caption":"Road Show map"},{"@type":"BreadcrumbList","@id":"https:\/\/safetysourcefire.ca\/2024-newfoundland-labrador-road-show\/#breadcrumb","itemListElement":[{"@type":"ListItem","position":1,"name":"Home","item":"https:\/\/safetysourcefire.ca\/"},{"@type":"ListItem","position":2,"name":"2024 Newfoundland &amp; Labrador Road Show"}]},{"@type":"WebSite","@id":"https:\/\/safetysourcefire.ca\/#website","url":"https:\/\/safetysourcefire.ca\/","name":"Safety Source Fire","description":"","publisher":{"@id":"https:\/\/safetysourcefire.ca\/#organization"},"potentialAction":[{"@type":"SearchAction","target":{"@type":"EntryPoint","urlTemplate":"https:\/\/safetysourcefire.ca\/?s={search_term_string}"},"query-input":{"@type":"PropertyValueSpecification","valueRequired":true,"valueName":"search_term_string"}}],"inLanguage":"fr-CA"},{"@type":"Organization","@id":"https:\/\/safetysourcefire.ca\/#organization","name":"Safety Source Fire","url":"https:\/\/safetysourcefire.ca\/","logo":{"@type":"ImageObject","inLanguage":"fr-CA","@id":"https:\/\/safetysourcefire.ca\/#\/schema\/logo\/image\/","url":"https:\/\/safetysourcefire.ca\/wp-content\/uploads\/2021\/01\/SSF_logo_CC0000-3.png","contentUrl":"https:\/\/safetysourcefire.ca\/wp-content\/uploads\/2021\/01\/SSF_logo_CC0000-3.png","width":1107,"height":365,"caption":"Safety Source Fire"},"image":{"@id":"https:\/\/safetysourcefire.ca\/#\/schema\/logo\/image\/"},"sameAs":["https:\/\/www.facebook.com\/mmfssca","https:\/\/x.com\/mmfssca"]}]}},"_links":{"self":[{"href":"https:\/\/safetysourcefire.ca\/fr\/wp-json\/wp\/v2\/pages\/28905","targetHints":{"allow":["GET"]}}],"collection":[{"href":"https:\/\/safetysourcefire.ca\/fr\/wp-json\/wp\/v2\/pages"}],"about":[{"href":"https:\/\/safetysourcefire.ca\/fr\/wp-json\/wp\/v2\/types\/page"}],"author":[{"embeddable":true,"href":"https:\/\/safetysourcefire.ca\/fr\/wp-json\/wp\/v2\/users\/2"}],"replies":[{"embeddable":true,"href":"https:\/\/safetysourcefire.ca\/fr\/wp-json\/wp\/v2\/comments?post=28905"}],"version-history":[{"count":14,"href":"https:\/\/safetysourcefire.ca\/fr\/wp-json\/wp\/v2\/pages\/28905\/revisions"}],"predecessor-version":[{"id":28959,"href":"https:\/\/safetysourcefire.ca\/fr\/wp-json\/wp\/v2\/pages\/28905\/revisions\/28959"}],"wp:featuredmedia":[{"embeddable":true,"href":"https:\/\/safetysourcefire.ca\/fr\/wp-json\/wp\/v2\/media\/28908"}],"wp:attachment":[{"href":"https:\/\/safetysourcefire.ca\/fr\/wp-json\/wp\/v2\/media?parent=28905"}],"curies":[{"name":"wp","href":"https:\/\/api.w.org\/{rel}","templated":true}]}}