{"id":29747,"date":"2025-05-12T16:35:49","date_gmt":"2025-05-12T16:35:49","guid":{"rendered":"https:\/\/safetysourcefire.ca\/?page_id=29747"},"modified":"2025-06-16T18:09:34","modified_gmt":"2025-06-16T18:09:34","slug":"2025-nova-scotia-road-show","status":"publish","type":"page","link":"https:\/\/safetysourcefire.ca\/fr\/2025-nova-scotia-road-show\/","title":{"rendered":"Road Show 2025 en Nouvelle-\u00c9cosse"},"content":{"rendered":"<h3 class=\"wp-block-heading has-vivid-red-color has-text-color has-link-color wp-elements-f3f37638856c1741cf47620190f415d7\"><strong>Voir l&#039;\u00e9quipement le plus avanc\u00e9 de l&#039;industrie du feu <\/strong><br><strong>et discutez avec nos experts des besoins de votre communaut\u00e9.<\/strong><\/h3>\n\n\n\n<p>Rejoignez nos experts de l&#039;industrie pour des d\u00e9monstrations de produits et des s\u00e9ances d&#039;information pr\u00e9sentant les derni\u00e8res innovations en mati\u00e8re d&#039;\u00e9quipements, d&#039;appareils et de technologies de lutte contre les incendies. Pr\u00e9parez votre service \u00e0 relever les d\u00e9fis du secteur des incendies moderne et d\u00e9couvrez les derni\u00e8res nouveaut\u00e9s en mati\u00e8re de\u00a0:<\/p>\n\n\n\n<ul class=\"wp-block-list\">\n<li>Innovations d&#039;appareils<\/li>\n\n\n\n<li>Paquets de tuyaux et de buses d&#039;attaque d&#039;incendie<\/li>\n\n\n\n<li>Imagerie thermique<\/li>\n\n\n\n<li>Sauvetage de v\u00e9hicule<\/li>\n\n\n\n<li>Appareil Respiratoire Isolant (ARA)<\/li>\n\n\n\n<li>EPI et \u00e9quipement de sapeur-pompier<\/li>\n\n\n\n<li>Sauvetage technique et r\u00e9ponse HAZMAT<\/li>\n<\/ul>\n\n\n\n<p><strong><em>Un nombre limit\u00e9 de petits outils, accessoires, bottes et gants seront disponibles \u00e0 la vente.<\/em><\/strong><\/p>\n\n\n\n<div style=\"height:19px\" aria-hidden=\"true\" class=\"wp-block-spacer\"><\/div>\n\n\n<div class=\"wp-block-image\">\n<figure class=\"alignleft size-full is-resized\"><img loading=\"lazy\" decoding=\"async\" width=\"200\" height=\"100\" src=\"https:\/\/safetysourcefire.ca\/wp-content\/uploads\/2020\/08\/holmatro_200x100.jpg\" alt=\"holmatro logo\" class=\"wp-image-22283\" style=\"width:176px;height:auto\" srcset=\"https:\/\/safetysourcefire.ca\/wp-content\/uploads\/2020\/08\/holmatro_200x100.jpg 200w, https:\/\/safetysourcefire.ca\/wp-content\/uploads\/2020\/08\/holmatro_200x100-150x75.jpg 150w\" sizes=\"auto, (max-width: 200px) 100vw, 200px\" \/><\/figure>\n<\/div>\n\n\n<p><strong>D\u00e9monstrations interactives en direct<\/strong> mettant l&#039;accent sur les derni\u00e8res innovations en mati\u00e8re d&#039;outils d&#039;extraction.<\/p>\n\n\n\n<div style=\"height:18px\" aria-hidden=\"true\" class=\"wp-block-spacer\"><\/div>\n\n\n<div class=\"wp-block-image\">\n<figure class=\"alignleft size-full is-resized\"><img decoding=\"async\" src=\"https:\/\/safetysourcefire.ca\/wp-content\/uploads\/2024\/05\/aquaeyeTM-logo-by-vodasafe.png\" alt=\"\" class=\"wp-image-28915\" style=\"width:180px;height:auto\"\/><\/figure>\n<\/div>\n\n\n<p><strong>Pr\u00e9sentations de nouveaux produits<\/strong> mettant en avant les derniers \u00e9quipements, notamment AquaEye\u2122 \u2013 le premier appareil sonar portable au monde utilisant l&#039;intelligence artificielle pour rechercher des humains dans l&#039;eau.<\/p>\n\n\n\n<div style=\"height:25px\" aria-hidden=\"true\" class=\"wp-block-spacer\"><\/div>\n\n\n<div class=\"wp-block-image\">\n<figure class=\"aligncenter size-full is-resized\"><img loading=\"lazy\" decoding=\"async\" width=\"300\" height=\"316\" src=\"https:\/\/safetysourcefire.ca\/wp-content\/uploads\/2024\/05\/iStock-1352766113_rev.png\" alt=\"\" class=\"wp-image-28910\" style=\"width:98px;height:auto\" srcset=\"https:\/\/safetysourcefire.ca\/wp-content\/uploads\/2024\/05\/iStock-1352766113_rev.png 300w, https:\/\/safetysourcefire.ca\/wp-content\/uploads\/2024\/05\/iStock-1352766113_rev-285x300.png 285w, https:\/\/safetysourcefire.ca\/wp-content\/uploads\/2024\/05\/iStock-1352766113_rev-142x150.png 142w, https:\/\/safetysourcefire.ca\/wp-content\/uploads\/2024\/05\/iStock-1352766113_rev-11x12.png 11w\" sizes=\"auto, (max-width: 300px) 100vw, 300px\" \/><\/figure>\n<\/div>\n\n\n<p class=\"has-text-align-center has-vivid-red-color has-text-color has-link-color wp-elements-50decfd1e958fb9fca146ea707619578\"><strong><em>Bienvenue \u00e0 tous ! <\/em><br><em>Amenez votre famille et d\u00e9gustez un hamburger et une boisson gratuits pendant que vous profitez du spectacle.<\/em><\/strong><\/p>\n\n\n\n<div style=\"height:15px\" aria-hidden=\"true\" class=\"wp-block-spacer\"><\/div>\n\n\n\n<div class=\"wp-block-group is-nowrap is-layout-flex wp-container-core-group-is-layout-6c531013 wp-block-group-is-layout-flex\">\n<p><strong>Tous les arr\u00eats auront lieu \u00e0 la caserne de pompiers du lieu h\u00f4te.<\/strong><br><strong>L&#039;heure du spectacle est de 16 h \u00e0 20 h<\/strong><\/p>\n<\/div>\n\n\n\n<ul class=\"wp-block-list\">\n<li>Brooklyn \u2013 Lundi 9 juin<\/li>\n\n\n\n<li>Waterville \u2013 Mardi 10 juin<\/li>\n\n\n\n<li>Digby \u2013 Mercredi 11 juin<\/li>\n\n\n\n<li>Lunenburg \u2013 Jeudi 12 juin<\/li>\n\n\n\n<li>Truro \u2013 Lundi 16 juin<\/li>\n\n\n\n<li>Inverness \u2013 Mardi 17 juin<\/li>\n\n\n\n<li>Shubenacadie \u2013 mercredi 18 juin<\/li>\n\n\n\n<li>Amherst \u2013 Jeudi 19 juin<\/li>\n<\/ul>\n\n\n\n<p class=\"has-text-align-left\"><a href=\"https:\/\/www.facebook.com\/safetysourcefire\/\">Suivez-nous sur Facebook<\/a> pour les photos du Road Show, les vid\u00e9os et les derni\u00e8res mises \u00e0 jour.<\/p>\n\n\n<div class=\"wp-block-image\">\n<figure class=\"aligncenter size-large is-resized\"><img loading=\"lazy\" decoding=\"async\" width=\"504\" height=\"600\" src=\"https:\/\/safetysourcefire.ca\/wp-content\/uploads\/2025\/05\/Supplier_logos-504x600.jpg\" alt=\"\" class=\"wp-image-29748\" style=\"width:647px;height:auto\" srcset=\"https:\/\/safetysourcefire.ca\/wp-content\/uploads\/2025\/05\/Supplier_logos-504x600.jpg 504w, https:\/\/safetysourcefire.ca\/wp-content\/uploads\/2025\/05\/Supplier_logos-252x300.jpg 252w, https:\/\/safetysourcefire.ca\/wp-content\/uploads\/2025\/05\/Supplier_logos-126x150.jpg 126w, https:\/\/safetysourcefire.ca\/wp-content\/uploads\/2025\/05\/Supplier_logos-768x914.jpg 768w, https:\/\/safetysourcefire.ca\/wp-content\/uploads\/2025\/05\/Supplier_logos-1291x1536.jpg 1291w, https:\/\/safetysourcefire.ca\/wp-content\/uploads\/2025\/05\/Supplier_logos-10x12.jpg 10w, https:\/\/safetysourcefire.ca\/wp-content\/uploads\/2025\/05\/Supplier_logos-416x495.jpg 416w, https:\/\/safetysourcefire.ca\/wp-content\/uploads\/2025\/05\/Supplier_logos.jpg 1556w\" sizes=\"auto, (max-width: 504px) 100vw, 504px\" \/><\/figure>\n<\/div>","protected":false},"excerpt":{"rendered":"<p>See the most advanced equipment in the fire industry and talk to our experts about your community\u2019s needs. Join our industry experts for product demonstrations and information sessions showcasing the latest innovations&nbsp; in firefighting equipment, apparatus and technology. Prepare your department to answer the challenges of the modern fireground and learn about the latest in: [&hellip;]<\/p>\n","protected":false},"author":2,"featured_media":29751,"parent":0,"menu_order":0,"comment_status":"closed","ping_status":"closed","template":"","meta":{"footnotes":""},"class_list":["post-29747","page","type-page","status-publish","has-post-thumbnail","hentry"],"yoast_head":"<!-- This site is optimized with the Yoast SEO plugin v27.5 - https:\/\/yoast.com\/product\/yoast-seo-wordpress\/ -->\n<title>2025 Nova Scotia Road Show - Safety Source Fire<\/title>\n<meta name=\"robots\" content=\"index, follow, max-snippet:-1, max-image-preview:large, max-video-preview:-1\" \/>\n<link rel=\"canonical\" href=\"https:\/\/safetysourcefire.ca\/fr\/2025-nova-scotia-road-show\/\" \/>\n<meta property=\"og:locale\" content=\"fr_CA\" \/>\n<meta property=\"og:type\" content=\"article\" \/>\n<meta property=\"og:title\" content=\"2025 Nova Scotia Road Show - Safety Source Fire\" \/>\n<meta property=\"og:description\" content=\"See the most advanced equipment in the fire industry and talk to our experts about your community\u2019s needs. Join our industry experts for product demonstrations and information sessions showcasing the latest innovations&nbsp; in firefighting equipment, apparatus and technology. Prepare your department to answer the challenges of the modern fireground and learn about the latest in: [&hellip;]\" \/>\n<meta property=\"og:url\" content=\"https:\/\/safetysourcefire.ca\/fr\/2025-nova-scotia-road-show\/\" \/>\n<meta property=\"og:site_name\" content=\"Safety Source Fire\" \/>\n<meta property=\"article:publisher\" content=\"https:\/\/www.facebook.com\/mmfssca\" \/>\n<meta property=\"article:modified_time\" content=\"2025-06-16T18:09:34+00:00\" \/>\n<meta property=\"og:image\" content=\"https:\/\/safetysourcefire.ca\/wp-content\/uploads\/2025\/05\/2025RS_1200x600.jpg\" \/>\n\t<meta property=\"og:image:width\" content=\"1200\" \/>\n\t<meta property=\"og:image:height\" content=\"600\" \/>\n\t<meta property=\"og:image:type\" content=\"image\/jpeg\" \/>\n<meta name=\"twitter:card\" content=\"summary_large_image\" \/>\n<meta name=\"twitter:site\" content=\"@mmfssca\" \/>\n<meta name=\"twitter:label1\" content=\"Estimation du temps de lecture\" \/>\n\t<meta name=\"twitter:data1\" content=\"2 minutes\" \/>\n<script type=\"application\/ld+json\" class=\"yoast-schema-graph\">{\"@context\":\"https:\\\/\\\/schema.org\",\"@graph\":[{\"@type\":\"WebPage\",\"@id\":\"https:\\\/\\\/safetysourcefire.ca\\\/2025-nova-scotia-road-show\\\/\",\"url\":\"https:\\\/\\\/safetysourcefire.ca\\\/2025-nova-scotia-road-show\\\/\",\"name\":\"2025 Nova Scotia Road Show - Safety Source Fire\",\"isPartOf\":{\"@id\":\"https:\\\/\\\/safetysourcefire.ca\\\/#website\"},\"primaryImageOfPage\":{\"@id\":\"https:\\\/\\\/safetysourcefire.ca\\\/2025-nova-scotia-road-show\\\/#primaryimage\"},\"image\":{\"@id\":\"https:\\\/\\\/safetysourcefire.ca\\\/2025-nova-scotia-road-show\\\/#primaryimage\"},\"thumbnailUrl\":\"https:\\\/\\\/safetysourcefire.ca\\\/wp-content\\\/uploads\\\/2025\\\/05\\\/2025RS_1200x600.jpg\",\"datePublished\":\"2025-05-12T16:35:49+00:00\",\"dateModified\":\"2025-06-16T18:09:34+00:00\",\"breadcrumb\":{\"@id\":\"https:\\\/\\\/safetysourcefire.ca\\\/2025-nova-scotia-road-show\\\/#breadcrumb\"},\"inLanguage\":\"fr-CA\",\"potentialAction\":[{\"@type\":\"ReadAction\",\"target\":[\"https:\\\/\\\/safetysourcefire.ca\\\/2025-nova-scotia-road-show\\\/\"]}]},{\"@type\":\"ImageObject\",\"inLanguage\":\"fr-CA\",\"@id\":\"https:\\\/\\\/safetysourcefire.ca\\\/2025-nova-scotia-road-show\\\/#primaryimage\",\"url\":\"https:\\\/\\\/safetysourcefire.ca\\\/wp-content\\\/uploads\\\/2025\\\/05\\\/2025RS_1200x600.jpg\",\"contentUrl\":\"https:\\\/\\\/safetysourcefire.ca\\\/wp-content\\\/uploads\\\/2025\\\/05\\\/2025RS_1200x600.jpg\",\"width\":1200,\"height\":600,\"caption\":\"Road Show map\"},{\"@type\":\"BreadcrumbList\",\"@id\":\"https:\\\/\\\/safetysourcefire.ca\\\/2025-nova-scotia-road-show\\\/#breadcrumb\",\"itemListElement\":[{\"@type\":\"ListItem\",\"position\":1,\"name\":\"Home\",\"item\":\"https:\\\/\\\/safetysourcefire.ca\\\/\"},{\"@type\":\"ListItem\",\"position\":2,\"name\":\"2025 Nova Scotia Road Show\"}]},{\"@type\":\"WebSite\",\"@id\":\"https:\\\/\\\/safetysourcefire.ca\\\/#website\",\"url\":\"https:\\\/\\\/safetysourcefire.ca\\\/\",\"name\":\"Safety Source Fire\",\"description\":\"\",\"publisher\":{\"@id\":\"https:\\\/\\\/safetysourcefire.ca\\\/#organization\"},\"potentialAction\":[{\"@type\":\"SearchAction\",\"target\":{\"@type\":\"EntryPoint\",\"urlTemplate\":\"https:\\\/\\\/safetysourcefire.ca\\\/?s={search_term_string}\"},\"query-input\":{\"@type\":\"PropertyValueSpecification\",\"valueRequired\":true,\"valueName\":\"search_term_string\"}}],\"inLanguage\":\"fr-CA\"},{\"@type\":\"Organization\",\"@id\":\"https:\\\/\\\/safetysourcefire.ca\\\/#organization\",\"name\":\"Safety Source Fire\",\"url\":\"https:\\\/\\\/safetysourcefire.ca\\\/\",\"logo\":{\"@type\":\"ImageObject\",\"inLanguage\":\"fr-CA\",\"@id\":\"https:\\\/\\\/safetysourcefire.ca\\\/#\\\/schema\\\/logo\\\/image\\\/\",\"url\":\"https:\\\/\\\/safetysourcefire.ca\\\/wp-content\\\/uploads\\\/2021\\\/01\\\/SSF_logo_CC0000-3.png\",\"contentUrl\":\"https:\\\/\\\/safetysourcefire.ca\\\/wp-content\\\/uploads\\\/2021\\\/01\\\/SSF_logo_CC0000-3.png\",\"width\":1107,\"height\":365,\"caption\":\"Safety Source Fire\"},\"image\":{\"@id\":\"https:\\\/\\\/safetysourcefire.ca\\\/#\\\/schema\\\/logo\\\/image\\\/\"},\"sameAs\":[\"https:\\\/\\\/www.facebook.com\\\/mmfssca\",\"https:\\\/\\\/x.com\\\/mmfssca\"]}]}<\/script>\n<!-- \/ Yoast SEO plugin. -->","yoast_head_json":{"title":"Tourn\u00e9e de sensibilisation \u00e0 la s\u00e9curit\u00e9 incendie en Nouvelle-\u00c9cosse 2025 - Source de s\u00e9curit\u00e9 incendie","robots":{"index":"index","follow":"follow","max-snippet":"max-snippet:-1","max-image-preview":"max-image-preview:large","max-video-preview":"max-video-preview:-1"},"canonical":"https:\/\/safetysourcefire.ca\/fr\/2025-nova-scotia-road-show\/","og_locale":"fr_CA","og_type":"article","og_title":"2025 Nova Scotia Road Show - Safety Source Fire","og_description":"See the most advanced equipment in the fire industry and talk to our experts about your community\u2019s needs. Join our industry experts for product demonstrations and information sessions showcasing the latest innovations&nbsp; in firefighting equipment, apparatus and technology. Prepare your department to answer the challenges of the modern fireground and learn about the latest in: [&hellip;]","og_url":"https:\/\/safetysourcefire.ca\/fr\/2025-nova-scotia-road-show\/","og_site_name":"Safety Source Fire","article_publisher":"https:\/\/www.facebook.com\/mmfssca","article_modified_time":"2025-06-16T18:09:34+00:00","og_image":[{"width":1200,"height":600,"url":"https:\/\/safetysourcefire.ca\/wp-content\/uploads\/2025\/05\/2025RS_1200x600.jpg","type":"image\/jpeg"}],"twitter_card":"summary_large_image","twitter_site":"@mmfssca","twitter_misc":{"Estimation du temps de lecture":"2 minutes"},"schema":{"@context":"https:\/\/schema.org","@graph":[{"@type":"WebPage","@id":"https:\/\/safetysourcefire.ca\/2025-nova-scotia-road-show\/","url":"https:\/\/safetysourcefire.ca\/2025-nova-scotia-road-show\/","name":"Tourn\u00e9e de sensibilisation \u00e0 la s\u00e9curit\u00e9 incendie en Nouvelle-\u00c9cosse 2025 - Source de s\u00e9curit\u00e9 incendie","isPartOf":{"@id":"https:\/\/safetysourcefire.ca\/#website"},"primaryImageOfPage":{"@id":"https:\/\/safetysourcefire.ca\/2025-nova-scotia-road-show\/#primaryimage"},"image":{"@id":"https:\/\/safetysourcefire.ca\/2025-nova-scotia-road-show\/#primaryimage"},"thumbnailUrl":"https:\/\/safetysourcefire.ca\/wp-content\/uploads\/2025\/05\/2025RS_1200x600.jpg","datePublished":"2025-05-12T16:35:49+00:00","dateModified":"2025-06-16T18:09:34+00:00","breadcrumb":{"@id":"https:\/\/safetysourcefire.ca\/2025-nova-scotia-road-show\/#breadcrumb"},"inLanguage":"fr-CA","potentialAction":[{"@type":"ReadAction","target":["https:\/\/safetysourcefire.ca\/2025-nova-scotia-road-show\/"]}]},{"@type":"ImageObject","inLanguage":"fr-CA","@id":"https:\/\/safetysourcefire.ca\/2025-nova-scotia-road-show\/#primaryimage","url":"https:\/\/safetysourcefire.ca\/wp-content\/uploads\/2025\/05\/2025RS_1200x600.jpg","contentUrl":"https:\/\/safetysourcefire.ca\/wp-content\/uploads\/2025\/05\/2025RS_1200x600.jpg","width":1200,"height":600,"caption":"Road Show map"},{"@type":"BreadcrumbList","@id":"https:\/\/safetysourcefire.ca\/2025-nova-scotia-road-show\/#breadcrumb","itemListElement":[{"@type":"ListItem","position":1,"name":"Home","item":"https:\/\/safetysourcefire.ca\/"},{"@type":"ListItem","position":2,"name":"2025 Nova Scotia Road Show"}]},{"@type":"WebSite","@id":"https:\/\/safetysourcefire.ca\/#website","url":"https:\/\/safetysourcefire.ca\/","name":"Safety Source Fire","description":"","publisher":{"@id":"https:\/\/safetysourcefire.ca\/#organization"},"potentialAction":[{"@type":"SearchAction","target":{"@type":"EntryPoint","urlTemplate":"https:\/\/safetysourcefire.ca\/?s={search_term_string}"},"query-input":{"@type":"PropertyValueSpecification","valueRequired":true,"valueName":"search_term_string"}}],"inLanguage":"fr-CA"},{"@type":"Organization","@id":"https:\/\/safetysourcefire.ca\/#organization","name":"Safety Source Fire","url":"https:\/\/safetysourcefire.ca\/","logo":{"@type":"ImageObject","inLanguage":"fr-CA","@id":"https:\/\/safetysourcefire.ca\/#\/schema\/logo\/image\/","url":"https:\/\/safetysourcefire.ca\/wp-content\/uploads\/2021\/01\/SSF_logo_CC0000-3.png","contentUrl":"https:\/\/safetysourcefire.ca\/wp-content\/uploads\/2021\/01\/SSF_logo_CC0000-3.png","width":1107,"height":365,"caption":"Safety Source Fire"},"image":{"@id":"https:\/\/safetysourcefire.ca\/#\/schema\/logo\/image\/"},"sameAs":["https:\/\/www.facebook.com\/mmfssca","https:\/\/x.com\/mmfssca"]}]}},"_links":{"self":[{"href":"https:\/\/safetysourcefire.ca\/fr\/wp-json\/wp\/v2\/pages\/29747","targetHints":{"allow":["GET"]}}],"collection":[{"href":"https:\/\/safetysourcefire.ca\/fr\/wp-json\/wp\/v2\/pages"}],"about":[{"href":"https:\/\/safetysourcefire.ca\/fr\/wp-json\/wp\/v2\/types\/page"}],"author":[{"embeddable":true,"href":"https:\/\/safetysourcefire.ca\/fr\/wp-json\/wp\/v2\/users\/2"}],"replies":[{"embeddable":true,"href":"https:\/\/safetysourcefire.ca\/fr\/wp-json\/wp\/v2\/comments?post=29747"}],"version-history":[{"count":4,"href":"https:\/\/safetysourcefire.ca\/fr\/wp-json\/wp\/v2\/pages\/29747\/revisions"}],"predecessor-version":[{"id":29832,"href":"https:\/\/safetysourcefire.ca\/fr\/wp-json\/wp\/v2\/pages\/29747\/revisions\/29832"}],"wp:featuredmedia":[{"embeddable":true,"href":"https:\/\/safetysourcefire.ca\/fr\/wp-json\/wp\/v2\/media\/29751"}],"wp:attachment":[{"href":"https:\/\/safetysourcefire.ca\/fr\/wp-json\/wp\/v2\/media?parent=29747"}],"curies":[{"name":"wp","href":"https:\/\/api.w.org\/{rel}","templated":true}]}}