{"id":5850,"date":"2018-06-01T17:13:06","date_gmt":"2018-06-01T17:13:06","guid":{"rendered":"https:\/\/mmfss.ca\/?page_id=5850"},"modified":"2018-07-13T16:56:02","modified_gmt":"2018-07-13T16:56:02","slug":"frontline-communications","status":"publish","type":"page","link":"https:\/\/safetysourcefire.ca\/fr\/vehicles\/frontline-communications\/","title":{"rendered":"Frontline Communications"},"content":{"rendered":"<p><a href=\"https:\/\/safetysourcefire.ca\/wp-content\/uploads\/2018\/06\/frontline_logo.jpg\"><img loading=\"lazy\" decoding=\"async\" class=\"aligncenter wp-image-5851 size-medium\" src=\"https:\/\/safetysourcefire.ca\/wp-content\/uploads\/2018\/06\/frontline_logo-300x89.jpg\" alt=\"Frontline logo\" width=\"300\" height=\"89\" srcset=\"https:\/\/safetysourcefire.ca\/wp-content\/uploads\/2018\/06\/frontline_logo-300x89.jpg 300w, https:\/\/safetysourcefire.ca\/wp-content\/uploads\/2018\/06\/frontline_logo-150x44.jpg 150w, https:\/\/safetysourcefire.ca\/wp-content\/uploads\/2018\/06\/frontline_logo.jpg 322w\" sizes=\"auto, (max-width: 300px) 100vw, 300px\" \/><\/a><\/p>\n<h2><strong>Ax\u00e9 sur la mission.<\/strong><\/h2>\n<p>Notre mission est simple: fournir des v\u00e9hicules de haute qualit\u00e9 qui aident nos clients \u00e0 \u00eatre performants et \u00e0 r\u00e9pondre \u00e0 toutes les urgences.<\/p>\n<p>Nous construisons les meilleurs v\u00e9hicules de diffusion, de commande mobile et de communications sp\u00e9cialis\u00e9es de l'industrie. Des petits SUV aux remorques tract\u00e9es de 53 pieds, les v\u00e9hicules Frontline offrent une fiabilit\u00e9 in\u00e9gal\u00e9e gr\u00e2ce \u00e0 des conceptions innovantes et des solutions de syst\u00e8mes int\u00e9gr\u00e9s. Depuis 1985, chaque v\u00e9hicule fait par Frontline vous garanti de servir pendant des ann\u00e9es.<\/p>\n<p>Votre communaut\u00e9 ou agence peut \u00eatre appel\u00e9e \u00e0 g\u00e9rer n'importe quoi: des urgences locales aux catastrophes naturelles majeures. Frontline Communications propose des v\u00e9hicules \u00e0 la fine pointe de la technologie, personnalis\u00e9s et \u00e9quip\u00e9s avec tout ce dont vous avez besoin pour faire votre travail. Des salles de conf\u00e9rence pour une prise de d\u00e9cision concise? une cuisine ? des toilettes? pas de probl\u00e8me! Tout pour que vous puissiez rester aussi longtemps que n\u00e9cessaire \u00e0 votre poste de travail afin de pouvoir r\u00e9pondre en temps r\u00e9el, avec des informations de qualit\u00e9.<\/p>\n<p>Nous sommes experts en conception de syst\u00e8mes et comprenons l'importance d'int\u00e9grer des \u00e9quipements audio, vid\u00e9o, RF, syst\u00e8mes de surveillance et de communication complexes pour r\u00e9pondre \u00e0 vos besoins sp\u00e9cifiques. Des v\u00e9hicules d'intervention rapide bas\u00e9s sur des SUV mobiles aux remorques tract\u00e9es de 53 pieds, nous avons les v\u00e9hicules pour vous aider.<\/p>\n<p style=\"text-align: center;\">Faites une visite guid\u00e9e du v\u00e9hicule de d\u00e9monstration ENG NV HR de Frontline.<\/p>\n<p style=\"text-align: center;\"><iframe loading=\"lazy\" src=\"https:\/\/www.youtube.com\/embed\/lmyEhy3nHUw?rel=0\" width=\"560\" height=\"315\" frameborder=\"0\" allowfullscreen=\"allowfullscreen\"><\/iframe><\/p>","protected":false},"excerpt":{"rendered":"<p>Mission Driven. Our mission is simple: to provide high quality vehicles that help our customers perform at peak efficiency and respond to any emergency. That is why we build the industry\u2019s finest broadcast, mobile command, and specialty communications vehicles. From small SUVs to tractor drawn 53-foot trailers, Frontline vehicles deliver reliability through innovative vehicle designs [&hellip;]<\/p>\n","protected":false},"author":2,"featured_media":5854,"parent":106,"menu_order":0,"comment_status":"closed","ping_status":"closed","template":"","meta":{"footnotes":""},"class_list":["post-5850","page","type-page","status-publish","has-post-thumbnail","hentry"],"yoast_head":"<!-- This site is optimized with the Yoast SEO plugin v27.4 - https:\/\/yoast.com\/product\/yoast-seo-wordpress\/ -->\n<title>Frontline Communications - Safety Source Fire<\/title>\n<meta name=\"robots\" content=\"index, follow, max-snippet:-1, max-image-preview:large, max-video-preview:-1\" \/>\n<link rel=\"canonical\" href=\"https:\/\/safetysourcefire.ca\/fr\/vehicles\/frontline-communications\/\" \/>\n<meta property=\"og:locale\" content=\"fr_CA\" \/>\n<meta property=\"og:type\" content=\"article\" \/>\n<meta property=\"og:title\" content=\"Frontline Communications - Safety Source Fire\" \/>\n<meta property=\"og:description\" content=\"Mission Driven. Our mission is simple: to provide high quality vehicles that help our customers perform at peak efficiency and respond to any emergency. That is why we build the industry\u2019s finest broadcast, mobile command, and specialty communications vehicles. From small SUVs to tractor drawn 53-foot trailers, Frontline vehicles deliver reliability through innovative vehicle designs [&hellip;]\" \/>\n<meta property=\"og:url\" content=\"https:\/\/safetysourcefire.ca\/fr\/vehicles\/frontline-communications\/\" \/>\n<meta property=\"og:site_name\" content=\"Safety Source Fire\" \/>\n<meta property=\"article:publisher\" content=\"https:\/\/www.facebook.com\/mmfssca\" \/>\n<meta property=\"article:modified_time\" content=\"2018-07-13T16:56:02+00:00\" \/>\n<meta property=\"og:image\" content=\"https:\/\/safetysourcefire.ca\/wp-content\/uploads\/2018\/06\/C40_On-scene.jpg\" \/>\n\t<meta property=\"og:image:width\" content=\"960\" \/>\n\t<meta property=\"og:image:height\" content=\"466\" \/>\n\t<meta property=\"og:image:type\" content=\"image\/jpeg\" \/>\n<meta name=\"twitter:card\" content=\"summary_large_image\" \/>\n<meta name=\"twitter:site\" content=\"@mmfssca\" \/>\n<meta name=\"twitter:label1\" content=\"Estimation du temps de lecture\" \/>\n\t<meta name=\"twitter:data1\" content=\"1 minute\" \/>\n<script type=\"application\/ld+json\" class=\"yoast-schema-graph\">{\"@context\":\"https:\\\/\\\/schema.org\",\"@graph\":[{\"@type\":\"WebPage\",\"@id\":\"https:\\\/\\\/safetysourcefire.ca\\\/fr\\\/vehicles\\\/frontline-communications\\\/\",\"url\":\"https:\\\/\\\/safetysourcefire.ca\\\/fr\\\/vehicles\\\/frontline-communications\\\/\",\"name\":\"Frontline Communications - Safety Source Fire\",\"isPartOf\":{\"@id\":\"https:\\\/\\\/safetysourcefire.ca\\\/#website\"},\"primaryImageOfPage\":{\"@id\":\"https:\\\/\\\/safetysourcefire.ca\\\/fr\\\/vehicles\\\/frontline-communications\\\/#primaryimage\"},\"image\":{\"@id\":\"https:\\\/\\\/safetysourcefire.ca\\\/fr\\\/vehicles\\\/frontline-communications\\\/#primaryimage\"},\"thumbnailUrl\":\"https:\\\/\\\/safetysourcefire.ca\\\/wp-content\\\/uploads\\\/2018\\\/06\\\/C40_On-scene.jpg\",\"datePublished\":\"2018-06-01T17:13:06+00:00\",\"dateModified\":\"2018-07-13T16:56:02+00:00\",\"breadcrumb\":{\"@id\":\"https:\\\/\\\/safetysourcefire.ca\\\/fr\\\/vehicles\\\/frontline-communications\\\/#breadcrumb\"},\"inLanguage\":\"fr-CA\",\"potentialAction\":[{\"@type\":\"ReadAction\",\"target\":[\"https:\\\/\\\/safetysourcefire.ca\\\/fr\\\/vehicles\\\/frontline-communications\\\/\"]}]},{\"@type\":\"ImageObject\",\"inLanguage\":\"fr-CA\",\"@id\":\"https:\\\/\\\/safetysourcefire.ca\\\/fr\\\/vehicles\\\/frontline-communications\\\/#primaryimage\",\"url\":\"https:\\\/\\\/safetysourcefire.ca\\\/wp-content\\\/uploads\\\/2018\\\/06\\\/C40_On-scene.jpg\",\"contentUrl\":\"https:\\\/\\\/safetysourcefire.ca\\\/wp-content\\\/uploads\\\/2018\\\/06\\\/C40_On-scene.jpg\",\"width\":960,\"height\":466,\"caption\":\"truck\"},{\"@type\":\"BreadcrumbList\",\"@id\":\"https:\\\/\\\/safetysourcefire.ca\\\/fr\\\/vehicles\\\/frontline-communications\\\/#breadcrumb\",\"itemListElement\":[{\"@type\":\"ListItem\",\"position\":1,\"name\":\"Home\",\"item\":\"https:\\\/\\\/safetysourcefire.ca\\\/\"},{\"@type\":\"ListItem\",\"position\":2,\"name\":\"Vehicles\",\"item\":\"https:\\\/\\\/safetysourcefire.ca\\\/vehicles\\\/\"},{\"@type\":\"ListItem\",\"position\":3,\"name\":\"Frontline Communications\"}]},{\"@type\":\"WebSite\",\"@id\":\"https:\\\/\\\/safetysourcefire.ca\\\/#website\",\"url\":\"https:\\\/\\\/safetysourcefire.ca\\\/\",\"name\":\"Safety Source Fire\",\"description\":\"\",\"publisher\":{\"@id\":\"https:\\\/\\\/safetysourcefire.ca\\\/#organization\"},\"potentialAction\":[{\"@type\":\"SearchAction\",\"target\":{\"@type\":\"EntryPoint\",\"urlTemplate\":\"https:\\\/\\\/safetysourcefire.ca\\\/?s={search_term_string}\"},\"query-input\":{\"@type\":\"PropertyValueSpecification\",\"valueRequired\":true,\"valueName\":\"search_term_string\"}}],\"inLanguage\":\"fr-CA\"},{\"@type\":\"Organization\",\"@id\":\"https:\\\/\\\/safetysourcefire.ca\\\/#organization\",\"name\":\"Safety Source Fire\",\"url\":\"https:\\\/\\\/safetysourcefire.ca\\\/\",\"logo\":{\"@type\":\"ImageObject\",\"inLanguage\":\"fr-CA\",\"@id\":\"https:\\\/\\\/safetysourcefire.ca\\\/#\\\/schema\\\/logo\\\/image\\\/\",\"url\":\"https:\\\/\\\/safetysourcefire.ca\\\/wp-content\\\/uploads\\\/2021\\\/01\\\/SSF_logo_CC0000-3.png\",\"contentUrl\":\"https:\\\/\\\/safetysourcefire.ca\\\/wp-content\\\/uploads\\\/2021\\\/01\\\/SSF_logo_CC0000-3.png\",\"width\":1107,\"height\":365,\"caption\":\"Safety Source Fire\"},\"image\":{\"@id\":\"https:\\\/\\\/safetysourcefire.ca\\\/#\\\/schema\\\/logo\\\/image\\\/\"},\"sameAs\":[\"https:\\\/\\\/www.facebook.com\\\/mmfssca\",\"https:\\\/\\\/x.com\\\/mmfssca\"]}]}<\/script>\n<!-- \/ Yoast SEO plugin. -->","yoast_head_json":{"title":"Frontline Communications - Safety Source Fire","robots":{"index":"index","follow":"follow","max-snippet":"max-snippet:-1","max-image-preview":"max-image-preview:large","max-video-preview":"max-video-preview:-1"},"canonical":"https:\/\/safetysourcefire.ca\/fr\/vehicles\/frontline-communications\/","og_locale":"fr_CA","og_type":"article","og_title":"Frontline Communications - Safety Source Fire","og_description":"Mission Driven. Our mission is simple: to provide high quality vehicles that help our customers perform at peak efficiency and respond to any emergency. That is why we build the industry\u2019s finest broadcast, mobile command, and specialty communications vehicles. From small SUVs to tractor drawn 53-foot trailers, Frontline vehicles deliver reliability through innovative vehicle designs [&hellip;]","og_url":"https:\/\/safetysourcefire.ca\/fr\/vehicles\/frontline-communications\/","og_site_name":"Safety Source Fire","article_publisher":"https:\/\/www.facebook.com\/mmfssca","article_modified_time":"2018-07-13T16:56:02+00:00","og_image":[{"width":960,"height":466,"url":"https:\/\/safetysourcefire.ca\/wp-content\/uploads\/2018\/06\/C40_On-scene.jpg","type":"image\/jpeg"}],"twitter_card":"summary_large_image","twitter_site":"@mmfssca","twitter_misc":{"Estimation du temps de lecture":"1 minute"},"schema":{"@context":"https:\/\/schema.org","@graph":[{"@type":"WebPage","@id":"https:\/\/safetysourcefire.ca\/fr\/vehicles\/frontline-communications\/","url":"https:\/\/safetysourcefire.ca\/fr\/vehicles\/frontline-communications\/","name":"Frontline Communications - Safety Source Fire","isPartOf":{"@id":"https:\/\/safetysourcefire.ca\/#website"},"primaryImageOfPage":{"@id":"https:\/\/safetysourcefire.ca\/fr\/vehicles\/frontline-communications\/#primaryimage"},"image":{"@id":"https:\/\/safetysourcefire.ca\/fr\/vehicles\/frontline-communications\/#primaryimage"},"thumbnailUrl":"https:\/\/safetysourcefire.ca\/wp-content\/uploads\/2018\/06\/C40_On-scene.jpg","datePublished":"2018-06-01T17:13:06+00:00","dateModified":"2018-07-13T16:56:02+00:00","breadcrumb":{"@id":"https:\/\/safetysourcefire.ca\/fr\/vehicles\/frontline-communications\/#breadcrumb"},"inLanguage":"fr-CA","potentialAction":[{"@type":"ReadAction","target":["https:\/\/safetysourcefire.ca\/fr\/vehicles\/frontline-communications\/"]}]},{"@type":"ImageObject","inLanguage":"fr-CA","@id":"https:\/\/safetysourcefire.ca\/fr\/vehicles\/frontline-communications\/#primaryimage","url":"https:\/\/safetysourcefire.ca\/wp-content\/uploads\/2018\/06\/C40_On-scene.jpg","contentUrl":"https:\/\/safetysourcefire.ca\/wp-content\/uploads\/2018\/06\/C40_On-scene.jpg","width":960,"height":466,"caption":"truck"},{"@type":"BreadcrumbList","@id":"https:\/\/safetysourcefire.ca\/fr\/vehicles\/frontline-communications\/#breadcrumb","itemListElement":[{"@type":"ListItem","position":1,"name":"Home","item":"https:\/\/safetysourcefire.ca\/"},{"@type":"ListItem","position":2,"name":"Vehicles","item":"https:\/\/safetysourcefire.ca\/vehicles\/"},{"@type":"ListItem","position":3,"name":"Frontline Communications"}]},{"@type":"WebSite","@id":"https:\/\/safetysourcefire.ca\/#website","url":"https:\/\/safetysourcefire.ca\/","name":"Safety Source Fire","description":"","publisher":{"@id":"https:\/\/safetysourcefire.ca\/#organization"},"potentialAction":[{"@type":"SearchAction","target":{"@type":"EntryPoint","urlTemplate":"https:\/\/safetysourcefire.ca\/?s={search_term_string}"},"query-input":{"@type":"PropertyValueSpecification","valueRequired":true,"valueName":"search_term_string"}}],"inLanguage":"fr-CA"},{"@type":"Organization","@id":"https:\/\/safetysourcefire.ca\/#organization","name":"Safety Source Fire","url":"https:\/\/safetysourcefire.ca\/","logo":{"@type":"ImageObject","inLanguage":"fr-CA","@id":"https:\/\/safetysourcefire.ca\/#\/schema\/logo\/image\/","url":"https:\/\/safetysourcefire.ca\/wp-content\/uploads\/2021\/01\/SSF_logo_CC0000-3.png","contentUrl":"https:\/\/safetysourcefire.ca\/wp-content\/uploads\/2021\/01\/SSF_logo_CC0000-3.png","width":1107,"height":365,"caption":"Safety Source Fire"},"image":{"@id":"https:\/\/safetysourcefire.ca\/#\/schema\/logo\/image\/"},"sameAs":["https:\/\/www.facebook.com\/mmfssca","https:\/\/x.com\/mmfssca"]}]}},"_links":{"self":[{"href":"https:\/\/safetysourcefire.ca\/fr\/wp-json\/wp\/v2\/pages\/5850","targetHints":{"allow":["GET"]}}],"collection":[{"href":"https:\/\/safetysourcefire.ca\/fr\/wp-json\/wp\/v2\/pages"}],"about":[{"href":"https:\/\/safetysourcefire.ca\/fr\/wp-json\/wp\/v2\/types\/page"}],"author":[{"embeddable":true,"href":"https:\/\/safetysourcefire.ca\/fr\/wp-json\/wp\/v2\/users\/2"}],"replies":[{"embeddable":true,"href":"https:\/\/safetysourcefire.ca\/fr\/wp-json\/wp\/v2\/comments?post=5850"}],"version-history":[{"count":3,"href":"https:\/\/safetysourcefire.ca\/fr\/wp-json\/wp\/v2\/pages\/5850\/revisions"}],"predecessor-version":[{"id":5971,"href":"https:\/\/safetysourcefire.ca\/fr\/wp-json\/wp\/v2\/pages\/5850\/revisions\/5971"}],"up":[{"embeddable":true,"href":"https:\/\/safetysourcefire.ca\/fr\/wp-json\/wp\/v2\/pages\/106"}],"wp:featuredmedia":[{"embeddable":true,"href":"https:\/\/safetysourcefire.ca\/fr\/wp-json\/wp\/v2\/media\/5854"}],"wp:attachment":[{"href":"https:\/\/safetysourcefire.ca\/fr\/wp-json\/wp\/v2\/media?parent=5850"}],"curies":[{"name":"wp","href":"https:\/\/api.w.org\/{rel}","templated":true}]}}