{"id":1010,"date":"2017-05-05T20:37:33","date_gmt":"2017-05-05T20:37:33","guid":{"rendered":"http:\/\/mmfss.ca\/?post_type=product&#038;p=1010"},"modified":"2018-03-19T13:14:36","modified_gmt":"2018-03-19T13:14:36","slug":"solid-beam-aluminum-ladders-series-12001225","status":"publish","type":"product","link":"https:\/\/safetysourcefire.ca\/fr\/produit\/solid-beam-aluminum-ladders-series-12001225\/","title":{"rendered":"\u00c9chelle en aluminium \u00e0 poutres massives \u2013 S\u00e9rie 1200\/1225"},"content":{"rendered":"<p>Ces \u00e9chelles poss\u00e8dent le syst\u00e8me \u00e0 rainure exclusif de Duo-Safety. Cette conception de construction exceptionnelle permet de maintenir les sections fermes et rigides, sans supports, crochets ou obstructions.<\/p>\n<ul>\n<li><strong>Rail de canal 3-3\/4\u2033 <\/strong><\/li>\n<li><strong>Capacit\u00e9 de charge de 750l b<\/strong><\/li>\n<\/ul>\n<table width=\"100%\">\n<tbody>\n<tr>\n<td colspan=\"5\"><strong>CARACT\u00c9RISTIQUES<\/strong><\/td>\n<\/tr>\n<tr>\n<td colspan=\"5\"><strong>S\u00c9RIE 1200-A 2 SECTIONS<\/strong><\/td>\n<\/tr>\n<tr>\n<td><strong>Taille<\/strong><\/td>\n<td><strong>Longueur<br \/>\nLongueur<\/strong><\/td>\n<td><strong>Largeur<\/strong><\/td>\n<td><strong>Bancaire<br \/>\n\u00c9paisseur<\/strong><\/td>\n<td><strong>Poids<\/strong><\/td>\n<\/tr>\n<tr>\n<td>28\u2032<\/td>\n<td>16\u2032 3,25\u2033<\/td>\n<td>24\u2033<\/td>\n<td>6,5\u2033<\/td>\n<td>87 livres<\/td>\n<\/tr>\n<tr>\n<td>30\u2032<\/td>\n<td>18\u2032 3,25\u2033<\/td>\n<td>24\u2033<\/td>\n<td>6,5\u2033<\/td>\n<td>107 livres<\/td>\n<\/tr>\n<tr>\n<td>35\u2032<\/td>\n<td>20\u2032 3,25\u2033<\/td>\n<td>24\u2033<\/td>\n<td>6,5\u2033<\/td>\n<td>122 livres<\/td>\n<\/tr>\n<tr>\n<td colspan=\"5\"><strong>S\u00c9RIE 1225-A 3 SECTIONS<\/strong><\/td>\n<\/tr>\n<tr>\n<td><strong>Taille<\/strong><\/td>\n<td><strong>Longueur<br \/>\nLongueur<\/strong><\/td>\n<td><strong>Largeur<\/strong><\/td>\n<td><strong>Bancaire<br \/>\n\u00c9paisseur<\/strong><\/td>\n<td><strong>Poids<\/strong><\/td>\n<\/tr>\n<tr>\n<td>28\u2032<\/td>\n<td>12\u2032 11\u2033<\/td>\n<td>24\u2033<\/td>\n<td>9,125\u2033<\/td>\n<td>107 livres<\/td>\n<\/tr>\n<tr>\n<td>30\u2032<\/td>\n<td>13\u2032 3\u2033<\/td>\n<td>24\u2033<\/td>\n<td>9,125\u2033<\/td>\n<td>108 livres<\/td>\n<\/tr>\n<tr>\n<td>35\u2032<\/td>\n<td>15\u2032 3\u2033<\/td>\n<td>24\u2033<\/td>\n<td>9,125\u2033<\/td>\n<td>129 livres<\/td>\n<\/tr>\n<tr>\n<td colspan=\"5\">Toutes les dimensions r\u00e9pertori\u00e9es ci-haut se qualifient dans les normes de v\u00e9rification de conception NFPA. Des variations d'environ +\/- 0,125\u2033 peuvent se produire en raison du type de rivets, \u00e9crous ou boulons utilis\u00e9s. Si vous avez besoin de dimensions pr\u00e9cises, veuillez appeler notre bureau et demander une copie de nos feuilles de dimensions.<\/td>\n<\/tr>\n<tr>\n<td colspan=\"5\">Pieds \u00e0 griffes en standard<br \/>\nChaussures de s\u00e9curit\u00e9 en caoutchouc disponibles en option (pour une meilleure utilisation sur les surfaces dures).<\/td>\n<\/tr>\n<\/tbody>\n<\/table>","protected":false},"excerpt":{"rendered":"<p>Ces \u00e9chelles compactes n\u00e9cessitent un minimum d'espace tout en ayant l'avantage d'\u00eatre particuli\u00e8rement stables et rigides.<\/p>","protected":false},"featured_media":1113,"template":"","meta":[],"product_brand":[162],"product_cat":[54,42],"product_tag":[282,283],"class_list":{"0":"post-1010","1":"product","2":"type-product","3":"status-publish","4":"has-post-thumbnail","6":"product_brand-duo-safety","7":"product_cat-extension","8":"product_cat-ladders","9":"product_tag-duo-safety","10":"product_tag-duosafety","12":"first","13":"instock","14":"shipping-taxable","15":"product-type-simple"},"yoast_head":"<!-- This site is optimized with the Yoast SEO plugin v27.4 - https:\/\/yoast.com\/product\/yoast-seo-wordpress\/ -->\n<title>Solid Beam Aluminum Ladders - Series 1200\/1225 - Safety Source Fire<\/title>\n<meta name=\"robots\" content=\"index, follow, max-snippet:-1, max-image-preview:large, max-video-preview:-1\" \/>\n<link rel=\"canonical\" href=\"https:\/\/safetysourcefire.ca\/fr\/?product=solid-beam-aluminum-ladders-series-12001225\" \/>\n<meta property=\"og:locale\" content=\"fr_CA\" \/>\n<meta property=\"og:type\" content=\"article\" \/>\n<meta property=\"og:title\" content=\"Solid Beam Aluminum Ladders - Series 1200\/1225 - Safety Source Fire\" \/>\n<meta property=\"og:description\" content=\"These compact ladders require a minimum of banking space - and have the extra advantage of being especially stable and rigid.\" \/>\n<meta property=\"og:url\" content=\"https:\/\/safetysourcefire.ca\/fr\/?product=solid-beam-aluminum-ladders-series-12001225\" \/>\n<meta property=\"og:site_name\" content=\"Safety Source Fire\" \/>\n<meta property=\"article:publisher\" content=\"https:\/\/www.facebook.com\/mmfssca\" \/>\n<meta property=\"article:modified_time\" content=\"2018-03-19T13:14:36+00:00\" \/>\n<meta property=\"og:image\" content=\"https:\/\/safetysourcefire.ca\/wp-content\/uploads\/2017\/05\/1225.jpg\" \/>\n\t<meta property=\"og:image:width\" content=\"600\" \/>\n\t<meta property=\"og:image:height\" content=\"600\" \/>\n\t<meta property=\"og:image:type\" content=\"image\/jpeg\" \/>\n<meta name=\"twitter:card\" content=\"summary_large_image\" \/>\n<meta name=\"twitter:site\" content=\"@mmfssca\" \/>\n<meta name=\"twitter:label1\" content=\"Estimation du temps de lecture\" \/>\n\t<meta name=\"twitter:data1\" content=\"1 minute\" \/>\n<script type=\"application\/ld+json\" class=\"yoast-schema-graph\">{\"@context\":\"https:\\\/\\\/schema.org\",\"@graph\":[{\"@type\":\"WebPage\",\"@id\":\"https:\\\/\\\/safetysourcefire.ca\\\/?product=solid-beam-aluminum-ladders-series-12001225\",\"url\":\"https:\\\/\\\/safetysourcefire.ca\\\/?product=solid-beam-aluminum-ladders-series-12001225\",\"name\":\"Solid Beam Aluminum Ladders - Series 1200\\\/1225 - Safety Source Fire\",\"isPartOf\":{\"@id\":\"https:\\\/\\\/safetysourcefire.ca\\\/#website\"},\"primaryImageOfPage\":{\"@id\":\"https:\\\/\\\/safetysourcefire.ca\\\/?product=solid-beam-aluminum-ladders-series-12001225#primaryimage\"},\"image\":{\"@id\":\"https:\\\/\\\/safetysourcefire.ca\\\/?product=solid-beam-aluminum-ladders-series-12001225#primaryimage\"},\"thumbnailUrl\":\"https:\\\/\\\/safetysourcefire.ca\\\/wp-content\\\/uploads\\\/2017\\\/05\\\/1225.jpg\",\"datePublished\":\"2017-05-05T20:37:33+00:00\",\"dateModified\":\"2018-03-19T13:14:36+00:00\",\"breadcrumb\":{\"@id\":\"https:\\\/\\\/safetysourcefire.ca\\\/?product=solid-beam-aluminum-ladders-series-12001225#breadcrumb\"},\"inLanguage\":\"fr-CA\",\"potentialAction\":[{\"@type\":\"ReadAction\",\"target\":[\"https:\\\/\\\/safetysourcefire.ca\\\/?product=solid-beam-aluminum-ladders-series-12001225\"]}]},{\"@type\":\"ImageObject\",\"inLanguage\":\"fr-CA\",\"@id\":\"https:\\\/\\\/safetysourcefire.ca\\\/?product=solid-beam-aluminum-ladders-series-12001225#primaryimage\",\"url\":\"https:\\\/\\\/safetysourcefire.ca\\\/wp-content\\\/uploads\\\/2017\\\/05\\\/1225.jpg\",\"contentUrl\":\"https:\\\/\\\/safetysourcefire.ca\\\/wp-content\\\/uploads\\\/2017\\\/05\\\/1225.jpg\",\"width\":600,\"height\":600,\"caption\":\"Solid Beam Aluminum Ladders\"},{\"@type\":\"BreadcrumbList\",\"@id\":\"https:\\\/\\\/safetysourcefire.ca\\\/?product=solid-beam-aluminum-ladders-series-12001225#breadcrumb\",\"itemListElement\":[{\"@type\":\"ListItem\",\"position\":1,\"name\":\"Home\",\"item\":\"https:\\\/\\\/safetysourcefire.ca\\\/\"},{\"@type\":\"ListItem\",\"position\":2,\"name\":\"Products\",\"item\":\"https:\\\/\\\/safetysourcefire.ca\\\/shop\\\/\"},{\"@type\":\"ListItem\",\"position\":3,\"name\":\"Solid Beam Aluminum Ladders &#8211; Series 1200\\\/1225\"}]},{\"@type\":\"WebSite\",\"@id\":\"https:\\\/\\\/safetysourcefire.ca\\\/#website\",\"url\":\"https:\\\/\\\/safetysourcefire.ca\\\/\",\"name\":\"Safety Source Fire\",\"description\":\"\",\"publisher\":{\"@id\":\"https:\\\/\\\/safetysourcefire.ca\\\/#organization\"},\"potentialAction\":[{\"@type\":\"SearchAction\",\"target\":{\"@type\":\"EntryPoint\",\"urlTemplate\":\"https:\\\/\\\/safetysourcefire.ca\\\/?s={search_term_string}\"},\"query-input\":{\"@type\":\"PropertyValueSpecification\",\"valueRequired\":true,\"valueName\":\"search_term_string\"}}],\"inLanguage\":\"fr-CA\"},{\"@type\":\"Organization\",\"@id\":\"https:\\\/\\\/safetysourcefire.ca\\\/#organization\",\"name\":\"Safety Source Fire\",\"url\":\"https:\\\/\\\/safetysourcefire.ca\\\/\",\"logo\":{\"@type\":\"ImageObject\",\"inLanguage\":\"fr-CA\",\"@id\":\"https:\\\/\\\/safetysourcefire.ca\\\/#\\\/schema\\\/logo\\\/image\\\/\",\"url\":\"https:\\\/\\\/safetysourcefire.ca\\\/wp-content\\\/uploads\\\/2021\\\/01\\\/SSF_logo_CC0000-3.png\",\"contentUrl\":\"https:\\\/\\\/safetysourcefire.ca\\\/wp-content\\\/uploads\\\/2021\\\/01\\\/SSF_logo_CC0000-3.png\",\"width\":1107,\"height\":365,\"caption\":\"Safety Source Fire\"},\"image\":{\"@id\":\"https:\\\/\\\/safetysourcefire.ca\\\/#\\\/schema\\\/logo\\\/image\\\/\"},\"sameAs\":[\"https:\\\/\\\/www.facebook.com\\\/mmfssca\",\"https:\\\/\\\/x.com\\\/mmfssca\"]}]}<\/script>\n<!-- \/ Yoast SEO plugin. -->","yoast_head_json":{"title":"\u00c9chelles \u00e0 poutres pleines en aluminium - S\u00e9ries 1200\/1225 - Safety Source Fire","robots":{"index":"index","follow":"follow","max-snippet":"max-snippet:-1","max-image-preview":"max-image-preview:large","max-video-preview":"max-video-preview:-1"},"canonical":"https:\/\/safetysourcefire.ca\/fr\/?product=solid-beam-aluminum-ladders-series-12001225","og_locale":"fr_CA","og_type":"article","og_title":"Solid Beam Aluminum Ladders - Series 1200\/1225 - Safety Source Fire","og_description":"These compact ladders require a minimum of banking space - and have the extra advantage of being especially stable and rigid.","og_url":"https:\/\/safetysourcefire.ca\/fr\/?product=solid-beam-aluminum-ladders-series-12001225","og_site_name":"Safety Source Fire","article_publisher":"https:\/\/www.facebook.com\/mmfssca","article_modified_time":"2018-03-19T13:14:36+00:00","og_image":[{"width":600,"height":600,"url":"https:\/\/safetysourcefire.ca\/wp-content\/uploads\/2017\/05\/1225.jpg","type":"image\/jpeg"}],"twitter_card":"summary_large_image","twitter_site":"@mmfssca","twitter_misc":{"Estimation du temps de lecture":"1 minute"},"schema":{"@context":"https:\/\/schema.org","@graph":[{"@type":"WebPage","@id":"https:\/\/safetysourcefire.ca\/?product=solid-beam-aluminum-ladders-series-12001225","url":"https:\/\/safetysourcefire.ca\/?product=solid-beam-aluminum-ladders-series-12001225","name":"\u00c9chelles \u00e0 poutres pleines en aluminium - S\u00e9ries 1200\/1225 - Safety Source Fire","isPartOf":{"@id":"https:\/\/safetysourcefire.ca\/#website"},"primaryImageOfPage":{"@id":"https:\/\/safetysourcefire.ca\/?product=solid-beam-aluminum-ladders-series-12001225#primaryimage"},"image":{"@id":"https:\/\/safetysourcefire.ca\/?product=solid-beam-aluminum-ladders-series-12001225#primaryimage"},"thumbnailUrl":"https:\/\/safetysourcefire.ca\/wp-content\/uploads\/2017\/05\/1225.jpg","datePublished":"2017-05-05T20:37:33+00:00","dateModified":"2018-03-19T13:14:36+00:00","breadcrumb":{"@id":"https:\/\/safetysourcefire.ca\/?product=solid-beam-aluminum-ladders-series-12001225#breadcrumb"},"inLanguage":"fr-CA","potentialAction":[{"@type":"ReadAction","target":["https:\/\/safetysourcefire.ca\/?product=solid-beam-aluminum-ladders-series-12001225"]}]},{"@type":"ImageObject","inLanguage":"fr-CA","@id":"https:\/\/safetysourcefire.ca\/?product=solid-beam-aluminum-ladders-series-12001225#primaryimage","url":"https:\/\/safetysourcefire.ca\/wp-content\/uploads\/2017\/05\/1225.jpg","contentUrl":"https:\/\/safetysourcefire.ca\/wp-content\/uploads\/2017\/05\/1225.jpg","width":600,"height":600,"caption":"Solid Beam Aluminum Ladders"},{"@type":"BreadcrumbList","@id":"https:\/\/safetysourcefire.ca\/?product=solid-beam-aluminum-ladders-series-12001225#breadcrumb","itemListElement":[{"@type":"ListItem","position":1,"name":"Home","item":"https:\/\/safetysourcefire.ca\/"},{"@type":"ListItem","position":2,"name":"Products","item":"https:\/\/safetysourcefire.ca\/shop\/"},{"@type":"ListItem","position":3,"name":"Solid Beam Aluminum Ladders &#8211; Series 1200\/1225"}]},{"@type":"WebSite","@id":"https:\/\/safetysourcefire.ca\/#website","url":"https:\/\/safetysourcefire.ca\/","name":"Safety Source Fire","description":"","publisher":{"@id":"https:\/\/safetysourcefire.ca\/#organization"},"potentialAction":[{"@type":"SearchAction","target":{"@type":"EntryPoint","urlTemplate":"https:\/\/safetysourcefire.ca\/?s={search_term_string}"},"query-input":{"@type":"PropertyValueSpecification","valueRequired":true,"valueName":"search_term_string"}}],"inLanguage":"fr-CA"},{"@type":"Organization","@id":"https:\/\/safetysourcefire.ca\/#organization","name":"Safety Source Fire","url":"https:\/\/safetysourcefire.ca\/","logo":{"@type":"ImageObject","inLanguage":"fr-CA","@id":"https:\/\/safetysourcefire.ca\/#\/schema\/logo\/image\/","url":"https:\/\/safetysourcefire.ca\/wp-content\/uploads\/2021\/01\/SSF_logo_CC0000-3.png","contentUrl":"https:\/\/safetysourcefire.ca\/wp-content\/uploads\/2021\/01\/SSF_logo_CC0000-3.png","width":1107,"height":365,"caption":"Safety Source Fire"},"image":{"@id":"https:\/\/safetysourcefire.ca\/#\/schema\/logo\/image\/"},"sameAs":["https:\/\/www.facebook.com\/mmfssca","https:\/\/x.com\/mmfssca"]}]}},"_links":{"self":[{"href":"https:\/\/safetysourcefire.ca\/fr\/wp-json\/wp\/v2\/product\/1010","targetHints":{"allow":["GET"]}}],"collection":[{"href":"https:\/\/safetysourcefire.ca\/fr\/wp-json\/wp\/v2\/product"}],"about":[{"href":"https:\/\/safetysourcefire.ca\/fr\/wp-json\/wp\/v2\/types\/product"}],"wp:featuredmedia":[{"embeddable":true,"href":"https:\/\/safetysourcefire.ca\/fr\/wp-json\/wp\/v2\/media\/1113"}],"wp:attachment":[{"href":"https:\/\/safetysourcefire.ca\/fr\/wp-json\/wp\/v2\/media?parent=1010"}],"wp:term":[{"taxonomy":"product_brand","embeddable":true,"href":"https:\/\/safetysourcefire.ca\/fr\/wp-json\/wp\/v2\/product_brand?post=1010"},{"taxonomy":"product_cat","embeddable":true,"href":"https:\/\/safetysourcefire.ca\/fr\/wp-json\/wp\/v2\/product_cat?post=1010"},{"taxonomy":"product_tag","embeddable":true,"href":"https:\/\/safetysourcefire.ca\/fr\/wp-json\/wp\/v2\/product_tag?post=1010"}],"curies":[{"name":"wp","href":"https:\/\/api.w.org\/{rel}","templated":true}]}}