{"id":1013,"date":"2017-05-05T20:46:11","date_gmt":"2017-05-05T20:46:11","guid":{"rendered":"http:\/\/mmfss.ca\/?post_type=product&#038;p=1013"},"modified":"2018-03-19T13:14:35","modified_gmt":"2018-03-19T13:14:35","slug":"folding-ladders","status":"publish","type":"product","link":"https:\/\/safetysourcefire.ca\/fr\/produit\/folding-ladders\/","title":{"rendered":"\u00c9chelle pliante"},"content":{"rendered":"<p>\u00c9tant ultra l\u00e9g\u00e8res, ces \u00e9chelles peuvent se replier en un tout petit paquet pratique pour le rangement ou le transport. En position ouverte, des dispositifs de verrouillage sp\u00e9ciaux maintiennent ces \u00e9chelles rigides et solides. \u00c9quip\u00e9 de chaussures ''Duo-Safety'' sur les pattes pour pr\u00e9caution suppl\u00e9mentaire.<br \/>\n<strong>S\u00e9rie 585-A Aluminium<\/strong><\/p>\n<ul>\n<li><strong>Capacit\u00e9 de charge de 300 lb<\/strong><\/li>\n<\/ul>\n<table width=\"100%\">\n<tbody>\n<tr>\n<td colspan=\"6\"><strong>CARACT\u00c9RISTIQUES<\/strong><\/td>\n<\/tr>\n<tr>\n<td colspan=\"6\"><strong>S\u00c9RIE 585-A Aluminium<\/strong><\/td>\n<\/tr>\n<tr>\n<td><strong>Taille<\/strong><\/td>\n<td><strong>Longueur<br \/>\nLongueur<\/strong><\/td>\n<td><strong>Longueur<br \/>\nLongueur<\/strong><\/td>\n<td><strong>Longueur<br \/>\nLargeur<\/strong><\/td>\n<td><strong>Bancaire<br \/>\nDimensions<\/strong><\/td>\n<td><strong>Poids<\/strong><\/td>\n<\/tr>\n<tr>\n<td>8\u2032<\/td>\n<td>8\u2032 .375\u2033<\/td>\n<td>8\u2032 9,75\u2033<\/td>\n<td>12,12\u2033<\/td>\n<td>*1.75\u2033x4.25\u2033<\/td>\n<td>13 livres<\/td>\n<\/tr>\n<tr>\n<td>9\u2032<\/td>\n<td>9\u2032 1,87\u2033<\/td>\n<td>10\u2032 0,25\u2033<\/td>\n<td>12,12\u2033<\/td>\n<td>*1.75\u2033x4.25\u2033<\/td>\n<td>15 livres<\/td>\n<\/tr>\n<tr>\n<td>10\u2032<\/td>\n<td>10\u2032 1,87\u2033<\/td>\n<td>11\u2032 0,25\u2033<\/td>\n<td>12,12\u2033<\/td>\n<td>*1.75\u2033x4.25\u2033<\/td>\n<td>16 livres<\/td>\n<\/tr>\n<tr>\n<td>12\u2032<\/td>\n<td>12\u2032 0,375\u2033<\/td>\n<td>12\u2032 10,75\u2033<\/td>\n<td>12,12\u2033<\/td>\n<td>*1.75\u2033x4.25\u2033<\/td>\n<td>20 livres<\/td>\n<\/tr>\n<tr>\n<td>14\u2032<\/td>\n<td>14\u2032 0,375\u2033<\/td>\n<td>14\u2032 10,75\u2033<\/td>\n<td>12,12\u2033<\/td>\n<td>*1.75\u2033x4.25\u2033<\/td>\n<td>22 livres<\/td>\n<\/tr>\n<tr>\n<td colspan=\"6\">*La largeur totale inclus les chaussures aux pattes<\/td>\n<\/tr>\n<tr>\n<td colspan=\"6\">Toutes les dimensions r\u00e9pertori\u00e9es ci-haut se qualifient dans les normes de v\u00e9rification de conception NFPA. Des variations d'environ +\/- 0,125\u2033 peuvent se produire en raison du type de rivets, \u00e9crous ou boulons utilis\u00e9s. Si vous avez besoin de dimensions pr\u00e9cises, veuillez appeler notre bureau et demander une copie de nos feuilles de dimensions.<\/td>\n<\/tr>\n<\/tbody>\n<\/table>","protected":false},"excerpt":{"rendered":"<p>La nec plus ultra des \u00e9chelles pratiques.<\/p>","protected":false},"featured_media":1105,"template":"","meta":[],"product_brand":[162],"product_cat":[52,42],"product_tag":[282,283],"class_list":{"0":"post-1013","1":"product","2":"type-product","3":"status-publish","4":"has-post-thumbnail","6":"product_brand-duo-safety","7":"product_cat-attic","8":"product_cat-ladders","9":"product_tag-duo-safety","10":"product_tag-duosafety","12":"first","13":"instock","14":"shipping-taxable","15":"product-type-simple"},"yoast_head":"<!-- This site is optimized with the Yoast SEO plugin v27.4 - https:\/\/yoast.com\/product\/yoast-seo-wordpress\/ -->\n<title>Folding Ladders - Safety Source Fire<\/title>\n<meta name=\"robots\" content=\"index, follow, max-snippet:-1, max-image-preview:large, max-video-preview:-1\" \/>\n<link rel=\"canonical\" href=\"https:\/\/safetysourcefire.ca\/fr\/?product=folding-ladders\" \/>\n<meta property=\"og:locale\" content=\"fr_CA\" \/>\n<meta property=\"og:type\" content=\"article\" \/>\n<meta property=\"og:title\" content=\"Folding Ladders - Safety Source Fire\" \/>\n<meta property=\"og:description\" content=\"The ultimate in handy, convenient ladders.\" \/>\n<meta property=\"og:url\" content=\"https:\/\/safetysourcefire.ca\/fr\/?product=folding-ladders\" \/>\n<meta property=\"og:site_name\" content=\"Safety Source Fire\" \/>\n<meta property=\"article:publisher\" content=\"https:\/\/www.facebook.com\/mmfssca\" \/>\n<meta property=\"article:modified_time\" content=\"2018-03-19T13:14:35+00:00\" \/>\n<meta property=\"og:image\" content=\"https:\/\/safetysourcefire.ca\/wp-content\/uploads\/2017\/05\/585-A.jpg\" \/>\n\t<meta property=\"og:image:width\" content=\"600\" \/>\n\t<meta property=\"og:image:height\" content=\"600\" \/>\n\t<meta property=\"og:image:type\" content=\"image\/jpeg\" \/>\n<meta name=\"twitter:card\" content=\"summary_large_image\" \/>\n<meta name=\"twitter:site\" content=\"@mmfssca\" \/>\n<meta name=\"twitter:label1\" content=\"Estimation du temps de lecture\" \/>\n\t<meta name=\"twitter:data1\" content=\"1 minute\" \/>\n<script type=\"application\/ld+json\" class=\"yoast-schema-graph\">{\"@context\":\"https:\\\/\\\/schema.org\",\"@graph\":[{\"@type\":\"WebPage\",\"@id\":\"https:\\\/\\\/safetysourcefire.ca\\\/?product=folding-ladders\",\"url\":\"https:\\\/\\\/safetysourcefire.ca\\\/?product=folding-ladders\",\"name\":\"Folding Ladders - Safety Source Fire\",\"isPartOf\":{\"@id\":\"https:\\\/\\\/safetysourcefire.ca\\\/#website\"},\"primaryImageOfPage\":{\"@id\":\"https:\\\/\\\/safetysourcefire.ca\\\/?product=folding-ladders#primaryimage\"},\"image\":{\"@id\":\"https:\\\/\\\/safetysourcefire.ca\\\/?product=folding-ladders#primaryimage\"},\"thumbnailUrl\":\"https:\\\/\\\/safetysourcefire.ca\\\/wp-content\\\/uploads\\\/2017\\\/05\\\/585-A.jpg\",\"datePublished\":\"2017-05-05T20:46:11+00:00\",\"dateModified\":\"2018-03-19T13:14:35+00:00\",\"breadcrumb\":{\"@id\":\"https:\\\/\\\/safetysourcefire.ca\\\/?product=folding-ladders#breadcrumb\"},\"inLanguage\":\"fr-CA\",\"potentialAction\":[{\"@type\":\"ReadAction\",\"target\":[\"https:\\\/\\\/safetysourcefire.ca\\\/?product=folding-ladders\"]}]},{\"@type\":\"ImageObject\",\"inLanguage\":\"fr-CA\",\"@id\":\"https:\\\/\\\/safetysourcefire.ca\\\/?product=folding-ladders#primaryimage\",\"url\":\"https:\\\/\\\/safetysourcefire.ca\\\/wp-content\\\/uploads\\\/2017\\\/05\\\/585-A.jpg\",\"contentUrl\":\"https:\\\/\\\/safetysourcefire.ca\\\/wp-content\\\/uploads\\\/2017\\\/05\\\/585-A.jpg\",\"width\":600,\"height\":600,\"caption\":\"Folding Ladder\"},{\"@type\":\"BreadcrumbList\",\"@id\":\"https:\\\/\\\/safetysourcefire.ca\\\/?product=folding-ladders#breadcrumb\",\"itemListElement\":[{\"@type\":\"ListItem\",\"position\":1,\"name\":\"Home\",\"item\":\"https:\\\/\\\/safetysourcefire.ca\\\/\"},{\"@type\":\"ListItem\",\"position\":2,\"name\":\"Products\",\"item\":\"https:\\\/\\\/safetysourcefire.ca\\\/shop\\\/\"},{\"@type\":\"ListItem\",\"position\":3,\"name\":\"Folding Ladders\"}]},{\"@type\":\"WebSite\",\"@id\":\"https:\\\/\\\/safetysourcefire.ca\\\/#website\",\"url\":\"https:\\\/\\\/safetysourcefire.ca\\\/\",\"name\":\"Safety Source Fire\",\"description\":\"\",\"publisher\":{\"@id\":\"https:\\\/\\\/safetysourcefire.ca\\\/#organization\"},\"potentialAction\":[{\"@type\":\"SearchAction\",\"target\":{\"@type\":\"EntryPoint\",\"urlTemplate\":\"https:\\\/\\\/safetysourcefire.ca\\\/?s={search_term_string}\"},\"query-input\":{\"@type\":\"PropertyValueSpecification\",\"valueRequired\":true,\"valueName\":\"search_term_string\"}}],\"inLanguage\":\"fr-CA\"},{\"@type\":\"Organization\",\"@id\":\"https:\\\/\\\/safetysourcefire.ca\\\/#organization\",\"name\":\"Safety Source Fire\",\"url\":\"https:\\\/\\\/safetysourcefire.ca\\\/\",\"logo\":{\"@type\":\"ImageObject\",\"inLanguage\":\"fr-CA\",\"@id\":\"https:\\\/\\\/safetysourcefire.ca\\\/#\\\/schema\\\/logo\\\/image\\\/\",\"url\":\"https:\\\/\\\/safetysourcefire.ca\\\/wp-content\\\/uploads\\\/2021\\\/01\\\/SSF_logo_CC0000-3.png\",\"contentUrl\":\"https:\\\/\\\/safetysourcefire.ca\\\/wp-content\\\/uploads\\\/2021\\\/01\\\/SSF_logo_CC0000-3.png\",\"width\":1107,\"height\":365,\"caption\":\"Safety Source Fire\"},\"image\":{\"@id\":\"https:\\\/\\\/safetysourcefire.ca\\\/#\\\/schema\\\/logo\\\/image\\\/\"},\"sameAs\":[\"https:\\\/\\\/www.facebook.com\\\/mmfssca\",\"https:\\\/\\\/x.com\\\/mmfssca\"]}]}<\/script>\n<!-- \/ Yoast SEO plugin. -->","yoast_head_json":{"title":"\u00c9chelles pliantes - S\u00e9curit\u00e9 incendie","robots":{"index":"index","follow":"follow","max-snippet":"max-snippet:-1","max-image-preview":"max-image-preview:large","max-video-preview":"max-video-preview:-1"},"canonical":"https:\/\/safetysourcefire.ca\/fr\/?product=folding-ladders","og_locale":"fr_CA","og_type":"article","og_title":"Folding Ladders - Safety Source Fire","og_description":"The ultimate in handy, convenient ladders.","og_url":"https:\/\/safetysourcefire.ca\/fr\/?product=folding-ladders","og_site_name":"Safety Source Fire","article_publisher":"https:\/\/www.facebook.com\/mmfssca","article_modified_time":"2018-03-19T13:14:35+00:00","og_image":[{"width":600,"height":600,"url":"https:\/\/safetysourcefire.ca\/wp-content\/uploads\/2017\/05\/585-A.jpg","type":"image\/jpeg"}],"twitter_card":"summary_large_image","twitter_site":"@mmfssca","twitter_misc":{"Estimation du temps de lecture":"1 minute"},"schema":{"@context":"https:\/\/schema.org","@graph":[{"@type":"WebPage","@id":"https:\/\/safetysourcefire.ca\/?product=folding-ladders","url":"https:\/\/safetysourcefire.ca\/?product=folding-ladders","name":"\u00c9chelles pliantes - S\u00e9curit\u00e9 incendie","isPartOf":{"@id":"https:\/\/safetysourcefire.ca\/#website"},"primaryImageOfPage":{"@id":"https:\/\/safetysourcefire.ca\/?product=folding-ladders#primaryimage"},"image":{"@id":"https:\/\/safetysourcefire.ca\/?product=folding-ladders#primaryimage"},"thumbnailUrl":"https:\/\/safetysourcefire.ca\/wp-content\/uploads\/2017\/05\/585-A.jpg","datePublished":"2017-05-05T20:46:11+00:00","dateModified":"2018-03-19T13:14:35+00:00","breadcrumb":{"@id":"https:\/\/safetysourcefire.ca\/?product=folding-ladders#breadcrumb"},"inLanguage":"fr-CA","potentialAction":[{"@type":"ReadAction","target":["https:\/\/safetysourcefire.ca\/?product=folding-ladders"]}]},{"@type":"ImageObject","inLanguage":"fr-CA","@id":"https:\/\/safetysourcefire.ca\/?product=folding-ladders#primaryimage","url":"https:\/\/safetysourcefire.ca\/wp-content\/uploads\/2017\/05\/585-A.jpg","contentUrl":"https:\/\/safetysourcefire.ca\/wp-content\/uploads\/2017\/05\/585-A.jpg","width":600,"height":600,"caption":"Folding Ladder"},{"@type":"BreadcrumbList","@id":"https:\/\/safetysourcefire.ca\/?product=folding-ladders#breadcrumb","itemListElement":[{"@type":"ListItem","position":1,"name":"Home","item":"https:\/\/safetysourcefire.ca\/"},{"@type":"ListItem","position":2,"name":"Products","item":"https:\/\/safetysourcefire.ca\/shop\/"},{"@type":"ListItem","position":3,"name":"Folding Ladders"}]},{"@type":"WebSite","@id":"https:\/\/safetysourcefire.ca\/#website","url":"https:\/\/safetysourcefire.ca\/","name":"Safety Source Fire","description":"","publisher":{"@id":"https:\/\/safetysourcefire.ca\/#organization"},"potentialAction":[{"@type":"SearchAction","target":{"@type":"EntryPoint","urlTemplate":"https:\/\/safetysourcefire.ca\/?s={search_term_string}"},"query-input":{"@type":"PropertyValueSpecification","valueRequired":true,"valueName":"search_term_string"}}],"inLanguage":"fr-CA"},{"@type":"Organization","@id":"https:\/\/safetysourcefire.ca\/#organization","name":"Safety Source Fire","url":"https:\/\/safetysourcefire.ca\/","logo":{"@type":"ImageObject","inLanguage":"fr-CA","@id":"https:\/\/safetysourcefire.ca\/#\/schema\/logo\/image\/","url":"https:\/\/safetysourcefire.ca\/wp-content\/uploads\/2021\/01\/SSF_logo_CC0000-3.png","contentUrl":"https:\/\/safetysourcefire.ca\/wp-content\/uploads\/2021\/01\/SSF_logo_CC0000-3.png","width":1107,"height":365,"caption":"Safety Source Fire"},"image":{"@id":"https:\/\/safetysourcefire.ca\/#\/schema\/logo\/image\/"},"sameAs":["https:\/\/www.facebook.com\/mmfssca","https:\/\/x.com\/mmfssca"]}]}},"_links":{"self":[{"href":"https:\/\/safetysourcefire.ca\/fr\/wp-json\/wp\/v2\/product\/1013","targetHints":{"allow":["GET"]}}],"collection":[{"href":"https:\/\/safetysourcefire.ca\/fr\/wp-json\/wp\/v2\/product"}],"about":[{"href":"https:\/\/safetysourcefire.ca\/fr\/wp-json\/wp\/v2\/types\/product"}],"wp:featuredmedia":[{"embeddable":true,"href":"https:\/\/safetysourcefire.ca\/fr\/wp-json\/wp\/v2\/media\/1105"}],"wp:attachment":[{"href":"https:\/\/safetysourcefire.ca\/fr\/wp-json\/wp\/v2\/media?parent=1013"}],"wp:term":[{"taxonomy":"product_brand","embeddable":true,"href":"https:\/\/safetysourcefire.ca\/fr\/wp-json\/wp\/v2\/product_brand?post=1013"},{"taxonomy":"product_cat","embeddable":true,"href":"https:\/\/safetysourcefire.ca\/fr\/wp-json\/wp\/v2\/product_cat?post=1013"},{"taxonomy":"product_tag","embeddable":true,"href":"https:\/\/safetysourcefire.ca\/fr\/wp-json\/wp\/v2\/product_tag?post=1013"}],"curies":[{"name":"wp","href":"https:\/\/api.w.org\/{rel}","templated":true}]}}