{"id":1019,"date":"2017-05-05T20:48:29","date_gmt":"2017-05-05T20:48:29","guid":{"rendered":"http:\/\/mmfss.ca\/?post_type=product&#038;p=1019"},"modified":"2018-03-19T13:14:34","modified_gmt":"2018-03-19T13:14:34","slug":"fresno-series-701-aluminum-attic-ladders","status":"publish","type":"product","link":"https:\/\/safetysourcefire.ca\/fr\/produit\/fresno-series-701-aluminum-attic-ladders\/","title":{"rendered":"\u00c9chelle de grenier en aluminium- s\u00e9rie Fresno 701"},"content":{"rendered":"<p>L'\u00e9chelle de grenier Fresno est dot\u00e9e d'une construction de canal solide et l\u00e9g\u00e8re. Elle ne mesure que 13 \"de large, ce qui facilite le transport dans les escaliers \u00e9troits o\u00f9 des \u00e9chelles plus longues et plus volumineuses ne peuvent pas \u00eatre utilis\u00e9es.<\/p>\n<p>Les \u00e9chelles de grenier de la s\u00e9rie 701 sont disponibles dans les tailles indiqu\u00e9es ci-dessous ainsi que dans des tailles sp\u00e9ciales, sur demande.<\/p>\n<p><strong>S\u00c9RIE 701<\/strong><\/p>\n<ul>\n<li>Rail de 2-3\/4\u2033<\/li>\n<li>Capacit\u00e9 de charge 750 lb<\/li>\n<li>Pattes \u00e0 griffes standard<\/li>\n<li>Embouts de s\u00e9curit\u00e9 en caoutchouc en option pour une utilisation sur les surfaces dures<\/li>\n<\/ul>\n<table>\n<tbody>\n<tr>\n<td colspan=\"6\"><strong>CARACT\u00c9RISTIQUES<\/strong><\/td>\n<\/tr>\n<tr>\n<td colspan=\"6\"><strong>FRESNO S\u00c9RIE 701 Aluminium<\/strong><\/td>\n<\/tr>\n<tr>\n<td>Taille<\/td>\n<td>Longueur ferm\u00e9e<\/td>\n<td>Largeur<\/td>\n<td>Section sup\u00e9rieure \u00e0 l&#039;int\u00e9rieur<\/td>\n<td>\u00c9paisseur bancaire<\/td>\n<td>Poids<strong><sup>*<\/sup><\/strong><\/td>\n<\/tr>\n<tr>\n<td>10\u2032<\/td>\n<td>7\u2032 2\u2033<\/td>\n<td>13\u2033<\/td>\n<td>7,75\u2033<\/td>\n<td>4,563\u2033<\/td>\n<td>27 livres<\/td>\n<\/tr>\n<tr>\n<td>12\u2032<\/td>\n<td>8\u2032 2\u2033<\/td>\n<td>13\u2033<\/td>\n<td>7,75\u2033<\/td>\n<td>4,563\u2033<\/td>\n<td>30 livres<\/td>\n<\/tr>\n<tr>\n<td>14\u2032<\/td>\n<td>9\u2032 2\u2033<\/td>\n<td>13\u2033<\/td>\n<td>7,75\u2033<\/td>\n<td>4,563\u2033<\/td>\n<td>32 livres<\/td>\n<\/tr>\n<tr>\n<td colspan=\"6\">Toutes les dimensions r\u00e9pertori\u00e9es ci-haut se qualifient dans les normes de v\u00e9rification de conception NFPA. Des variations d'environ +\/- 0,125\u2033 peuvent se produire en raison du type de rivets, \u00e9crous ou boulons utilis\u00e9s. Si vous avez besoin de dimensions pr\u00e9cises, veuillez appeler notre bureau et demander une copie de nos feuilles de dimensions.<\/td>\n<\/tr>\n<\/tbody>\n<\/table>","protected":false},"excerpt":{"rendered":"<p>Ces \u00e9chelles sont devenues tr\u00e8s populaires gr\u00e2ce \u00e0 leur polyvalence. Sp\u00e9cialement con\u00e7ues pour une utilisation int\u00e9rieure dans les espaces limit\u00e9s, elles sont particuli\u00e8rement id\u00e9ales pour entrer dans les greniers par des trappes aux plafonds.<\/p>","protected":false},"featured_media":1106,"template":"","meta":[],"product_brand":[162],"product_cat":[52,42],"product_tag":[282,283],"class_list":{"0":"post-1019","1":"product","2":"type-product","3":"status-publish","4":"has-post-thumbnail","6":"product_brand-duo-safety","7":"product_cat-attic","8":"product_cat-ladders","9":"product_tag-duo-safety","10":"product_tag-duosafety","12":"first","13":"instock","14":"shipping-taxable","15":"product-type-simple"},"yoast_head":"<!-- This site is optimized with the Yoast SEO plugin v27.4 - https:\/\/yoast.com\/product\/yoast-seo-wordpress\/ -->\n<title>Fresno Series 701 Aluminum Attic Ladders - Safety Source Fire<\/title>\n<meta name=\"robots\" content=\"index, follow, max-snippet:-1, max-image-preview:large, max-video-preview:-1\" \/>\n<link rel=\"canonical\" href=\"https:\/\/safetysourcefire.ca\/fr\/?product=fresno-series-701-aluminum-attic-ladders\" \/>\n<meta property=\"og:locale\" content=\"fr_CA\" \/>\n<meta property=\"og:type\" content=\"article\" \/>\n<meta property=\"og:title\" content=\"Fresno Series 701 Aluminum Attic Ladders - Safety Source Fire\" \/>\n<meta property=\"og:description\" content=\"These ladders have become very popular in many sections of the country. Specifically designed for indoor use where space is limited, they are particularly ideal for entering attics through ceiling trap doors and similar close-quarter situations.\" \/>\n<meta property=\"og:url\" content=\"https:\/\/safetysourcefire.ca\/fr\/?product=fresno-series-701-aluminum-attic-ladders\" \/>\n<meta property=\"og:site_name\" content=\"Safety Source Fire\" \/>\n<meta property=\"article:publisher\" content=\"https:\/\/www.facebook.com\/mmfssca\" \/>\n<meta property=\"article:modified_time\" content=\"2018-03-19T13:14:34+00:00\" \/>\n<meta property=\"og:image\" content=\"https:\/\/safetysourcefire.ca\/wp-content\/uploads\/2017\/05\/701.jpg\" \/>\n\t<meta property=\"og:image:width\" content=\"600\" \/>\n\t<meta property=\"og:image:height\" content=\"600\" \/>\n\t<meta property=\"og:image:type\" content=\"image\/jpeg\" \/>\n<meta name=\"twitter:card\" content=\"summary_large_image\" \/>\n<meta name=\"twitter:site\" content=\"@mmfssca\" \/>\n<meta name=\"twitter:label1\" content=\"Estimation du temps de lecture\" \/>\n\t<meta name=\"twitter:data1\" content=\"1 minute\" \/>\n<script type=\"application\/ld+json\" class=\"yoast-schema-graph\">{\"@context\":\"https:\\\/\\\/schema.org\",\"@graph\":[{\"@type\":\"WebPage\",\"@id\":\"https:\\\/\\\/safetysourcefire.ca\\\/?product=fresno-series-701-aluminum-attic-ladders\",\"url\":\"https:\\\/\\\/safetysourcefire.ca\\\/?product=fresno-series-701-aluminum-attic-ladders\",\"name\":\"Fresno Series 701 Aluminum Attic Ladders - Safety Source Fire\",\"isPartOf\":{\"@id\":\"https:\\\/\\\/safetysourcefire.ca\\\/#website\"},\"primaryImageOfPage\":{\"@id\":\"https:\\\/\\\/safetysourcefire.ca\\\/?product=fresno-series-701-aluminum-attic-ladders#primaryimage\"},\"image\":{\"@id\":\"https:\\\/\\\/safetysourcefire.ca\\\/?product=fresno-series-701-aluminum-attic-ladders#primaryimage\"},\"thumbnailUrl\":\"https:\\\/\\\/safetysourcefire.ca\\\/wp-content\\\/uploads\\\/2017\\\/05\\\/701.jpg\",\"datePublished\":\"2017-05-05T20:48:29+00:00\",\"dateModified\":\"2018-03-19T13:14:34+00:00\",\"breadcrumb\":{\"@id\":\"https:\\\/\\\/safetysourcefire.ca\\\/?product=fresno-series-701-aluminum-attic-ladders#breadcrumb\"},\"inLanguage\":\"fr-CA\",\"potentialAction\":[{\"@type\":\"ReadAction\",\"target\":[\"https:\\\/\\\/safetysourcefire.ca\\\/?product=fresno-series-701-aluminum-attic-ladders\"]}]},{\"@type\":\"ImageObject\",\"inLanguage\":\"fr-CA\",\"@id\":\"https:\\\/\\\/safetysourcefire.ca\\\/?product=fresno-series-701-aluminum-attic-ladders#primaryimage\",\"url\":\"https:\\\/\\\/safetysourcefire.ca\\\/wp-content\\\/uploads\\\/2017\\\/05\\\/701.jpg\",\"contentUrl\":\"https:\\\/\\\/safetysourcefire.ca\\\/wp-content\\\/uploads\\\/2017\\\/05\\\/701.jpg\",\"width\":600,\"height\":600,\"caption\":\"Aluminum Attic Ladders\"},{\"@type\":\"BreadcrumbList\",\"@id\":\"https:\\\/\\\/safetysourcefire.ca\\\/?product=fresno-series-701-aluminum-attic-ladders#breadcrumb\",\"itemListElement\":[{\"@type\":\"ListItem\",\"position\":1,\"name\":\"Home\",\"item\":\"https:\\\/\\\/safetysourcefire.ca\\\/\"},{\"@type\":\"ListItem\",\"position\":2,\"name\":\"Products\",\"item\":\"https:\\\/\\\/safetysourcefire.ca\\\/shop\\\/\"},{\"@type\":\"ListItem\",\"position\":3,\"name\":\"Fresno Series 701 Aluminum Attic Ladders\"}]},{\"@type\":\"WebSite\",\"@id\":\"https:\\\/\\\/safetysourcefire.ca\\\/#website\",\"url\":\"https:\\\/\\\/safetysourcefire.ca\\\/\",\"name\":\"Safety Source Fire\",\"description\":\"\",\"publisher\":{\"@id\":\"https:\\\/\\\/safetysourcefire.ca\\\/#organization\"},\"potentialAction\":[{\"@type\":\"SearchAction\",\"target\":{\"@type\":\"EntryPoint\",\"urlTemplate\":\"https:\\\/\\\/safetysourcefire.ca\\\/?s={search_term_string}\"},\"query-input\":{\"@type\":\"PropertyValueSpecification\",\"valueRequired\":true,\"valueName\":\"search_term_string\"}}],\"inLanguage\":\"fr-CA\"},{\"@type\":\"Organization\",\"@id\":\"https:\\\/\\\/safetysourcefire.ca\\\/#organization\",\"name\":\"Safety Source Fire\",\"url\":\"https:\\\/\\\/safetysourcefire.ca\\\/\",\"logo\":{\"@type\":\"ImageObject\",\"inLanguage\":\"fr-CA\",\"@id\":\"https:\\\/\\\/safetysourcefire.ca\\\/#\\\/schema\\\/logo\\\/image\\\/\",\"url\":\"https:\\\/\\\/safetysourcefire.ca\\\/wp-content\\\/uploads\\\/2021\\\/01\\\/SSF_logo_CC0000-3.png\",\"contentUrl\":\"https:\\\/\\\/safetysourcefire.ca\\\/wp-content\\\/uploads\\\/2021\\\/01\\\/SSF_logo_CC0000-3.png\",\"width\":1107,\"height\":365,\"caption\":\"Safety Source Fire\"},\"image\":{\"@id\":\"https:\\\/\\\/safetysourcefire.ca\\\/#\\\/schema\\\/logo\\\/image\\\/\"},\"sameAs\":[\"https:\\\/\\\/www.facebook.com\\\/mmfssca\",\"https:\\\/\\\/x.com\\\/mmfssca\"]}]}<\/script>\n<!-- \/ Yoast SEO plugin. -->","yoast_head_json":{"title":"\u00c9chelles de grenier en aluminium Fresno s\u00e9rie 701 - Safety Source Fire","robots":{"index":"index","follow":"follow","max-snippet":"max-snippet:-1","max-image-preview":"max-image-preview:large","max-video-preview":"max-video-preview:-1"},"canonical":"https:\/\/safetysourcefire.ca\/fr\/?product=fresno-series-701-aluminum-attic-ladders","og_locale":"fr_CA","og_type":"article","og_title":"Fresno Series 701 Aluminum Attic Ladders - Safety Source Fire","og_description":"These ladders have become very popular in many sections of the country. Specifically designed for indoor use where space is limited, they are particularly ideal for entering attics through ceiling trap doors and similar close-quarter situations.","og_url":"https:\/\/safetysourcefire.ca\/fr\/?product=fresno-series-701-aluminum-attic-ladders","og_site_name":"Safety Source Fire","article_publisher":"https:\/\/www.facebook.com\/mmfssca","article_modified_time":"2018-03-19T13:14:34+00:00","og_image":[{"width":600,"height":600,"url":"https:\/\/safetysourcefire.ca\/wp-content\/uploads\/2017\/05\/701.jpg","type":"image\/jpeg"}],"twitter_card":"summary_large_image","twitter_site":"@mmfssca","twitter_misc":{"Estimation du temps de lecture":"1 minute"},"schema":{"@context":"https:\/\/schema.org","@graph":[{"@type":"WebPage","@id":"https:\/\/safetysourcefire.ca\/?product=fresno-series-701-aluminum-attic-ladders","url":"https:\/\/safetysourcefire.ca\/?product=fresno-series-701-aluminum-attic-ladders","name":"\u00c9chelles de grenier en aluminium Fresno s\u00e9rie 701 - Safety Source Fire","isPartOf":{"@id":"https:\/\/safetysourcefire.ca\/#website"},"primaryImageOfPage":{"@id":"https:\/\/safetysourcefire.ca\/?product=fresno-series-701-aluminum-attic-ladders#primaryimage"},"image":{"@id":"https:\/\/safetysourcefire.ca\/?product=fresno-series-701-aluminum-attic-ladders#primaryimage"},"thumbnailUrl":"https:\/\/safetysourcefire.ca\/wp-content\/uploads\/2017\/05\/701.jpg","datePublished":"2017-05-05T20:48:29+00:00","dateModified":"2018-03-19T13:14:34+00:00","breadcrumb":{"@id":"https:\/\/safetysourcefire.ca\/?product=fresno-series-701-aluminum-attic-ladders#breadcrumb"},"inLanguage":"fr-CA","potentialAction":[{"@type":"ReadAction","target":["https:\/\/safetysourcefire.ca\/?product=fresno-series-701-aluminum-attic-ladders"]}]},{"@type":"ImageObject","inLanguage":"fr-CA","@id":"https:\/\/safetysourcefire.ca\/?product=fresno-series-701-aluminum-attic-ladders#primaryimage","url":"https:\/\/safetysourcefire.ca\/wp-content\/uploads\/2017\/05\/701.jpg","contentUrl":"https:\/\/safetysourcefire.ca\/wp-content\/uploads\/2017\/05\/701.jpg","width":600,"height":600,"caption":"Aluminum Attic Ladders"},{"@type":"BreadcrumbList","@id":"https:\/\/safetysourcefire.ca\/?product=fresno-series-701-aluminum-attic-ladders#breadcrumb","itemListElement":[{"@type":"ListItem","position":1,"name":"Home","item":"https:\/\/safetysourcefire.ca\/"},{"@type":"ListItem","position":2,"name":"Products","item":"https:\/\/safetysourcefire.ca\/shop\/"},{"@type":"ListItem","position":3,"name":"Fresno Series 701 Aluminum Attic Ladders"}]},{"@type":"WebSite","@id":"https:\/\/safetysourcefire.ca\/#website","url":"https:\/\/safetysourcefire.ca\/","name":"Safety Source Fire","description":"","publisher":{"@id":"https:\/\/safetysourcefire.ca\/#organization"},"potentialAction":[{"@type":"SearchAction","target":{"@type":"EntryPoint","urlTemplate":"https:\/\/safetysourcefire.ca\/?s={search_term_string}"},"query-input":{"@type":"PropertyValueSpecification","valueRequired":true,"valueName":"search_term_string"}}],"inLanguage":"fr-CA"},{"@type":"Organization","@id":"https:\/\/safetysourcefire.ca\/#organization","name":"Safety Source Fire","url":"https:\/\/safetysourcefire.ca\/","logo":{"@type":"ImageObject","inLanguage":"fr-CA","@id":"https:\/\/safetysourcefire.ca\/#\/schema\/logo\/image\/","url":"https:\/\/safetysourcefire.ca\/wp-content\/uploads\/2021\/01\/SSF_logo_CC0000-3.png","contentUrl":"https:\/\/safetysourcefire.ca\/wp-content\/uploads\/2021\/01\/SSF_logo_CC0000-3.png","width":1107,"height":365,"caption":"Safety Source Fire"},"image":{"@id":"https:\/\/safetysourcefire.ca\/#\/schema\/logo\/image\/"},"sameAs":["https:\/\/www.facebook.com\/mmfssca","https:\/\/x.com\/mmfssca"]}]}},"_links":{"self":[{"href":"https:\/\/safetysourcefire.ca\/fr\/wp-json\/wp\/v2\/product\/1019","targetHints":{"allow":["GET"]}}],"collection":[{"href":"https:\/\/safetysourcefire.ca\/fr\/wp-json\/wp\/v2\/product"}],"about":[{"href":"https:\/\/safetysourcefire.ca\/fr\/wp-json\/wp\/v2\/types\/product"}],"wp:featuredmedia":[{"embeddable":true,"href":"https:\/\/safetysourcefire.ca\/fr\/wp-json\/wp\/v2\/media\/1106"}],"wp:attachment":[{"href":"https:\/\/safetysourcefire.ca\/fr\/wp-json\/wp\/v2\/media?parent=1019"}],"wp:term":[{"taxonomy":"product_brand","embeddable":true,"href":"https:\/\/safetysourcefire.ca\/fr\/wp-json\/wp\/v2\/product_brand?post=1019"},{"taxonomy":"product_cat","embeddable":true,"href":"https:\/\/safetysourcefire.ca\/fr\/wp-json\/wp\/v2\/product_cat?post=1019"},{"taxonomy":"product_tag","embeddable":true,"href":"https:\/\/safetysourcefire.ca\/fr\/wp-json\/wp\/v2\/product_tag?post=1019"}],"curies":[{"name":"wp","href":"https:\/\/api.w.org\/{rel}","templated":true}]}}