{"id":1021,"date":"2017-05-05T20:53:16","date_gmt":"2017-05-05T20:53:16","guid":{"rendered":"http:\/\/mmfss.ca\/?post_type=product&#038;p=1021"},"modified":"2018-03-19T13:14:33","modified_gmt":"2018-03-19T13:14:33","slug":"combination-ladder-300-series","status":"publish","type":"product","link":"https:\/\/safetysourcefire.ca\/fr\/produit\/combination-ladder-300-series\/","title":{"rendered":"\u00c9chelle combin\u00e9e \u2013 S\u00e9rie 300"},"content":{"rendered":"<p>Dans les greniers et autres endroits confin\u00e9s, cette \u00e9chelle de construction robuste peut \u00eatre rapidement et facilement chang\u00e9e d'une marche \u00e0 une extension. Les rails et les \u00e9chelons tr\u00e8s r\u00e9sistants sont typiques de la construction Duo Safety, ce qui signifie s\u00e9curit\u00e9 et polyvalence.<\/p>\n<p><strong>S\u00c9RIE 300-A<\/strong><\/p>\n<ul>\n<li>Rail de 2-3\/4\u2033<\/li>\n<li>Capacit\u00e9 de charge 750 lb<\/li>\n<li>Pattes \u00e0 griffes standard<\/li>\n<li>Embouts de s\u00e9curit\u00e9 en caoutchouc en option pour une utilisation sur les surfaces dures<\/li>\n<\/ul>\n<p>&nbsp;<\/p>\n<table style=\"height: 307px;\" width=\"713\">\n<tbody>\n<tr>\n<td colspan=\"7\"><strong>CARACT\u00c9RISTIQUES<\/strong><\/td>\n<\/tr>\n<tr>\n<td colspan=\"7\"><strong>S\u00c9RIE 300-A Aluminium<\/strong><\/td>\n<\/tr>\n<tr>\n<td>Taille<\/td>\n<td>Longueur ferm\u00e9e<\/td>\n<td>Hauteur comme escabeau<\/td>\n<td>Longueur \u00e9tendue<\/td>\n<td>Largeur<strong><sup>***<\/sup><\/strong><\/td>\n<td>\u00c9paisseur bancaire<strong><sup>**<\/sup><\/strong><\/td>\n<td>Poids<strong><sup>*<\/sup><\/strong><\/td>\n<\/tr>\n<tr>\n<td>6\u2032-9\u2032<\/td>\n<td>6\u2032 2\u2033<\/td>\n<td>5\u2032 6\u2033<\/td>\n<td>9\u2032<\/td>\n<td>23,25\u2033<\/td>\n<td>5,68\u2033<\/td>\n<td>34 livres<\/td>\n<\/tr>\n<tr>\n<td>8\u2032-13\u2032<\/td>\n<td>8\u2032 2,25\u2033<\/td>\n<td>7\u2032 6\u2033<\/td>\n<td>13\u2032<\/td>\n<td>23,25\u2033<\/td>\n<td>5,68\u2033<\/td>\n<td>42 livres<\/td>\n<\/tr>\n<tr>\n<td>10\u2032-15\u2032<\/td>\n<td>9\u2032 10,875\u2033<\/td>\n<td>9\u2032 6\u2033<\/td>\n<td>15\u2032<\/td>\n<td>23,25\u2033<\/td>\n<td>5,68\u2033<\/td>\n<td>47 livres<\/td>\n<\/tr>\n<tr>\n<td colspan=\"7\"><\/td>\n<\/tr>\n<\/tbody>\n<\/table>\n<p>Toutes les dimensions r\u00e9pertori\u00e9es ci-haut se qualifient dans les normes de v\u00e9rification de conception NFPA. Des variations d'environ +\/- 0,125\u2033 peuvent se produire en raison du type de rivets, \u00e9crous ou boulons utilis\u00e9s. Si vous avez besoin de dimensions pr\u00e9cises, veuillez appeler notre bureau et demander une copie de nos feuilles de dimensions.<\/p>","protected":false},"excerpt":{"rendered":"<p>L'\u00e9chelle combin\u00e9e de la s\u00e9rie 300 est id\u00e9ale pour la lutte contre les incendies \u00e0 l'int\u00e9rieur des b\u00e2timents.<\/p>","protected":false},"featured_media":1103,"template":"","meta":[],"product_brand":[162],"product_cat":[52,42],"product_tag":[282,283],"class_list":{"0":"post-1021","1":"product","2":"type-product","3":"status-publish","4":"has-post-thumbnail","6":"product_brand-duo-safety","7":"product_cat-attic","8":"product_cat-ladders","9":"product_tag-duo-safety","10":"product_tag-duosafety","12":"first","13":"instock","14":"shipping-taxable","15":"product-type-simple"},"yoast_head":"<!-- This site is optimized with the Yoast SEO plugin v27.4 - https:\/\/yoast.com\/product\/yoast-seo-wordpress\/ -->\n<title>Combination Ladder - 300 Series - Safety Source Fire<\/title>\n<meta name=\"robots\" content=\"index, follow, max-snippet:-1, max-image-preview:large, max-video-preview:-1\" \/>\n<link rel=\"canonical\" href=\"https:\/\/safetysourcefire.ca\/fr\/?product=combination-ladder-300-series\" \/>\n<meta property=\"og:locale\" content=\"fr_CA\" \/>\n<meta property=\"og:type\" content=\"article\" \/>\n<meta property=\"og:title\" content=\"Combination Ladder - 300 Series - Safety Source Fire\" \/>\n<meta property=\"og:description\" content=\"The 300 Series Combination Ladder is ideal for indoor fire fighting.\" \/>\n<meta property=\"og:url\" content=\"https:\/\/safetysourcefire.ca\/fr\/?product=combination-ladder-300-series\" \/>\n<meta property=\"og:site_name\" content=\"Safety Source Fire\" \/>\n<meta property=\"article:publisher\" content=\"https:\/\/www.facebook.com\/mmfssca\" \/>\n<meta property=\"article:modified_time\" content=\"2018-03-19T13:14:33+00:00\" \/>\n<meta property=\"og:image\" content=\"https:\/\/safetysourcefire.ca\/wp-content\/uploads\/2017\/05\/300a.jpg\" \/>\n\t<meta property=\"og:image:width\" content=\"600\" \/>\n\t<meta property=\"og:image:height\" content=\"600\" \/>\n\t<meta property=\"og:image:type\" content=\"image\/jpeg\" \/>\n<meta name=\"twitter:card\" content=\"summary_large_image\" \/>\n<meta name=\"twitter:site\" content=\"@mmfssca\" \/>\n<meta name=\"twitter:label1\" content=\"Estimation du temps de lecture\" \/>\n\t<meta name=\"twitter:data1\" content=\"1 minute\" \/>\n<script type=\"application\/ld+json\" class=\"yoast-schema-graph\">{\"@context\":\"https:\\\/\\\/schema.org\",\"@graph\":[{\"@type\":\"WebPage\",\"@id\":\"https:\\\/\\\/safetysourcefire.ca\\\/?product=combination-ladder-300-series\",\"url\":\"https:\\\/\\\/safetysourcefire.ca\\\/?product=combination-ladder-300-series\",\"name\":\"Combination Ladder - 300 Series - Safety Source Fire\",\"isPartOf\":{\"@id\":\"https:\\\/\\\/safetysourcefire.ca\\\/#website\"},\"primaryImageOfPage\":{\"@id\":\"https:\\\/\\\/safetysourcefire.ca\\\/?product=combination-ladder-300-series#primaryimage\"},\"image\":{\"@id\":\"https:\\\/\\\/safetysourcefire.ca\\\/?product=combination-ladder-300-series#primaryimage\"},\"thumbnailUrl\":\"https:\\\/\\\/safetysourcefire.ca\\\/wp-content\\\/uploads\\\/2017\\\/05\\\/300a.jpg\",\"datePublished\":\"2017-05-05T20:53:16+00:00\",\"dateModified\":\"2018-03-19T13:14:33+00:00\",\"breadcrumb\":{\"@id\":\"https:\\\/\\\/safetysourcefire.ca\\\/?product=combination-ladder-300-series#breadcrumb\"},\"inLanguage\":\"fr-CA\",\"potentialAction\":[{\"@type\":\"ReadAction\",\"target\":[\"https:\\\/\\\/safetysourcefire.ca\\\/?product=combination-ladder-300-series\"]}]},{\"@type\":\"ImageObject\",\"inLanguage\":\"fr-CA\",\"@id\":\"https:\\\/\\\/safetysourcefire.ca\\\/?product=combination-ladder-300-series#primaryimage\",\"url\":\"https:\\\/\\\/safetysourcefire.ca\\\/wp-content\\\/uploads\\\/2017\\\/05\\\/300a.jpg\",\"contentUrl\":\"https:\\\/\\\/safetysourcefire.ca\\\/wp-content\\\/uploads\\\/2017\\\/05\\\/300a.jpg\",\"width\":600,\"height\":600,\"caption\":\"300 Series Combination Ladder\"},{\"@type\":\"BreadcrumbList\",\"@id\":\"https:\\\/\\\/safetysourcefire.ca\\\/?product=combination-ladder-300-series#breadcrumb\",\"itemListElement\":[{\"@type\":\"ListItem\",\"position\":1,\"name\":\"Home\",\"item\":\"https:\\\/\\\/safetysourcefire.ca\\\/\"},{\"@type\":\"ListItem\",\"position\":2,\"name\":\"Products\",\"item\":\"https:\\\/\\\/safetysourcefire.ca\\\/shop\\\/\"},{\"@type\":\"ListItem\",\"position\":3,\"name\":\"Combination Ladder &#8211; 300 Series\"}]},{\"@type\":\"WebSite\",\"@id\":\"https:\\\/\\\/safetysourcefire.ca\\\/#website\",\"url\":\"https:\\\/\\\/safetysourcefire.ca\\\/\",\"name\":\"Safety Source Fire\",\"description\":\"\",\"publisher\":{\"@id\":\"https:\\\/\\\/safetysourcefire.ca\\\/#organization\"},\"potentialAction\":[{\"@type\":\"SearchAction\",\"target\":{\"@type\":\"EntryPoint\",\"urlTemplate\":\"https:\\\/\\\/safetysourcefire.ca\\\/?s={search_term_string}\"},\"query-input\":{\"@type\":\"PropertyValueSpecification\",\"valueRequired\":true,\"valueName\":\"search_term_string\"}}],\"inLanguage\":\"fr-CA\"},{\"@type\":\"Organization\",\"@id\":\"https:\\\/\\\/safetysourcefire.ca\\\/#organization\",\"name\":\"Safety Source Fire\",\"url\":\"https:\\\/\\\/safetysourcefire.ca\\\/\",\"logo\":{\"@type\":\"ImageObject\",\"inLanguage\":\"fr-CA\",\"@id\":\"https:\\\/\\\/safetysourcefire.ca\\\/#\\\/schema\\\/logo\\\/image\\\/\",\"url\":\"https:\\\/\\\/safetysourcefire.ca\\\/wp-content\\\/uploads\\\/2021\\\/01\\\/SSF_logo_CC0000-3.png\",\"contentUrl\":\"https:\\\/\\\/safetysourcefire.ca\\\/wp-content\\\/uploads\\\/2021\\\/01\\\/SSF_logo_CC0000-3.png\",\"width\":1107,\"height\":365,\"caption\":\"Safety Source Fire\"},\"image\":{\"@id\":\"https:\\\/\\\/safetysourcefire.ca\\\/#\\\/schema\\\/logo\\\/image\\\/\"},\"sameAs\":[\"https:\\\/\\\/www.facebook.com\\\/mmfssca\",\"https:\\\/\\\/x.com\\\/mmfssca\"]}]}<\/script>\n<!-- \/ Yoast SEO plugin. -->","yoast_head_json":{"title":"\u00c9chelle combin\u00e9e - S\u00e9rie 300 - Safety Source Fire","robots":{"index":"index","follow":"follow","max-snippet":"max-snippet:-1","max-image-preview":"max-image-preview:large","max-video-preview":"max-video-preview:-1"},"canonical":"https:\/\/safetysourcefire.ca\/fr\/?product=combination-ladder-300-series","og_locale":"fr_CA","og_type":"article","og_title":"Combination Ladder - 300 Series - Safety Source Fire","og_description":"The 300 Series Combination Ladder is ideal for indoor fire fighting.","og_url":"https:\/\/safetysourcefire.ca\/fr\/?product=combination-ladder-300-series","og_site_name":"Safety Source Fire","article_publisher":"https:\/\/www.facebook.com\/mmfssca","article_modified_time":"2018-03-19T13:14:33+00:00","og_image":[{"width":600,"height":600,"url":"https:\/\/safetysourcefire.ca\/wp-content\/uploads\/2017\/05\/300a.jpg","type":"image\/jpeg"}],"twitter_card":"summary_large_image","twitter_site":"@mmfssca","twitter_misc":{"Estimation du temps de lecture":"1 minute"},"schema":{"@context":"https:\/\/schema.org","@graph":[{"@type":"WebPage","@id":"https:\/\/safetysourcefire.ca\/?product=combination-ladder-300-series","url":"https:\/\/safetysourcefire.ca\/?product=combination-ladder-300-series","name":"\u00c9chelle combin\u00e9e - S\u00e9rie 300 - Safety Source Fire","isPartOf":{"@id":"https:\/\/safetysourcefire.ca\/#website"},"primaryImageOfPage":{"@id":"https:\/\/safetysourcefire.ca\/?product=combination-ladder-300-series#primaryimage"},"image":{"@id":"https:\/\/safetysourcefire.ca\/?product=combination-ladder-300-series#primaryimage"},"thumbnailUrl":"https:\/\/safetysourcefire.ca\/wp-content\/uploads\/2017\/05\/300a.jpg","datePublished":"2017-05-05T20:53:16+00:00","dateModified":"2018-03-19T13:14:33+00:00","breadcrumb":{"@id":"https:\/\/safetysourcefire.ca\/?product=combination-ladder-300-series#breadcrumb"},"inLanguage":"fr-CA","potentialAction":[{"@type":"ReadAction","target":["https:\/\/safetysourcefire.ca\/?product=combination-ladder-300-series"]}]},{"@type":"ImageObject","inLanguage":"fr-CA","@id":"https:\/\/safetysourcefire.ca\/?product=combination-ladder-300-series#primaryimage","url":"https:\/\/safetysourcefire.ca\/wp-content\/uploads\/2017\/05\/300a.jpg","contentUrl":"https:\/\/safetysourcefire.ca\/wp-content\/uploads\/2017\/05\/300a.jpg","width":600,"height":600,"caption":"300 Series Combination Ladder"},{"@type":"BreadcrumbList","@id":"https:\/\/safetysourcefire.ca\/?product=combination-ladder-300-series#breadcrumb","itemListElement":[{"@type":"ListItem","position":1,"name":"Home","item":"https:\/\/safetysourcefire.ca\/"},{"@type":"ListItem","position":2,"name":"Products","item":"https:\/\/safetysourcefire.ca\/shop\/"},{"@type":"ListItem","position":3,"name":"Combination Ladder &#8211; 300 Series"}]},{"@type":"WebSite","@id":"https:\/\/safetysourcefire.ca\/#website","url":"https:\/\/safetysourcefire.ca\/","name":"Safety Source Fire","description":"","publisher":{"@id":"https:\/\/safetysourcefire.ca\/#organization"},"potentialAction":[{"@type":"SearchAction","target":{"@type":"EntryPoint","urlTemplate":"https:\/\/safetysourcefire.ca\/?s={search_term_string}"},"query-input":{"@type":"PropertyValueSpecification","valueRequired":true,"valueName":"search_term_string"}}],"inLanguage":"fr-CA"},{"@type":"Organization","@id":"https:\/\/safetysourcefire.ca\/#organization","name":"Safety Source Fire","url":"https:\/\/safetysourcefire.ca\/","logo":{"@type":"ImageObject","inLanguage":"fr-CA","@id":"https:\/\/safetysourcefire.ca\/#\/schema\/logo\/image\/","url":"https:\/\/safetysourcefire.ca\/wp-content\/uploads\/2021\/01\/SSF_logo_CC0000-3.png","contentUrl":"https:\/\/safetysourcefire.ca\/wp-content\/uploads\/2021\/01\/SSF_logo_CC0000-3.png","width":1107,"height":365,"caption":"Safety Source Fire"},"image":{"@id":"https:\/\/safetysourcefire.ca\/#\/schema\/logo\/image\/"},"sameAs":["https:\/\/www.facebook.com\/mmfssca","https:\/\/x.com\/mmfssca"]}]}},"_links":{"self":[{"href":"https:\/\/safetysourcefire.ca\/fr\/wp-json\/wp\/v2\/product\/1021","targetHints":{"allow":["GET"]}}],"collection":[{"href":"https:\/\/safetysourcefire.ca\/fr\/wp-json\/wp\/v2\/product"}],"about":[{"href":"https:\/\/safetysourcefire.ca\/fr\/wp-json\/wp\/v2\/types\/product"}],"wp:featuredmedia":[{"embeddable":true,"href":"https:\/\/safetysourcefire.ca\/fr\/wp-json\/wp\/v2\/media\/1103"}],"wp:attachment":[{"href":"https:\/\/safetysourcefire.ca\/fr\/wp-json\/wp\/v2\/media?parent=1021"}],"wp:term":[{"taxonomy":"product_brand","embeddable":true,"href":"https:\/\/safetysourcefire.ca\/fr\/wp-json\/wp\/v2\/product_brand?post=1021"},{"taxonomy":"product_cat","embeddable":true,"href":"https:\/\/safetysourcefire.ca\/fr\/wp-json\/wp\/v2\/product_cat?post=1021"},{"taxonomy":"product_tag","embeddable":true,"href":"https:\/\/safetysourcefire.ca\/fr\/wp-json\/wp\/v2\/product_tag?post=1021"}],"curies":[{"name":"wp","href":"https:\/\/api.w.org\/{rel}","templated":true}]}}