{"id":1023,"date":"2017-05-05T20:58:01","date_gmt":"2017-05-05T20:58:01","guid":{"rendered":"http:\/\/mmfss.ca\/?post_type=product&#038;p=1023"},"modified":"2018-03-19T13:14:33","modified_gmt":"2018-03-19T13:14:33","slug":"aluminum-wall-ladders-series-7508501250","status":"publish","type":"product","link":"https:\/\/safetysourcefire.ca\/fr\/produit\/aluminum-wall-ladders-series-7508501250\/","title":{"rendered":"\u00c9chelles murales en aluminium \u2013 S\u00e9rie 750\/850\/1250"},"content":{"rendered":"<p>La c\u00e9l\u00e8bre construction Duo-Safety Rail offre l'avantage d'une r\u00e9sistance suppl\u00e9mentaire, sans poids encombrant.<\/p>\n<ul>\n<li><strong>Construction avec rail <\/strong><\/li>\n<li><strong>Capacit\u00e9 de charge de 750l b<\/strong><\/li>\n<\/ul>\n<table width=\"100%\">\n<tbody>\n<tr>\n<td colspan=\"5\"><strong>CARACT\u00c9RISTIQUES<\/strong><\/td>\n<\/tr>\n<tr>\n<td colspan=\"5\"><strong>MUR S\u00c9RIE 750-A<\/strong><\/td>\n<\/tr>\n<tr>\n<td><strong>Taille<\/strong><\/td>\n<td><strong>Longueur<br \/>\nLongueur<\/strong><\/td>\n<td><strong>Largeur<\/strong><\/td>\n<td><strong>Taille des rails<\/strong><\/td>\n<td><strong>Poids<\/strong><\/td>\n<\/tr>\n<tr>\n<td>8\u2032<\/td>\n<td>8\u2032 2,25\u2033<\/td>\n<td>19 pouces<\/td>\n<td>2,75\u2033<\/td>\n<td>14 livres<\/td>\n<\/tr>\n<tr>\n<td>10\u2032<\/td>\n<td>10\u2032 2,25\u2033<\/td>\n<td>19 pouces<\/td>\n<td>2,75\u2033<\/td>\n<td>17 livres<\/td>\n<\/tr>\n<tr>\n<td>12\u2032<\/td>\n<td>12\u2032 2,25\u2033<\/td>\n<td>19 pouces<\/td>\n<td>2,75\u2033<\/td>\n<td>20 livres<\/td>\n<\/tr>\n<tr>\n<td>14\u2032<\/td>\n<td>14\u2032 2,25\u2033<\/td>\n<td>19 pouces<\/td>\n<td>2,75\u2033<\/td>\n<td>25 livres<\/td>\n<\/tr>\n<tr>\n<td colspan=\"5\"><strong>MUR S\u00c9RIE 850-A<\/strong><\/td>\n<\/tr>\n<tr>\n<td><strong>Taille<\/strong><\/td>\n<td><strong>Longueur<br \/>\nLongueur<\/strong><\/td>\n<td><strong>Largeur<\/strong><\/td>\n<td><strong>Taille des rails<\/strong><\/td>\n<td><strong>Poids<\/strong><\/td>\n<\/tr>\n<tr>\n<td>16\u2032<\/td>\n<td>16\u2032 2,5\u2033<\/td>\n<td>19 pouces<\/td>\n<td>3,25\u2033<\/td>\n<td>35 livres<\/td>\n<\/tr>\n<tr>\n<td>18\u2032<\/td>\n<td>18\u2032 2,5\u2033<\/td>\n<td>19 pouces<\/td>\n<td>3,25\u2033<\/td>\n<td>43 livres<\/td>\n<\/tr>\n<tr>\n<td>20\u2032<\/td>\n<td>20\u2032 2,5\u2033<\/td>\n<td>19 pouces<\/td>\n<td>3,25\u2033<\/td>\n<td>45 livres<\/td>\n<\/tr>\n<tr>\n<td colspan=\"5\"><strong>MUR S\u00c9RIE 1250-A<\/strong><\/td>\n<\/tr>\n<tr>\n<td><strong>Taille<\/strong><\/td>\n<td><strong>Longueur<br \/>\nLongueur<\/strong><\/td>\n<td><strong>Largeur<\/strong><\/td>\n<td><strong>Taille des rails<\/strong><\/td>\n<td><strong>Poids<\/strong><\/td>\n<\/tr>\n<tr>\n<td>25\u2032<\/td>\n<td>25\u2032 3\u2033<\/td>\n<td>19 pouces<\/td>\n<td>3,75\u2033<\/td>\n<td>62 livres<\/td>\n<\/tr>\n<tr>\n<td>30\u2032<\/td>\n<td>30\u2032 3\u2033<\/td>\n<td>19 pouces<\/td>\n<td>3,75\u2033<\/td>\n<td>70 livres<\/td>\n<\/tr>\n<tr>\n<td colspan=\"5\">Toutes les dimensions r\u00e9pertori\u00e9es ci-haut se qualifient dans les normes de v\u00e9rification de conception NFPA. Des variations d'environ +\/- 0,125\u2033 peuvent se produire en raison du type de rivets, \u00e9crous ou boulons utilis\u00e9s. Si vous avez besoin de dimensions pr\u00e9cises, veuillez appeler notre bureau et demander une copie de nos feuilles de dimensions.<\/td>\n<\/tr>\n<tr>\n<td colspan=\"5\">Pieds \u00e0 griffes en standard<br \/>\nChaussures de s\u00e9curit\u00e9 en caoutchouc disponibles en option (pour une meilleure utilisation sur les surfaces dures).<\/td>\n<\/tr>\n<\/tbody>\n<\/table>","protected":false},"excerpt":{"rendered":"<p>Id\u00e9ales pour une utilisation en autopompe - ces \u00e9chelles exceptionnelles ont \u00e9t\u00e9 \u00e9prouv\u00e9es et approuv\u00e9es depuis de nombreuses ann\u00e9es par les pompiers du monde entier.<\/p>","protected":false},"featured_media":1109,"template":"","meta":[],"product_brand":[162],"product_cat":[42,56],"product_tag":[282,283],"class_list":{"0":"post-1023","1":"product","2":"type-product","3":"status-publish","4":"has-post-thumbnail","6":"product_brand-duo-safety","7":"product_cat-ladders","8":"product_cat-wall","9":"product_tag-duo-safety","10":"product_tag-duosafety","12":"first","13":"instock","14":"shipping-taxable","15":"product-type-simple"},"yoast_head":"<!-- This site is optimized with the Yoast SEO plugin v27.4 - https:\/\/yoast.com\/product\/yoast-seo-wordpress\/ -->\n<title>Aluminum Wall Ladders - Series 750\/850\/1250 - Safety Source Fire<\/title>\n<meta name=\"robots\" content=\"index, follow, max-snippet:-1, max-image-preview:large, max-video-preview:-1\" \/>\n<link rel=\"canonical\" href=\"https:\/\/safetysourcefire.ca\/fr\/?product=aluminum-wall-ladders-series-7508501250\" \/>\n<meta property=\"og:locale\" content=\"fr_CA\" \/>\n<meta property=\"og:type\" content=\"article\" \/>\n<meta property=\"og:title\" content=\"Aluminum Wall Ladders - Series 750\/850\/1250 - Safety Source Fire\" \/>\n<meta property=\"og:description\" content=\"Ideal for pumper use - these outstanding ladders have been proven and approved for many years by fire companies everywhere.\" \/>\n<meta property=\"og:url\" content=\"https:\/\/safetysourcefire.ca\/fr\/?product=aluminum-wall-ladders-series-7508501250\" \/>\n<meta property=\"og:site_name\" content=\"Safety Source Fire\" \/>\n<meta property=\"article:publisher\" content=\"https:\/\/www.facebook.com\/mmfssca\" \/>\n<meta property=\"article:modified_time\" content=\"2018-03-19T13:14:33+00:00\" \/>\n<meta property=\"og:image\" content=\"https:\/\/safetysourcefire.ca\/wp-content\/uploads\/2017\/05\/wall-ladder-1.jpg\" \/>\n\t<meta property=\"og:image:width\" content=\"600\" \/>\n\t<meta property=\"og:image:height\" content=\"600\" \/>\n\t<meta property=\"og:image:type\" content=\"image\/jpeg\" \/>\n<meta name=\"twitter:card\" content=\"summary_large_image\" \/>\n<meta name=\"twitter:site\" content=\"@mmfssca\" \/>\n<meta name=\"twitter:label1\" content=\"Estimation du temps de lecture\" \/>\n\t<meta name=\"twitter:data1\" content=\"1 minute\" \/>\n<script type=\"application\/ld+json\" class=\"yoast-schema-graph\">{\"@context\":\"https:\\\/\\\/schema.org\",\"@graph\":[{\"@type\":\"WebPage\",\"@id\":\"https:\\\/\\\/safetysourcefire.ca\\\/?product=aluminum-wall-ladders-series-7508501250\",\"url\":\"https:\\\/\\\/safetysourcefire.ca\\\/?product=aluminum-wall-ladders-series-7508501250\",\"name\":\"Aluminum Wall Ladders - Series 750\\\/850\\\/1250 - Safety Source Fire\",\"isPartOf\":{\"@id\":\"https:\\\/\\\/safetysourcefire.ca\\\/#website\"},\"primaryImageOfPage\":{\"@id\":\"https:\\\/\\\/safetysourcefire.ca\\\/?product=aluminum-wall-ladders-series-7508501250#primaryimage\"},\"image\":{\"@id\":\"https:\\\/\\\/safetysourcefire.ca\\\/?product=aluminum-wall-ladders-series-7508501250#primaryimage\"},\"thumbnailUrl\":\"https:\\\/\\\/safetysourcefire.ca\\\/wp-content\\\/uploads\\\/2017\\\/05\\\/wall-ladder-1.jpg\",\"datePublished\":\"2017-05-05T20:58:01+00:00\",\"dateModified\":\"2018-03-19T13:14:33+00:00\",\"breadcrumb\":{\"@id\":\"https:\\\/\\\/safetysourcefire.ca\\\/?product=aluminum-wall-ladders-series-7508501250#breadcrumb\"},\"inLanguage\":\"fr-CA\",\"potentialAction\":[{\"@type\":\"ReadAction\",\"target\":[\"https:\\\/\\\/safetysourcefire.ca\\\/?product=aluminum-wall-ladders-series-7508501250\"]}]},{\"@type\":\"ImageObject\",\"inLanguage\":\"fr-CA\",\"@id\":\"https:\\\/\\\/safetysourcefire.ca\\\/?product=aluminum-wall-ladders-series-7508501250#primaryimage\",\"url\":\"https:\\\/\\\/safetysourcefire.ca\\\/wp-content\\\/uploads\\\/2017\\\/05\\\/wall-ladder-1.jpg\",\"contentUrl\":\"https:\\\/\\\/safetysourcefire.ca\\\/wp-content\\\/uploads\\\/2017\\\/05\\\/wall-ladder-1.jpg\",\"width\":600,\"height\":600,\"caption\":\"Aluminum Wall Ladder\"},{\"@type\":\"BreadcrumbList\",\"@id\":\"https:\\\/\\\/safetysourcefire.ca\\\/?product=aluminum-wall-ladders-series-7508501250#breadcrumb\",\"itemListElement\":[{\"@type\":\"ListItem\",\"position\":1,\"name\":\"Home\",\"item\":\"https:\\\/\\\/safetysourcefire.ca\\\/\"},{\"@type\":\"ListItem\",\"position\":2,\"name\":\"Products\",\"item\":\"https:\\\/\\\/safetysourcefire.ca\\\/shop\\\/\"},{\"@type\":\"ListItem\",\"position\":3,\"name\":\"Aluminum Wall Ladders &#8211; Series 750\\\/850\\\/1250\"}]},{\"@type\":\"WebSite\",\"@id\":\"https:\\\/\\\/safetysourcefire.ca\\\/#website\",\"url\":\"https:\\\/\\\/safetysourcefire.ca\\\/\",\"name\":\"Safety Source Fire\",\"description\":\"\",\"publisher\":{\"@id\":\"https:\\\/\\\/safetysourcefire.ca\\\/#organization\"},\"potentialAction\":[{\"@type\":\"SearchAction\",\"target\":{\"@type\":\"EntryPoint\",\"urlTemplate\":\"https:\\\/\\\/safetysourcefire.ca\\\/?s={search_term_string}\"},\"query-input\":{\"@type\":\"PropertyValueSpecification\",\"valueRequired\":true,\"valueName\":\"search_term_string\"}}],\"inLanguage\":\"fr-CA\"},{\"@type\":\"Organization\",\"@id\":\"https:\\\/\\\/safetysourcefire.ca\\\/#organization\",\"name\":\"Safety Source Fire\",\"url\":\"https:\\\/\\\/safetysourcefire.ca\\\/\",\"logo\":{\"@type\":\"ImageObject\",\"inLanguage\":\"fr-CA\",\"@id\":\"https:\\\/\\\/safetysourcefire.ca\\\/#\\\/schema\\\/logo\\\/image\\\/\",\"url\":\"https:\\\/\\\/safetysourcefire.ca\\\/wp-content\\\/uploads\\\/2021\\\/01\\\/SSF_logo_CC0000-3.png\",\"contentUrl\":\"https:\\\/\\\/safetysourcefire.ca\\\/wp-content\\\/uploads\\\/2021\\\/01\\\/SSF_logo_CC0000-3.png\",\"width\":1107,\"height\":365,\"caption\":\"Safety Source Fire\"},\"image\":{\"@id\":\"https:\\\/\\\/safetysourcefire.ca\\\/#\\\/schema\\\/logo\\\/image\\\/\"},\"sameAs\":[\"https:\\\/\\\/www.facebook.com\\\/mmfssca\",\"https:\\\/\\\/x.com\\\/mmfssca\"]}]}<\/script>\n<!-- \/ Yoast SEO plugin. -->","yoast_head_json":{"title":"\u00c9chelles murales en aluminium - S\u00e9ries 750\/850\/1250 - S\u00e9curit\u00e9 incendie","robots":{"index":"index","follow":"follow","max-snippet":"max-snippet:-1","max-image-preview":"max-image-preview:large","max-video-preview":"max-video-preview:-1"},"canonical":"https:\/\/safetysourcefire.ca\/fr\/?product=aluminum-wall-ladders-series-7508501250","og_locale":"fr_CA","og_type":"article","og_title":"Aluminum Wall Ladders - Series 750\/850\/1250 - Safety Source Fire","og_description":"Ideal for pumper use - these outstanding ladders have been proven and approved for many years by fire companies everywhere.","og_url":"https:\/\/safetysourcefire.ca\/fr\/?product=aluminum-wall-ladders-series-7508501250","og_site_name":"Safety Source Fire","article_publisher":"https:\/\/www.facebook.com\/mmfssca","article_modified_time":"2018-03-19T13:14:33+00:00","og_image":[{"width":600,"height":600,"url":"https:\/\/safetysourcefire.ca\/wp-content\/uploads\/2017\/05\/wall-ladder-1.jpg","type":"image\/jpeg"}],"twitter_card":"summary_large_image","twitter_site":"@mmfssca","twitter_misc":{"Estimation du temps de lecture":"1 minute"},"schema":{"@context":"https:\/\/schema.org","@graph":[{"@type":"WebPage","@id":"https:\/\/safetysourcefire.ca\/?product=aluminum-wall-ladders-series-7508501250","url":"https:\/\/safetysourcefire.ca\/?product=aluminum-wall-ladders-series-7508501250","name":"\u00c9chelles murales en aluminium - S\u00e9ries 750\/850\/1250 - S\u00e9curit\u00e9 incendie","isPartOf":{"@id":"https:\/\/safetysourcefire.ca\/#website"},"primaryImageOfPage":{"@id":"https:\/\/safetysourcefire.ca\/?product=aluminum-wall-ladders-series-7508501250#primaryimage"},"image":{"@id":"https:\/\/safetysourcefire.ca\/?product=aluminum-wall-ladders-series-7508501250#primaryimage"},"thumbnailUrl":"https:\/\/safetysourcefire.ca\/wp-content\/uploads\/2017\/05\/wall-ladder-1.jpg","datePublished":"2017-05-05T20:58:01+00:00","dateModified":"2018-03-19T13:14:33+00:00","breadcrumb":{"@id":"https:\/\/safetysourcefire.ca\/?product=aluminum-wall-ladders-series-7508501250#breadcrumb"},"inLanguage":"fr-CA","potentialAction":[{"@type":"ReadAction","target":["https:\/\/safetysourcefire.ca\/?product=aluminum-wall-ladders-series-7508501250"]}]},{"@type":"ImageObject","inLanguage":"fr-CA","@id":"https:\/\/safetysourcefire.ca\/?product=aluminum-wall-ladders-series-7508501250#primaryimage","url":"https:\/\/safetysourcefire.ca\/wp-content\/uploads\/2017\/05\/wall-ladder-1.jpg","contentUrl":"https:\/\/safetysourcefire.ca\/wp-content\/uploads\/2017\/05\/wall-ladder-1.jpg","width":600,"height":600,"caption":"Aluminum Wall Ladder"},{"@type":"BreadcrumbList","@id":"https:\/\/safetysourcefire.ca\/?product=aluminum-wall-ladders-series-7508501250#breadcrumb","itemListElement":[{"@type":"ListItem","position":1,"name":"Home","item":"https:\/\/safetysourcefire.ca\/"},{"@type":"ListItem","position":2,"name":"Products","item":"https:\/\/safetysourcefire.ca\/shop\/"},{"@type":"ListItem","position":3,"name":"Aluminum Wall Ladders &#8211; Series 750\/850\/1250"}]},{"@type":"WebSite","@id":"https:\/\/safetysourcefire.ca\/#website","url":"https:\/\/safetysourcefire.ca\/","name":"Safety Source Fire","description":"","publisher":{"@id":"https:\/\/safetysourcefire.ca\/#organization"},"potentialAction":[{"@type":"SearchAction","target":{"@type":"EntryPoint","urlTemplate":"https:\/\/safetysourcefire.ca\/?s={search_term_string}"},"query-input":{"@type":"PropertyValueSpecification","valueRequired":true,"valueName":"search_term_string"}}],"inLanguage":"fr-CA"},{"@type":"Organization","@id":"https:\/\/safetysourcefire.ca\/#organization","name":"Safety Source Fire","url":"https:\/\/safetysourcefire.ca\/","logo":{"@type":"ImageObject","inLanguage":"fr-CA","@id":"https:\/\/safetysourcefire.ca\/#\/schema\/logo\/image\/","url":"https:\/\/safetysourcefire.ca\/wp-content\/uploads\/2021\/01\/SSF_logo_CC0000-3.png","contentUrl":"https:\/\/safetysourcefire.ca\/wp-content\/uploads\/2021\/01\/SSF_logo_CC0000-3.png","width":1107,"height":365,"caption":"Safety Source Fire"},"image":{"@id":"https:\/\/safetysourcefire.ca\/#\/schema\/logo\/image\/"},"sameAs":["https:\/\/www.facebook.com\/mmfssca","https:\/\/x.com\/mmfssca"]}]}},"_links":{"self":[{"href":"https:\/\/safetysourcefire.ca\/fr\/wp-json\/wp\/v2\/product\/1023","targetHints":{"allow":["GET"]}}],"collection":[{"href":"https:\/\/safetysourcefire.ca\/fr\/wp-json\/wp\/v2\/product"}],"about":[{"href":"https:\/\/safetysourcefire.ca\/fr\/wp-json\/wp\/v2\/types\/product"}],"wp:featuredmedia":[{"embeddable":true,"href":"https:\/\/safetysourcefire.ca\/fr\/wp-json\/wp\/v2\/media\/1109"}],"wp:attachment":[{"href":"https:\/\/safetysourcefire.ca\/fr\/wp-json\/wp\/v2\/media?parent=1023"}],"wp:term":[{"taxonomy":"product_brand","embeddable":true,"href":"https:\/\/safetysourcefire.ca\/fr\/wp-json\/wp\/v2\/product_brand?post=1023"},{"taxonomy":"product_cat","embeddable":true,"href":"https:\/\/safetysourcefire.ca\/fr\/wp-json\/wp\/v2\/product_cat?post=1023"},{"taxonomy":"product_tag","embeddable":true,"href":"https:\/\/safetysourcefire.ca\/fr\/wp-json\/wp\/v2\/product_tag?post=1023"}],"curies":[{"name":"wp","href":"https:\/\/api.w.org\/{rel}","templated":true}]}}