{"id":1052,"date":"2017-05-09T18:18:46","date_gmt":"2017-05-09T18:18:46","guid":{"rendered":"http:\/\/mmfss.ca\/?post_type=product&#038;p=1052"},"modified":"2018-03-19T14:29:24","modified_gmt":"2018-03-19T14:29:24","slug":"battle-fogger","status":"publish","type":"product","link":"https:\/\/safetysourcefire.ca\/fr\/produit\/battle-fogger\/","title":{"rendered":"Syst\u00e8me de brouillard Battle Fogger"},"content":{"rendered":"<p>Le Battle Fogger poss\u00e8de un grand bloc chauffant, une pompe puissante et silencieuse et notre technologie prim\u00e9e Rapid Change. La machine est dot\u00e9e d'un grand r\u00e9servoir de liquide int\u00e9gr\u00e9 d'un gallon qui emp\u00eache les fuites et les gouttes. Elle poss\u00e8de une poign\u00e9e int\u00e9gr\u00e9e ainsi qu'une finition martel\u00e9e sp\u00e9ciale qui r\u00e9siste aux rayures et \u00e0 l'usure en plus d'un adaptateur de tuyau int\u00e9gr\u00e9 de 4 pouces.<\/p>\n<p>Le Battle Fogger b\u00e9n\u00e9ficie de notre garantie standard d'un an sur toutes les pi\u00e8ces et le service ainsi qu'une garantie \u00e0 vie sur l'\u00e9changeur de chaleur.<\/p>\n<p><strong>\u00a0<\/strong><\/p>\n<p><strong>Fonctionnalit\u00e9s:<\/strong><\/p>\n<ul>\n<li>Sortie de brouillard continue<\/li>\n<li>Conception d&#039;\u00e9changeur de chaleur \u00e0 changement rapide<\/li>\n<li>Contr\u00f4l\u00e9 par microprocesseur<\/li>\n<li>Ch\u00e2ssis \u00e0 rev\u00eatement en poudre robuste<\/li>\n<li>Protection \u00e9lectrom\u00e9canique contre le surchauffage<\/li>\n<li>R\u00e9servoir de liquide int\u00e9gr\u00e9 \"sans fuite\" (1 gallon)<\/li>\n<li>Comprend une trousse de remplacement \u00e0 changement rapide<\/li>\n<li>Interrupteur lumineux Fog Ready sur la t\u00e9l\u00e9commande<\/li>\n<li>Comprend une t\u00e9l\u00e9commande \u00e0 minuterie compl\u00e8te<\/li>\n<\/ul>\n<p>&nbsp;<\/p>\n<p><strong>Production<\/strong><\/p>\n<p><strong>\u00a0<\/strong><\/p>\n<table style=\"height: 314px;\" width=\"722\">\n<tbody>\n<tr>\n<td><strong>Dur\u00e9e:<\/strong><\/td>\n<td>Continu<\/td>\n<\/tr>\n<tr>\n<td><strong>Temps de r\u00e9chauffage\u00a0:<\/strong><\/td>\n<td>9 minutes (initial)<\/td>\n<\/tr>\n<tr>\n<td><strong>Consommation de fluide\u00a0:<\/strong><\/td>\n<td>Rafale : 114 cc\/min. \u2013 Continu : 47 cm3\/min.<\/td>\n<\/tr>\n<tr>\n<td><strong>Sp\u00e9cifications techniques de r\u00e9f\u00e9rence\u00a0:<\/strong><\/td>\n<td>3 290 pcm \u00e0 1 m\u00e8tre de visibilit\u00e9<\/td>\n<\/tr>\n<tr>\n<td><strong>Comparaison concurrentielle\u00a0:<\/strong><\/td>\n<td>15 000 pcm<\/td>\n<\/tr>\n<\/tbody>\n<\/table>","protected":false},"excerpt":{"rendered":"<p>Syst\u00e8me de brouillard continue avec technologie  d'\u00e9changeur rapide de chaleur.<\/p>","protected":false},"featured_media":1243,"template":"","meta":[],"product_brand":[165],"product_cat":[141,57],"product_tag":[356],"class_list":{"0":"post-1052","1":"product","2":"type-product","3":"status-publish","4":"has-post-thumbnail","6":"product_brand-ultratec","7":"product_cat-smoke-machines","8":"product_cat-training-products","9":"product_tag-ultratec","11":"first","12":"instock","13":"shipping-taxable","14":"product-type-simple"},"yoast_head":"<!-- This site is optimized with the Yoast SEO plugin v27.4 - https:\/\/yoast.com\/product\/yoast-seo-wordpress\/ -->\n<title>Battle Fogger - Safety Source Fire<\/title>\n<meta name=\"robots\" content=\"index, follow, max-snippet:-1, max-image-preview:large, max-video-preview:-1\" \/>\n<link rel=\"canonical\" href=\"https:\/\/safetysourcefire.ca\/fr\/?product=battle-fogger\" \/>\n<meta property=\"og:locale\" content=\"fr_CA\" \/>\n<meta property=\"og:type\" content=\"article\" \/>\n<meta property=\"og:title\" content=\"Battle Fogger - Safety Source Fire\" \/>\n<meta property=\"og:description\" content=\"Continuous fog output from our Rapid Change Technology Heat Exchanger.\" \/>\n<meta property=\"og:url\" content=\"https:\/\/safetysourcefire.ca\/fr\/?product=battle-fogger\" \/>\n<meta property=\"og:site_name\" content=\"Safety Source Fire\" \/>\n<meta property=\"article:publisher\" content=\"https:\/\/www.facebook.com\/mmfssca\" \/>\n<meta property=\"article:modified_time\" content=\"2018-03-19T14:29:24+00:00\" \/>\n<meta property=\"og:image\" content=\"https:\/\/safetysourcefire.ca\/wp-content\/uploads\/2017\/05\/CLF4200-1.jpg\" \/>\n\t<meta property=\"og:image:width\" content=\"600\" \/>\n\t<meta property=\"og:image:height\" content=\"600\" \/>\n\t<meta property=\"og:image:type\" content=\"image\/jpeg\" \/>\n<meta name=\"twitter:card\" content=\"summary_large_image\" \/>\n<meta name=\"twitter:site\" content=\"@mmfssca\" \/>\n<meta name=\"twitter:label1\" content=\"Estimation du temps de lecture\" \/>\n\t<meta name=\"twitter:data1\" content=\"1 minute\" \/>\n<script type=\"application\/ld+json\" class=\"yoast-schema-graph\">{\"@context\":\"https:\\\/\\\/schema.org\",\"@graph\":[{\"@type\":\"WebPage\",\"@id\":\"https:\\\/\\\/safetysourcefire.ca\\\/?product=battle-fogger\",\"url\":\"https:\\\/\\\/safetysourcefire.ca\\\/?product=battle-fogger\",\"name\":\"Battle Fogger - Safety Source Fire\",\"isPartOf\":{\"@id\":\"https:\\\/\\\/safetysourcefire.ca\\\/#website\"},\"primaryImageOfPage\":{\"@id\":\"https:\\\/\\\/safetysourcefire.ca\\\/?product=battle-fogger#primaryimage\"},\"image\":{\"@id\":\"https:\\\/\\\/safetysourcefire.ca\\\/?product=battle-fogger#primaryimage\"},\"thumbnailUrl\":\"https:\\\/\\\/safetysourcefire.ca\\\/wp-content\\\/uploads\\\/2017\\\/05\\\/CLF4200-1.jpg\",\"datePublished\":\"2017-05-09T18:18:46+00:00\",\"dateModified\":\"2018-03-19T14:29:24+00:00\",\"breadcrumb\":{\"@id\":\"https:\\\/\\\/safetysourcefire.ca\\\/?product=battle-fogger#breadcrumb\"},\"inLanguage\":\"fr-CA\",\"potentialAction\":[{\"@type\":\"ReadAction\",\"target\":[\"https:\\\/\\\/safetysourcefire.ca\\\/?product=battle-fogger\"]}]},{\"@type\":\"ImageObject\",\"inLanguage\":\"fr-CA\",\"@id\":\"https:\\\/\\\/safetysourcefire.ca\\\/?product=battle-fogger#primaryimage\",\"url\":\"https:\\\/\\\/safetysourcefire.ca\\\/wp-content\\\/uploads\\\/2017\\\/05\\\/CLF4200-1.jpg\",\"contentUrl\":\"https:\\\/\\\/safetysourcefire.ca\\\/wp-content\\\/uploads\\\/2017\\\/05\\\/CLF4200-1.jpg\",\"width\":600,\"height\":600,\"caption\":\"Battle Fogger\"},{\"@type\":\"BreadcrumbList\",\"@id\":\"https:\\\/\\\/safetysourcefire.ca\\\/?product=battle-fogger#breadcrumb\",\"itemListElement\":[{\"@type\":\"ListItem\",\"position\":1,\"name\":\"Home\",\"item\":\"https:\\\/\\\/safetysourcefire.ca\\\/\"},{\"@type\":\"ListItem\",\"position\":2,\"name\":\"Products\",\"item\":\"https:\\\/\\\/safetysourcefire.ca\\\/shop\\\/\"},{\"@type\":\"ListItem\",\"position\":3,\"name\":\"Battle Fogger\"}]},{\"@type\":\"WebSite\",\"@id\":\"https:\\\/\\\/safetysourcefire.ca\\\/#website\",\"url\":\"https:\\\/\\\/safetysourcefire.ca\\\/\",\"name\":\"Safety Source Fire\",\"description\":\"\",\"publisher\":{\"@id\":\"https:\\\/\\\/safetysourcefire.ca\\\/#organization\"},\"potentialAction\":[{\"@type\":\"SearchAction\",\"target\":{\"@type\":\"EntryPoint\",\"urlTemplate\":\"https:\\\/\\\/safetysourcefire.ca\\\/?s={search_term_string}\"},\"query-input\":{\"@type\":\"PropertyValueSpecification\",\"valueRequired\":true,\"valueName\":\"search_term_string\"}}],\"inLanguage\":\"fr-CA\"},{\"@type\":\"Organization\",\"@id\":\"https:\\\/\\\/safetysourcefire.ca\\\/#organization\",\"name\":\"Safety Source Fire\",\"url\":\"https:\\\/\\\/safetysourcefire.ca\\\/\",\"logo\":{\"@type\":\"ImageObject\",\"inLanguage\":\"fr-CA\",\"@id\":\"https:\\\/\\\/safetysourcefire.ca\\\/#\\\/schema\\\/logo\\\/image\\\/\",\"url\":\"https:\\\/\\\/safetysourcefire.ca\\\/wp-content\\\/uploads\\\/2021\\\/01\\\/SSF_logo_CC0000-3.png\",\"contentUrl\":\"https:\\\/\\\/safetysourcefire.ca\\\/wp-content\\\/uploads\\\/2021\\\/01\\\/SSF_logo_CC0000-3.png\",\"width\":1107,\"height\":365,\"caption\":\"Safety Source Fire\"},\"image\":{\"@id\":\"https:\\\/\\\/safetysourcefire.ca\\\/#\\\/schema\\\/logo\\\/image\\\/\"},\"sameAs\":[\"https:\\\/\\\/www.facebook.com\\\/mmfssca\",\"https:\\\/\\\/x.com\\\/mmfssca\"]}]}<\/script>\n<!-- \/ Yoast SEO plugin. -->","yoast_head_json":{"title":"Battle Fogger - Source de s\u00e9curit\u00e9 incendie","robots":{"index":"index","follow":"follow","max-snippet":"max-snippet:-1","max-image-preview":"max-image-preview:large","max-video-preview":"max-video-preview:-1"},"canonical":"https:\/\/safetysourcefire.ca\/fr\/?product=battle-fogger","og_locale":"fr_CA","og_type":"article","og_title":"Battle Fogger - Safety Source Fire","og_description":"Continuous fog output from our Rapid Change Technology Heat Exchanger.","og_url":"https:\/\/safetysourcefire.ca\/fr\/?product=battle-fogger","og_site_name":"Safety Source Fire","article_publisher":"https:\/\/www.facebook.com\/mmfssca","article_modified_time":"2018-03-19T14:29:24+00:00","og_image":[{"width":600,"height":600,"url":"https:\/\/safetysourcefire.ca\/wp-content\/uploads\/2017\/05\/CLF4200-1.jpg","type":"image\/jpeg"}],"twitter_card":"summary_large_image","twitter_site":"@mmfssca","twitter_misc":{"Estimation du temps de lecture":"1 minute"},"schema":{"@context":"https:\/\/schema.org","@graph":[{"@type":"WebPage","@id":"https:\/\/safetysourcefire.ca\/?product=battle-fogger","url":"https:\/\/safetysourcefire.ca\/?product=battle-fogger","name":"Battle Fogger - Source de s\u00e9curit\u00e9 incendie","isPartOf":{"@id":"https:\/\/safetysourcefire.ca\/#website"},"primaryImageOfPage":{"@id":"https:\/\/safetysourcefire.ca\/?product=battle-fogger#primaryimage"},"image":{"@id":"https:\/\/safetysourcefire.ca\/?product=battle-fogger#primaryimage"},"thumbnailUrl":"https:\/\/safetysourcefire.ca\/wp-content\/uploads\/2017\/05\/CLF4200-1.jpg","datePublished":"2017-05-09T18:18:46+00:00","dateModified":"2018-03-19T14:29:24+00:00","breadcrumb":{"@id":"https:\/\/safetysourcefire.ca\/?product=battle-fogger#breadcrumb"},"inLanguage":"fr-CA","potentialAction":[{"@type":"ReadAction","target":["https:\/\/safetysourcefire.ca\/?product=battle-fogger"]}]},{"@type":"ImageObject","inLanguage":"fr-CA","@id":"https:\/\/safetysourcefire.ca\/?product=battle-fogger#primaryimage","url":"https:\/\/safetysourcefire.ca\/wp-content\/uploads\/2017\/05\/CLF4200-1.jpg","contentUrl":"https:\/\/safetysourcefire.ca\/wp-content\/uploads\/2017\/05\/CLF4200-1.jpg","width":600,"height":600,"caption":"Battle Fogger"},{"@type":"BreadcrumbList","@id":"https:\/\/safetysourcefire.ca\/?product=battle-fogger#breadcrumb","itemListElement":[{"@type":"ListItem","position":1,"name":"Home","item":"https:\/\/safetysourcefire.ca\/"},{"@type":"ListItem","position":2,"name":"Products","item":"https:\/\/safetysourcefire.ca\/shop\/"},{"@type":"ListItem","position":3,"name":"Battle Fogger"}]},{"@type":"WebSite","@id":"https:\/\/safetysourcefire.ca\/#website","url":"https:\/\/safetysourcefire.ca\/","name":"Safety Source Fire","description":"","publisher":{"@id":"https:\/\/safetysourcefire.ca\/#organization"},"potentialAction":[{"@type":"SearchAction","target":{"@type":"EntryPoint","urlTemplate":"https:\/\/safetysourcefire.ca\/?s={search_term_string}"},"query-input":{"@type":"PropertyValueSpecification","valueRequired":true,"valueName":"search_term_string"}}],"inLanguage":"fr-CA"},{"@type":"Organization","@id":"https:\/\/safetysourcefire.ca\/#organization","name":"Safety Source Fire","url":"https:\/\/safetysourcefire.ca\/","logo":{"@type":"ImageObject","inLanguage":"fr-CA","@id":"https:\/\/safetysourcefire.ca\/#\/schema\/logo\/image\/","url":"https:\/\/safetysourcefire.ca\/wp-content\/uploads\/2021\/01\/SSF_logo_CC0000-3.png","contentUrl":"https:\/\/safetysourcefire.ca\/wp-content\/uploads\/2021\/01\/SSF_logo_CC0000-3.png","width":1107,"height":365,"caption":"Safety Source Fire"},"image":{"@id":"https:\/\/safetysourcefire.ca\/#\/schema\/logo\/image\/"},"sameAs":["https:\/\/www.facebook.com\/mmfssca","https:\/\/x.com\/mmfssca"]}]}},"_links":{"self":[{"href":"https:\/\/safetysourcefire.ca\/fr\/wp-json\/wp\/v2\/product\/1052","targetHints":{"allow":["GET"]}}],"collection":[{"href":"https:\/\/safetysourcefire.ca\/fr\/wp-json\/wp\/v2\/product"}],"about":[{"href":"https:\/\/safetysourcefire.ca\/fr\/wp-json\/wp\/v2\/types\/product"}],"wp:featuredmedia":[{"embeddable":true,"href":"https:\/\/safetysourcefire.ca\/fr\/wp-json\/wp\/v2\/media\/1243"}],"wp:attachment":[{"href":"https:\/\/safetysourcefire.ca\/fr\/wp-json\/wp\/v2\/media?parent=1052"}],"wp:term":[{"taxonomy":"product_brand","embeddable":true,"href":"https:\/\/safetysourcefire.ca\/fr\/wp-json\/wp\/v2\/product_brand?post=1052"},{"taxonomy":"product_cat","embeddable":true,"href":"https:\/\/safetysourcefire.ca\/fr\/wp-json\/wp\/v2\/product_cat?post=1052"},{"taxonomy":"product_tag","embeddable":true,"href":"https:\/\/safetysourcefire.ca\/fr\/wp-json\/wp\/v2\/product_tag?post=1052"}],"curies":[{"name":"wp","href":"https:\/\/api.w.org\/{rel}","templated":true}]}}