{"id":1056,"date":"2017-05-09T18:25:02","date_gmt":"2017-05-09T18:25:02","guid":{"rendered":"http:\/\/mmfss.ca\/?post_type=product&#038;p=1056"},"modified":"2018-03-19T14:01:16","modified_gmt":"2018-03-19T14:01:16","slug":"tiny-cx","status":"publish","type":"product","link":"https:\/\/safetysourcefire.ca\/fr\/produit\/tiny-cx\/","title":{"rendered":"G\u00e9n\u00e9rateur de brouillard Tiny CX"},"content":{"rendered":"<p><strong>Le CX<\/strong><\/p>\n<p>Le Tiny CX est un g\u00e9n\u00e9rateur de brouillard \u00e0 batterie pratique et compact. Sa manipulation facile et sa mise en route rapide sont remarquables. Avec son temps de pr\u00e9chauffage inf\u00e9rieur \u00e0 une seconde, son poids l\u00e9ger (630 grammes) et ses dimensions r\u00e9duites (L=25 x l=5,3 x H=5,5 cm), cette machine est utile dans de nombreux contextes d'utilisation. Dans le monde du th\u00e9\u00e2tre, du cin\u00e9ma, de la t\u00e9l\u00e9vision, de la photographie, des com\u00e9dies musicales et des effets sp\u00e9ciaux, ainsi que pour des tests de d\u00e9bit d'air et d'\u00e9tanch\u00e9it\u00e9 \u00e0 l'air. Bref, partout o\u00f9 le brouillard est n\u00e9cessaire rapidement et discr\u00e8tement, le Tiny CX est l'alternative parfaite aux g\u00e9n\u00e9rateurs de brouillard normaux.<\/p>\n<p><strong>La technologie<\/strong><\/p>\n<p>Tous les composants de la machine ont \u00e9t\u00e9 int\u00e9gr\u00e9s dans un bo\u00eetier petit et robuste. Tout comme le Tiny FX, le c\u0153ur du g\u00e9n\u00e9rateur consiste en un microprocesseur programmable qui contr\u00f4le et supervise toutes les fonctions importantes. Cela garantit un fonctionnement continu et s\u00e9curitaire du g\u00e9n\u00e9rateur. Une batterie compacte (L = 10,5 cm, l = 4,4 cm, H = 4,1 cm) alimente le Tiny CX en 11,1 V. La batterie peut \u00eatre ins\u00e9r\u00e9e dans la machine et peut \u00eatre facilement chang\u00e9e, lorsque d\u00e9sir\u00e9. Gr\u00e2ce \u00e0 un m\u00e9canisme de contr\u00f4le intelligent, la batterie ne fournit de l'\u00e9nergie que lorsque cela est n\u00e9cessaire. Ainsi, le temps de brouillard est consid\u00e9rablement augment\u00e9 par rapport aux autres machines aliment\u00e9es par batterie.<\/p>\n<p><strong>L&#039;op\u00e9ration<\/strong><\/p>\n<p>Le Tiny CX est directement pr\u00eat \u00e0 op\u00e9rer. Seule la batterie doit \u00eatre ins\u00e9r\u00e9e et le r\u00e9servoir de liquide doit \u00eatre rempli de Tiny-Fluid original. Le processus de n\u00e9bulisation peut \u00eatre d\u00e9marr\u00e9 imm\u00e9diatement et en continu, une fois ces conditions remplies.<\/p>\n<ul>\n<li>Contr\u00f4le<br \/>\nLe Tiny CX se d\u00e9clenche avec un bouton de d\u00e9marrage qui est int\u00e9gr\u00e9 dans le couvercle de la machine.<br \/>\nVous pouvez d\u00e9clencher le g\u00e9n\u00e9rateur avec une t\u00e9l\u00e9commande filaire ou une t\u00e9l\u00e9commande radio (disponible en option). La t\u00e9l\u00e9commande sera connect\u00e9e \u00e0 la machine \u00e0 l'aide d'un c\u00e2ble mini-jack st\u00e9r\u00e9o. Vous pouvez \u00e9galement contr\u00f4ler la machine via DMX 512 avec un convertisseur DMX.<\/li>\n<li>Consommation minimale de fluide<br \/>\nLe Tiny-Fluid garantit la production d&#039;un brouillard dense avec une consommation de fluide minimale (environ 2,3 ml\/min en d\u00e9bit continu).<\/li>\n<li>Entretien<br \/>\nLe vaporisateur de la machine peut \u00eatre facilement chang\u00e9 sur place, directement par l'utilisateur.<\/li>\n<\/ul>","protected":false},"excerpt":{"rendered":"<p>Le Tiny CX est la derni\u00e8re version modifi\u00e9e du Tiny C07. Contrairement au Tiny C07, le Tiny CX poss\u00e8de une batterie interchangeable. Ainsi, la machine est encore plus efficace. Si la batterie est \u00e0 plat, une nouvelle peut simplement \u00eatre ins\u00e9r\u00e9e, sans perdre de temps.<\/p>","protected":false},"featured_media":1236,"template":"","meta":[],"product_brand":[164],"product_cat":[141,57],"product_tag":[322],"class_list":{"0":"post-1056","1":"product","2":"type-product","3":"status-publish","4":"has-post-thumbnail","6":"product_brand-look-solutions","7":"product_cat-smoke-machines","8":"product_cat-training-products","9":"product_tag-look-solutions","11":"first","12":"instock","13":"shipping-taxable","14":"product-type-simple"},"yoast_head":"<!-- This site is optimized with the Yoast SEO plugin v27.4 - https:\/\/yoast.com\/product\/yoast-seo-wordpress\/ -->\n<title>Tiny CX - Safety Source Fire<\/title>\n<meta name=\"robots\" content=\"index, follow, max-snippet:-1, max-image-preview:large, max-video-preview:-1\" \/>\n<link rel=\"canonical\" href=\"https:\/\/safetysourcefire.ca\/fr\/?product=tiny-cx\" \/>\n<meta property=\"og:locale\" content=\"fr_CA\" \/>\n<meta property=\"og:type\" content=\"article\" \/>\n<meta property=\"og:title\" content=\"Tiny CX - Safety Source Fire\" \/>\n<meta property=\"og:description\" content=\"The Tiny CX is the latest, modified version of the successful Tiny C07.\u00a0Unlike the Tiny C07, the Tiny CX has a changeable battery. Thus, the machine is even more efficient. If the battery is empty, a new one can simply be inserted without losing time with recharging.\" \/>\n<meta property=\"og:url\" content=\"https:\/\/safetysourcefire.ca\/fr\/?product=tiny-cx\" \/>\n<meta property=\"og:site_name\" content=\"Safety Source Fire\" \/>\n<meta property=\"article:publisher\" content=\"https:\/\/www.facebook.com\/mmfssca\" \/>\n<meta property=\"article:modified_time\" content=\"2018-03-19T14:01:16+00:00\" \/>\n<meta property=\"og:image\" content=\"https:\/\/safetysourcefire.ca\/wp-content\/uploads\/2017\/05\/Tiny-CX-1.jpg\" \/>\n\t<meta property=\"og:image:width\" content=\"600\" \/>\n\t<meta property=\"og:image:height\" content=\"600\" \/>\n\t<meta property=\"og:image:type\" content=\"image\/jpeg\" \/>\n<meta name=\"twitter:card\" content=\"summary_large_image\" \/>\n<meta name=\"twitter:site\" content=\"@mmfssca\" \/>\n<meta name=\"twitter:label1\" content=\"Estimation du temps de lecture\" \/>\n\t<meta name=\"twitter:data1\" content=\"2 minutes\" \/>\n<script type=\"application\/ld+json\" class=\"yoast-schema-graph\">{\"@context\":\"https:\\\/\\\/schema.org\",\"@graph\":[{\"@type\":\"WebPage\",\"@id\":\"https:\\\/\\\/safetysourcefire.ca\\\/?product=tiny-cx\",\"url\":\"https:\\\/\\\/safetysourcefire.ca\\\/?product=tiny-cx\",\"name\":\"Tiny CX - Safety Source Fire\",\"isPartOf\":{\"@id\":\"https:\\\/\\\/safetysourcefire.ca\\\/#website\"},\"primaryImageOfPage\":{\"@id\":\"https:\\\/\\\/safetysourcefire.ca\\\/?product=tiny-cx#primaryimage\"},\"image\":{\"@id\":\"https:\\\/\\\/safetysourcefire.ca\\\/?product=tiny-cx#primaryimage\"},\"thumbnailUrl\":\"https:\\\/\\\/safetysourcefire.ca\\\/wp-content\\\/uploads\\\/2017\\\/05\\\/Tiny-CX-1.jpg\",\"datePublished\":\"2017-05-09T18:25:02+00:00\",\"dateModified\":\"2018-03-19T14:01:16+00:00\",\"breadcrumb\":{\"@id\":\"https:\\\/\\\/safetysourcefire.ca\\\/?product=tiny-cx#breadcrumb\"},\"inLanguage\":\"fr-CA\",\"potentialAction\":[{\"@type\":\"ReadAction\",\"target\":[\"https:\\\/\\\/safetysourcefire.ca\\\/?product=tiny-cx\"]}]},{\"@type\":\"ImageObject\",\"inLanguage\":\"fr-CA\",\"@id\":\"https:\\\/\\\/safetysourcefire.ca\\\/?product=tiny-cx#primaryimage\",\"url\":\"https:\\\/\\\/safetysourcefire.ca\\\/wp-content\\\/uploads\\\/2017\\\/05\\\/Tiny-CX-1.jpg\",\"contentUrl\":\"https:\\\/\\\/safetysourcefire.ca\\\/wp-content\\\/uploads\\\/2017\\\/05\\\/Tiny-CX-1.jpg\",\"width\":600,\"height\":600,\"caption\":\"Tiny CX Smoke Machine\"},{\"@type\":\"BreadcrumbList\",\"@id\":\"https:\\\/\\\/safetysourcefire.ca\\\/?product=tiny-cx#breadcrumb\",\"itemListElement\":[{\"@type\":\"ListItem\",\"position\":1,\"name\":\"Home\",\"item\":\"https:\\\/\\\/safetysourcefire.ca\\\/\"},{\"@type\":\"ListItem\",\"position\":2,\"name\":\"Products\",\"item\":\"https:\\\/\\\/safetysourcefire.ca\\\/shop\\\/\"},{\"@type\":\"ListItem\",\"position\":3,\"name\":\"Tiny CX\"}]},{\"@type\":\"WebSite\",\"@id\":\"https:\\\/\\\/safetysourcefire.ca\\\/#website\",\"url\":\"https:\\\/\\\/safetysourcefire.ca\\\/\",\"name\":\"Safety Source Fire\",\"description\":\"\",\"publisher\":{\"@id\":\"https:\\\/\\\/safetysourcefire.ca\\\/#organization\"},\"potentialAction\":[{\"@type\":\"SearchAction\",\"target\":{\"@type\":\"EntryPoint\",\"urlTemplate\":\"https:\\\/\\\/safetysourcefire.ca\\\/?s={search_term_string}\"},\"query-input\":{\"@type\":\"PropertyValueSpecification\",\"valueRequired\":true,\"valueName\":\"search_term_string\"}}],\"inLanguage\":\"fr-CA\"},{\"@type\":\"Organization\",\"@id\":\"https:\\\/\\\/safetysourcefire.ca\\\/#organization\",\"name\":\"Safety Source Fire\",\"url\":\"https:\\\/\\\/safetysourcefire.ca\\\/\",\"logo\":{\"@type\":\"ImageObject\",\"inLanguage\":\"fr-CA\",\"@id\":\"https:\\\/\\\/safetysourcefire.ca\\\/#\\\/schema\\\/logo\\\/image\\\/\",\"url\":\"https:\\\/\\\/safetysourcefire.ca\\\/wp-content\\\/uploads\\\/2021\\\/01\\\/SSF_logo_CC0000-3.png\",\"contentUrl\":\"https:\\\/\\\/safetysourcefire.ca\\\/wp-content\\\/uploads\\\/2021\\\/01\\\/SSF_logo_CC0000-3.png\",\"width\":1107,\"height\":365,\"caption\":\"Safety Source Fire\"},\"image\":{\"@id\":\"https:\\\/\\\/safetysourcefire.ca\\\/#\\\/schema\\\/logo\\\/image\\\/\"},\"sameAs\":[\"https:\\\/\\\/www.facebook.com\\\/mmfssca\",\"https:\\\/\\\/x.com\\\/mmfssca\"]}]}<\/script>\n<!-- \/ Yoast SEO plugin. -->","yoast_head_json":{"title":"Tiny CX - Source de s\u00e9curit\u00e9 incendie","robots":{"index":"index","follow":"follow","max-snippet":"max-snippet:-1","max-image-preview":"max-image-preview:large","max-video-preview":"max-video-preview:-1"},"canonical":"https:\/\/safetysourcefire.ca\/fr\/?product=tiny-cx","og_locale":"fr_CA","og_type":"article","og_title":"Tiny CX - Safety Source Fire","og_description":"The Tiny CX is the latest, modified version of the successful Tiny C07.\u00a0Unlike the Tiny C07, the Tiny CX has a changeable battery. Thus, the machine is even more efficient. If the battery is empty, a new one can simply be inserted without losing time with recharging.","og_url":"https:\/\/safetysourcefire.ca\/fr\/?product=tiny-cx","og_site_name":"Safety Source Fire","article_publisher":"https:\/\/www.facebook.com\/mmfssca","article_modified_time":"2018-03-19T14:01:16+00:00","og_image":[{"width":600,"height":600,"url":"https:\/\/safetysourcefire.ca\/wp-content\/uploads\/2017\/05\/Tiny-CX-1.jpg","type":"image\/jpeg"}],"twitter_card":"summary_large_image","twitter_site":"@mmfssca","twitter_misc":{"Estimation du temps de lecture":"2 minutes"},"schema":{"@context":"https:\/\/schema.org","@graph":[{"@type":"WebPage","@id":"https:\/\/safetysourcefire.ca\/?product=tiny-cx","url":"https:\/\/safetysourcefire.ca\/?product=tiny-cx","name":"Tiny CX - Source de s\u00e9curit\u00e9 incendie","isPartOf":{"@id":"https:\/\/safetysourcefire.ca\/#website"},"primaryImageOfPage":{"@id":"https:\/\/safetysourcefire.ca\/?product=tiny-cx#primaryimage"},"image":{"@id":"https:\/\/safetysourcefire.ca\/?product=tiny-cx#primaryimage"},"thumbnailUrl":"https:\/\/safetysourcefire.ca\/wp-content\/uploads\/2017\/05\/Tiny-CX-1.jpg","datePublished":"2017-05-09T18:25:02+00:00","dateModified":"2018-03-19T14:01:16+00:00","breadcrumb":{"@id":"https:\/\/safetysourcefire.ca\/?product=tiny-cx#breadcrumb"},"inLanguage":"fr-CA","potentialAction":[{"@type":"ReadAction","target":["https:\/\/safetysourcefire.ca\/?product=tiny-cx"]}]},{"@type":"ImageObject","inLanguage":"fr-CA","@id":"https:\/\/safetysourcefire.ca\/?product=tiny-cx#primaryimage","url":"https:\/\/safetysourcefire.ca\/wp-content\/uploads\/2017\/05\/Tiny-CX-1.jpg","contentUrl":"https:\/\/safetysourcefire.ca\/wp-content\/uploads\/2017\/05\/Tiny-CX-1.jpg","width":600,"height":600,"caption":"Tiny CX Smoke Machine"},{"@type":"BreadcrumbList","@id":"https:\/\/safetysourcefire.ca\/?product=tiny-cx#breadcrumb","itemListElement":[{"@type":"ListItem","position":1,"name":"Home","item":"https:\/\/safetysourcefire.ca\/"},{"@type":"ListItem","position":2,"name":"Products","item":"https:\/\/safetysourcefire.ca\/shop\/"},{"@type":"ListItem","position":3,"name":"Tiny CX"}]},{"@type":"WebSite","@id":"https:\/\/safetysourcefire.ca\/#website","url":"https:\/\/safetysourcefire.ca\/","name":"Safety Source Fire","description":"","publisher":{"@id":"https:\/\/safetysourcefire.ca\/#organization"},"potentialAction":[{"@type":"SearchAction","target":{"@type":"EntryPoint","urlTemplate":"https:\/\/safetysourcefire.ca\/?s={search_term_string}"},"query-input":{"@type":"PropertyValueSpecification","valueRequired":true,"valueName":"search_term_string"}}],"inLanguage":"fr-CA"},{"@type":"Organization","@id":"https:\/\/safetysourcefire.ca\/#organization","name":"Safety Source Fire","url":"https:\/\/safetysourcefire.ca\/","logo":{"@type":"ImageObject","inLanguage":"fr-CA","@id":"https:\/\/safetysourcefire.ca\/#\/schema\/logo\/image\/","url":"https:\/\/safetysourcefire.ca\/wp-content\/uploads\/2021\/01\/SSF_logo_CC0000-3.png","contentUrl":"https:\/\/safetysourcefire.ca\/wp-content\/uploads\/2021\/01\/SSF_logo_CC0000-3.png","width":1107,"height":365,"caption":"Safety Source Fire"},"image":{"@id":"https:\/\/safetysourcefire.ca\/#\/schema\/logo\/image\/"},"sameAs":["https:\/\/www.facebook.com\/mmfssca","https:\/\/x.com\/mmfssca"]}]}},"_links":{"self":[{"href":"https:\/\/safetysourcefire.ca\/fr\/wp-json\/wp\/v2\/product\/1056","targetHints":{"allow":["GET"]}}],"collection":[{"href":"https:\/\/safetysourcefire.ca\/fr\/wp-json\/wp\/v2\/product"}],"about":[{"href":"https:\/\/safetysourcefire.ca\/fr\/wp-json\/wp\/v2\/types\/product"}],"wp:featuredmedia":[{"embeddable":true,"href":"https:\/\/safetysourcefire.ca\/fr\/wp-json\/wp\/v2\/media\/1236"}],"wp:attachment":[{"href":"https:\/\/safetysourcefire.ca\/fr\/wp-json\/wp\/v2\/media?parent=1056"}],"wp:term":[{"taxonomy":"product_brand","embeddable":true,"href":"https:\/\/safetysourcefire.ca\/fr\/wp-json\/wp\/v2\/product_brand?post=1056"},{"taxonomy":"product_cat","embeddable":true,"href":"https:\/\/safetysourcefire.ca\/fr\/wp-json\/wp\/v2\/product_cat?post=1056"},{"taxonomy":"product_tag","embeddable":true,"href":"https:\/\/safetysourcefire.ca\/fr\/wp-json\/wp\/v2\/product_tag?post=1056"}],"curies":[{"name":"wp","href":"https:\/\/api.w.org\/{rel}","templated":true}]}}