{"id":1077,"date":"2017-05-09T18:55:17","date_gmt":"2017-05-09T18:55:17","guid":{"rendered":"http:\/\/mmfss.ca\/?post_type=product&#038;p=1077"},"modified":"2018-03-19T13:21:09","modified_gmt":"2018-03-19T13:21:09","slug":"ht100-hose-tester","status":"publish","type":"product","link":"https:\/\/safetysourcefire.ca\/fr\/produit\/ht100-hose-tester\/","title":{"rendered":"Testeur de tuyau HT100"},"content":{"rendered":"<p>Le chariot \u00e0 roues passe sans probl\u00e8me dans l'embrasure d' une porte standard de 36 pouces.<\/p>\n<p>Inclus un nettoyeur haute pression avec 50 pi de tuyau non marquant de 3\/8 po, une baguette et une poign\u00e9e robuste \u00e0 d\u00e9gagement rapide. Poss\u00e8de un injecteur \u00e0 connexion rapide et une vanne de dosage vous permettant d'ajouter des agents de nettoyage directement \u00e0 la source en eau. Livr\u00e9 avec une buse en acier inoxydable avec redresseur de flux.<\/p>\n<p>L'unit\u00e9 de nettoyage haute pression peut \u00eatre retir\u00e9e du chariot pour une utilisation facile.<\/p>\n<p>&nbsp;<\/p>\n<p>HT100 - Testeur de tuyaux avec nettoyeur haute pression (illustr\u00e9)<\/p>\n<p>HT156 - Testeur de tuyau avec nettoyeur haute pression (6 sorties)<\/p>\n<p>&nbsp;<\/p>\n<p>HT50 \u2013 Testeur de tuyaux sans nettoyeur haute pression<\/p>\n<p>HT56 \u2013 Testeur de tuyaux sans nettoyeur haute pression (6 sorties)<\/p>\n<p>&nbsp;<\/p>\n<p><strong>Fonctionnalit\u00e9s:<\/strong><\/p>\n<ul>\n<li>Syst\u00e8me de lavage \u00e0 pression inclus<\/li>\n<li>Conforme aux normes NFPA<\/li>\n<li>Connexion 1-1\/2&quot; ou 2-1\/2&quot;<\/li>\n<li>Plateau \u00e0 outils int\u00e9gr\u00e9<\/li>\n<li>Robinets \u00e0 tournant sph\u00e9rique en acier inoxydable<\/li>\n<li>4 gallons par minute \u00e0 600 PSI<\/li>\n<li>Capable de tester des tyuaux ayant jusqu'\u00e0 6\u2033 de diam\u00e8tre<\/li>\n<li>300 pi par d\u00e9charge<\/li>\n<li>Poign\u00e9e robustes<\/li>\n<li>50 pi de tuyau non marquant de 3\/8 po<\/li>\n<li>Chariot \u00e0 roues<\/li>\n<li>Convient \u00e0 des portes standards de 36 po<\/li>\n<\/ul>\n<p>&nbsp;<\/p>","protected":false},"excerpt":{"rendered":"<p>Notre testeur de tuyau HT100 est facile \u00e0 utiliser. De plus, il poss\u00e8de quatre sorties et des robinets \u00e0 tournant sph\u00e9rique en acier inoxydable. Peut pomper 3 gallons par minute, \u00e0 600 PSI. Capable de tester les tuyaux d'un diam\u00e8tre allant jusqu'\u00e0 6 pouces et jusqu'\u00e0 300 pieds par d\u00e9charge.<\/p>","protected":false},"featured_media":1069,"template":"","meta":[],"product_brand":[158],"product_cat":[142,57],"product_tag":[293,292],"class_list":{"0":"post-1077","1":"product","2":"type-product","3":"status-publish","4":"has-post-thumbnail","6":"product_brand-flamefighter","7":"product_cat-test-equipment","8":"product_cat-training-products","9":"product_tag-flame-fighter","10":"product_tag-flamefighter","12":"first","13":"instock","14":"shipping-taxable","15":"product-type-simple"},"yoast_head":"<!-- This site is optimized with the Yoast SEO plugin v27.4 - https:\/\/yoast.com\/product\/yoast-seo-wordpress\/ -->\n<title>HT100 Hose Tester - Safety Source Fire<\/title>\n<meta name=\"robots\" content=\"index, follow, max-snippet:-1, max-image-preview:large, max-video-preview:-1\" \/>\n<link rel=\"canonical\" href=\"https:\/\/safetysourcefire.ca\/fr\/?product=ht100-hose-tester\" \/>\n<meta property=\"og:locale\" content=\"fr_CA\" \/>\n<meta property=\"og:type\" content=\"article\" \/>\n<meta property=\"og:title\" content=\"HT100 Hose Tester - Safety Source Fire\" \/>\n<meta property=\"og:description\" content=\"Our HT100 Hose Tester\u00a0is easy to use, comes standard with four outlets, stainless steel ball valves. Pumps 3 gallons a minute @ 600 PSI. Capable of testing up to 6&quot; diameter hose, and up to 300 ft per discharge.\" \/>\n<meta property=\"og:url\" content=\"https:\/\/safetysourcefire.ca\/fr\/?product=ht100-hose-tester\" \/>\n<meta property=\"og:site_name\" content=\"Safety Source Fire\" \/>\n<meta property=\"article:publisher\" content=\"https:\/\/www.facebook.com\/mmfssca\" \/>\n<meta property=\"article:modified_time\" content=\"2018-03-19T13:21:09+00:00\" \/>\n<meta property=\"og:image\" content=\"https:\/\/safetysourcefire.ca\/wp-content\/uploads\/2017\/05\/Flamefighter-HT100-e1494506344686.jpg\" \/>\n\t<meta property=\"og:image:width\" content=\"400\" \/>\n\t<meta property=\"og:image:height\" content=\"400\" \/>\n\t<meta property=\"og:image:type\" content=\"image\/jpeg\" \/>\n<meta name=\"twitter:card\" content=\"summary_large_image\" \/>\n<meta name=\"twitter:site\" content=\"@mmfssca\" \/>\n<meta name=\"twitter:label1\" content=\"Estimation du temps de lecture\" \/>\n\t<meta name=\"twitter:data1\" content=\"1 minute\" \/>\n<script type=\"application\/ld+json\" class=\"yoast-schema-graph\">{\"@context\":\"https:\\\/\\\/schema.org\",\"@graph\":[{\"@type\":\"WebPage\",\"@id\":\"https:\\\/\\\/safetysourcefire.ca\\\/?product=ht100-hose-tester\",\"url\":\"https:\\\/\\\/safetysourcefire.ca\\\/?product=ht100-hose-tester\",\"name\":\"HT100 Hose Tester - Safety Source Fire\",\"isPartOf\":{\"@id\":\"https:\\\/\\\/safetysourcefire.ca\\\/#website\"},\"primaryImageOfPage\":{\"@id\":\"https:\\\/\\\/safetysourcefire.ca\\\/?product=ht100-hose-tester#primaryimage\"},\"image\":{\"@id\":\"https:\\\/\\\/safetysourcefire.ca\\\/?product=ht100-hose-tester#primaryimage\"},\"thumbnailUrl\":\"https:\\\/\\\/safetysourcefire.ca\\\/wp-content\\\/uploads\\\/2017\\\/05\\\/Flamefighter-HT100-e1494506344686.jpg\",\"datePublished\":\"2017-05-09T18:55:17+00:00\",\"dateModified\":\"2018-03-19T13:21:09+00:00\",\"breadcrumb\":{\"@id\":\"https:\\\/\\\/safetysourcefire.ca\\\/?product=ht100-hose-tester#breadcrumb\"},\"inLanguage\":\"fr-CA\",\"potentialAction\":[{\"@type\":\"ReadAction\",\"target\":[\"https:\\\/\\\/safetysourcefire.ca\\\/?product=ht100-hose-tester\"]}]},{\"@type\":\"ImageObject\",\"inLanguage\":\"fr-CA\",\"@id\":\"https:\\\/\\\/safetysourcefire.ca\\\/?product=ht100-hose-tester#primaryimage\",\"url\":\"https:\\\/\\\/safetysourcefire.ca\\\/wp-content\\\/uploads\\\/2017\\\/05\\\/Flamefighter-HT100-e1494506344686.jpg\",\"contentUrl\":\"https:\\\/\\\/safetysourcefire.ca\\\/wp-content\\\/uploads\\\/2017\\\/05\\\/Flamefighter-HT100-e1494506344686.jpg\",\"width\":400,\"height\":400,\"caption\":\"HT100 Hose Tester\"},{\"@type\":\"BreadcrumbList\",\"@id\":\"https:\\\/\\\/safetysourcefire.ca\\\/?product=ht100-hose-tester#breadcrumb\",\"itemListElement\":[{\"@type\":\"ListItem\",\"position\":1,\"name\":\"Home\",\"item\":\"https:\\\/\\\/safetysourcefire.ca\\\/\"},{\"@type\":\"ListItem\",\"position\":2,\"name\":\"Products\",\"item\":\"https:\\\/\\\/safetysourcefire.ca\\\/shop\\\/\"},{\"@type\":\"ListItem\",\"position\":3,\"name\":\"HT100 Hose Tester\"}]},{\"@type\":\"WebSite\",\"@id\":\"https:\\\/\\\/safetysourcefire.ca\\\/#website\",\"url\":\"https:\\\/\\\/safetysourcefire.ca\\\/\",\"name\":\"Safety Source Fire\",\"description\":\"\",\"publisher\":{\"@id\":\"https:\\\/\\\/safetysourcefire.ca\\\/#organization\"},\"potentialAction\":[{\"@type\":\"SearchAction\",\"target\":{\"@type\":\"EntryPoint\",\"urlTemplate\":\"https:\\\/\\\/safetysourcefire.ca\\\/?s={search_term_string}\"},\"query-input\":{\"@type\":\"PropertyValueSpecification\",\"valueRequired\":true,\"valueName\":\"search_term_string\"}}],\"inLanguage\":\"fr-CA\"},{\"@type\":\"Organization\",\"@id\":\"https:\\\/\\\/safetysourcefire.ca\\\/#organization\",\"name\":\"Safety Source Fire\",\"url\":\"https:\\\/\\\/safetysourcefire.ca\\\/\",\"logo\":{\"@type\":\"ImageObject\",\"inLanguage\":\"fr-CA\",\"@id\":\"https:\\\/\\\/safetysourcefire.ca\\\/#\\\/schema\\\/logo\\\/image\\\/\",\"url\":\"https:\\\/\\\/safetysourcefire.ca\\\/wp-content\\\/uploads\\\/2021\\\/01\\\/SSF_logo_CC0000-3.png\",\"contentUrl\":\"https:\\\/\\\/safetysourcefire.ca\\\/wp-content\\\/uploads\\\/2021\\\/01\\\/SSF_logo_CC0000-3.png\",\"width\":1107,\"height\":365,\"caption\":\"Safety Source Fire\"},\"image\":{\"@id\":\"https:\\\/\\\/safetysourcefire.ca\\\/#\\\/schema\\\/logo\\\/image\\\/\"},\"sameAs\":[\"https:\\\/\\\/www.facebook.com\\\/mmfssca\",\"https:\\\/\\\/x.com\\\/mmfssca\"]}]}<\/script>\n<!-- \/ Yoast SEO plugin. -->","yoast_head_json":{"title":"Testeur de tuyaux HT100 - Source de s\u00e9curit\u00e9 incendie","robots":{"index":"index","follow":"follow","max-snippet":"max-snippet:-1","max-image-preview":"max-image-preview:large","max-video-preview":"max-video-preview:-1"},"canonical":"https:\/\/safetysourcefire.ca\/fr\/?product=ht100-hose-tester","og_locale":"fr_CA","og_type":"article","og_title":"HT100 Hose Tester - Safety Source Fire","og_description":"Our HT100 Hose Tester\u00a0is easy to use, comes standard with four outlets, stainless steel ball valves. Pumps 3 gallons a minute @ 600 PSI. Capable of testing up to 6\" diameter hose, and up to 300 ft per discharge.","og_url":"https:\/\/safetysourcefire.ca\/fr\/?product=ht100-hose-tester","og_site_name":"Safety Source Fire","article_publisher":"https:\/\/www.facebook.com\/mmfssca","article_modified_time":"2018-03-19T13:21:09+00:00","og_image":[{"width":400,"height":400,"url":"https:\/\/safetysourcefire.ca\/wp-content\/uploads\/2017\/05\/Flamefighter-HT100-e1494506344686.jpg","type":"image\/jpeg"}],"twitter_card":"summary_large_image","twitter_site":"@mmfssca","twitter_misc":{"Estimation du temps de lecture":"1 minute"},"schema":{"@context":"https:\/\/schema.org","@graph":[{"@type":"WebPage","@id":"https:\/\/safetysourcefire.ca\/?product=ht100-hose-tester","url":"https:\/\/safetysourcefire.ca\/?product=ht100-hose-tester","name":"Testeur de tuyaux HT100 - Source de s\u00e9curit\u00e9 incendie","isPartOf":{"@id":"https:\/\/safetysourcefire.ca\/#website"},"primaryImageOfPage":{"@id":"https:\/\/safetysourcefire.ca\/?product=ht100-hose-tester#primaryimage"},"image":{"@id":"https:\/\/safetysourcefire.ca\/?product=ht100-hose-tester#primaryimage"},"thumbnailUrl":"https:\/\/safetysourcefire.ca\/wp-content\/uploads\/2017\/05\/Flamefighter-HT100-e1494506344686.jpg","datePublished":"2017-05-09T18:55:17+00:00","dateModified":"2018-03-19T13:21:09+00:00","breadcrumb":{"@id":"https:\/\/safetysourcefire.ca\/?product=ht100-hose-tester#breadcrumb"},"inLanguage":"fr-CA","potentialAction":[{"@type":"ReadAction","target":["https:\/\/safetysourcefire.ca\/?product=ht100-hose-tester"]}]},{"@type":"ImageObject","inLanguage":"fr-CA","@id":"https:\/\/safetysourcefire.ca\/?product=ht100-hose-tester#primaryimage","url":"https:\/\/safetysourcefire.ca\/wp-content\/uploads\/2017\/05\/Flamefighter-HT100-e1494506344686.jpg","contentUrl":"https:\/\/safetysourcefire.ca\/wp-content\/uploads\/2017\/05\/Flamefighter-HT100-e1494506344686.jpg","width":400,"height":400,"caption":"HT100 Hose Tester"},{"@type":"BreadcrumbList","@id":"https:\/\/safetysourcefire.ca\/?product=ht100-hose-tester#breadcrumb","itemListElement":[{"@type":"ListItem","position":1,"name":"Home","item":"https:\/\/safetysourcefire.ca\/"},{"@type":"ListItem","position":2,"name":"Products","item":"https:\/\/safetysourcefire.ca\/shop\/"},{"@type":"ListItem","position":3,"name":"HT100 Hose Tester"}]},{"@type":"WebSite","@id":"https:\/\/safetysourcefire.ca\/#website","url":"https:\/\/safetysourcefire.ca\/","name":"Safety Source Fire","description":"","publisher":{"@id":"https:\/\/safetysourcefire.ca\/#organization"},"potentialAction":[{"@type":"SearchAction","target":{"@type":"EntryPoint","urlTemplate":"https:\/\/safetysourcefire.ca\/?s={search_term_string}"},"query-input":{"@type":"PropertyValueSpecification","valueRequired":true,"valueName":"search_term_string"}}],"inLanguage":"fr-CA"},{"@type":"Organization","@id":"https:\/\/safetysourcefire.ca\/#organization","name":"Safety Source Fire","url":"https:\/\/safetysourcefire.ca\/","logo":{"@type":"ImageObject","inLanguage":"fr-CA","@id":"https:\/\/safetysourcefire.ca\/#\/schema\/logo\/image\/","url":"https:\/\/safetysourcefire.ca\/wp-content\/uploads\/2021\/01\/SSF_logo_CC0000-3.png","contentUrl":"https:\/\/safetysourcefire.ca\/wp-content\/uploads\/2021\/01\/SSF_logo_CC0000-3.png","width":1107,"height":365,"caption":"Safety Source Fire"},"image":{"@id":"https:\/\/safetysourcefire.ca\/#\/schema\/logo\/image\/"},"sameAs":["https:\/\/www.facebook.com\/mmfssca","https:\/\/x.com\/mmfssca"]}]}},"_links":{"self":[{"href":"https:\/\/safetysourcefire.ca\/fr\/wp-json\/wp\/v2\/product\/1077","targetHints":{"allow":["GET"]}}],"collection":[{"href":"https:\/\/safetysourcefire.ca\/fr\/wp-json\/wp\/v2\/product"}],"about":[{"href":"https:\/\/safetysourcefire.ca\/fr\/wp-json\/wp\/v2\/types\/product"}],"wp:featuredmedia":[{"embeddable":true,"href":"https:\/\/safetysourcefire.ca\/fr\/wp-json\/wp\/v2\/media\/1069"}],"wp:attachment":[{"href":"https:\/\/safetysourcefire.ca\/fr\/wp-json\/wp\/v2\/media?parent=1077"}],"wp:term":[{"taxonomy":"product_brand","embeddable":true,"href":"https:\/\/safetysourcefire.ca\/fr\/wp-json\/wp\/v2\/product_brand?post=1077"},{"taxonomy":"product_cat","embeddable":true,"href":"https:\/\/safetysourcefire.ca\/fr\/wp-json\/wp\/v2\/product_cat?post=1077"},{"taxonomy":"product_tag","embeddable":true,"href":"https:\/\/safetysourcefire.ca\/fr\/wp-json\/wp\/v2\/product_tag?post=1077"}],"curies":[{"name":"wp","href":"https:\/\/api.w.org\/{rel}","templated":true}]}}