{"id":1157,"date":"2017-05-11T16:14:36","date_gmt":"2017-05-11T16:14:36","guid":{"rendered":"http:\/\/mmfss.ca\/?post_type=product&#038;p=1157"},"modified":"2018-03-19T13:54:30","modified_gmt":"2018-03-19T13:54:30","slug":"sure-grip-ex-compac-flammable-safety-cabinet-cap-12-gallons-1-shelf-1-mc-door","status":"publish","type":"product","link":"https:\/\/safetysourcefire.ca\/fr\/produit\/sure-grip-ex-compac-flammable-safety-cabinet-cap-12-gallons-1-shelf-1-mc-door\/","title":{"rendered":"Armoire de s\u00e9curit\u00e9 anti flammes Sure-Grip\u00ae EX Compac"},"content":{"rendered":"<p>Capacit\u00e9 12 gallons, 1 \u00e9tag\u00e8re, 1 porte m\/c<\/p>\n<p>Les armoires de s\u00e9curit\u00e9 Compac peuvent s'utiliser presque partout et offrent une super protection, m\u00eame dans les espaces limit\u00e9s. Id\u00e9ales pour ranger des petites quantit\u00e9s de liquides inflammables \u00e0 son poste de travail ou pour augmenter les capacit\u00e9s de rangement existantes d'une station. M\u00eame si elles mesurent seulement 23-1\/4 po (591 mm) de large, elles peuvent contenir 12 ou 15 gallons (45 ou 57 L) de produits inflammables. Ces armoires poss\u00e8dent toutes les caract\u00e9ristiques et avantages de nos armoires classiques.<\/p>\n<p>Prot\u00e9gez les travailleurs, r\u00e9duisez les risques d'incendie et am\u00e9liorez la productivit\u00e9 en entreposant les combustibles et les produits chimiques inflammables dans ces armoires de s\u00e9curit\u00e9 conformes au code. Con\u00e7ues pour r\u00e9pondre aux normes OSHA et NFPA, les armoires Sure-Grip\u00ae EX sont fabriqu\u00e9es en acier soud\u00e9 \u00e0 double paroi de calibre 18 (1 mm) d'\u00e9paisseur avec un espace d'air isolant de 1-1\/2 po (38 mm) pour r\u00e9sistance au feu. Les portes \u00e0 fermeture manuelle de haute performance et \u00e0 verrouillage automatique s'ouvrent \u00e0 180 degr\u00e9s et peuvent se ferment facilement et en toute s\u00e9curit\u00e9 pour une protection maximale en cas d'incendie. Le m\u00e9canisme de fermeture \u00e0 s\u00e9curit\u00e9 int\u00e9gr\u00e9e garantit que le syst\u00e8me de verrouillage \u00e0 trois points en acier inoxydable fonctionne \u00e0 chaque fois.<\/p>\n<p>Pour encore plus de s\u00e9curit\u00e9, la poign\u00e9e U-Loc\u2122 est livr\u00e9e avec une serrure \u00e0 cylindre et un jeu de cl\u00e9s (cadenas aussi disponible, en option). Les \u00e9tiquettes d'avertissement r\u00e9fl\u00e9chissantes Haz-Alert\u2122 sont tr\u00e8s visibles en cas d'incendie ou lors de panne de courant, lorsqu'elles sont \u00e9clair\u00e9es par une lampe de poche.<\/p>\n<p>En cas de d\u00e9versement involontaire, les \u00e9tag\u00e8res en acier galvanis\u00e9 SpillSlope\u00ae brevet\u00e9es dirigent les liquides vers l'arri\u00e8re, dans le fond d'un puisard \u00e9tanche. Il est possible d'ajuster les centres de 3 po (76 mm) pour permettre un rangement encore plus polyvalent. Les armoires sont \u00e9galement dot\u00e9es d'un puisard inf\u00e9rieur \u00e9tanche de 2 po (51 mm), de deux \u00e9vents avec pare-flammes, de quatre pieds autonivelants r\u00e9glables, d'un connecteur de mise \u00e0 la terre (grounding connector) et d'une \u00e9tiquette d'avertissement trilingue. Le rev\u00eatement en poudre \u00e9poxy\/polyester durable sans plomb offre une excellente r\u00e9sistance chimique.<\/p>\n<p>Toutes les armoires sont approuv\u00e9es FM et b\u00e9n\u00e9ficient d&#039;une garantie de dix ans.<\/p>","protected":false},"excerpt":{"rendered":"<p>Cap. 12 gallons, 1 shelf, 1 m\/c door Compac Safety Cabinets fit almost anywhere and provide protection even where space is at a premium. These cabinets are ideal when storing lesser quantities of flammable liquids at a workstation or adding to existing storage capacities. Only 23-1\/4 in. (591-mm) wide, they hold a full 12- or [&hellip;]<\/p>\n","protected":false},"featured_media":1147,"template":"","meta":[],"product_brand":[154],"product_cat":[47,79],"product_tag":[315,314],"class_list":{"0":"post-1157","1":"product","2":"type-product","3":"status-publish","4":"has-post-thumbnail","6":"product_brand-justrite","7":"product_cat-hazmat","8":"product_cat-storage-hazmat","9":"product_tag-just-rite","10":"product_tag-justrite","12":"first","13":"instock","14":"shipping-taxable","15":"product-type-simple"},"yoast_head":"<!-- This site is optimized with the Yoast SEO plugin v27.4 - https:\/\/yoast.com\/product\/yoast-seo-wordpress\/ -->\n<title>Sure-Grip\u00ae EX Compac Flammable Safety Cabinet - Safety Source Fire<\/title>\n<meta name=\"robots\" content=\"index, follow, max-snippet:-1, max-image-preview:large, max-video-preview:-1\" \/>\n<link rel=\"canonical\" href=\"https:\/\/safetysourcefire.ca\/fr\/?product=sure-grip-ex-compac-flammable-safety-cabinet-cap-12-gallons-1-shelf-1-mc-door\" \/>\n<meta property=\"og:locale\" content=\"fr_CA\" \/>\n<meta property=\"og:type\" content=\"article\" \/>\n<meta property=\"og:title\" content=\"Sure-Grip\u00ae EX Compac Flammable Safety Cabinet - Safety Source Fire\" \/>\n<meta property=\"og:description\" content=\"Cap. 12 gallons, 1 shelf, 1 m\/c door Compac Safety Cabinets fit almost anywhere and provide protection even where space is at a premium. These cabinets are ideal when storing lesser quantities of flammable liquids at a workstation or adding to existing storage capacities. Only 23-1\/4 in. (591-mm) wide, they hold a full 12- or [&hellip;]\" \/>\n<meta property=\"og:url\" content=\"https:\/\/safetysourcefire.ca\/fr\/?product=sure-grip-ex-compac-flammable-safety-cabinet-cap-12-gallons-1-shelf-1-mc-door\" \/>\n<meta property=\"og:site_name\" content=\"Safety Source Fire\" \/>\n<meta property=\"article:publisher\" content=\"https:\/\/www.facebook.com\/mmfssca\" \/>\n<meta property=\"article:modified_time\" content=\"2018-03-19T13:54:30+00:00\" \/>\n<meta property=\"og:image\" content=\"https:\/\/safetysourcefire.ca\/wp-content\/uploads\/2017\/05\/891200.jpg\" \/>\n\t<meta property=\"og:image:width\" content=\"600\" \/>\n\t<meta property=\"og:image:height\" content=\"600\" \/>\n\t<meta property=\"og:image:type\" content=\"image\/jpeg\" \/>\n<meta name=\"twitter:card\" content=\"summary_large_image\" \/>\n<meta name=\"twitter:site\" content=\"@mmfssca\" \/>\n<meta name=\"twitter:label1\" content=\"Estimation du temps de lecture\" \/>\n\t<meta name=\"twitter:data1\" content=\"1 minute\" \/>\n<script type=\"application\/ld+json\" class=\"yoast-schema-graph\">{\"@context\":\"https:\\\/\\\/schema.org\",\"@graph\":[{\"@type\":\"WebPage\",\"@id\":\"https:\\\/\\\/safetysourcefire.ca\\\/?product=sure-grip-ex-compac-flammable-safety-cabinet-cap-12-gallons-1-shelf-1-mc-door\",\"url\":\"https:\\\/\\\/safetysourcefire.ca\\\/?product=sure-grip-ex-compac-flammable-safety-cabinet-cap-12-gallons-1-shelf-1-mc-door\",\"name\":\"Sure-Grip\u00ae EX Compac Flammable Safety Cabinet - Safety Source Fire\",\"isPartOf\":{\"@id\":\"https:\\\/\\\/safetysourcefire.ca\\\/#website\"},\"primaryImageOfPage\":{\"@id\":\"https:\\\/\\\/safetysourcefire.ca\\\/?product=sure-grip-ex-compac-flammable-safety-cabinet-cap-12-gallons-1-shelf-1-mc-door#primaryimage\"},\"image\":{\"@id\":\"https:\\\/\\\/safetysourcefire.ca\\\/?product=sure-grip-ex-compac-flammable-safety-cabinet-cap-12-gallons-1-shelf-1-mc-door#primaryimage\"},\"thumbnailUrl\":\"https:\\\/\\\/safetysourcefire.ca\\\/wp-content\\\/uploads\\\/2017\\\/05\\\/891200.jpg\",\"datePublished\":\"2017-05-11T16:14:36+00:00\",\"dateModified\":\"2018-03-19T13:54:30+00:00\",\"breadcrumb\":{\"@id\":\"https:\\\/\\\/safetysourcefire.ca\\\/?product=sure-grip-ex-compac-flammable-safety-cabinet-cap-12-gallons-1-shelf-1-mc-door#breadcrumb\"},\"inLanguage\":\"fr-CA\",\"potentialAction\":[{\"@type\":\"ReadAction\",\"target\":[\"https:\\\/\\\/safetysourcefire.ca\\\/?product=sure-grip-ex-compac-flammable-safety-cabinet-cap-12-gallons-1-shelf-1-mc-door\"]}]},{\"@type\":\"ImageObject\",\"inLanguage\":\"fr-CA\",\"@id\":\"https:\\\/\\\/safetysourcefire.ca\\\/?product=sure-grip-ex-compac-flammable-safety-cabinet-cap-12-gallons-1-shelf-1-mc-door#primaryimage\",\"url\":\"https:\\\/\\\/safetysourcefire.ca\\\/wp-content\\\/uploads\\\/2017\\\/05\\\/891200.jpg\",\"contentUrl\":\"https:\\\/\\\/safetysourcefire.ca\\\/wp-content\\\/uploads\\\/2017\\\/05\\\/891200.jpg\",\"width\":600,\"height\":600},{\"@type\":\"BreadcrumbList\",\"@id\":\"https:\\\/\\\/safetysourcefire.ca\\\/?product=sure-grip-ex-compac-flammable-safety-cabinet-cap-12-gallons-1-shelf-1-mc-door#breadcrumb\",\"itemListElement\":[{\"@type\":\"ListItem\",\"position\":1,\"name\":\"Home\",\"item\":\"https:\\\/\\\/safetysourcefire.ca\\\/\"},{\"@type\":\"ListItem\",\"position\":2,\"name\":\"Products\",\"item\":\"https:\\\/\\\/safetysourcefire.ca\\\/shop\\\/\"},{\"@type\":\"ListItem\",\"position\":3,\"name\":\"Sure-Grip\u00ae EX Compac Flammable Safety Cabinet\"}]},{\"@type\":\"WebSite\",\"@id\":\"https:\\\/\\\/safetysourcefire.ca\\\/#website\",\"url\":\"https:\\\/\\\/safetysourcefire.ca\\\/\",\"name\":\"Safety Source Fire\",\"description\":\"\",\"publisher\":{\"@id\":\"https:\\\/\\\/safetysourcefire.ca\\\/#organization\"},\"potentialAction\":[{\"@type\":\"SearchAction\",\"target\":{\"@type\":\"EntryPoint\",\"urlTemplate\":\"https:\\\/\\\/safetysourcefire.ca\\\/?s={search_term_string}\"},\"query-input\":{\"@type\":\"PropertyValueSpecification\",\"valueRequired\":true,\"valueName\":\"search_term_string\"}}],\"inLanguage\":\"fr-CA\"},{\"@type\":\"Organization\",\"@id\":\"https:\\\/\\\/safetysourcefire.ca\\\/#organization\",\"name\":\"Safety Source Fire\",\"url\":\"https:\\\/\\\/safetysourcefire.ca\\\/\",\"logo\":{\"@type\":\"ImageObject\",\"inLanguage\":\"fr-CA\",\"@id\":\"https:\\\/\\\/safetysourcefire.ca\\\/#\\\/schema\\\/logo\\\/image\\\/\",\"url\":\"https:\\\/\\\/safetysourcefire.ca\\\/wp-content\\\/uploads\\\/2021\\\/01\\\/SSF_logo_CC0000-3.png\",\"contentUrl\":\"https:\\\/\\\/safetysourcefire.ca\\\/wp-content\\\/uploads\\\/2021\\\/01\\\/SSF_logo_CC0000-3.png\",\"width\":1107,\"height\":365,\"caption\":\"Safety Source Fire\"},\"image\":{\"@id\":\"https:\\\/\\\/safetysourcefire.ca\\\/#\\\/schema\\\/logo\\\/image\\\/\"},\"sameAs\":[\"https:\\\/\\\/www.facebook.com\\\/mmfssca\",\"https:\\\/\\\/x.com\\\/mmfssca\"]}]}<\/script>\n<!-- \/ Yoast SEO plugin. -->","yoast_head_json":{"title":"Armoire de s\u00e9curit\u00e9 inflammable Sure-Grip\u00ae EX Compac - Source de s\u00e9curit\u00e9 incendie","robots":{"index":"index","follow":"follow","max-snippet":"max-snippet:-1","max-image-preview":"max-image-preview:large","max-video-preview":"max-video-preview:-1"},"canonical":"https:\/\/safetysourcefire.ca\/fr\/?product=sure-grip-ex-compac-flammable-safety-cabinet-cap-12-gallons-1-shelf-1-mc-door","og_locale":"fr_CA","og_type":"article","og_title":"Sure-Grip\u00ae EX Compac Flammable Safety Cabinet - Safety Source Fire","og_description":"Cap. 12 gallons, 1 shelf, 1 m\/c door Compac Safety Cabinets fit almost anywhere and provide protection even where space is at a premium. These cabinets are ideal when storing lesser quantities of flammable liquids at a workstation or adding to existing storage capacities. Only 23-1\/4 in. (591-mm) wide, they hold a full 12- or [&hellip;]","og_url":"https:\/\/safetysourcefire.ca\/fr\/?product=sure-grip-ex-compac-flammable-safety-cabinet-cap-12-gallons-1-shelf-1-mc-door","og_site_name":"Safety Source Fire","article_publisher":"https:\/\/www.facebook.com\/mmfssca","article_modified_time":"2018-03-19T13:54:30+00:00","og_image":[{"width":600,"height":600,"url":"https:\/\/safetysourcefire.ca\/wp-content\/uploads\/2017\/05\/891200.jpg","type":"image\/jpeg"}],"twitter_card":"summary_large_image","twitter_site":"@mmfssca","twitter_misc":{"Estimation du temps de lecture":"1 minute"},"schema":{"@context":"https:\/\/schema.org","@graph":[{"@type":"WebPage","@id":"https:\/\/safetysourcefire.ca\/?product=sure-grip-ex-compac-flammable-safety-cabinet-cap-12-gallons-1-shelf-1-mc-door","url":"https:\/\/safetysourcefire.ca\/?product=sure-grip-ex-compac-flammable-safety-cabinet-cap-12-gallons-1-shelf-1-mc-door","name":"Armoire de s\u00e9curit\u00e9 inflammable Sure-Grip\u00ae EX Compac - Source de s\u00e9curit\u00e9 incendie","isPartOf":{"@id":"https:\/\/safetysourcefire.ca\/#website"},"primaryImageOfPage":{"@id":"https:\/\/safetysourcefire.ca\/?product=sure-grip-ex-compac-flammable-safety-cabinet-cap-12-gallons-1-shelf-1-mc-door#primaryimage"},"image":{"@id":"https:\/\/safetysourcefire.ca\/?product=sure-grip-ex-compac-flammable-safety-cabinet-cap-12-gallons-1-shelf-1-mc-door#primaryimage"},"thumbnailUrl":"https:\/\/safetysourcefire.ca\/wp-content\/uploads\/2017\/05\/891200.jpg","datePublished":"2017-05-11T16:14:36+00:00","dateModified":"2018-03-19T13:54:30+00:00","breadcrumb":{"@id":"https:\/\/safetysourcefire.ca\/?product=sure-grip-ex-compac-flammable-safety-cabinet-cap-12-gallons-1-shelf-1-mc-door#breadcrumb"},"inLanguage":"fr-CA","potentialAction":[{"@type":"ReadAction","target":["https:\/\/safetysourcefire.ca\/?product=sure-grip-ex-compac-flammable-safety-cabinet-cap-12-gallons-1-shelf-1-mc-door"]}]},{"@type":"ImageObject","inLanguage":"fr-CA","@id":"https:\/\/safetysourcefire.ca\/?product=sure-grip-ex-compac-flammable-safety-cabinet-cap-12-gallons-1-shelf-1-mc-door#primaryimage","url":"https:\/\/safetysourcefire.ca\/wp-content\/uploads\/2017\/05\/891200.jpg","contentUrl":"https:\/\/safetysourcefire.ca\/wp-content\/uploads\/2017\/05\/891200.jpg","width":600,"height":600},{"@type":"BreadcrumbList","@id":"https:\/\/safetysourcefire.ca\/?product=sure-grip-ex-compac-flammable-safety-cabinet-cap-12-gallons-1-shelf-1-mc-door#breadcrumb","itemListElement":[{"@type":"ListItem","position":1,"name":"Home","item":"https:\/\/safetysourcefire.ca\/"},{"@type":"ListItem","position":2,"name":"Products","item":"https:\/\/safetysourcefire.ca\/shop\/"},{"@type":"ListItem","position":3,"name":"Sure-Grip\u00ae EX Compac Flammable Safety Cabinet"}]},{"@type":"WebSite","@id":"https:\/\/safetysourcefire.ca\/#website","url":"https:\/\/safetysourcefire.ca\/","name":"Safety Source Fire","description":"","publisher":{"@id":"https:\/\/safetysourcefire.ca\/#organization"},"potentialAction":[{"@type":"SearchAction","target":{"@type":"EntryPoint","urlTemplate":"https:\/\/safetysourcefire.ca\/?s={search_term_string}"},"query-input":{"@type":"PropertyValueSpecification","valueRequired":true,"valueName":"search_term_string"}}],"inLanguage":"fr-CA"},{"@type":"Organization","@id":"https:\/\/safetysourcefire.ca\/#organization","name":"Safety Source Fire","url":"https:\/\/safetysourcefire.ca\/","logo":{"@type":"ImageObject","inLanguage":"fr-CA","@id":"https:\/\/safetysourcefire.ca\/#\/schema\/logo\/image\/","url":"https:\/\/safetysourcefire.ca\/wp-content\/uploads\/2021\/01\/SSF_logo_CC0000-3.png","contentUrl":"https:\/\/safetysourcefire.ca\/wp-content\/uploads\/2021\/01\/SSF_logo_CC0000-3.png","width":1107,"height":365,"caption":"Safety Source Fire"},"image":{"@id":"https:\/\/safetysourcefire.ca\/#\/schema\/logo\/image\/"},"sameAs":["https:\/\/www.facebook.com\/mmfssca","https:\/\/x.com\/mmfssca"]}]}},"_links":{"self":[{"href":"https:\/\/safetysourcefire.ca\/fr\/wp-json\/wp\/v2\/product\/1157","targetHints":{"allow":["GET"]}}],"collection":[{"href":"https:\/\/safetysourcefire.ca\/fr\/wp-json\/wp\/v2\/product"}],"about":[{"href":"https:\/\/safetysourcefire.ca\/fr\/wp-json\/wp\/v2\/types\/product"}],"wp:featuredmedia":[{"embeddable":true,"href":"https:\/\/safetysourcefire.ca\/fr\/wp-json\/wp\/v2\/media\/1147"}],"wp:attachment":[{"href":"https:\/\/safetysourcefire.ca\/fr\/wp-json\/wp\/v2\/media?parent=1157"}],"wp:term":[{"taxonomy":"product_brand","embeddable":true,"href":"https:\/\/safetysourcefire.ca\/fr\/wp-json\/wp\/v2\/product_brand?post=1157"},{"taxonomy":"product_cat","embeddable":true,"href":"https:\/\/safetysourcefire.ca\/fr\/wp-json\/wp\/v2\/product_cat?post=1157"},{"taxonomy":"product_tag","embeddable":true,"href":"https:\/\/safetysourcefire.ca\/fr\/wp-json\/wp\/v2\/product_tag?post=1157"}],"curies":[{"name":"wp","href":"https:\/\/api.w.org\/{rel}","templated":true}]}}