{"id":11912,"date":"2019-10-31T19:18:13","date_gmt":"2019-10-31T19:18:13","guid":{"rendered":"https:\/\/mmfss.ca\/?post_type=product&#038;p=11912"},"modified":"2021-09-30T15:01:28","modified_gmt":"2021-09-30T15:01:28","slug":"super-bright-led-portable-scene-light-ii","status":"publish","type":"product","link":"https:\/\/safetysourcefire.ca\/fr\/produit\/super-bright-led-portable-scene-light-ii\/","title":{"rendered":"Lampe de sc\u00e8ne portable super brillante \u00e0 DEL II"},"content":{"rendered":"<div class=\"productDescription\">\n<div id=\"productLongDescription\">\n<p>Passez \u00e0 une puissance sup\u00e9rieure avec le ''Portable Scene Light II''. Cette lampe \u00e9tanche ne n\u00e9cessite aucun temps de d\u00e9ploiement et dispose d'une t\u00eate rotative \u00e0 360 \u00b0 pour que vous puissiez diriger la lumi\u00e8re l\u00e0 o\u00f9 vous en avez vraiment besoin. Besoin d'encore plus de lumi\u00e8re pour un travail ? Empilez plusieurs projecteurs sans probl\u00e8me! L\u00e9g\u00e8re et compacte, cette lampe de sc\u00e8ne \u00e9limine les risques de tr\u00e9bucher car elle est sans fil! De plus, il est facile comme bonjour de transporter cette lampe d'une sc\u00e8ne \u00e0 l'autre.<\/p>\n<ul>\n<li>Produit un degr\u00e9 de lumi\u00e8re \u00e9lev\u00e9<\/li>\n<li>Cinq niveaux d'intensit\u00e9 possible (et temps de fonctionnement selon l'intensit\u00e9 choisie) :\n<ul>\n<li>100% : 10 000 lumens ; fonctionne 2 heures<\/li>\n<li>80%\u00a0: 8\u00a0300 lumens\u00a0; fonctionne 2,75 heures<\/li>\n<li>60% : 6 300 lumens ; fonctionne 3:75 heures<\/li>\n<li>40% : 4.500 lumens ; fonctionne 5,75 heures<\/li>\n<li>20% : 2 300 lumens ; fonctionne 11 heures<\/li>\n<\/ul>\n<\/li>\n<li>L&#039;affichage num\u00e9rique indique le niveau d&#039;intensit\u00e9 et la dur\u00e9e de fonctionnement<\/li>\n<li>Pieds munis de crochets pour possibilit\u00e9 d'accrochage au-dessus des portes, des garde-corps, des cl\u00f4tures, etc.<\/li>\n<li>Interrupteur \u00e0 bascule facile \u00e0 utiliser - choisissez parmi 5 niveaux d&#039;intensit\u00e9<\/li>\n<li>\u00c9clairage \u00e0 plusieurs niveaux pour l&#039;\u00e9clairage de la sc\u00e8ne\u00a0; la t\u00eate pivote \u00e0 360\u00b0 pour diriger le faisceau l\u00e0 o\u00f9 vous en avez besoin<\/li>\n<li>Les batteries lithium-ion se chargent en 6 heures<\/li>\n<li>Class\u00e9 IPX7\u00a0;\u00a0<strong>\u00e9tanche\u00a0<\/strong>\u00e0 1m pendant 30 minutes<\/li>\n<li>Bo\u00eetier thermoplastique r\u00e9sistant aux chocs mont\u00e9 dans un cadre en alliage d&#039;acier pratiquement indestructible<\/li>\n<li>Comprend des cordons de charge AC\/DC<\/li>\n<li>Format compact (16x11x12 pouces ; 40,6 \u00d7 28,9 \u00d7 30,5 cm)<\/li>\n<li>L\u00e9ger : 15,38 lb (6,1 kilogrammes)<\/li>\n<li>Garantie \u00e0 vie (limit\u00e9e)<\/li>\n<\/ul>\n<p><a href=\"https:\/\/safetysourcefire.ca\/wp-content\/uploads\/2019\/10\/portablescenelightii_datasheet.pdf\">T\u00e9l\u00e9charger la fiche technique<\/a><\/p>\n<\/div>\n<\/div>","protected":false},"excerpt":{"rendered":"<p class=\"detailTitle\">Projecteur puissant, \u00e9tanche et empilable de 10000 lumens<\/p>","protected":false},"featured_media":11915,"template":"","meta":[],"product_brand":[144],"product_cat":[462,464,465,48,80],"product_tag":[350],"class_list":{"0":"post-11912","1":"product","2":"type-product","3":"status-publish","4":"has-post-thumbnail","6":"product_brand-streamlight","7":"product_cat-emergency-preparedness","8":"product_cat-flood","9":"product_cat-hurricane","10":"product_cat-lighting","11":"product_cat-scene-lighting","12":"product_tag-streamlight","14":"first","15":"instock","16":"shipping-taxable","17":"product-type-simple"},"yoast_head":"<!-- This site is optimized with the Yoast SEO plugin v27.4 - https:\/\/yoast.com\/product\/yoast-seo-wordpress\/ -->\n<title>Super Bright LED Portable Scene Light II - Safety Source Fire<\/title>\n<meta name=\"robots\" content=\"index, follow, max-snippet:-1, max-image-preview:large, max-video-preview:-1\" \/>\n<link rel=\"canonical\" href=\"https:\/\/safetysourcefire.ca\/fr\/?product=super-bright-led-portable-scene-light-ii\" \/>\n<meta property=\"og:locale\" content=\"fr_CA\" \/>\n<meta property=\"og:type\" content=\"article\" \/>\n<meta property=\"og:title\" content=\"Super Bright LED Portable Scene Light II - Safety Source Fire\" \/>\n<meta property=\"og:description\" content=\"Powerful 10,000 Lumen Waterproof and Stackable Flood Light\" \/>\n<meta property=\"og:url\" content=\"https:\/\/safetysourcefire.ca\/fr\/?product=super-bright-led-portable-scene-light-ii\" \/>\n<meta property=\"og:site_name\" content=\"Safety Source Fire\" \/>\n<meta property=\"article:publisher\" content=\"https:\/\/www.facebook.com\/mmfssca\" \/>\n<meta property=\"article:modified_time\" content=\"2021-09-30T15:01:28+00:00\" \/>\n<meta property=\"og:image\" content=\"https:\/\/safetysourcefire.ca\/wp-content\/uploads\/2019\/10\/psl-ii_main-image.jpg\" \/>\n\t<meta property=\"og:image:width\" content=\"600\" \/>\n\t<meta property=\"og:image:height\" content=\"600\" \/>\n\t<meta property=\"og:image:type\" content=\"image\/jpeg\" \/>\n<meta name=\"twitter:card\" content=\"summary_large_image\" \/>\n<meta name=\"twitter:site\" content=\"@mmfssca\" \/>\n<meta name=\"twitter:label1\" content=\"Estimation du temps de lecture\" \/>\n\t<meta name=\"twitter:data1\" content=\"1 minute\" \/>\n<script type=\"application\/ld+json\" class=\"yoast-schema-graph\">{\"@context\":\"https:\\\/\\\/schema.org\",\"@graph\":[{\"@type\":\"WebPage\",\"@id\":\"https:\\\/\\\/safetysourcefire.ca\\\/?product=super-bright-led-portable-scene-light-ii\",\"url\":\"https:\\\/\\\/safetysourcefire.ca\\\/?product=super-bright-led-portable-scene-light-ii\",\"name\":\"Super Bright LED Portable Scene Light II - Safety Source Fire\",\"isPartOf\":{\"@id\":\"https:\\\/\\\/safetysourcefire.ca\\\/#website\"},\"primaryImageOfPage\":{\"@id\":\"https:\\\/\\\/safetysourcefire.ca\\\/?product=super-bright-led-portable-scene-light-ii#primaryimage\"},\"image\":{\"@id\":\"https:\\\/\\\/safetysourcefire.ca\\\/?product=super-bright-led-portable-scene-light-ii#primaryimage\"},\"thumbnailUrl\":\"https:\\\/\\\/safetysourcefire.ca\\\/wp-content\\\/uploads\\\/2019\\\/10\\\/psl-ii_main-image.jpg\",\"datePublished\":\"2019-10-31T19:18:13+00:00\",\"dateModified\":\"2021-09-30T15:01:28+00:00\",\"breadcrumb\":{\"@id\":\"https:\\\/\\\/safetysourcefire.ca\\\/?product=super-bright-led-portable-scene-light-ii#breadcrumb\"},\"inLanguage\":\"fr-CA\",\"potentialAction\":[{\"@type\":\"ReadAction\",\"target\":[\"https:\\\/\\\/safetysourcefire.ca\\\/?product=super-bright-led-portable-scene-light-ii\"]}]},{\"@type\":\"ImageObject\",\"inLanguage\":\"fr-CA\",\"@id\":\"https:\\\/\\\/safetysourcefire.ca\\\/?product=super-bright-led-portable-scene-light-ii#primaryimage\",\"url\":\"https:\\\/\\\/safetysourcefire.ca\\\/wp-content\\\/uploads\\\/2019\\\/10\\\/psl-ii_main-image.jpg\",\"contentUrl\":\"https:\\\/\\\/safetysourcefire.ca\\\/wp-content\\\/uploads\\\/2019\\\/10\\\/psl-ii_main-image.jpg\",\"width\":600,\"height\":600},{\"@type\":\"BreadcrumbList\",\"@id\":\"https:\\\/\\\/safetysourcefire.ca\\\/?product=super-bright-led-portable-scene-light-ii#breadcrumb\",\"itemListElement\":[{\"@type\":\"ListItem\",\"position\":1,\"name\":\"Home\",\"item\":\"https:\\\/\\\/safetysourcefire.ca\\\/\"},{\"@type\":\"ListItem\",\"position\":2,\"name\":\"Products\",\"item\":\"https:\\\/\\\/safetysourcefire.ca\\\/shop\\\/\"},{\"@type\":\"ListItem\",\"position\":3,\"name\":\"Super Bright LED Portable Scene Light II\"}]},{\"@type\":\"WebSite\",\"@id\":\"https:\\\/\\\/safetysourcefire.ca\\\/#website\",\"url\":\"https:\\\/\\\/safetysourcefire.ca\\\/\",\"name\":\"Safety Source Fire\",\"description\":\"\",\"publisher\":{\"@id\":\"https:\\\/\\\/safetysourcefire.ca\\\/#organization\"},\"potentialAction\":[{\"@type\":\"SearchAction\",\"target\":{\"@type\":\"EntryPoint\",\"urlTemplate\":\"https:\\\/\\\/safetysourcefire.ca\\\/?s={search_term_string}\"},\"query-input\":{\"@type\":\"PropertyValueSpecification\",\"valueRequired\":true,\"valueName\":\"search_term_string\"}}],\"inLanguage\":\"fr-CA\"},{\"@type\":\"Organization\",\"@id\":\"https:\\\/\\\/safetysourcefire.ca\\\/#organization\",\"name\":\"Safety Source Fire\",\"url\":\"https:\\\/\\\/safetysourcefire.ca\\\/\",\"logo\":{\"@type\":\"ImageObject\",\"inLanguage\":\"fr-CA\",\"@id\":\"https:\\\/\\\/safetysourcefire.ca\\\/#\\\/schema\\\/logo\\\/image\\\/\",\"url\":\"https:\\\/\\\/safetysourcefire.ca\\\/wp-content\\\/uploads\\\/2021\\\/01\\\/SSF_logo_CC0000-3.png\",\"contentUrl\":\"https:\\\/\\\/safetysourcefire.ca\\\/wp-content\\\/uploads\\\/2021\\\/01\\\/SSF_logo_CC0000-3.png\",\"width\":1107,\"height\":365,\"caption\":\"Safety Source Fire\"},\"image\":{\"@id\":\"https:\\\/\\\/safetysourcefire.ca\\\/#\\\/schema\\\/logo\\\/image\\\/\"},\"sameAs\":[\"https:\\\/\\\/www.facebook.com\\\/mmfssca\",\"https:\\\/\\\/x.com\\\/mmfssca\"]}]}<\/script>\n<!-- \/ Yoast SEO plugin. -->","yoast_head_json":{"title":"\u00c9clairage de sc\u00e8ne portable \u00e0 LED ultra-lumineux II - Source de s\u00e9curit\u00e9 incendie","robots":{"index":"index","follow":"follow","max-snippet":"max-snippet:-1","max-image-preview":"max-image-preview:large","max-video-preview":"max-video-preview:-1"},"canonical":"https:\/\/safetysourcefire.ca\/fr\/?product=super-bright-led-portable-scene-light-ii","og_locale":"fr_CA","og_type":"article","og_title":"Super Bright LED Portable Scene Light II - Safety Source Fire","og_description":"Powerful 10,000 Lumen Waterproof and Stackable Flood Light","og_url":"https:\/\/safetysourcefire.ca\/fr\/?product=super-bright-led-portable-scene-light-ii","og_site_name":"Safety Source Fire","article_publisher":"https:\/\/www.facebook.com\/mmfssca","article_modified_time":"2021-09-30T15:01:28+00:00","og_image":[{"width":600,"height":600,"url":"https:\/\/safetysourcefire.ca\/wp-content\/uploads\/2019\/10\/psl-ii_main-image.jpg","type":"image\/jpeg"}],"twitter_card":"summary_large_image","twitter_site":"@mmfssca","twitter_misc":{"Estimation du temps de lecture":"1 minute"},"schema":{"@context":"https:\/\/schema.org","@graph":[{"@type":"WebPage","@id":"https:\/\/safetysourcefire.ca\/?product=super-bright-led-portable-scene-light-ii","url":"https:\/\/safetysourcefire.ca\/?product=super-bright-led-portable-scene-light-ii","name":"\u00c9clairage de sc\u00e8ne portable \u00e0 LED ultra-lumineux II - Source de s\u00e9curit\u00e9 incendie","isPartOf":{"@id":"https:\/\/safetysourcefire.ca\/#website"},"primaryImageOfPage":{"@id":"https:\/\/safetysourcefire.ca\/?product=super-bright-led-portable-scene-light-ii#primaryimage"},"image":{"@id":"https:\/\/safetysourcefire.ca\/?product=super-bright-led-portable-scene-light-ii#primaryimage"},"thumbnailUrl":"https:\/\/safetysourcefire.ca\/wp-content\/uploads\/2019\/10\/psl-ii_main-image.jpg","datePublished":"2019-10-31T19:18:13+00:00","dateModified":"2021-09-30T15:01:28+00:00","breadcrumb":{"@id":"https:\/\/safetysourcefire.ca\/?product=super-bright-led-portable-scene-light-ii#breadcrumb"},"inLanguage":"fr-CA","potentialAction":[{"@type":"ReadAction","target":["https:\/\/safetysourcefire.ca\/?product=super-bright-led-portable-scene-light-ii"]}]},{"@type":"ImageObject","inLanguage":"fr-CA","@id":"https:\/\/safetysourcefire.ca\/?product=super-bright-led-portable-scene-light-ii#primaryimage","url":"https:\/\/safetysourcefire.ca\/wp-content\/uploads\/2019\/10\/psl-ii_main-image.jpg","contentUrl":"https:\/\/safetysourcefire.ca\/wp-content\/uploads\/2019\/10\/psl-ii_main-image.jpg","width":600,"height":600},{"@type":"BreadcrumbList","@id":"https:\/\/safetysourcefire.ca\/?product=super-bright-led-portable-scene-light-ii#breadcrumb","itemListElement":[{"@type":"ListItem","position":1,"name":"Home","item":"https:\/\/safetysourcefire.ca\/"},{"@type":"ListItem","position":2,"name":"Products","item":"https:\/\/safetysourcefire.ca\/shop\/"},{"@type":"ListItem","position":3,"name":"Super Bright LED Portable Scene Light II"}]},{"@type":"WebSite","@id":"https:\/\/safetysourcefire.ca\/#website","url":"https:\/\/safetysourcefire.ca\/","name":"Safety Source Fire","description":"","publisher":{"@id":"https:\/\/safetysourcefire.ca\/#organization"},"potentialAction":[{"@type":"SearchAction","target":{"@type":"EntryPoint","urlTemplate":"https:\/\/safetysourcefire.ca\/?s={search_term_string}"},"query-input":{"@type":"PropertyValueSpecification","valueRequired":true,"valueName":"search_term_string"}}],"inLanguage":"fr-CA"},{"@type":"Organization","@id":"https:\/\/safetysourcefire.ca\/#organization","name":"Safety Source Fire","url":"https:\/\/safetysourcefire.ca\/","logo":{"@type":"ImageObject","inLanguage":"fr-CA","@id":"https:\/\/safetysourcefire.ca\/#\/schema\/logo\/image\/","url":"https:\/\/safetysourcefire.ca\/wp-content\/uploads\/2021\/01\/SSF_logo_CC0000-3.png","contentUrl":"https:\/\/safetysourcefire.ca\/wp-content\/uploads\/2021\/01\/SSF_logo_CC0000-3.png","width":1107,"height":365,"caption":"Safety Source Fire"},"image":{"@id":"https:\/\/safetysourcefire.ca\/#\/schema\/logo\/image\/"},"sameAs":["https:\/\/www.facebook.com\/mmfssca","https:\/\/x.com\/mmfssca"]}]}},"_links":{"self":[{"href":"https:\/\/safetysourcefire.ca\/fr\/wp-json\/wp\/v2\/product\/11912","targetHints":{"allow":["GET"]}}],"collection":[{"href":"https:\/\/safetysourcefire.ca\/fr\/wp-json\/wp\/v2\/product"}],"about":[{"href":"https:\/\/safetysourcefire.ca\/fr\/wp-json\/wp\/v2\/types\/product"}],"wp:featuredmedia":[{"embeddable":true,"href":"https:\/\/safetysourcefire.ca\/fr\/wp-json\/wp\/v2\/media\/11915"}],"wp:attachment":[{"href":"https:\/\/safetysourcefire.ca\/fr\/wp-json\/wp\/v2\/media?parent=11912"}],"wp:term":[{"taxonomy":"product_brand","embeddable":true,"href":"https:\/\/safetysourcefire.ca\/fr\/wp-json\/wp\/v2\/product_brand?post=11912"},{"taxonomy":"product_cat","embeddable":true,"href":"https:\/\/safetysourcefire.ca\/fr\/wp-json\/wp\/v2\/product_cat?post=11912"},{"taxonomy":"product_tag","embeddable":true,"href":"https:\/\/safetysourcefire.ca\/fr\/wp-json\/wp\/v2\/product_tag?post=11912"}],"curies":[{"name":"wp","href":"https:\/\/api.w.org\/{rel}","templated":true}]}}