{"id":1293,"date":"2017-05-12T18:07:19","date_gmt":"2017-05-12T18:07:19","guid":{"rendered":"http:\/\/mmfss.ca\/?post_type=product&#038;p=1293"},"modified":"2021-04-26T22:02:35","modified_gmt":"2021-04-26T22:02:35","slug":"magnum-hose-line-and-fire-extingisher-trainer","status":"publish","type":"product","link":"https:\/\/safetysourcefire.ca\/fr\/produit\/magnum-hose-line-and-fire-extingisher-trainer\/","title":{"rendered":"Syst\u00e8me de formation avec tuyau Magnum et extincteur"},"content":{"rendered":"<p>La construction renforc\u00e9e et les composants robustes signifient que vous pouvez cr\u00e9er les sc\u00e9narios les plus intenses auxquels vous pouvez imaginer. Mettez vos pompiers au d\u00e9fi de combattre le Magnum Fire Training System avec des extincteurs ou des tuyaux flexibles pour une formation pratique \u00e0 grande \u00e9chelle. Avec une puissance de 2,8 millions de BTU, vos stagiaires ressentent la chaleur et apprennent \u00e0 r\u00e9agir. Les commandes intelligentes arr\u00eatent le propane et l'auto-allumage uniquement si le feu est compl\u00e8tement \u00e9teint. Magnum est suffisamment robuste pour g\u00e9rer un tuyau flexible \u2014 suffisamment intelligent pour \u00eatre un produit BullEx.<\/p>\n<p>&nbsp;<\/p>\n<p><strong>Fonctionnalit\u00e9s:<\/strong><\/p>\n<ul>\n<li>Commande centrale - Le programme pilote de qualit\u00e9 industrielle est situ\u00e9e au centre du syst\u00e8me, permettant un allumage rapide et une zone de combustion maximale. Le centre de pilotage Magnum utilise le m\u00eame syst\u00e8me d'allumage que les installations de formation \u00e0 grande \u00e9chelle des pompiers.<\/li>\n<li>S\u00e9lection du type de flamme \u2013 Les br\u00fbleurs doubles permettent aux instructeurs de choisir entre les feux \u00e0 vapeur sous pression et les feux \u00e0 surface liquide. Les feux de vapeur sous pression sont cr\u00e9\u00e9s par l'allumage direct du propane, et les feux de surfaces liquides sont cr\u00e9\u00e9s avec des br\u00fbleurs \u00e0 l'eau.<\/li>\n<li>Commandes intelligentes - Si le stagiaire \u00e9teint compl\u00e8tement les flammes, des capteurs arr\u00eatent le syst\u00e8me, signalant ainsi un sc\u00e9nario r\u00e9ussi.<\/li>\n<li>Accessoires d'incendie - Des accessoires en acier inoxydable peuvent \u00eatre utilis\u00e9s avec Magnum pour recr\u00e9er divers sc\u00e9narios d'incendie. Les accessoires disponibles incluent les \u00e9crans d'ordinateur, un accessoire de moteur \u00e9lectrique et un accessoire pour les feux de poubelles.<\/li>\n<\/ul>\n<p>&nbsp;<\/p>\n<p><strong>FONCTIONNEMENT<\/strong><\/p>\n<p>Jamais un entra\u00eenement aussi intense n'a \u00e9t\u00e9 aussi simple. Les roues int\u00e9gr\u00e9es et la configuration facile vous permettent de cr\u00e9er rapidement des sc\u00e9narios d'entra\u00eenement stimulants qui peuvent \u00eatre r\u00e9p\u00e9t\u00e9s \u00e0 l'infini. Les commandes intelligentes arr\u00eatent le propane et l'auto-allumage uniquement si le feu est compl\u00e8tement \u00e9teint, pour une formation pr\u00e9cise et compl\u00e8te. Les accessoires en acier inoxydable peuvent \u00eatre utilis\u00e9s avec Magnum pour recr\u00e9er diff\u00e9rents sc\u00e9narios d'incendie. Les accessoires disponibles incluent : accessoire de moniteur d'ordinateur, accessoire de moteur \u00e9lectrique et accessoire de poubelle.<\/p>\n<p>Magnum contient 2,8 millions de BTU pour des \u00e9volutions d'entra\u00eenement intenses, des formations stimulantes avec une grande zone de combustion et des flammes pouvant aller jusqu'\u00e0 neuf pieds de hauteur.<\/p>\n<p>&nbsp;<\/p>","protected":false},"excerpt":{"rendered":"<p>Magnum est un syst\u00e8me de formation au feu con\u00e7u pour r\u00e9pondre aux exigences de la formation avanc\u00e9e sur les extincteurs et les tuyaux flexibles.<\/p>","protected":false},"featured_media":1259,"template":"","meta":[],"product_brand":[421],"product_cat":[509,140,515,57],"product_tag":[266,493],"class_list":{"0":"post-1293","1":"product","2":"type-product","3":"status-publish","4":"has-post-thumbnail","6":"product_brand-lion","7":"product_cat-lion-firefighter-training-props","8":"product_cat-live-fire","9":"product_cat-live-fire-training-props","10":"product_cat-training-products","11":"product_tag-bullex","12":"product_tag-lion","14":"first","15":"instock","16":"shipping-taxable","17":"product-type-simple"},"yoast_head":"<!-- This site is optimized with the Yoast SEO plugin v27.4 - https:\/\/yoast.com\/product\/yoast-seo-wordpress\/ -->\n<title>Magnum Hose Line and Fire Extingisher Trainer - Safety Source Fire<\/title>\n<meta name=\"robots\" content=\"index, follow, max-snippet:-1, max-image-preview:large, max-video-preview:-1\" \/>\n<link rel=\"canonical\" href=\"https:\/\/safetysourcefire.ca\/fr\/?product=magnum-hose-line-and-fire-extingisher-trainer\" \/>\n<meta property=\"og:locale\" content=\"fr_CA\" \/>\n<meta property=\"og:type\" content=\"article\" \/>\n<meta property=\"og:title\" content=\"Magnum Hose Line and Fire Extingisher Trainer - Safety Source Fire\" \/>\n<meta property=\"og:description\" content=\"Magnum is a fire training system designed to handle the requirements of advanced fire extinguisher and hose line training.\" \/>\n<meta property=\"og:url\" content=\"https:\/\/safetysourcefire.ca\/fr\/?product=magnum-hose-line-and-fire-extingisher-trainer\" \/>\n<meta property=\"og:site_name\" content=\"Safety Source Fire\" \/>\n<meta property=\"article:publisher\" content=\"https:\/\/www.facebook.com\/mmfssca\" \/>\n<meta property=\"article:modified_time\" content=\"2021-04-26T22:02:35+00:00\" \/>\n<meta property=\"og:image\" content=\"https:\/\/safetysourcefire.ca\/wp-content\/uploads\/2017\/05\/Magnum-3.jpg\" \/>\n\t<meta property=\"og:image:width\" content=\"600\" \/>\n\t<meta property=\"og:image:height\" content=\"600\" \/>\n\t<meta property=\"og:image:type\" content=\"image\/jpeg\" \/>\n<meta name=\"twitter:card\" content=\"summary_large_image\" \/>\n<meta name=\"twitter:site\" content=\"@mmfssca\" \/>\n<meta name=\"twitter:label1\" content=\"Estimation du temps de lecture\" \/>\n\t<meta name=\"twitter:data1\" content=\"2 minutes\" \/>\n<script type=\"application\/ld+json\" class=\"yoast-schema-graph\">{\"@context\":\"https:\\\/\\\/schema.org\",\"@graph\":[{\"@type\":\"WebPage\",\"@id\":\"https:\\\/\\\/safetysourcefire.ca\\\/?product=magnum-hose-line-and-fire-extingisher-trainer\",\"url\":\"https:\\\/\\\/safetysourcefire.ca\\\/?product=magnum-hose-line-and-fire-extingisher-trainer\",\"name\":\"Magnum Hose Line and Fire Extingisher Trainer - Safety Source Fire\",\"isPartOf\":{\"@id\":\"https:\\\/\\\/safetysourcefire.ca\\\/#website\"},\"primaryImageOfPage\":{\"@id\":\"https:\\\/\\\/safetysourcefire.ca\\\/?product=magnum-hose-line-and-fire-extingisher-trainer#primaryimage\"},\"image\":{\"@id\":\"https:\\\/\\\/safetysourcefire.ca\\\/?product=magnum-hose-line-and-fire-extingisher-trainer#primaryimage\"},\"thumbnailUrl\":\"https:\\\/\\\/safetysourcefire.ca\\\/wp-content\\\/uploads\\\/2017\\\/05\\\/Magnum-3.jpg\",\"datePublished\":\"2017-05-12T18:07:19+00:00\",\"dateModified\":\"2021-04-26T22:02:35+00:00\",\"breadcrumb\":{\"@id\":\"https:\\\/\\\/safetysourcefire.ca\\\/?product=magnum-hose-line-and-fire-extingisher-trainer#breadcrumb\"},\"inLanguage\":\"fr-CA\",\"potentialAction\":[{\"@type\":\"ReadAction\",\"target\":[\"https:\\\/\\\/safetysourcefire.ca\\\/?product=magnum-hose-line-and-fire-extingisher-trainer\"]}]},{\"@type\":\"ImageObject\",\"inLanguage\":\"fr-CA\",\"@id\":\"https:\\\/\\\/safetysourcefire.ca\\\/?product=magnum-hose-line-and-fire-extingisher-trainer#primaryimage\",\"url\":\"https:\\\/\\\/safetysourcefire.ca\\\/wp-content\\\/uploads\\\/2017\\\/05\\\/Magnum-3.jpg\",\"contentUrl\":\"https:\\\/\\\/safetysourcefire.ca\\\/wp-content\\\/uploads\\\/2017\\\/05\\\/Magnum-3.jpg\",\"width\":600,\"height\":600,\"caption\":\"MAGNUM HOSE LINE AND FIRE EXTINGUISHER TRAINER\"},{\"@type\":\"BreadcrumbList\",\"@id\":\"https:\\\/\\\/safetysourcefire.ca\\\/?product=magnum-hose-line-and-fire-extingisher-trainer#breadcrumb\",\"itemListElement\":[{\"@type\":\"ListItem\",\"position\":1,\"name\":\"Home\",\"item\":\"https:\\\/\\\/safetysourcefire.ca\\\/\"},{\"@type\":\"ListItem\",\"position\":2,\"name\":\"Products\",\"item\":\"https:\\\/\\\/safetysourcefire.ca\\\/shop\\\/\"},{\"@type\":\"ListItem\",\"position\":3,\"name\":\"Magnum Hose Line and Fire Extingisher Trainer\"}]},{\"@type\":\"WebSite\",\"@id\":\"https:\\\/\\\/safetysourcefire.ca\\\/#website\",\"url\":\"https:\\\/\\\/safetysourcefire.ca\\\/\",\"name\":\"Safety Source Fire\",\"description\":\"\",\"publisher\":{\"@id\":\"https:\\\/\\\/safetysourcefire.ca\\\/#organization\"},\"potentialAction\":[{\"@type\":\"SearchAction\",\"target\":{\"@type\":\"EntryPoint\",\"urlTemplate\":\"https:\\\/\\\/safetysourcefire.ca\\\/?s={search_term_string}\"},\"query-input\":{\"@type\":\"PropertyValueSpecification\",\"valueRequired\":true,\"valueName\":\"search_term_string\"}}],\"inLanguage\":\"fr-CA\"},{\"@type\":\"Organization\",\"@id\":\"https:\\\/\\\/safetysourcefire.ca\\\/#organization\",\"name\":\"Safety Source Fire\",\"url\":\"https:\\\/\\\/safetysourcefire.ca\\\/\",\"logo\":{\"@type\":\"ImageObject\",\"inLanguage\":\"fr-CA\",\"@id\":\"https:\\\/\\\/safetysourcefire.ca\\\/#\\\/schema\\\/logo\\\/image\\\/\",\"url\":\"https:\\\/\\\/safetysourcefire.ca\\\/wp-content\\\/uploads\\\/2021\\\/01\\\/SSF_logo_CC0000-3.png\",\"contentUrl\":\"https:\\\/\\\/safetysourcefire.ca\\\/wp-content\\\/uploads\\\/2021\\\/01\\\/SSF_logo_CC0000-3.png\",\"width\":1107,\"height\":365,\"caption\":\"Safety Source Fire\"},\"image\":{\"@id\":\"https:\\\/\\\/safetysourcefire.ca\\\/#\\\/schema\\\/logo\\\/image\\\/\"},\"sameAs\":[\"https:\\\/\\\/www.facebook.com\\\/mmfssca\",\"https:\\\/\\\/x.com\\\/mmfssca\"]}]}<\/script>\n<!-- \/ Yoast SEO plugin. -->","yoast_head_json":{"title":"Simulateur de conduite d&#039;incendie et d&#039;extincteur Magnum - Safety Source Fire","robots":{"index":"index","follow":"follow","max-snippet":"max-snippet:-1","max-image-preview":"max-image-preview:large","max-video-preview":"max-video-preview:-1"},"canonical":"https:\/\/safetysourcefire.ca\/fr\/?product=magnum-hose-line-and-fire-extingisher-trainer","og_locale":"fr_CA","og_type":"article","og_title":"Magnum Hose Line and Fire Extingisher Trainer - Safety Source Fire","og_description":"Magnum is a fire training system designed to handle the requirements of advanced fire extinguisher and hose line training.","og_url":"https:\/\/safetysourcefire.ca\/fr\/?product=magnum-hose-line-and-fire-extingisher-trainer","og_site_name":"Safety Source Fire","article_publisher":"https:\/\/www.facebook.com\/mmfssca","article_modified_time":"2021-04-26T22:02:35+00:00","og_image":[{"width":600,"height":600,"url":"https:\/\/safetysourcefire.ca\/wp-content\/uploads\/2017\/05\/Magnum-3.jpg","type":"image\/jpeg"}],"twitter_card":"summary_large_image","twitter_site":"@mmfssca","twitter_misc":{"Estimation du temps de lecture":"2 minutes"},"schema":{"@context":"https:\/\/schema.org","@graph":[{"@type":"WebPage","@id":"https:\/\/safetysourcefire.ca\/?product=magnum-hose-line-and-fire-extingisher-trainer","url":"https:\/\/safetysourcefire.ca\/?product=magnum-hose-line-and-fire-extingisher-trainer","name":"Simulateur de conduite d&#039;incendie et d&#039;extincteur Magnum - Safety Source Fire","isPartOf":{"@id":"https:\/\/safetysourcefire.ca\/#website"},"primaryImageOfPage":{"@id":"https:\/\/safetysourcefire.ca\/?product=magnum-hose-line-and-fire-extingisher-trainer#primaryimage"},"image":{"@id":"https:\/\/safetysourcefire.ca\/?product=magnum-hose-line-and-fire-extingisher-trainer#primaryimage"},"thumbnailUrl":"https:\/\/safetysourcefire.ca\/wp-content\/uploads\/2017\/05\/Magnum-3.jpg","datePublished":"2017-05-12T18:07:19+00:00","dateModified":"2021-04-26T22:02:35+00:00","breadcrumb":{"@id":"https:\/\/safetysourcefire.ca\/?product=magnum-hose-line-and-fire-extingisher-trainer#breadcrumb"},"inLanguage":"fr-CA","potentialAction":[{"@type":"ReadAction","target":["https:\/\/safetysourcefire.ca\/?product=magnum-hose-line-and-fire-extingisher-trainer"]}]},{"@type":"ImageObject","inLanguage":"fr-CA","@id":"https:\/\/safetysourcefire.ca\/?product=magnum-hose-line-and-fire-extingisher-trainer#primaryimage","url":"https:\/\/safetysourcefire.ca\/wp-content\/uploads\/2017\/05\/Magnum-3.jpg","contentUrl":"https:\/\/safetysourcefire.ca\/wp-content\/uploads\/2017\/05\/Magnum-3.jpg","width":600,"height":600,"caption":"MAGNUM HOSE LINE AND FIRE EXTINGUISHER TRAINER"},{"@type":"BreadcrumbList","@id":"https:\/\/safetysourcefire.ca\/?product=magnum-hose-line-and-fire-extingisher-trainer#breadcrumb","itemListElement":[{"@type":"ListItem","position":1,"name":"Home","item":"https:\/\/safetysourcefire.ca\/"},{"@type":"ListItem","position":2,"name":"Products","item":"https:\/\/safetysourcefire.ca\/shop\/"},{"@type":"ListItem","position":3,"name":"Magnum Hose Line and Fire Extingisher Trainer"}]},{"@type":"WebSite","@id":"https:\/\/safetysourcefire.ca\/#website","url":"https:\/\/safetysourcefire.ca\/","name":"Safety Source Fire","description":"","publisher":{"@id":"https:\/\/safetysourcefire.ca\/#organization"},"potentialAction":[{"@type":"SearchAction","target":{"@type":"EntryPoint","urlTemplate":"https:\/\/safetysourcefire.ca\/?s={search_term_string}"},"query-input":{"@type":"PropertyValueSpecification","valueRequired":true,"valueName":"search_term_string"}}],"inLanguage":"fr-CA"},{"@type":"Organization","@id":"https:\/\/safetysourcefire.ca\/#organization","name":"Safety Source Fire","url":"https:\/\/safetysourcefire.ca\/","logo":{"@type":"ImageObject","inLanguage":"fr-CA","@id":"https:\/\/safetysourcefire.ca\/#\/schema\/logo\/image\/","url":"https:\/\/safetysourcefire.ca\/wp-content\/uploads\/2021\/01\/SSF_logo_CC0000-3.png","contentUrl":"https:\/\/safetysourcefire.ca\/wp-content\/uploads\/2021\/01\/SSF_logo_CC0000-3.png","width":1107,"height":365,"caption":"Safety Source Fire"},"image":{"@id":"https:\/\/safetysourcefire.ca\/#\/schema\/logo\/image\/"},"sameAs":["https:\/\/www.facebook.com\/mmfssca","https:\/\/x.com\/mmfssca"]}]}},"_links":{"self":[{"href":"https:\/\/safetysourcefire.ca\/fr\/wp-json\/wp\/v2\/product\/1293","targetHints":{"allow":["GET"]}}],"collection":[{"href":"https:\/\/safetysourcefire.ca\/fr\/wp-json\/wp\/v2\/product"}],"about":[{"href":"https:\/\/safetysourcefire.ca\/fr\/wp-json\/wp\/v2\/types\/product"}],"wp:featuredmedia":[{"embeddable":true,"href":"https:\/\/safetysourcefire.ca\/fr\/wp-json\/wp\/v2\/media\/1259"}],"wp:attachment":[{"href":"https:\/\/safetysourcefire.ca\/fr\/wp-json\/wp\/v2\/media?parent=1293"}],"wp:term":[{"taxonomy":"product_brand","embeddable":true,"href":"https:\/\/safetysourcefire.ca\/fr\/wp-json\/wp\/v2\/product_brand?post=1293"},{"taxonomy":"product_cat","embeddable":true,"href":"https:\/\/safetysourcefire.ca\/fr\/wp-json\/wp\/v2\/product_cat?post=1293"},{"taxonomy":"product_tag","embeddable":true,"href":"https:\/\/safetysourcefire.ca\/fr\/wp-json\/wp\/v2\/product_tag?post=1293"}],"curies":[{"name":"wp","href":"https:\/\/api.w.org\/{rel}","templated":true}]}}