{"id":1294,"date":"2017-05-12T18:11:01","date_gmt":"2017-05-12T18:11:01","guid":{"rendered":"http:\/\/mmfss.ca\/?post_type=product&#038;p=1294"},"modified":"2018-03-19T14:17:20","modified_gmt":"2018-03-19T14:17:20","slug":"i-a-f-f-rescue-randy-with-additional-reinforcement","status":"publish","type":"product","link":"https:\/\/safetysourcefire.ca\/fr\/produit\/i-a-f-f-rescue-randy-with-additional-reinforcement\/","title":{"rendered":"I.A.F.F. Rescue Randy (avec renfort)"},"content":{"rendered":"<p>Con\u00e7u avec l'aide de l'Association internationale des pompiers, ce mannequin peut \u00eatre utilis\u00e9 en toute s\u00e9curit\u00e9 dans des situations trop dangereuses ou inconfortables pour des volontaires humains. Fabriqu\u00e9 en vinyle moul\u00e9 r\u00e9sistant avec cadre en acier zingu\u00e9 pour une long\u00e9vit\u00e9 et une utilisation robuste. Le mannequin est enti\u00e8rement articul\u00e9 pour se positionner dans des environnements d'entra\u00eenement tr\u00e8s diversifi\u00e9s. Le mannequin peut \u00eatre assis dans une automobile, plac\u00e9 dans une pi\u00e8ce remplie de fum\u00e9e et immobilis\u00e9 sur une civi\u00e8re pour les sc\u00e9narios de sauvetage en montagne. Utilis\u00e9 par les services militaires, d'incendie et de police des \u00c9tats-Unis, les \u00e9quipes de s\u00e9curit\u00e9 et le personnel d'urgence pour le sauvetage et la d\u00e9sincarc\u00e9ration des sommets, des espaces confin\u00e9s, des b\u00e2timents effondr\u00e9s, des endroits enfum\u00e9s et des protocoles de transport d'\u00e9chelles dans le monde entier. Fabriqu\u00e9 en vinyle durable. Les caract\u00e9ristiques comprennent\u00a0: des articulations articul\u00e9es et une r\u00e9partition du poids selon le tableau de r\u00e9partition du poids humain. V\u00eatements non inclus. 6 pieds de haut. Garantie de trois ans.<\/p>","protected":false},"excerpt":{"rendered":"<p>D\u00e9velopp\u00e9 pour une formation r\u00e9aliste \u00e0 la manipulation, au transport et \u00e0 la d\u00e9sincarc\u00e9ration des patients adultes ou juv\u00e9niles.<\/p>","protected":false},"featured_media":1266,"template":"","meta":[],"product_brand":[167],"product_cat":[166,57],"product_tag":[343],"class_list":{"0":"post-1294","1":"product","2":"type-product","3":"status-publish","4":"has-post-thumbnail","6":"product_brand-simulaids","7":"product_cat-training-dummies","8":"product_cat-training-products","9":"product_tag-simulaids","11":"first","12":"instock","13":"shipping-taxable","14":"product-type-simple"},"yoast_head":"<!-- This site is optimized with the Yoast SEO plugin v27.4 - https:\/\/yoast.com\/product\/yoast-seo-wordpress\/ -->\n<title>I.A.F.F. Rescue Randy (with Additional Reinforcement) - Safety Source Fire<\/title>\n<meta name=\"robots\" content=\"index, follow, max-snippet:-1, max-image-preview:large, max-video-preview:-1\" \/>\n<link rel=\"canonical\" href=\"https:\/\/safetysourcefire.ca\/fr\/?product=i-a-f-f-rescue-randy-with-additional-reinforcement\" \/>\n<meta property=\"og:locale\" content=\"fr_CA\" \/>\n<meta property=\"og:type\" content=\"article\" \/>\n<meta property=\"og:title\" content=\"I.A.F.F. Rescue Randy (with Additional Reinforcement) - Safety Source Fire\" \/>\n<meta property=\"og:description\" content=\"Developed for lifelike adult or juvenile patient handling, transportation, and extrication training.\" \/>\n<meta property=\"og:url\" content=\"https:\/\/safetysourcefire.ca\/fr\/?product=i-a-f-f-rescue-randy-with-additional-reinforcement\" \/>\n<meta property=\"og:site_name\" content=\"Safety Source Fire\" \/>\n<meta property=\"article:publisher\" content=\"https:\/\/www.facebook.com\/mmfssca\" \/>\n<meta property=\"article:modified_time\" content=\"2018-03-19T14:17:20+00:00\" \/>\n<meta property=\"og:image\" content=\"https:\/\/safetysourcefire.ca\/wp-content\/uploads\/2017\/05\/SB32238U-1.jpg\" \/>\n\t<meta property=\"og:image:width\" content=\"600\" \/>\n\t<meta property=\"og:image:height\" content=\"600\" \/>\n\t<meta property=\"og:image:type\" content=\"image\/jpeg\" \/>\n<meta name=\"twitter:card\" content=\"summary_large_image\" \/>\n<meta name=\"twitter:site\" content=\"@mmfssca\" \/>\n<meta name=\"twitter:label1\" content=\"Estimation du temps de lecture\" \/>\n\t<meta name=\"twitter:data1\" content=\"1 minute\" \/>\n<script type=\"application\/ld+json\" class=\"yoast-schema-graph\">{\"@context\":\"https:\\\/\\\/schema.org\",\"@graph\":[{\"@type\":\"WebPage\",\"@id\":\"https:\\\/\\\/safetysourcefire.ca\\\/?product=i-a-f-f-rescue-randy-with-additional-reinforcement\",\"url\":\"https:\\\/\\\/safetysourcefire.ca\\\/?product=i-a-f-f-rescue-randy-with-additional-reinforcement\",\"name\":\"I.A.F.F. Rescue Randy (with Additional Reinforcement) - Safety Source Fire\",\"isPartOf\":{\"@id\":\"https:\\\/\\\/safetysourcefire.ca\\\/#website\"},\"primaryImageOfPage\":{\"@id\":\"https:\\\/\\\/safetysourcefire.ca\\\/?product=i-a-f-f-rescue-randy-with-additional-reinforcement#primaryimage\"},\"image\":{\"@id\":\"https:\\\/\\\/safetysourcefire.ca\\\/?product=i-a-f-f-rescue-randy-with-additional-reinforcement#primaryimage\"},\"thumbnailUrl\":\"https:\\\/\\\/safetysourcefire.ca\\\/wp-content\\\/uploads\\\/2017\\\/05\\\/SB32238U-1.jpg\",\"datePublished\":\"2017-05-12T18:11:01+00:00\",\"dateModified\":\"2018-03-19T14:17:20+00:00\",\"breadcrumb\":{\"@id\":\"https:\\\/\\\/safetysourcefire.ca\\\/?product=i-a-f-f-rescue-randy-with-additional-reinforcement#breadcrumb\"},\"inLanguage\":\"fr-CA\",\"potentialAction\":[{\"@type\":\"ReadAction\",\"target\":[\"https:\\\/\\\/safetysourcefire.ca\\\/?product=i-a-f-f-rescue-randy-with-additional-reinforcement\"]}]},{\"@type\":\"ImageObject\",\"inLanguage\":\"fr-CA\",\"@id\":\"https:\\\/\\\/safetysourcefire.ca\\\/?product=i-a-f-f-rescue-randy-with-additional-reinforcement#primaryimage\",\"url\":\"https:\\\/\\\/safetysourcefire.ca\\\/wp-content\\\/uploads\\\/2017\\\/05\\\/SB32238U-1.jpg\",\"contentUrl\":\"https:\\\/\\\/safetysourcefire.ca\\\/wp-content\\\/uploads\\\/2017\\\/05\\\/SB32238U-1.jpg\",\"width\":600,\"height\":600,\"caption\":\"I.A.F.F. Rescue Randy\"},{\"@type\":\"BreadcrumbList\",\"@id\":\"https:\\\/\\\/safetysourcefire.ca\\\/?product=i-a-f-f-rescue-randy-with-additional-reinforcement#breadcrumb\",\"itemListElement\":[{\"@type\":\"ListItem\",\"position\":1,\"name\":\"Home\",\"item\":\"https:\\\/\\\/safetysourcefire.ca\\\/\"},{\"@type\":\"ListItem\",\"position\":2,\"name\":\"Products\",\"item\":\"https:\\\/\\\/safetysourcefire.ca\\\/shop\\\/\"},{\"@type\":\"ListItem\",\"position\":3,\"name\":\"I.A.F.F. Rescue Randy (with Additional Reinforcement)\"}]},{\"@type\":\"WebSite\",\"@id\":\"https:\\\/\\\/safetysourcefire.ca\\\/#website\",\"url\":\"https:\\\/\\\/safetysourcefire.ca\\\/\",\"name\":\"Safety Source Fire\",\"description\":\"\",\"publisher\":{\"@id\":\"https:\\\/\\\/safetysourcefire.ca\\\/#organization\"},\"potentialAction\":[{\"@type\":\"SearchAction\",\"target\":{\"@type\":\"EntryPoint\",\"urlTemplate\":\"https:\\\/\\\/safetysourcefire.ca\\\/?s={search_term_string}\"},\"query-input\":{\"@type\":\"PropertyValueSpecification\",\"valueRequired\":true,\"valueName\":\"search_term_string\"}}],\"inLanguage\":\"fr-CA\"},{\"@type\":\"Organization\",\"@id\":\"https:\\\/\\\/safetysourcefire.ca\\\/#organization\",\"name\":\"Safety Source Fire\",\"url\":\"https:\\\/\\\/safetysourcefire.ca\\\/\",\"logo\":{\"@type\":\"ImageObject\",\"inLanguage\":\"fr-CA\",\"@id\":\"https:\\\/\\\/safetysourcefire.ca\\\/#\\\/schema\\\/logo\\\/image\\\/\",\"url\":\"https:\\\/\\\/safetysourcefire.ca\\\/wp-content\\\/uploads\\\/2021\\\/01\\\/SSF_logo_CC0000-3.png\",\"contentUrl\":\"https:\\\/\\\/safetysourcefire.ca\\\/wp-content\\\/uploads\\\/2021\\\/01\\\/SSF_logo_CC0000-3.png\",\"width\":1107,\"height\":365,\"caption\":\"Safety Source Fire\"},\"image\":{\"@id\":\"https:\\\/\\\/safetysourcefire.ca\\\/#\\\/schema\\\/logo\\\/image\\\/\"},\"sameAs\":[\"https:\\\/\\\/www.facebook.com\\\/mmfssca\",\"https:\\\/\\\/x.com\\\/mmfssca\"]}]}<\/script>\n<!-- \/ Yoast SEO plugin. -->","yoast_head_json":{"title":"Sauvetage de Randy (avec renforts) - Incendie de source de s\u00e9curit\u00e9","robots":{"index":"index","follow":"follow","max-snippet":"max-snippet:-1","max-image-preview":"max-image-preview:large","max-video-preview":"max-video-preview:-1"},"canonical":"https:\/\/safetysourcefire.ca\/fr\/?product=i-a-f-f-rescue-randy-with-additional-reinforcement","og_locale":"fr_CA","og_type":"article","og_title":"I.A.F.F. Rescue Randy (with Additional Reinforcement) - Safety Source Fire","og_description":"Developed for lifelike adult or juvenile patient handling, transportation, and extrication training.","og_url":"https:\/\/safetysourcefire.ca\/fr\/?product=i-a-f-f-rescue-randy-with-additional-reinforcement","og_site_name":"Safety Source Fire","article_publisher":"https:\/\/www.facebook.com\/mmfssca","article_modified_time":"2018-03-19T14:17:20+00:00","og_image":[{"width":600,"height":600,"url":"https:\/\/safetysourcefire.ca\/wp-content\/uploads\/2017\/05\/SB32238U-1.jpg","type":"image\/jpeg"}],"twitter_card":"summary_large_image","twitter_site":"@mmfssca","twitter_misc":{"Estimation du temps de lecture":"1 minute"},"schema":{"@context":"https:\/\/schema.org","@graph":[{"@type":"WebPage","@id":"https:\/\/safetysourcefire.ca\/?product=i-a-f-f-rescue-randy-with-additional-reinforcement","url":"https:\/\/safetysourcefire.ca\/?product=i-a-f-f-rescue-randy-with-additional-reinforcement","name":"Sauvetage de Randy (avec renforts) - Incendie de source de s\u00e9curit\u00e9","isPartOf":{"@id":"https:\/\/safetysourcefire.ca\/#website"},"primaryImageOfPage":{"@id":"https:\/\/safetysourcefire.ca\/?product=i-a-f-f-rescue-randy-with-additional-reinforcement#primaryimage"},"image":{"@id":"https:\/\/safetysourcefire.ca\/?product=i-a-f-f-rescue-randy-with-additional-reinforcement#primaryimage"},"thumbnailUrl":"https:\/\/safetysourcefire.ca\/wp-content\/uploads\/2017\/05\/SB32238U-1.jpg","datePublished":"2017-05-12T18:11:01+00:00","dateModified":"2018-03-19T14:17:20+00:00","breadcrumb":{"@id":"https:\/\/safetysourcefire.ca\/?product=i-a-f-f-rescue-randy-with-additional-reinforcement#breadcrumb"},"inLanguage":"fr-CA","potentialAction":[{"@type":"ReadAction","target":["https:\/\/safetysourcefire.ca\/?product=i-a-f-f-rescue-randy-with-additional-reinforcement"]}]},{"@type":"ImageObject","inLanguage":"fr-CA","@id":"https:\/\/safetysourcefire.ca\/?product=i-a-f-f-rescue-randy-with-additional-reinforcement#primaryimage","url":"https:\/\/safetysourcefire.ca\/wp-content\/uploads\/2017\/05\/SB32238U-1.jpg","contentUrl":"https:\/\/safetysourcefire.ca\/wp-content\/uploads\/2017\/05\/SB32238U-1.jpg","width":600,"height":600,"caption":"I.A.F.F. Rescue Randy"},{"@type":"BreadcrumbList","@id":"https:\/\/safetysourcefire.ca\/?product=i-a-f-f-rescue-randy-with-additional-reinforcement#breadcrumb","itemListElement":[{"@type":"ListItem","position":1,"name":"Home","item":"https:\/\/safetysourcefire.ca\/"},{"@type":"ListItem","position":2,"name":"Products","item":"https:\/\/safetysourcefire.ca\/shop\/"},{"@type":"ListItem","position":3,"name":"I.A.F.F. Rescue Randy (with Additional Reinforcement)"}]},{"@type":"WebSite","@id":"https:\/\/safetysourcefire.ca\/#website","url":"https:\/\/safetysourcefire.ca\/","name":"Safety Source Fire","description":"","publisher":{"@id":"https:\/\/safetysourcefire.ca\/#organization"},"potentialAction":[{"@type":"SearchAction","target":{"@type":"EntryPoint","urlTemplate":"https:\/\/safetysourcefire.ca\/?s={search_term_string}"},"query-input":{"@type":"PropertyValueSpecification","valueRequired":true,"valueName":"search_term_string"}}],"inLanguage":"fr-CA"},{"@type":"Organization","@id":"https:\/\/safetysourcefire.ca\/#organization","name":"Safety Source Fire","url":"https:\/\/safetysourcefire.ca\/","logo":{"@type":"ImageObject","inLanguage":"fr-CA","@id":"https:\/\/safetysourcefire.ca\/#\/schema\/logo\/image\/","url":"https:\/\/safetysourcefire.ca\/wp-content\/uploads\/2021\/01\/SSF_logo_CC0000-3.png","contentUrl":"https:\/\/safetysourcefire.ca\/wp-content\/uploads\/2021\/01\/SSF_logo_CC0000-3.png","width":1107,"height":365,"caption":"Safety Source Fire"},"image":{"@id":"https:\/\/safetysourcefire.ca\/#\/schema\/logo\/image\/"},"sameAs":["https:\/\/www.facebook.com\/mmfssca","https:\/\/x.com\/mmfssca"]}]}},"_links":{"self":[{"href":"https:\/\/safetysourcefire.ca\/fr\/wp-json\/wp\/v2\/product\/1294","targetHints":{"allow":["GET"]}}],"collection":[{"href":"https:\/\/safetysourcefire.ca\/fr\/wp-json\/wp\/v2\/product"}],"about":[{"href":"https:\/\/safetysourcefire.ca\/fr\/wp-json\/wp\/v2\/types\/product"}],"wp:featuredmedia":[{"embeddable":true,"href":"https:\/\/safetysourcefire.ca\/fr\/wp-json\/wp\/v2\/media\/1266"}],"wp:attachment":[{"href":"https:\/\/safetysourcefire.ca\/fr\/wp-json\/wp\/v2\/media?parent=1294"}],"wp:term":[{"taxonomy":"product_brand","embeddable":true,"href":"https:\/\/safetysourcefire.ca\/fr\/wp-json\/wp\/v2\/product_brand?post=1294"},{"taxonomy":"product_cat","embeddable":true,"href":"https:\/\/safetysourcefire.ca\/fr\/wp-json\/wp\/v2\/product_cat?post=1294"},{"taxonomy":"product_tag","embeddable":true,"href":"https:\/\/safetysourcefire.ca\/fr\/wp-json\/wp\/v2\/product_tag?post=1294"}],"curies":[{"name":"wp","href":"https:\/\/api.w.org\/{rel}","templated":true}]}}