{"id":12975,"date":"2019-11-19T17:10:36","date_gmt":"2019-11-19T17:10:36","guid":{"rendered":"https:\/\/mmfss.ca\/?post_type=product&#038;p=12975"},"modified":"2020-01-17T18:42:07","modified_gmt":"2020-01-17T18:42:07","slug":"16-variable-speed-battery-fan","status":"publish","type":"product","link":"https:\/\/safetysourcefire.ca\/fr\/produit\/16-variable-speed-battery-fan\/","title":{"rendered":"Ventilateur DeWalt 16 '' \u00e0 vitesse variable, aliment\u00e9 par batterie"},"content":{"rendered":"<div class=\"fusion-fullwidth fullwidth-box fusion-builder-row-1 nonhundred-percent-fullwidth non-hundred-percent-height-scrolling fusion-no-small-visibility\">\n<div class=\"fusion-builder-row fusion-row\">\n<div class=\"fusion-layout-column fusion_builder_column fusion_builder_column_1_1 fusion-builder-column-1 fusion-one-full fusion-column-first fusion-column-last fusion-no-small-visibility 1_1\">\n<div class=\"fusion-column-wrapper\" data-bg-url=\"\">\n<div class=\"fusion-column-content-centered\">\n<div class=\"fusion-column-content\">\n<div class=\"fusion-text\">Ce PPV est \u00e9quip\u00e9 d'un la technologie DeWalt FLEXVOLT<span class=\"s2\"><sup>\u00ae\u00a0<\/sup><\/span>\u00e0 batteries, ce qui en fait l'interface PPV la plus versatile sur le march\u00e9. Offre la possibilit\u00e9 de fonctionner en tandem avec plus de 180 outils FLEXVOLT.<\/div>\n<\/div>\n<\/div>\n<\/div>\n<\/div>\n<\/div>\n<\/div>\n<div class=\"fusion-fullwidth fullwidth-box fusion-builder-row-3 nonhundred-percent-fullwidth non-hundred-percent-height-scrolling\">\n<div class=\"fusion-builder-row fusion-row\">\n<div class=\"fusion-layout-column fusion_builder_column fusion_builder_column_1_1 fusion-builder-column-3 fusion-one-full fusion-column-first fusion-column-last 1_1\">\n<div class=\"fusion-column-wrapper\" data-bg-url=\"\">\n<div class=\"fusion-column-content-centered\">\n<div class=\"fusion-column-content\">\n<div id=\"fans\" class=\"fusion-fullwidth fullwidth-box fusion-builder-row-5 nonhundred-percent-fullwidth non-hundred-percent-height-scrolling fusion-no-small-visibility\">\n<div class=\"fusion-builder-row fusion-row\">\n<div class=\"fusion-layout-column fusion_builder_column fusion_builder_column_3_5 fusion-builder-column-5 fusion-three-fifth fusion-column-first fusion-column-no-min-height 3_5\">\n<div class=\"fusion-column-wrapper\" data-bg-url=\"\">\n<p><span class=\"fusion-imageframe imageframe-none imageframe-1 hover-type-zoomin fusion-no-small-visibility\"><a href=\"https:\/\/safetysourcefire.ca\/wp-content\/uploads\/2019\/11\/V16-anatomy.jpg\"><img loading=\"lazy\" decoding=\"async\" class=\"aligncenter size-medium wp-image-12976\" src=\"https:\/\/safetysourcefire.ca\/wp-content\/uploads\/2019\/11\/V16-anatomy-300x300.jpg\" alt=\"fan with callout numbers\" width=\"300\" height=\"300\" srcset=\"https:\/\/safetysourcefire.ca\/wp-content\/uploads\/2019\/11\/V16-anatomy-300x300.jpg 300w, https:\/\/safetysourcefire.ca\/wp-content\/uploads\/2019\/11\/V16-anatomy-324x324.jpg 324w, https:\/\/safetysourcefire.ca\/wp-content\/uploads\/2019\/11\/V16-anatomy-100x100.jpg 100w, https:\/\/safetysourcefire.ca\/wp-content\/uploads\/2019\/11\/V16-anatomy-416x416.jpg 416w, https:\/\/safetysourcefire.ca\/wp-content\/uploads\/2019\/11\/V16-anatomy-150x150.jpg 150w, https:\/\/safetysourcefire.ca\/wp-content\/uploads\/2019\/11\/V16-anatomy.jpg 600w\" sizes=\"auto, (max-width: 300px) 100vw, 300px\" \/><\/a><\/span><\/p>\n<div class=\"fusion-button-wrapper fusion-alignleft\"><strong>1. Cadre compact avec cage de s\u00e9curit\u00e9\u00a0:<\/strong> Comprend un cadre en aluminium robuste mais l\u00e9ger pour prot\u00e9ger les composants cl\u00e9s<\/div>\n<div class=\"fusion-button-wrapper fusion-alignleft\"><strong>2.\u00a0<\/strong><b>Inclinaison \u00e0 180 degr\u00e9s\u00a0:\u00a0<\/b>Fournit la plus grande plage d&#039;inclinaison parmi\u00a0<span class=\"s1\">ventilateurs \u00e0 batterie, permettant de diriger le flux d&#039;air pratiquement n&#039;importe o\u00f9<\/span><\/div>\n<div class=\"fusion-button-wrapper fusion-alignleft\"><strong>3.\u00a0<\/strong><b>Batteries au lithium-ion DeWalt FlexVolt\u00a0:\u00a0<\/b>Fournit jusqu&#039;\u00e0 45 minutes de d\u00e9bit d&#039;air maximum, selon la s\u00e9lection de la batterie<\/div>\n<div class=\"fusion-button-wrapper fusion-alignleft\"><strong>4. Lame en polym\u00e8re\u00a0:<\/strong>\u00a0Minimise le poids. La lame monobloc en aluminium moul\u00e9 de Super Vac est disponible sur demande<\/div>\n<\/div>\n<\/div>\n<div class=\"fusion-layout-column fusion_builder_column fusion_builder_column_2_5 fusion-builder-column-6 fusion-two-fifth fusion-column-last 2_5\">\n<div class=\"fusion-column-wrapper\" data-bg-url=\"\">\n<div class=\"fusion-column-content-centered\">\n<div class=\"fusion-column-content\">\n<div class=\"fusion-text\">\n<p><strong>5.\u00a0<\/strong><span class=\"s1\"><b>Enveloppe en acier fil\u00e9 avec protection StreamShaper :\u00a0<\/b><\/span><span class=\"s1\">le cadre solide offre une durabilit\u00e9 permettant un d\u00e9bit d'air maximal, tandis que la protection StreamShaper permet un recul flexible. Air Cone Guard disponible sur demande<\/span><\/p>\n<p><em>*Le poids sp\u00e9cifi\u00e9 ne comprend pas l'alimentation<\/em><\/p>\n<\/div>\n<\/div>\n<\/div>\n<\/div>\n<\/div>\n<\/div>\n<\/div>\n<\/div>\n<\/div>\n<\/div>\n<\/div>\n<\/div>\n<\/div>","protected":false},"excerpt":{"rendered":"<p>Compact. L\u00e9ger. Fiable. Voici le nouveau ventilateur \u00e0 vitesse variable Super Vac de 16 pouces, fonctionnant \u00e0 batterie.<\/p>","protected":false},"featured_media":12979,"template":"","meta":[],"product_brand":[197],"product_cat":[129,51],"product_tag":[429,352],"class_list":{"0":"post-12975","1":"product","2":"type-product","3":"status-publish","4":"has-post-thumbnail","6":"product_brand-supervac","7":"product_cat-fans","8":"product_cat-rescue","9":"product_tag-dewalt","10":"product_tag-supervac","12":"first","13":"instock","14":"shipping-taxable","15":"product-type-simple"},"yoast_head":"<!-- This site is optimized with the Yoast SEO plugin v27.4 - https:\/\/yoast.com\/product\/yoast-seo-wordpress\/ -->\n<title>16&quot; Variable Speed Battery Fan, powered by DeWalt - Safety Source Fire<\/title>\n<meta name=\"robots\" content=\"index, follow, max-snippet:-1, max-image-preview:large, max-video-preview:-1\" \/>\n<link rel=\"canonical\" href=\"https:\/\/safetysourcefire.ca\/fr\/produit\/16-variable-speed-battery-fan\/\" \/>\n<meta property=\"og:locale\" content=\"fr_CA\" \/>\n<meta property=\"og:type\" content=\"article\" \/>\n<meta property=\"og:title\" content=\"16&quot; Variable Speed Battery Fan, powered by DeWalt - Safety Source Fire\" \/>\n<meta property=\"og:description\" content=\"Compact. Lightweight. And reliable. Introducing the all-new Super Vac 16\u201d variable-speed battery fan.\" \/>\n<meta property=\"og:url\" content=\"https:\/\/safetysourcefire.ca\/fr\/produit\/16-variable-speed-battery-fan\/\" \/>\n<meta property=\"og:site_name\" content=\"Safety Source Fire\" \/>\n<meta property=\"article:publisher\" content=\"https:\/\/www.facebook.com\/mmfssca\" \/>\n<meta property=\"article:modified_time\" content=\"2020-01-17T18:42:07+00:00\" \/>\n<meta property=\"og:image\" content=\"https:\/\/safetysourcefire.ca\/wp-content\/uploads\/2019\/11\/V16-BD-anglesFront.jpg\" \/>\n\t<meta property=\"og:image:width\" content=\"600\" \/>\n\t<meta property=\"og:image:height\" content=\"600\" \/>\n\t<meta property=\"og:image:type\" content=\"image\/jpeg\" \/>\n<meta name=\"twitter:card\" content=\"summary_large_image\" \/>\n<meta name=\"twitter:site\" content=\"@mmfssca\" \/>\n<meta name=\"twitter:label1\" content=\"Estimation du temps de lecture\" \/>\n\t<meta name=\"twitter:data1\" content=\"1 minute\" \/>\n<script type=\"application\/ld+json\" class=\"yoast-schema-graph\">{\"@context\":\"https:\\\/\\\/schema.org\",\"@graph\":[{\"@type\":\"WebPage\",\"@id\":\"https:\\\/\\\/safetysourcefire.ca\\\/product\\\/16-variable-speed-battery-fan\\\/\",\"url\":\"https:\\\/\\\/safetysourcefire.ca\\\/product\\\/16-variable-speed-battery-fan\\\/\",\"name\":\"16\\\" Variable Speed Battery Fan, powered by DeWalt - Safety Source Fire\",\"isPartOf\":{\"@id\":\"https:\\\/\\\/safetysourcefire.ca\\\/#website\"},\"primaryImageOfPage\":{\"@id\":\"https:\\\/\\\/safetysourcefire.ca\\\/product\\\/16-variable-speed-battery-fan\\\/#primaryimage\"},\"image\":{\"@id\":\"https:\\\/\\\/safetysourcefire.ca\\\/product\\\/16-variable-speed-battery-fan\\\/#primaryimage\"},\"thumbnailUrl\":\"https:\\\/\\\/safetysourcefire.ca\\\/wp-content\\\/uploads\\\/2019\\\/11\\\/V16-BD-anglesFront.jpg\",\"datePublished\":\"2019-11-19T17:10:36+00:00\",\"dateModified\":\"2020-01-17T18:42:07+00:00\",\"breadcrumb\":{\"@id\":\"https:\\\/\\\/safetysourcefire.ca\\\/product\\\/16-variable-speed-battery-fan\\\/#breadcrumb\"},\"inLanguage\":\"fr-CA\",\"potentialAction\":[{\"@type\":\"ReadAction\",\"target\":[\"https:\\\/\\\/safetysourcefire.ca\\\/product\\\/16-variable-speed-battery-fan\\\/\"]}]},{\"@type\":\"ImageObject\",\"inLanguage\":\"fr-CA\",\"@id\":\"https:\\\/\\\/safetysourcefire.ca\\\/product\\\/16-variable-speed-battery-fan\\\/#primaryimage\",\"url\":\"https:\\\/\\\/safetysourcefire.ca\\\/wp-content\\\/uploads\\\/2019\\\/11\\\/V16-BD-anglesFront.jpg\",\"contentUrl\":\"https:\\\/\\\/safetysourcefire.ca\\\/wp-content\\\/uploads\\\/2019\\\/11\\\/V16-BD-anglesFront.jpg\",\"width\":600,\"height\":600,\"caption\":\"fan\"},{\"@type\":\"BreadcrumbList\",\"@id\":\"https:\\\/\\\/safetysourcefire.ca\\\/product\\\/16-variable-speed-battery-fan\\\/#breadcrumb\",\"itemListElement\":[{\"@type\":\"ListItem\",\"position\":1,\"name\":\"Home\",\"item\":\"https:\\\/\\\/safetysourcefire.ca\\\/\"},{\"@type\":\"ListItem\",\"position\":2,\"name\":\"Products\",\"item\":\"https:\\\/\\\/safetysourcefire.ca\\\/shop\\\/\"},{\"@type\":\"ListItem\",\"position\":3,\"name\":\"16&#8243; Variable Speed Battery Fan, powered by DeWalt\"}]},{\"@type\":\"WebSite\",\"@id\":\"https:\\\/\\\/safetysourcefire.ca\\\/#website\",\"url\":\"https:\\\/\\\/safetysourcefire.ca\\\/\",\"name\":\"Safety Source Fire\",\"description\":\"\",\"publisher\":{\"@id\":\"https:\\\/\\\/safetysourcefire.ca\\\/#organization\"},\"potentialAction\":[{\"@type\":\"SearchAction\",\"target\":{\"@type\":\"EntryPoint\",\"urlTemplate\":\"https:\\\/\\\/safetysourcefire.ca\\\/?s={search_term_string}\"},\"query-input\":{\"@type\":\"PropertyValueSpecification\",\"valueRequired\":true,\"valueName\":\"search_term_string\"}}],\"inLanguage\":\"fr-CA\"},{\"@type\":\"Organization\",\"@id\":\"https:\\\/\\\/safetysourcefire.ca\\\/#organization\",\"name\":\"Safety Source Fire\",\"url\":\"https:\\\/\\\/safetysourcefire.ca\\\/\",\"logo\":{\"@type\":\"ImageObject\",\"inLanguage\":\"fr-CA\",\"@id\":\"https:\\\/\\\/safetysourcefire.ca\\\/#\\\/schema\\\/logo\\\/image\\\/\",\"url\":\"https:\\\/\\\/safetysourcefire.ca\\\/wp-content\\\/uploads\\\/2021\\\/01\\\/SSF_logo_CC0000-3.png\",\"contentUrl\":\"https:\\\/\\\/safetysourcefire.ca\\\/wp-content\\\/uploads\\\/2021\\\/01\\\/SSF_logo_CC0000-3.png\",\"width\":1107,\"height\":365,\"caption\":\"Safety Source Fire\"},\"image\":{\"@id\":\"https:\\\/\\\/safetysourcefire.ca\\\/#\\\/schema\\\/logo\\\/image\\\/\"},\"sameAs\":[\"https:\\\/\\\/www.facebook.com\\\/mmfssca\",\"https:\\\/\\\/x.com\\\/mmfssca\"]}]}<\/script>\n<!-- \/ Yoast SEO plugin. -->","yoast_head_json":{"title":"Ventilateur \u00e0 batterie \u00e0 vitesse variable de 16 pouces, aliment\u00e9 par DeWalt - Safety Source Fire","robots":{"index":"index","follow":"follow","max-snippet":"max-snippet:-1","max-image-preview":"max-image-preview:large","max-video-preview":"max-video-preview:-1"},"canonical":"https:\/\/safetysourcefire.ca\/fr\/produit\/16-variable-speed-battery-fan\/","og_locale":"fr_CA","og_type":"article","og_title":"16\" Variable Speed Battery Fan, powered by DeWalt - Safety Source Fire","og_description":"Compact. Lightweight. And reliable. Introducing the all-new Super Vac 16\u201d variable-speed battery fan.","og_url":"https:\/\/safetysourcefire.ca\/fr\/produit\/16-variable-speed-battery-fan\/","og_site_name":"Safety Source Fire","article_publisher":"https:\/\/www.facebook.com\/mmfssca","article_modified_time":"2020-01-17T18:42:07+00:00","og_image":[{"width":600,"height":600,"url":"https:\/\/safetysourcefire.ca\/wp-content\/uploads\/2019\/11\/V16-BD-anglesFront.jpg","type":"image\/jpeg"}],"twitter_card":"summary_large_image","twitter_site":"@mmfssca","twitter_misc":{"Estimation du temps de lecture":"1 minute"},"schema":{"@context":"https:\/\/schema.org","@graph":[{"@type":"WebPage","@id":"https:\/\/safetysourcefire.ca\/product\/16-variable-speed-battery-fan\/","url":"https:\/\/safetysourcefire.ca\/product\/16-variable-speed-battery-fan\/","name":"Ventilateur \u00e0 batterie \u00e0 vitesse variable de 16 pouces, aliment\u00e9 par DeWalt - Safety Source Fire","isPartOf":{"@id":"https:\/\/safetysourcefire.ca\/#website"},"primaryImageOfPage":{"@id":"https:\/\/safetysourcefire.ca\/product\/16-variable-speed-battery-fan\/#primaryimage"},"image":{"@id":"https:\/\/safetysourcefire.ca\/product\/16-variable-speed-battery-fan\/#primaryimage"},"thumbnailUrl":"https:\/\/safetysourcefire.ca\/wp-content\/uploads\/2019\/11\/V16-BD-anglesFront.jpg","datePublished":"2019-11-19T17:10:36+00:00","dateModified":"2020-01-17T18:42:07+00:00","breadcrumb":{"@id":"https:\/\/safetysourcefire.ca\/product\/16-variable-speed-battery-fan\/#breadcrumb"},"inLanguage":"fr-CA","potentialAction":[{"@type":"ReadAction","target":["https:\/\/safetysourcefire.ca\/product\/16-variable-speed-battery-fan\/"]}]},{"@type":"ImageObject","inLanguage":"fr-CA","@id":"https:\/\/safetysourcefire.ca\/product\/16-variable-speed-battery-fan\/#primaryimage","url":"https:\/\/safetysourcefire.ca\/wp-content\/uploads\/2019\/11\/V16-BD-anglesFront.jpg","contentUrl":"https:\/\/safetysourcefire.ca\/wp-content\/uploads\/2019\/11\/V16-BD-anglesFront.jpg","width":600,"height":600,"caption":"fan"},{"@type":"BreadcrumbList","@id":"https:\/\/safetysourcefire.ca\/product\/16-variable-speed-battery-fan\/#breadcrumb","itemListElement":[{"@type":"ListItem","position":1,"name":"Home","item":"https:\/\/safetysourcefire.ca\/"},{"@type":"ListItem","position":2,"name":"Products","item":"https:\/\/safetysourcefire.ca\/shop\/"},{"@type":"ListItem","position":3,"name":"16&#8243; Variable Speed Battery Fan, powered by DeWalt"}]},{"@type":"WebSite","@id":"https:\/\/safetysourcefire.ca\/#website","url":"https:\/\/safetysourcefire.ca\/","name":"Safety Source Fire","description":"","publisher":{"@id":"https:\/\/safetysourcefire.ca\/#organization"},"potentialAction":[{"@type":"SearchAction","target":{"@type":"EntryPoint","urlTemplate":"https:\/\/safetysourcefire.ca\/?s={search_term_string}"},"query-input":{"@type":"PropertyValueSpecification","valueRequired":true,"valueName":"search_term_string"}}],"inLanguage":"fr-CA"},{"@type":"Organization","@id":"https:\/\/safetysourcefire.ca\/#organization","name":"Safety Source Fire","url":"https:\/\/safetysourcefire.ca\/","logo":{"@type":"ImageObject","inLanguage":"fr-CA","@id":"https:\/\/safetysourcefire.ca\/#\/schema\/logo\/image\/","url":"https:\/\/safetysourcefire.ca\/wp-content\/uploads\/2021\/01\/SSF_logo_CC0000-3.png","contentUrl":"https:\/\/safetysourcefire.ca\/wp-content\/uploads\/2021\/01\/SSF_logo_CC0000-3.png","width":1107,"height":365,"caption":"Safety Source Fire"},"image":{"@id":"https:\/\/safetysourcefire.ca\/#\/schema\/logo\/image\/"},"sameAs":["https:\/\/www.facebook.com\/mmfssca","https:\/\/x.com\/mmfssca"]}]}},"_links":{"self":[{"href":"https:\/\/safetysourcefire.ca\/fr\/wp-json\/wp\/v2\/product\/12975","targetHints":{"allow":["GET"]}}],"collection":[{"href":"https:\/\/safetysourcefire.ca\/fr\/wp-json\/wp\/v2\/product"}],"about":[{"href":"https:\/\/safetysourcefire.ca\/fr\/wp-json\/wp\/v2\/types\/product"}],"wp:featuredmedia":[{"embeddable":true,"href":"https:\/\/safetysourcefire.ca\/fr\/wp-json\/wp\/v2\/media\/12979"}],"wp:attachment":[{"href":"https:\/\/safetysourcefire.ca\/fr\/wp-json\/wp\/v2\/media?parent=12975"}],"wp:term":[{"taxonomy":"product_brand","embeddable":true,"href":"https:\/\/safetysourcefire.ca\/fr\/wp-json\/wp\/v2\/product_brand?post=12975"},{"taxonomy":"product_cat","embeddable":true,"href":"https:\/\/safetysourcefire.ca\/fr\/wp-json\/wp\/v2\/product_cat?post=12975"},{"taxonomy":"product_tag","embeddable":true,"href":"https:\/\/safetysourcefire.ca\/fr\/wp-json\/wp\/v2\/product_tag?post=12975"}],"curies":[{"name":"wp","href":"https:\/\/api.w.org\/{rel}","templated":true}]}}