{"id":12985,"date":"2019-11-19T17:38:06","date_gmt":"2019-11-19T17:38:06","guid":{"rendered":"https:\/\/mmfss.ca\/?post_type=product&#038;p=12985"},"modified":"2020-01-17T18:39:56","modified_gmt":"2020-01-17T18:39:56","slug":"battery-powered-ppv-18%e2%80%b3-powered-by-dewalt","status":"publish","type":"product","link":"https:\/\/safetysourcefire.ca\/fr\/produit\/battery-powered-ppv-18%e2%80%b3-powered-by-dewalt\/","title":{"rendered":"Ventilateur DeWalt PPV-18\u2033 aliment\u00e9 par batterie"},"content":{"rendered":"<p><a href=\"https:\/\/safetysourcefire.ca\/wp-content\/uploads\/2019\/11\/DW_Website_Battery12AH_500x320-300x192.jpg\"><img loading=\"lazy\" decoding=\"async\" class=\"wp-image-12989 alignright\" src=\"https:\/\/safetysourcefire.ca\/wp-content\/uploads\/2019\/11\/DW_Website_Battery12AH_500x320-300x192-300x300.jpg\" alt=\"battery pack\" width=\"145\" height=\"145\" srcset=\"https:\/\/safetysourcefire.ca\/wp-content\/uploads\/2019\/11\/DW_Website_Battery12AH_500x320-300x192-300x300.jpg 300w, https:\/\/safetysourcefire.ca\/wp-content\/uploads\/2019\/11\/DW_Website_Battery12AH_500x320-300x192-324x324.jpg 324w, https:\/\/safetysourcefire.ca\/wp-content\/uploads\/2019\/11\/DW_Website_Battery12AH_500x320-300x192-100x100.jpg 100w, https:\/\/safetysourcefire.ca\/wp-content\/uploads\/2019\/11\/DW_Website_Battery12AH_500x320-300x192-416x416.jpg 416w, https:\/\/safetysourcefire.ca\/wp-content\/uploads\/2019\/11\/DW_Website_Battery12AH_500x320-300x192-150x150.jpg 150w, https:\/\/safetysourcefire.ca\/wp-content\/uploads\/2019\/11\/DW_Website_Battery12AH_500x320-300x192.jpg 600w\" sizes=\"auto, (max-width: 145px) 100vw, 145px\" \/><\/a><\/p>\n<p>Auparavant, jamais dans l'histoire des pompiers, un ventilateur n'a fonctionn\u00e9 avec les autres outils \u00e0 piles de votre service. Maintenant, tout est possible avec le tout nouveau ventilateur \u00e0 batterie \u00e0 vitesse variable Super Vac 18\u2033. \u00c9quip\u00e9 de deux batteries DeWalt, cet interface PPV est le plus polyvalent et le plus compatible du march\u00e9. Enfin, l'industrie peut se tourner vers un ventilateur de confiance. Encore une fois, Super Vac d\u00e9montre sa puissance.<\/p>\n<p><a href=\"https:\/\/safetysourcefire.ca\/wp-content\/uploads\/2019\/11\/fanbackground19.jpg\"><img loading=\"lazy\" decoding=\"async\" class=\"aligncenter wp-image-12990\" src=\"https:\/\/safetysourcefire.ca\/wp-content\/uploads\/2019\/11\/fanbackground19-300x300.jpg\" alt=\"fans\" width=\"321\" height=\"321\" srcset=\"https:\/\/safetysourcefire.ca\/wp-content\/uploads\/2019\/11\/fanbackground19-300x300.jpg 300w, https:\/\/safetysourcefire.ca\/wp-content\/uploads\/2019\/11\/fanbackground19-324x324.jpg 324w, https:\/\/safetysourcefire.ca\/wp-content\/uploads\/2019\/11\/fanbackground19-100x100.jpg 100w, https:\/\/safetysourcefire.ca\/wp-content\/uploads\/2019\/11\/fanbackground19-416x416.jpg 416w, https:\/\/safetysourcefire.ca\/wp-content\/uploads\/2019\/11\/fanbackground19-150x150.jpg 150w, https:\/\/safetysourcefire.ca\/wp-content\/uploads\/2019\/11\/fanbackground19.jpg 600w\" sizes=\"auto, (max-width: 321px) 100vw, 321px\" \/><\/a><\/p>\n<p><strong><a href=\"https:\/\/safetysourcefire.ca\/wp-content\/uploads\/2019\/11\/feature1-200x159.jpg\"><img loading=\"lazy\" decoding=\"async\" class=\"wp-image-12986 alignleft\" src=\"https:\/\/safetysourcefire.ca\/wp-content\/uploads\/2019\/11\/feature1-200x159.jpg\" alt=\"fan with handle\" width=\"131\" height=\"104\" srcset=\"https:\/\/safetysourcefire.ca\/wp-content\/uploads\/2019\/11\/feature1-200x159.jpg 200w, https:\/\/safetysourcefire.ca\/wp-content\/uploads\/2019\/11\/feature1-200x159-150x119.jpg 150w\" sizes=\"auto, (max-width: 131px) 100vw, 131px\" \/><\/a>1. Poign\u00e9e incurv\u00e9e\u00a0:<\/strong>\u00a0Se replie sur le cadre pour un rangement compact ; la conception incurv\u00e9e offre une meilleure adh\u00e9rence et une meilleure ergonomie.<\/p>\n<p><strong><a href=\"https:\/\/safetysourcefire.ca\/wp-content\/uploads\/2019\/11\/feature2-200x159.jpg\"><img loading=\"lazy\" decoding=\"async\" class=\"wp-image-12987 alignright\" src=\"https:\/\/safetysourcefire.ca\/wp-content\/uploads\/2019\/11\/feature2-200x159.jpg\" alt=\"fan being pulled up stairs\" width=\"130\" height=\"104\" srcset=\"https:\/\/safetysourcefire.ca\/wp-content\/uploads\/2019\/11\/feature2-200x159.jpg 200w, https:\/\/safetysourcefire.ca\/wp-content\/uploads\/2019\/11\/feature2-200x159-150x119.jpg 150w\" sizes=\"auto, (max-width: 130px) 100vw, 130px\" \/><\/a>2. Cadre compact \u00e0 cage de s\u00e9curit\u00e9\u00a0:<\/strong>\u00a0Comprend l&#039;un des mod\u00e8les les plus compacts et les plus l\u00e9gers parmi les PPV \u00e0 batterie avec son cadre en aluminium.<\/p>\n<p><strong>3. Stream Shaper Guard :<\/strong>\u00a0Permet un recul flexible\u00a0; Air Cone Guard est disponible sur demande<\/p>\n<p><strong>4. Lame en polym\u00e8re\u00a0:<\/strong>\u00a0Minimise le poids. La lame monobloc en aluminium moul\u00e9 de Super Vac est disponible sur demande<\/p>\n<p><strong>5. Alimentation \u00e0 fil (en option)\u00a0:<\/strong>\u00a0Le fonctionnement 120-240V AC est disponible sur demande.<\/p>\n<p><strong><a href=\"https:\/\/safetysourcefire.ca\/wp-content\/uploads\/2019\/11\/feature6-200x159.jpg\"><img loading=\"lazy\" decoding=\"async\" class=\"wp-image-12988 alignleft\" src=\"https:\/\/safetysourcefire.ca\/wp-content\/uploads\/2019\/11\/feature6-200x159.jpg\" alt=\"fan\" width=\"127\" height=\"101\" srcset=\"https:\/\/safetysourcefire.ca\/wp-content\/uploads\/2019\/11\/feature6-200x159.jpg 200w, https:\/\/safetysourcefire.ca\/wp-content\/uploads\/2019\/11\/feature6-200x159-150x119.jpg 150w\" sizes=\"auto, (max-width: 127px) 100vw, 127px\" \/><\/a>6. Pneus en caoutchouc anti-crevaison :<\/strong>\u00a0Tr\u00e8s maniable,  facile \u00e0 d\u00e9ployer m\u00eame pour les pompiers de plus petite taille<\/p>\n<p><em>*Le poids sp\u00e9cifi\u00e9 ne comprend pas l'alimentation<\/em><\/p>","protected":false},"excerpt":{"rendered":"<p data-inline-fontsize=\"4.2em\" data-fontsize=\"67\" data-lineheight=\"90\">V18-BD avec batterie lithium-ion DeWalt<\/p>","protected":false},"featured_media":12990,"template":"","meta":[],"product_brand":[197],"product_cat":[129,51],"product_tag":[429,352],"class_list":{"0":"post-12985","1":"product","2":"type-product","3":"status-publish","4":"has-post-thumbnail","6":"product_brand-supervac","7":"product_cat-fans","8":"product_cat-rescue","9":"product_tag-dewalt","10":"product_tag-supervac","12":"first","13":"instock","14":"shipping-taxable","15":"product-type-simple"},"yoast_head":"<!-- This site is optimized with the Yoast SEO plugin v27.4 - https:\/\/yoast.com\/product\/yoast-seo-wordpress\/ -->\n<title>Battery Powered PPV-18\u2033, powered by DeWalt - Safety Source Fire<\/title>\n<meta name=\"robots\" content=\"index, follow, max-snippet:-1, max-image-preview:large, max-video-preview:-1\" \/>\n<link rel=\"canonical\" href=\"https:\/\/safetysourcefire.ca\/fr\/produit\/battery-powered-ppv-18\u2033-powered-by-dewalt\/\" \/>\n<meta property=\"og:locale\" content=\"fr_CA\" \/>\n<meta property=\"og:type\" content=\"article\" \/>\n<meta property=\"og:title\" content=\"Battery Powered PPV-18\u2033, powered by DeWalt - Safety Source Fire\" \/>\n<meta property=\"og:description\" content=\"The V18-BD with DeWalt Lithium Ion Battery\" \/>\n<meta property=\"og:url\" content=\"https:\/\/safetysourcefire.ca\/fr\/produit\/battery-powered-ppv-18\u2033-powered-by-dewalt\/\" \/>\n<meta property=\"og:site_name\" content=\"Safety Source Fire\" \/>\n<meta property=\"article:publisher\" content=\"https:\/\/www.facebook.com\/mmfssca\" \/>\n<meta property=\"article:modified_time\" content=\"2020-01-17T18:39:56+00:00\" \/>\n<meta property=\"og:image\" content=\"https:\/\/safetysourcefire.ca\/wp-content\/uploads\/2019\/11\/fanbackground19.jpg\" \/>\n\t<meta property=\"og:image:width\" content=\"600\" \/>\n\t<meta property=\"og:image:height\" content=\"600\" \/>\n\t<meta property=\"og:image:type\" content=\"image\/jpeg\" \/>\n<meta name=\"twitter:card\" content=\"summary_large_image\" \/>\n<meta name=\"twitter:site\" content=\"@mmfssca\" \/>\n<meta name=\"twitter:label1\" content=\"Estimation du temps de lecture\" \/>\n\t<meta name=\"twitter:data1\" content=\"1 minute\" \/>\n<script type=\"application\/ld+json\" class=\"yoast-schema-graph\">{\"@context\":\"https:\\\/\\\/schema.org\",\"@graph\":[{\"@type\":\"WebPage\",\"@id\":\"https:\\\/\\\/safetysourcefire.ca\\\/product\\\/battery-powered-ppv-18%e2%80%b3-powered-by-dewalt\\\/\",\"url\":\"https:\\\/\\\/safetysourcefire.ca\\\/product\\\/battery-powered-ppv-18%e2%80%b3-powered-by-dewalt\\\/\",\"name\":\"Battery Powered PPV-18\u2033, powered by DeWalt - Safety Source Fire\",\"isPartOf\":{\"@id\":\"https:\\\/\\\/safetysourcefire.ca\\\/#website\"},\"primaryImageOfPage\":{\"@id\":\"https:\\\/\\\/safetysourcefire.ca\\\/product\\\/battery-powered-ppv-18%e2%80%b3-powered-by-dewalt\\\/#primaryimage\"},\"image\":{\"@id\":\"https:\\\/\\\/safetysourcefire.ca\\\/product\\\/battery-powered-ppv-18%e2%80%b3-powered-by-dewalt\\\/#primaryimage\"},\"thumbnailUrl\":\"https:\\\/\\\/safetysourcefire.ca\\\/wp-content\\\/uploads\\\/2019\\\/11\\\/fanbackground19.jpg\",\"datePublished\":\"2019-11-19T17:38:06+00:00\",\"dateModified\":\"2020-01-17T18:39:56+00:00\",\"breadcrumb\":{\"@id\":\"https:\\\/\\\/safetysourcefire.ca\\\/product\\\/battery-powered-ppv-18%e2%80%b3-powered-by-dewalt\\\/#breadcrumb\"},\"inLanguage\":\"fr-CA\",\"potentialAction\":[{\"@type\":\"ReadAction\",\"target\":[\"https:\\\/\\\/safetysourcefire.ca\\\/product\\\/battery-powered-ppv-18%e2%80%b3-powered-by-dewalt\\\/\"]}]},{\"@type\":\"ImageObject\",\"inLanguage\":\"fr-CA\",\"@id\":\"https:\\\/\\\/safetysourcefire.ca\\\/product\\\/battery-powered-ppv-18%e2%80%b3-powered-by-dewalt\\\/#primaryimage\",\"url\":\"https:\\\/\\\/safetysourcefire.ca\\\/wp-content\\\/uploads\\\/2019\\\/11\\\/fanbackground19.jpg\",\"contentUrl\":\"https:\\\/\\\/safetysourcefire.ca\\\/wp-content\\\/uploads\\\/2019\\\/11\\\/fanbackground19.jpg\",\"width\":600,\"height\":600,\"caption\":\"fans\"},{\"@type\":\"BreadcrumbList\",\"@id\":\"https:\\\/\\\/safetysourcefire.ca\\\/product\\\/battery-powered-ppv-18%e2%80%b3-powered-by-dewalt\\\/#breadcrumb\",\"itemListElement\":[{\"@type\":\"ListItem\",\"position\":1,\"name\":\"Home\",\"item\":\"https:\\\/\\\/safetysourcefire.ca\\\/\"},{\"@type\":\"ListItem\",\"position\":2,\"name\":\"Products\",\"item\":\"https:\\\/\\\/safetysourcefire.ca\\\/shop\\\/\"},{\"@type\":\"ListItem\",\"position\":3,\"name\":\"Battery Powered PPV-18\u2033, powered by DeWalt\"}]},{\"@type\":\"WebSite\",\"@id\":\"https:\\\/\\\/safetysourcefire.ca\\\/#website\",\"url\":\"https:\\\/\\\/safetysourcefire.ca\\\/\",\"name\":\"Safety Source Fire\",\"description\":\"\",\"publisher\":{\"@id\":\"https:\\\/\\\/safetysourcefire.ca\\\/#organization\"},\"potentialAction\":[{\"@type\":\"SearchAction\",\"target\":{\"@type\":\"EntryPoint\",\"urlTemplate\":\"https:\\\/\\\/safetysourcefire.ca\\\/?s={search_term_string}\"},\"query-input\":{\"@type\":\"PropertyValueSpecification\",\"valueRequired\":true,\"valueName\":\"search_term_string\"}}],\"inLanguage\":\"fr-CA\"},{\"@type\":\"Organization\",\"@id\":\"https:\\\/\\\/safetysourcefire.ca\\\/#organization\",\"name\":\"Safety Source Fire\",\"url\":\"https:\\\/\\\/safetysourcefire.ca\\\/\",\"logo\":{\"@type\":\"ImageObject\",\"inLanguage\":\"fr-CA\",\"@id\":\"https:\\\/\\\/safetysourcefire.ca\\\/#\\\/schema\\\/logo\\\/image\\\/\",\"url\":\"https:\\\/\\\/safetysourcefire.ca\\\/wp-content\\\/uploads\\\/2021\\\/01\\\/SSF_logo_CC0000-3.png\",\"contentUrl\":\"https:\\\/\\\/safetysourcefire.ca\\\/wp-content\\\/uploads\\\/2021\\\/01\\\/SSF_logo_CC0000-3.png\",\"width\":1107,\"height\":365,\"caption\":\"Safety Source Fire\"},\"image\":{\"@id\":\"https:\\\/\\\/safetysourcefire.ca\\\/#\\\/schema\\\/logo\\\/image\\\/\"},\"sameAs\":[\"https:\\\/\\\/www.facebook.com\\\/mmfssca\",\"https:\\\/\\\/x.com\\\/mmfssca\"]}]}<\/script>\n<!-- \/ Yoast SEO plugin. -->","yoast_head_json":{"title":"PPV-18\u2033 aliment\u00e9 par batterie, aliment\u00e9 par DeWalt - Safety Source Fire","robots":{"index":"index","follow":"follow","max-snippet":"max-snippet:-1","max-image-preview":"max-image-preview:large","max-video-preview":"max-video-preview:-1"},"canonical":"https:\/\/safetysourcefire.ca\/fr\/produit\/battery-powered-ppv-18\u2033-powered-by-dewalt\/","og_locale":"fr_CA","og_type":"article","og_title":"Battery Powered PPV-18\u2033, powered by DeWalt - Safety Source Fire","og_description":"The V18-BD with DeWalt Lithium Ion Battery","og_url":"https:\/\/safetysourcefire.ca\/fr\/produit\/battery-powered-ppv-18\u2033-powered-by-dewalt\/","og_site_name":"Safety Source Fire","article_publisher":"https:\/\/www.facebook.com\/mmfssca","article_modified_time":"2020-01-17T18:39:56+00:00","og_image":[{"width":600,"height":600,"url":"https:\/\/safetysourcefire.ca\/wp-content\/uploads\/2019\/11\/fanbackground19.jpg","type":"image\/jpeg"}],"twitter_card":"summary_large_image","twitter_site":"@mmfssca","twitter_misc":{"Estimation du temps de lecture":"1 minute"},"schema":{"@context":"https:\/\/schema.org","@graph":[{"@type":"WebPage","@id":"https:\/\/safetysourcefire.ca\/product\/battery-powered-ppv-18%e2%80%b3-powered-by-dewalt\/","url":"https:\/\/safetysourcefire.ca\/product\/battery-powered-ppv-18%e2%80%b3-powered-by-dewalt\/","name":"PPV-18\u2033 aliment\u00e9 par batterie, aliment\u00e9 par DeWalt - Safety Source Fire","isPartOf":{"@id":"https:\/\/safetysourcefire.ca\/#website"},"primaryImageOfPage":{"@id":"https:\/\/safetysourcefire.ca\/product\/battery-powered-ppv-18%e2%80%b3-powered-by-dewalt\/#primaryimage"},"image":{"@id":"https:\/\/safetysourcefire.ca\/product\/battery-powered-ppv-18%e2%80%b3-powered-by-dewalt\/#primaryimage"},"thumbnailUrl":"https:\/\/safetysourcefire.ca\/wp-content\/uploads\/2019\/11\/fanbackground19.jpg","datePublished":"2019-11-19T17:38:06+00:00","dateModified":"2020-01-17T18:39:56+00:00","breadcrumb":{"@id":"https:\/\/safetysourcefire.ca\/product\/battery-powered-ppv-18%e2%80%b3-powered-by-dewalt\/#breadcrumb"},"inLanguage":"fr-CA","potentialAction":[{"@type":"ReadAction","target":["https:\/\/safetysourcefire.ca\/product\/battery-powered-ppv-18%e2%80%b3-powered-by-dewalt\/"]}]},{"@type":"ImageObject","inLanguage":"fr-CA","@id":"https:\/\/safetysourcefire.ca\/product\/battery-powered-ppv-18%e2%80%b3-powered-by-dewalt\/#primaryimage","url":"https:\/\/safetysourcefire.ca\/wp-content\/uploads\/2019\/11\/fanbackground19.jpg","contentUrl":"https:\/\/safetysourcefire.ca\/wp-content\/uploads\/2019\/11\/fanbackground19.jpg","width":600,"height":600,"caption":"fans"},{"@type":"BreadcrumbList","@id":"https:\/\/safetysourcefire.ca\/product\/battery-powered-ppv-18%e2%80%b3-powered-by-dewalt\/#breadcrumb","itemListElement":[{"@type":"ListItem","position":1,"name":"Home","item":"https:\/\/safetysourcefire.ca\/"},{"@type":"ListItem","position":2,"name":"Products","item":"https:\/\/safetysourcefire.ca\/shop\/"},{"@type":"ListItem","position":3,"name":"Battery Powered PPV-18\u2033, powered by DeWalt"}]},{"@type":"WebSite","@id":"https:\/\/safetysourcefire.ca\/#website","url":"https:\/\/safetysourcefire.ca\/","name":"Safety Source Fire","description":"","publisher":{"@id":"https:\/\/safetysourcefire.ca\/#organization"},"potentialAction":[{"@type":"SearchAction","target":{"@type":"EntryPoint","urlTemplate":"https:\/\/safetysourcefire.ca\/?s={search_term_string}"},"query-input":{"@type":"PropertyValueSpecification","valueRequired":true,"valueName":"search_term_string"}}],"inLanguage":"fr-CA"},{"@type":"Organization","@id":"https:\/\/safetysourcefire.ca\/#organization","name":"Safety Source Fire","url":"https:\/\/safetysourcefire.ca\/","logo":{"@type":"ImageObject","inLanguage":"fr-CA","@id":"https:\/\/safetysourcefire.ca\/#\/schema\/logo\/image\/","url":"https:\/\/safetysourcefire.ca\/wp-content\/uploads\/2021\/01\/SSF_logo_CC0000-3.png","contentUrl":"https:\/\/safetysourcefire.ca\/wp-content\/uploads\/2021\/01\/SSF_logo_CC0000-3.png","width":1107,"height":365,"caption":"Safety Source Fire"},"image":{"@id":"https:\/\/safetysourcefire.ca\/#\/schema\/logo\/image\/"},"sameAs":["https:\/\/www.facebook.com\/mmfssca","https:\/\/x.com\/mmfssca"]}]}},"_links":{"self":[{"href":"https:\/\/safetysourcefire.ca\/fr\/wp-json\/wp\/v2\/product\/12985","targetHints":{"allow":["GET"]}}],"collection":[{"href":"https:\/\/safetysourcefire.ca\/fr\/wp-json\/wp\/v2\/product"}],"about":[{"href":"https:\/\/safetysourcefire.ca\/fr\/wp-json\/wp\/v2\/types\/product"}],"wp:featuredmedia":[{"embeddable":true,"href":"https:\/\/safetysourcefire.ca\/fr\/wp-json\/wp\/v2\/media\/12990"}],"wp:attachment":[{"href":"https:\/\/safetysourcefire.ca\/fr\/wp-json\/wp\/v2\/media?parent=12985"}],"wp:term":[{"taxonomy":"product_brand","embeddable":true,"href":"https:\/\/safetysourcefire.ca\/fr\/wp-json\/wp\/v2\/product_brand?post=12985"},{"taxonomy":"product_cat","embeddable":true,"href":"https:\/\/safetysourcefire.ca\/fr\/wp-json\/wp\/v2\/product_cat?post=12985"},{"taxonomy":"product_tag","embeddable":true,"href":"https:\/\/safetysourcefire.ca\/fr\/wp-json\/wp\/v2\/product_tag?post=12985"}],"curies":[{"name":"wp","href":"https:\/\/api.w.org\/{rel}","templated":true}]}}