{"id":13004,"date":"2019-11-19T19:13:49","date_gmt":"2019-11-19T19:13:49","guid":{"rendered":"https:\/\/mmfss.ca\/?post_type=product&#038;p=13004"},"modified":"2019-12-04T20:18:45","modified_gmt":"2019-12-04T20:18:45","slug":"spiral-duct","status":"publish","type":"product","link":"https:\/\/safetysourcefire.ca\/fr\/produit\/spiral-duct\/","title":{"rendered":"Conduit spiral\u00e9"},"content":{"rendered":"<div class=\"fusion-title title fusion-title-1 fusion-sep-none fusion-title-text fusion-title-size-one fusion-border-below-title\">\n<p class=\"title-heading-left\" data-fontsize=\"34\" data-lineheight=\"47\">Ces conduits durables et robustes sont fait d'un tissu de polyester impr\u00e9gn\u00e9 de n\u00e9opr\u00e8ne monocouche. Un fil d'acier \u00e0 ressort continue procure un soutien et une durabilit\u00e9 rehauss\u00e9. Des bandes d'usure thermofusibles recouvrent l'h\u00e9lice pour une protection accrue.<\/p>\n<\/div>\n<div class=\"fusion-text\">\n<p>Ce conduit est id\u00e9al pour d\u00e9placer de grandes quantit\u00e9s d'air dans des endroits difficiles d'acc\u00e8s en utilisant une pression positive. Il s'adaptera \u00e0 n'importe quel Super Vac PPV. Ce conduit peut \u00e9galement \u00eatre utilis\u00e9 comme une extension pour cr\u00e9er un conduit plus long lorsqu'il est attach\u00e9 \u00e0 un autre conduit spiral\u00e9 Super Vac.<\/p>\n<p>Tous les conduits sont livr\u00e9s avec un sac de rangement int\u00e9gr\u00e9 pour un transport facile.<\/p>\n<\/div>\n<p>Besoin d'un conduit plus long pour atteindre les endroits\u00a0difficilement accessibles? Pas de probl\u00e8me, ce conduit en spirale peut \u00e9galement \u00eatre utilis\u00e9 comme extension. Attachez simplement deux conduits ensemble \u00e0 l'aide du brassard ceintur\u00e9 et le tour est jou\u00e9!<\/p>\n<div class=\"fusion-text\">\n<p><strong>Mat\u00e9riel<\/strong>\u00a0\u2013 Polyester impr\u00e9gn\u00e9 n\u00e9opr\u00e8ne monocouche<\/p>\n<p><strong>Structure<\/strong>\u00a0- H\u00e9lice en fil d&#039;acier<\/p>\n<p><strong>Bandes d'usure<\/strong>\u00a0\u2013 Thermofusibles faites pour les usages intensifs<\/p>\n<p><strong>Longueur<\/strong>\u00a0\u2013 20 pieds \u2013 *tailles personnalis\u00e9es disponibles<\/p>\n<p><strong>Indice de chaleur<\/strong>\u00a0\u2013 -40 \u2013 250\u00b0F, r\u00e9sistant aux flammes selon les normes NFPA 701<\/p>\n<p class=\"p1\"><i>Remarque : Ne pas utiliser dans des environnements explosifs\u00a0<\/i><i>l\u00e0 o\u00f9 une d\u00e9charge statique pourrait compromettre la s\u00e9curit\u00e9<\/i><\/p>\n<\/div>","protected":false},"excerpt":{"rendered":"<p>Conduit de la plus haute qualit\u00e9 disponible sur le march\u00e9.<\/p>","protected":false},"featured_media":13007,"template":"","meta":[],"product_brand":[197],"product_cat":[129,51],"product_tag":[352],"class_list":{"0":"post-13004","1":"product","2":"type-product","3":"status-publish","4":"has-post-thumbnail","6":"product_brand-supervac","7":"product_cat-fans","8":"product_cat-rescue","9":"product_tag-supervac","11":"first","12":"instock","13":"shipping-taxable","14":"product-type-simple"},"yoast_head":"<!-- This site is optimized with the Yoast SEO plugin v27.5 - https:\/\/yoast.com\/product\/yoast-seo-wordpress\/ -->\n<title>Spiral Duct - Safety Source Fire<\/title>\n<meta name=\"robots\" content=\"index, follow, max-snippet:-1, max-image-preview:large, max-video-preview:-1\" \/>\n<link rel=\"canonical\" href=\"https:\/\/safetysourcefire.ca\/fr\/produit\/spiral-duct\/\" \/>\n<meta property=\"og:locale\" content=\"fr_CA\" \/>\n<meta property=\"og:type\" content=\"article\" \/>\n<meta property=\"og:title\" content=\"Spiral Duct - Safety Source Fire\" \/>\n<meta property=\"og:description\" content=\"This is the highest quality duct made.\" \/>\n<meta property=\"og:url\" content=\"https:\/\/safetysourcefire.ca\/fr\/produit\/spiral-duct\/\" \/>\n<meta property=\"og:site_name\" content=\"Safety Source Fire\" \/>\n<meta property=\"article:publisher\" content=\"https:\/\/www.facebook.com\/mmfssca\" \/>\n<meta property=\"article:modified_time\" content=\"2019-12-04T20:18:45+00:00\" \/>\n<meta property=\"og:image\" content=\"https:\/\/safetysourcefire.ca\/wp-content\/uploads\/2019\/11\/SpiralDuctWhole.jpg\" \/>\n\t<meta property=\"og:image:width\" content=\"600\" \/>\n\t<meta property=\"og:image:height\" content=\"600\" \/>\n\t<meta property=\"og:image:type\" content=\"image\/jpeg\" \/>\n<meta name=\"twitter:card\" content=\"summary_large_image\" \/>\n<meta name=\"twitter:site\" content=\"@mmfssca\" \/>\n<meta name=\"twitter:label1\" content=\"Estimation du temps de lecture\" \/>\n\t<meta name=\"twitter:data1\" content=\"1 minute\" \/>\n<script type=\"application\/ld+json\" class=\"yoast-schema-graph\">{\"@context\":\"https:\\\/\\\/schema.org\",\"@graph\":[{\"@type\":\"WebPage\",\"@id\":\"https:\\\/\\\/safetysourcefire.ca\\\/product\\\/spiral-duct\\\/\",\"url\":\"https:\\\/\\\/safetysourcefire.ca\\\/product\\\/spiral-duct\\\/\",\"name\":\"Spiral Duct - Safety Source Fire\",\"isPartOf\":{\"@id\":\"https:\\\/\\\/safetysourcefire.ca\\\/#website\"},\"primaryImageOfPage\":{\"@id\":\"https:\\\/\\\/safetysourcefire.ca\\\/product\\\/spiral-duct\\\/#primaryimage\"},\"image\":{\"@id\":\"https:\\\/\\\/safetysourcefire.ca\\\/product\\\/spiral-duct\\\/#primaryimage\"},\"thumbnailUrl\":\"https:\\\/\\\/safetysourcefire.ca\\\/wp-content\\\/uploads\\\/2019\\\/11\\\/SpiralDuctWhole.jpg\",\"datePublished\":\"2019-11-19T19:13:49+00:00\",\"dateModified\":\"2019-12-04T20:18:45+00:00\",\"breadcrumb\":{\"@id\":\"https:\\\/\\\/safetysourcefire.ca\\\/product\\\/spiral-duct\\\/#breadcrumb\"},\"inLanguage\":\"fr-CA\",\"potentialAction\":[{\"@type\":\"ReadAction\",\"target\":[\"https:\\\/\\\/safetysourcefire.ca\\\/product\\\/spiral-duct\\\/\"]}]},{\"@type\":\"ImageObject\",\"inLanguage\":\"fr-CA\",\"@id\":\"https:\\\/\\\/safetysourcefire.ca\\\/product\\\/spiral-duct\\\/#primaryimage\",\"url\":\"https:\\\/\\\/safetysourcefire.ca\\\/wp-content\\\/uploads\\\/2019\\\/11\\\/SpiralDuctWhole.jpg\",\"contentUrl\":\"https:\\\/\\\/safetysourcefire.ca\\\/wp-content\\\/uploads\\\/2019\\\/11\\\/SpiralDuctWhole.jpg\",\"width\":600,\"height\":600,\"caption\":\"yellow duct\"},{\"@type\":\"BreadcrumbList\",\"@id\":\"https:\\\/\\\/safetysourcefire.ca\\\/product\\\/spiral-duct\\\/#breadcrumb\",\"itemListElement\":[{\"@type\":\"ListItem\",\"position\":1,\"name\":\"Home\",\"item\":\"https:\\\/\\\/safetysourcefire.ca\\\/\"},{\"@type\":\"ListItem\",\"position\":2,\"name\":\"Products\",\"item\":\"https:\\\/\\\/safetysourcefire.ca\\\/shop\\\/\"},{\"@type\":\"ListItem\",\"position\":3,\"name\":\"Spiral Duct\"}]},{\"@type\":\"WebSite\",\"@id\":\"https:\\\/\\\/safetysourcefire.ca\\\/#website\",\"url\":\"https:\\\/\\\/safetysourcefire.ca\\\/\",\"name\":\"Safety Source Fire\",\"description\":\"\",\"publisher\":{\"@id\":\"https:\\\/\\\/safetysourcefire.ca\\\/#organization\"},\"potentialAction\":[{\"@type\":\"SearchAction\",\"target\":{\"@type\":\"EntryPoint\",\"urlTemplate\":\"https:\\\/\\\/safetysourcefire.ca\\\/?s={search_term_string}\"},\"query-input\":{\"@type\":\"PropertyValueSpecification\",\"valueRequired\":true,\"valueName\":\"search_term_string\"}}],\"inLanguage\":\"fr-CA\"},{\"@type\":\"Organization\",\"@id\":\"https:\\\/\\\/safetysourcefire.ca\\\/#organization\",\"name\":\"Safety Source Fire\",\"url\":\"https:\\\/\\\/safetysourcefire.ca\\\/\",\"logo\":{\"@type\":\"ImageObject\",\"inLanguage\":\"fr-CA\",\"@id\":\"https:\\\/\\\/safetysourcefire.ca\\\/#\\\/schema\\\/logo\\\/image\\\/\",\"url\":\"https:\\\/\\\/safetysourcefire.ca\\\/wp-content\\\/uploads\\\/2021\\\/01\\\/SSF_logo_CC0000-3.png\",\"contentUrl\":\"https:\\\/\\\/safetysourcefire.ca\\\/wp-content\\\/uploads\\\/2021\\\/01\\\/SSF_logo_CC0000-3.png\",\"width\":1107,\"height\":365,\"caption\":\"Safety Source Fire\"},\"image\":{\"@id\":\"https:\\\/\\\/safetysourcefire.ca\\\/#\\\/schema\\\/logo\\\/image\\\/\"},\"sameAs\":[\"https:\\\/\\\/www.facebook.com\\\/mmfssca\",\"https:\\\/\\\/x.com\\\/mmfssca\"]}]}<\/script>\n<!-- \/ Yoast SEO plugin. -->","yoast_head_json":{"title":"Conduit spiral\u00e9 - Source de s\u00e9curit\u00e9 incendie","robots":{"index":"index","follow":"follow","max-snippet":"max-snippet:-1","max-image-preview":"max-image-preview:large","max-video-preview":"max-video-preview:-1"},"canonical":"https:\/\/safetysourcefire.ca\/fr\/produit\/spiral-duct\/","og_locale":"fr_CA","og_type":"article","og_title":"Spiral Duct - Safety Source Fire","og_description":"This is the highest quality duct made.","og_url":"https:\/\/safetysourcefire.ca\/fr\/produit\/spiral-duct\/","og_site_name":"Safety Source Fire","article_publisher":"https:\/\/www.facebook.com\/mmfssca","article_modified_time":"2019-12-04T20:18:45+00:00","og_image":[{"width":600,"height":600,"url":"https:\/\/safetysourcefire.ca\/wp-content\/uploads\/2019\/11\/SpiralDuctWhole.jpg","type":"image\/jpeg"}],"twitter_card":"summary_large_image","twitter_site":"@mmfssca","twitter_misc":{"Estimation du temps de lecture":"1 minute"},"schema":{"@context":"https:\/\/schema.org","@graph":[{"@type":"WebPage","@id":"https:\/\/safetysourcefire.ca\/product\/spiral-duct\/","url":"https:\/\/safetysourcefire.ca\/product\/spiral-duct\/","name":"Conduit spiral\u00e9 - Source de s\u00e9curit\u00e9 incendie","isPartOf":{"@id":"https:\/\/safetysourcefire.ca\/#website"},"primaryImageOfPage":{"@id":"https:\/\/safetysourcefire.ca\/product\/spiral-duct\/#primaryimage"},"image":{"@id":"https:\/\/safetysourcefire.ca\/product\/spiral-duct\/#primaryimage"},"thumbnailUrl":"https:\/\/safetysourcefire.ca\/wp-content\/uploads\/2019\/11\/SpiralDuctWhole.jpg","datePublished":"2019-11-19T19:13:49+00:00","dateModified":"2019-12-04T20:18:45+00:00","breadcrumb":{"@id":"https:\/\/safetysourcefire.ca\/product\/spiral-duct\/#breadcrumb"},"inLanguage":"fr-CA","potentialAction":[{"@type":"ReadAction","target":["https:\/\/safetysourcefire.ca\/product\/spiral-duct\/"]}]},{"@type":"ImageObject","inLanguage":"fr-CA","@id":"https:\/\/safetysourcefire.ca\/product\/spiral-duct\/#primaryimage","url":"https:\/\/safetysourcefire.ca\/wp-content\/uploads\/2019\/11\/SpiralDuctWhole.jpg","contentUrl":"https:\/\/safetysourcefire.ca\/wp-content\/uploads\/2019\/11\/SpiralDuctWhole.jpg","width":600,"height":600,"caption":"yellow duct"},{"@type":"BreadcrumbList","@id":"https:\/\/safetysourcefire.ca\/product\/spiral-duct\/#breadcrumb","itemListElement":[{"@type":"ListItem","position":1,"name":"Home","item":"https:\/\/safetysourcefire.ca\/"},{"@type":"ListItem","position":2,"name":"Products","item":"https:\/\/safetysourcefire.ca\/shop\/"},{"@type":"ListItem","position":3,"name":"Spiral Duct"}]},{"@type":"WebSite","@id":"https:\/\/safetysourcefire.ca\/#website","url":"https:\/\/safetysourcefire.ca\/","name":"Safety Source Fire","description":"","publisher":{"@id":"https:\/\/safetysourcefire.ca\/#organization"},"potentialAction":[{"@type":"SearchAction","target":{"@type":"EntryPoint","urlTemplate":"https:\/\/safetysourcefire.ca\/?s={search_term_string}"},"query-input":{"@type":"PropertyValueSpecification","valueRequired":true,"valueName":"search_term_string"}}],"inLanguage":"fr-CA"},{"@type":"Organization","@id":"https:\/\/safetysourcefire.ca\/#organization","name":"Safety Source Fire","url":"https:\/\/safetysourcefire.ca\/","logo":{"@type":"ImageObject","inLanguage":"fr-CA","@id":"https:\/\/safetysourcefire.ca\/#\/schema\/logo\/image\/","url":"https:\/\/safetysourcefire.ca\/wp-content\/uploads\/2021\/01\/SSF_logo_CC0000-3.png","contentUrl":"https:\/\/safetysourcefire.ca\/wp-content\/uploads\/2021\/01\/SSF_logo_CC0000-3.png","width":1107,"height":365,"caption":"Safety Source Fire"},"image":{"@id":"https:\/\/safetysourcefire.ca\/#\/schema\/logo\/image\/"},"sameAs":["https:\/\/www.facebook.com\/mmfssca","https:\/\/x.com\/mmfssca"]}]}},"_links":{"self":[{"href":"https:\/\/safetysourcefire.ca\/fr\/wp-json\/wp\/v2\/product\/13004","targetHints":{"allow":["GET"]}}],"collection":[{"href":"https:\/\/safetysourcefire.ca\/fr\/wp-json\/wp\/v2\/product"}],"about":[{"href":"https:\/\/safetysourcefire.ca\/fr\/wp-json\/wp\/v2\/types\/product"}],"wp:featuredmedia":[{"embeddable":true,"href":"https:\/\/safetysourcefire.ca\/fr\/wp-json\/wp\/v2\/media\/13007"}],"wp:attachment":[{"href":"https:\/\/safetysourcefire.ca\/fr\/wp-json\/wp\/v2\/media?parent=13004"}],"wp:term":[{"taxonomy":"product_brand","embeddable":true,"href":"https:\/\/safetysourcefire.ca\/fr\/wp-json\/wp\/v2\/product_brand?post=13004"},{"taxonomy":"product_cat","embeddable":true,"href":"https:\/\/safetysourcefire.ca\/fr\/wp-json\/wp\/v2\/product_cat?post=13004"},{"taxonomy":"product_tag","embeddable":true,"href":"https:\/\/safetysourcefire.ca\/fr\/wp-json\/wp\/v2\/product_tag?post=13004"}],"curies":[{"name":"wp","href":"https:\/\/api.w.org\/{rel}","templated":true}]}}