{"id":1514,"date":"2017-05-18T16:55:10","date_gmt":"2017-05-18T16:55:10","guid":{"rendered":"http:\/\/mmfss.ca\/?post_type=product&#038;p=1514"},"modified":"2020-05-01T17:59:57","modified_gmt":"2020-05-01T17:59:57","slug":"trauma-air-management-bag-ii","status":"publish","type":"product","link":"https:\/\/safetysourcefire.ca\/fr\/produit\/trauma-air-management-bag-ii\/","title":{"rendered":"Sac professionnel de traumatologie ''Trauma \/ Air Management II''"},"content":{"rendered":"<p>Le sac ''Trauma Air Management Bag II'' de Ferno offre un acc\u00e8s rapide \u00e0 l'oxyg\u00e8ne via la poche d'extr\u00e9mit\u00e9 ou depuis le compartiment principal. Les sacs de traumatologie professionnels de Ferno comprennent des caract\u00e9ristiques durables telles que les constructions DuPont\u00ae et Cordura\u00ae, les fermetures \u00e0 glissi\u00e8re YKK\u00ae et la mousse structurelle Plastazote\u00ae \u00e0 double densit\u00e9. Les caract\u00e9ristiques suppl\u00e9mentaires incluent des renforts et des inserts amovibles pour une configuration personnalis\u00e9e, des bretelles dissimul\u00e9es, des \u00e9tiquettes r\u00e9fl\u00e9chissantes et un fond rempla\u00e7able qui prot\u00e8ge le sac du sol humide. Chaque sac est couvert par une garantie \u00e0 vie limit\u00e9e. Disponible en bleu ou rouge.<\/p>\n<p>Mod\u00e8le 5110<\/p>\n<div>\n<h3>FONCTIONNALIT\u00c9S<\/h3>\n<ul>\n<li>Construction durable DuPont\u00ae Cordura\u00ae ; Fermetures \u00e9clair YKK\u00ae<\/li>\n<li>Mousse structurelle Plastizote\u00ae double densit\u00e9 de haute qualit\u00e9 pour la plus longue dur\u00e9e de vie<\/li>\n<li>Disponible en bleu ou rouge<\/li>\n<\/ul>\n<\/div>\n<div>\n<h3>AVANTAGES<\/h3>\n<ul>\n<li>Syst\u00e8me de harnais de sac \u00e0 dos escamotable<\/li>\n<li>Acc\u00e8s \u00e0 l&#039;oxyg\u00e8ne par la poche d&#039;extr\u00e9mit\u00e9 ou depuis le compartiment principal<\/li>\n<li>Fond imperm\u00e9able rempla\u00e7able<\/li>\n<li>Rangement r\u00e9glable dans le compartiment principal<\/li>\n<li>Compatible mini-sac<\/li>\n<\/ul>\n<\/div>\n<table class=\"spec_table\" border=\"0\" width=\"100%\" cellspacing=\"0\" cellpadding=\"4\">\n<tbody>\n<tr>\n<td colspan=\"2\" bgcolor=\"#dddddd\"><strong>Hauteur<\/strong><\/td>\n<\/tr>\n<tr align=\"center\">\n<td>15 pouces<\/td>\n<td>38cm<\/td>\n<\/tr>\n<tr>\n<td colspan=\"2\" bgcolor=\"#dddddd\"><strong>Longueur<\/strong><\/td>\n<\/tr>\n<tr align=\"center\">\n<td>25 pouces<\/td>\n<td>64cm<\/td>\n<\/tr>\n<tr>\n<td colspan=\"2\" bgcolor=\"#dddddd\"><strong>Largeur<\/strong><\/td>\n<\/tr>\n<tr align=\"center\">\n<td>11 dans<\/td>\n<td>28cm<\/td>\n<\/tr>\n<\/tbody>\n<\/table>","protected":false},"excerpt":{"rendered":"<p>Le sac ''Trauma \/ Air Management II''  de Ferno est con\u00e7u pour accommoder le format des outils derniers cris et il est adapt\u00e9 aux besoins des professionnels d'aujourd'hui.<\/p>","protected":false},"featured_media":1478,"template":"","meta":[],"product_brand":[168],"product_cat":[117,462,49,466],"product_tag":[288],"class_list":{"0":"post-1514","1":"product","2":"type-product","3":"status-publish","4":"has-post-thumbnail","6":"product_brand-ferno","7":"product_cat-bags-cases-and-storage","8":"product_cat-emergency-preparedness","9":"product_cat-medical","10":"product_cat-pandemic","11":"product_tag-ferno","13":"first","14":"instock","15":"shipping-taxable","16":"product-type-simple"},"yoast_head":"<!-- This site is optimized with the Yoast SEO plugin v27.4 - https:\/\/yoast.com\/product\/yoast-seo-wordpress\/ -->\n<title>Trauma \/Air Management Bag II - Safety Source Fire<\/title>\n<meta name=\"robots\" content=\"index, follow, max-snippet:-1, max-image-preview:large, max-video-preview:-1\" \/>\n<link rel=\"canonical\" href=\"https:\/\/safetysourcefire.ca\/fr\/?product=trauma-air-management-bag-ii\" \/>\n<meta property=\"og:locale\" content=\"fr_CA\" \/>\n<meta property=\"og:type\" content=\"article\" \/>\n<meta property=\"og:title\" content=\"Trauma \/Air Management Bag II - Safety Source Fire\" \/>\n<meta property=\"og:description\" content=\"Ferno&#039;s Trauma \/Air Management Bag II is designed for today&#039;s tools and today&#039;s emergency professionals.\" \/>\n<meta property=\"og:url\" content=\"https:\/\/safetysourcefire.ca\/fr\/?product=trauma-air-management-bag-ii\" \/>\n<meta property=\"og:site_name\" content=\"Safety Source Fire\" \/>\n<meta property=\"article:publisher\" content=\"https:\/\/www.facebook.com\/mmfssca\" \/>\n<meta property=\"article:modified_time\" content=\"2020-05-01T17:59:57+00:00\" \/>\n<meta property=\"og:image\" content=\"https:\/\/safetysourcefire.ca\/wp-content\/uploads\/2017\/05\/Ferno-MB5110.jpg\" \/>\n\t<meta property=\"og:image:width\" content=\"600\" \/>\n\t<meta property=\"og:image:height\" content=\"600\" \/>\n\t<meta property=\"og:image:type\" content=\"image\/jpeg\" \/>\n<meta name=\"twitter:card\" content=\"summary_large_image\" \/>\n<meta name=\"twitter:site\" content=\"@mmfssca\" \/>\n<meta name=\"twitter:label1\" content=\"Estimation du temps de lecture\" \/>\n\t<meta name=\"twitter:data1\" content=\"1 minute\" \/>\n<script type=\"application\/ld+json\" class=\"yoast-schema-graph\">{\"@context\":\"https:\\\/\\\/schema.org\",\"@graph\":[{\"@type\":\"WebPage\",\"@id\":\"https:\\\/\\\/safetysourcefire.ca\\\/?product=trauma-air-management-bag-ii\",\"url\":\"https:\\\/\\\/safetysourcefire.ca\\\/?product=trauma-air-management-bag-ii\",\"name\":\"Trauma \\\/Air Management Bag II - Safety Source Fire\",\"isPartOf\":{\"@id\":\"https:\\\/\\\/safetysourcefire.ca\\\/#website\"},\"primaryImageOfPage\":{\"@id\":\"https:\\\/\\\/safetysourcefire.ca\\\/?product=trauma-air-management-bag-ii#primaryimage\"},\"image\":{\"@id\":\"https:\\\/\\\/safetysourcefire.ca\\\/?product=trauma-air-management-bag-ii#primaryimage\"},\"thumbnailUrl\":\"https:\\\/\\\/safetysourcefire.ca\\\/wp-content\\\/uploads\\\/2017\\\/05\\\/Ferno-MB5110.jpg\",\"datePublished\":\"2017-05-18T16:55:10+00:00\",\"dateModified\":\"2020-05-01T17:59:57+00:00\",\"breadcrumb\":{\"@id\":\"https:\\\/\\\/safetysourcefire.ca\\\/?product=trauma-air-management-bag-ii#breadcrumb\"},\"inLanguage\":\"fr-CA\",\"potentialAction\":[{\"@type\":\"ReadAction\",\"target\":[\"https:\\\/\\\/safetysourcefire.ca\\\/?product=trauma-air-management-bag-ii\"]}]},{\"@type\":\"ImageObject\",\"inLanguage\":\"fr-CA\",\"@id\":\"https:\\\/\\\/safetysourcefire.ca\\\/?product=trauma-air-management-bag-ii#primaryimage\",\"url\":\"https:\\\/\\\/safetysourcefire.ca\\\/wp-content\\\/uploads\\\/2017\\\/05\\\/Ferno-MB5110.jpg\",\"contentUrl\":\"https:\\\/\\\/safetysourcefire.ca\\\/wp-content\\\/uploads\\\/2017\\\/05\\\/Ferno-MB5110.jpg\",\"width\":600,\"height\":600,\"caption\":\"Trauma \\\/Air Management Bag II\"},{\"@type\":\"BreadcrumbList\",\"@id\":\"https:\\\/\\\/safetysourcefire.ca\\\/?product=trauma-air-management-bag-ii#breadcrumb\",\"itemListElement\":[{\"@type\":\"ListItem\",\"position\":1,\"name\":\"Home\",\"item\":\"https:\\\/\\\/safetysourcefire.ca\\\/\"},{\"@type\":\"ListItem\",\"position\":2,\"name\":\"Products\",\"item\":\"https:\\\/\\\/safetysourcefire.ca\\\/shop\\\/\"},{\"@type\":\"ListItem\",\"position\":3,\"name\":\"Trauma \\\/Air Management Bag II\"}]},{\"@type\":\"WebSite\",\"@id\":\"https:\\\/\\\/safetysourcefire.ca\\\/#website\",\"url\":\"https:\\\/\\\/safetysourcefire.ca\\\/\",\"name\":\"Safety Source Fire\",\"description\":\"\",\"publisher\":{\"@id\":\"https:\\\/\\\/safetysourcefire.ca\\\/#organization\"},\"potentialAction\":[{\"@type\":\"SearchAction\",\"target\":{\"@type\":\"EntryPoint\",\"urlTemplate\":\"https:\\\/\\\/safetysourcefire.ca\\\/?s={search_term_string}\"},\"query-input\":{\"@type\":\"PropertyValueSpecification\",\"valueRequired\":true,\"valueName\":\"search_term_string\"}}],\"inLanguage\":\"fr-CA\"},{\"@type\":\"Organization\",\"@id\":\"https:\\\/\\\/safetysourcefire.ca\\\/#organization\",\"name\":\"Safety Source Fire\",\"url\":\"https:\\\/\\\/safetysourcefire.ca\\\/\",\"logo\":{\"@type\":\"ImageObject\",\"inLanguage\":\"fr-CA\",\"@id\":\"https:\\\/\\\/safetysourcefire.ca\\\/#\\\/schema\\\/logo\\\/image\\\/\",\"url\":\"https:\\\/\\\/safetysourcefire.ca\\\/wp-content\\\/uploads\\\/2021\\\/01\\\/SSF_logo_CC0000-3.png\",\"contentUrl\":\"https:\\\/\\\/safetysourcefire.ca\\\/wp-content\\\/uploads\\\/2021\\\/01\\\/SSF_logo_CC0000-3.png\",\"width\":1107,\"height\":365,\"caption\":\"Safety Source Fire\"},\"image\":{\"@id\":\"https:\\\/\\\/safetysourcefire.ca\\\/#\\\/schema\\\/logo\\\/image\\\/\"},\"sameAs\":[\"https:\\\/\\\/www.facebook.com\\\/mmfssca\",\"https:\\\/\\\/x.com\\\/mmfssca\"]}]}<\/script>\n<!-- \/ Yoast SEO plugin. -->","yoast_head_json":{"title":"Trauma \/Air Management Bag II - Safety Source Fire","robots":{"index":"index","follow":"follow","max-snippet":"max-snippet:-1","max-image-preview":"max-image-preview:large","max-video-preview":"max-video-preview:-1"},"canonical":"https:\/\/safetysourcefire.ca\/fr\/?product=trauma-air-management-bag-ii","og_locale":"fr_CA","og_type":"article","og_title":"Trauma \/Air Management Bag II - Safety Source Fire","og_description":"Ferno's Trauma \/Air Management Bag II is designed for today's tools and today's emergency professionals.","og_url":"https:\/\/safetysourcefire.ca\/fr\/?product=trauma-air-management-bag-ii","og_site_name":"Safety Source Fire","article_publisher":"https:\/\/www.facebook.com\/mmfssca","article_modified_time":"2020-05-01T17:59:57+00:00","og_image":[{"width":600,"height":600,"url":"https:\/\/safetysourcefire.ca\/wp-content\/uploads\/2017\/05\/Ferno-MB5110.jpg","type":"image\/jpeg"}],"twitter_card":"summary_large_image","twitter_site":"@mmfssca","twitter_misc":{"Estimation du temps de lecture":"1 minute"},"schema":{"@context":"https:\/\/schema.org","@graph":[{"@type":"WebPage","@id":"https:\/\/safetysourcefire.ca\/?product=trauma-air-management-bag-ii","url":"https:\/\/safetysourcefire.ca\/?product=trauma-air-management-bag-ii","name":"Trauma \/Air Management Bag II - Safety Source Fire","isPartOf":{"@id":"https:\/\/safetysourcefire.ca\/#website"},"primaryImageOfPage":{"@id":"https:\/\/safetysourcefire.ca\/?product=trauma-air-management-bag-ii#primaryimage"},"image":{"@id":"https:\/\/safetysourcefire.ca\/?product=trauma-air-management-bag-ii#primaryimage"},"thumbnailUrl":"https:\/\/safetysourcefire.ca\/wp-content\/uploads\/2017\/05\/Ferno-MB5110.jpg","datePublished":"2017-05-18T16:55:10+00:00","dateModified":"2020-05-01T17:59:57+00:00","breadcrumb":{"@id":"https:\/\/safetysourcefire.ca\/?product=trauma-air-management-bag-ii#breadcrumb"},"inLanguage":"fr-CA","potentialAction":[{"@type":"ReadAction","target":["https:\/\/safetysourcefire.ca\/?product=trauma-air-management-bag-ii"]}]},{"@type":"ImageObject","inLanguage":"fr-CA","@id":"https:\/\/safetysourcefire.ca\/?product=trauma-air-management-bag-ii#primaryimage","url":"https:\/\/safetysourcefire.ca\/wp-content\/uploads\/2017\/05\/Ferno-MB5110.jpg","contentUrl":"https:\/\/safetysourcefire.ca\/wp-content\/uploads\/2017\/05\/Ferno-MB5110.jpg","width":600,"height":600,"caption":"Trauma \/Air Management Bag II"},{"@type":"BreadcrumbList","@id":"https:\/\/safetysourcefire.ca\/?product=trauma-air-management-bag-ii#breadcrumb","itemListElement":[{"@type":"ListItem","position":1,"name":"Home","item":"https:\/\/safetysourcefire.ca\/"},{"@type":"ListItem","position":2,"name":"Products","item":"https:\/\/safetysourcefire.ca\/shop\/"},{"@type":"ListItem","position":3,"name":"Trauma \/Air Management Bag II"}]},{"@type":"WebSite","@id":"https:\/\/safetysourcefire.ca\/#website","url":"https:\/\/safetysourcefire.ca\/","name":"Safety Source Fire","description":"","publisher":{"@id":"https:\/\/safetysourcefire.ca\/#organization"},"potentialAction":[{"@type":"SearchAction","target":{"@type":"EntryPoint","urlTemplate":"https:\/\/safetysourcefire.ca\/?s={search_term_string}"},"query-input":{"@type":"PropertyValueSpecification","valueRequired":true,"valueName":"search_term_string"}}],"inLanguage":"fr-CA"},{"@type":"Organization","@id":"https:\/\/safetysourcefire.ca\/#organization","name":"Safety Source Fire","url":"https:\/\/safetysourcefire.ca\/","logo":{"@type":"ImageObject","inLanguage":"fr-CA","@id":"https:\/\/safetysourcefire.ca\/#\/schema\/logo\/image\/","url":"https:\/\/safetysourcefire.ca\/wp-content\/uploads\/2021\/01\/SSF_logo_CC0000-3.png","contentUrl":"https:\/\/safetysourcefire.ca\/wp-content\/uploads\/2021\/01\/SSF_logo_CC0000-3.png","width":1107,"height":365,"caption":"Safety Source Fire"},"image":{"@id":"https:\/\/safetysourcefire.ca\/#\/schema\/logo\/image\/"},"sameAs":["https:\/\/www.facebook.com\/mmfssca","https:\/\/x.com\/mmfssca"]}]}},"_links":{"self":[{"href":"https:\/\/safetysourcefire.ca\/fr\/wp-json\/wp\/v2\/product\/1514","targetHints":{"allow":["GET"]}}],"collection":[{"href":"https:\/\/safetysourcefire.ca\/fr\/wp-json\/wp\/v2\/product"}],"about":[{"href":"https:\/\/safetysourcefire.ca\/fr\/wp-json\/wp\/v2\/types\/product"}],"wp:featuredmedia":[{"embeddable":true,"href":"https:\/\/safetysourcefire.ca\/fr\/wp-json\/wp\/v2\/media\/1478"}],"wp:attachment":[{"href":"https:\/\/safetysourcefire.ca\/fr\/wp-json\/wp\/v2\/media?parent=1514"}],"wp:term":[{"taxonomy":"product_brand","embeddable":true,"href":"https:\/\/safetysourcefire.ca\/fr\/wp-json\/wp\/v2\/product_brand?post=1514"},{"taxonomy":"product_cat","embeddable":true,"href":"https:\/\/safetysourcefire.ca\/fr\/wp-json\/wp\/v2\/product_cat?post=1514"},{"taxonomy":"product_tag","embeddable":true,"href":"https:\/\/safetysourcefire.ca\/fr\/wp-json\/wp\/v2\/product_tag?post=1514"}],"curies":[{"name":"wp","href":"https:\/\/api.w.org\/{rel}","templated":true}]}}