{"id":1516,"date":"2017-05-18T16:59:22","date_gmt":"2017-05-18T16:59:22","guid":{"rendered":"http:\/\/mmfss.ca\/?post_type=product&#038;p=1516"},"modified":"2018-03-19T14:17:54","modified_gmt":"2018-03-19T14:17:54","slug":"oregon-spine-splint-ii-oss-ii","status":"publish","type":"product","link":"https:\/\/safetysourcefire.ca\/fr\/produit\/oregon-spine-splint-ii-oss-ii\/","title":{"rendered":"Dispositif Oregon \u2122 Spine Splint II, OSS II \u2122"},"content":{"rendered":"<p>Un compagnon id\u00e9al pour le syst\u00e8me de civi\u00e8re Sked\u00ae. Lorsqu'il est correctement utilis\u00e9, l'OSS II permet de retirer les patients des sites de blessures sans endommager davantage leur colonne vert\u00e9brale. La conception unique de la bandouli\u00e8re crois\u00e9e permet une immobilisation sup\u00e9rieure sans restreindre la respiration et, pour les fractures de la clavicule, il peut \u00eatre reconfigur\u00e9 pour r\u00e9tracter et immobiliser les \u00e9paules. L'OSS II est con\u00e7u pour fournir un acc\u00e8s facile \u00e0 la zone thoracique ou abdominale du patient pour le traitement ou les proc\u00e9dures de diagnostic. Il peut \u00eatre utilis\u00e9 \u00e0 la place d'un panneau arri\u00e8re court conventionnel, comme attelle de hanche ou encore comme attelle de jambe. L'OSS II comprend une \u00e9paulette que seul se mod\u00e8le poss\u00e8de. Notez bien que l'OSS peut \u00eatre utilis\u00e9 pour \u00e9viter la compression des \u00e9paules lors de l'utilisation d'une civi\u00e8re flexible.<\/p>","protected":false},"excerpt":{"rendered":"<p>Oregon \u2122 Spine Splint II, OSS II \u2122 est un dispositif d'extirpation qui permet d'immobiliser la colonne vert\u00e9brale. Il est le seul dispositif de ce type qui r\u00e9pond \u00e0 tous les crit\u00e8res \u00e9tablis pour l'immobilisation d'un patient assis.<\/p>","protected":false},"featured_media":1489,"template":"","meta":[],"product_brand":[169],"product_cat":[117,118,49],"product_tag":[344],"class_list":{"0":"post-1516","1":"product","2":"type-product","3":"status-publish","4":"has-post-thumbnail","6":"product_brand-skedco","7":"product_cat-bags-cases-and-storage","8":"product_cat-extrication","9":"product_cat-medical","10":"product_tag-skedco","12":"first","13":"instock","14":"shipping-taxable","15":"product-type-simple"},"yoast_head":"<!-- This site is optimized with the Yoast SEO plugin v27.4 - https:\/\/yoast.com\/product\/yoast-seo-wordpress\/ -->\n<title>Oregon\u2122 Spine Splint II, OSS II\u2122 - Safety Source Fire<\/title>\n<meta name=\"robots\" content=\"index, follow, max-snippet:-1, max-image-preview:large, max-video-preview:-1\" \/>\n<link rel=\"canonical\" href=\"https:\/\/safetysourcefire.ca\/fr\/?product=oregon-spine-splint-ii-oss-ii\" \/>\n<meta property=\"og:locale\" content=\"fr_CA\" \/>\n<meta property=\"og:type\" content=\"article\" \/>\n<meta property=\"og:title\" content=\"Oregon\u2122 Spine Splint II, OSS II\u2122 - Safety Source Fire\" \/>\n<meta property=\"og:description\" content=\"Oregon\u2122 Spine Splint II, OSS II\u2122, spinal immobilization\/extrication device is the only device of its type available that meets all of the established criteria for immobilizing a seated patient.\" \/>\n<meta property=\"og:url\" content=\"https:\/\/safetysourcefire.ca\/fr\/?product=oregon-spine-splint-ii-oss-ii\" \/>\n<meta property=\"og:site_name\" content=\"Safety Source Fire\" \/>\n<meta property=\"article:publisher\" content=\"https:\/\/www.facebook.com\/mmfssca\" \/>\n<meta property=\"article:modified_time\" content=\"2018-03-19T14:17:54+00:00\" \/>\n<meta property=\"og:image\" content=\"https:\/\/safetysourcefire.ca\/wp-content\/uploads\/2017\/05\/SK-300-OR-1.jpg\" \/>\n\t<meta property=\"og:image:width\" content=\"600\" \/>\n\t<meta property=\"og:image:height\" content=\"600\" \/>\n\t<meta property=\"og:image:type\" content=\"image\/jpeg\" \/>\n<meta name=\"twitter:card\" content=\"summary_large_image\" \/>\n<meta name=\"twitter:site\" content=\"@mmfssca\" \/>\n<meta name=\"twitter:label1\" content=\"Estimation du temps de lecture\" \/>\n\t<meta name=\"twitter:data1\" content=\"1 minute\" \/>\n<script type=\"application\/ld+json\" class=\"yoast-schema-graph\">{\"@context\":\"https:\\\/\\\/schema.org\",\"@graph\":[{\"@type\":\"WebPage\",\"@id\":\"https:\\\/\\\/safetysourcefire.ca\\\/?product=oregon-spine-splint-ii-oss-ii\",\"url\":\"https:\\\/\\\/safetysourcefire.ca\\\/?product=oregon-spine-splint-ii-oss-ii\",\"name\":\"Oregon\u2122 Spine Splint II, OSS II\u2122 - Safety Source Fire\",\"isPartOf\":{\"@id\":\"https:\\\/\\\/safetysourcefire.ca\\\/#website\"},\"primaryImageOfPage\":{\"@id\":\"https:\\\/\\\/safetysourcefire.ca\\\/?product=oregon-spine-splint-ii-oss-ii#primaryimage\"},\"image\":{\"@id\":\"https:\\\/\\\/safetysourcefire.ca\\\/?product=oregon-spine-splint-ii-oss-ii#primaryimage\"},\"thumbnailUrl\":\"https:\\\/\\\/safetysourcefire.ca\\\/wp-content\\\/uploads\\\/2017\\\/05\\\/SK-300-OR-1.jpg\",\"datePublished\":\"2017-05-18T16:59:22+00:00\",\"dateModified\":\"2018-03-19T14:17:54+00:00\",\"breadcrumb\":{\"@id\":\"https:\\\/\\\/safetysourcefire.ca\\\/?product=oregon-spine-splint-ii-oss-ii#breadcrumb\"},\"inLanguage\":\"fr-CA\",\"potentialAction\":[{\"@type\":\"ReadAction\",\"target\":[\"https:\\\/\\\/safetysourcefire.ca\\\/?product=oregon-spine-splint-ii-oss-ii\"]}]},{\"@type\":\"ImageObject\",\"inLanguage\":\"fr-CA\",\"@id\":\"https:\\\/\\\/safetysourcefire.ca\\\/?product=oregon-spine-splint-ii-oss-ii#primaryimage\",\"url\":\"https:\\\/\\\/safetysourcefire.ca\\\/wp-content\\\/uploads\\\/2017\\\/05\\\/SK-300-OR-1.jpg\",\"contentUrl\":\"https:\\\/\\\/safetysourcefire.ca\\\/wp-content\\\/uploads\\\/2017\\\/05\\\/SK-300-OR-1.jpg\",\"width\":600,\"height\":600,\"caption\":\"Oregon\u2122 Spine Splint II, OSS II\u2122, spinal immobilization\\\/extrication device\"},{\"@type\":\"BreadcrumbList\",\"@id\":\"https:\\\/\\\/safetysourcefire.ca\\\/?product=oregon-spine-splint-ii-oss-ii#breadcrumb\",\"itemListElement\":[{\"@type\":\"ListItem\",\"position\":1,\"name\":\"Home\",\"item\":\"https:\\\/\\\/safetysourcefire.ca\\\/\"},{\"@type\":\"ListItem\",\"position\":2,\"name\":\"Products\",\"item\":\"https:\\\/\\\/safetysourcefire.ca\\\/shop\\\/\"},{\"@type\":\"ListItem\",\"position\":3,\"name\":\"Oregon\u2122 Spine Splint II, OSS II\u2122\"}]},{\"@type\":\"WebSite\",\"@id\":\"https:\\\/\\\/safetysourcefire.ca\\\/#website\",\"url\":\"https:\\\/\\\/safetysourcefire.ca\\\/\",\"name\":\"Safety Source Fire\",\"description\":\"\",\"publisher\":{\"@id\":\"https:\\\/\\\/safetysourcefire.ca\\\/#organization\"},\"potentialAction\":[{\"@type\":\"SearchAction\",\"target\":{\"@type\":\"EntryPoint\",\"urlTemplate\":\"https:\\\/\\\/safetysourcefire.ca\\\/?s={search_term_string}\"},\"query-input\":{\"@type\":\"PropertyValueSpecification\",\"valueRequired\":true,\"valueName\":\"search_term_string\"}}],\"inLanguage\":\"fr-CA\"},{\"@type\":\"Organization\",\"@id\":\"https:\\\/\\\/safetysourcefire.ca\\\/#organization\",\"name\":\"Safety Source Fire\",\"url\":\"https:\\\/\\\/safetysourcefire.ca\\\/\",\"logo\":{\"@type\":\"ImageObject\",\"inLanguage\":\"fr-CA\",\"@id\":\"https:\\\/\\\/safetysourcefire.ca\\\/#\\\/schema\\\/logo\\\/image\\\/\",\"url\":\"https:\\\/\\\/safetysourcefire.ca\\\/wp-content\\\/uploads\\\/2021\\\/01\\\/SSF_logo_CC0000-3.png\",\"contentUrl\":\"https:\\\/\\\/safetysourcefire.ca\\\/wp-content\\\/uploads\\\/2021\\\/01\\\/SSF_logo_CC0000-3.png\",\"width\":1107,\"height\":365,\"caption\":\"Safety Source Fire\"},\"image\":{\"@id\":\"https:\\\/\\\/safetysourcefire.ca\\\/#\\\/schema\\\/logo\\\/image\\\/\"},\"sameAs\":[\"https:\\\/\\\/www.facebook.com\\\/mmfssca\",\"https:\\\/\\\/x.com\\\/mmfssca\"]}]}<\/script>\n<!-- \/ Yoast SEO plugin. -->","yoast_head_json":{"title":"Attelle vert\u00e9brale Oregon\u2122 II, OSS II\u2122 - Source de s\u00e9curit\u00e9 incendie","robots":{"index":"index","follow":"follow","max-snippet":"max-snippet:-1","max-image-preview":"max-image-preview:large","max-video-preview":"max-video-preview:-1"},"canonical":"https:\/\/safetysourcefire.ca\/fr\/?product=oregon-spine-splint-ii-oss-ii","og_locale":"fr_CA","og_type":"article","og_title":"Oregon\u2122 Spine Splint II, OSS II\u2122 - Safety Source Fire","og_description":"Oregon\u2122 Spine Splint II, OSS II\u2122, spinal immobilization\/extrication device is the only device of its type available that meets all of the established criteria for immobilizing a seated patient.","og_url":"https:\/\/safetysourcefire.ca\/fr\/?product=oregon-spine-splint-ii-oss-ii","og_site_name":"Safety Source Fire","article_publisher":"https:\/\/www.facebook.com\/mmfssca","article_modified_time":"2018-03-19T14:17:54+00:00","og_image":[{"width":600,"height":600,"url":"https:\/\/safetysourcefire.ca\/wp-content\/uploads\/2017\/05\/SK-300-OR-1.jpg","type":"image\/jpeg"}],"twitter_card":"summary_large_image","twitter_site":"@mmfssca","twitter_misc":{"Estimation du temps de lecture":"1 minute"},"schema":{"@context":"https:\/\/schema.org","@graph":[{"@type":"WebPage","@id":"https:\/\/safetysourcefire.ca\/?product=oregon-spine-splint-ii-oss-ii","url":"https:\/\/safetysourcefire.ca\/?product=oregon-spine-splint-ii-oss-ii","name":"Attelle vert\u00e9brale Oregon\u2122 II, OSS II\u2122 - Source de s\u00e9curit\u00e9 incendie","isPartOf":{"@id":"https:\/\/safetysourcefire.ca\/#website"},"primaryImageOfPage":{"@id":"https:\/\/safetysourcefire.ca\/?product=oregon-spine-splint-ii-oss-ii#primaryimage"},"image":{"@id":"https:\/\/safetysourcefire.ca\/?product=oregon-spine-splint-ii-oss-ii#primaryimage"},"thumbnailUrl":"https:\/\/safetysourcefire.ca\/wp-content\/uploads\/2017\/05\/SK-300-OR-1.jpg","datePublished":"2017-05-18T16:59:22+00:00","dateModified":"2018-03-19T14:17:54+00:00","breadcrumb":{"@id":"https:\/\/safetysourcefire.ca\/?product=oregon-spine-splint-ii-oss-ii#breadcrumb"},"inLanguage":"fr-CA","potentialAction":[{"@type":"ReadAction","target":["https:\/\/safetysourcefire.ca\/?product=oregon-spine-splint-ii-oss-ii"]}]},{"@type":"ImageObject","inLanguage":"fr-CA","@id":"https:\/\/safetysourcefire.ca\/?product=oregon-spine-splint-ii-oss-ii#primaryimage","url":"https:\/\/safetysourcefire.ca\/wp-content\/uploads\/2017\/05\/SK-300-OR-1.jpg","contentUrl":"https:\/\/safetysourcefire.ca\/wp-content\/uploads\/2017\/05\/SK-300-OR-1.jpg","width":600,"height":600,"caption":"Oregon\u2122 Spine Splint II, OSS II\u2122, spinal immobilization\/extrication device"},{"@type":"BreadcrumbList","@id":"https:\/\/safetysourcefire.ca\/?product=oregon-spine-splint-ii-oss-ii#breadcrumb","itemListElement":[{"@type":"ListItem","position":1,"name":"Home","item":"https:\/\/safetysourcefire.ca\/"},{"@type":"ListItem","position":2,"name":"Products","item":"https:\/\/safetysourcefire.ca\/shop\/"},{"@type":"ListItem","position":3,"name":"Oregon\u2122 Spine Splint II, OSS II\u2122"}]},{"@type":"WebSite","@id":"https:\/\/safetysourcefire.ca\/#website","url":"https:\/\/safetysourcefire.ca\/","name":"Safety Source Fire","description":"","publisher":{"@id":"https:\/\/safetysourcefire.ca\/#organization"},"potentialAction":[{"@type":"SearchAction","target":{"@type":"EntryPoint","urlTemplate":"https:\/\/safetysourcefire.ca\/?s={search_term_string}"},"query-input":{"@type":"PropertyValueSpecification","valueRequired":true,"valueName":"search_term_string"}}],"inLanguage":"fr-CA"},{"@type":"Organization","@id":"https:\/\/safetysourcefire.ca\/#organization","name":"Safety Source Fire","url":"https:\/\/safetysourcefire.ca\/","logo":{"@type":"ImageObject","inLanguage":"fr-CA","@id":"https:\/\/safetysourcefire.ca\/#\/schema\/logo\/image\/","url":"https:\/\/safetysourcefire.ca\/wp-content\/uploads\/2021\/01\/SSF_logo_CC0000-3.png","contentUrl":"https:\/\/safetysourcefire.ca\/wp-content\/uploads\/2021\/01\/SSF_logo_CC0000-3.png","width":1107,"height":365,"caption":"Safety Source Fire"},"image":{"@id":"https:\/\/safetysourcefire.ca\/#\/schema\/logo\/image\/"},"sameAs":["https:\/\/www.facebook.com\/mmfssca","https:\/\/x.com\/mmfssca"]}]}},"_links":{"self":[{"href":"https:\/\/safetysourcefire.ca\/fr\/wp-json\/wp\/v2\/product\/1516","targetHints":{"allow":["GET"]}}],"collection":[{"href":"https:\/\/safetysourcefire.ca\/fr\/wp-json\/wp\/v2\/product"}],"about":[{"href":"https:\/\/safetysourcefire.ca\/fr\/wp-json\/wp\/v2\/types\/product"}],"wp:featuredmedia":[{"embeddable":true,"href":"https:\/\/safetysourcefire.ca\/fr\/wp-json\/wp\/v2\/media\/1489"}],"wp:attachment":[{"href":"https:\/\/safetysourcefire.ca\/fr\/wp-json\/wp\/v2\/media?parent=1516"}],"wp:term":[{"taxonomy":"product_brand","embeddable":true,"href":"https:\/\/safetysourcefire.ca\/fr\/wp-json\/wp\/v2\/product_brand?post=1516"},{"taxonomy":"product_cat","embeddable":true,"href":"https:\/\/safetysourcefire.ca\/fr\/wp-json\/wp\/v2\/product_cat?post=1516"},{"taxonomy":"product_tag","embeddable":true,"href":"https:\/\/safetysourcefire.ca\/fr\/wp-json\/wp\/v2\/product_tag?post=1516"}],"curies":[{"name":"wp","href":"https:\/\/api.w.org\/{rel}","templated":true}]}}