{"id":1519,"date":"2017-05-18T18:24:25","date_gmt":"2017-05-18T18:24:25","guid":{"rendered":"http:\/\/mmfss.ca\/?post_type=product&#038;p=1519"},"modified":"2020-05-01T18:02:25","modified_gmt":"2020-05-01T18:02:25","slug":"urban-rescue-back-pack-large-a","status":"publish","type":"product","link":"https:\/\/safetysourcefire.ca\/fr\/produit\/urban-rescue-back-pack-large-a\/","title":{"rendered":"Sac \u00e0 dos de sauvetage urbain (grand - A)"},"content":{"rendered":"<p>9 petites poches, 1 longue poche (pas de manche pour bouteille d'oxyg\u00e8ne)<\/p>\n<p>Le compartiment principal est enti\u00e8rement rembourr\u00e9 avec de la mousse \u00e0 cellules ferm\u00e9es pour une protection hors paire. Toutes les poches internes sont maintenues en place par des Velcro\u00ae et sont amovibles. Le sac \u00e0 dos poss\u00e8de une poign\u00e9e de transport en toile et des bretelles rembourr\u00e9es profil\u00e9es, une sangle de poitrine et une sangle de taille. Un compartiment au dos permet de ranger les bretelles lorsqu'elles ne sont pas n\u00e9cessaires. L'ext\u00e9rieur avant poss\u00e8de un compartiment de rangement zipp\u00e9 10\u2033 L x 15\u2033 H x 3\u2033 P. De chaque c\u00f4t\u00e9 se trouve des poches amovibles 5\u2033 L x 11\u2033 H x 2\u2033 P. Des bandes r\u00e9fl\u00e9chissantes 3M\u2122 Scotchlite\u2122 sont cousues sur trois c\u00f4t\u00e9s. S\u00e9rigraphi\u00e9 avec les mots \u00ab Star of life \u00bb (\u00e9toile de vie) en blanc. Mesure 11\u2033 L x 20\u2033 H x 6\u2033 D.<\/p>","protected":false},"excerpt":{"rendered":"<p>Un v\u00e9ritable sac \u00e0 dos de sauvetage avec une grande vari\u00e9t\u00e9 d'utilisations: de la montagne, en service a\u00e9rien ou en escouade tactique, ce sac \u00e0 dos contient ce qu'il vous faut!<\/p>","protected":false},"featured_media":1482,"template":"","meta":[],"product_brand":[170],"product_cat":[117,462,49,466],"product_tag":[333],"class_list":{"0":"post-1519","1":"product","2":"type-product","3":"status-publish","4":"has-post-thumbnail","6":"product_brand-r-b-fabrications","7":"product_cat-bags-cases-and-storage","8":"product_cat-emergency-preparedness","9":"product_cat-medical","10":"product_cat-pandemic","11":"product_tag-r-b-fabrications","13":"first","14":"instock","15":"shipping-taxable","16":"product-type-simple"},"yoast_head":"<!-- This site is optimized with the Yoast SEO plugin v27.4 - https:\/\/yoast.com\/product\/yoast-seo-wordpress\/ -->\n<title>Urban Rescue Back Pack (Large - A) - Safety Source Fire<\/title>\n<meta name=\"robots\" content=\"index, follow, max-snippet:-1, max-image-preview:large, max-video-preview:-1\" \/>\n<link rel=\"canonical\" href=\"https:\/\/safetysourcefire.ca\/fr\/?product=urban-rescue-back-pack-large-a\" \/>\n<meta property=\"og:locale\" content=\"fr_CA\" \/>\n<meta property=\"og:type\" content=\"article\" \/>\n<meta property=\"og:title\" content=\"Urban Rescue Back Pack (Large - A) - Safety Source Fire\" \/>\n<meta property=\"og:description\" content=\"A true rescue back pack with a wide variety of uses from the mountains, to air service, or a squad.\" \/>\n<meta property=\"og:url\" content=\"https:\/\/safetysourcefire.ca\/fr\/?product=urban-rescue-back-pack-large-a\" \/>\n<meta property=\"og:site_name\" content=\"Safety Source Fire\" \/>\n<meta property=\"article:publisher\" content=\"https:\/\/www.facebook.com\/mmfssca\" \/>\n<meta property=\"article:modified_time\" content=\"2020-05-01T18:02:25+00:00\" \/>\n<meta property=\"og:image\" content=\"https:\/\/safetysourcefire.ca\/wp-content\/uploads\/2017\/05\/365-A.jpeg\" \/>\n\t<meta property=\"og:image:width\" content=\"600\" \/>\n\t<meta property=\"og:image:height\" content=\"600\" \/>\n\t<meta property=\"og:image:type\" content=\"image\/jpeg\" \/>\n<meta name=\"twitter:card\" content=\"summary_large_image\" \/>\n<meta name=\"twitter:site\" content=\"@mmfssca\" \/>\n<meta name=\"twitter:label1\" content=\"Estimation du temps de lecture\" \/>\n\t<meta name=\"twitter:data1\" content=\"1 minute\" \/>\n<script type=\"application\/ld+json\" class=\"yoast-schema-graph\">{\"@context\":\"https:\\\/\\\/schema.org\",\"@graph\":[{\"@type\":\"WebPage\",\"@id\":\"https:\\\/\\\/safetysourcefire.ca\\\/?product=urban-rescue-back-pack-large-a\",\"url\":\"https:\\\/\\\/safetysourcefire.ca\\\/?product=urban-rescue-back-pack-large-a\",\"name\":\"Urban Rescue Back Pack (Large - A) - Safety Source Fire\",\"isPartOf\":{\"@id\":\"https:\\\/\\\/safetysourcefire.ca\\\/#website\"},\"primaryImageOfPage\":{\"@id\":\"https:\\\/\\\/safetysourcefire.ca\\\/?product=urban-rescue-back-pack-large-a#primaryimage\"},\"image\":{\"@id\":\"https:\\\/\\\/safetysourcefire.ca\\\/?product=urban-rescue-back-pack-large-a#primaryimage\"},\"thumbnailUrl\":\"https:\\\/\\\/safetysourcefire.ca\\\/wp-content\\\/uploads\\\/2017\\\/05\\\/365-A.jpeg\",\"datePublished\":\"2017-05-18T18:24:25+00:00\",\"dateModified\":\"2020-05-01T18:02:25+00:00\",\"breadcrumb\":{\"@id\":\"https:\\\/\\\/safetysourcefire.ca\\\/?product=urban-rescue-back-pack-large-a#breadcrumb\"},\"inLanguage\":\"fr-CA\",\"potentialAction\":[{\"@type\":\"ReadAction\",\"target\":[\"https:\\\/\\\/safetysourcefire.ca\\\/?product=urban-rescue-back-pack-large-a\"]}]},{\"@type\":\"ImageObject\",\"inLanguage\":\"fr-CA\",\"@id\":\"https:\\\/\\\/safetysourcefire.ca\\\/?product=urban-rescue-back-pack-large-a#primaryimage\",\"url\":\"https:\\\/\\\/safetysourcefire.ca\\\/wp-content\\\/uploads\\\/2017\\\/05\\\/365-A.jpeg\",\"contentUrl\":\"https:\\\/\\\/safetysourcefire.ca\\\/wp-content\\\/uploads\\\/2017\\\/05\\\/365-A.jpeg\",\"width\":600,\"height\":600,\"caption\":\"Urban Rescue Back Pack\"},{\"@type\":\"BreadcrumbList\",\"@id\":\"https:\\\/\\\/safetysourcefire.ca\\\/?product=urban-rescue-back-pack-large-a#breadcrumb\",\"itemListElement\":[{\"@type\":\"ListItem\",\"position\":1,\"name\":\"Home\",\"item\":\"https:\\\/\\\/safetysourcefire.ca\\\/\"},{\"@type\":\"ListItem\",\"position\":2,\"name\":\"Products\",\"item\":\"https:\\\/\\\/safetysourcefire.ca\\\/shop\\\/\"},{\"@type\":\"ListItem\",\"position\":3,\"name\":\"Urban Rescue Back Pack (Large &#8211; A)\"}]},{\"@type\":\"WebSite\",\"@id\":\"https:\\\/\\\/safetysourcefire.ca\\\/#website\",\"url\":\"https:\\\/\\\/safetysourcefire.ca\\\/\",\"name\":\"Safety Source Fire\",\"description\":\"\",\"publisher\":{\"@id\":\"https:\\\/\\\/safetysourcefire.ca\\\/#organization\"},\"potentialAction\":[{\"@type\":\"SearchAction\",\"target\":{\"@type\":\"EntryPoint\",\"urlTemplate\":\"https:\\\/\\\/safetysourcefire.ca\\\/?s={search_term_string}\"},\"query-input\":{\"@type\":\"PropertyValueSpecification\",\"valueRequired\":true,\"valueName\":\"search_term_string\"}}],\"inLanguage\":\"fr-CA\"},{\"@type\":\"Organization\",\"@id\":\"https:\\\/\\\/safetysourcefire.ca\\\/#organization\",\"name\":\"Safety Source Fire\",\"url\":\"https:\\\/\\\/safetysourcefire.ca\\\/\",\"logo\":{\"@type\":\"ImageObject\",\"inLanguage\":\"fr-CA\",\"@id\":\"https:\\\/\\\/safetysourcefire.ca\\\/#\\\/schema\\\/logo\\\/image\\\/\",\"url\":\"https:\\\/\\\/safetysourcefire.ca\\\/wp-content\\\/uploads\\\/2021\\\/01\\\/SSF_logo_CC0000-3.png\",\"contentUrl\":\"https:\\\/\\\/safetysourcefire.ca\\\/wp-content\\\/uploads\\\/2021\\\/01\\\/SSF_logo_CC0000-3.png\",\"width\":1107,\"height\":365,\"caption\":\"Safety Source Fire\"},\"image\":{\"@id\":\"https:\\\/\\\/safetysourcefire.ca\\\/#\\\/schema\\\/logo\\\/image\\\/\"},\"sameAs\":[\"https:\\\/\\\/www.facebook.com\\\/mmfssca\",\"https:\\\/\\\/x.com\\\/mmfssca\"]}]}<\/script>\n<!-- \/ Yoast SEO plugin. -->","yoast_head_json":{"title":"Sac \u00e0 dos de secours urbain (grand format - A) - Safety Source Fire","robots":{"index":"index","follow":"follow","max-snippet":"max-snippet:-1","max-image-preview":"max-image-preview:large","max-video-preview":"max-video-preview:-1"},"canonical":"https:\/\/safetysourcefire.ca\/fr\/?product=urban-rescue-back-pack-large-a","og_locale":"fr_CA","og_type":"article","og_title":"Urban Rescue Back Pack (Large - A) - Safety Source Fire","og_description":"A true rescue back pack with a wide variety of uses from the mountains, to air service, or a squad.","og_url":"https:\/\/safetysourcefire.ca\/fr\/?product=urban-rescue-back-pack-large-a","og_site_name":"Safety Source Fire","article_publisher":"https:\/\/www.facebook.com\/mmfssca","article_modified_time":"2020-05-01T18:02:25+00:00","og_image":[{"width":600,"height":600,"url":"https:\/\/safetysourcefire.ca\/wp-content\/uploads\/2017\/05\/365-A.jpeg","type":"image\/jpeg"}],"twitter_card":"summary_large_image","twitter_site":"@mmfssca","twitter_misc":{"Estimation du temps de lecture":"1 minute"},"schema":{"@context":"https:\/\/schema.org","@graph":[{"@type":"WebPage","@id":"https:\/\/safetysourcefire.ca\/?product=urban-rescue-back-pack-large-a","url":"https:\/\/safetysourcefire.ca\/?product=urban-rescue-back-pack-large-a","name":"Sac \u00e0 dos de secours urbain (grand format - A) - Safety Source Fire","isPartOf":{"@id":"https:\/\/safetysourcefire.ca\/#website"},"primaryImageOfPage":{"@id":"https:\/\/safetysourcefire.ca\/?product=urban-rescue-back-pack-large-a#primaryimage"},"image":{"@id":"https:\/\/safetysourcefire.ca\/?product=urban-rescue-back-pack-large-a#primaryimage"},"thumbnailUrl":"https:\/\/safetysourcefire.ca\/wp-content\/uploads\/2017\/05\/365-A.jpeg","datePublished":"2017-05-18T18:24:25+00:00","dateModified":"2020-05-01T18:02:25+00:00","breadcrumb":{"@id":"https:\/\/safetysourcefire.ca\/?product=urban-rescue-back-pack-large-a#breadcrumb"},"inLanguage":"fr-CA","potentialAction":[{"@type":"ReadAction","target":["https:\/\/safetysourcefire.ca\/?product=urban-rescue-back-pack-large-a"]}]},{"@type":"ImageObject","inLanguage":"fr-CA","@id":"https:\/\/safetysourcefire.ca\/?product=urban-rescue-back-pack-large-a#primaryimage","url":"https:\/\/safetysourcefire.ca\/wp-content\/uploads\/2017\/05\/365-A.jpeg","contentUrl":"https:\/\/safetysourcefire.ca\/wp-content\/uploads\/2017\/05\/365-A.jpeg","width":600,"height":600,"caption":"Urban Rescue Back Pack"},{"@type":"BreadcrumbList","@id":"https:\/\/safetysourcefire.ca\/?product=urban-rescue-back-pack-large-a#breadcrumb","itemListElement":[{"@type":"ListItem","position":1,"name":"Home","item":"https:\/\/safetysourcefire.ca\/"},{"@type":"ListItem","position":2,"name":"Products","item":"https:\/\/safetysourcefire.ca\/shop\/"},{"@type":"ListItem","position":3,"name":"Urban Rescue Back Pack (Large &#8211; A)"}]},{"@type":"WebSite","@id":"https:\/\/safetysourcefire.ca\/#website","url":"https:\/\/safetysourcefire.ca\/","name":"Safety Source Fire","description":"","publisher":{"@id":"https:\/\/safetysourcefire.ca\/#organization"},"potentialAction":[{"@type":"SearchAction","target":{"@type":"EntryPoint","urlTemplate":"https:\/\/safetysourcefire.ca\/?s={search_term_string}"},"query-input":{"@type":"PropertyValueSpecification","valueRequired":true,"valueName":"search_term_string"}}],"inLanguage":"fr-CA"},{"@type":"Organization","@id":"https:\/\/safetysourcefire.ca\/#organization","name":"Safety Source Fire","url":"https:\/\/safetysourcefire.ca\/","logo":{"@type":"ImageObject","inLanguage":"fr-CA","@id":"https:\/\/safetysourcefire.ca\/#\/schema\/logo\/image\/","url":"https:\/\/safetysourcefire.ca\/wp-content\/uploads\/2021\/01\/SSF_logo_CC0000-3.png","contentUrl":"https:\/\/safetysourcefire.ca\/wp-content\/uploads\/2021\/01\/SSF_logo_CC0000-3.png","width":1107,"height":365,"caption":"Safety Source Fire"},"image":{"@id":"https:\/\/safetysourcefire.ca\/#\/schema\/logo\/image\/"},"sameAs":["https:\/\/www.facebook.com\/mmfssca","https:\/\/x.com\/mmfssca"]}]}},"_links":{"self":[{"href":"https:\/\/safetysourcefire.ca\/fr\/wp-json\/wp\/v2\/product\/1519","targetHints":{"allow":["GET"]}}],"collection":[{"href":"https:\/\/safetysourcefire.ca\/fr\/wp-json\/wp\/v2\/product"}],"about":[{"href":"https:\/\/safetysourcefire.ca\/fr\/wp-json\/wp\/v2\/types\/product"}],"wp:featuredmedia":[{"embeddable":true,"href":"https:\/\/safetysourcefire.ca\/fr\/wp-json\/wp\/v2\/media\/1482"}],"wp:attachment":[{"href":"https:\/\/safetysourcefire.ca\/fr\/wp-json\/wp\/v2\/media?parent=1519"}],"wp:term":[{"taxonomy":"product_brand","embeddable":true,"href":"https:\/\/safetysourcefire.ca\/fr\/wp-json\/wp\/v2\/product_brand?post=1519"},{"taxonomy":"product_cat","embeddable":true,"href":"https:\/\/safetysourcefire.ca\/fr\/wp-json\/wp\/v2\/product_cat?post=1519"},{"taxonomy":"product_tag","embeddable":true,"href":"https:\/\/safetysourcefire.ca\/fr\/wp-json\/wp\/v2\/product_tag?post=1519"}],"curies":[{"name":"wp","href":"https:\/\/api.w.org\/{rel}","templated":true}]}}