{"id":1528,"date":"2017-05-18T18:41:46","date_gmt":"2017-05-18T18:41:46","guid":{"rendered":"http:\/\/mmfss.ca\/?post_type=product&#038;p=1528"},"modified":"2018-03-19T13:57:01","modified_gmt":"2018-03-19T13:57:01","slug":"kleenguard-g10-blue-nitrile-gloves","status":"publish","type":"product","link":"https:\/\/safetysourcefire.ca\/fr\/produit\/kleenguard-g10-blue-nitrile-gloves\/","title":{"rendered":"Gants en nitrile bleu -Kleenguard G10"},"content":{"rendered":"<p style=\"line-height: 13.5pt;\"><span lang=\"EN-US\">Fonctionnalit\u00e9s: <\/span><\/p>\n<ul>\n<li style=\"line-height: 13.5pt;\"><span lang=\"EN-US\">Nitrile bleu <\/span><\/li>\n<li style=\"line-height: 13.5pt;\"><span lang=\"EN-US\">Protection sans latex, sans poudre <\/span><\/li>\n<li style=\"line-height: 13.5pt;\"><span lang=\"EN-US\">Bouts des doigts textur\u00e9s <\/span><\/li>\n<li style=\"line-height: 13.5pt;\"><span lang=\"EN-US\">Rebord roul\u00e9 <\/span><\/li>\n<li style=\"line-height: 13.5pt;\"><span lang=\"EN-US\">Longueur 9,5 (ambidextre) <\/span><\/li>\n<li style=\"line-height: 13.5pt;\"><span lang=\"EN-US\">Niveau AQL de 1,5 pour les trous d&#039;\u00e9pingle <\/span><\/li>\n<li style=\"line-height: 13.5pt;\"><span lang=\"EN-US\">4,72 mils d'\u00e9paisseur <\/span><\/li>\n<li style=\"line-height: 13.5pt;\"><span lang=\"EN-US\">Chlor\u00e9 sur le dessus <\/span><\/li>\n<li style=\"line-height: 13.5pt;\"><span lang=\"EN-US\">Non poudr\u00e9 sur le c\u00f4t\u00e9 de la poigne <\/span><\/li>\n<li style=\"line-height: 13.5pt;\"><span lang=\"EN-US\">Approuv\u00e9 pour la manipulation des aliments <\/span><\/li>\n<\/ul>","protected":false},"excerpt":{"rendered":"<p><span lang=\"EN-US\">Les gants en nitrile bleu KLEENGUARD * G10 sont con\u00e7us pour les t\u00e2ches exigeant une dext\u00e9rit\u00e9 maximales sans sacrifier la protection que vous m\u00e9ritez. <\/span><\/p>","protected":false},"featured_media":1493,"template":"","meta":[],"product_brand":[173],"product_cat":[119,49],"product_tag":[317],"class_list":{"0":"post-1528","1":"product","2":"type-product","3":"status-publish","4":"has-post-thumbnail","6":"product_brand-kimberly-clark","7":"product_cat-first-aid","8":"product_cat-medical","9":"product_tag-kimberly-clark","11":"first","12":"instock","13":"shipping-taxable","14":"product-type-simple"},"yoast_head":"<!-- This site is optimized with the Yoast SEO plugin v27.4 - https:\/\/yoast.com\/product\/yoast-seo-wordpress\/ -->\n<title>Kleenguard G10 Blue Nitrile Gloves - Safety Source Fire<\/title>\n<meta name=\"robots\" content=\"index, follow, max-snippet:-1, max-image-preview:large, max-video-preview:-1\" \/>\n<link rel=\"canonical\" href=\"https:\/\/safetysourcefire.ca\/fr\/?product=kleenguard-g10-blue-nitrile-gloves\" \/>\n<meta property=\"og:locale\" content=\"fr_CA\" \/>\n<meta property=\"og:type\" content=\"article\" \/>\n<meta property=\"og:title\" content=\"Kleenguard G10 Blue Nitrile Gloves - Safety Source Fire\" \/>\n<meta property=\"og:description\" content=\"KLEENGUARD* G10 Blue Nitrile Gloves are designed for tasks requiring maximum dexterity without sacrificing the protection you expect from a glove.\" \/>\n<meta property=\"og:url\" content=\"https:\/\/safetysourcefire.ca\/fr\/?product=kleenguard-g10-blue-nitrile-gloves\" \/>\n<meta property=\"og:site_name\" content=\"Safety Source Fire\" \/>\n<meta property=\"article:publisher\" content=\"https:\/\/www.facebook.com\/mmfssca\" \/>\n<meta property=\"article:modified_time\" content=\"2018-03-19T13:57:01+00:00\" \/>\n<meta property=\"og:image\" content=\"https:\/\/safetysourcefire.ca\/wp-content\/uploads\/2017\/05\/Kimberly-Clark-57373.jpg\" \/>\n\t<meta property=\"og:image:width\" content=\"600\" \/>\n\t<meta property=\"og:image:height\" content=\"600\" \/>\n\t<meta property=\"og:image:type\" content=\"image\/jpeg\" \/>\n<meta name=\"twitter:card\" content=\"summary_large_image\" \/>\n<meta name=\"twitter:site\" content=\"@mmfssca\" \/>\n<script type=\"application\/ld+json\" class=\"yoast-schema-graph\">{\"@context\":\"https:\\\/\\\/schema.org\",\"@graph\":[{\"@type\":\"WebPage\",\"@id\":\"https:\\\/\\\/safetysourcefire.ca\\\/?product=kleenguard-g10-blue-nitrile-gloves\",\"url\":\"https:\\\/\\\/safetysourcefire.ca\\\/?product=kleenguard-g10-blue-nitrile-gloves\",\"name\":\"Kleenguard G10 Blue Nitrile Gloves - Safety Source Fire\",\"isPartOf\":{\"@id\":\"https:\\\/\\\/safetysourcefire.ca\\\/#website\"},\"primaryImageOfPage\":{\"@id\":\"https:\\\/\\\/safetysourcefire.ca\\\/?product=kleenguard-g10-blue-nitrile-gloves#primaryimage\"},\"image\":{\"@id\":\"https:\\\/\\\/safetysourcefire.ca\\\/?product=kleenguard-g10-blue-nitrile-gloves#primaryimage\"},\"thumbnailUrl\":\"https:\\\/\\\/safetysourcefire.ca\\\/wp-content\\\/uploads\\\/2017\\\/05\\\/Kimberly-Clark-57373.jpg\",\"datePublished\":\"2017-05-18T18:41:46+00:00\",\"dateModified\":\"2018-03-19T13:57:01+00:00\",\"breadcrumb\":{\"@id\":\"https:\\\/\\\/safetysourcefire.ca\\\/?product=kleenguard-g10-blue-nitrile-gloves#breadcrumb\"},\"inLanguage\":\"fr-CA\",\"potentialAction\":[{\"@type\":\"ReadAction\",\"target\":[\"https:\\\/\\\/safetysourcefire.ca\\\/?product=kleenguard-g10-blue-nitrile-gloves\"]}]},{\"@type\":\"ImageObject\",\"inLanguage\":\"fr-CA\",\"@id\":\"https:\\\/\\\/safetysourcefire.ca\\\/?product=kleenguard-g10-blue-nitrile-gloves#primaryimage\",\"url\":\"https:\\\/\\\/safetysourcefire.ca\\\/wp-content\\\/uploads\\\/2017\\\/05\\\/Kimberly-Clark-57373.jpg\",\"contentUrl\":\"https:\\\/\\\/safetysourcefire.ca\\\/wp-content\\\/uploads\\\/2017\\\/05\\\/Kimberly-Clark-57373.jpg\",\"width\":600,\"height\":600,\"caption\":\"KLEENGUARD* G10 Blue Nitrile Gloves\"},{\"@type\":\"BreadcrumbList\",\"@id\":\"https:\\\/\\\/safetysourcefire.ca\\\/?product=kleenguard-g10-blue-nitrile-gloves#breadcrumb\",\"itemListElement\":[{\"@type\":\"ListItem\",\"position\":1,\"name\":\"Home\",\"item\":\"https:\\\/\\\/safetysourcefire.ca\\\/\"},{\"@type\":\"ListItem\",\"position\":2,\"name\":\"Products\",\"item\":\"https:\\\/\\\/safetysourcefire.ca\\\/shop\\\/\"},{\"@type\":\"ListItem\",\"position\":3,\"name\":\"Kleenguard G10 Blue Nitrile Gloves\"}]},{\"@type\":\"WebSite\",\"@id\":\"https:\\\/\\\/safetysourcefire.ca\\\/#website\",\"url\":\"https:\\\/\\\/safetysourcefire.ca\\\/\",\"name\":\"Safety Source Fire\",\"description\":\"\",\"publisher\":{\"@id\":\"https:\\\/\\\/safetysourcefire.ca\\\/#organization\"},\"potentialAction\":[{\"@type\":\"SearchAction\",\"target\":{\"@type\":\"EntryPoint\",\"urlTemplate\":\"https:\\\/\\\/safetysourcefire.ca\\\/?s={search_term_string}\"},\"query-input\":{\"@type\":\"PropertyValueSpecification\",\"valueRequired\":true,\"valueName\":\"search_term_string\"}}],\"inLanguage\":\"fr-CA\"},{\"@type\":\"Organization\",\"@id\":\"https:\\\/\\\/safetysourcefire.ca\\\/#organization\",\"name\":\"Safety Source Fire\",\"url\":\"https:\\\/\\\/safetysourcefire.ca\\\/\",\"logo\":{\"@type\":\"ImageObject\",\"inLanguage\":\"fr-CA\",\"@id\":\"https:\\\/\\\/safetysourcefire.ca\\\/#\\\/schema\\\/logo\\\/image\\\/\",\"url\":\"https:\\\/\\\/safetysourcefire.ca\\\/wp-content\\\/uploads\\\/2021\\\/01\\\/SSF_logo_CC0000-3.png\",\"contentUrl\":\"https:\\\/\\\/safetysourcefire.ca\\\/wp-content\\\/uploads\\\/2021\\\/01\\\/SSF_logo_CC0000-3.png\",\"width\":1107,\"height\":365,\"caption\":\"Safety Source Fire\"},\"image\":{\"@id\":\"https:\\\/\\\/safetysourcefire.ca\\\/#\\\/schema\\\/logo\\\/image\\\/\"},\"sameAs\":[\"https:\\\/\\\/www.facebook.com\\\/mmfssca\",\"https:\\\/\\\/x.com\\\/mmfssca\"]}]}<\/script>\n<!-- \/ Yoast SEO plugin. -->","yoast_head_json":{"title":"Gants en nitrile bleu Kleenguard G10 - Safety Source Fire","robots":{"index":"index","follow":"follow","max-snippet":"max-snippet:-1","max-image-preview":"max-image-preview:large","max-video-preview":"max-video-preview:-1"},"canonical":"https:\/\/safetysourcefire.ca\/fr\/?product=kleenguard-g10-blue-nitrile-gloves","og_locale":"fr_CA","og_type":"article","og_title":"Kleenguard G10 Blue Nitrile Gloves - Safety Source Fire","og_description":"KLEENGUARD* G10 Blue Nitrile Gloves are designed for tasks requiring maximum dexterity without sacrificing the protection you expect from a glove.","og_url":"https:\/\/safetysourcefire.ca\/fr\/?product=kleenguard-g10-blue-nitrile-gloves","og_site_name":"Safety Source Fire","article_publisher":"https:\/\/www.facebook.com\/mmfssca","article_modified_time":"2018-03-19T13:57:01+00:00","og_image":[{"width":600,"height":600,"url":"https:\/\/safetysourcefire.ca\/wp-content\/uploads\/2017\/05\/Kimberly-Clark-57373.jpg","type":"image\/jpeg"}],"twitter_card":"summary_large_image","twitter_site":"@mmfssca","schema":{"@context":"https:\/\/schema.org","@graph":[{"@type":"WebPage","@id":"https:\/\/safetysourcefire.ca\/?product=kleenguard-g10-blue-nitrile-gloves","url":"https:\/\/safetysourcefire.ca\/?product=kleenguard-g10-blue-nitrile-gloves","name":"Gants en nitrile bleu Kleenguard G10 - Safety Source Fire","isPartOf":{"@id":"https:\/\/safetysourcefire.ca\/#website"},"primaryImageOfPage":{"@id":"https:\/\/safetysourcefire.ca\/?product=kleenguard-g10-blue-nitrile-gloves#primaryimage"},"image":{"@id":"https:\/\/safetysourcefire.ca\/?product=kleenguard-g10-blue-nitrile-gloves#primaryimage"},"thumbnailUrl":"https:\/\/safetysourcefire.ca\/wp-content\/uploads\/2017\/05\/Kimberly-Clark-57373.jpg","datePublished":"2017-05-18T18:41:46+00:00","dateModified":"2018-03-19T13:57:01+00:00","breadcrumb":{"@id":"https:\/\/safetysourcefire.ca\/?product=kleenguard-g10-blue-nitrile-gloves#breadcrumb"},"inLanguage":"fr-CA","potentialAction":[{"@type":"ReadAction","target":["https:\/\/safetysourcefire.ca\/?product=kleenguard-g10-blue-nitrile-gloves"]}]},{"@type":"ImageObject","inLanguage":"fr-CA","@id":"https:\/\/safetysourcefire.ca\/?product=kleenguard-g10-blue-nitrile-gloves#primaryimage","url":"https:\/\/safetysourcefire.ca\/wp-content\/uploads\/2017\/05\/Kimberly-Clark-57373.jpg","contentUrl":"https:\/\/safetysourcefire.ca\/wp-content\/uploads\/2017\/05\/Kimberly-Clark-57373.jpg","width":600,"height":600,"caption":"KLEENGUARD* G10 Blue Nitrile Gloves"},{"@type":"BreadcrumbList","@id":"https:\/\/safetysourcefire.ca\/?product=kleenguard-g10-blue-nitrile-gloves#breadcrumb","itemListElement":[{"@type":"ListItem","position":1,"name":"Home","item":"https:\/\/safetysourcefire.ca\/"},{"@type":"ListItem","position":2,"name":"Products","item":"https:\/\/safetysourcefire.ca\/shop\/"},{"@type":"ListItem","position":3,"name":"Kleenguard G10 Blue Nitrile Gloves"}]},{"@type":"WebSite","@id":"https:\/\/safetysourcefire.ca\/#website","url":"https:\/\/safetysourcefire.ca\/","name":"Safety Source Fire","description":"","publisher":{"@id":"https:\/\/safetysourcefire.ca\/#organization"},"potentialAction":[{"@type":"SearchAction","target":{"@type":"EntryPoint","urlTemplate":"https:\/\/safetysourcefire.ca\/?s={search_term_string}"},"query-input":{"@type":"PropertyValueSpecification","valueRequired":true,"valueName":"search_term_string"}}],"inLanguage":"fr-CA"},{"@type":"Organization","@id":"https:\/\/safetysourcefire.ca\/#organization","name":"Safety Source Fire","url":"https:\/\/safetysourcefire.ca\/","logo":{"@type":"ImageObject","inLanguage":"fr-CA","@id":"https:\/\/safetysourcefire.ca\/#\/schema\/logo\/image\/","url":"https:\/\/safetysourcefire.ca\/wp-content\/uploads\/2021\/01\/SSF_logo_CC0000-3.png","contentUrl":"https:\/\/safetysourcefire.ca\/wp-content\/uploads\/2021\/01\/SSF_logo_CC0000-3.png","width":1107,"height":365,"caption":"Safety Source Fire"},"image":{"@id":"https:\/\/safetysourcefire.ca\/#\/schema\/logo\/image\/"},"sameAs":["https:\/\/www.facebook.com\/mmfssca","https:\/\/x.com\/mmfssca"]}]}},"_links":{"self":[{"href":"https:\/\/safetysourcefire.ca\/fr\/wp-json\/wp\/v2\/product\/1528","targetHints":{"allow":["GET"]}}],"collection":[{"href":"https:\/\/safetysourcefire.ca\/fr\/wp-json\/wp\/v2\/product"}],"about":[{"href":"https:\/\/safetysourcefire.ca\/fr\/wp-json\/wp\/v2\/types\/product"}],"wp:featuredmedia":[{"embeddable":true,"href":"https:\/\/safetysourcefire.ca\/fr\/wp-json\/wp\/v2\/media\/1493"}],"wp:attachment":[{"href":"https:\/\/safetysourcefire.ca\/fr\/wp-json\/wp\/v2\/media?parent=1528"}],"wp:term":[{"taxonomy":"product_brand","embeddable":true,"href":"https:\/\/safetysourcefire.ca\/fr\/wp-json\/wp\/v2\/product_brand?post=1528"},{"taxonomy":"product_cat","embeddable":true,"href":"https:\/\/safetysourcefire.ca\/fr\/wp-json\/wp\/v2\/product_cat?post=1528"},{"taxonomy":"product_tag","embeddable":true,"href":"https:\/\/safetysourcefire.ca\/fr\/wp-json\/wp\/v2\/product_tag?post=1528"}],"curies":[{"name":"wp","href":"https:\/\/api.w.org\/{rel}","templated":true}]}}