{"id":1529,"date":"2017-05-18T18:44:34","date_gmt":"2017-05-18T18:44:34","guid":{"rendered":"http:\/\/mmfss.ca\/?post_type=product&#038;p=1529"},"modified":"2018-03-19T13:57:00","modified_gmt":"2018-03-19T13:57:00","slug":"purple-nitrile-exam-gloves","status":"publish","type":"product","link":"https:\/\/safetysourcefire.ca\/fr\/produit\/purple-nitrile-exam-gloves\/","title":{"rendered":"Gants d'examen mauves en nitrile"},"content":{"rendered":"<p style=\"line-height: 13.5pt;\"><span lang=\"EN-US\">Lorsque les utilisateurs reconnaissent la couleur mauve distinctive de ce gant, ils savent qu'ils peuvent se concentrer sur leur t\u00e2che la t\u00eate tranquille. <\/span><\/p>\n<ul>\n<li style=\"line-height: 13.5pt;\"><span lang=\"EN-US\">#2 au classement des ventes aux \u00c9tats-Unis <\/span><\/li>\n<li style=\"line-height: 13.5pt;\"><span lang=\"EN-US\">Sans latex, sans poudre <\/span><\/li>\n<li style=\"line-height: 13.5pt;\"><span lang=\"EN-US\">Bouts des doigts textur\u00e9s <\/span><\/li>\n<li style=\"line-height: 13.5pt;\"><span lang=\"EN-US\">Rebord roul\u00e9 <\/span><\/li>\n<li style=\"line-height: 13.5pt;\"><span lang=\"EN-US\">Longueur 9,5&quot; ambidextre <\/span><\/li>\n<li style=\"line-height: 13.5pt;\"><span lang=\"EN-US\">Niveau AQL de 1,5 pour les trous d&#039;\u00e9pingle d&#039;une \u00e9paisseur de 6 mil <\/span><\/li>\n<li style=\"line-height: 13.5pt;\"><span lang=\"EN-US\">Dissipateur statique pendant l'utilisation <\/span><\/li>\n<li style=\"line-height: 13.5pt;\"><span lang=\"EN-US\">R\u00e9pond aux tests de perm\u00e9ation de chimioth\u00e9rapie selon la norme ASTM D6978-05 <\/span><\/li>\n<li style=\"line-height: 13.5pt;\"><span lang=\"EN-US\">Conforme aux normes NFPA 1999\u00a0:\u00a02008<\/span><\/li>\n<\/ul>","protected":false},"excerpt":{"rendered":"<p><span lang=\"EN-US\">Les gants d'examen ''Purple Nitrile'' sont les gants pr\u00e9f\u00e9r\u00e9s des scientifiques en laboratoire car ils sont fabriqu\u00e9s \u00e0 partir d'un polym\u00e8re nitrile tr\u00e8s durable, ils sont confortables \u00e0 porter et ils offrent une excellente dext\u00e9rit\u00e9 en plus d'une sensibilit\u00e9 tactile surprenante. <\/span><\/p>","protected":false},"featured_media":1491,"template":"","meta":[],"product_brand":[173],"product_cat":[119,49],"product_tag":[317],"class_list":{"0":"post-1529","1":"product","2":"type-product","3":"status-publish","4":"has-post-thumbnail","6":"product_brand-kimberly-clark","7":"product_cat-first-aid","8":"product_cat-medical","9":"product_tag-kimberly-clark","11":"first","12":"instock","13":"shipping-taxable","14":"product-type-simple"},"yoast_head":"<!-- This site is optimized with the Yoast SEO plugin v27.4 - https:\/\/yoast.com\/product\/yoast-seo-wordpress\/ -->\n<title>Purple Nitrile Exam Gloves - Safety Source Fire<\/title>\n<meta name=\"robots\" content=\"index, follow, max-snippet:-1, max-image-preview:large, max-video-preview:-1\" \/>\n<link rel=\"canonical\" href=\"https:\/\/safetysourcefire.ca\/fr\/?product=purple-nitrile-exam-gloves\" \/>\n<meta property=\"og:locale\" content=\"fr_CA\" \/>\n<meta property=\"og:type\" content=\"article\" \/>\n<meta property=\"og:title\" content=\"Purple Nitrile Exam Gloves - Safety Source Fire\" \/>\n<meta property=\"og:description\" content=\"Purple Nitrile Exam Gloves are the gloves of choice in leading labs because they are made of a highly durable nitrile polymer, are comfortable to wear and provide excellent dexterity and tactile sensitivity.\" \/>\n<meta property=\"og:url\" content=\"https:\/\/safetysourcefire.ca\/fr\/?product=purple-nitrile-exam-gloves\" \/>\n<meta property=\"og:site_name\" content=\"Safety Source Fire\" \/>\n<meta property=\"article:publisher\" content=\"https:\/\/www.facebook.com\/mmfssca\" \/>\n<meta property=\"article:modified_time\" content=\"2018-03-19T13:57:00+00:00\" \/>\n<meta property=\"og:image\" content=\"https:\/\/safetysourcefire.ca\/wp-content\/uploads\/2017\/05\/Kimberly-Clark-55083.jpg\" \/>\n\t<meta property=\"og:image:width\" content=\"600\" \/>\n\t<meta property=\"og:image:height\" content=\"600\" \/>\n\t<meta property=\"og:image:type\" content=\"image\/jpeg\" \/>\n<meta name=\"twitter:card\" content=\"summary_large_image\" \/>\n<meta name=\"twitter:site\" content=\"@mmfssca\" \/>\n<script type=\"application\/ld+json\" class=\"yoast-schema-graph\">{\"@context\":\"https:\\\/\\\/schema.org\",\"@graph\":[{\"@type\":\"WebPage\",\"@id\":\"https:\\\/\\\/safetysourcefire.ca\\\/?product=purple-nitrile-exam-gloves\",\"url\":\"https:\\\/\\\/safetysourcefire.ca\\\/?product=purple-nitrile-exam-gloves\",\"name\":\"Purple Nitrile Exam Gloves - Safety Source Fire\",\"isPartOf\":{\"@id\":\"https:\\\/\\\/safetysourcefire.ca\\\/#website\"},\"primaryImageOfPage\":{\"@id\":\"https:\\\/\\\/safetysourcefire.ca\\\/?product=purple-nitrile-exam-gloves#primaryimage\"},\"image\":{\"@id\":\"https:\\\/\\\/safetysourcefire.ca\\\/?product=purple-nitrile-exam-gloves#primaryimage\"},\"thumbnailUrl\":\"https:\\\/\\\/safetysourcefire.ca\\\/wp-content\\\/uploads\\\/2017\\\/05\\\/Kimberly-Clark-55083.jpg\",\"datePublished\":\"2017-05-18T18:44:34+00:00\",\"dateModified\":\"2018-03-19T13:57:00+00:00\",\"breadcrumb\":{\"@id\":\"https:\\\/\\\/safetysourcefire.ca\\\/?product=purple-nitrile-exam-gloves#breadcrumb\"},\"inLanguage\":\"fr-CA\",\"potentialAction\":[{\"@type\":\"ReadAction\",\"target\":[\"https:\\\/\\\/safetysourcefire.ca\\\/?product=purple-nitrile-exam-gloves\"]}]},{\"@type\":\"ImageObject\",\"inLanguage\":\"fr-CA\",\"@id\":\"https:\\\/\\\/safetysourcefire.ca\\\/?product=purple-nitrile-exam-gloves#primaryimage\",\"url\":\"https:\\\/\\\/safetysourcefire.ca\\\/wp-content\\\/uploads\\\/2017\\\/05\\\/Kimberly-Clark-55083.jpg\",\"contentUrl\":\"https:\\\/\\\/safetysourcefire.ca\\\/wp-content\\\/uploads\\\/2017\\\/05\\\/Kimberly-Clark-55083.jpg\",\"width\":600,\"height\":600,\"caption\":\"Purple Nitrile Exam Gloves\"},{\"@type\":\"BreadcrumbList\",\"@id\":\"https:\\\/\\\/safetysourcefire.ca\\\/?product=purple-nitrile-exam-gloves#breadcrumb\",\"itemListElement\":[{\"@type\":\"ListItem\",\"position\":1,\"name\":\"Home\",\"item\":\"https:\\\/\\\/safetysourcefire.ca\\\/\"},{\"@type\":\"ListItem\",\"position\":2,\"name\":\"Products\",\"item\":\"https:\\\/\\\/safetysourcefire.ca\\\/shop\\\/\"},{\"@type\":\"ListItem\",\"position\":3,\"name\":\"Purple Nitrile Exam Gloves\"}]},{\"@type\":\"WebSite\",\"@id\":\"https:\\\/\\\/safetysourcefire.ca\\\/#website\",\"url\":\"https:\\\/\\\/safetysourcefire.ca\\\/\",\"name\":\"Safety Source Fire\",\"description\":\"\",\"publisher\":{\"@id\":\"https:\\\/\\\/safetysourcefire.ca\\\/#organization\"},\"potentialAction\":[{\"@type\":\"SearchAction\",\"target\":{\"@type\":\"EntryPoint\",\"urlTemplate\":\"https:\\\/\\\/safetysourcefire.ca\\\/?s={search_term_string}\"},\"query-input\":{\"@type\":\"PropertyValueSpecification\",\"valueRequired\":true,\"valueName\":\"search_term_string\"}}],\"inLanguage\":\"fr-CA\"},{\"@type\":\"Organization\",\"@id\":\"https:\\\/\\\/safetysourcefire.ca\\\/#organization\",\"name\":\"Safety Source Fire\",\"url\":\"https:\\\/\\\/safetysourcefire.ca\\\/\",\"logo\":{\"@type\":\"ImageObject\",\"inLanguage\":\"fr-CA\",\"@id\":\"https:\\\/\\\/safetysourcefire.ca\\\/#\\\/schema\\\/logo\\\/image\\\/\",\"url\":\"https:\\\/\\\/safetysourcefire.ca\\\/wp-content\\\/uploads\\\/2021\\\/01\\\/SSF_logo_CC0000-3.png\",\"contentUrl\":\"https:\\\/\\\/safetysourcefire.ca\\\/wp-content\\\/uploads\\\/2021\\\/01\\\/SSF_logo_CC0000-3.png\",\"width\":1107,\"height\":365,\"caption\":\"Safety Source Fire\"},\"image\":{\"@id\":\"https:\\\/\\\/safetysourcefire.ca\\\/#\\\/schema\\\/logo\\\/image\\\/\"},\"sameAs\":[\"https:\\\/\\\/www.facebook.com\\\/mmfssca\",\"https:\\\/\\\/x.com\\\/mmfssca\"]}]}<\/script>\n<!-- \/ Yoast SEO plugin. -->","yoast_head_json":{"title":"Gants d&#039;examen en nitrile violet - Safety Source Fire","robots":{"index":"index","follow":"follow","max-snippet":"max-snippet:-1","max-image-preview":"max-image-preview:large","max-video-preview":"max-video-preview:-1"},"canonical":"https:\/\/safetysourcefire.ca\/fr\/?product=purple-nitrile-exam-gloves","og_locale":"fr_CA","og_type":"article","og_title":"Purple Nitrile Exam Gloves - Safety Source Fire","og_description":"Purple Nitrile Exam Gloves are the gloves of choice in leading labs because they are made of a highly durable nitrile polymer, are comfortable to wear and provide excellent dexterity and tactile sensitivity.","og_url":"https:\/\/safetysourcefire.ca\/fr\/?product=purple-nitrile-exam-gloves","og_site_name":"Safety Source Fire","article_publisher":"https:\/\/www.facebook.com\/mmfssca","article_modified_time":"2018-03-19T13:57:00+00:00","og_image":[{"width":600,"height":600,"url":"https:\/\/safetysourcefire.ca\/wp-content\/uploads\/2017\/05\/Kimberly-Clark-55083.jpg","type":"image\/jpeg"}],"twitter_card":"summary_large_image","twitter_site":"@mmfssca","schema":{"@context":"https:\/\/schema.org","@graph":[{"@type":"WebPage","@id":"https:\/\/safetysourcefire.ca\/?product=purple-nitrile-exam-gloves","url":"https:\/\/safetysourcefire.ca\/?product=purple-nitrile-exam-gloves","name":"Gants d&#039;examen en nitrile violet - Safety Source Fire","isPartOf":{"@id":"https:\/\/safetysourcefire.ca\/#website"},"primaryImageOfPage":{"@id":"https:\/\/safetysourcefire.ca\/?product=purple-nitrile-exam-gloves#primaryimage"},"image":{"@id":"https:\/\/safetysourcefire.ca\/?product=purple-nitrile-exam-gloves#primaryimage"},"thumbnailUrl":"https:\/\/safetysourcefire.ca\/wp-content\/uploads\/2017\/05\/Kimberly-Clark-55083.jpg","datePublished":"2017-05-18T18:44:34+00:00","dateModified":"2018-03-19T13:57:00+00:00","breadcrumb":{"@id":"https:\/\/safetysourcefire.ca\/?product=purple-nitrile-exam-gloves#breadcrumb"},"inLanguage":"fr-CA","potentialAction":[{"@type":"ReadAction","target":["https:\/\/safetysourcefire.ca\/?product=purple-nitrile-exam-gloves"]}]},{"@type":"ImageObject","inLanguage":"fr-CA","@id":"https:\/\/safetysourcefire.ca\/?product=purple-nitrile-exam-gloves#primaryimage","url":"https:\/\/safetysourcefire.ca\/wp-content\/uploads\/2017\/05\/Kimberly-Clark-55083.jpg","contentUrl":"https:\/\/safetysourcefire.ca\/wp-content\/uploads\/2017\/05\/Kimberly-Clark-55083.jpg","width":600,"height":600,"caption":"Purple Nitrile Exam Gloves"},{"@type":"BreadcrumbList","@id":"https:\/\/safetysourcefire.ca\/?product=purple-nitrile-exam-gloves#breadcrumb","itemListElement":[{"@type":"ListItem","position":1,"name":"Home","item":"https:\/\/safetysourcefire.ca\/"},{"@type":"ListItem","position":2,"name":"Products","item":"https:\/\/safetysourcefire.ca\/shop\/"},{"@type":"ListItem","position":3,"name":"Purple Nitrile Exam Gloves"}]},{"@type":"WebSite","@id":"https:\/\/safetysourcefire.ca\/#website","url":"https:\/\/safetysourcefire.ca\/","name":"Safety Source Fire","description":"","publisher":{"@id":"https:\/\/safetysourcefire.ca\/#organization"},"potentialAction":[{"@type":"SearchAction","target":{"@type":"EntryPoint","urlTemplate":"https:\/\/safetysourcefire.ca\/?s={search_term_string}"},"query-input":{"@type":"PropertyValueSpecification","valueRequired":true,"valueName":"search_term_string"}}],"inLanguage":"fr-CA"},{"@type":"Organization","@id":"https:\/\/safetysourcefire.ca\/#organization","name":"Safety Source Fire","url":"https:\/\/safetysourcefire.ca\/","logo":{"@type":"ImageObject","inLanguage":"fr-CA","@id":"https:\/\/safetysourcefire.ca\/#\/schema\/logo\/image\/","url":"https:\/\/safetysourcefire.ca\/wp-content\/uploads\/2021\/01\/SSF_logo_CC0000-3.png","contentUrl":"https:\/\/safetysourcefire.ca\/wp-content\/uploads\/2021\/01\/SSF_logo_CC0000-3.png","width":1107,"height":365,"caption":"Safety Source Fire"},"image":{"@id":"https:\/\/safetysourcefire.ca\/#\/schema\/logo\/image\/"},"sameAs":["https:\/\/www.facebook.com\/mmfssca","https:\/\/x.com\/mmfssca"]}]}},"_links":{"self":[{"href":"https:\/\/safetysourcefire.ca\/fr\/wp-json\/wp\/v2\/product\/1529","targetHints":{"allow":["GET"]}}],"collection":[{"href":"https:\/\/safetysourcefire.ca\/fr\/wp-json\/wp\/v2\/product"}],"about":[{"href":"https:\/\/safetysourcefire.ca\/fr\/wp-json\/wp\/v2\/types\/product"}],"wp:featuredmedia":[{"embeddable":true,"href":"https:\/\/safetysourcefire.ca\/fr\/wp-json\/wp\/v2\/media\/1491"}],"wp:attachment":[{"href":"https:\/\/safetysourcefire.ca\/fr\/wp-json\/wp\/v2\/media?parent=1529"}],"wp:term":[{"taxonomy":"product_brand","embeddable":true,"href":"https:\/\/safetysourcefire.ca\/fr\/wp-json\/wp\/v2\/product_brand?post=1529"},{"taxonomy":"product_cat","embeddable":true,"href":"https:\/\/safetysourcefire.ca\/fr\/wp-json\/wp\/v2\/product_cat?post=1529"},{"taxonomy":"product_tag","embeddable":true,"href":"https:\/\/safetysourcefire.ca\/fr\/wp-json\/wp\/v2\/product_tag?post=1529"}],"curies":[{"name":"wp","href":"https:\/\/api.w.org\/{rel}","templated":true}]}}