{"id":18381,"date":"2020-02-20T15:17:35","date_gmt":"2020-02-20T15:17:35","guid":{"rendered":"https:\/\/mmfss.ca\/?post_type=product&#038;p=18381"},"modified":"2020-05-01T18:52:27","modified_gmt":"2020-05-01T18:52:27","slug":"aspen-2-4-fuel-for-professionals","status":"publish","type":"product","link":"https:\/\/safetysourcefire.ca\/fr\/produit\/aspen-2-4-fuel-for-professionals\/","title":{"rendered":"Essence Aspen (2 et 4)  pour utilisation professionnelle"},"content":{"rendered":"<p>Les essences Aspen 2 et Aspen 4 sont pratiquement exemptes de substances nocives telles que le benz\u00e8ne, les hydrocarbures aromatiques ou les ol\u00e9fines; substances qui peuvent causer de graves probl\u00e8mes de sant\u00e9. L'essence alkylate Aspen maintient \u00e9galement les bougies d'allumage et la chambre de combustion de vos appareils \u00e0 un niveau plus propre. L'essence Aspen peut \u00eatre entrepos\u00e9e pendant une longue p\u00e9riode sans aucune d\u00e9t\u00e9rioration de sa qualit\u00e9, ce qui facilite le d\u00e9marrage de votre moteur m\u00eame apr\u00e8s des longues p\u00e9riodes d'arr\u00eat. En plus de tous ces avantages, il existe de nombreuses raisons environnementales d'utiliser ce produit, tel que la r\u00e9duction de formation d'ozone troposph\u00e9rique (smog) d'environ 40%.<\/p>\n<p>Aspen 2 est une essence alkylate pr\u00e9m\u00e9lang\u00e9e avec de l'huile \u00e0 moteur \u00e0 deux temps biod\u00e9gradable 2%, adapt\u00e9e aux tron\u00e7onneuses, scies de d\u00e9broussaillage, taille-haies, cyclomoteurs, coupe-gazon, coupeuses \u00e9lectriques et autres moteurs terrestres \u00e0 deux temps. L'huile utilis\u00e9e dans le carburant Aspen 2 a \u00e9t\u00e9 s\u00e9lectionn\u00e9e et d\u00e9velopp\u00e9e pour l'avenir. Elle est enti\u00e8rement synth\u00e9tique, comptant jusqu'\u00e0 60% de contenu renouvelable. Elle est  \u00e9galement biod\u00e9gradable (\u00e0 plus de 80% apr\u00e8s 28 jours) et exempt de cendres ou de solvants. Utiliser cette essence r\u00e9sulte en un moteur extr\u00eamement propre et une lubrification optimale du moteur de votre appareil, peu importe sa temp\u00e9rature.<\/p>\n<p>Aspen 4 est une essence alkylate sans huile, adapt\u00e9e aux tondeuses \u00e0 gazon, aux cultivateurs rotatifs, aux souffleuses \u00e0 neige, aux bateaux et autres moteurs \u00e0 quatre temps. L'essence ordinaire contient de l'\u00e9thanol qui attire l'humidit\u00e9 et peut provoquer des pannes de moteur. L'essence alkylate Aspen ne contient pas d'\u00e9thanol, ce qui la rend id\u00e9ale pour une utilisation, par exemple, dans un environnement marin. Pour utiliser de l'essence alkylate Aspen dans votre moteur hors-bord deux temps, m\u00e9langez simplement Aspen 4 avec de l'huile hors-bord. Pour minimiser l'impact environnemental, choisissez une huile biod\u00e9gradable.<\/p>","protected":false},"excerpt":{"rendered":"<p>L'essence ordinaire se d\u00e9t\u00e9riore si elle est stock\u00e9e dans des conteneurs ou des r\u00e9servoirs d'essence r\u00e9guliers, ce qui entra\u00eene des probl\u00e8mes de d\u00e9marrage et de fonctionnement des appareils par la suite. Les essence Aspen conservent leur qualit\u00e9, garantissant ainsi un fonctionnement sans tracas des appareils \u00e0 essence que vous utilisez, m\u00eame apr\u00e8s plusieurs ann\u00e9es.<\/p>","protected":false},"featured_media":18382,"template":"","meta":[],"product_brand":[437],"product_cat":[462,128,464,465,68,51,132,463],"product_tag":[434,435,436],"class_list":{"0":"post-18381","1":"product","2":"type-product","3":"status-publish","4":"has-post-thumbnail","6":"product_brand-aspen","7":"product_cat-emergency-preparedness","8":"product_cat-extrication-rescue","9":"product_cat-flood","10":"product_cat-hurricane","11":"product_cat-portable-pumps","12":"product_cat-rescue","13":"product_cat-saws","14":"product_cat-wildland-fire","15":"product_tag-aspen","16":"product_tag-chainsaw","17":"product_tag-small-engine","19":"first","20":"instock","21":"shipping-taxable","22":"product-type-simple"},"yoast_head":"<!-- This site is optimized with the Yoast SEO plugin v27.4 - https:\/\/yoast.com\/product\/yoast-seo-wordpress\/ -->\n<title>Aspen 2\/4 Fuel for Professionals - Safety Source Fire<\/title>\n<meta name=\"robots\" content=\"index, follow, max-snippet:-1, max-image-preview:large, max-video-preview:-1\" \/>\n<link rel=\"canonical\" href=\"https:\/\/safetysourcefire.ca\/fr\/produit\/aspen-2-4-fuel-for-professionals\/\" \/>\n<meta property=\"og:locale\" content=\"fr_CA\" \/>\n<meta property=\"og:type\" content=\"article\" \/>\n<meta property=\"og:title\" content=\"Aspen 2\/4 Fuel for Professionals - Safety Source Fire\" \/>\n<meta property=\"og:description\" content=\"Ordinary petrol deteriorates if it is stored in containers or petrol tanks, resulting in starting and operating problems. Aspen Fuel retains its quality, ensuring hassle-free operation over many years.\" \/>\n<meta property=\"og:url\" content=\"https:\/\/safetysourcefire.ca\/fr\/produit\/aspen-2-4-fuel-for-professionals\/\" \/>\n<meta property=\"og:site_name\" content=\"Safety Source Fire\" \/>\n<meta property=\"article:publisher\" content=\"https:\/\/www.facebook.com\/mmfssca\" \/>\n<meta property=\"article:modified_time\" content=\"2020-05-01T18:52:27+00:00\" \/>\n<meta property=\"og:image\" content=\"https:\/\/safetysourcefire.ca\/wp-content\/uploads\/2020\/02\/Aspen_600x600.jpg\" \/>\n\t<meta property=\"og:image:width\" content=\"600\" \/>\n\t<meta property=\"og:image:height\" content=\"600\" \/>\n\t<meta property=\"og:image:type\" content=\"image\/jpeg\" \/>\n<meta name=\"twitter:card\" content=\"summary_large_image\" \/>\n<meta name=\"twitter:site\" content=\"@mmfssca\" \/>\n<meta name=\"twitter:label1\" content=\"Estimation du temps de lecture\" \/>\n\t<meta name=\"twitter:data1\" content=\"1 minute\" \/>\n<script type=\"application\/ld+json\" class=\"yoast-schema-graph\">{\"@context\":\"https:\\\/\\\/schema.org\",\"@graph\":[{\"@type\":\"WebPage\",\"@id\":\"https:\\\/\\\/safetysourcefire.ca\\\/product\\\/aspen-2-4-fuel-for-professionals\\\/\",\"url\":\"https:\\\/\\\/safetysourcefire.ca\\\/product\\\/aspen-2-4-fuel-for-professionals\\\/\",\"name\":\"Aspen 2\\\/4 Fuel for Professionals - Safety Source Fire\",\"isPartOf\":{\"@id\":\"https:\\\/\\\/safetysourcefire.ca\\\/#website\"},\"primaryImageOfPage\":{\"@id\":\"https:\\\/\\\/safetysourcefire.ca\\\/product\\\/aspen-2-4-fuel-for-professionals\\\/#primaryimage\"},\"image\":{\"@id\":\"https:\\\/\\\/safetysourcefire.ca\\\/product\\\/aspen-2-4-fuel-for-professionals\\\/#primaryimage\"},\"thumbnailUrl\":\"https:\\\/\\\/safetysourcefire.ca\\\/wp-content\\\/uploads\\\/2020\\\/02\\\/Aspen_600x600.jpg\",\"datePublished\":\"2020-02-20T15:17:35+00:00\",\"dateModified\":\"2020-05-01T18:52:27+00:00\",\"breadcrumb\":{\"@id\":\"https:\\\/\\\/safetysourcefire.ca\\\/product\\\/aspen-2-4-fuel-for-professionals\\\/#breadcrumb\"},\"inLanguage\":\"fr-CA\",\"potentialAction\":[{\"@type\":\"ReadAction\",\"target\":[\"https:\\\/\\\/safetysourcefire.ca\\\/product\\\/aspen-2-4-fuel-for-professionals\\\/\"]}]},{\"@type\":\"ImageObject\",\"inLanguage\":\"fr-CA\",\"@id\":\"https:\\\/\\\/safetysourcefire.ca\\\/product\\\/aspen-2-4-fuel-for-professionals\\\/#primaryimage\",\"url\":\"https:\\\/\\\/safetysourcefire.ca\\\/wp-content\\\/uploads\\\/2020\\\/02\\\/Aspen_600x600.jpg\",\"contentUrl\":\"https:\\\/\\\/safetysourcefire.ca\\\/wp-content\\\/uploads\\\/2020\\\/02\\\/Aspen_600x600.jpg\",\"width\":600,\"height\":600,\"caption\":\"blue and red jugs labelled Aspen\"},{\"@type\":\"BreadcrumbList\",\"@id\":\"https:\\\/\\\/safetysourcefire.ca\\\/product\\\/aspen-2-4-fuel-for-professionals\\\/#breadcrumb\",\"itemListElement\":[{\"@type\":\"ListItem\",\"position\":1,\"name\":\"Home\",\"item\":\"https:\\\/\\\/safetysourcefire.ca\\\/\"},{\"@type\":\"ListItem\",\"position\":2,\"name\":\"Products\",\"item\":\"https:\\\/\\\/safetysourcefire.ca\\\/shop\\\/\"},{\"@type\":\"ListItem\",\"position\":3,\"name\":\"Aspen 2\\\/4 Fuel for Professionals\"}]},{\"@type\":\"WebSite\",\"@id\":\"https:\\\/\\\/safetysourcefire.ca\\\/#website\",\"url\":\"https:\\\/\\\/safetysourcefire.ca\\\/\",\"name\":\"Safety Source Fire\",\"description\":\"\",\"publisher\":{\"@id\":\"https:\\\/\\\/safetysourcefire.ca\\\/#organization\"},\"potentialAction\":[{\"@type\":\"SearchAction\",\"target\":{\"@type\":\"EntryPoint\",\"urlTemplate\":\"https:\\\/\\\/safetysourcefire.ca\\\/?s={search_term_string}\"},\"query-input\":{\"@type\":\"PropertyValueSpecification\",\"valueRequired\":true,\"valueName\":\"search_term_string\"}}],\"inLanguage\":\"fr-CA\"},{\"@type\":\"Organization\",\"@id\":\"https:\\\/\\\/safetysourcefire.ca\\\/#organization\",\"name\":\"Safety Source Fire\",\"url\":\"https:\\\/\\\/safetysourcefire.ca\\\/\",\"logo\":{\"@type\":\"ImageObject\",\"inLanguage\":\"fr-CA\",\"@id\":\"https:\\\/\\\/safetysourcefire.ca\\\/#\\\/schema\\\/logo\\\/image\\\/\",\"url\":\"https:\\\/\\\/safetysourcefire.ca\\\/wp-content\\\/uploads\\\/2021\\\/01\\\/SSF_logo_CC0000-3.png\",\"contentUrl\":\"https:\\\/\\\/safetysourcefire.ca\\\/wp-content\\\/uploads\\\/2021\\\/01\\\/SSF_logo_CC0000-3.png\",\"width\":1107,\"height\":365,\"caption\":\"Safety Source Fire\"},\"image\":{\"@id\":\"https:\\\/\\\/safetysourcefire.ca\\\/#\\\/schema\\\/logo\\\/image\\\/\"},\"sameAs\":[\"https:\\\/\\\/www.facebook.com\\\/mmfssca\",\"https:\\\/\\\/x.com\\\/mmfssca\"]}]}<\/script>\n<!-- \/ Yoast SEO plugin. -->","yoast_head_json":{"title":"Aspen 2\/4 Fuel pour professionnels - Safety Source Fire","robots":{"index":"index","follow":"follow","max-snippet":"max-snippet:-1","max-image-preview":"max-image-preview:large","max-video-preview":"max-video-preview:-1"},"canonical":"https:\/\/safetysourcefire.ca\/fr\/produit\/aspen-2-4-fuel-for-professionals\/","og_locale":"fr_CA","og_type":"article","og_title":"Aspen 2\/4 Fuel for Professionals - Safety Source Fire","og_description":"Ordinary petrol deteriorates if it is stored in containers or petrol tanks, resulting in starting and operating problems. Aspen Fuel retains its quality, ensuring hassle-free operation over many years.","og_url":"https:\/\/safetysourcefire.ca\/fr\/produit\/aspen-2-4-fuel-for-professionals\/","og_site_name":"Safety Source Fire","article_publisher":"https:\/\/www.facebook.com\/mmfssca","article_modified_time":"2020-05-01T18:52:27+00:00","og_image":[{"width":600,"height":600,"url":"https:\/\/safetysourcefire.ca\/wp-content\/uploads\/2020\/02\/Aspen_600x600.jpg","type":"image\/jpeg"}],"twitter_card":"summary_large_image","twitter_site":"@mmfssca","twitter_misc":{"Estimation du temps de lecture":"1 minute"},"schema":{"@context":"https:\/\/schema.org","@graph":[{"@type":"WebPage","@id":"https:\/\/safetysourcefire.ca\/product\/aspen-2-4-fuel-for-professionals\/","url":"https:\/\/safetysourcefire.ca\/product\/aspen-2-4-fuel-for-professionals\/","name":"Aspen 2\/4 Fuel pour professionnels - Safety Source Fire","isPartOf":{"@id":"https:\/\/safetysourcefire.ca\/#website"},"primaryImageOfPage":{"@id":"https:\/\/safetysourcefire.ca\/product\/aspen-2-4-fuel-for-professionals\/#primaryimage"},"image":{"@id":"https:\/\/safetysourcefire.ca\/product\/aspen-2-4-fuel-for-professionals\/#primaryimage"},"thumbnailUrl":"https:\/\/safetysourcefire.ca\/wp-content\/uploads\/2020\/02\/Aspen_600x600.jpg","datePublished":"2020-02-20T15:17:35+00:00","dateModified":"2020-05-01T18:52:27+00:00","breadcrumb":{"@id":"https:\/\/safetysourcefire.ca\/product\/aspen-2-4-fuel-for-professionals\/#breadcrumb"},"inLanguage":"fr-CA","potentialAction":[{"@type":"ReadAction","target":["https:\/\/safetysourcefire.ca\/product\/aspen-2-4-fuel-for-professionals\/"]}]},{"@type":"ImageObject","inLanguage":"fr-CA","@id":"https:\/\/safetysourcefire.ca\/product\/aspen-2-4-fuel-for-professionals\/#primaryimage","url":"https:\/\/safetysourcefire.ca\/wp-content\/uploads\/2020\/02\/Aspen_600x600.jpg","contentUrl":"https:\/\/safetysourcefire.ca\/wp-content\/uploads\/2020\/02\/Aspen_600x600.jpg","width":600,"height":600,"caption":"blue and red jugs labelled Aspen"},{"@type":"BreadcrumbList","@id":"https:\/\/safetysourcefire.ca\/product\/aspen-2-4-fuel-for-professionals\/#breadcrumb","itemListElement":[{"@type":"ListItem","position":1,"name":"Home","item":"https:\/\/safetysourcefire.ca\/"},{"@type":"ListItem","position":2,"name":"Products","item":"https:\/\/safetysourcefire.ca\/shop\/"},{"@type":"ListItem","position":3,"name":"Aspen 2\/4 Fuel for Professionals"}]},{"@type":"WebSite","@id":"https:\/\/safetysourcefire.ca\/#website","url":"https:\/\/safetysourcefire.ca\/","name":"Safety Source Fire","description":"","publisher":{"@id":"https:\/\/safetysourcefire.ca\/#organization"},"potentialAction":[{"@type":"SearchAction","target":{"@type":"EntryPoint","urlTemplate":"https:\/\/safetysourcefire.ca\/?s={search_term_string}"},"query-input":{"@type":"PropertyValueSpecification","valueRequired":true,"valueName":"search_term_string"}}],"inLanguage":"fr-CA"},{"@type":"Organization","@id":"https:\/\/safetysourcefire.ca\/#organization","name":"Safety Source Fire","url":"https:\/\/safetysourcefire.ca\/","logo":{"@type":"ImageObject","inLanguage":"fr-CA","@id":"https:\/\/safetysourcefire.ca\/#\/schema\/logo\/image\/","url":"https:\/\/safetysourcefire.ca\/wp-content\/uploads\/2021\/01\/SSF_logo_CC0000-3.png","contentUrl":"https:\/\/safetysourcefire.ca\/wp-content\/uploads\/2021\/01\/SSF_logo_CC0000-3.png","width":1107,"height":365,"caption":"Safety Source Fire"},"image":{"@id":"https:\/\/safetysourcefire.ca\/#\/schema\/logo\/image\/"},"sameAs":["https:\/\/www.facebook.com\/mmfssca","https:\/\/x.com\/mmfssca"]}]}},"_links":{"self":[{"href":"https:\/\/safetysourcefire.ca\/fr\/wp-json\/wp\/v2\/product\/18381","targetHints":{"allow":["GET"]}}],"collection":[{"href":"https:\/\/safetysourcefire.ca\/fr\/wp-json\/wp\/v2\/product"}],"about":[{"href":"https:\/\/safetysourcefire.ca\/fr\/wp-json\/wp\/v2\/types\/product"}],"wp:featuredmedia":[{"embeddable":true,"href":"https:\/\/safetysourcefire.ca\/fr\/wp-json\/wp\/v2\/media\/18382"}],"wp:attachment":[{"href":"https:\/\/safetysourcefire.ca\/fr\/wp-json\/wp\/v2\/media?parent=18381"}],"wp:term":[{"taxonomy":"product_brand","embeddable":true,"href":"https:\/\/safetysourcefire.ca\/fr\/wp-json\/wp\/v2\/product_brand?post=18381"},{"taxonomy":"product_cat","embeddable":true,"href":"https:\/\/safetysourcefire.ca\/fr\/wp-json\/wp\/v2\/product_cat?post=18381"},{"taxonomy":"product_tag","embeddable":true,"href":"https:\/\/safetysourcefire.ca\/fr\/wp-json\/wp\/v2\/product_tag?post=18381"}],"curies":[{"name":"wp","href":"https:\/\/api.w.org\/{rel}","templated":true}]}}