{"id":1922,"date":"2017-05-31T19:00:37","date_gmt":"2017-05-31T19:00:37","guid":{"rendered":"http:\/\/mmfss.ca\/?post_type=product&#038;p=1922"},"modified":"2018-04-11T14:17:37","modified_gmt":"2018-04-11T14:17:37","slug":"cutter-cu-5050-i","status":"publish","type":"product","link":"https:\/\/safetysourcefire.ca\/fr\/produit\/cutter-cu-5050-i\/","title":{"rendered":"Coupeur CU 5050 i"},"content":{"rendered":"<p><strong>Options incluses:<\/strong><\/p>\n<ul>\n<li>Poign\u00e9e de transport avec \u00e9clairage LED int\u00e9gr\u00e9<\/li>\n<li>\u00a0Technologie i-Bolt<\/li>\n<li>Poign\u00e9e de commande ergonomique redessin\u00e9e pour une meilleure prise en main<\/li>\n<li>Technologie CORE: plus rapide, plus s\u00e9curitaire, plus facile d'utilisation<\/li>\n<\/ul>\n<p><strong>Fonctionnalit\u00e9s:<\/strong><\/p>\n<p><strong>Poids l\u00e9ger<\/strong><\/p>\n<ul>\n<li>Plus l\u00e9ger que jamais gr\u00e2ce \u00e0 de nouveaux mat\u00e9riaux, \u00e0 l&#039;int\u00e9gration de composants et \u00e0 une conception intelligente.<\/li>\n<li>Facile \u00e0 transporter et \u00e0 manipuler, r\u00e9duisant le travail physique.<\/li>\n<\/ul>\n<p><strong>M\u00e2choire de coupe inclin\u00e9e unique<\/strong><\/p>\n<ul>\n<li>Pour une position de travail et une coupe plus ergonomiques.<\/li>\n<li>R\u00e9duit l'effet du mouvement de l'outil vers le patient, par exemple lors d'une coupe de soulagement dans le montant A.<\/li>\n<\/ul>\n<p><strong>Lames de coupe NCT<\/strong><\/p>\n<ul>\n<li>Nos lames ''New Car Technology'' sont sp\u00e9cialement con\u00e7ues pour couper les \u00e9l\u00e9ments des voitures neuves.<\/li>\n<li>La forme en U entoure le mat\u00e9riel et le tire en utilisant le point le plus fort du coupeur.<\/li>\n<li>Avec un tranchant optimis\u00e9 pour une longue dur\u00e9e de vie de la lame et des performances de coupe sup\u00e9rieures.<\/li>\n<\/ul>\n<p><strong>i-Bolt<\/strong><\/p>\n<ul>\n<li>Construction \u00e0 boulon central plat serrant les lames plus fermement et directement ensemble (pas de porte-lame entre les deux\u00a0!) minimisant la s\u00e9paration des lames et maximisant les performances de coupe.<\/li>\n<li>Meilleur acc\u00e8s dans les espaces \u00e9troits.<\/li>\n<\/ul>\n<p><strong>Poign\u00e9e de transport ergonomique<\/strong><\/p>\n<ul>\n<li>La nouvelle conception de poign\u00e9e de transport ergonomique augmente le confort de l&#039;op\u00e9rateur dans diverses positions de travail.<\/li>\n<li>Le coupeur inclin\u00e9 fait tout le tour de l'outil, vous permettant de profiter pleinement de ses avantages sur tous les c\u00f4t\u00e9s de la voiture.<\/li>\n<\/ul>\n<p><strong>\u00c9clairage LED int\u00e9gr\u00e9<\/strong><\/p>\n<ul>\n<li>Nouvel \u00e9clairage LED dans la poign\u00e9e de transport :  six lumi\u00e8res avec rendement lumineux sup\u00e9rieur permettent aux sauveteurs de travailler de jour comme de nuit, sans \u00eatre g\u00ean\u00e9s par leurs ombres.<\/li>\n<\/ul>","protected":false},"excerpt":{"rendered":"<p>Coupeur inclin\u00e9 convenant aux voitures de nouvelles technologies - s\u00e9rie 5000. Plus l\u00e9ger que jamais avec performances am\u00e9lior\u00e9es. Comprends une m\u00e2choire de coupe inclin\u00e9e pour un travail plus ergonomique lors des mouvements au-dessus de la taille ou lors du travail plus bas sur la voiture. R\u00e9duit l'effet du mouvement de l'outil vers le patient (par exemple lors d'une coupe en relief dans le montant A).<\/p>","protected":false},"featured_media":1873,"template":"","meta":[],"product_brand":[174],"product_cat":[128,51],"product_tag":[309],"class_list":{"0":"post-1922","1":"product","2":"type-product","3":"status-publish","4":"has-post-thumbnail","6":"product_brand-holmatro","7":"product_cat-extrication-rescue","8":"product_cat-rescue","9":"product_tag-holmatro","11":"first","12":"instock","13":"shipping-taxable","14":"product-type-simple"},"yoast_head":"<!-- This site is optimized with the Yoast SEO plugin v27.4 - https:\/\/yoast.com\/product\/yoast-seo-wordpress\/ -->\n<title>Cutter CU 5050 i - Safety Source Fire<\/title>\n<meta name=\"robots\" content=\"index, follow, max-snippet:-1, max-image-preview:large, max-video-preview:-1\" \/>\n<link rel=\"canonical\" href=\"https:\/\/safetysourcefire.ca\/fr\/produit\/cutter-cu-5050-i\/\" \/>\n<meta property=\"og:locale\" content=\"fr_CA\" \/>\n<meta property=\"og:type\" content=\"article\" \/>\n<meta property=\"og:title\" content=\"Cutter CU 5050 i - Safety Source Fire\" \/>\n<meta property=\"og:description\" content=\"New Car Technology Inclined Cutter - 5000 series. Lighter than ever, improved performance.\u00a0With inclined cutting jaw for more ergonomic cutting above waist height or low on the car and to reduce the effect of tool movement towards the patient (e.g. when making a relief cut in the A-pillar).\" \/>\n<meta property=\"og:url\" content=\"https:\/\/safetysourcefire.ca\/fr\/produit\/cutter-cu-5050-i\/\" \/>\n<meta property=\"og:site_name\" content=\"Safety Source Fire\" \/>\n<meta property=\"article:publisher\" content=\"https:\/\/www.facebook.com\/mmfssca\" \/>\n<meta property=\"article:modified_time\" content=\"2018-04-11T14:17:37+00:00\" \/>\n<meta property=\"og:image\" content=\"https:\/\/safetysourcefire.ca\/wp-content\/uploads\/2017\/05\/CU-5050-i.jpg\" \/>\n\t<meta property=\"og:image:width\" content=\"600\" \/>\n\t<meta property=\"og:image:height\" content=\"600\" \/>\n\t<meta property=\"og:image:type\" content=\"image\/jpeg\" \/>\n<meta name=\"twitter:card\" content=\"summary_large_image\" \/>\n<meta name=\"twitter:site\" content=\"@mmfssca\" \/>\n<meta name=\"twitter:label1\" content=\"Estimation du temps de lecture\" \/>\n\t<meta name=\"twitter:data1\" content=\"1 minute\" \/>\n<script type=\"application\/ld+json\" class=\"yoast-schema-graph\">{\"@context\":\"https:\\\/\\\/schema.org\",\"@graph\":[{\"@type\":\"WebPage\",\"@id\":\"https:\\\/\\\/safetysourcefire.ca\\\/product\\\/cutter-cu-5050-i\\\/\",\"url\":\"https:\\\/\\\/safetysourcefire.ca\\\/product\\\/cutter-cu-5050-i\\\/\",\"name\":\"Cutter CU 5050 i - Safety Source Fire\",\"isPartOf\":{\"@id\":\"https:\\\/\\\/safetysourcefire.ca\\\/#website\"},\"primaryImageOfPage\":{\"@id\":\"https:\\\/\\\/safetysourcefire.ca\\\/product\\\/cutter-cu-5050-i\\\/#primaryimage\"},\"image\":{\"@id\":\"https:\\\/\\\/safetysourcefire.ca\\\/product\\\/cutter-cu-5050-i\\\/#primaryimage\"},\"thumbnailUrl\":\"https:\\\/\\\/safetysourcefire.ca\\\/wp-content\\\/uploads\\\/2017\\\/05\\\/CU-5050-i.jpg\",\"datePublished\":\"2017-05-31T19:00:37+00:00\",\"dateModified\":\"2018-04-11T14:17:37+00:00\",\"breadcrumb\":{\"@id\":\"https:\\\/\\\/safetysourcefire.ca\\\/product\\\/cutter-cu-5050-i\\\/#breadcrumb\"},\"inLanguage\":\"fr-CA\",\"potentialAction\":[{\"@type\":\"ReadAction\",\"target\":[\"https:\\\/\\\/safetysourcefire.ca\\\/product\\\/cutter-cu-5050-i\\\/\"]}]},{\"@type\":\"ImageObject\",\"inLanguage\":\"fr-CA\",\"@id\":\"https:\\\/\\\/safetysourcefire.ca\\\/product\\\/cutter-cu-5050-i\\\/#primaryimage\",\"url\":\"https:\\\/\\\/safetysourcefire.ca\\\/wp-content\\\/uploads\\\/2017\\\/05\\\/CU-5050-i.jpg\",\"contentUrl\":\"https:\\\/\\\/safetysourcefire.ca\\\/wp-content\\\/uploads\\\/2017\\\/05\\\/CU-5050-i.jpg\",\"width\":600,\"height\":600,\"caption\":\"Cutter CU 5050i\"},{\"@type\":\"BreadcrumbList\",\"@id\":\"https:\\\/\\\/safetysourcefire.ca\\\/product\\\/cutter-cu-5050-i\\\/#breadcrumb\",\"itemListElement\":[{\"@type\":\"ListItem\",\"position\":1,\"name\":\"Home\",\"item\":\"https:\\\/\\\/safetysourcefire.ca\\\/\"},{\"@type\":\"ListItem\",\"position\":2,\"name\":\"Products\",\"item\":\"https:\\\/\\\/safetysourcefire.ca\\\/shop\\\/\"},{\"@type\":\"ListItem\",\"position\":3,\"name\":\"Cutter CU 5050 i\"}]},{\"@type\":\"WebSite\",\"@id\":\"https:\\\/\\\/safetysourcefire.ca\\\/#website\",\"url\":\"https:\\\/\\\/safetysourcefire.ca\\\/\",\"name\":\"Safety Source Fire\",\"description\":\"\",\"publisher\":{\"@id\":\"https:\\\/\\\/safetysourcefire.ca\\\/#organization\"},\"potentialAction\":[{\"@type\":\"SearchAction\",\"target\":{\"@type\":\"EntryPoint\",\"urlTemplate\":\"https:\\\/\\\/safetysourcefire.ca\\\/?s={search_term_string}\"},\"query-input\":{\"@type\":\"PropertyValueSpecification\",\"valueRequired\":true,\"valueName\":\"search_term_string\"}}],\"inLanguage\":\"fr-CA\"},{\"@type\":\"Organization\",\"@id\":\"https:\\\/\\\/safetysourcefire.ca\\\/#organization\",\"name\":\"Safety Source Fire\",\"url\":\"https:\\\/\\\/safetysourcefire.ca\\\/\",\"logo\":{\"@type\":\"ImageObject\",\"inLanguage\":\"fr-CA\",\"@id\":\"https:\\\/\\\/safetysourcefire.ca\\\/#\\\/schema\\\/logo\\\/image\\\/\",\"url\":\"https:\\\/\\\/safetysourcefire.ca\\\/wp-content\\\/uploads\\\/2021\\\/01\\\/SSF_logo_CC0000-3.png\",\"contentUrl\":\"https:\\\/\\\/safetysourcefire.ca\\\/wp-content\\\/uploads\\\/2021\\\/01\\\/SSF_logo_CC0000-3.png\",\"width\":1107,\"height\":365,\"caption\":\"Safety Source Fire\"},\"image\":{\"@id\":\"https:\\\/\\\/safetysourcefire.ca\\\/#\\\/schema\\\/logo\\\/image\\\/\"},\"sameAs\":[\"https:\\\/\\\/www.facebook.com\\\/mmfssca\",\"https:\\\/\\\/x.com\\\/mmfssca\"]}]}<\/script>\n<!-- \/ Yoast SEO plugin. -->","yoast_head_json":{"title":"Cutter CU 5050 i - Source de s\u00e9curit\u00e9 incendie","robots":{"index":"index","follow":"follow","max-snippet":"max-snippet:-1","max-image-preview":"max-image-preview:large","max-video-preview":"max-video-preview:-1"},"canonical":"https:\/\/safetysourcefire.ca\/fr\/produit\/cutter-cu-5050-i\/","og_locale":"fr_CA","og_type":"article","og_title":"Cutter CU 5050 i - Safety Source Fire","og_description":"New Car Technology Inclined Cutter - 5000 series. Lighter than ever, improved performance.\u00a0With inclined cutting jaw for more ergonomic cutting above waist height or low on the car and to reduce the effect of tool movement towards the patient (e.g. when making a relief cut in the A-pillar).","og_url":"https:\/\/safetysourcefire.ca\/fr\/produit\/cutter-cu-5050-i\/","og_site_name":"Safety Source Fire","article_publisher":"https:\/\/www.facebook.com\/mmfssca","article_modified_time":"2018-04-11T14:17:37+00:00","og_image":[{"width":600,"height":600,"url":"https:\/\/safetysourcefire.ca\/wp-content\/uploads\/2017\/05\/CU-5050-i.jpg","type":"image\/jpeg"}],"twitter_card":"summary_large_image","twitter_site":"@mmfssca","twitter_misc":{"Estimation du temps de lecture":"1 minute"},"schema":{"@context":"https:\/\/schema.org","@graph":[{"@type":"WebPage","@id":"https:\/\/safetysourcefire.ca\/product\/cutter-cu-5050-i\/","url":"https:\/\/safetysourcefire.ca\/product\/cutter-cu-5050-i\/","name":"Cutter CU 5050 i - Source de s\u00e9curit\u00e9 incendie","isPartOf":{"@id":"https:\/\/safetysourcefire.ca\/#website"},"primaryImageOfPage":{"@id":"https:\/\/safetysourcefire.ca\/product\/cutter-cu-5050-i\/#primaryimage"},"image":{"@id":"https:\/\/safetysourcefire.ca\/product\/cutter-cu-5050-i\/#primaryimage"},"thumbnailUrl":"https:\/\/safetysourcefire.ca\/wp-content\/uploads\/2017\/05\/CU-5050-i.jpg","datePublished":"2017-05-31T19:00:37+00:00","dateModified":"2018-04-11T14:17:37+00:00","breadcrumb":{"@id":"https:\/\/safetysourcefire.ca\/product\/cutter-cu-5050-i\/#breadcrumb"},"inLanguage":"fr-CA","potentialAction":[{"@type":"ReadAction","target":["https:\/\/safetysourcefire.ca\/product\/cutter-cu-5050-i\/"]}]},{"@type":"ImageObject","inLanguage":"fr-CA","@id":"https:\/\/safetysourcefire.ca\/product\/cutter-cu-5050-i\/#primaryimage","url":"https:\/\/safetysourcefire.ca\/wp-content\/uploads\/2017\/05\/CU-5050-i.jpg","contentUrl":"https:\/\/safetysourcefire.ca\/wp-content\/uploads\/2017\/05\/CU-5050-i.jpg","width":600,"height":600,"caption":"Cutter CU 5050i"},{"@type":"BreadcrumbList","@id":"https:\/\/safetysourcefire.ca\/product\/cutter-cu-5050-i\/#breadcrumb","itemListElement":[{"@type":"ListItem","position":1,"name":"Home","item":"https:\/\/safetysourcefire.ca\/"},{"@type":"ListItem","position":2,"name":"Products","item":"https:\/\/safetysourcefire.ca\/shop\/"},{"@type":"ListItem","position":3,"name":"Cutter CU 5050 i"}]},{"@type":"WebSite","@id":"https:\/\/safetysourcefire.ca\/#website","url":"https:\/\/safetysourcefire.ca\/","name":"Safety Source Fire","description":"","publisher":{"@id":"https:\/\/safetysourcefire.ca\/#organization"},"potentialAction":[{"@type":"SearchAction","target":{"@type":"EntryPoint","urlTemplate":"https:\/\/safetysourcefire.ca\/?s={search_term_string}"},"query-input":{"@type":"PropertyValueSpecification","valueRequired":true,"valueName":"search_term_string"}}],"inLanguage":"fr-CA"},{"@type":"Organization","@id":"https:\/\/safetysourcefire.ca\/#organization","name":"Safety Source Fire","url":"https:\/\/safetysourcefire.ca\/","logo":{"@type":"ImageObject","inLanguage":"fr-CA","@id":"https:\/\/safetysourcefire.ca\/#\/schema\/logo\/image\/","url":"https:\/\/safetysourcefire.ca\/wp-content\/uploads\/2021\/01\/SSF_logo_CC0000-3.png","contentUrl":"https:\/\/safetysourcefire.ca\/wp-content\/uploads\/2021\/01\/SSF_logo_CC0000-3.png","width":1107,"height":365,"caption":"Safety Source Fire"},"image":{"@id":"https:\/\/safetysourcefire.ca\/#\/schema\/logo\/image\/"},"sameAs":["https:\/\/www.facebook.com\/mmfssca","https:\/\/x.com\/mmfssca"]}]}},"_links":{"self":[{"href":"https:\/\/safetysourcefire.ca\/fr\/wp-json\/wp\/v2\/product\/1922","targetHints":{"allow":["GET"]}}],"collection":[{"href":"https:\/\/safetysourcefire.ca\/fr\/wp-json\/wp\/v2\/product"}],"about":[{"href":"https:\/\/safetysourcefire.ca\/fr\/wp-json\/wp\/v2\/types\/product"}],"wp:featuredmedia":[{"embeddable":true,"href":"https:\/\/safetysourcefire.ca\/fr\/wp-json\/wp\/v2\/media\/1873"}],"wp:attachment":[{"href":"https:\/\/safetysourcefire.ca\/fr\/wp-json\/wp\/v2\/media?parent=1922"}],"wp:term":[{"taxonomy":"product_brand","embeddable":true,"href":"https:\/\/safetysourcefire.ca\/fr\/wp-json\/wp\/v2\/product_brand?post=1922"},{"taxonomy":"product_cat","embeddable":true,"href":"https:\/\/safetysourcefire.ca\/fr\/wp-json\/wp\/v2\/product_cat?post=1922"},{"taxonomy":"product_tag","embeddable":true,"href":"https:\/\/safetysourcefire.ca\/fr\/wp-json\/wp\/v2\/product_tag?post=1922"}],"curies":[{"name":"wp","href":"https:\/\/api.w.org\/{rel}","templated":true}]}}