{"id":1964,"date":"2017-06-01T15:04:48","date_gmt":"2017-06-01T15:04:48","guid":{"rendered":"http:\/\/mmfss.ca\/?post_type=product&#038;p=1964"},"modified":"2018-03-19T13:51:05","modified_gmt":"2018-03-19T13:51:05","slug":"battery-pump-spu-16-bc-excl-battery","status":"publish","type":"product","link":"https:\/\/safetysourcefire.ca\/fr\/produit\/battery-pump-spu-16-bc-excl-battery\/","title":{"rendered":"Pompe \u00e0 batterie SPU 16 BC (sans batterie)"},"content":{"rendered":"<p><strong>Options incluses:<\/strong><\/p>\n<ul>\n<li>Jauge de niveau d&#039;huile<\/li>\n<li>Indicateur de niveau de batterie<\/li>\n<li>Mode ECO sans bruit<\/li>\n<li>\u00c9clairage LED au-dessus du coupleur CORE<\/li>\n<li>Connecteur de chargeur<\/li>\n<\/ul>\n<p><strong>Fonctionnalit\u00e9s:<\/strong><\/p>\n<p>Technologie CORE<br \/>\n\u2022 Plus rapide (gain de temps)<br \/>\n\u2022 Plus s\u00e9curitaire (et plus agr\u00e9able \u00e0 utiliser)<br \/>\n\u2022 Plus facile (permet une utilisation plus efficace par l'utilisateur)<\/p>\n<p>Longue dur\u00e9e de fonctionnement<br \/>\n\u2022 140\u00a0minutes lors des d\u00e9sincarc\u00e9rations courantes de v\u00e9hicules, m\u00eame avec l&#039;utilisation d&#039;outils de sauvetage lourds<br \/>\n\u2022 70\u00a0minutes d&#039;utilisation continue de l&#039;outil d&#039;\u00e9talement\/coupe<\/p>\n<p>Sans \u00e9mission<br \/>\n\u2022 Id\u00e9al pour alimenter l&#039;\u00e9quipement de sauvetage dans des espaces confin\u00e9s comme les tunnels, les trains et les b\u00e2timents effondr\u00e9s<br \/>\n\u2022 Plus sain pour les sauveteurs et les victimes<br \/>\n\u2022 \u00c9cologique<\/p>\n<p>R\u00e9sistant \u00e0 toutes les temp\u00e9ratures<br \/>\n\u2022 Convient pour une utilisation \u00e0 des temp\u00e9ratures inf\u00e9rieures \u00e0 z\u00e9ro, jusqu&#039;\u00e0 -20\u00a0\u00b0C \/ -4\u00a0\u00b0F<br \/>\n\u2022 Convient aux utilisations par temps humide<\/p>\n<p>Mode ECO sans bruit<br \/>\n\u2022 \u00c9conomie d&#039;\u00e9nergie et niveau de bruit extr\u00eamement faible lorsque l&#039;outil n&#039;est pas utilis\u00e9<\/p>\n<p>Se connecte \u00e0 tous les \u00e9quipements de sauvetage actuels<br \/>\n\u2022 Permet les m\u00eames performances d'outil puissants que les autres pompes de sauvetage<br \/>\n\u2022 Peut alimenter n&#039;importe quel v\u00e9rin (t\u00e9lescopique), \u00e9pandeur, outil combin\u00e9 et couteau<\/p>\n<p>Pompe \u00e0 3 niveaux<br \/>\n\u2022 D\u00e9bit\/vitesse beaucoup plus \u00e9lev\u00e9s au 2e niveau: pour des op\u00e9rations de sauvetage plus rapides<br \/>\n\u2022 D\u00e9bit\/vitesse inf\u00e9rieurs au 3e niveau : pour un meilleur contr\u00f4le de l'outil<\/p>\n<p>Technologie de batterie lithium-ion de nouvelle g\u00e9n\u00e9ration<br \/>\n\u2022 Haute capacit\u00e9 pour une longue dur\u00e9e de fonctionnement<br \/>\n\u2022 M\u00eame performance d&#039;outil que les autres pompes de sauvetage, par tous les temps<br \/>\n\u2022 Peut \u00eatre utilis\u00e9 \u00e0 haute altitude (&gt;1000 m)<\/p>","protected":false},"excerpt":{"rendered":"<p>Pompe Greenline \u00e0 batterie, version CORE, avec 1 connexion d&#039;outil (STO).<\/p>\n<p>&nbsp;<\/p>","protected":false},"featured_media":1903,"template":"","meta":[],"product_brand":[174],"product_cat":[128,51],"product_tag":[309],"class_list":{"0":"post-1964","1":"product","2":"type-product","3":"status-publish","4":"has-post-thumbnail","6":"product_brand-holmatro","7":"product_cat-extrication-rescue","8":"product_cat-rescue","9":"product_tag-holmatro","11":"first","12":"instock","13":"shipping-taxable","14":"product-type-simple"},"yoast_head":"<!-- This site is optimized with the Yoast SEO plugin v27.4 - https:\/\/yoast.com\/product\/yoast-seo-wordpress\/ -->\n<title>Battery Pump SPU 16 BC (excl. Battery) - Safety Source Fire<\/title>\n<meta name=\"robots\" content=\"index, follow, max-snippet:-1, max-image-preview:large, max-video-preview:-1\" \/>\n<link rel=\"canonical\" href=\"https:\/\/safetysourcefire.ca\/fr\/produit\/battery-pump-spu-16-bc-excl-battery\/\" \/>\n<meta property=\"og:locale\" content=\"fr_CA\" \/>\n<meta property=\"og:type\" content=\"article\" \/>\n<meta property=\"og:title\" content=\"Battery Pump SPU 16 BC (excl. Battery) - Safety Source Fire\" \/>\n<meta property=\"og:description\" content=\"Battery driven Greenline pump, CORE version, with 1 tool connection (STO).  &nbsp;\" \/>\n<meta property=\"og:url\" content=\"https:\/\/safetysourcefire.ca\/fr\/produit\/battery-pump-spu-16-bc-excl-battery\/\" \/>\n<meta property=\"og:site_name\" content=\"Safety Source Fire\" \/>\n<meta property=\"article:publisher\" content=\"https:\/\/www.facebook.com\/mmfssca\" \/>\n<meta property=\"article:modified_time\" content=\"2018-03-19T13:51:05+00:00\" \/>\n<meta property=\"og:image\" content=\"https:\/\/safetysourcefire.ca\/wp-content\/uploads\/2017\/05\/SPU-16-BC.jpg\" \/>\n\t<meta property=\"og:image:width\" content=\"600\" \/>\n\t<meta property=\"og:image:height\" content=\"600\" \/>\n\t<meta property=\"og:image:type\" content=\"image\/jpeg\" \/>\n<meta name=\"twitter:card\" content=\"summary_large_image\" \/>\n<meta name=\"twitter:site\" content=\"@mmfssca\" \/>\n<meta name=\"twitter:label1\" content=\"Estimation du temps de lecture\" \/>\n\t<meta name=\"twitter:data1\" content=\"1 minute\" \/>\n<script type=\"application\/ld+json\" class=\"yoast-schema-graph\">{\"@context\":\"https:\\\/\\\/schema.org\",\"@graph\":[{\"@type\":\"WebPage\",\"@id\":\"https:\\\/\\\/safetysourcefire.ca\\\/product\\\/battery-pump-spu-16-bc-excl-battery\\\/\",\"url\":\"https:\\\/\\\/safetysourcefire.ca\\\/product\\\/battery-pump-spu-16-bc-excl-battery\\\/\",\"name\":\"Battery Pump SPU 16 BC (excl. Battery) - Safety Source Fire\",\"isPartOf\":{\"@id\":\"https:\\\/\\\/safetysourcefire.ca\\\/#website\"},\"primaryImageOfPage\":{\"@id\":\"https:\\\/\\\/safetysourcefire.ca\\\/product\\\/battery-pump-spu-16-bc-excl-battery\\\/#primaryimage\"},\"image\":{\"@id\":\"https:\\\/\\\/safetysourcefire.ca\\\/product\\\/battery-pump-spu-16-bc-excl-battery\\\/#primaryimage\"},\"thumbnailUrl\":\"https:\\\/\\\/safetysourcefire.ca\\\/wp-content\\\/uploads\\\/2017\\\/05\\\/SPU-16-BC.jpg\",\"datePublished\":\"2017-06-01T15:04:48+00:00\",\"dateModified\":\"2018-03-19T13:51:05+00:00\",\"breadcrumb\":{\"@id\":\"https:\\\/\\\/safetysourcefire.ca\\\/product\\\/battery-pump-spu-16-bc-excl-battery\\\/#breadcrumb\"},\"inLanguage\":\"fr-CA\",\"potentialAction\":[{\"@type\":\"ReadAction\",\"target\":[\"https:\\\/\\\/safetysourcefire.ca\\\/product\\\/battery-pump-spu-16-bc-excl-battery\\\/\"]}]},{\"@type\":\"ImageObject\",\"inLanguage\":\"fr-CA\",\"@id\":\"https:\\\/\\\/safetysourcefire.ca\\\/product\\\/battery-pump-spu-16-bc-excl-battery\\\/#primaryimage\",\"url\":\"https:\\\/\\\/safetysourcefire.ca\\\/wp-content\\\/uploads\\\/2017\\\/05\\\/SPU-16-BC.jpg\",\"contentUrl\":\"https:\\\/\\\/safetysourcefire.ca\\\/wp-content\\\/uploads\\\/2017\\\/05\\\/SPU-16-BC.jpg\",\"width\":600,\"height\":600,\"caption\":\"Battery Pump SPU 16 BC\"},{\"@type\":\"BreadcrumbList\",\"@id\":\"https:\\\/\\\/safetysourcefire.ca\\\/product\\\/battery-pump-spu-16-bc-excl-battery\\\/#breadcrumb\",\"itemListElement\":[{\"@type\":\"ListItem\",\"position\":1,\"name\":\"Home\",\"item\":\"https:\\\/\\\/safetysourcefire.ca\\\/\"},{\"@type\":\"ListItem\",\"position\":2,\"name\":\"Products\",\"item\":\"https:\\\/\\\/safetysourcefire.ca\\\/shop\\\/\"},{\"@type\":\"ListItem\",\"position\":3,\"name\":\"Battery Pump SPU 16 BC (excl. Battery)\"}]},{\"@type\":\"WebSite\",\"@id\":\"https:\\\/\\\/safetysourcefire.ca\\\/#website\",\"url\":\"https:\\\/\\\/safetysourcefire.ca\\\/\",\"name\":\"Safety Source Fire\",\"description\":\"\",\"publisher\":{\"@id\":\"https:\\\/\\\/safetysourcefire.ca\\\/#organization\"},\"potentialAction\":[{\"@type\":\"SearchAction\",\"target\":{\"@type\":\"EntryPoint\",\"urlTemplate\":\"https:\\\/\\\/safetysourcefire.ca\\\/?s={search_term_string}\"},\"query-input\":{\"@type\":\"PropertyValueSpecification\",\"valueRequired\":true,\"valueName\":\"search_term_string\"}}],\"inLanguage\":\"fr-CA\"},{\"@type\":\"Organization\",\"@id\":\"https:\\\/\\\/safetysourcefire.ca\\\/#organization\",\"name\":\"Safety Source Fire\",\"url\":\"https:\\\/\\\/safetysourcefire.ca\\\/\",\"logo\":{\"@type\":\"ImageObject\",\"inLanguage\":\"fr-CA\",\"@id\":\"https:\\\/\\\/safetysourcefire.ca\\\/#\\\/schema\\\/logo\\\/image\\\/\",\"url\":\"https:\\\/\\\/safetysourcefire.ca\\\/wp-content\\\/uploads\\\/2021\\\/01\\\/SSF_logo_CC0000-3.png\",\"contentUrl\":\"https:\\\/\\\/safetysourcefire.ca\\\/wp-content\\\/uploads\\\/2021\\\/01\\\/SSF_logo_CC0000-3.png\",\"width\":1107,\"height\":365,\"caption\":\"Safety Source Fire\"},\"image\":{\"@id\":\"https:\\\/\\\/safetysourcefire.ca\\\/#\\\/schema\\\/logo\\\/image\\\/\"},\"sameAs\":[\"https:\\\/\\\/www.facebook.com\\\/mmfssca\",\"https:\\\/\\\/x.com\\\/mmfssca\"]}]}<\/script>\n<!-- \/ Yoast SEO plugin. -->","yoast_head_json":{"title":"Pompe \u00e0 batterie SPU 16 BC (hors batterie) - Source de s\u00e9curit\u00e9 incendie","robots":{"index":"index","follow":"follow","max-snippet":"max-snippet:-1","max-image-preview":"max-image-preview:large","max-video-preview":"max-video-preview:-1"},"canonical":"https:\/\/safetysourcefire.ca\/fr\/produit\/battery-pump-spu-16-bc-excl-battery\/","og_locale":"fr_CA","og_type":"article","og_title":"Battery Pump SPU 16 BC (excl. Battery) - Safety Source Fire","og_description":"Battery driven Greenline pump, CORE version, with 1 tool connection (STO).  &nbsp;","og_url":"https:\/\/safetysourcefire.ca\/fr\/produit\/battery-pump-spu-16-bc-excl-battery\/","og_site_name":"Safety Source Fire","article_publisher":"https:\/\/www.facebook.com\/mmfssca","article_modified_time":"2018-03-19T13:51:05+00:00","og_image":[{"width":600,"height":600,"url":"https:\/\/safetysourcefire.ca\/wp-content\/uploads\/2017\/05\/SPU-16-BC.jpg","type":"image\/jpeg"}],"twitter_card":"summary_large_image","twitter_site":"@mmfssca","twitter_misc":{"Estimation du temps de lecture":"1 minute"},"schema":{"@context":"https:\/\/schema.org","@graph":[{"@type":"WebPage","@id":"https:\/\/safetysourcefire.ca\/product\/battery-pump-spu-16-bc-excl-battery\/","url":"https:\/\/safetysourcefire.ca\/product\/battery-pump-spu-16-bc-excl-battery\/","name":"Pompe \u00e0 batterie SPU 16 BC (hors batterie) - Source de s\u00e9curit\u00e9 incendie","isPartOf":{"@id":"https:\/\/safetysourcefire.ca\/#website"},"primaryImageOfPage":{"@id":"https:\/\/safetysourcefire.ca\/product\/battery-pump-spu-16-bc-excl-battery\/#primaryimage"},"image":{"@id":"https:\/\/safetysourcefire.ca\/product\/battery-pump-spu-16-bc-excl-battery\/#primaryimage"},"thumbnailUrl":"https:\/\/safetysourcefire.ca\/wp-content\/uploads\/2017\/05\/SPU-16-BC.jpg","datePublished":"2017-06-01T15:04:48+00:00","dateModified":"2018-03-19T13:51:05+00:00","breadcrumb":{"@id":"https:\/\/safetysourcefire.ca\/product\/battery-pump-spu-16-bc-excl-battery\/#breadcrumb"},"inLanguage":"fr-CA","potentialAction":[{"@type":"ReadAction","target":["https:\/\/safetysourcefire.ca\/product\/battery-pump-spu-16-bc-excl-battery\/"]}]},{"@type":"ImageObject","inLanguage":"fr-CA","@id":"https:\/\/safetysourcefire.ca\/product\/battery-pump-spu-16-bc-excl-battery\/#primaryimage","url":"https:\/\/safetysourcefire.ca\/wp-content\/uploads\/2017\/05\/SPU-16-BC.jpg","contentUrl":"https:\/\/safetysourcefire.ca\/wp-content\/uploads\/2017\/05\/SPU-16-BC.jpg","width":600,"height":600,"caption":"Battery Pump SPU 16 BC"},{"@type":"BreadcrumbList","@id":"https:\/\/safetysourcefire.ca\/product\/battery-pump-spu-16-bc-excl-battery\/#breadcrumb","itemListElement":[{"@type":"ListItem","position":1,"name":"Home","item":"https:\/\/safetysourcefire.ca\/"},{"@type":"ListItem","position":2,"name":"Products","item":"https:\/\/safetysourcefire.ca\/shop\/"},{"@type":"ListItem","position":3,"name":"Battery Pump SPU 16 BC (excl. Battery)"}]},{"@type":"WebSite","@id":"https:\/\/safetysourcefire.ca\/#website","url":"https:\/\/safetysourcefire.ca\/","name":"Safety Source Fire","description":"","publisher":{"@id":"https:\/\/safetysourcefire.ca\/#organization"},"potentialAction":[{"@type":"SearchAction","target":{"@type":"EntryPoint","urlTemplate":"https:\/\/safetysourcefire.ca\/?s={search_term_string}"},"query-input":{"@type":"PropertyValueSpecification","valueRequired":true,"valueName":"search_term_string"}}],"inLanguage":"fr-CA"},{"@type":"Organization","@id":"https:\/\/safetysourcefire.ca\/#organization","name":"Safety Source Fire","url":"https:\/\/safetysourcefire.ca\/","logo":{"@type":"ImageObject","inLanguage":"fr-CA","@id":"https:\/\/safetysourcefire.ca\/#\/schema\/logo\/image\/","url":"https:\/\/safetysourcefire.ca\/wp-content\/uploads\/2021\/01\/SSF_logo_CC0000-3.png","contentUrl":"https:\/\/safetysourcefire.ca\/wp-content\/uploads\/2021\/01\/SSF_logo_CC0000-3.png","width":1107,"height":365,"caption":"Safety Source Fire"},"image":{"@id":"https:\/\/safetysourcefire.ca\/#\/schema\/logo\/image\/"},"sameAs":["https:\/\/www.facebook.com\/mmfssca","https:\/\/x.com\/mmfssca"]}]}},"_links":{"self":[{"href":"https:\/\/safetysourcefire.ca\/fr\/wp-json\/wp\/v2\/product\/1964","targetHints":{"allow":["GET"]}}],"collection":[{"href":"https:\/\/safetysourcefire.ca\/fr\/wp-json\/wp\/v2\/product"}],"about":[{"href":"https:\/\/safetysourcefire.ca\/fr\/wp-json\/wp\/v2\/types\/product"}],"wp:featuredmedia":[{"embeddable":true,"href":"https:\/\/safetysourcefire.ca\/fr\/wp-json\/wp\/v2\/media\/1903"}],"wp:attachment":[{"href":"https:\/\/safetysourcefire.ca\/fr\/wp-json\/wp\/v2\/media?parent=1964"}],"wp:term":[{"taxonomy":"product_brand","embeddable":true,"href":"https:\/\/safetysourcefire.ca\/fr\/wp-json\/wp\/v2\/product_brand?post=1964"},{"taxonomy":"product_cat","embeddable":true,"href":"https:\/\/safetysourcefire.ca\/fr\/wp-json\/wp\/v2\/product_cat?post=1964"},{"taxonomy":"product_tag","embeddable":true,"href":"https:\/\/safetysourcefire.ca\/fr\/wp-json\/wp\/v2\/product_tag?post=1964"}],"curies":[{"name":"wp","href":"https:\/\/api.w.org\/{rel}","templated":true}]}}