{"id":1965,"date":"2017-06-01T15:06:06","date_gmt":"2017-06-01T15:06:06","guid":{"rendered":"http:\/\/mmfss.ca\/?post_type=product&#038;p=1965"},"modified":"2018-03-19T13:51:04","modified_gmt":"2018-03-19T13:51:04","slug":"gaspetrol-pump-sr-10-pc-1","status":"publish","type":"product","link":"https:\/\/safetysourcefire.ca\/fr\/produit\/gaspetrol-pump-sr-10-pc-1\/","title":{"rendered":"Pompe \u00e0 gaz \/ essence SR 10 PC 1"},"content":{"rendered":"<p><strong>Options incluses:<\/strong><\/p>\n<ul>\n<li>Indicateur de niveau d&#039;huile hydraulique<\/li>\n<li>Capteur de niveau d&#039;huile moteur<\/li>\n<li>Poign\u00e9e de transport souple<\/li>\n<\/ul>\n<p><strong>Fonctionnalit\u00e9s:<\/strong><\/p>\n<p>Technologie CORE<\/p>\n<ul>\n<li>Plus rapide (gain de temps)<\/li>\n<li>Plus s\u00e9curitaire (plus facile \u00e0 utiliser)<\/li>\n<li>Plus efficace (r\u00e9duit la fatigue chez les utilisateurs)<\/li>\n<\/ul>\n<p>Pompe \u00e0 3 niveaux<\/p>\n<ul>\n<li>D\u00e9bit\/vitesse beaucoup plus \u00e9lev\u00e9s au 2e niveau: pour des op\u00e9rations de sauvetage plus rapides<\/li>\n<li>D\u00e9bit\/vitesse inf\u00e9rieurs au 3e niveau: pour un meilleur contr\u00f4le de l'outil<\/li>\n<\/ul>\n<p>Compact et l\u00e9ger<\/p>\n<ul>\n<li>Conception ergonomique et compacte<\/li>\n<li>Facile \u00e0 porter<\/li>\n<li>Facile \u00e0 ranger<\/li>\n<\/ul>\n<p>Poign\u00e9e de transport souple<\/p>\n<ul>\n<li>Meilleure adh\u00e9rence<\/li>\n<li>Conception ergonomique pour un meilleur \u00e9quilibre de transport<\/li>\n<li>Plus facile \u00e0 transporter<\/li>\n<\/ul>\n<p>Grande capacit\u00e9 d&#039;huile hydraulique<\/p>\n<ul>\n<li>La pompe peut \u00eatre utilis\u00e9e avec n&#039;importe quel outil, y compris tous les \u00e9quipements de sauvetage lourds<\/li>\n<\/ul>\n<p>Indicateur de niveau d&#039;huile hydraulique<\/p>\n<ul>\n<li>Pour une surveillance simple et rapide du niveau d&#039;huile depuis l&#039;ext\u00e9rieur de la pompe<\/li>\n<\/ul>\n<p>\u00c9clairage LED (accessoire en option)<\/p>\n<ul>\n<li>Facile \u00e0 rep\u00e9rer dans l'obscurit\u00e9<\/li>\n<li>Facilite le couplage et le d\u00e9couplage des tuyaux dans l&#039;obscurit\u00e9<\/li>\n<\/ul>\n<p>Support de fixation et de lib\u00e9ration rapide (facultatif)<\/p>\n<ul>\n<li>Pour un acc\u00e8s rapide et facile \u00e0 la pompe dans le v\u00e9hicule de secours<\/li>\n<li>Gain de temps lors des op\u00e9rations de sauvetage<\/li>\n<li>Gain de place dans le v\u00e9hicule de sauvetage<\/li>\n<li>Moins de contraintes physiques pour les secouristes lors du retrait et de la remise en place de la pompe<\/li>\n<\/ul>","protected":false},"excerpt":{"rendered":"<p>Pompe Spider \u00e0 essence, version CORE, avec 1 connexion d&#039;outil (STO).<\/p>","protected":false},"featured_media":1904,"template":"","meta":[],"product_brand":[174],"product_cat":[128,51],"product_tag":[309],"class_list":{"0":"post-1965","1":"product","2":"type-product","3":"status-publish","4":"has-post-thumbnail","6":"product_brand-holmatro","7":"product_cat-extrication-rescue","8":"product_cat-rescue","9":"product_tag-holmatro","11":"first","12":"instock","13":"shipping-taxable","14":"product-type-simple"},"yoast_head":"<!-- This site is optimized with the Yoast SEO plugin v27.4 - https:\/\/yoast.com\/product\/yoast-seo-wordpress\/ -->\n<title>Gas\/Petrol Pump SR 10 PC 1 - Safety Source Fire<\/title>\n<meta name=\"robots\" content=\"index, follow, max-snippet:-1, max-image-preview:large, max-video-preview:-1\" \/>\n<link rel=\"canonical\" href=\"https:\/\/safetysourcefire.ca\/fr\/produit\/gaspetrol-pump-sr-10-pc-1\/\" \/>\n<meta property=\"og:locale\" content=\"fr_CA\" \/>\n<meta property=\"og:type\" content=\"article\" \/>\n<meta property=\"og:title\" content=\"Gas\/Petrol Pump SR 10 PC 1 - Safety Source Fire\" \/>\n<meta property=\"og:description\" content=\"Petrol-driven Spider pump, CORE version, with 1 tool connection (STO).\" \/>\n<meta property=\"og:url\" content=\"https:\/\/safetysourcefire.ca\/fr\/produit\/gaspetrol-pump-sr-10-pc-1\/\" \/>\n<meta property=\"og:site_name\" content=\"Safety Source Fire\" \/>\n<meta property=\"article:publisher\" content=\"https:\/\/www.facebook.com\/mmfssca\" \/>\n<meta property=\"article:modified_time\" content=\"2018-03-19T13:51:04+00:00\" \/>\n<meta property=\"og:image\" content=\"https:\/\/safetysourcefire.ca\/wp-content\/uploads\/2017\/05\/SR-10-PC-1-E.jpg\" \/>\n\t<meta property=\"og:image:width\" content=\"600\" \/>\n\t<meta property=\"og:image:height\" content=\"600\" \/>\n\t<meta property=\"og:image:type\" content=\"image\/jpeg\" \/>\n<meta name=\"twitter:card\" content=\"summary_large_image\" \/>\n<meta name=\"twitter:site\" content=\"@mmfssca\" \/>\n<meta name=\"twitter:label1\" content=\"Estimation du temps de lecture\" \/>\n\t<meta name=\"twitter:data1\" content=\"1 minute\" \/>\n<script type=\"application\/ld+json\" class=\"yoast-schema-graph\">{\"@context\":\"https:\\\/\\\/schema.org\",\"@graph\":[{\"@type\":\"WebPage\",\"@id\":\"https:\\\/\\\/safetysourcefire.ca\\\/product\\\/gaspetrol-pump-sr-10-pc-1\\\/\",\"url\":\"https:\\\/\\\/safetysourcefire.ca\\\/product\\\/gaspetrol-pump-sr-10-pc-1\\\/\",\"name\":\"Gas\\\/Petrol Pump SR 10 PC 1 - Safety Source Fire\",\"isPartOf\":{\"@id\":\"https:\\\/\\\/safetysourcefire.ca\\\/#website\"},\"primaryImageOfPage\":{\"@id\":\"https:\\\/\\\/safetysourcefire.ca\\\/product\\\/gaspetrol-pump-sr-10-pc-1\\\/#primaryimage\"},\"image\":{\"@id\":\"https:\\\/\\\/safetysourcefire.ca\\\/product\\\/gaspetrol-pump-sr-10-pc-1\\\/#primaryimage\"},\"thumbnailUrl\":\"https:\\\/\\\/safetysourcefire.ca\\\/wp-content\\\/uploads\\\/2017\\\/05\\\/SR-10-PC-1-E.jpg\",\"datePublished\":\"2017-06-01T15:06:06+00:00\",\"dateModified\":\"2018-03-19T13:51:04+00:00\",\"breadcrumb\":{\"@id\":\"https:\\\/\\\/safetysourcefire.ca\\\/product\\\/gaspetrol-pump-sr-10-pc-1\\\/#breadcrumb\"},\"inLanguage\":\"fr-CA\",\"potentialAction\":[{\"@type\":\"ReadAction\",\"target\":[\"https:\\\/\\\/safetysourcefire.ca\\\/product\\\/gaspetrol-pump-sr-10-pc-1\\\/\"]}]},{\"@type\":\"ImageObject\",\"inLanguage\":\"fr-CA\",\"@id\":\"https:\\\/\\\/safetysourcefire.ca\\\/product\\\/gaspetrol-pump-sr-10-pc-1\\\/#primaryimage\",\"url\":\"https:\\\/\\\/safetysourcefire.ca\\\/wp-content\\\/uploads\\\/2017\\\/05\\\/SR-10-PC-1-E.jpg\",\"contentUrl\":\"https:\\\/\\\/safetysourcefire.ca\\\/wp-content\\\/uploads\\\/2017\\\/05\\\/SR-10-PC-1-E.jpg\",\"width\":600,\"height\":600,\"caption\":\"Gas\\\/Petrol Pump SR 10 PC 1 E\"},{\"@type\":\"BreadcrumbList\",\"@id\":\"https:\\\/\\\/safetysourcefire.ca\\\/product\\\/gaspetrol-pump-sr-10-pc-1\\\/#breadcrumb\",\"itemListElement\":[{\"@type\":\"ListItem\",\"position\":1,\"name\":\"Home\",\"item\":\"https:\\\/\\\/safetysourcefire.ca\\\/\"},{\"@type\":\"ListItem\",\"position\":2,\"name\":\"Products\",\"item\":\"https:\\\/\\\/safetysourcefire.ca\\\/shop\\\/\"},{\"@type\":\"ListItem\",\"position\":3,\"name\":\"Gas\\\/Petrol Pump SR 10 PC 1\"}]},{\"@type\":\"WebSite\",\"@id\":\"https:\\\/\\\/safetysourcefire.ca\\\/#website\",\"url\":\"https:\\\/\\\/safetysourcefire.ca\\\/\",\"name\":\"Safety Source Fire\",\"description\":\"\",\"publisher\":{\"@id\":\"https:\\\/\\\/safetysourcefire.ca\\\/#organization\"},\"potentialAction\":[{\"@type\":\"SearchAction\",\"target\":{\"@type\":\"EntryPoint\",\"urlTemplate\":\"https:\\\/\\\/safetysourcefire.ca\\\/?s={search_term_string}\"},\"query-input\":{\"@type\":\"PropertyValueSpecification\",\"valueRequired\":true,\"valueName\":\"search_term_string\"}}],\"inLanguage\":\"fr-CA\"},{\"@type\":\"Organization\",\"@id\":\"https:\\\/\\\/safetysourcefire.ca\\\/#organization\",\"name\":\"Safety Source Fire\",\"url\":\"https:\\\/\\\/safetysourcefire.ca\\\/\",\"logo\":{\"@type\":\"ImageObject\",\"inLanguage\":\"fr-CA\",\"@id\":\"https:\\\/\\\/safetysourcefire.ca\\\/#\\\/schema\\\/logo\\\/image\\\/\",\"url\":\"https:\\\/\\\/safetysourcefire.ca\\\/wp-content\\\/uploads\\\/2021\\\/01\\\/SSF_logo_CC0000-3.png\",\"contentUrl\":\"https:\\\/\\\/safetysourcefire.ca\\\/wp-content\\\/uploads\\\/2021\\\/01\\\/SSF_logo_CC0000-3.png\",\"width\":1107,\"height\":365,\"caption\":\"Safety Source Fire\"},\"image\":{\"@id\":\"https:\\\/\\\/safetysourcefire.ca\\\/#\\\/schema\\\/logo\\\/image\\\/\"},\"sameAs\":[\"https:\\\/\\\/www.facebook.com\\\/mmfssca\",\"https:\\\/\\\/x.com\\\/mmfssca\"]}]}<\/script>\n<!-- \/ Yoast SEO plugin. -->","yoast_head_json":{"title":"Pompe \u00e0 essence SR 10 PC 1 - Source de s\u00e9curit\u00e9 incendie","robots":{"index":"index","follow":"follow","max-snippet":"max-snippet:-1","max-image-preview":"max-image-preview:large","max-video-preview":"max-video-preview:-1"},"canonical":"https:\/\/safetysourcefire.ca\/fr\/produit\/gaspetrol-pump-sr-10-pc-1\/","og_locale":"fr_CA","og_type":"article","og_title":"Gas\/Petrol Pump SR 10 PC 1 - Safety Source Fire","og_description":"Petrol-driven Spider pump, CORE version, with 1 tool connection (STO).","og_url":"https:\/\/safetysourcefire.ca\/fr\/produit\/gaspetrol-pump-sr-10-pc-1\/","og_site_name":"Safety Source Fire","article_publisher":"https:\/\/www.facebook.com\/mmfssca","article_modified_time":"2018-03-19T13:51:04+00:00","og_image":[{"width":600,"height":600,"url":"https:\/\/safetysourcefire.ca\/wp-content\/uploads\/2017\/05\/SR-10-PC-1-E.jpg","type":"image\/jpeg"}],"twitter_card":"summary_large_image","twitter_site":"@mmfssca","twitter_misc":{"Estimation du temps de lecture":"1 minute"},"schema":{"@context":"https:\/\/schema.org","@graph":[{"@type":"WebPage","@id":"https:\/\/safetysourcefire.ca\/product\/gaspetrol-pump-sr-10-pc-1\/","url":"https:\/\/safetysourcefire.ca\/product\/gaspetrol-pump-sr-10-pc-1\/","name":"Pompe \u00e0 essence SR 10 PC 1 - Source de s\u00e9curit\u00e9 incendie","isPartOf":{"@id":"https:\/\/safetysourcefire.ca\/#website"},"primaryImageOfPage":{"@id":"https:\/\/safetysourcefire.ca\/product\/gaspetrol-pump-sr-10-pc-1\/#primaryimage"},"image":{"@id":"https:\/\/safetysourcefire.ca\/product\/gaspetrol-pump-sr-10-pc-1\/#primaryimage"},"thumbnailUrl":"https:\/\/safetysourcefire.ca\/wp-content\/uploads\/2017\/05\/SR-10-PC-1-E.jpg","datePublished":"2017-06-01T15:06:06+00:00","dateModified":"2018-03-19T13:51:04+00:00","breadcrumb":{"@id":"https:\/\/safetysourcefire.ca\/product\/gaspetrol-pump-sr-10-pc-1\/#breadcrumb"},"inLanguage":"fr-CA","potentialAction":[{"@type":"ReadAction","target":["https:\/\/safetysourcefire.ca\/product\/gaspetrol-pump-sr-10-pc-1\/"]}]},{"@type":"ImageObject","inLanguage":"fr-CA","@id":"https:\/\/safetysourcefire.ca\/product\/gaspetrol-pump-sr-10-pc-1\/#primaryimage","url":"https:\/\/safetysourcefire.ca\/wp-content\/uploads\/2017\/05\/SR-10-PC-1-E.jpg","contentUrl":"https:\/\/safetysourcefire.ca\/wp-content\/uploads\/2017\/05\/SR-10-PC-1-E.jpg","width":600,"height":600,"caption":"Gas\/Petrol Pump SR 10 PC 1 E"},{"@type":"BreadcrumbList","@id":"https:\/\/safetysourcefire.ca\/product\/gaspetrol-pump-sr-10-pc-1\/#breadcrumb","itemListElement":[{"@type":"ListItem","position":1,"name":"Home","item":"https:\/\/safetysourcefire.ca\/"},{"@type":"ListItem","position":2,"name":"Products","item":"https:\/\/safetysourcefire.ca\/shop\/"},{"@type":"ListItem","position":3,"name":"Gas\/Petrol Pump SR 10 PC 1"}]},{"@type":"WebSite","@id":"https:\/\/safetysourcefire.ca\/#website","url":"https:\/\/safetysourcefire.ca\/","name":"Safety Source Fire","description":"","publisher":{"@id":"https:\/\/safetysourcefire.ca\/#organization"},"potentialAction":[{"@type":"SearchAction","target":{"@type":"EntryPoint","urlTemplate":"https:\/\/safetysourcefire.ca\/?s={search_term_string}"},"query-input":{"@type":"PropertyValueSpecification","valueRequired":true,"valueName":"search_term_string"}}],"inLanguage":"fr-CA"},{"@type":"Organization","@id":"https:\/\/safetysourcefire.ca\/#organization","name":"Safety Source Fire","url":"https:\/\/safetysourcefire.ca\/","logo":{"@type":"ImageObject","inLanguage":"fr-CA","@id":"https:\/\/safetysourcefire.ca\/#\/schema\/logo\/image\/","url":"https:\/\/safetysourcefire.ca\/wp-content\/uploads\/2021\/01\/SSF_logo_CC0000-3.png","contentUrl":"https:\/\/safetysourcefire.ca\/wp-content\/uploads\/2021\/01\/SSF_logo_CC0000-3.png","width":1107,"height":365,"caption":"Safety Source Fire"},"image":{"@id":"https:\/\/safetysourcefire.ca\/#\/schema\/logo\/image\/"},"sameAs":["https:\/\/www.facebook.com\/mmfssca","https:\/\/x.com\/mmfssca"]}]}},"_links":{"self":[{"href":"https:\/\/safetysourcefire.ca\/fr\/wp-json\/wp\/v2\/product\/1965","targetHints":{"allow":["GET"]}}],"collection":[{"href":"https:\/\/safetysourcefire.ca\/fr\/wp-json\/wp\/v2\/product"}],"about":[{"href":"https:\/\/safetysourcefire.ca\/fr\/wp-json\/wp\/v2\/types\/product"}],"wp:featuredmedia":[{"embeddable":true,"href":"https:\/\/safetysourcefire.ca\/fr\/wp-json\/wp\/v2\/media\/1904"}],"wp:attachment":[{"href":"https:\/\/safetysourcefire.ca\/fr\/wp-json\/wp\/v2\/media?parent=1965"}],"wp:term":[{"taxonomy":"product_brand","embeddable":true,"href":"https:\/\/safetysourcefire.ca\/fr\/wp-json\/wp\/v2\/product_brand?post=1965"},{"taxonomy":"product_cat","embeddable":true,"href":"https:\/\/safetysourcefire.ca\/fr\/wp-json\/wp\/v2\/product_cat?post=1965"},{"taxonomy":"product_tag","embeddable":true,"href":"https:\/\/safetysourcefire.ca\/fr\/wp-json\/wp\/v2\/product_tag?post=1965"}],"curies":[{"name":"wp","href":"https:\/\/api.w.org\/{rel}","templated":true}]}}