{"id":19743,"date":"2020-07-01T01:00:50","date_gmt":"2020-07-01T01:00:50","guid":{"rendered":"https:\/\/mmfss.ca\/?post_type=product&#038;p=19743"},"modified":"2025-07-05T23:46:36","modified_gmt":"2025-07-05T23:46:36","slug":"seek-scan","status":"publish","type":"product","link":"https:\/\/safetysourcefire.ca\/fr\/produit\/seek-scan\/","title":{"rendered":"Scanneur ''Seek Scan''"},"content":{"rendered":"<p>Seek Scan est un syst\u00e8me d'imagerie thermique simple et peu co\u00fbteux con\u00e7u pour automatiser le d\u00e9pistage de la temp\u00e9rature corporelle en utilisant la temp\u00e9rature de la peau comme proxy. Seek Scan peut \u00eatre install\u00e9 dans les halls, les couloirs et d'autres points d'acc\u00e8s cl\u00e9s pour aider les entreprises, les institutions et les lieux publics \u00e0 cr\u00e9er des environnements plus s\u00e9curitaires pour leur personnel, leurs clients, leurs membres et leurs utilisateurs. Facile \u00e0 installer et \u00e0 utiliser, le syst\u00e8me peut \u00eatre op\u00e9rationnel en quelques minutes sans \u00e9quipement sp\u00e9cial ni formation.<\/p>\n<p><strong>Fonctionnement<\/strong><\/p>\n<p>Seek Scan est sp\u00e9cialement con\u00e7u et calibr\u00e9 pour fournir des mesures pr\u00e9cises de la temp\u00e9rature cutan\u00e9e tout en permettant des protocoles de distanciation sociale. En quelques secondes, le syst\u00e8me d\u00e9tecte automatiquement un visage, identifie les traits du visage les plus fiables pour la mesure et affiche une alerte si quelqu&#039;un a plus chaud que la temp\u00e9rature d&#039;alarme personnalisable.<\/p>\n<p>Contrairement aux cam\u00e9ras thermiques industrielles typiques, Seek Scan a \u00e9t\u00e9 d\u00e9velopp\u00e9 pour une mesure pr\u00e9cise de la temp\u00e9rature de la peau et maximise la pr\u00e9cision en r\u00e9f\u00e9ren\u00e7ant une source de chaleur fixe avec une valeur de temp\u00e9rature connue. L'inclusion d'une source de chaleur fixe dans le syst\u00e8me permet \u00e0 Seek Scan de produire des donn\u00e9es beaucoup plus pr\u00e9cises qu'une cam\u00e9ra thermique standard. Le processus Seek Scan fournit une couche suppl\u00e9mentaire de d\u00e9pistage pr\u00e9ventif et peut offrir plus de tranquillit\u00e9 d'esprit aux entreprises, aux institutions et aux participants de toutes sortes d'activit\u00e9s.<\/p>\n<p><a href=\"https:\/\/safetysourcefire.ca\/wp-content\/uploads\/2020\/04\/seek_scan_specification_sheet_apr20.pdf\">Caract\u00e9ristiques<\/a><\/p>\n<p><iframe loading=\"lazy\" title=\"vimeo-player\" src=\"https:\/\/player.vimeo.com\/video\/400078835\" width=\"640\" height=\"360\" frameborder=\"0\" allowfullscreen=\"allowfullscreen\"><\/iframe><\/p>\n<p><iframe loading=\"lazy\" title=\"vimeo-player\" src=\"https:\/\/player.vimeo.com\/video\/407283216\" width=\"640\" height=\"360\" frameborder=\"0\" allowfullscreen=\"allowfullscreen\"><\/iframe><\/p>","protected":false},"excerpt":{"rendered":"<p>Des outils de d\u00e9pistage simples pour des communaut\u00e9s plus s\u00e9curitaires.<br \/>\nAide les entreprises, les institutions et les lieux publics \u00e0 d\u00e9tecter facilement la temp\u00e9rature de la peau.<\/p>","protected":false},"featured_media":19748,"template":"","meta":[],"product_brand":[411],"product_cat":[462,466,134],"product_tag":[441,412,439,438,440],"class_list":{"0":"post-19743","1":"product","2":"type-product","3":"status-publish","4":"has-post-thumbnail","6":"product_brand-seek-thermal","7":"product_cat-emergency-preparedness","8":"product_cat-pandemic","9":"product_cat-thermal-imaging","10":"product_tag-body-temperature-screening","11":"product_tag-seek","12":"product_tag-seek-scan","13":"product_tag-seek-thermal","14":"product_tag-thermal-imaging","16":"first","17":"instock","18":"shipping-taxable","19":"product-type-simple"},"yoast_head":"<!-- This site is optimized with the Yoast SEO plugin v27.4 - https:\/\/yoast.com\/product\/yoast-seo-wordpress\/ -->\n<title>Seek Scan - Safety Source Fire<\/title>\n<meta name=\"robots\" content=\"index, follow, max-snippet:-1, max-image-preview:large, max-video-preview:-1\" \/>\n<link rel=\"canonical\" href=\"https:\/\/safetysourcefire.ca\/fr\/produit\/seek-scan\/\" \/>\n<meta property=\"og:locale\" content=\"fr_CA\" \/>\n<meta property=\"og:type\" content=\"article\" \/>\n<meta property=\"og:title\" content=\"Seek Scan - Safety Source Fire\" \/>\n<meta property=\"og:description\" content=\"Simple screening for safer communities Helps businesses, institutions and venues easily screen for skin temperature\" \/>\n<meta property=\"og:url\" content=\"https:\/\/safetysourcefire.ca\/fr\/produit\/seek-scan\/\" \/>\n<meta property=\"og:site_name\" content=\"Safety Source Fire\" \/>\n<meta property=\"article:publisher\" content=\"https:\/\/www.facebook.com\/mmfssca\" \/>\n<meta property=\"article:modified_time\" content=\"2025-07-05T23:46:36+00:00\" \/>\n<meta property=\"og:image\" content=\"https:\/\/safetysourcefire.ca\/wp-content\/uploads\/2020\/04\/setupss-web1.jpg\" \/>\n\t<meta property=\"og:image:width\" content=\"600\" \/>\n\t<meta property=\"og:image:height\" content=\"600\" \/>\n\t<meta property=\"og:image:type\" content=\"image\/jpeg\" \/>\n<meta name=\"twitter:card\" content=\"summary_large_image\" \/>\n<meta name=\"twitter:site\" content=\"@mmfssca\" \/>\n<meta name=\"twitter:label1\" content=\"Estimation du temps de lecture\" \/>\n\t<meta name=\"twitter:data1\" content=\"2 minutes\" \/>\n<script type=\"application\/ld+json\" class=\"yoast-schema-graph\">{\"@context\":\"https:\\\/\\\/schema.org\",\"@graph\":[{\"@type\":\"WebPage\",\"@id\":\"https:\\\/\\\/safetysourcefire.ca\\\/product\\\/seek-scan\\\/\",\"url\":\"https:\\\/\\\/safetysourcefire.ca\\\/product\\\/seek-scan\\\/\",\"name\":\"Seek Scan - Safety Source Fire\",\"isPartOf\":{\"@id\":\"https:\\\/\\\/safetysourcefire.ca\\\/#website\"},\"primaryImageOfPage\":{\"@id\":\"https:\\\/\\\/safetysourcefire.ca\\\/product\\\/seek-scan\\\/#primaryimage\"},\"image\":{\"@id\":\"https:\\\/\\\/safetysourcefire.ca\\\/product\\\/seek-scan\\\/#primaryimage\"},\"thumbnailUrl\":\"https:\\\/\\\/safetysourcefire.ca\\\/wp-content\\\/uploads\\\/2020\\\/04\\\/setupss-web1.jpg\",\"datePublished\":\"2020-07-01T01:00:50+00:00\",\"dateModified\":\"2025-07-05T23:46:36+00:00\",\"breadcrumb\":{\"@id\":\"https:\\\/\\\/safetysourcefire.ca\\\/product\\\/seek-scan\\\/#breadcrumb\"},\"inLanguage\":\"fr-CA\",\"potentialAction\":[{\"@type\":\"ReadAction\",\"target\":[\"https:\\\/\\\/safetysourcefire.ca\\\/product\\\/seek-scan\\\/\"]}]},{\"@type\":\"ImageObject\",\"inLanguage\":\"fr-CA\",\"@id\":\"https:\\\/\\\/safetysourcefire.ca\\\/product\\\/seek-scan\\\/#primaryimage\",\"url\":\"https:\\\/\\\/safetysourcefire.ca\\\/wp-content\\\/uploads\\\/2020\\\/04\\\/setupss-web1.jpg\",\"contentUrl\":\"https:\\\/\\\/safetysourcefire.ca\\\/wp-content\\\/uploads\\\/2020\\\/04\\\/setupss-web1.jpg\",\"width\":600,\"height\":600,\"caption\":\"camera setup\"},{\"@type\":\"BreadcrumbList\",\"@id\":\"https:\\\/\\\/safetysourcefire.ca\\\/product\\\/seek-scan\\\/#breadcrumb\",\"itemListElement\":[{\"@type\":\"ListItem\",\"position\":1,\"name\":\"Home\",\"item\":\"https:\\\/\\\/safetysourcefire.ca\\\/\"},{\"@type\":\"ListItem\",\"position\":2,\"name\":\"Products\",\"item\":\"https:\\\/\\\/safetysourcefire.ca\\\/shop\\\/\"},{\"@type\":\"ListItem\",\"position\":3,\"name\":\"Seek Scan\"}]},{\"@type\":\"WebSite\",\"@id\":\"https:\\\/\\\/safetysourcefire.ca\\\/#website\",\"url\":\"https:\\\/\\\/safetysourcefire.ca\\\/\",\"name\":\"Safety Source Fire\",\"description\":\"\",\"publisher\":{\"@id\":\"https:\\\/\\\/safetysourcefire.ca\\\/#organization\"},\"potentialAction\":[{\"@type\":\"SearchAction\",\"target\":{\"@type\":\"EntryPoint\",\"urlTemplate\":\"https:\\\/\\\/safetysourcefire.ca\\\/?s={search_term_string}\"},\"query-input\":{\"@type\":\"PropertyValueSpecification\",\"valueRequired\":true,\"valueName\":\"search_term_string\"}}],\"inLanguage\":\"fr-CA\"},{\"@type\":\"Organization\",\"@id\":\"https:\\\/\\\/safetysourcefire.ca\\\/#organization\",\"name\":\"Safety Source Fire\",\"url\":\"https:\\\/\\\/safetysourcefire.ca\\\/\",\"logo\":{\"@type\":\"ImageObject\",\"inLanguage\":\"fr-CA\",\"@id\":\"https:\\\/\\\/safetysourcefire.ca\\\/#\\\/schema\\\/logo\\\/image\\\/\",\"url\":\"https:\\\/\\\/safetysourcefire.ca\\\/wp-content\\\/uploads\\\/2021\\\/01\\\/SSF_logo_CC0000-3.png\",\"contentUrl\":\"https:\\\/\\\/safetysourcefire.ca\\\/wp-content\\\/uploads\\\/2021\\\/01\\\/SSF_logo_CC0000-3.png\",\"width\":1107,\"height\":365,\"caption\":\"Safety Source Fire\"},\"image\":{\"@id\":\"https:\\\/\\\/safetysourcefire.ca\\\/#\\\/schema\\\/logo\\\/image\\\/\"},\"sameAs\":[\"https:\\\/\\\/www.facebook.com\\\/mmfssca\",\"https:\\\/\\\/x.com\\\/mmfssca\"]}]}<\/script>\n<!-- \/ Yoast SEO plugin. -->","yoast_head_json":{"title":"Seek Scan - Incendie de source de s\u00e9curit\u00e9","robots":{"index":"index","follow":"follow","max-snippet":"max-snippet:-1","max-image-preview":"max-image-preview:large","max-video-preview":"max-video-preview:-1"},"canonical":"https:\/\/safetysourcefire.ca\/fr\/produit\/seek-scan\/","og_locale":"fr_CA","og_type":"article","og_title":"Seek Scan - Safety Source Fire","og_description":"Simple screening for safer communities Helps businesses, institutions and venues easily screen for skin temperature","og_url":"https:\/\/safetysourcefire.ca\/fr\/produit\/seek-scan\/","og_site_name":"Safety Source Fire","article_publisher":"https:\/\/www.facebook.com\/mmfssca","article_modified_time":"2025-07-05T23:46:36+00:00","og_image":[{"width":600,"height":600,"url":"https:\/\/safetysourcefire.ca\/wp-content\/uploads\/2020\/04\/setupss-web1.jpg","type":"image\/jpeg"}],"twitter_card":"summary_large_image","twitter_site":"@mmfssca","twitter_misc":{"Estimation du temps de lecture":"2 minutes"},"schema":{"@context":"https:\/\/schema.org","@graph":[{"@type":"WebPage","@id":"https:\/\/safetysourcefire.ca\/product\/seek-scan\/","url":"https:\/\/safetysourcefire.ca\/product\/seek-scan\/","name":"Seek Scan - Incendie de source de s\u00e9curit\u00e9","isPartOf":{"@id":"https:\/\/safetysourcefire.ca\/#website"},"primaryImageOfPage":{"@id":"https:\/\/safetysourcefire.ca\/product\/seek-scan\/#primaryimage"},"image":{"@id":"https:\/\/safetysourcefire.ca\/product\/seek-scan\/#primaryimage"},"thumbnailUrl":"https:\/\/safetysourcefire.ca\/wp-content\/uploads\/2020\/04\/setupss-web1.jpg","datePublished":"2020-07-01T01:00:50+00:00","dateModified":"2025-07-05T23:46:36+00:00","breadcrumb":{"@id":"https:\/\/safetysourcefire.ca\/product\/seek-scan\/#breadcrumb"},"inLanguage":"fr-CA","potentialAction":[{"@type":"ReadAction","target":["https:\/\/safetysourcefire.ca\/product\/seek-scan\/"]}]},{"@type":"ImageObject","inLanguage":"fr-CA","@id":"https:\/\/safetysourcefire.ca\/product\/seek-scan\/#primaryimage","url":"https:\/\/safetysourcefire.ca\/wp-content\/uploads\/2020\/04\/setupss-web1.jpg","contentUrl":"https:\/\/safetysourcefire.ca\/wp-content\/uploads\/2020\/04\/setupss-web1.jpg","width":600,"height":600,"caption":"camera setup"},{"@type":"BreadcrumbList","@id":"https:\/\/safetysourcefire.ca\/product\/seek-scan\/#breadcrumb","itemListElement":[{"@type":"ListItem","position":1,"name":"Home","item":"https:\/\/safetysourcefire.ca\/"},{"@type":"ListItem","position":2,"name":"Products","item":"https:\/\/safetysourcefire.ca\/shop\/"},{"@type":"ListItem","position":3,"name":"Seek Scan"}]},{"@type":"WebSite","@id":"https:\/\/safetysourcefire.ca\/#website","url":"https:\/\/safetysourcefire.ca\/","name":"Safety Source Fire","description":"","publisher":{"@id":"https:\/\/safetysourcefire.ca\/#organization"},"potentialAction":[{"@type":"SearchAction","target":{"@type":"EntryPoint","urlTemplate":"https:\/\/safetysourcefire.ca\/?s={search_term_string}"},"query-input":{"@type":"PropertyValueSpecification","valueRequired":true,"valueName":"search_term_string"}}],"inLanguage":"fr-CA"},{"@type":"Organization","@id":"https:\/\/safetysourcefire.ca\/#organization","name":"Safety Source Fire","url":"https:\/\/safetysourcefire.ca\/","logo":{"@type":"ImageObject","inLanguage":"fr-CA","@id":"https:\/\/safetysourcefire.ca\/#\/schema\/logo\/image\/","url":"https:\/\/safetysourcefire.ca\/wp-content\/uploads\/2021\/01\/SSF_logo_CC0000-3.png","contentUrl":"https:\/\/safetysourcefire.ca\/wp-content\/uploads\/2021\/01\/SSF_logo_CC0000-3.png","width":1107,"height":365,"caption":"Safety Source Fire"},"image":{"@id":"https:\/\/safetysourcefire.ca\/#\/schema\/logo\/image\/"},"sameAs":["https:\/\/www.facebook.com\/mmfssca","https:\/\/x.com\/mmfssca"]}]}},"_links":{"self":[{"href":"https:\/\/safetysourcefire.ca\/fr\/wp-json\/wp\/v2\/product\/19743","targetHints":{"allow":["GET"]}}],"collection":[{"href":"https:\/\/safetysourcefire.ca\/fr\/wp-json\/wp\/v2\/product"}],"about":[{"href":"https:\/\/safetysourcefire.ca\/fr\/wp-json\/wp\/v2\/types\/product"}],"wp:featuredmedia":[{"embeddable":true,"href":"https:\/\/safetysourcefire.ca\/fr\/wp-json\/wp\/v2\/media\/19748"}],"wp:attachment":[{"href":"https:\/\/safetysourcefire.ca\/fr\/wp-json\/wp\/v2\/media?parent=19743"}],"wp:term":[{"taxonomy":"product_brand","embeddable":true,"href":"https:\/\/safetysourcefire.ca\/fr\/wp-json\/wp\/v2\/product_brand?post=19743"},{"taxonomy":"product_cat","embeddable":true,"href":"https:\/\/safetysourcefire.ca\/fr\/wp-json\/wp\/v2\/product_cat?post=19743"},{"taxonomy":"product_tag","embeddable":true,"href":"https:\/\/safetysourcefire.ca\/fr\/wp-json\/wp\/v2\/product_tag?post=19743"}],"curies":[{"name":"wp","href":"https:\/\/api.w.org\/{rel}","templated":true}]}}