{"id":19955,"date":"2020-07-09T05:00:56","date_gmt":"2020-07-09T05:00:56","guid":{"rendered":"https:\/\/mmfss.ca\/?post_type=product&#038;p=19955"},"modified":"2021-04-09T15:55:31","modified_gmt":"2021-04-09T15:55:31","slug":"high-performance-rescue-chainsaws","status":"publish","type":"product","link":"https:\/\/safetysourcefire.ca\/fr\/produit\/high-performance-rescue-chainsaws\/","title":{"rendered":"Tron\u00e7onneuses de sauvetage haute performance"},"content":{"rendered":"<p>TRON\u00c7ONNEUSES DE VENTILATION AVEC CHA\u00ceNES \u00c0 POINTE CARBURE<\/p>\n<p>TRON\u00c7ONNEUSES \u00c0 VENTILATION UNIVENT<\/p>\n<p>Les tron\u00e7onneuses \u00e0 ventilation Univent emp\u00eachent le blocage de la vapeur dans des situations de chaleur \u00e9lev\u00e9e et sont inject\u00e9es d'air avec un filtre \u00e0 air en mousse pure impossible \u00e0 boucher, m\u00eame dans les environnements les plus concentr\u00e9s de fum\u00e9e. Ces scies d\u00e9veloppent plus de 6 CV et atteignent des vitesses de cha\u00eene de 121,6 pieds par seconde. Cela permet \u00e0 la cha\u00eene de couper droit plut\u00f4t que de d\u00e9chirer ou effilocher la surface. Parfait pour les environnements difficiles dans lesquels travaillent les pompiers! De plus, cet outil poss\u00e8de des caract\u00e9ristiques de s\u00e9curit\u00e9 suppl\u00e9mentaires telles que la jauge de profondeur \u00e0 ressort brevet\u00e9e.<\/p>\n<p><strong>Culasse Molytech<br \/>\n<\/strong>Culasse en aluminium\/magn\u00e9sium tremp\u00e9e et impr\u00e9gn\u00e9e de molybd\u00e8ne avec piston de 74 cm3 forg\u00e9 et segments en molybd\u00e8ne.  Permet d'augmenter la compression, r\u00e9duire la chaleur et prolonger la dur\u00e9e de vie du moteur. Permet \u00e9galement au moteur de fonctionner avec du carburant poss\u00e9dant une teneur en alcool allant jusqu'\u00e0 15%. Permet des performances optimales des carburants standard de 87 \u00e0 92 octanes. * L'alcool est ajout\u00e9 au carburant standard afin de r\u00e9pondre aux normes d'\u00e9missions fix\u00e9es par l'EPA et d'autres ordonnances de la ville ou de l'\u00c9tat.<\/p>\n<p><strong>Syst\u00e8me \u00e0 deux masses<\/strong><br \/>\nLes poign\u00e9es ergonomiques avec un espacement optimal et un syst\u00e8me anti-vibration minimisent la fatigue et offrent une exp\u00e9rience de conduite in\u00e9gal\u00e9e. Le syst\u00e8me bi-masse isole les poign\u00e9es de la scie du moteur et du bras de coupe avec des ressorts en acier, minimisant ainsi les vibrations renvoy\u00e9es \u00e0 l'op\u00e9rateur. Le poids de la scie est \u00e9quilibr\u00e9 uniform\u00e9ment entre les deux poign\u00e9es.<\/p>\n<p><strong>Cha\u00eenes exclusives Sabretooth et Cobra Carbide<\/strong><br \/>\nLes cha\u00eenes \u00e0 pointes en carbure ''Carbide Chain of America'' sont fabriqu\u00e9es sp\u00e9cifiquement pour l'industrie du feu et permettent une coupe rapide des mat\u00e9riaux les plus durs tout en prolongeant la dur\u00e9e de vie de la cha\u00eene et la s\u00e9curit\u00e9 de l'utilisateur.<\/p>\n<p><strong>Jauge de profondeur \u00e0 ressort brevet\u00e9e<br \/>\n<\/strong>Le seul produit pour tron\u00e7onneuses qui n'est pas seulement une jauge de profondeur, mais qui offre \u00e9galement une s\u00e9curit\u00e9 suppl\u00e9mentaire car la barre de profondeur et la cha\u00eene sont compl\u00e8tement recouvertes.<\/p>\n<p><strong>Technologie de cha\u00eene exclusive<\/strong><br \/>\nExclusif \u00e0 la compagnie Unifire qui poss\u00e8de plus de vingt-trois ans \u00e0 leur actif dans la conception et l'ing\u00e9nierie, cette cha\u00eene peut surpasser n'importe quelle autre cha\u00eene sur le march\u00e9: point final\u00a0! Nous le garantissons. Si vous voulez de la s\u00e9curit\u00e9, de la vitesse et de la durabilit\u00e9, ne cherchez pas plus loin. Parmi les centaines de tests auxquels elle a \u00e9t\u00e9 soumis, cette cha\u00eene a gagn\u00e9 \u00e0 chaque fois. Fabriqu\u00e9 exclusivement pour Unifire et Univent par Carbide Chain of America.<\/p>\n<p><strong>Moteur s\u00e9rie ET (couple extr\u00eame)<\/strong><br \/>\nLe moteur haute performance r\u00e9duit la consommation de carburant jusqu'\u00e0 20% et les \u00e9missions jusqu'\u00e0 60%. Cette scie produit jusqu'\u00e0 20% plus de puissance pour des actions telles que la ventilation d'un toit ou de la coupe \/ abattage d'arbres. La s\u00e9rie ET donne plus de puissance tout au long de la coupe.<\/p>\n<p><strong>Ram Jet, injection d&#039;air forc\u00e9e<\/strong><br \/>\nLe volant-moteur d'inertie sp\u00e9cialement con\u00e7u \u00e9limine 97% des d\u00e9bris de l'air avec la force centrifuge et fournit 35% plus de flux d'air autour du moteur que les volants d'inertie standard. L'air pur est canalis\u00e9 vers le carburateur, le pressurisant par injection de force. Le r\u00e9sultat final est une performance plus \u00e9lev\u00e9e, une meilleure filtration de l'air et une scie fonctionnant plus longtemps, tout en conservant une temp\u00e9rature plus basse.<br \/>\nMoteur de la s\u00e9rie ET<\/p>\n<p><strong>Hyper-Volt : Allumage \u00e9lectronique<br \/>\n<\/strong>Le cerveau intelligent de l&#039;allumage \u00e9lectronique Hyper-Volt d\u00e9tecte lorsque la scie est sous charge et augmente la tension pour maintenir des performances plus \u00e9lev\u00e9es tout au long de la coupe.<\/p>\n<p><iframe loading=\"lazy\" title=\"Cha\u00eene \u00e0 dents de sabre - Carbide Chain of America\" width=\"980\" height=\"735\" src=\"https:\/\/www.youtube.com\/embed\/hy8mxx-E2AA?feature=oembed&#038;enablejsapi=1&#038;origin=https:\/\/safetysourcefire.ca\" frameborder=\"0\" allow=\"accelerometer; autoplay; encrypted-media; gyroscope; picture-in-picture\" allowfullscreen><\/iframe><\/p>\n<p><iframe loading=\"lazy\" title=\"Cha\u00eene Cobra - Cha\u00eene en carbure de Carbide Chain of America\" width=\"980\" height=\"735\" src=\"https:\/\/www.youtube.com\/embed\/VNkMEuhPd-s?feature=oembed&#038;enablejsapi=1&#038;origin=https:\/\/safetysourcefire.ca\" frameborder=\"0\" allow=\"accelerometer; autoplay; encrypted-media; gyroscope; picture-in-picture\" allowfullscreen><\/iframe><\/p>\n<p><iframe loading=\"lazy\" title=\"Cobra Chain Extreme - Carbide Chain of America\" width=\"980\" height=\"735\" src=\"https:\/\/www.youtube.com\/embed\/ibR-UX91f5Y?feature=oembed&#038;enablejsapi=1&#038;origin=https:\/\/safetysourcefire.ca\" frameborder=\"0\" allow=\"accelerometer; autoplay; encrypted-media; gyroscope; picture-in-picture\" allowfullscreen><\/iframe><\/p>","protected":false},"excerpt":{"rendered":"<p id=\"u62760-4\">Con\u00e7ues sp\u00e9cifiquement pour les industries d'incendie et de sauvetage, ces scies poss\u00e8dent un certain nombre de caract\u00e9ristiques qui en font des outils exceptionnels pour l'extraction.<\/p>","protected":false},"featured_media":19960,"template":"","meta":[],"product_brand":[446],"product_cat":[462,464,465,51,132],"product_tag":[],"class_list":{"0":"post-19955","1":"product","2":"type-product","3":"status-publish","4":"has-post-thumbnail","6":"product_brand-unifire","7":"product_cat-emergency-preparedness","8":"product_cat-flood","9":"product_cat-hurricane","10":"product_cat-rescue","11":"product_cat-saws","13":"first","14":"instock","15":"shipping-taxable","16":"product-type-simple"},"yoast_head":"<!-- This site is optimized with the Yoast SEO plugin v27.4 - https:\/\/yoast.com\/product\/yoast-seo-wordpress\/ -->\n<title>High Performance Rescue Chainsaws - Safety Source Fire<\/title>\n<meta name=\"robots\" content=\"index, follow, max-snippet:-1, max-image-preview:large, max-video-preview:-1\" \/>\n<link rel=\"canonical\" href=\"https:\/\/safetysourcefire.ca\/fr\/produit\/high-performance-rescue-chainsaws\/\" \/>\n<meta property=\"og:locale\" content=\"fr_CA\" \/>\n<meta property=\"og:type\" content=\"article\" \/>\n<meta property=\"og:title\" content=\"High Performance Rescue Chainsaws - Safety Source Fire\" \/>\n<meta property=\"og:description\" content=\"Engineered specifically for the fire and rescue industry, these saws have a number of features that make them outstanding tools for the fire and rescue extraction.\" \/>\n<meta property=\"og:url\" content=\"https:\/\/safetysourcefire.ca\/fr\/produit\/high-performance-rescue-chainsaws\/\" \/>\n<meta property=\"og:site_name\" content=\"Safety Source Fire\" \/>\n<meta property=\"article:publisher\" content=\"https:\/\/www.facebook.com\/mmfssca\" \/>\n<meta property=\"article:modified_time\" content=\"2021-04-09T15:55:31+00:00\" \/>\n<meta property=\"og:image\" content=\"https:\/\/safetysourcefire.ca\/wp-content\/uploads\/2020\/04\/sideview1106x397.jpg\" \/>\n\t<meta property=\"og:image:width\" content=\"600\" \/>\n\t<meta property=\"og:image:height\" content=\"600\" \/>\n\t<meta property=\"og:image:type\" content=\"image\/jpeg\" \/>\n<meta name=\"twitter:card\" content=\"summary_large_image\" \/>\n<meta name=\"twitter:site\" content=\"@mmfssca\" \/>\n<meta name=\"twitter:label1\" content=\"Estimation du temps de lecture\" \/>\n\t<meta name=\"twitter:data1\" content=\"3 minutes\" \/>\n<script type=\"application\/ld+json\" class=\"yoast-schema-graph\">{\"@context\":\"https:\\\/\\\/schema.org\",\"@graph\":[{\"@type\":\"WebPage\",\"@id\":\"https:\\\/\\\/safetysourcefire.ca\\\/product\\\/high-performance-rescue-chainsaws\\\/\",\"url\":\"https:\\\/\\\/safetysourcefire.ca\\\/product\\\/high-performance-rescue-chainsaws\\\/\",\"name\":\"High Performance Rescue Chainsaws - Safety Source Fire\",\"isPartOf\":{\"@id\":\"https:\\\/\\\/safetysourcefire.ca\\\/#website\"},\"primaryImageOfPage\":{\"@id\":\"https:\\\/\\\/safetysourcefire.ca\\\/product\\\/high-performance-rescue-chainsaws\\\/#primaryimage\"},\"image\":{\"@id\":\"https:\\\/\\\/safetysourcefire.ca\\\/product\\\/high-performance-rescue-chainsaws\\\/#primaryimage\"},\"thumbnailUrl\":\"https:\\\/\\\/safetysourcefire.ca\\\/wp-content\\\/uploads\\\/2020\\\/04\\\/sideview1106x397.jpg\",\"datePublished\":\"2020-07-09T05:00:56+00:00\",\"dateModified\":\"2021-04-09T15:55:31+00:00\",\"breadcrumb\":{\"@id\":\"https:\\\/\\\/safetysourcefire.ca\\\/product\\\/high-performance-rescue-chainsaws\\\/#breadcrumb\"},\"inLanguage\":\"fr-CA\",\"potentialAction\":[{\"@type\":\"ReadAction\",\"target\":[\"https:\\\/\\\/safetysourcefire.ca\\\/product\\\/high-performance-rescue-chainsaws\\\/\"]}]},{\"@type\":\"ImageObject\",\"inLanguage\":\"fr-CA\",\"@id\":\"https:\\\/\\\/safetysourcefire.ca\\\/product\\\/high-performance-rescue-chainsaws\\\/#primaryimage\",\"url\":\"https:\\\/\\\/safetysourcefire.ca\\\/wp-content\\\/uploads\\\/2020\\\/04\\\/sideview1106x397.jpg\",\"contentUrl\":\"https:\\\/\\\/safetysourcefire.ca\\\/wp-content\\\/uploads\\\/2020\\\/04\\\/sideview1106x397.jpg\",\"width\":600,\"height\":600,\"caption\":\"chain saw\"},{\"@type\":\"BreadcrumbList\",\"@id\":\"https:\\\/\\\/safetysourcefire.ca\\\/product\\\/high-performance-rescue-chainsaws\\\/#breadcrumb\",\"itemListElement\":[{\"@type\":\"ListItem\",\"position\":1,\"name\":\"Home\",\"item\":\"https:\\\/\\\/safetysourcefire.ca\\\/\"},{\"@type\":\"ListItem\",\"position\":2,\"name\":\"Products\",\"item\":\"https:\\\/\\\/safetysourcefire.ca\\\/shop\\\/\"},{\"@type\":\"ListItem\",\"position\":3,\"name\":\"High Performance Rescue Chainsaws\"}]},{\"@type\":\"WebSite\",\"@id\":\"https:\\\/\\\/safetysourcefire.ca\\\/#website\",\"url\":\"https:\\\/\\\/safetysourcefire.ca\\\/\",\"name\":\"Safety Source Fire\",\"description\":\"\",\"publisher\":{\"@id\":\"https:\\\/\\\/safetysourcefire.ca\\\/#organization\"},\"potentialAction\":[{\"@type\":\"SearchAction\",\"target\":{\"@type\":\"EntryPoint\",\"urlTemplate\":\"https:\\\/\\\/safetysourcefire.ca\\\/?s={search_term_string}\"},\"query-input\":{\"@type\":\"PropertyValueSpecification\",\"valueRequired\":true,\"valueName\":\"search_term_string\"}}],\"inLanguage\":\"fr-CA\"},{\"@type\":\"Organization\",\"@id\":\"https:\\\/\\\/safetysourcefire.ca\\\/#organization\",\"name\":\"Safety Source Fire\",\"url\":\"https:\\\/\\\/safetysourcefire.ca\\\/\",\"logo\":{\"@type\":\"ImageObject\",\"inLanguage\":\"fr-CA\",\"@id\":\"https:\\\/\\\/safetysourcefire.ca\\\/#\\\/schema\\\/logo\\\/image\\\/\",\"url\":\"https:\\\/\\\/safetysourcefire.ca\\\/wp-content\\\/uploads\\\/2021\\\/01\\\/SSF_logo_CC0000-3.png\",\"contentUrl\":\"https:\\\/\\\/safetysourcefire.ca\\\/wp-content\\\/uploads\\\/2021\\\/01\\\/SSF_logo_CC0000-3.png\",\"width\":1107,\"height\":365,\"caption\":\"Safety Source Fire\"},\"image\":{\"@id\":\"https:\\\/\\\/safetysourcefire.ca\\\/#\\\/schema\\\/logo\\\/image\\\/\"},\"sameAs\":[\"https:\\\/\\\/www.facebook.com\\\/mmfssca\",\"https:\\\/\\\/x.com\\\/mmfssca\"]}]}<\/script>\n<!-- \/ Yoast SEO plugin. -->","yoast_head_json":{"title":"Tron\u00e7onneuses de sauvetage haute performance - Safety Source Fire","robots":{"index":"index","follow":"follow","max-snippet":"max-snippet:-1","max-image-preview":"max-image-preview:large","max-video-preview":"max-video-preview:-1"},"canonical":"https:\/\/safetysourcefire.ca\/fr\/produit\/high-performance-rescue-chainsaws\/","og_locale":"fr_CA","og_type":"article","og_title":"High Performance Rescue Chainsaws - Safety Source Fire","og_description":"Engineered specifically for the fire and rescue industry, these saws have a number of features that make them outstanding tools for the fire and rescue extraction.","og_url":"https:\/\/safetysourcefire.ca\/fr\/produit\/high-performance-rescue-chainsaws\/","og_site_name":"Safety Source Fire","article_publisher":"https:\/\/www.facebook.com\/mmfssca","article_modified_time":"2021-04-09T15:55:31+00:00","og_image":[{"width":600,"height":600,"url":"https:\/\/safetysourcefire.ca\/wp-content\/uploads\/2020\/04\/sideview1106x397.jpg","type":"image\/jpeg"}],"twitter_card":"summary_large_image","twitter_site":"@mmfssca","twitter_misc":{"Estimation du temps de lecture":"3 minutes"},"schema":{"@context":"https:\/\/schema.org","@graph":[{"@type":"WebPage","@id":"https:\/\/safetysourcefire.ca\/product\/high-performance-rescue-chainsaws\/","url":"https:\/\/safetysourcefire.ca\/product\/high-performance-rescue-chainsaws\/","name":"Tron\u00e7onneuses de sauvetage haute performance - Safety Source Fire","isPartOf":{"@id":"https:\/\/safetysourcefire.ca\/#website"},"primaryImageOfPage":{"@id":"https:\/\/safetysourcefire.ca\/product\/high-performance-rescue-chainsaws\/#primaryimage"},"image":{"@id":"https:\/\/safetysourcefire.ca\/product\/high-performance-rescue-chainsaws\/#primaryimage"},"thumbnailUrl":"https:\/\/safetysourcefire.ca\/wp-content\/uploads\/2020\/04\/sideview1106x397.jpg","datePublished":"2020-07-09T05:00:56+00:00","dateModified":"2021-04-09T15:55:31+00:00","breadcrumb":{"@id":"https:\/\/safetysourcefire.ca\/product\/high-performance-rescue-chainsaws\/#breadcrumb"},"inLanguage":"fr-CA","potentialAction":[{"@type":"ReadAction","target":["https:\/\/safetysourcefire.ca\/product\/high-performance-rescue-chainsaws\/"]}]},{"@type":"ImageObject","inLanguage":"fr-CA","@id":"https:\/\/safetysourcefire.ca\/product\/high-performance-rescue-chainsaws\/#primaryimage","url":"https:\/\/safetysourcefire.ca\/wp-content\/uploads\/2020\/04\/sideview1106x397.jpg","contentUrl":"https:\/\/safetysourcefire.ca\/wp-content\/uploads\/2020\/04\/sideview1106x397.jpg","width":600,"height":600,"caption":"chain saw"},{"@type":"BreadcrumbList","@id":"https:\/\/safetysourcefire.ca\/product\/high-performance-rescue-chainsaws\/#breadcrumb","itemListElement":[{"@type":"ListItem","position":1,"name":"Home","item":"https:\/\/safetysourcefire.ca\/"},{"@type":"ListItem","position":2,"name":"Products","item":"https:\/\/safetysourcefire.ca\/shop\/"},{"@type":"ListItem","position":3,"name":"High Performance Rescue Chainsaws"}]},{"@type":"WebSite","@id":"https:\/\/safetysourcefire.ca\/#website","url":"https:\/\/safetysourcefire.ca\/","name":"Safety Source Fire","description":"","publisher":{"@id":"https:\/\/safetysourcefire.ca\/#organization"},"potentialAction":[{"@type":"SearchAction","target":{"@type":"EntryPoint","urlTemplate":"https:\/\/safetysourcefire.ca\/?s={search_term_string}"},"query-input":{"@type":"PropertyValueSpecification","valueRequired":true,"valueName":"search_term_string"}}],"inLanguage":"fr-CA"},{"@type":"Organization","@id":"https:\/\/safetysourcefire.ca\/#organization","name":"Safety Source Fire","url":"https:\/\/safetysourcefire.ca\/","logo":{"@type":"ImageObject","inLanguage":"fr-CA","@id":"https:\/\/safetysourcefire.ca\/#\/schema\/logo\/image\/","url":"https:\/\/safetysourcefire.ca\/wp-content\/uploads\/2021\/01\/SSF_logo_CC0000-3.png","contentUrl":"https:\/\/safetysourcefire.ca\/wp-content\/uploads\/2021\/01\/SSF_logo_CC0000-3.png","width":1107,"height":365,"caption":"Safety Source Fire"},"image":{"@id":"https:\/\/safetysourcefire.ca\/#\/schema\/logo\/image\/"},"sameAs":["https:\/\/www.facebook.com\/mmfssca","https:\/\/x.com\/mmfssca"]}]}},"_links":{"self":[{"href":"https:\/\/safetysourcefire.ca\/fr\/wp-json\/wp\/v2\/product\/19955","targetHints":{"allow":["GET"]}}],"collection":[{"href":"https:\/\/safetysourcefire.ca\/fr\/wp-json\/wp\/v2\/product"}],"about":[{"href":"https:\/\/safetysourcefire.ca\/fr\/wp-json\/wp\/v2\/types\/product"}],"wp:featuredmedia":[{"embeddable":true,"href":"https:\/\/safetysourcefire.ca\/fr\/wp-json\/wp\/v2\/media\/19960"}],"wp:attachment":[{"href":"https:\/\/safetysourcefire.ca\/fr\/wp-json\/wp\/v2\/media?parent=19955"}],"wp:term":[{"taxonomy":"product_brand","embeddable":true,"href":"https:\/\/safetysourcefire.ca\/fr\/wp-json\/wp\/v2\/product_brand?post=19955"},{"taxonomy":"product_cat","embeddable":true,"href":"https:\/\/safetysourcefire.ca\/fr\/wp-json\/wp\/v2\/product_cat?post=19955"},{"taxonomy":"product_tag","embeddable":true,"href":"https:\/\/safetysourcefire.ca\/fr\/wp-json\/wp\/v2\/product_tag?post=19955"}],"curies":[{"name":"wp","href":"https:\/\/api.w.org\/{rel}","templated":true}]}}