{"id":20013,"date":"2020-07-10T07:00:42","date_gmt":"2020-07-10T07:00:42","guid":{"rendered":"https:\/\/mmfss.ca\/?post_type=product&#038;p=20013"},"modified":"2021-04-09T15:56:37","modified_gmt":"2021-04-09T15:56:37","slug":"door-ram-dr200","status":"publish","type":"product","link":"https:\/\/safetysourcefire.ca\/fr\/produit\/door-ram-dr200\/","title":{"rendered":"B\u00e9lier DR200"},"content":{"rendered":"<p>Le nouveau b\u00e9lier de porte Holmatro est compact et puissant. Il combine une force d'\u00e9cartement \u00e9lev\u00e9e avec une longue course, vous permettant d'ouvrir les portes m\u00eame les plus flexibles. Le DR200 a \u00e9t\u00e9 con\u00e7u pour les portes s'ouvrant vers l'int\u00e9rieur, mais peut \u00e9galement \u00eatre utilis\u00e9 pour les portes s'ouvrant vers l'ext\u00e9rieur, en combinaison avec un outil d'effraction manuel.<\/p>\n<p>Ce nouveau belier poss\u00e8de un bout plat pour une insertion facile entre la porte et son cadre. Avec le bout angul\u00e9 de 90 degr\u00e9s, l'op\u00e9rateur peut travailler en toute s\u00e9curit\u00e9, \u00e0 c\u00f4t\u00e9 de la porte (au lieu d'\u00eatre directement devant).<\/p>\n<p>Le DR200 agit doublement en vous offrant un contr\u00f4le optimal \u00e0 la fois sur la course sortante qu'entrante. L'outil est disponible en version batterie CORE et EVO 3.<\/p>\n<p>Peut \u00eatre op\u00e9r\u00e9 par une seule personne lorsqu'utilis\u00e9 avec une pompe \u00e0 dos<\/p>\n<ul class=\"usp-list\" data-js-change-to-list=\"\">\n<li data-feature-id=\"1\">Pas besoin de transporter une pompe manuelle suppl\u00e9mentaire<\/li>\n<\/ul>\n<p>Compact et l\u00e9ger<\/p>\n<ul class=\"usp-list\" data-js-change-to-list=\"\">\n<li data-feature-id=\"1\">Facile \u00e0 transporter et \u00e0 manipuler<\/li>\n<\/ul>\n<p>Hautement efficace<\/p>\n<ul class=\"usp-list\" data-js-change-to-list=\"\">\n<li data-feature-id=\"1\">Gr\u00e2ce \u00e0 la longue capacit\u00e9 d'\u00e9cartement, m\u00eame les portes les plus flexibles peuvent \u00eatre ouvertes<\/li>\n<li data-feature-id=\"1\">Contrairement aux ouvre-portes de style outil combin\u00e9, ce b\u00e9lier de porte poss\u00e8de une force d'\u00e9cartement \u00e9lev\u00e9e constante sur toute sa course. Le DR200 vous offre sa pleine puissance, l\u00e0 o\u00f9 vous en avez besoin.<\/li>\n<\/ul>\n<p>Facilit\u00e9 de placement<\/p>\n<ul class=\"usp-list\" data-js-change-to-list=\"\">\n<li data-feature-id=\"1\">Gr\u00e2ce \u00e0 sa grandeur pratique, l'outil peut \u00eatre facilement ins\u00e9r\u00e9 dans le cadre de la porte.<\/li>\n<\/ul>\n<p>S\u00e9curit\u00e9 renforc\u00e9e pour l&#039;op\u00e9rateur<\/p>\n<ul class=\"usp-list\" data-js-change-to-list=\"\">\n<li data-feature-id=\"1\">La pointe est fix\u00e9e perpendiculairement au corps de l'outil (\u00e0 un angle de 90 degr\u00e9s), permettant \u00e0 l'op\u00e9rateur de ne pas se tenir directement devant la porte. L'op\u00e9rateur peut donc travailler d'une position plus s\u00e9curitaire.<\/li>\n<\/ul>","protected":false},"excerpt":{"rendered":"<p>The new compact and powerful Holmatro Door Ram combines a high spreading force with a long stroke, allowing you to open even the most flexible doors. The DR200 has been designed for inward opening doors but can also be used for outward opening doors in combination with a manual breaching tool. The new Door Ram [&hellip;]<\/p>\n","protected":false},"featured_media":20014,"template":"","meta":[],"product_brand":[174],"product_cat":[128,51],"product_tag":[309],"class_list":{"0":"post-20013","1":"product","2":"type-product","3":"status-publish","4":"has-post-thumbnail","6":"product_brand-holmatro","7":"product_cat-extrication-rescue","8":"product_cat-rescue","9":"product_tag-holmatro","11":"first","12":"instock","13":"shipping-taxable","14":"product-type-simple"},"yoast_head":"<!-- This site is optimized with the Yoast SEO plugin v27.4 - https:\/\/yoast.com\/product\/yoast-seo-wordpress\/ -->\n<title>Door Ram DR200 - Safety Source Fire<\/title>\n<meta name=\"robots\" content=\"index, follow, max-snippet:-1, max-image-preview:large, max-video-preview:-1\" \/>\n<link rel=\"canonical\" href=\"https:\/\/safetysourcefire.ca\/fr\/produit\/door-ram-dr200\/\" \/>\n<meta property=\"og:locale\" content=\"fr_CA\" \/>\n<meta property=\"og:type\" content=\"article\" \/>\n<meta property=\"og:title\" content=\"Door Ram DR200 - Safety Source Fire\" \/>\n<meta property=\"og:description\" content=\"The new compact and powerful Holmatro Door Ram combines a high spreading force with a long stroke, allowing you to open even the most flexible doors. The DR200 has been designed for inward opening doors but can also be used for outward opening doors in combination with a manual breaching tool. The new Door Ram [&hellip;]\" \/>\n<meta property=\"og:url\" content=\"https:\/\/safetysourcefire.ca\/fr\/produit\/door-ram-dr200\/\" \/>\n<meta property=\"og:site_name\" content=\"Safety Source Fire\" \/>\n<meta property=\"article:publisher\" content=\"https:\/\/www.facebook.com\/mmfssca\" \/>\n<meta property=\"article:modified_time\" content=\"2021-04-09T15:56:37+00:00\" \/>\n<meta property=\"og:image\" content=\"https:\/\/safetysourcefire.ca\/wp-content\/uploads\/2020\/04\/door-opener-dr200-en-21117.jpg\" \/>\n\t<meta property=\"og:image:width\" content=\"600\" \/>\n\t<meta property=\"og:image:height\" content=\"600\" \/>\n\t<meta property=\"og:image:type\" content=\"image\/jpeg\" \/>\n<meta name=\"twitter:card\" content=\"summary_large_image\" \/>\n<meta name=\"twitter:site\" content=\"@mmfssca\" \/>\n<meta name=\"twitter:label1\" content=\"Estimation du temps de lecture\" \/>\n\t<meta name=\"twitter:data1\" content=\"1 minute\" \/>\n<script type=\"application\/ld+json\" class=\"yoast-schema-graph\">{\"@context\":\"https:\\\/\\\/schema.org\",\"@graph\":[{\"@type\":\"WebPage\",\"@id\":\"https:\\\/\\\/safetysourcefire.ca\\\/product\\\/door-ram-dr200\\\/\",\"url\":\"https:\\\/\\\/safetysourcefire.ca\\\/product\\\/door-ram-dr200\\\/\",\"name\":\"Door Ram DR200 - Safety Source Fire\",\"isPartOf\":{\"@id\":\"https:\\\/\\\/safetysourcefire.ca\\\/#website\"},\"primaryImageOfPage\":{\"@id\":\"https:\\\/\\\/safetysourcefire.ca\\\/product\\\/door-ram-dr200\\\/#primaryimage\"},\"image\":{\"@id\":\"https:\\\/\\\/safetysourcefire.ca\\\/product\\\/door-ram-dr200\\\/#primaryimage\"},\"thumbnailUrl\":\"https:\\\/\\\/safetysourcefire.ca\\\/wp-content\\\/uploads\\\/2020\\\/04\\\/door-opener-dr200-en-21117.jpg\",\"datePublished\":\"2020-07-10T07:00:42+00:00\",\"dateModified\":\"2021-04-09T15:56:37+00:00\",\"breadcrumb\":{\"@id\":\"https:\\\/\\\/safetysourcefire.ca\\\/product\\\/door-ram-dr200\\\/#breadcrumb\"},\"inLanguage\":\"fr-CA\",\"potentialAction\":[{\"@type\":\"ReadAction\",\"target\":[\"https:\\\/\\\/safetysourcefire.ca\\\/product\\\/door-ram-dr200\\\/\"]}]},{\"@type\":\"ImageObject\",\"inLanguage\":\"fr-CA\",\"@id\":\"https:\\\/\\\/safetysourcefire.ca\\\/product\\\/door-ram-dr200\\\/#primaryimage\",\"url\":\"https:\\\/\\\/safetysourcefire.ca\\\/wp-content\\\/uploads\\\/2020\\\/04\\\/door-opener-dr200-en-21117.jpg\",\"contentUrl\":\"https:\\\/\\\/safetysourcefire.ca\\\/wp-content\\\/uploads\\\/2020\\\/04\\\/door-opener-dr200-en-21117.jpg\",\"width\":600,\"height\":600,\"caption\":\"door ram\"},{\"@type\":\"BreadcrumbList\",\"@id\":\"https:\\\/\\\/safetysourcefire.ca\\\/product\\\/door-ram-dr200\\\/#breadcrumb\",\"itemListElement\":[{\"@type\":\"ListItem\",\"position\":1,\"name\":\"Home\",\"item\":\"https:\\\/\\\/safetysourcefire.ca\\\/\"},{\"@type\":\"ListItem\",\"position\":2,\"name\":\"Products\",\"item\":\"https:\\\/\\\/safetysourcefire.ca\\\/shop\\\/\"},{\"@type\":\"ListItem\",\"position\":3,\"name\":\"Door Ram DR200\"}]},{\"@type\":\"WebSite\",\"@id\":\"https:\\\/\\\/safetysourcefire.ca\\\/#website\",\"url\":\"https:\\\/\\\/safetysourcefire.ca\\\/\",\"name\":\"Safety Source Fire\",\"description\":\"\",\"publisher\":{\"@id\":\"https:\\\/\\\/safetysourcefire.ca\\\/#organization\"},\"potentialAction\":[{\"@type\":\"SearchAction\",\"target\":{\"@type\":\"EntryPoint\",\"urlTemplate\":\"https:\\\/\\\/safetysourcefire.ca\\\/?s={search_term_string}\"},\"query-input\":{\"@type\":\"PropertyValueSpecification\",\"valueRequired\":true,\"valueName\":\"search_term_string\"}}],\"inLanguage\":\"fr-CA\"},{\"@type\":\"Organization\",\"@id\":\"https:\\\/\\\/safetysourcefire.ca\\\/#organization\",\"name\":\"Safety Source Fire\",\"url\":\"https:\\\/\\\/safetysourcefire.ca\\\/\",\"logo\":{\"@type\":\"ImageObject\",\"inLanguage\":\"fr-CA\",\"@id\":\"https:\\\/\\\/safetysourcefire.ca\\\/#\\\/schema\\\/logo\\\/image\\\/\",\"url\":\"https:\\\/\\\/safetysourcefire.ca\\\/wp-content\\\/uploads\\\/2021\\\/01\\\/SSF_logo_CC0000-3.png\",\"contentUrl\":\"https:\\\/\\\/safetysourcefire.ca\\\/wp-content\\\/uploads\\\/2021\\\/01\\\/SSF_logo_CC0000-3.png\",\"width\":1107,\"height\":365,\"caption\":\"Safety Source Fire\"},\"image\":{\"@id\":\"https:\\\/\\\/safetysourcefire.ca\\\/#\\\/schema\\\/logo\\\/image\\\/\"},\"sameAs\":[\"https:\\\/\\\/www.facebook.com\\\/mmfssca\",\"https:\\\/\\\/x.com\\\/mmfssca\"]}]}<\/script>\n<!-- \/ Yoast SEO plugin. -->","yoast_head_json":{"title":"V\u00e9rin de porte DR200 - Source de s\u00e9curit\u00e9 incendie","robots":{"index":"index","follow":"follow","max-snippet":"max-snippet:-1","max-image-preview":"max-image-preview:large","max-video-preview":"max-video-preview:-1"},"canonical":"https:\/\/safetysourcefire.ca\/fr\/produit\/door-ram-dr200\/","og_locale":"fr_CA","og_type":"article","og_title":"Door Ram DR200 - Safety Source Fire","og_description":"The new compact and powerful Holmatro Door Ram combines a high spreading force with a long stroke, allowing you to open even the most flexible doors. The DR200 has been designed for inward opening doors but can also be used for outward opening doors in combination with a manual breaching tool. The new Door Ram [&hellip;]","og_url":"https:\/\/safetysourcefire.ca\/fr\/produit\/door-ram-dr200\/","og_site_name":"Safety Source Fire","article_publisher":"https:\/\/www.facebook.com\/mmfssca","article_modified_time":"2021-04-09T15:56:37+00:00","og_image":[{"width":600,"height":600,"url":"https:\/\/safetysourcefire.ca\/wp-content\/uploads\/2020\/04\/door-opener-dr200-en-21117.jpg","type":"image\/jpeg"}],"twitter_card":"summary_large_image","twitter_site":"@mmfssca","twitter_misc":{"Estimation du temps de lecture":"1 minute"},"schema":{"@context":"https:\/\/schema.org","@graph":[{"@type":"WebPage","@id":"https:\/\/safetysourcefire.ca\/product\/door-ram-dr200\/","url":"https:\/\/safetysourcefire.ca\/product\/door-ram-dr200\/","name":"V\u00e9rin de porte DR200 - Source de s\u00e9curit\u00e9 incendie","isPartOf":{"@id":"https:\/\/safetysourcefire.ca\/#website"},"primaryImageOfPage":{"@id":"https:\/\/safetysourcefire.ca\/product\/door-ram-dr200\/#primaryimage"},"image":{"@id":"https:\/\/safetysourcefire.ca\/product\/door-ram-dr200\/#primaryimage"},"thumbnailUrl":"https:\/\/safetysourcefire.ca\/wp-content\/uploads\/2020\/04\/door-opener-dr200-en-21117.jpg","datePublished":"2020-07-10T07:00:42+00:00","dateModified":"2021-04-09T15:56:37+00:00","breadcrumb":{"@id":"https:\/\/safetysourcefire.ca\/product\/door-ram-dr200\/#breadcrumb"},"inLanguage":"fr-CA","potentialAction":[{"@type":"ReadAction","target":["https:\/\/safetysourcefire.ca\/product\/door-ram-dr200\/"]}]},{"@type":"ImageObject","inLanguage":"fr-CA","@id":"https:\/\/safetysourcefire.ca\/product\/door-ram-dr200\/#primaryimage","url":"https:\/\/safetysourcefire.ca\/wp-content\/uploads\/2020\/04\/door-opener-dr200-en-21117.jpg","contentUrl":"https:\/\/safetysourcefire.ca\/wp-content\/uploads\/2020\/04\/door-opener-dr200-en-21117.jpg","width":600,"height":600,"caption":"door ram"},{"@type":"BreadcrumbList","@id":"https:\/\/safetysourcefire.ca\/product\/door-ram-dr200\/#breadcrumb","itemListElement":[{"@type":"ListItem","position":1,"name":"Home","item":"https:\/\/safetysourcefire.ca\/"},{"@type":"ListItem","position":2,"name":"Products","item":"https:\/\/safetysourcefire.ca\/shop\/"},{"@type":"ListItem","position":3,"name":"Door Ram DR200"}]},{"@type":"WebSite","@id":"https:\/\/safetysourcefire.ca\/#website","url":"https:\/\/safetysourcefire.ca\/","name":"Safety Source Fire","description":"","publisher":{"@id":"https:\/\/safetysourcefire.ca\/#organization"},"potentialAction":[{"@type":"SearchAction","target":{"@type":"EntryPoint","urlTemplate":"https:\/\/safetysourcefire.ca\/?s={search_term_string}"},"query-input":{"@type":"PropertyValueSpecification","valueRequired":true,"valueName":"search_term_string"}}],"inLanguage":"fr-CA"},{"@type":"Organization","@id":"https:\/\/safetysourcefire.ca\/#organization","name":"Safety Source Fire","url":"https:\/\/safetysourcefire.ca\/","logo":{"@type":"ImageObject","inLanguage":"fr-CA","@id":"https:\/\/safetysourcefire.ca\/#\/schema\/logo\/image\/","url":"https:\/\/safetysourcefire.ca\/wp-content\/uploads\/2021\/01\/SSF_logo_CC0000-3.png","contentUrl":"https:\/\/safetysourcefire.ca\/wp-content\/uploads\/2021\/01\/SSF_logo_CC0000-3.png","width":1107,"height":365,"caption":"Safety Source Fire"},"image":{"@id":"https:\/\/safetysourcefire.ca\/#\/schema\/logo\/image\/"},"sameAs":["https:\/\/www.facebook.com\/mmfssca","https:\/\/x.com\/mmfssca"]}]}},"_links":{"self":[{"href":"https:\/\/safetysourcefire.ca\/fr\/wp-json\/wp\/v2\/product\/20013","targetHints":{"allow":["GET"]}}],"collection":[{"href":"https:\/\/safetysourcefire.ca\/fr\/wp-json\/wp\/v2\/product"}],"about":[{"href":"https:\/\/safetysourcefire.ca\/fr\/wp-json\/wp\/v2\/types\/product"}],"wp:featuredmedia":[{"embeddable":true,"href":"https:\/\/safetysourcefire.ca\/fr\/wp-json\/wp\/v2\/media\/20014"}],"wp:attachment":[{"href":"https:\/\/safetysourcefire.ca\/fr\/wp-json\/wp\/v2\/media?parent=20013"}],"wp:term":[{"taxonomy":"product_brand","embeddable":true,"href":"https:\/\/safetysourcefire.ca\/fr\/wp-json\/wp\/v2\/product_brand?post=20013"},{"taxonomy":"product_cat","embeddable":true,"href":"https:\/\/safetysourcefire.ca\/fr\/wp-json\/wp\/v2\/product_cat?post=20013"},{"taxonomy":"product_tag","embeddable":true,"href":"https:\/\/safetysourcefire.ca\/fr\/wp-json\/wp\/v2\/product_tag?post=20013"}],"curies":[{"name":"wp","href":"https:\/\/api.w.org\/{rel}","templated":true}]}}