{"id":20024,"date":"2020-04-23T06:00:52","date_gmt":"2020-04-23T06:00:52","guid":{"rendered":"https:\/\/mmfss.ca\/?post_type=product&#038;p=20024"},"modified":"2021-04-09T15:57:29","modified_gmt":"2021-04-09T15:57:29","slug":"cross-ram-support-set-xrs01","status":"publish","type":"product","link":"https:\/\/safetysourcefire.ca\/fr\/produit\/cross-ram-support-set-xrs01\/","title":{"rendered":"Ensemble de support de v\u00e9rin transversal XRS01"},"content":{"rendered":"<p>Ce nouvel ensemble est con\u00e7u pour vous aider \u00e0 repousser le tableau de bord, le toit ou les pilliers d'un v\u00e9hicule. Les supports de v\u00e9rin crois\u00e9s r\u00e9partissent la charge sur une plus grande surface et emp\u00eachent le v\u00e9rin de traverser les pi\u00e8ces int\u00e9rieures de la voiture.<\/p>\n<p>L'ensemble contient deux supports : le plus petit est con\u00e7u pour pousser contre le tableau de bord et le toit de la voiture alors que le plus grand est destin\u00e9 \u00e0 \u00eatre positionn\u00e9 sur le si\u00e8ge arri\u00e8re de la voiture.<\/p>\n<p>Cross Ram Support Set pour l&#039;enfoncement transversal, une technique pour cr\u00e9er de l&#039;espace lorsque des parties du v\u00e9hicule sont d\u00e9form\u00e9es et obstruent une d\u00e9sincarc\u00e9ration s\u00fbre du patient. \u00c0 l&#039;aide d&#039;un b\u00e9lier, la construction de la voiture est repouss\u00e9e dans sa forme d&#039;origine. L&#039;ensemble de deux supports vous aide \u00e0 r\u00e9partir la force du v\u00e9rin sur une plus grande surface et l&#039;emp\u00eache de traverser la construction de la voiture.<\/p>\n<p>Fourni de base avec : 1 x mod\u00e8le XRS01S petit, 1 x mod\u00e8le XRS01L Large<\/p>\n<p>Con\u00e7u pour une r\u00e9partition uniforme de la force du v\u00e9rin<\/p>\n<ul>\n<li>Les supports de v\u00e9rin crois\u00e9s r\u00e9partissent la charge sur la surface du mat\u00e9riel<\/li>\n<li>Capacit\u00e9 emp\u00eachant le v\u00e9rin de pousser \u00e0 travers les pi\u00e8ces int\u00e9rieures de la voiture, telles que les cadres de porte, le tissu des si\u00e8ges, les panneaux de toit et les pilliers<\/li>\n<\/ul>\n<p>Dents pr\u00e9sentes sur les deux c\u00f4t\u00e9s des supports<\/p>\n<ul>\n<li>Pour fournir une adh\u00e9rence maximale sur les surfaces int\u00e9rieures de la voiture<\/li>\n<li>Pour offrir une stabilit\u00e9 et une adh\u00e9rence optimales lors de l&#039;enfoncement crois\u00e9<\/li>\n<\/ul>\n<p>\u00c9tiquettes claires avec avertissements de s\u00e9curit\u00e9 et instructions pour une utilisation correcte des supports de v\u00e9rin crois\u00e9s<\/p>\n<ul>\n<li>Pour vous aider \u00e0 travailler plus facilement et en toute s\u00e9curit\u00e9<\/li>\n<\/ul>\n<p>Surface en acier galvanis\u00e9 clair<\/p>\n<ul>\n<li>Durable et r\u00e9sistant \u00e0 la corrosion<\/li>\n<li>Bonne visibilit\u00e9 sur les surfaces sombres du tableau de bord et lors des op\u00e9rations de sauvetage de nuit<\/li>\n<\/ul>","protected":false},"excerpt":{"rendered":"<p>Le nouvel ensemble de support Holmatro Cross Ram a \u00e9t\u00e9 d\u00e9velopp\u00e9 pour faciliter le martelage transversal: une technique visant \u00e0 cr\u00e9er de l'espace dans un v\u00e9hicule d\u00e9form\u00e9. \u00c0 l'aide d'un b\u00e9lier, la forme de la voiture est repositionn\u00e9e dans sa forme d'origine.<\/p>","protected":false},"featured_media":20025,"template":"","meta":[],"product_brand":[174],"product_cat":[128,51],"product_tag":[309],"class_list":{"0":"post-20024","1":"product","2":"type-product","3":"status-publish","4":"has-post-thumbnail","6":"product_brand-holmatro","7":"product_cat-extrication-rescue","8":"product_cat-rescue","9":"product_tag-holmatro","11":"first","12":"instock","13":"shipping-taxable","14":"product-type-simple"},"yoast_head":"<!-- This site is optimized with the Yoast SEO plugin v27.4 - https:\/\/yoast.com\/product\/yoast-seo-wordpress\/ -->\n<title>Cross Ram Support Set XRS01 - Safety Source Fire<\/title>\n<meta name=\"robots\" content=\"index, follow, max-snippet:-1, max-image-preview:large, max-video-preview:-1\" \/>\n<link rel=\"canonical\" href=\"https:\/\/safetysourcefire.ca\/fr\/produit\/cross-ram-support-set-xrs01\/\" \/>\n<meta property=\"og:locale\" content=\"fr_CA\" \/>\n<meta property=\"og:type\" content=\"article\" \/>\n<meta property=\"og:title\" content=\"Cross Ram Support Set XRS01 - Safety Source Fire\" \/>\n<meta property=\"og:description\" content=\"The new Holmatro Cross Ram Support Set has been developed to facilitate cross ramming: a technique to create space in a deformed vehicle. With the help of a ram the car construction is pushed back into its original shape.\" \/>\n<meta property=\"og:url\" content=\"https:\/\/safetysourcefire.ca\/fr\/produit\/cross-ram-support-set-xrs01\/\" \/>\n<meta property=\"og:site_name\" content=\"Safety Source Fire\" \/>\n<meta property=\"article:publisher\" content=\"https:\/\/www.facebook.com\/mmfssca\" \/>\n<meta property=\"article:modified_time\" content=\"2021-04-09T15:57:29+00:00\" \/>\n<meta property=\"og:image\" content=\"https:\/\/safetysourcefire.ca\/wp-content\/uploads\/2020\/04\/cross-ram-support-set-xrs01-en-20973.jpg\" \/>\n\t<meta property=\"og:image:width\" content=\"600\" \/>\n\t<meta property=\"og:image:height\" content=\"600\" \/>\n\t<meta property=\"og:image:type\" content=\"image\/jpeg\" \/>\n<meta name=\"twitter:card\" content=\"summary_large_image\" \/>\n<meta name=\"twitter:site\" content=\"@mmfssca\" \/>\n<meta name=\"twitter:label1\" content=\"Estimation du temps de lecture\" \/>\n\t<meta name=\"twitter:data1\" content=\"1 minute\" \/>\n<script type=\"application\/ld+json\" class=\"yoast-schema-graph\">{\"@context\":\"https:\\\/\\\/schema.org\",\"@graph\":[{\"@type\":\"WebPage\",\"@id\":\"https:\\\/\\\/safetysourcefire.ca\\\/product\\\/cross-ram-support-set-xrs01\\\/\",\"url\":\"https:\\\/\\\/safetysourcefire.ca\\\/product\\\/cross-ram-support-set-xrs01\\\/\",\"name\":\"Cross Ram Support Set XRS01 - Safety Source Fire\",\"isPartOf\":{\"@id\":\"https:\\\/\\\/safetysourcefire.ca\\\/#website\"},\"primaryImageOfPage\":{\"@id\":\"https:\\\/\\\/safetysourcefire.ca\\\/product\\\/cross-ram-support-set-xrs01\\\/#primaryimage\"},\"image\":{\"@id\":\"https:\\\/\\\/safetysourcefire.ca\\\/product\\\/cross-ram-support-set-xrs01\\\/#primaryimage\"},\"thumbnailUrl\":\"https:\\\/\\\/safetysourcefire.ca\\\/wp-content\\\/uploads\\\/2020\\\/04\\\/cross-ram-support-set-xrs01-en-20973.jpg\",\"datePublished\":\"2020-04-23T06:00:52+00:00\",\"dateModified\":\"2021-04-09T15:57:29+00:00\",\"breadcrumb\":{\"@id\":\"https:\\\/\\\/safetysourcefire.ca\\\/product\\\/cross-ram-support-set-xrs01\\\/#breadcrumb\"},\"inLanguage\":\"fr-CA\",\"potentialAction\":[{\"@type\":\"ReadAction\",\"target\":[\"https:\\\/\\\/safetysourcefire.ca\\\/product\\\/cross-ram-support-set-xrs01\\\/\"]}]},{\"@type\":\"ImageObject\",\"inLanguage\":\"fr-CA\",\"@id\":\"https:\\\/\\\/safetysourcefire.ca\\\/product\\\/cross-ram-support-set-xrs01\\\/#primaryimage\",\"url\":\"https:\\\/\\\/safetysourcefire.ca\\\/wp-content\\\/uploads\\\/2020\\\/04\\\/cross-ram-support-set-xrs01-en-20973.jpg\",\"contentUrl\":\"https:\\\/\\\/safetysourcefire.ca\\\/wp-content\\\/uploads\\\/2020\\\/04\\\/cross-ram-support-set-xrs01-en-20973.jpg\",\"width\":600,\"height\":600,\"caption\":\"cross ram support set\"},{\"@type\":\"BreadcrumbList\",\"@id\":\"https:\\\/\\\/safetysourcefire.ca\\\/product\\\/cross-ram-support-set-xrs01\\\/#breadcrumb\",\"itemListElement\":[{\"@type\":\"ListItem\",\"position\":1,\"name\":\"Home\",\"item\":\"https:\\\/\\\/safetysourcefire.ca\\\/\"},{\"@type\":\"ListItem\",\"position\":2,\"name\":\"Products\",\"item\":\"https:\\\/\\\/safetysourcefire.ca\\\/shop\\\/\"},{\"@type\":\"ListItem\",\"position\":3,\"name\":\"Cross Ram Support Set XRS01\"}]},{\"@type\":\"WebSite\",\"@id\":\"https:\\\/\\\/safetysourcefire.ca\\\/#website\",\"url\":\"https:\\\/\\\/safetysourcefire.ca\\\/\",\"name\":\"Safety Source Fire\",\"description\":\"\",\"publisher\":{\"@id\":\"https:\\\/\\\/safetysourcefire.ca\\\/#organization\"},\"potentialAction\":[{\"@type\":\"SearchAction\",\"target\":{\"@type\":\"EntryPoint\",\"urlTemplate\":\"https:\\\/\\\/safetysourcefire.ca\\\/?s={search_term_string}\"},\"query-input\":{\"@type\":\"PropertyValueSpecification\",\"valueRequired\":true,\"valueName\":\"search_term_string\"}}],\"inLanguage\":\"fr-CA\"},{\"@type\":\"Organization\",\"@id\":\"https:\\\/\\\/safetysourcefire.ca\\\/#organization\",\"name\":\"Safety Source Fire\",\"url\":\"https:\\\/\\\/safetysourcefire.ca\\\/\",\"logo\":{\"@type\":\"ImageObject\",\"inLanguage\":\"fr-CA\",\"@id\":\"https:\\\/\\\/safetysourcefire.ca\\\/#\\\/schema\\\/logo\\\/image\\\/\",\"url\":\"https:\\\/\\\/safetysourcefire.ca\\\/wp-content\\\/uploads\\\/2021\\\/01\\\/SSF_logo_CC0000-3.png\",\"contentUrl\":\"https:\\\/\\\/safetysourcefire.ca\\\/wp-content\\\/uploads\\\/2021\\\/01\\\/SSF_logo_CC0000-3.png\",\"width\":1107,\"height\":365,\"caption\":\"Safety Source Fire\"},\"image\":{\"@id\":\"https:\\\/\\\/safetysourcefire.ca\\\/#\\\/schema\\\/logo\\\/image\\\/\"},\"sameAs\":[\"https:\\\/\\\/www.facebook.com\\\/mmfssca\",\"https:\\\/\\\/x.com\\\/mmfssca\"]}]}<\/script>\n<!-- \/ Yoast SEO plugin. -->","yoast_head_json":{"title":"Ensemble de support de v\u00e9rin transversal XRS01 - Source de s\u00e9curit\u00e9 incendie","robots":{"index":"index","follow":"follow","max-snippet":"max-snippet:-1","max-image-preview":"max-image-preview:large","max-video-preview":"max-video-preview:-1"},"canonical":"https:\/\/safetysourcefire.ca\/fr\/produit\/cross-ram-support-set-xrs01\/","og_locale":"fr_CA","og_type":"article","og_title":"Cross Ram Support Set XRS01 - Safety Source Fire","og_description":"The new Holmatro Cross Ram Support Set has been developed to facilitate cross ramming: a technique to create space in a deformed vehicle. With the help of a ram the car construction is pushed back into its original shape.","og_url":"https:\/\/safetysourcefire.ca\/fr\/produit\/cross-ram-support-set-xrs01\/","og_site_name":"Safety Source Fire","article_publisher":"https:\/\/www.facebook.com\/mmfssca","article_modified_time":"2021-04-09T15:57:29+00:00","og_image":[{"width":600,"height":600,"url":"https:\/\/safetysourcefire.ca\/wp-content\/uploads\/2020\/04\/cross-ram-support-set-xrs01-en-20973.jpg","type":"image\/jpeg"}],"twitter_card":"summary_large_image","twitter_site":"@mmfssca","twitter_misc":{"Estimation du temps de lecture":"1 minute"},"schema":{"@context":"https:\/\/schema.org","@graph":[{"@type":"WebPage","@id":"https:\/\/safetysourcefire.ca\/product\/cross-ram-support-set-xrs01\/","url":"https:\/\/safetysourcefire.ca\/product\/cross-ram-support-set-xrs01\/","name":"Ensemble de support de v\u00e9rin transversal XRS01 - Source de s\u00e9curit\u00e9 incendie","isPartOf":{"@id":"https:\/\/safetysourcefire.ca\/#website"},"primaryImageOfPage":{"@id":"https:\/\/safetysourcefire.ca\/product\/cross-ram-support-set-xrs01\/#primaryimage"},"image":{"@id":"https:\/\/safetysourcefire.ca\/product\/cross-ram-support-set-xrs01\/#primaryimage"},"thumbnailUrl":"https:\/\/safetysourcefire.ca\/wp-content\/uploads\/2020\/04\/cross-ram-support-set-xrs01-en-20973.jpg","datePublished":"2020-04-23T06:00:52+00:00","dateModified":"2021-04-09T15:57:29+00:00","breadcrumb":{"@id":"https:\/\/safetysourcefire.ca\/product\/cross-ram-support-set-xrs01\/#breadcrumb"},"inLanguage":"fr-CA","potentialAction":[{"@type":"ReadAction","target":["https:\/\/safetysourcefire.ca\/product\/cross-ram-support-set-xrs01\/"]}]},{"@type":"ImageObject","inLanguage":"fr-CA","@id":"https:\/\/safetysourcefire.ca\/product\/cross-ram-support-set-xrs01\/#primaryimage","url":"https:\/\/safetysourcefire.ca\/wp-content\/uploads\/2020\/04\/cross-ram-support-set-xrs01-en-20973.jpg","contentUrl":"https:\/\/safetysourcefire.ca\/wp-content\/uploads\/2020\/04\/cross-ram-support-set-xrs01-en-20973.jpg","width":600,"height":600,"caption":"cross ram support set"},{"@type":"BreadcrumbList","@id":"https:\/\/safetysourcefire.ca\/product\/cross-ram-support-set-xrs01\/#breadcrumb","itemListElement":[{"@type":"ListItem","position":1,"name":"Home","item":"https:\/\/safetysourcefire.ca\/"},{"@type":"ListItem","position":2,"name":"Products","item":"https:\/\/safetysourcefire.ca\/shop\/"},{"@type":"ListItem","position":3,"name":"Cross Ram Support Set XRS01"}]},{"@type":"WebSite","@id":"https:\/\/safetysourcefire.ca\/#website","url":"https:\/\/safetysourcefire.ca\/","name":"Safety Source Fire","description":"","publisher":{"@id":"https:\/\/safetysourcefire.ca\/#organization"},"potentialAction":[{"@type":"SearchAction","target":{"@type":"EntryPoint","urlTemplate":"https:\/\/safetysourcefire.ca\/?s={search_term_string}"},"query-input":{"@type":"PropertyValueSpecification","valueRequired":true,"valueName":"search_term_string"}}],"inLanguage":"fr-CA"},{"@type":"Organization","@id":"https:\/\/safetysourcefire.ca\/#organization","name":"Safety Source Fire","url":"https:\/\/safetysourcefire.ca\/","logo":{"@type":"ImageObject","inLanguage":"fr-CA","@id":"https:\/\/safetysourcefire.ca\/#\/schema\/logo\/image\/","url":"https:\/\/safetysourcefire.ca\/wp-content\/uploads\/2021\/01\/SSF_logo_CC0000-3.png","contentUrl":"https:\/\/safetysourcefire.ca\/wp-content\/uploads\/2021\/01\/SSF_logo_CC0000-3.png","width":1107,"height":365,"caption":"Safety Source Fire"},"image":{"@id":"https:\/\/safetysourcefire.ca\/#\/schema\/logo\/image\/"},"sameAs":["https:\/\/www.facebook.com\/mmfssca","https:\/\/x.com\/mmfssca"]}]}},"_links":{"self":[{"href":"https:\/\/safetysourcefire.ca\/fr\/wp-json\/wp\/v2\/product\/20024","targetHints":{"allow":["GET"]}}],"collection":[{"href":"https:\/\/safetysourcefire.ca\/fr\/wp-json\/wp\/v2\/product"}],"about":[{"href":"https:\/\/safetysourcefire.ca\/fr\/wp-json\/wp\/v2\/types\/product"}],"wp:featuredmedia":[{"embeddable":true,"href":"https:\/\/safetysourcefire.ca\/fr\/wp-json\/wp\/v2\/media\/20025"}],"wp:attachment":[{"href":"https:\/\/safetysourcefire.ca\/fr\/wp-json\/wp\/v2\/media?parent=20024"}],"wp:term":[{"taxonomy":"product_brand","embeddable":true,"href":"https:\/\/safetysourcefire.ca\/fr\/wp-json\/wp\/v2\/product_brand?post=20024"},{"taxonomy":"product_cat","embeddable":true,"href":"https:\/\/safetysourcefire.ca\/fr\/wp-json\/wp\/v2\/product_cat?post=20024"},{"taxonomy":"product_tag","embeddable":true,"href":"https:\/\/safetysourcefire.ca\/fr\/wp-json\/wp\/v2\/product_tag?post=20024"}],"curies":[{"name":"wp","href":"https:\/\/api.w.org\/{rel}","templated":true}]}}