{"id":20064,"date":"2020-04-23T05:00:24","date_gmt":"2020-04-23T05:00:24","guid":{"rendered":"https:\/\/mmfss.ca\/?post_type=product&#038;p=20064"},"modified":"2020-07-15T13:39:55","modified_gmt":"2020-07-15T13:39:55","slug":"defender-fireman-ladder-details","status":"publish","type":"product","link":"https:\/\/safetysourcefire.ca\/fr\/produit\/defender-fireman-ladder-details\/","title":{"rendered":"\u00c9chelle de pompier Defender \u2013 TYPE 1A"},"content":{"rendered":"<p><strong>Sp\u00e9cialement con\u00e7ue pour les pompiers\u00a0<\/strong><\/p>\n<p>Pour aider \u00e0 r\u00e9pondre aux besoins uniques des pompiers, ce mod\u00e8le comprend la charni\u00e8re Quad-Lock et des attaches \u00e0 barreaux Rock Locks, qui ont toutes deux \u00e9t\u00e9 con\u00e7ues pour \u00eatre facilement ajust\u00e9es m\u00eame avec des gants de pompier \u00e9pais. Les \u00e9tiquettes r\u00e9fl\u00e9chissantes \u00e0 haute visibilit\u00e9 ainsi que les \u00e9tiquettes de capteur de chaleur alertent les pompiers lorsque l'\u00e9chelle a \u00e9t\u00e9 expos\u00e9e \u00e0 trop de chaleur et doit \u00eatre mise hors service. L'\u00e9chelle b\u00e9n\u00e9ficie \u00e9galement d'une conception l\u00e9g\u00e8re qui la rend facile \u00e0 transporter dans n'importe quel type de terrain.<\/p>\n<p><strong>Pour voir l'\u00e9chelle en action:<\/strong><\/p>\n<p><iframe loading=\"lazy\" src=\"https:\/\/www.youtube.com\/embed\/CJtW33nYEuE?rel=0&amp;showinfo=0\" width=\"560\" height=\"315\" frameborder=\"0\" allowfullscreen=\"allowfullscreen\" data-mce-fragment=\"1\"><\/iframe><\/p>\n<p><strong>La stabilit\u00e9 \u00e0 tout prix\u00a0<\/strong><\/p>\n<p>Pour aider \u00e0 maintenir l'\u00e9chelle \u00e0 niveau tout en r\u00e9pondant rapidement aux situations d'urgence, cette \u00e9chelle est dot\u00e9e du syst\u00e8me brevet\u00e9 de double niveleur \u00e0 cliquet. Con\u00e7us pour permettre des r\u00e9glages mains libres en quelques secondes, les niveleurs peuvent \u00eatre facilement \u00e9tendus avec un seul pied, jusqu'\u00e0 ce qu'ils atteignent une position de configuration stable et au niveau. Offrant pr\u00e8s de 8,5 pouces de r\u00e9glage de mise \u00e0 niveau, l'\u00e9chelle peut \u00eatre adapt\u00e9e \u00e0 n'importe quelle surface in\u00e9gale en quelques secondes.<\/p>\n<p><strong>Polyvalence et facilit\u00e9 d&#039;utilisation<\/strong><\/p>\n<p>Pour aider \u00e0 r\u00e9pondre aux besoins de toute situation d'urgence, ce mod\u00e8le peut \u00eatre configur\u00e9 de dizaines de fa\u00e7ons diff\u00e9rentes. Parmi ceux-ci se trouvent une \u00e9chelle \u00e0 90 degr\u00e9s, un cadre en A, une \u00e9chelle \u00e0 coulisse et un syst\u00e8me d'\u00e9chafaudage \u00e0 chevalets et planches. L'\u00e9chelle est \u00e9galement dot\u00e9e de roulettes robustes pour permettre un transport facile et rapide, tandis que les pieds \u00e9vas\u00e9s et la construction en aluminium contribuent \u00e0 augmenter la s\u00e9curit\u00e9 et la stabilit\u00e9 de l'outil. Pouvant \u00eatre utilis\u00e9 comme un v\u00e9ritable escabeau pour deux personnes, le Little Giant Defender peut supporter jusqu'\u00e0 300 livres de chaque c\u00f4t\u00e9.<\/p>\n<h3>Configurations possibles<\/h3>\n<div class=\"T-PRODUCT-details__configurations\">\n<div>\n<div class=\"image-container\"><a href=\"https:\/\/safetysourcefire.ca\/wp-content\/uploads\/2020\/04\/a-frame-config.png\"><img loading=\"lazy\" decoding=\"async\" class=\"alignleft size-full wp-image-20066\" src=\"https:\/\/safetysourcefire.ca\/wp-content\/uploads\/2020\/04\/a-frame-config.png\" alt=\"\" width=\"110\" height=\"112\" \/><\/a><\/div>\n<div class=\"text-container\">\n<h4>\u00c9chelle \u00e0 cadre en A<\/h4>\n<p>D&#039;un simple clic sur la charni\u00e8re brevet\u00e9e, le Little Giant peut \u00eatre utilis\u00e9 comme une \u00e9chelle traditionnelle \u00e0 cadre en A.<\/p>\n<\/div>\n<\/div>\n<div>\n<div class=\"image-container\"><a href=\"https:\/\/safetysourcefire.ca\/wp-content\/uploads\/2020\/04\/staircase-config.png\"><img loading=\"lazy\" decoding=\"async\" class=\"alignleft size-full wp-image-20078\" src=\"https:\/\/safetysourcefire.ca\/wp-content\/uploads\/2020\/04\/staircase-config.png\" alt=\"ladder\" width=\"110\" height=\"95\" \/><\/a><\/div>\n<div class=\"text-container\">\n<h4>Escalier \u00c9chelle<\/h4>\n<p>Parce qu'il est r\u00e9glable par paliers d'un pied, le Little Giant permet d'\u00e9tendre un c\u00f4t\u00e9 de l'\u00e9chelle pour une utilisation en toute s\u00e9curit\u00e9 sur des surfaces in\u00e9gales comme les escaliers, les bordures ou les quais.<\/p>\n<\/div>\n<\/div>\n<div>\n<div class=\"image-container\"><a href=\"https:\/\/safetysourcefire.ca\/wp-content\/uploads\/2020\/04\/90-degree-config.png\"><img loading=\"lazy\" decoding=\"async\" class=\"alignleft size-full wp-image-20065\" src=\"https:\/\/safetysourcefire.ca\/wp-content\/uploads\/2020\/04\/90-degree-config.png\" alt=\"ladder\" width=\"110\" height=\"115\" \/><\/a><\/div>\n<div class=\"text-container\">\n<h4>\u00c9chelle 90\u00b0<\/h4>\n<p>Les \u00e9chelles traditionnelles rendent le travail pr\u00e8s des murs presque impossible. Avec le Little Giant, le r\u00e9glage \u00e0 90\u00b0 vous permet de travailler en toute s\u00e9curit\u00e9 contre n'importe quelle surface verticale.<\/p>\n<\/div>\n<\/div>\n<div>\n<div class=\"image-container\"><a href=\"https:\/\/safetysourcefire.ca\/wp-content\/uploads\/2020\/04\/extension-config.png\"><img loading=\"lazy\" decoding=\"async\" class=\"alignleft size-full wp-image-20076\" src=\"https:\/\/safetysourcefire.ca\/wp-content\/uploads\/2020\/04\/extension-config.png\" alt=\"ladder\" width=\"110\" height=\"141\" \/><\/a><\/div>\n<div class=\"text-container\">\n<h4>\u00c9chelle d&#039;extension<\/h4>\n<p>Pour les grands projets, le Little Giant se convertit facilement en une \u00e9chelle \u00e0 coulisse stable vous permettant d'atteindre les toits, les branches d'arbres et plus encore.<\/p>\n<\/div>\n<\/div>\n<div>\n<div class=\"image-container\"><a href=\"https:\/\/safetysourcefire.ca\/wp-content\/uploads\/2020\/04\/scaffolding-config.png\"><img loading=\"lazy\" decoding=\"async\" class=\"size-full wp-image-20077 alignleft\" src=\"https:\/\/safetysourcefire.ca\/wp-content\/uploads\/2020\/04\/scaffolding-config.png\" alt=\"ladders\" width=\"110\" height=\"91\" \/><\/a><\/div>\n<div class=\"text-container\">\n<h4>\u00c9chafaudage<\/h4>\n<p>\u00c9tant donn\u00e9 que le Little Giant peut se s\u00e9parer pour former deux tr\u00e9teaux d'\u00e9chafaudage, il vous suffit d'ajouter une planche de travail (vendue s\u00e9par\u00e9ment en option) et les supports de tr\u00e9teau (vendus s\u00e9par\u00e9ment) pour former un syst\u00e8me d'\u00e9chafaudage pratique.<\/p>\n<\/div>\n<\/div>\n<\/div>\n<div id=\"root\" class=\"M-specs-table-wrapper\">\n<div class=\"App\">\n<table class=\"M-specs-table\">\n<thead>\n<tr>\n<th>S\u00e9lectionnez le produit \u00e0 comparer\u00a0:<\/th>\n<td><\/td>\n<td><\/td>\n<\/tr>\n<\/thead>\n<tbody>\n<tr>\n<th class=\"row-key\">Produit s\u00e9lectionn\u00e9<\/th>\n<td>Mod\u00e8les Mod\u00e8le 17<\/td>\n<td>Mod\u00e8les Mod\u00e8le 22<\/td>\n<\/tr>\n<tr>\n<th class=\"row-key\">\u00c9chelle \u00e0 90 degr\u00e9s<\/th>\n<td>Oui<\/td>\n<td>Oui<\/td>\n<\/tr>\n<tr>\n<th class=\"row-key\">Hauteur debout maximale du cadre en A<\/th>\n<td>4 pi 9 po<\/td>\n<td>6 pi 7 po<\/td>\n<\/tr>\n<tr>\n<th class=\"row-key\">A-Frame Max. Hauteur<\/th>\n<td>7 pieds<\/td>\n<td>9 pieds<\/td>\n<\/tr>\n<tr>\n<th class=\"row-key\">Cadre en A Min. Hauteur<\/th>\n<td>4 pieds<\/td>\n<td>5 pieds<\/td>\n<\/tr>\n<tr>\n<th class=\"row-key\">Cote de service ANSI<\/th>\n<td>Type IA<\/td>\n<td>Type IA<\/td>\n<\/tr>\n<tr>\n<th class=\"row-key\">Pays d&#039;origine<\/th>\n<td>Assembl\u00e9 aux USA<\/td>\n<td>Assembl\u00e9 aux USA<\/td>\n<\/tr>\n<tr>\n<th class=\"row-key\">Syst\u00e8me de verrouillage d&#039;extension<\/th>\n<td>Attaches de barreau Rock Locks\u00ae en fonte d&#039;aluminium<\/td>\n<td>Attaches de barreau Rock Locks\u00ae en fonte d&#039;aluminium<\/td>\n<\/tr>\n<tr>\n<th class=\"row-key\">Hauteur debout maximale de l&#039;extension<\/th>\n<td>11 pi 7 po<\/td>\n<td>15 pi 6 po<\/td>\n<\/tr>\n<tr>\n<th class=\"row-key\">Rallonge max. Hauteur<\/th>\n<td>15 pieds<\/td>\n<td>19 pieds<\/td>\n<\/tr>\n<tr>\n<th class=\"row-key\">Prolongation Min. Hauteur<\/th>\n<td>9 pieds<\/td>\n<td>11 pi<\/td>\n<\/tr>\n<tr>\n<th class=\"row-key\">Pieds<\/th>\n<td>Encliquetable co-moul\u00e9<\/td>\n<td>Encliquetable co-moul\u00e9<\/td>\n<\/tr>\n<tr>\n<th class=\"row-key\">Poids de l&#039;\u00e9chelle<\/th>\n<td>39 livres<\/td>\n<td>47 livres<\/td>\n<\/tr>\n<tr>\n<th class=\"row-key\">Mat\u00e9riel<\/th>\n<td>Aluminium<\/td>\n<td>Aluminium<\/td>\n<\/tr>\n<tr>\n<th class=\"row-key\">Syst\u00e8me de verrouillage de paume et de charni\u00e8re<\/th>\n<td>Fonte d&#039;aluminium et Quad-Lock\u2122<\/td>\n<td>Fonte d&#039;aluminium et Quad-Lock\u2122<\/td>\n<\/tr>\n<tr>\n<th class=\"row-key\">Section double de taille de barreau<\/th>\n<td>2,75 pouces<\/td>\n<td>2,75 pouces<\/td>\n<\/tr>\n<tr>\n<th class=\"row-key\">Section unique de taille de barreau<\/th>\n<td>Int\u00e9rieur : 1,5 po. Ext\u00e9rieur : 1 po.<\/td>\n<td>Int\u00e9rieur : 1,5 po. Ext\u00e9rieur : 1 po.<\/td>\n<\/tr>\n<tr>\n<th class=\"row-key\">Position d&#039;\u00e9chafaudage<\/th>\n<td>Oui<\/td>\n<td>Oui<\/td>\n<\/tr>\n<tr>\n<th class=\"row-key\">Poids d&#039;exp\u00e9dition<\/th>\n<td>45,5 livres<\/td>\n<td>53,5 livres<\/td>\n<\/tr>\n<tr>\n<th class=\"row-key\">Syst\u00e8me d&#039;\u00e9pandage<\/th>\n<td>Verrou de charni\u00e8re<\/td>\n<td>Verrous de charni\u00e8res<\/td>\n<\/tr>\n<tr>\n<th class=\"row-key\">Profondeur de stockage<\/th>\n<td>9 pouces<\/td>\n<td>9 pouces<\/td>\n<\/tr>\n<tr>\n<th class=\"row-key\">Hauteur de stockage<\/th>\n<td>4 pi 7 po<\/td>\n<td>5 pi 7 po<\/td>\n<\/tr>\n<tr>\n<th class=\"row-key\">Largeur de stockage \u00e0 la base<\/th>\n<td>2 pieds<\/td>\n<td>2 pi 3,5 po<\/td>\n<\/tr>\n<tr>\n<th class=\"row-key\">Roues Tip &amp; Glide\u2122<\/th>\n<td>Oui<\/td>\n<td>Oui<\/td>\n<\/tr>\n<tr>\n<th class=\"row-key\">Configurations uniques<\/th>\n<td>24<\/td>\n<td>33<\/td>\n<\/tr>\n<tr>\n<th class=\"row-key\">garantie<\/th>\n<td>5 ans<\/td>\n<td>5 ans<\/td>\n<\/tr>\n<tr>\n<th class=\"row-key\">Capacit\u00e9 de poids<\/th>\n<td>300 livres.<\/td>\n<td>300 livres.<\/td>\n<\/tr>\n<\/tbody>\n<\/table>\n<\/div>\n<\/div>","protected":false},"excerpt":{"rendered":"<p>Sp\u00e9cialement con\u00e7ue pour \u00eatre utilis\u00e9 par les pompiers, le ''Little Giant Defender'' offre un certain nombre de caract\u00e9ristiques uniques qui ne peuvent \u00eatre trouv\u00e9es sur les autres \u00e9chelles. En plus d'\u00eatre con\u00e7ue pour rentrer parfaitement dans l'espace de rangement de la plupart des camions de pompiers, cette \u00e9chelle l\u00e9g\u00e8re offre la r\u00e9sistance et la polyvalence n\u00e9cessaires pour faire face aux situations d'urgence, quelles qu'elles soient.<\/p>","protected":false},"featured_media":20067,"template":"","meta":[],"product_brand":[449],"product_cat":[54,42],"product_tag":[450],"class_list":{"0":"post-20064","1":"product","2":"type-product","3":"status-publish","4":"has-post-thumbnail","6":"product_brand-little-giant","7":"product_cat-extension","8":"product_cat-ladders","9":"product_tag-little-giant","11":"first","12":"instock","13":"shipping-taxable","14":"product-type-simple"},"yoast_head":"<!-- This site is optimized with the Yoast SEO plugin v27.4 - https:\/\/yoast.com\/product\/yoast-seo-wordpress\/ -->\n<title>Defender Firefighter Ladder - TYPE 1A - Safety Source Fire<\/title>\n<meta name=\"robots\" content=\"index, follow, max-snippet:-1, max-image-preview:large, max-video-preview:-1\" \/>\n<link rel=\"canonical\" href=\"https:\/\/safetysourcefire.ca\/fr\/?product=defender-fireman-ladder-details\" \/>\n<meta property=\"og:locale\" content=\"fr_CA\" \/>\n<meta property=\"og:type\" content=\"article\" \/>\n<meta property=\"og:title\" content=\"Defender Firefighter Ladder - TYPE 1A - Safety Source Fire\" \/>\n<meta property=\"og:description\" content=\"Specifically designed for use by firefighters, the Little Giant Defender offers a number of unique features that cannot be found on just any other ladder. In addition to being designed to fit in the storage space of most fire engines, this lightweight ladder offers the strength and versatility necessary when facing an emergency situation.\" \/>\n<meta property=\"og:url\" content=\"https:\/\/safetysourcefire.ca\/fr\/?product=defender-fireman-ladder-details\" \/>\n<meta property=\"og:site_name\" content=\"Safety Source Fire\" \/>\n<meta property=\"article:publisher\" content=\"https:\/\/www.facebook.com\/mmfssca\" \/>\n<meta property=\"article:modified_time\" content=\"2020-07-15T13:39:55+00:00\" \/>\n<meta property=\"og:image\" content=\"https:\/\/safetysourcefire.ca\/wp-content\/uploads\/2020\/04\/Defender-17-Ratchets-Grey-1-520x520_1200x1200.jpg\" \/>\n\t<meta property=\"og:image:width\" content=\"600\" \/>\n\t<meta property=\"og:image:height\" content=\"600\" \/>\n\t<meta property=\"og:image:type\" content=\"image\/jpeg\" \/>\n<meta name=\"twitter:card\" content=\"summary_large_image\" \/>\n<meta name=\"twitter:site\" content=\"@mmfssca\" \/>\n<meta name=\"twitter:label1\" content=\"Estimation du temps de lecture\" \/>\n\t<meta name=\"twitter:data1\" content=\"3 minutes\" \/>\n<script type=\"application\/ld+json\" class=\"yoast-schema-graph\">{\"@context\":\"https:\\\/\\\/schema.org\",\"@graph\":[{\"@type\":\"WebPage\",\"@id\":\"https:\\\/\\\/safetysourcefire.ca\\\/?product=defender-fireman-ladder-details\",\"url\":\"https:\\\/\\\/safetysourcefire.ca\\\/?product=defender-fireman-ladder-details\",\"name\":\"Defender Firefighter Ladder - TYPE 1A - Safety Source Fire\",\"isPartOf\":{\"@id\":\"https:\\\/\\\/safetysourcefire.ca\\\/#website\"},\"primaryImageOfPage\":{\"@id\":\"https:\\\/\\\/safetysourcefire.ca\\\/?product=defender-fireman-ladder-details#primaryimage\"},\"image\":{\"@id\":\"https:\\\/\\\/safetysourcefire.ca\\\/?product=defender-fireman-ladder-details#primaryimage\"},\"thumbnailUrl\":\"https:\\\/\\\/safetysourcefire.ca\\\/wp-content\\\/uploads\\\/2020\\\/04\\\/Defender-17-Ratchets-Grey-1-520x520_1200x1200.jpg\",\"datePublished\":\"2020-04-23T05:00:24+00:00\",\"dateModified\":\"2020-07-15T13:39:55+00:00\",\"breadcrumb\":{\"@id\":\"https:\\\/\\\/safetysourcefire.ca\\\/?product=defender-fireman-ladder-details#breadcrumb\"},\"inLanguage\":\"fr-CA\",\"potentialAction\":[{\"@type\":\"ReadAction\",\"target\":[\"https:\\\/\\\/safetysourcefire.ca\\\/?product=defender-fireman-ladder-details\"]}]},{\"@type\":\"ImageObject\",\"inLanguage\":\"fr-CA\",\"@id\":\"https:\\\/\\\/safetysourcefire.ca\\\/?product=defender-fireman-ladder-details#primaryimage\",\"url\":\"https:\\\/\\\/safetysourcefire.ca\\\/wp-content\\\/uploads\\\/2020\\\/04\\\/Defender-17-Ratchets-Grey-1-520x520_1200x1200.jpg\",\"contentUrl\":\"https:\\\/\\\/safetysourcefire.ca\\\/wp-content\\\/uploads\\\/2020\\\/04\\\/Defender-17-Ratchets-Grey-1-520x520_1200x1200.jpg\",\"width\":600,\"height\":600,\"caption\":\"ladder\"},{\"@type\":\"BreadcrumbList\",\"@id\":\"https:\\\/\\\/safetysourcefire.ca\\\/?product=defender-fireman-ladder-details#breadcrumb\",\"itemListElement\":[{\"@type\":\"ListItem\",\"position\":1,\"name\":\"Home\",\"item\":\"https:\\\/\\\/safetysourcefire.ca\\\/\"},{\"@type\":\"ListItem\",\"position\":2,\"name\":\"Products\",\"item\":\"https:\\\/\\\/safetysourcefire.ca\\\/shop\\\/\"},{\"@type\":\"ListItem\",\"position\":3,\"name\":\"Defender Firefighter Ladder &#8211; TYPE 1A\"}]},{\"@type\":\"WebSite\",\"@id\":\"https:\\\/\\\/safetysourcefire.ca\\\/#website\",\"url\":\"https:\\\/\\\/safetysourcefire.ca\\\/\",\"name\":\"Safety Source Fire\",\"description\":\"\",\"publisher\":{\"@id\":\"https:\\\/\\\/safetysourcefire.ca\\\/#organization\"},\"potentialAction\":[{\"@type\":\"SearchAction\",\"target\":{\"@type\":\"EntryPoint\",\"urlTemplate\":\"https:\\\/\\\/safetysourcefire.ca\\\/?s={search_term_string}\"},\"query-input\":{\"@type\":\"PropertyValueSpecification\",\"valueRequired\":true,\"valueName\":\"search_term_string\"}}],\"inLanguage\":\"fr-CA\"},{\"@type\":\"Organization\",\"@id\":\"https:\\\/\\\/safetysourcefire.ca\\\/#organization\",\"name\":\"Safety Source Fire\",\"url\":\"https:\\\/\\\/safetysourcefire.ca\\\/\",\"logo\":{\"@type\":\"ImageObject\",\"inLanguage\":\"fr-CA\",\"@id\":\"https:\\\/\\\/safetysourcefire.ca\\\/#\\\/schema\\\/logo\\\/image\\\/\",\"url\":\"https:\\\/\\\/safetysourcefire.ca\\\/wp-content\\\/uploads\\\/2021\\\/01\\\/SSF_logo_CC0000-3.png\",\"contentUrl\":\"https:\\\/\\\/safetysourcefire.ca\\\/wp-content\\\/uploads\\\/2021\\\/01\\\/SSF_logo_CC0000-3.png\",\"width\":1107,\"height\":365,\"caption\":\"Safety Source Fire\"},\"image\":{\"@id\":\"https:\\\/\\\/safetysourcefire.ca\\\/#\\\/schema\\\/logo\\\/image\\\/\"},\"sameAs\":[\"https:\\\/\\\/www.facebook.com\\\/mmfssca\",\"https:\\\/\\\/x.com\\\/mmfssca\"]}]}<\/script>\n<!-- \/ Yoast SEO plugin. -->","yoast_head_json":{"title":"\u00c9chelle de pompier Defender - TYPE 1A - Source de s\u00e9curit\u00e9 incendie","robots":{"index":"index","follow":"follow","max-snippet":"max-snippet:-1","max-image-preview":"max-image-preview:large","max-video-preview":"max-video-preview:-1"},"canonical":"https:\/\/safetysourcefire.ca\/fr\/?product=defender-fireman-ladder-details","og_locale":"fr_CA","og_type":"article","og_title":"Defender Firefighter Ladder - TYPE 1A - Safety Source Fire","og_description":"Specifically designed for use by firefighters, the Little Giant Defender offers a number of unique features that cannot be found on just any other ladder. In addition to being designed to fit in the storage space of most fire engines, this lightweight ladder offers the strength and versatility necessary when facing an emergency situation.","og_url":"https:\/\/safetysourcefire.ca\/fr\/?product=defender-fireman-ladder-details","og_site_name":"Safety Source Fire","article_publisher":"https:\/\/www.facebook.com\/mmfssca","article_modified_time":"2020-07-15T13:39:55+00:00","og_image":[{"width":600,"height":600,"url":"https:\/\/safetysourcefire.ca\/wp-content\/uploads\/2020\/04\/Defender-17-Ratchets-Grey-1-520x520_1200x1200.jpg","type":"image\/jpeg"}],"twitter_card":"summary_large_image","twitter_site":"@mmfssca","twitter_misc":{"Estimation du temps de lecture":"3 minutes"},"schema":{"@context":"https:\/\/schema.org","@graph":[{"@type":"WebPage","@id":"https:\/\/safetysourcefire.ca\/?product=defender-fireman-ladder-details","url":"https:\/\/safetysourcefire.ca\/?product=defender-fireman-ladder-details","name":"\u00c9chelle de pompier Defender - TYPE 1A - Source de s\u00e9curit\u00e9 incendie","isPartOf":{"@id":"https:\/\/safetysourcefire.ca\/#website"},"primaryImageOfPage":{"@id":"https:\/\/safetysourcefire.ca\/?product=defender-fireman-ladder-details#primaryimage"},"image":{"@id":"https:\/\/safetysourcefire.ca\/?product=defender-fireman-ladder-details#primaryimage"},"thumbnailUrl":"https:\/\/safetysourcefire.ca\/wp-content\/uploads\/2020\/04\/Defender-17-Ratchets-Grey-1-520x520_1200x1200.jpg","datePublished":"2020-04-23T05:00:24+00:00","dateModified":"2020-07-15T13:39:55+00:00","breadcrumb":{"@id":"https:\/\/safetysourcefire.ca\/?product=defender-fireman-ladder-details#breadcrumb"},"inLanguage":"fr-CA","potentialAction":[{"@type":"ReadAction","target":["https:\/\/safetysourcefire.ca\/?product=defender-fireman-ladder-details"]}]},{"@type":"ImageObject","inLanguage":"fr-CA","@id":"https:\/\/safetysourcefire.ca\/?product=defender-fireman-ladder-details#primaryimage","url":"https:\/\/safetysourcefire.ca\/wp-content\/uploads\/2020\/04\/Defender-17-Ratchets-Grey-1-520x520_1200x1200.jpg","contentUrl":"https:\/\/safetysourcefire.ca\/wp-content\/uploads\/2020\/04\/Defender-17-Ratchets-Grey-1-520x520_1200x1200.jpg","width":600,"height":600,"caption":"ladder"},{"@type":"BreadcrumbList","@id":"https:\/\/safetysourcefire.ca\/?product=defender-fireman-ladder-details#breadcrumb","itemListElement":[{"@type":"ListItem","position":1,"name":"Home","item":"https:\/\/safetysourcefire.ca\/"},{"@type":"ListItem","position":2,"name":"Products","item":"https:\/\/safetysourcefire.ca\/shop\/"},{"@type":"ListItem","position":3,"name":"Defender Firefighter Ladder &#8211; TYPE 1A"}]},{"@type":"WebSite","@id":"https:\/\/safetysourcefire.ca\/#website","url":"https:\/\/safetysourcefire.ca\/","name":"Safety Source Fire","description":"","publisher":{"@id":"https:\/\/safetysourcefire.ca\/#organization"},"potentialAction":[{"@type":"SearchAction","target":{"@type":"EntryPoint","urlTemplate":"https:\/\/safetysourcefire.ca\/?s={search_term_string}"},"query-input":{"@type":"PropertyValueSpecification","valueRequired":true,"valueName":"search_term_string"}}],"inLanguage":"fr-CA"},{"@type":"Organization","@id":"https:\/\/safetysourcefire.ca\/#organization","name":"Safety Source Fire","url":"https:\/\/safetysourcefire.ca\/","logo":{"@type":"ImageObject","inLanguage":"fr-CA","@id":"https:\/\/safetysourcefire.ca\/#\/schema\/logo\/image\/","url":"https:\/\/safetysourcefire.ca\/wp-content\/uploads\/2021\/01\/SSF_logo_CC0000-3.png","contentUrl":"https:\/\/safetysourcefire.ca\/wp-content\/uploads\/2021\/01\/SSF_logo_CC0000-3.png","width":1107,"height":365,"caption":"Safety Source Fire"},"image":{"@id":"https:\/\/safetysourcefire.ca\/#\/schema\/logo\/image\/"},"sameAs":["https:\/\/www.facebook.com\/mmfssca","https:\/\/x.com\/mmfssca"]}]}},"_links":{"self":[{"href":"https:\/\/safetysourcefire.ca\/fr\/wp-json\/wp\/v2\/product\/20064","targetHints":{"allow":["GET"]}}],"collection":[{"href":"https:\/\/safetysourcefire.ca\/fr\/wp-json\/wp\/v2\/product"}],"about":[{"href":"https:\/\/safetysourcefire.ca\/fr\/wp-json\/wp\/v2\/types\/product"}],"wp:featuredmedia":[{"embeddable":true,"href":"https:\/\/safetysourcefire.ca\/fr\/wp-json\/wp\/v2\/media\/20067"}],"wp:attachment":[{"href":"https:\/\/safetysourcefire.ca\/fr\/wp-json\/wp\/v2\/media?parent=20064"}],"wp:term":[{"taxonomy":"product_brand","embeddable":true,"href":"https:\/\/safetysourcefire.ca\/fr\/wp-json\/wp\/v2\/product_brand?post=20064"},{"taxonomy":"product_cat","embeddable":true,"href":"https:\/\/safetysourcefire.ca\/fr\/wp-json\/wp\/v2\/product_cat?post=20064"},{"taxonomy":"product_tag","embeddable":true,"href":"https:\/\/safetysourcefire.ca\/fr\/wp-json\/wp\/v2\/product_tag?post=20064"}],"curies":[{"name":"wp","href":"https:\/\/api.w.org\/{rel}","templated":true}]}}