{"id":20101,"date":"2020-04-22T13:44:54","date_gmt":"2020-04-22T13:44:54","guid":{"rendered":"https:\/\/mmfss.ca\/?post_type=product&#038;p=20101"},"modified":"2020-04-22T16:06:19","modified_gmt":"2020-04-22T16:06:19","slug":"monitor-telemetry-software-solution","status":"publish","type":"product","link":"https:\/\/safetysourcefire.ca\/fr\/produit\/monitor-telemetry-software-solution\/","title":{"rendered":"Logiciel de t\u00e9l\u00e9m\u00e9trie Monitor"},"content":{"rendered":"<p>Permet d'avoir des informations critiques en temps r\u00e9el sur l'APRIA des intervenants. Con\u00e7ue pour \u00eatre utilis\u00e9e sur des PC modernes et tactiles, ce logiciel de gestion de l'air facile \u00e0 comprendre permet au commandant de l'incident de voir les donn\u00e9es d'air, PASS et EVAC disponibles tout en \u00e9tablissant et en maintenant les commandes. Des alertes suppl\u00e9mentaires (condition de d\u00e9bit \u00e9lev\u00e9 ou d'absence de d\u00e9bit \u00e0 pleine alarme PASS) peuvent aussi aider le commandant \u00e0 travailler et am\u00e9liorer son intelligence situationnelle, guidant ainsi la prise de d\u00e9cision critique. La conception automatis\u00e9e de Monitor compl\u00e8te les SOG de responsabilit\u00e9 et de commande d'incident existants sans la charge de travail suppl\u00e9mentaire.<\/p>\n<p>Le forfait Monitor Pro, associ\u00e9 \u00e0 SEMS II Pro, am\u00e9liore encore plus les options de communications pour le commandant. En effet, ces fonctions permettent d'appeler \u00e9lectroniquement PAR (ePAR) d'un simple clic ou d'appuyer sur un bouton sur l'interface utilisateur, r\u00e9duisant ainsi le trafic radio excessif tout en maintenant le personnel imputable de leurs actions.<\/p>\n<ul class=\"product-features\">\n<li>Fonctionne avec tous les ARI 3M Scott Air-Pak \u00e9quip\u00e9s de SEMS II et SEMS II Pro<\/li>\n<li>Acceptation automatique des appareils permettant d'assurer que les appareils sont surveill\u00e9s \u00e0 partir du moment o\u00f9 ils se connectent \u00e0 la station de base<\/li>\n<li>Alerte visuelle permettant de fournir une reconnaissance imm\u00e9diate des alertes SCBA critiques pour le commandant d'incident<\/li>\n<li>Interface tactile pour une convivialit\u00e9 am\u00e9lior\u00e9e<\/li>\n<li>Compatible avec le syst\u00e8me d'exploitation Windows 7 (et versions sup\u00e9rieures)<\/li>\n<\/ul>\n<p>T\u00e9l\u00e9charger la <a href=\"https:\/\/safetysourcefire.ca\/wp-content\/uploads\/2020\/04\/HS7515-EN_ScottConnectMonitor_QA_1p_.pdf\">FAQ sur le moniteur<\/a><\/p>","protected":false},"excerpt":{"rendered":"<p>The Monitor telemetry software solution puts critical, real-time responder SCBA information at incident command\u2019s fingertips. Designed for use on modern, touch-enabled PCs, this easy-to-understand air management solution allows incident command to see air, PASS and EVAC data available while establishing and maintaining command. Additional alert notifications \u2013 high flow or no flow condition at full [&hellip;]<\/p>\n","protected":false},"featured_media":20106,"template":"","meta":[],"product_brand":[157],"product_cat":[45,58],"product_tag":[454],"class_list":{"0":"post-20101","1":"product","2":"type-product","3":"status-publish","4":"has-post-thumbnail","6":"product_brand-3m-scott","7":"product_cat-respiratory","8":"product_cat-accessories-scba","9":"product_tag-3m-scott-safety","11":"first","12":"instock","13":"shipping-taxable","14":"product-type-simple"},"yoast_head":"<!-- This site is optimized with the Yoast SEO plugin v27.4 - https:\/\/yoast.com\/product\/yoast-seo-wordpress\/ -->\n<title>Monitor Telemetry Software Solution - Safety Source Fire<\/title>\n<meta name=\"robots\" content=\"index, follow, max-snippet:-1, max-image-preview:large, max-video-preview:-1\" \/>\n<link rel=\"canonical\" href=\"https:\/\/safetysourcefire.ca\/fr\/produit\/monitor-telemetry-software-solution\/\" \/>\n<meta property=\"og:locale\" content=\"fr_CA\" \/>\n<meta property=\"og:type\" content=\"article\" \/>\n<meta property=\"og:title\" content=\"Monitor Telemetry Software Solution - Safety Source Fire\" \/>\n<meta property=\"og:description\" content=\"The Monitor telemetry software solution puts critical, real-time responder SCBA information at incident command\u2019s fingertips. Designed for use on modern, touch-enabled PCs, this easy-to-understand air management solution allows incident command to see air, PASS and EVAC data available while establishing and maintaining command. Additional alert notifications \u2013 high flow or no flow condition at full [&hellip;]\" \/>\n<meta property=\"og:url\" content=\"https:\/\/safetysourcefire.ca\/fr\/produit\/monitor-telemetry-software-solution\/\" \/>\n<meta property=\"og:site_name\" content=\"Safety Source Fire\" \/>\n<meta property=\"article:publisher\" content=\"https:\/\/www.facebook.com\/mmfssca\" \/>\n<meta property=\"article:modified_time\" content=\"2020-04-22T16:06:19+00:00\" \/>\n<meta property=\"og:image\" content=\"https:\/\/safetysourcefire.ca\/wp-content\/uploads\/2020\/04\/SCOTTConnectMonitor.jpg\" \/>\n\t<meta property=\"og:image:width\" content=\"600\" \/>\n\t<meta property=\"og:image:height\" content=\"600\" \/>\n\t<meta property=\"og:image:type\" content=\"image\/jpeg\" \/>\n<meta name=\"twitter:card\" content=\"summary_large_image\" \/>\n<meta name=\"twitter:site\" content=\"@mmfssca\" \/>\n<meta name=\"twitter:label1\" content=\"Estimation du temps de lecture\" \/>\n\t<meta name=\"twitter:data1\" content=\"1 minute\" \/>\n<script type=\"application\/ld+json\" class=\"yoast-schema-graph\">{\"@context\":\"https:\\\/\\\/schema.org\",\"@graph\":[{\"@type\":\"WebPage\",\"@id\":\"https:\\\/\\\/safetysourcefire.ca\\\/product\\\/monitor-telemetry-software-solution\\\/\",\"url\":\"https:\\\/\\\/safetysourcefire.ca\\\/product\\\/monitor-telemetry-software-solution\\\/\",\"name\":\"Monitor Telemetry Software Solution - Safety Source Fire\",\"isPartOf\":{\"@id\":\"https:\\\/\\\/safetysourcefire.ca\\\/#website\"},\"primaryImageOfPage\":{\"@id\":\"https:\\\/\\\/safetysourcefire.ca\\\/product\\\/monitor-telemetry-software-solution\\\/#primaryimage\"},\"image\":{\"@id\":\"https:\\\/\\\/safetysourcefire.ca\\\/product\\\/monitor-telemetry-software-solution\\\/#primaryimage\"},\"thumbnailUrl\":\"https:\\\/\\\/safetysourcefire.ca\\\/wp-content\\\/uploads\\\/2020\\\/04\\\/SCOTTConnectMonitor.jpg\",\"datePublished\":\"2020-04-22T13:44:54+00:00\",\"dateModified\":\"2020-04-22T16:06:19+00:00\",\"breadcrumb\":{\"@id\":\"https:\\\/\\\/safetysourcefire.ca\\\/product\\\/monitor-telemetry-software-solution\\\/#breadcrumb\"},\"inLanguage\":\"fr-CA\",\"potentialAction\":[{\"@type\":\"ReadAction\",\"target\":[\"https:\\\/\\\/safetysourcefire.ca\\\/product\\\/monitor-telemetry-software-solution\\\/\"]}]},{\"@type\":\"ImageObject\",\"inLanguage\":\"fr-CA\",\"@id\":\"https:\\\/\\\/safetysourcefire.ca\\\/product\\\/monitor-telemetry-software-solution\\\/#primaryimage\",\"url\":\"https:\\\/\\\/safetysourcefire.ca\\\/wp-content\\\/uploads\\\/2020\\\/04\\\/SCOTTConnectMonitor.jpg\",\"contentUrl\":\"https:\\\/\\\/safetysourcefire.ca\\\/wp-content\\\/uploads\\\/2020\\\/04\\\/SCOTTConnectMonitor.jpg\",\"width\":600,\"height\":600,\"caption\":\"laptop\"},{\"@type\":\"BreadcrumbList\",\"@id\":\"https:\\\/\\\/safetysourcefire.ca\\\/product\\\/monitor-telemetry-software-solution\\\/#breadcrumb\",\"itemListElement\":[{\"@type\":\"ListItem\",\"position\":1,\"name\":\"Home\",\"item\":\"https:\\\/\\\/safetysourcefire.ca\\\/\"},{\"@type\":\"ListItem\",\"position\":2,\"name\":\"Products\",\"item\":\"https:\\\/\\\/safetysourcefire.ca\\\/shop\\\/\"},{\"@type\":\"ListItem\",\"position\":3,\"name\":\"Monitor Telemetry Software Solution\"}]},{\"@type\":\"WebSite\",\"@id\":\"https:\\\/\\\/safetysourcefire.ca\\\/#website\",\"url\":\"https:\\\/\\\/safetysourcefire.ca\\\/\",\"name\":\"Safety Source Fire\",\"description\":\"\",\"publisher\":{\"@id\":\"https:\\\/\\\/safetysourcefire.ca\\\/#organization\"},\"potentialAction\":[{\"@type\":\"SearchAction\",\"target\":{\"@type\":\"EntryPoint\",\"urlTemplate\":\"https:\\\/\\\/safetysourcefire.ca\\\/?s={search_term_string}\"},\"query-input\":{\"@type\":\"PropertyValueSpecification\",\"valueRequired\":true,\"valueName\":\"search_term_string\"}}],\"inLanguage\":\"fr-CA\"},{\"@type\":\"Organization\",\"@id\":\"https:\\\/\\\/safetysourcefire.ca\\\/#organization\",\"name\":\"Safety Source Fire\",\"url\":\"https:\\\/\\\/safetysourcefire.ca\\\/\",\"logo\":{\"@type\":\"ImageObject\",\"inLanguage\":\"fr-CA\",\"@id\":\"https:\\\/\\\/safetysourcefire.ca\\\/#\\\/schema\\\/logo\\\/image\\\/\",\"url\":\"https:\\\/\\\/safetysourcefire.ca\\\/wp-content\\\/uploads\\\/2021\\\/01\\\/SSF_logo_CC0000-3.png\",\"contentUrl\":\"https:\\\/\\\/safetysourcefire.ca\\\/wp-content\\\/uploads\\\/2021\\\/01\\\/SSF_logo_CC0000-3.png\",\"width\":1107,\"height\":365,\"caption\":\"Safety Source Fire\"},\"image\":{\"@id\":\"https:\\\/\\\/safetysourcefire.ca\\\/#\\\/schema\\\/logo\\\/image\\\/\"},\"sameAs\":[\"https:\\\/\\\/www.facebook.com\\\/mmfssca\",\"https:\\\/\\\/x.com\\\/mmfssca\"]}]}<\/script>\n<!-- \/ Yoast SEO plugin. -->","yoast_head_json":{"title":"Solution logicielle de t\u00e9l\u00e9m\u00e9trie de surveillance - Incendie \u00e0 source de s\u00e9curit\u00e9","robots":{"index":"index","follow":"follow","max-snippet":"max-snippet:-1","max-image-preview":"max-image-preview:large","max-video-preview":"max-video-preview:-1"},"canonical":"https:\/\/safetysourcefire.ca\/fr\/produit\/monitor-telemetry-software-solution\/","og_locale":"fr_CA","og_type":"article","og_title":"Monitor Telemetry Software Solution - Safety Source Fire","og_description":"The Monitor telemetry software solution puts critical, real-time responder SCBA information at incident command\u2019s fingertips. Designed for use on modern, touch-enabled PCs, this easy-to-understand air management solution allows incident command to see air, PASS and EVAC data available while establishing and maintaining command. Additional alert notifications \u2013 high flow or no flow condition at full [&hellip;]","og_url":"https:\/\/safetysourcefire.ca\/fr\/produit\/monitor-telemetry-software-solution\/","og_site_name":"Safety Source Fire","article_publisher":"https:\/\/www.facebook.com\/mmfssca","article_modified_time":"2020-04-22T16:06:19+00:00","og_image":[{"width":600,"height":600,"url":"https:\/\/safetysourcefire.ca\/wp-content\/uploads\/2020\/04\/SCOTTConnectMonitor.jpg","type":"image\/jpeg"}],"twitter_card":"summary_large_image","twitter_site":"@mmfssca","twitter_misc":{"Estimation du temps de lecture":"1 minute"},"schema":{"@context":"https:\/\/schema.org","@graph":[{"@type":"WebPage","@id":"https:\/\/safetysourcefire.ca\/product\/monitor-telemetry-software-solution\/","url":"https:\/\/safetysourcefire.ca\/product\/monitor-telemetry-software-solution\/","name":"Solution logicielle de t\u00e9l\u00e9m\u00e9trie de surveillance - Incendie \u00e0 source de s\u00e9curit\u00e9","isPartOf":{"@id":"https:\/\/safetysourcefire.ca\/#website"},"primaryImageOfPage":{"@id":"https:\/\/safetysourcefire.ca\/product\/monitor-telemetry-software-solution\/#primaryimage"},"image":{"@id":"https:\/\/safetysourcefire.ca\/product\/monitor-telemetry-software-solution\/#primaryimage"},"thumbnailUrl":"https:\/\/safetysourcefire.ca\/wp-content\/uploads\/2020\/04\/SCOTTConnectMonitor.jpg","datePublished":"2020-04-22T13:44:54+00:00","dateModified":"2020-04-22T16:06:19+00:00","breadcrumb":{"@id":"https:\/\/safetysourcefire.ca\/product\/monitor-telemetry-software-solution\/#breadcrumb"},"inLanguage":"fr-CA","potentialAction":[{"@type":"ReadAction","target":["https:\/\/safetysourcefire.ca\/product\/monitor-telemetry-software-solution\/"]}]},{"@type":"ImageObject","inLanguage":"fr-CA","@id":"https:\/\/safetysourcefire.ca\/product\/monitor-telemetry-software-solution\/#primaryimage","url":"https:\/\/safetysourcefire.ca\/wp-content\/uploads\/2020\/04\/SCOTTConnectMonitor.jpg","contentUrl":"https:\/\/safetysourcefire.ca\/wp-content\/uploads\/2020\/04\/SCOTTConnectMonitor.jpg","width":600,"height":600,"caption":"laptop"},{"@type":"BreadcrumbList","@id":"https:\/\/safetysourcefire.ca\/product\/monitor-telemetry-software-solution\/#breadcrumb","itemListElement":[{"@type":"ListItem","position":1,"name":"Home","item":"https:\/\/safetysourcefire.ca\/"},{"@type":"ListItem","position":2,"name":"Products","item":"https:\/\/safetysourcefire.ca\/shop\/"},{"@type":"ListItem","position":3,"name":"Monitor Telemetry Software Solution"}]},{"@type":"WebSite","@id":"https:\/\/safetysourcefire.ca\/#website","url":"https:\/\/safetysourcefire.ca\/","name":"Safety Source Fire","description":"","publisher":{"@id":"https:\/\/safetysourcefire.ca\/#organization"},"potentialAction":[{"@type":"SearchAction","target":{"@type":"EntryPoint","urlTemplate":"https:\/\/safetysourcefire.ca\/?s={search_term_string}"},"query-input":{"@type":"PropertyValueSpecification","valueRequired":true,"valueName":"search_term_string"}}],"inLanguage":"fr-CA"},{"@type":"Organization","@id":"https:\/\/safetysourcefire.ca\/#organization","name":"Safety Source Fire","url":"https:\/\/safetysourcefire.ca\/","logo":{"@type":"ImageObject","inLanguage":"fr-CA","@id":"https:\/\/safetysourcefire.ca\/#\/schema\/logo\/image\/","url":"https:\/\/safetysourcefire.ca\/wp-content\/uploads\/2021\/01\/SSF_logo_CC0000-3.png","contentUrl":"https:\/\/safetysourcefire.ca\/wp-content\/uploads\/2021\/01\/SSF_logo_CC0000-3.png","width":1107,"height":365,"caption":"Safety Source Fire"},"image":{"@id":"https:\/\/safetysourcefire.ca\/#\/schema\/logo\/image\/"},"sameAs":["https:\/\/www.facebook.com\/mmfssca","https:\/\/x.com\/mmfssca"]}]}},"_links":{"self":[{"href":"https:\/\/safetysourcefire.ca\/fr\/wp-json\/wp\/v2\/product\/20101","targetHints":{"allow":["GET"]}}],"collection":[{"href":"https:\/\/safetysourcefire.ca\/fr\/wp-json\/wp\/v2\/product"}],"about":[{"href":"https:\/\/safetysourcefire.ca\/fr\/wp-json\/wp\/v2\/types\/product"}],"wp:featuredmedia":[{"embeddable":true,"href":"https:\/\/safetysourcefire.ca\/fr\/wp-json\/wp\/v2\/media\/20106"}],"wp:attachment":[{"href":"https:\/\/safetysourcefire.ca\/fr\/wp-json\/wp\/v2\/media?parent=20101"}],"wp:term":[{"taxonomy":"product_brand","embeddable":true,"href":"https:\/\/safetysourcefire.ca\/fr\/wp-json\/wp\/v2\/product_brand?post=20101"},{"taxonomy":"product_cat","embeddable":true,"href":"https:\/\/safetysourcefire.ca\/fr\/wp-json\/wp\/v2\/product_cat?post=20101"},{"taxonomy":"product_tag","embeddable":true,"href":"https:\/\/safetysourcefire.ca\/fr\/wp-json\/wp\/v2\/product_tag?post=20101"}],"curies":[{"name":"wp","href":"https:\/\/api.w.org\/{rel}","templated":true}]}}