{"id":20103,"date":"2020-04-22T13:50:46","date_gmt":"2020-04-22T13:50:46","guid":{"rendered":"https:\/\/mmfss.ca\/?post_type=product&#038;p=20103"},"modified":"2020-04-22T16:06:19","modified_gmt":"2020-04-22T16:06:19","slug":"sems-ii-wireless-scba-telemetry","status":"publish","type":"product","link":"https:\/\/safetysourcefire.ca\/fr\/produit\/sems-ii-wireless-scba-telemetry\/","title":{"rendered":"Syst\u00e8me de t\u00e9l\u00e9m\u00e9trie SCBA sans fil SEMS II"},"content":{"rendered":"<p>S'appuyant sur un r\u00e9seau maill\u00e9 brevet\u00e9, SEMS II permet une connexion robuste dans les structures commerciales et r\u00e9sidentielles. La t\u00e9l\u00e9m\u00e9trie SCBA est transmise \u00e0 la station de base et peut \u00eatre affich\u00e9e dans l'application logicielle de t\u00e9l\u00e9m\u00e9trie Monitor, ce qui donne au commandant de l'incident une meilleure vue d'ensemble de la situation.<\/p>\n<p>SEMS II Pro permet une communication vitale entre les intervenants et le commandant d'incident en incorporant une fonction PAR \u00e9lectronique, \u00e9galement appel\u00e9e ePAR. En utilisant la fonction ePAR, le commandant d'incident peut v\u00e9rifier l'\u00e9tat PAR d'un pompier sans avoir besoin de diffuser sur le r\u00e9seau radio. D'un simple appui sur un bouton de la console SCBA PASS, le pompier renvoie un accus\u00e9 de r\u00e9ception. En r\u00e9duisant le trafic radio excessif et en s'appuyant sur la transmission de donn\u00e9es via le syst\u00e8me de t\u00e9l\u00e9m\u00e9trie sans fil SEMS II, la s\u00e9curit\u00e9 des intervenants est est pr\u00e9serv\u00e9e, tout gardant la radio pour les communications qui la n\u00e9c\u00e9ssitent vraiment.<\/p>\n<ul class=\"product-features\">\n<li>R\u00e9seau maill\u00e9 brevet\u00e9 et auto-r\u00e9parateur<\/li>\n<li>Communication bidirectionnelle des alarmes et des confirmations entre le r\u00e9pondant et le commandant d'incident<\/li>\n<li>Syst\u00e8me de t\u00e9l\u00e9m\u00e9trie SCBA en temps r\u00e9el fournissant le niveau d&#039;air, l&#039;alarme PASS et l&#039;\u00e9tat d&#039;\u00e9vacuation<\/li>\n<li>Approuv\u00e9 en tant que dispositif PASS communicant RF NFPA 1982, \u00e9dition 2018 lorsqu&#039;il est utilis\u00e9 avec la solution logicielle de t\u00e9l\u00e9m\u00e9trie Monitor<\/li>\n<li>Notifications d&#039;alerte \u00e0 haut d\u00e9bit et \u00e0 d\u00e9bit nul lorsqu&#039;elles sont utilis\u00e9es avec la solution logicielle de t\u00e9l\u00e9m\u00e9trie Monitor<\/li>\n<li>PAR \u00e9lectronique pour une meilleure reddition de comptes (SEMS II Pro uniquement)<\/li>\n<li>Alarme d&#039;int\u00e9grit\u00e9 du syst\u00e8me (SEMS II Pro uniquement)<\/li>\n<\/ul>","protected":false},"excerpt":{"rendered":"<p>Le syst\u00e8me de t\u00e9l\u00e9m\u00e9trie SCBA sans fil SEMS II permet une communication soutenue entre les intervenants de terrain et le commandant de l'incident.<\/p>","protected":false},"featured_media":20104,"template":"","meta":[],"product_brand":[157],"product_cat":[45,58],"product_tag":[454],"class_list":{"0":"post-20103","1":"product","2":"type-product","3":"status-publish","4":"has-post-thumbnail","6":"product_brand-3m-scott","7":"product_cat-respiratory","8":"product_cat-accessories-scba","9":"product_tag-3m-scott-safety","11":"first","12":"instock","13":"shipping-taxable","14":"product-type-simple"},"yoast_head":"<!-- This site is optimized with the Yoast SEO plugin v27.4 - https:\/\/yoast.com\/product\/yoast-seo-wordpress\/ -->\n<title>SEMS II Wireless SCBA Telemetry - Safety Source Fire<\/title>\n<meta name=\"robots\" content=\"index, follow, max-snippet:-1, max-image-preview:large, max-video-preview:-1\" \/>\n<link rel=\"canonical\" href=\"https:\/\/safetysourcefire.ca\/fr\/produit\/sems-ii-wireless-scba-telemetry\/\" \/>\n<meta property=\"og:locale\" content=\"fr_CA\" \/>\n<meta property=\"og:type\" content=\"article\" \/>\n<meta property=\"og:title\" content=\"SEMS II Wireless SCBA Telemetry - Safety Source Fire\" \/>\n<meta property=\"og:description\" content=\"The SEMS II wireless SCBA telemetry system enables vital communication between responders and incident command.\" \/>\n<meta property=\"og:url\" content=\"https:\/\/safetysourcefire.ca\/fr\/produit\/sems-ii-wireless-scba-telemetry\/\" \/>\n<meta property=\"og:site_name\" content=\"Safety Source Fire\" \/>\n<meta property=\"article:publisher\" content=\"https:\/\/www.facebook.com\/mmfssca\" \/>\n<meta property=\"article:modified_time\" content=\"2020-04-22T16:06:19+00:00\" \/>\n<meta property=\"og:image\" content=\"https:\/\/safetysourcefire.ca\/wp-content\/uploads\/2020\/04\/X3-SEMS-II_Full-Alarm.jpg\" \/>\n\t<meta property=\"og:image:width\" content=\"600\" \/>\n\t<meta property=\"og:image:height\" content=\"600\" \/>\n\t<meta property=\"og:image:type\" content=\"image\/jpeg\" \/>\n<meta name=\"twitter:card\" content=\"summary_large_image\" \/>\n<meta name=\"twitter:site\" content=\"@mmfssca\" \/>\n<meta name=\"twitter:label1\" content=\"Estimation du temps de lecture\" \/>\n\t<meta name=\"twitter:data1\" content=\"1 minute\" \/>\n<script type=\"application\/ld+json\" class=\"yoast-schema-graph\">{\"@context\":\"https:\\\/\\\/schema.org\",\"@graph\":[{\"@type\":\"WebPage\",\"@id\":\"https:\\\/\\\/safetysourcefire.ca\\\/product\\\/sems-ii-wireless-scba-telemetry\\\/\",\"url\":\"https:\\\/\\\/safetysourcefire.ca\\\/product\\\/sems-ii-wireless-scba-telemetry\\\/\",\"name\":\"SEMS II Wireless SCBA Telemetry - Safety Source Fire\",\"isPartOf\":{\"@id\":\"https:\\\/\\\/safetysourcefire.ca\\\/#website\"},\"primaryImageOfPage\":{\"@id\":\"https:\\\/\\\/safetysourcefire.ca\\\/product\\\/sems-ii-wireless-scba-telemetry\\\/#primaryimage\"},\"image\":{\"@id\":\"https:\\\/\\\/safetysourcefire.ca\\\/product\\\/sems-ii-wireless-scba-telemetry\\\/#primaryimage\"},\"thumbnailUrl\":\"https:\\\/\\\/safetysourcefire.ca\\\/wp-content\\\/uploads\\\/2020\\\/04\\\/X3-SEMS-II_Full-Alarm.jpg\",\"datePublished\":\"2020-04-22T13:50:46+00:00\",\"dateModified\":\"2020-04-22T16:06:19+00:00\",\"breadcrumb\":{\"@id\":\"https:\\\/\\\/safetysourcefire.ca\\\/product\\\/sems-ii-wireless-scba-telemetry\\\/#breadcrumb\"},\"inLanguage\":\"fr-CA\",\"potentialAction\":[{\"@type\":\"ReadAction\",\"target\":[\"https:\\\/\\\/safetysourcefire.ca\\\/product\\\/sems-ii-wireless-scba-telemetry\\\/\"]}]},{\"@type\":\"ImageObject\",\"inLanguage\":\"fr-CA\",\"@id\":\"https:\\\/\\\/safetysourcefire.ca\\\/product\\\/sems-ii-wireless-scba-telemetry\\\/#primaryimage\",\"url\":\"https:\\\/\\\/safetysourcefire.ca\\\/wp-content\\\/uploads\\\/2020\\\/04\\\/X3-SEMS-II_Full-Alarm.jpg\",\"contentUrl\":\"https:\\\/\\\/safetysourcefire.ca\\\/wp-content\\\/uploads\\\/2020\\\/04\\\/X3-SEMS-II_Full-Alarm.jpg\",\"width\":600,\"height\":600,\"caption\":\"fob\"},{\"@type\":\"BreadcrumbList\",\"@id\":\"https:\\\/\\\/safetysourcefire.ca\\\/product\\\/sems-ii-wireless-scba-telemetry\\\/#breadcrumb\",\"itemListElement\":[{\"@type\":\"ListItem\",\"position\":1,\"name\":\"Home\",\"item\":\"https:\\\/\\\/safetysourcefire.ca\\\/\"},{\"@type\":\"ListItem\",\"position\":2,\"name\":\"Products\",\"item\":\"https:\\\/\\\/safetysourcefire.ca\\\/shop\\\/\"},{\"@type\":\"ListItem\",\"position\":3,\"name\":\"SEMS II Wireless SCBA Telemetry\"}]},{\"@type\":\"WebSite\",\"@id\":\"https:\\\/\\\/safetysourcefire.ca\\\/#website\",\"url\":\"https:\\\/\\\/safetysourcefire.ca\\\/\",\"name\":\"Safety Source Fire\",\"description\":\"\",\"publisher\":{\"@id\":\"https:\\\/\\\/safetysourcefire.ca\\\/#organization\"},\"potentialAction\":[{\"@type\":\"SearchAction\",\"target\":{\"@type\":\"EntryPoint\",\"urlTemplate\":\"https:\\\/\\\/safetysourcefire.ca\\\/?s={search_term_string}\"},\"query-input\":{\"@type\":\"PropertyValueSpecification\",\"valueRequired\":true,\"valueName\":\"search_term_string\"}}],\"inLanguage\":\"fr-CA\"},{\"@type\":\"Organization\",\"@id\":\"https:\\\/\\\/safetysourcefire.ca\\\/#organization\",\"name\":\"Safety Source Fire\",\"url\":\"https:\\\/\\\/safetysourcefire.ca\\\/\",\"logo\":{\"@type\":\"ImageObject\",\"inLanguage\":\"fr-CA\",\"@id\":\"https:\\\/\\\/safetysourcefire.ca\\\/#\\\/schema\\\/logo\\\/image\\\/\",\"url\":\"https:\\\/\\\/safetysourcefire.ca\\\/wp-content\\\/uploads\\\/2021\\\/01\\\/SSF_logo_CC0000-3.png\",\"contentUrl\":\"https:\\\/\\\/safetysourcefire.ca\\\/wp-content\\\/uploads\\\/2021\\\/01\\\/SSF_logo_CC0000-3.png\",\"width\":1107,\"height\":365,\"caption\":\"Safety Source Fire\"},\"image\":{\"@id\":\"https:\\\/\\\/safetysourcefire.ca\\\/#\\\/schema\\\/logo\\\/image\\\/\"},\"sameAs\":[\"https:\\\/\\\/www.facebook.com\\\/mmfssca\",\"https:\\\/\\\/x.com\\\/mmfssca\"]}]}<\/script>\n<!-- \/ Yoast SEO plugin. -->","yoast_head_json":{"title":"T\u00e9l\u00e9m\u00e9trie sans fil SEMS II pour ARI - Source de s\u00e9curit\u00e9 incendie","robots":{"index":"index","follow":"follow","max-snippet":"max-snippet:-1","max-image-preview":"max-image-preview:large","max-video-preview":"max-video-preview:-1"},"canonical":"https:\/\/safetysourcefire.ca\/fr\/produit\/sems-ii-wireless-scba-telemetry\/","og_locale":"fr_CA","og_type":"article","og_title":"SEMS II Wireless SCBA Telemetry - Safety Source Fire","og_description":"The SEMS II wireless SCBA telemetry system enables vital communication between responders and incident command.","og_url":"https:\/\/safetysourcefire.ca\/fr\/produit\/sems-ii-wireless-scba-telemetry\/","og_site_name":"Safety Source Fire","article_publisher":"https:\/\/www.facebook.com\/mmfssca","article_modified_time":"2020-04-22T16:06:19+00:00","og_image":[{"width":600,"height":600,"url":"https:\/\/safetysourcefire.ca\/wp-content\/uploads\/2020\/04\/X3-SEMS-II_Full-Alarm.jpg","type":"image\/jpeg"}],"twitter_card":"summary_large_image","twitter_site":"@mmfssca","twitter_misc":{"Estimation du temps de lecture":"1 minute"},"schema":{"@context":"https:\/\/schema.org","@graph":[{"@type":"WebPage","@id":"https:\/\/safetysourcefire.ca\/product\/sems-ii-wireless-scba-telemetry\/","url":"https:\/\/safetysourcefire.ca\/product\/sems-ii-wireless-scba-telemetry\/","name":"T\u00e9l\u00e9m\u00e9trie sans fil SEMS II pour ARI - Source de s\u00e9curit\u00e9 incendie","isPartOf":{"@id":"https:\/\/safetysourcefire.ca\/#website"},"primaryImageOfPage":{"@id":"https:\/\/safetysourcefire.ca\/product\/sems-ii-wireless-scba-telemetry\/#primaryimage"},"image":{"@id":"https:\/\/safetysourcefire.ca\/product\/sems-ii-wireless-scba-telemetry\/#primaryimage"},"thumbnailUrl":"https:\/\/safetysourcefire.ca\/wp-content\/uploads\/2020\/04\/X3-SEMS-II_Full-Alarm.jpg","datePublished":"2020-04-22T13:50:46+00:00","dateModified":"2020-04-22T16:06:19+00:00","breadcrumb":{"@id":"https:\/\/safetysourcefire.ca\/product\/sems-ii-wireless-scba-telemetry\/#breadcrumb"},"inLanguage":"fr-CA","potentialAction":[{"@type":"ReadAction","target":["https:\/\/safetysourcefire.ca\/product\/sems-ii-wireless-scba-telemetry\/"]}]},{"@type":"ImageObject","inLanguage":"fr-CA","@id":"https:\/\/safetysourcefire.ca\/product\/sems-ii-wireless-scba-telemetry\/#primaryimage","url":"https:\/\/safetysourcefire.ca\/wp-content\/uploads\/2020\/04\/X3-SEMS-II_Full-Alarm.jpg","contentUrl":"https:\/\/safetysourcefire.ca\/wp-content\/uploads\/2020\/04\/X3-SEMS-II_Full-Alarm.jpg","width":600,"height":600,"caption":"fob"},{"@type":"BreadcrumbList","@id":"https:\/\/safetysourcefire.ca\/product\/sems-ii-wireless-scba-telemetry\/#breadcrumb","itemListElement":[{"@type":"ListItem","position":1,"name":"Home","item":"https:\/\/safetysourcefire.ca\/"},{"@type":"ListItem","position":2,"name":"Products","item":"https:\/\/safetysourcefire.ca\/shop\/"},{"@type":"ListItem","position":3,"name":"SEMS II Wireless SCBA Telemetry"}]},{"@type":"WebSite","@id":"https:\/\/safetysourcefire.ca\/#website","url":"https:\/\/safetysourcefire.ca\/","name":"Safety Source Fire","description":"","publisher":{"@id":"https:\/\/safetysourcefire.ca\/#organization"},"potentialAction":[{"@type":"SearchAction","target":{"@type":"EntryPoint","urlTemplate":"https:\/\/safetysourcefire.ca\/?s={search_term_string}"},"query-input":{"@type":"PropertyValueSpecification","valueRequired":true,"valueName":"search_term_string"}}],"inLanguage":"fr-CA"},{"@type":"Organization","@id":"https:\/\/safetysourcefire.ca\/#organization","name":"Safety Source Fire","url":"https:\/\/safetysourcefire.ca\/","logo":{"@type":"ImageObject","inLanguage":"fr-CA","@id":"https:\/\/safetysourcefire.ca\/#\/schema\/logo\/image\/","url":"https:\/\/safetysourcefire.ca\/wp-content\/uploads\/2021\/01\/SSF_logo_CC0000-3.png","contentUrl":"https:\/\/safetysourcefire.ca\/wp-content\/uploads\/2021\/01\/SSF_logo_CC0000-3.png","width":1107,"height":365,"caption":"Safety Source Fire"},"image":{"@id":"https:\/\/safetysourcefire.ca\/#\/schema\/logo\/image\/"},"sameAs":["https:\/\/www.facebook.com\/mmfssca","https:\/\/x.com\/mmfssca"]}]}},"_links":{"self":[{"href":"https:\/\/safetysourcefire.ca\/fr\/wp-json\/wp\/v2\/product\/20103","targetHints":{"allow":["GET"]}}],"collection":[{"href":"https:\/\/safetysourcefire.ca\/fr\/wp-json\/wp\/v2\/product"}],"about":[{"href":"https:\/\/safetysourcefire.ca\/fr\/wp-json\/wp\/v2\/types\/product"}],"wp:featuredmedia":[{"embeddable":true,"href":"https:\/\/safetysourcefire.ca\/fr\/wp-json\/wp\/v2\/media\/20104"}],"wp:attachment":[{"href":"https:\/\/safetysourcefire.ca\/fr\/wp-json\/wp\/v2\/media?parent=20103"}],"wp:term":[{"taxonomy":"product_brand","embeddable":true,"href":"https:\/\/safetysourcefire.ca\/fr\/wp-json\/wp\/v2\/product_brand?post=20103"},{"taxonomy":"product_cat","embeddable":true,"href":"https:\/\/safetysourcefire.ca\/fr\/wp-json\/wp\/v2\/product_cat?post=20103"},{"taxonomy":"product_tag","embeddable":true,"href":"https:\/\/safetysourcefire.ca\/fr\/wp-json\/wp\/v2\/product_tag?post=20103"}],"curies":[{"name":"wp","href":"https:\/\/api.w.org\/{rel}","templated":true}]}}