{"id":20107,"date":"2020-04-22T14:06:43","date_gmt":"2020-04-22T14:06:43","guid":{"rendered":"https:\/\/mmfss.ca\/?post_type=product&#038;p=20107"},"modified":"2026-03-27T17:55:33","modified_gmt":"2026-03-27T17:55:33","slug":"v320-thermal-imager","status":"publish","type":"product","link":"https:\/\/safetysourcefire.ca\/fr\/produit\/v320-thermal-imager\/","title":{"rendered":"Cam\u00e9ra thermique V320"},"content":{"rendered":"<p>Pour oeuvrer dans ces conditions sans compromettre leur s\u00e9curit\u00e9, les pompiers doivent avoir une compr\u00e9hension compl\u00e8te de l'environnement. Le V320, dot\u00e9 d'un capteur 320 \u00d7 240 et \u00e9quip\u00e9 d'une batterie \u00e0 dur\u00e9e de vie prolong\u00e9e. Il fournit aux pompiers des informations essentielles \u00e0 la mission, ce qui leur permet de prendre de meilleures d\u00e9cisions malgr\u00e9 les conditions extr\u00eames.<\/p>\n<ul class=\"product-features\">\n<li>Capteur haute r\u00e9solution 320 \u00d7 240 - Fournit des images claires qui permettent aux pompiers de naviguer dans des conditions de visibilit\u00e9 limit\u00e9e.<\/li>\n<li>Dur\u00e9e de vie prolong\u00e9e de la batterie - Jusqu&#039;\u00e0 huit heures d&#039;autonomie avec une batterie rechargeable amovible.<\/li>\n<li>Un seul bouton (ON\/OFF) pour utilisation facile. Aucun menu requis.<\/li>\n<li>\u00c9cran \u00e0 contraste \u00e9lev\u00e9 de 3,5 pouces - Garantit que l&#039;image sur l&#039;\u00e9cran peut \u00eatre vue dans plusieurs conditions d&#039;\u00e9clairage.<\/li>\n<li>Temps de d\u00e9marrage rapide - Pr\u00eat \u00e0 l&#039;emploi dans les cinq secondes suivant l&#039;activation du bouton d&#039;alimentation, sans utiliser de mode veille\u00a0!<\/li>\n<li>Conception l\u00e9g\u00e8re et durable - Con\u00e7ue pour r\u00e9sister \u00e0 des conditions extr\u00eames.<\/li>\n<li>Ergonomique - Con\u00e7u et \u00e9quilibr\u00e9 pour permettre une utilisation par main gant\u00e9e.<\/li>\n<\/ul>\n<p>T\u00e9l\u00e9charger la <a href=\"https:\/\/safetysourcefire.ca\/wp-content\/uploads\/2020\/04\/HS7671-EN_V320_Brochure_4pFinal.pdf\">Brochure V320<\/a><\/p>\n<p>&nbsp;<\/p>","protected":false},"excerpt":{"rendered":"<p>Les pompiers d'aujourd'hui op\u00e8rent dans des conditions extr\u00eames, o\u00f9 les temp\u00e9ratures peuvent augmenter rapidement et o\u00f9 la visibilit\u00e9 peut se g\u00e2cher en quelques secondes.<\/p>","protected":false},"featured_media":20108,"template":"","meta":[],"product_brand":[157],"product_cat":[51,134],"product_tag":[454],"class_list":{"0":"post-20107","1":"product","2":"type-product","3":"status-publish","4":"has-post-thumbnail","6":"product_brand-3m-scott","7":"product_cat-rescue","8":"product_cat-thermal-imaging","9":"product_tag-3m-scott-safety","11":"first","12":"instock","13":"shipping-taxable","14":"product-type-simple"},"yoast_head":"<!-- This site is optimized with the Yoast SEO plugin v27.4 - https:\/\/yoast.com\/product\/yoast-seo-wordpress\/ -->\n<title>V320 Thermal Imager - Safety Source Fire<\/title>\n<meta name=\"robots\" content=\"index, follow, max-snippet:-1, max-image-preview:large, max-video-preview:-1\" \/>\n<link rel=\"canonical\" href=\"https:\/\/safetysourcefire.ca\/fr\/produit\/v320-thermal-imager\/\" \/>\n<meta property=\"og:locale\" content=\"fr_CA\" \/>\n<meta property=\"og:type\" content=\"article\" \/>\n<meta property=\"og:title\" content=\"V320 Thermal Imager - Safety Source Fire\" \/>\n<meta property=\"og:description\" content=\"Today\u2019s firefighters operate in extreme conditions, where temperatures are capable of rising faster and where visibility is reduced in seconds.\" \/>\n<meta property=\"og:url\" content=\"https:\/\/safetysourcefire.ca\/fr\/produit\/v320-thermal-imager\/\" \/>\n<meta property=\"og:site_name\" content=\"Safety Source Fire\" \/>\n<meta property=\"article:publisher\" content=\"https:\/\/www.facebook.com\/mmfssca\" \/>\n<meta property=\"article:modified_time\" content=\"2026-03-27T17:55:33+00:00\" \/>\n<meta property=\"og:image\" content=\"https:\/\/safetysourcefire.ca\/wp-content\/uploads\/2020\/04\/V320_Back_Angled-Left.jpg\" \/>\n\t<meta property=\"og:image:width\" content=\"600\" \/>\n\t<meta property=\"og:image:height\" content=\"600\" \/>\n\t<meta property=\"og:image:type\" content=\"image\/jpeg\" \/>\n<meta name=\"twitter:card\" content=\"summary_large_image\" \/>\n<meta name=\"twitter:site\" content=\"@mmfssca\" \/>\n<meta name=\"twitter:label1\" content=\"Estimation du temps de lecture\" \/>\n\t<meta name=\"twitter:data1\" content=\"1 minute\" \/>\n<script type=\"application\/ld+json\" class=\"yoast-schema-graph\">{\"@context\":\"https:\\\/\\\/schema.org\",\"@graph\":[{\"@type\":\"WebPage\",\"@id\":\"https:\\\/\\\/safetysourcefire.ca\\\/product\\\/v320-thermal-imager\\\/\",\"url\":\"https:\\\/\\\/safetysourcefire.ca\\\/product\\\/v320-thermal-imager\\\/\",\"name\":\"V320 Thermal Imager - Safety Source Fire\",\"isPartOf\":{\"@id\":\"https:\\\/\\\/safetysourcefire.ca\\\/#website\"},\"primaryImageOfPage\":{\"@id\":\"https:\\\/\\\/safetysourcefire.ca\\\/product\\\/v320-thermal-imager\\\/#primaryimage\"},\"image\":{\"@id\":\"https:\\\/\\\/safetysourcefire.ca\\\/product\\\/v320-thermal-imager\\\/#primaryimage\"},\"thumbnailUrl\":\"https:\\\/\\\/safetysourcefire.ca\\\/wp-content\\\/uploads\\\/2020\\\/04\\\/V320_Back_Angled-Left.jpg\",\"datePublished\":\"2020-04-22T14:06:43+00:00\",\"dateModified\":\"2026-03-27T17:55:33+00:00\",\"breadcrumb\":{\"@id\":\"https:\\\/\\\/safetysourcefire.ca\\\/product\\\/v320-thermal-imager\\\/#breadcrumb\"},\"inLanguage\":\"fr-CA\",\"potentialAction\":[{\"@type\":\"ReadAction\",\"target\":[\"https:\\\/\\\/safetysourcefire.ca\\\/product\\\/v320-thermal-imager\\\/\"]}]},{\"@type\":\"ImageObject\",\"inLanguage\":\"fr-CA\",\"@id\":\"https:\\\/\\\/safetysourcefire.ca\\\/product\\\/v320-thermal-imager\\\/#primaryimage\",\"url\":\"https:\\\/\\\/safetysourcefire.ca\\\/wp-content\\\/uploads\\\/2020\\\/04\\\/V320_Back_Angled-Left.jpg\",\"contentUrl\":\"https:\\\/\\\/safetysourcefire.ca\\\/wp-content\\\/uploads\\\/2020\\\/04\\\/V320_Back_Angled-Left.jpg\",\"width\":600,\"height\":600,\"caption\":\"thermal imager\"},{\"@type\":\"BreadcrumbList\",\"@id\":\"https:\\\/\\\/safetysourcefire.ca\\\/product\\\/v320-thermal-imager\\\/#breadcrumb\",\"itemListElement\":[{\"@type\":\"ListItem\",\"position\":1,\"name\":\"Home\",\"item\":\"https:\\\/\\\/safetysourcefire.ca\\\/\"},{\"@type\":\"ListItem\",\"position\":2,\"name\":\"Products\",\"item\":\"https:\\\/\\\/safetysourcefire.ca\\\/shop\\\/\"},{\"@type\":\"ListItem\",\"position\":3,\"name\":\"V320 Thermal Imager\"}]},{\"@type\":\"WebSite\",\"@id\":\"https:\\\/\\\/safetysourcefire.ca\\\/#website\",\"url\":\"https:\\\/\\\/safetysourcefire.ca\\\/\",\"name\":\"Safety Source Fire\",\"description\":\"\",\"publisher\":{\"@id\":\"https:\\\/\\\/safetysourcefire.ca\\\/#organization\"},\"potentialAction\":[{\"@type\":\"SearchAction\",\"target\":{\"@type\":\"EntryPoint\",\"urlTemplate\":\"https:\\\/\\\/safetysourcefire.ca\\\/?s={search_term_string}\"},\"query-input\":{\"@type\":\"PropertyValueSpecification\",\"valueRequired\":true,\"valueName\":\"search_term_string\"}}],\"inLanguage\":\"fr-CA\"},{\"@type\":\"Organization\",\"@id\":\"https:\\\/\\\/safetysourcefire.ca\\\/#organization\",\"name\":\"Safety Source Fire\",\"url\":\"https:\\\/\\\/safetysourcefire.ca\\\/\",\"logo\":{\"@type\":\"ImageObject\",\"inLanguage\":\"fr-CA\",\"@id\":\"https:\\\/\\\/safetysourcefire.ca\\\/#\\\/schema\\\/logo\\\/image\\\/\",\"url\":\"https:\\\/\\\/safetysourcefire.ca\\\/wp-content\\\/uploads\\\/2021\\\/01\\\/SSF_logo_CC0000-3.png\",\"contentUrl\":\"https:\\\/\\\/safetysourcefire.ca\\\/wp-content\\\/uploads\\\/2021\\\/01\\\/SSF_logo_CC0000-3.png\",\"width\":1107,\"height\":365,\"caption\":\"Safety Source Fire\"},\"image\":{\"@id\":\"https:\\\/\\\/safetysourcefire.ca\\\/#\\\/schema\\\/logo\\\/image\\\/\"},\"sameAs\":[\"https:\\\/\\\/www.facebook.com\\\/mmfssca\",\"https:\\\/\\\/x.com\\\/mmfssca\"]}]}<\/script>\n<!-- \/ Yoast SEO plugin. -->","yoast_head_json":{"title":"Imageur thermique V320 - Incendie de source de s\u00e9curit\u00e9","robots":{"index":"index","follow":"follow","max-snippet":"max-snippet:-1","max-image-preview":"max-image-preview:large","max-video-preview":"max-video-preview:-1"},"canonical":"https:\/\/safetysourcefire.ca\/fr\/produit\/v320-thermal-imager\/","og_locale":"fr_CA","og_type":"article","og_title":"V320 Thermal Imager - Safety Source Fire","og_description":"Today\u2019s firefighters operate in extreme conditions, where temperatures are capable of rising faster and where visibility is reduced in seconds.","og_url":"https:\/\/safetysourcefire.ca\/fr\/produit\/v320-thermal-imager\/","og_site_name":"Safety Source Fire","article_publisher":"https:\/\/www.facebook.com\/mmfssca","article_modified_time":"2026-03-27T17:55:33+00:00","og_image":[{"width":600,"height":600,"url":"https:\/\/safetysourcefire.ca\/wp-content\/uploads\/2020\/04\/V320_Back_Angled-Left.jpg","type":"image\/jpeg"}],"twitter_card":"summary_large_image","twitter_site":"@mmfssca","twitter_misc":{"Estimation du temps de lecture":"1 minute"},"schema":{"@context":"https:\/\/schema.org","@graph":[{"@type":"WebPage","@id":"https:\/\/safetysourcefire.ca\/product\/v320-thermal-imager\/","url":"https:\/\/safetysourcefire.ca\/product\/v320-thermal-imager\/","name":"Imageur thermique V320 - Incendie de source de s\u00e9curit\u00e9","isPartOf":{"@id":"https:\/\/safetysourcefire.ca\/#website"},"primaryImageOfPage":{"@id":"https:\/\/safetysourcefire.ca\/product\/v320-thermal-imager\/#primaryimage"},"image":{"@id":"https:\/\/safetysourcefire.ca\/product\/v320-thermal-imager\/#primaryimage"},"thumbnailUrl":"https:\/\/safetysourcefire.ca\/wp-content\/uploads\/2020\/04\/V320_Back_Angled-Left.jpg","datePublished":"2020-04-22T14:06:43+00:00","dateModified":"2026-03-27T17:55:33+00:00","breadcrumb":{"@id":"https:\/\/safetysourcefire.ca\/product\/v320-thermal-imager\/#breadcrumb"},"inLanguage":"fr-CA","potentialAction":[{"@type":"ReadAction","target":["https:\/\/safetysourcefire.ca\/product\/v320-thermal-imager\/"]}]},{"@type":"ImageObject","inLanguage":"fr-CA","@id":"https:\/\/safetysourcefire.ca\/product\/v320-thermal-imager\/#primaryimage","url":"https:\/\/safetysourcefire.ca\/wp-content\/uploads\/2020\/04\/V320_Back_Angled-Left.jpg","contentUrl":"https:\/\/safetysourcefire.ca\/wp-content\/uploads\/2020\/04\/V320_Back_Angled-Left.jpg","width":600,"height":600,"caption":"thermal imager"},{"@type":"BreadcrumbList","@id":"https:\/\/safetysourcefire.ca\/product\/v320-thermal-imager\/#breadcrumb","itemListElement":[{"@type":"ListItem","position":1,"name":"Home","item":"https:\/\/safetysourcefire.ca\/"},{"@type":"ListItem","position":2,"name":"Products","item":"https:\/\/safetysourcefire.ca\/shop\/"},{"@type":"ListItem","position":3,"name":"V320 Thermal Imager"}]},{"@type":"WebSite","@id":"https:\/\/safetysourcefire.ca\/#website","url":"https:\/\/safetysourcefire.ca\/","name":"Safety Source Fire","description":"","publisher":{"@id":"https:\/\/safetysourcefire.ca\/#organization"},"potentialAction":[{"@type":"SearchAction","target":{"@type":"EntryPoint","urlTemplate":"https:\/\/safetysourcefire.ca\/?s={search_term_string}"},"query-input":{"@type":"PropertyValueSpecification","valueRequired":true,"valueName":"search_term_string"}}],"inLanguage":"fr-CA"},{"@type":"Organization","@id":"https:\/\/safetysourcefire.ca\/#organization","name":"Safety Source Fire","url":"https:\/\/safetysourcefire.ca\/","logo":{"@type":"ImageObject","inLanguage":"fr-CA","@id":"https:\/\/safetysourcefire.ca\/#\/schema\/logo\/image\/","url":"https:\/\/safetysourcefire.ca\/wp-content\/uploads\/2021\/01\/SSF_logo_CC0000-3.png","contentUrl":"https:\/\/safetysourcefire.ca\/wp-content\/uploads\/2021\/01\/SSF_logo_CC0000-3.png","width":1107,"height":365,"caption":"Safety Source Fire"},"image":{"@id":"https:\/\/safetysourcefire.ca\/#\/schema\/logo\/image\/"},"sameAs":["https:\/\/www.facebook.com\/mmfssca","https:\/\/x.com\/mmfssca"]}]}},"_links":{"self":[{"href":"https:\/\/safetysourcefire.ca\/fr\/wp-json\/wp\/v2\/product\/20107","targetHints":{"allow":["GET"]}}],"collection":[{"href":"https:\/\/safetysourcefire.ca\/fr\/wp-json\/wp\/v2\/product"}],"about":[{"href":"https:\/\/safetysourcefire.ca\/fr\/wp-json\/wp\/v2\/types\/product"}],"wp:featuredmedia":[{"embeddable":true,"href":"https:\/\/safetysourcefire.ca\/fr\/wp-json\/wp\/v2\/media\/20108"}],"wp:attachment":[{"href":"https:\/\/safetysourcefire.ca\/fr\/wp-json\/wp\/v2\/media?parent=20107"}],"wp:term":[{"taxonomy":"product_brand","embeddable":true,"href":"https:\/\/safetysourcefire.ca\/fr\/wp-json\/wp\/v2\/product_brand?post=20107"},{"taxonomy":"product_cat","embeddable":true,"href":"https:\/\/safetysourcefire.ca\/fr\/wp-json\/wp\/v2\/product_cat?post=20107"},{"taxonomy":"product_tag","embeddable":true,"href":"https:\/\/safetysourcefire.ca\/fr\/wp-json\/wp\/v2\/product_tag?post=20107"}],"curies":[{"name":"wp","href":"https:\/\/api.w.org\/{rel}","templated":true}]}}