{"id":20111,"date":"2020-04-22T14:33:10","date_gmt":"2020-04-22T14:33:10","guid":{"rendered":"https:\/\/mmfss.ca\/?post_type=product&#038;p=20111"},"modified":"2020-04-27T21:22:04","modified_gmt":"2020-04-27T21:22:04","slug":"sho-flow-1","status":"publish","type":"product","link":"https:\/\/safetysourcefire.ca\/fr\/produit\/sho-flow-1\/","title":{"rendered":"SHO-FLOW 1- 1,5 \u2033 NPSHF X 1,5 \u2033 NPSHM"},"content":{"rendered":"<p>EFF-IFIF300<\/p>\n<p>50-300 GPM (200-1150 LPM)<\/p>\n<p>\u00c0 partir de 50 gpm (200 l\/min), la turbine g\u00e9n\u00e8re la puissance n\u00e9cessaire pour fournir une connexion BLUETOOTH\u00ae \u00e0 partir de n'importe quel appareil intelligent. Choisissez les unit\u00e9s que vous souhaitez afficher \u00e0 partir de votre appareil intelligent\u00a0; gpm, gps, l\/min ou l\/sec. Plage de d\u00e9bit complet 50 \u2013 300 gpm (0,8 \u2013 5 gps) (200 \u2013 1150 l\/min) (3,33 \u2013 19,16 l\/sec).<\/p>\n<p>T\u00e9l\u00e9charger la <a href=\"https:\/\/safetysourcefire.ca\/wp-content\/uploads\/2020\/04\/LIE-103_02.pdf\">Brochure SHO-FLOW\u00ae BLUETOOTH\u00ae S\u00c9RIE DE D\u00c9BITM\u00c8TRES<\/a><\/p>\n<p><strong>Caract\u00e9ristiques<\/strong><\/p>\n<div>\n<table class=\"productDetail_specifications\">\n<tbody>\n<tr>\n<td>Entr\u00e9e<\/td>\n<td>1.5\u2033 (38mm)<\/td>\n<\/tr>\n<tr>\n<td>Style de couplage d&#039;entr\u00e9e<\/td>\n<td>Bascule<\/td>\n<\/tr>\n<tr>\n<td>Raccord d&#039;entr\u00e9e pivotant<\/td>\n<td>Rigide<\/td>\n<\/tr>\n<tr>\n<td>Type de connexion d&#039;entr\u00e9e<\/td>\n<td>NPSH Femelle<\/td>\n<\/tr>\n<tr>\n<td>Sortie<\/td>\n<td>1.5\u2033 (38mm)<\/td>\n<\/tr>\n<tr>\n<td>Style de couplage de sortie<\/td>\n<td>Filets m\u00e2les<\/td>\n<\/tr>\n<tr>\n<td>Raccord de sortie pivotant<\/td>\n<td>Rigide<\/td>\n<\/tr>\n<tr>\n<td>Type de connexion de sortie<\/td>\n<td>NPSH m\u00e2le<\/td>\n<\/tr>\n<tr>\n<td>Plage de d\u00e9bit<\/td>\n<td>50 \u00e0 300 gal\/min<\/td>\n<\/tr>\n<tr>\n<td>Pression de fonctionnement maximale<\/td>\n<td>300 psi (21 bars)<\/td>\n<\/tr>\n<tr>\n<td>Taille de la voie navigable<\/td>\n<td>1.5\u2033 (38mm)<\/td>\n<\/tr>\n<tr>\n<td>Pr\u00e9cision<\/td>\n<td>+\/-2.5% pleine \u00e9chelle<\/td>\n<\/tr>\n<tr>\n<td>Poids<\/td>\n<td>2.65<\/td>\n<\/tr>\n<tr>\n<td>Communication sans fil<\/td>\n<td>Bluetooth version 4.1<\/td>\n<\/tr>\n<\/tbody>\n<\/table>\n<\/div>\n<p><iframe loading=\"lazy\" src=\"https:\/\/player.vimeo.com\/video\/335929818\" width=\"640\" height=\"360\" frameborder=\"0\" allowfullscreen=\"allowfullscreen\"><\/iframe><\/p>\n<p>&nbsp;<\/p>","protected":false},"excerpt":{"rendered":"<p>Le SHO-FLOW\u00ae BLUETOOTH\u00ae de TFT g\u00e9n\u00e8re sa propre puissance en utilisant une turbine \u00e0 eau sans obstruction et un redresseur de jet int\u00e9gr\u00e9 qui peut faire passer des d\u00e9bris ayant jusqu'\u00e0 1 po (25 mm) de diam\u00e8tre.<\/p>","protected":false},"featured_media":20113,"template":"","meta":[],"product_brand":[179],"product_cat":[44,64],"product_tag":[355,354],"class_list":{"0":"post-20111","1":"product","2":"type-product","3":"status-publish","4":"has-post-thumbnail","6":"product_brand-tft","7":"product_cat-fire-suppression","8":"product_cat-hardware-appliances-adapters","9":"product_tag-task-force-tips","10":"product_tag-tft","12":"first","13":"instock","14":"shipping-taxable","15":"product-type-simple"},"yoast_head":"<!-- This site is optimized with the Yoast SEO plugin v27.4 - https:\/\/yoast.com\/product\/yoast-seo-wordpress\/ -->\n<title>SHO-FLOW 1, 1.5&quot; NPSHF X 1.5&quot; NPSHM - Safety Source Fire<\/title>\n<meta name=\"robots\" content=\"index, follow, max-snippet:-1, max-image-preview:large, max-video-preview:-1\" \/>\n<link rel=\"canonical\" href=\"https:\/\/safetysourcefire.ca\/fr\/?product=sho-flow-1\" \/>\n<meta property=\"og:locale\" content=\"fr_CA\" \/>\n<meta property=\"og:type\" content=\"article\" \/>\n<meta property=\"og:title\" content=\"SHO-FLOW 1, 1.5&quot; NPSHF X 1.5&quot; NPSHM - Safety Source Fire\" \/>\n<meta property=\"og:description\" content=\"TFT&#039;s SHO-FLOW\u00ae BLUETOOTH\u00ae generates its own power using an unobstructed water-driven turbine, with a built-in stream straightener, that will pass debris up to 1&quot; (25mm) in diameter.\" \/>\n<meta property=\"og:url\" content=\"https:\/\/safetysourcefire.ca\/fr\/?product=sho-flow-1\" \/>\n<meta property=\"og:site_name\" content=\"Safety Source Fire\" \/>\n<meta property=\"article:publisher\" content=\"https:\/\/www.facebook.com\/mmfssca\" \/>\n<meta property=\"article:modified_time\" content=\"2020-04-27T21:22:04+00:00\" \/>\n<meta property=\"og:image\" content=\"https:\/\/safetysourcefire.ca\/wp-content\/uploads\/2020\/04\/EFF-IFIF300.jpg\" \/>\n\t<meta property=\"og:image:width\" content=\"600\" \/>\n\t<meta property=\"og:image:height\" content=\"600\" \/>\n\t<meta property=\"og:image:type\" content=\"image\/jpeg\" \/>\n<meta name=\"twitter:card\" content=\"summary_large_image\" \/>\n<meta name=\"twitter:site\" content=\"@mmfssca\" \/>\n<meta name=\"twitter:label1\" content=\"Estimation du temps de lecture\" \/>\n\t<meta name=\"twitter:data1\" content=\"1 minute\" \/>\n<script type=\"application\/ld+json\" class=\"yoast-schema-graph\">{\"@context\":\"https:\\\/\\\/schema.org\",\"@graph\":[{\"@type\":\"WebPage\",\"@id\":\"https:\\\/\\\/safetysourcefire.ca\\\/?product=sho-flow-1\",\"url\":\"https:\\\/\\\/safetysourcefire.ca\\\/?product=sho-flow-1\",\"name\":\"SHO-FLOW 1, 1.5\\\" NPSHF X 1.5\\\" NPSHM - Safety Source Fire\",\"isPartOf\":{\"@id\":\"https:\\\/\\\/safetysourcefire.ca\\\/#website\"},\"primaryImageOfPage\":{\"@id\":\"https:\\\/\\\/safetysourcefire.ca\\\/?product=sho-flow-1#primaryimage\"},\"image\":{\"@id\":\"https:\\\/\\\/safetysourcefire.ca\\\/?product=sho-flow-1#primaryimage\"},\"thumbnailUrl\":\"https:\\\/\\\/safetysourcefire.ca\\\/wp-content\\\/uploads\\\/2020\\\/04\\\/EFF-IFIF300.jpg\",\"datePublished\":\"2020-04-22T14:33:10+00:00\",\"dateModified\":\"2020-04-27T21:22:04+00:00\",\"breadcrumb\":{\"@id\":\"https:\\\/\\\/safetysourcefire.ca\\\/?product=sho-flow-1#breadcrumb\"},\"inLanguage\":\"fr-CA\",\"potentialAction\":[{\"@type\":\"ReadAction\",\"target\":[\"https:\\\/\\\/safetysourcefire.ca\\\/?product=sho-flow-1\"]}]},{\"@type\":\"ImageObject\",\"inLanguage\":\"fr-CA\",\"@id\":\"https:\\\/\\\/safetysourcefire.ca\\\/?product=sho-flow-1#primaryimage\",\"url\":\"https:\\\/\\\/safetysourcefire.ca\\\/wp-content\\\/uploads\\\/2020\\\/04\\\/EFF-IFIF300.jpg\",\"contentUrl\":\"https:\\\/\\\/safetysourcefire.ca\\\/wp-content\\\/uploads\\\/2020\\\/04\\\/EFF-IFIF300.jpg\",\"width\":600,\"height\":600,\"caption\":\"sho-flow\"},{\"@type\":\"BreadcrumbList\",\"@id\":\"https:\\\/\\\/safetysourcefire.ca\\\/?product=sho-flow-1#breadcrumb\",\"itemListElement\":[{\"@type\":\"ListItem\",\"position\":1,\"name\":\"Home\",\"item\":\"https:\\\/\\\/safetysourcefire.ca\\\/\"},{\"@type\":\"ListItem\",\"position\":2,\"name\":\"Products\",\"item\":\"https:\\\/\\\/safetysourcefire.ca\\\/shop\\\/\"},{\"@type\":\"ListItem\",\"position\":3,\"name\":\"SHO-FLOW 1, 1.5&#8243; NPSHF X 1.5&#8243; NPSHM\"}]},{\"@type\":\"WebSite\",\"@id\":\"https:\\\/\\\/safetysourcefire.ca\\\/#website\",\"url\":\"https:\\\/\\\/safetysourcefire.ca\\\/\",\"name\":\"Safety Source Fire\",\"description\":\"\",\"publisher\":{\"@id\":\"https:\\\/\\\/safetysourcefire.ca\\\/#organization\"},\"potentialAction\":[{\"@type\":\"SearchAction\",\"target\":{\"@type\":\"EntryPoint\",\"urlTemplate\":\"https:\\\/\\\/safetysourcefire.ca\\\/?s={search_term_string}\"},\"query-input\":{\"@type\":\"PropertyValueSpecification\",\"valueRequired\":true,\"valueName\":\"search_term_string\"}}],\"inLanguage\":\"fr-CA\"},{\"@type\":\"Organization\",\"@id\":\"https:\\\/\\\/safetysourcefire.ca\\\/#organization\",\"name\":\"Safety Source Fire\",\"url\":\"https:\\\/\\\/safetysourcefire.ca\\\/\",\"logo\":{\"@type\":\"ImageObject\",\"inLanguage\":\"fr-CA\",\"@id\":\"https:\\\/\\\/safetysourcefire.ca\\\/#\\\/schema\\\/logo\\\/image\\\/\",\"url\":\"https:\\\/\\\/safetysourcefire.ca\\\/wp-content\\\/uploads\\\/2021\\\/01\\\/SSF_logo_CC0000-3.png\",\"contentUrl\":\"https:\\\/\\\/safetysourcefire.ca\\\/wp-content\\\/uploads\\\/2021\\\/01\\\/SSF_logo_CC0000-3.png\",\"width\":1107,\"height\":365,\"caption\":\"Safety Source Fire\"},\"image\":{\"@id\":\"https:\\\/\\\/safetysourcefire.ca\\\/#\\\/schema\\\/logo\\\/image\\\/\"},\"sameAs\":[\"https:\\\/\\\/www.facebook.com\\\/mmfssca\",\"https:\\\/\\\/x.com\\\/mmfssca\"]}]}<\/script>\n<!-- \/ Yoast SEO plugin. -->","yoast_head_json":{"title":"SHO-FLOW 1, 1,5&quot; NPSHF x 1,5&quot; NPSHM - Source de s\u00e9curit\u00e9 incendie","robots":{"index":"index","follow":"follow","max-snippet":"max-snippet:-1","max-image-preview":"max-image-preview:large","max-video-preview":"max-video-preview:-1"},"canonical":"https:\/\/safetysourcefire.ca\/fr\/?product=sho-flow-1","og_locale":"fr_CA","og_type":"article","og_title":"SHO-FLOW 1, 1.5\" NPSHF X 1.5\" NPSHM - Safety Source Fire","og_description":"TFT's SHO-FLOW\u00ae BLUETOOTH\u00ae generates its own power using an unobstructed water-driven turbine, with a built-in stream straightener, that will pass debris up to 1\" (25mm) in diameter.","og_url":"https:\/\/safetysourcefire.ca\/fr\/?product=sho-flow-1","og_site_name":"Safety Source Fire","article_publisher":"https:\/\/www.facebook.com\/mmfssca","article_modified_time":"2020-04-27T21:22:04+00:00","og_image":[{"width":600,"height":600,"url":"https:\/\/safetysourcefire.ca\/wp-content\/uploads\/2020\/04\/EFF-IFIF300.jpg","type":"image\/jpeg"}],"twitter_card":"summary_large_image","twitter_site":"@mmfssca","twitter_misc":{"Estimation du temps de lecture":"1 minute"},"schema":{"@context":"https:\/\/schema.org","@graph":[{"@type":"WebPage","@id":"https:\/\/safetysourcefire.ca\/?product=sho-flow-1","url":"https:\/\/safetysourcefire.ca\/?product=sho-flow-1","name":"SHO-FLOW 1, 1,5&quot; NPSHF x 1,5&quot; NPSHM - Source de s\u00e9curit\u00e9 incendie","isPartOf":{"@id":"https:\/\/safetysourcefire.ca\/#website"},"primaryImageOfPage":{"@id":"https:\/\/safetysourcefire.ca\/?product=sho-flow-1#primaryimage"},"image":{"@id":"https:\/\/safetysourcefire.ca\/?product=sho-flow-1#primaryimage"},"thumbnailUrl":"https:\/\/safetysourcefire.ca\/wp-content\/uploads\/2020\/04\/EFF-IFIF300.jpg","datePublished":"2020-04-22T14:33:10+00:00","dateModified":"2020-04-27T21:22:04+00:00","breadcrumb":{"@id":"https:\/\/safetysourcefire.ca\/?product=sho-flow-1#breadcrumb"},"inLanguage":"fr-CA","potentialAction":[{"@type":"ReadAction","target":["https:\/\/safetysourcefire.ca\/?product=sho-flow-1"]}]},{"@type":"ImageObject","inLanguage":"fr-CA","@id":"https:\/\/safetysourcefire.ca\/?product=sho-flow-1#primaryimage","url":"https:\/\/safetysourcefire.ca\/wp-content\/uploads\/2020\/04\/EFF-IFIF300.jpg","contentUrl":"https:\/\/safetysourcefire.ca\/wp-content\/uploads\/2020\/04\/EFF-IFIF300.jpg","width":600,"height":600,"caption":"sho-flow"},{"@type":"BreadcrumbList","@id":"https:\/\/safetysourcefire.ca\/?product=sho-flow-1#breadcrumb","itemListElement":[{"@type":"ListItem","position":1,"name":"Home","item":"https:\/\/safetysourcefire.ca\/"},{"@type":"ListItem","position":2,"name":"Products","item":"https:\/\/safetysourcefire.ca\/shop\/"},{"@type":"ListItem","position":3,"name":"SHO-FLOW 1, 1.5&#8243; NPSHF X 1.5&#8243; NPSHM"}]},{"@type":"WebSite","@id":"https:\/\/safetysourcefire.ca\/#website","url":"https:\/\/safetysourcefire.ca\/","name":"Safety Source Fire","description":"","publisher":{"@id":"https:\/\/safetysourcefire.ca\/#organization"},"potentialAction":[{"@type":"SearchAction","target":{"@type":"EntryPoint","urlTemplate":"https:\/\/safetysourcefire.ca\/?s={search_term_string}"},"query-input":{"@type":"PropertyValueSpecification","valueRequired":true,"valueName":"search_term_string"}}],"inLanguage":"fr-CA"},{"@type":"Organization","@id":"https:\/\/safetysourcefire.ca\/#organization","name":"Safety Source Fire","url":"https:\/\/safetysourcefire.ca\/","logo":{"@type":"ImageObject","inLanguage":"fr-CA","@id":"https:\/\/safetysourcefire.ca\/#\/schema\/logo\/image\/","url":"https:\/\/safetysourcefire.ca\/wp-content\/uploads\/2021\/01\/SSF_logo_CC0000-3.png","contentUrl":"https:\/\/safetysourcefire.ca\/wp-content\/uploads\/2021\/01\/SSF_logo_CC0000-3.png","width":1107,"height":365,"caption":"Safety Source Fire"},"image":{"@id":"https:\/\/safetysourcefire.ca\/#\/schema\/logo\/image\/"},"sameAs":["https:\/\/www.facebook.com\/mmfssca","https:\/\/x.com\/mmfssca"]}]}},"_links":{"self":[{"href":"https:\/\/safetysourcefire.ca\/fr\/wp-json\/wp\/v2\/product\/20111","targetHints":{"allow":["GET"]}}],"collection":[{"href":"https:\/\/safetysourcefire.ca\/fr\/wp-json\/wp\/v2\/product"}],"about":[{"href":"https:\/\/safetysourcefire.ca\/fr\/wp-json\/wp\/v2\/types\/product"}],"wp:featuredmedia":[{"embeddable":true,"href":"https:\/\/safetysourcefire.ca\/fr\/wp-json\/wp\/v2\/media\/20113"}],"wp:attachment":[{"href":"https:\/\/safetysourcefire.ca\/fr\/wp-json\/wp\/v2\/media?parent=20111"}],"wp:term":[{"taxonomy":"product_brand","embeddable":true,"href":"https:\/\/safetysourcefire.ca\/fr\/wp-json\/wp\/v2\/product_brand?post=20111"},{"taxonomy":"product_cat","embeddable":true,"href":"https:\/\/safetysourcefire.ca\/fr\/wp-json\/wp\/v2\/product_cat?post=20111"},{"taxonomy":"product_tag","embeddable":true,"href":"https:\/\/safetysourcefire.ca\/fr\/wp-json\/wp\/v2\/product_tag?post=20111"}],"curies":[{"name":"wp","href":"https:\/\/api.w.org\/{rel}","templated":true}]}}