{"id":20127,"date":"2020-07-09T06:00:05","date_gmt":"2020-07-09T06:00:05","guid":{"rendered":"https:\/\/mmfss.ca\/?post_type=product&#038;p=20127"},"modified":"2023-11-09T17:44:11","modified_gmt":"2023-11-09T17:44:11","slug":"lifting-bags","status":"publish","type":"product","link":"https:\/\/safetysourcefire.ca\/fr\/produit\/lifting-bags\/","title":{"rendered":"Sacs de levage"},"content":{"rendered":"<p>Offre jusqu'\u00e0 50% de plus de capacit\u00e9 de levage ! Plusieurs tailles s'offrent \u00e0 vous pour faire le meilleur choix selon la t\u00e2che \u00e0 effectuer.<\/p>\n<p>Disponible dans les tailles HLB 2 \u00e0 96.<\/p>\n<p>Options incluses:<\/p>\n<ul>\n<li>Poign\u00e9e de transport int\u00e9gr\u00e9e avec indication de capacit\u00e9<\/li>\n<li>Patins coulissants pour faciliter le placement du sac de levage<\/li>\n<li>Capuchon anti-poussi\u00e8re int\u00e9gr\u00e9 flexible sur l&#039;entr\u00e9e d&#039;air<\/li>\n<\/ul>\n<p><a href=\"https:\/\/www.holmatro.com\/sites\/default\/files\/downloads\/en\/brochure-lifting-bags-usa-en-15019848.pdf\">T\u00e9l\u00e9charger la brochure Coussins de levage<\/a><\/p>\n<p><iframe class=\"youtube-video\" title=\"lecteur vid\u00e9o YouTube\" src=\"https:\/\/www.youtube.com\/embed\/PCZcyXvPzZE\" frameborder=\"0\" allowfullscreen=\"allowfullscreen\"><\/iframe><\/p>\n<p>&nbsp;<\/p>\n<p>Indication claire des avertissements de s\u00e9curit\u00e9, des sp\u00e9cifications techniques et de la hauteur de levage<\/p>\n<ul>\n<li>Pour vous aider \u00e0 travailler plus facilement et en toute s\u00e9curit\u00e9<\/li>\n<\/ul>\n<p>Marques centrales sur tous les c\u00f4t\u00e9s<\/p>\n<ul>\n<li>Pour vous aider \u00e0 positionner un petit sac sur un plus grand mod\u00e8le<\/li>\n<\/ul>\n<p>Surface antid\u00e9rapante<\/p>\n<ul>\n<li>Pour maximiser la zone de contact et la stabilit\u00e9 des coussins de levage gonfl\u00e9s<\/li>\n<\/ul>\n<p>Marques r\u00e9fl\u00e9chissantes sur tous les coins et au centre<\/p>\n<ul>\n<li>Pour une visibilit\u00e9 optimale dans l&#039;obscurit\u00e9<\/li>\n<\/ul>\n<p>Conforme aux normes de s\u00e9curit\u00e9 en vigueur<\/p>\n<ul>\n<li>Conforme \u00e0 la norme EN 13731 et \u00e0 d&#039;autres exigences l\u00e9gislatives<\/li>\n<\/ul>\n<p>Poign\u00e9e de transport int\u00e9gr\u00e9e avec indication de capacit\u00e9<\/p>\n<ul>\n<li>Pour un transport facile<\/li>\n<li>Identification facile du bon sac \u00e0 utiliser<\/li>\n<\/ul>\n<p>\u00c9quip\u00e9 de coussinets<\/p>\n<ul>\n<li>Pour une insertion facile sous les objets<\/li>\n<\/ul>","protected":false},"excerpt":{"rendered":"<p>Con\u00e7us pour un maximum de s\u00e9curit\u00e9 et de contr\u00f4le lors du levage d'objets lourds.<\/p>","protected":false},"featured_media":20139,"template":"","meta":[],"product_brand":[174],"product_cat":[51,133],"product_tag":[309],"class_list":{"0":"post-20127","1":"product","2":"type-product","3":"status-publish","4":"has-post-thumbnail","6":"product_brand-holmatro","7":"product_cat-rescue","8":"product_cat-stabilization-shoring","9":"product_tag-holmatro","11":"first","12":"instock","13":"shipping-taxable","14":"product-type-simple"},"yoast_head":"<!-- This site is optimized with the Yoast SEO plugin v27.5 - https:\/\/yoast.com\/product\/yoast-seo-wordpress\/ -->\n<title>Lifting Bags - Safety Source Fire<\/title>\n<meta name=\"robots\" content=\"index, follow, max-snippet:-1, max-image-preview:large, max-video-preview:-1\" \/>\n<link rel=\"canonical\" href=\"https:\/\/safetysourcefire.ca\/fr\/produit\/lifting-bags\/\" \/>\n<meta property=\"og:locale\" content=\"fr_CA\" \/>\n<meta property=\"og:type\" content=\"article\" \/>\n<meta property=\"og:title\" content=\"Lifting Bags - Safety Source Fire\" \/>\n<meta property=\"og:description\" content=\"Designed for maximum safety and control when lifting heavy objects.\" \/>\n<meta property=\"og:url\" content=\"https:\/\/safetysourcefire.ca\/fr\/produit\/lifting-bags\/\" \/>\n<meta property=\"og:site_name\" content=\"Safety Source Fire\" \/>\n<meta property=\"article:publisher\" content=\"https:\/\/www.facebook.com\/mmfssca\" \/>\n<meta property=\"article:modified_time\" content=\"2023-11-09T17:44:11+00:00\" \/>\n<meta property=\"og:image\" content=\"https:\/\/safetysourcefire.ca\/wp-content\/uploads\/2020\/04\/medium-lifting-bags-hlb-11-hlb-16-hlb-21-hlb-31-hlb-38-en-19915.jpg\" \/>\n\t<meta property=\"og:image:width\" content=\"600\" \/>\n\t<meta property=\"og:image:height\" content=\"600\" \/>\n\t<meta property=\"og:image:type\" content=\"image\/jpeg\" \/>\n<meta name=\"twitter:card\" content=\"summary_large_image\" \/>\n<meta name=\"twitter:site\" content=\"@mmfssca\" \/>\n<meta name=\"twitter:label1\" content=\"Estimation du temps de lecture\" \/>\n\t<meta name=\"twitter:data1\" content=\"1 minute\" \/>\n<script type=\"application\/ld+json\" class=\"yoast-schema-graph\">{\"@context\":\"https:\\\/\\\/schema.org\",\"@graph\":[{\"@type\":\"WebPage\",\"@id\":\"https:\\\/\\\/safetysourcefire.ca\\\/product\\\/lifting-bags\\\/\",\"url\":\"https:\\\/\\\/safetysourcefire.ca\\\/product\\\/lifting-bags\\\/\",\"name\":\"Lifting Bags - Safety Source Fire\",\"isPartOf\":{\"@id\":\"https:\\\/\\\/safetysourcefire.ca\\\/#website\"},\"primaryImageOfPage\":{\"@id\":\"https:\\\/\\\/safetysourcefire.ca\\\/product\\\/lifting-bags\\\/#primaryimage\"},\"image\":{\"@id\":\"https:\\\/\\\/safetysourcefire.ca\\\/product\\\/lifting-bags\\\/#primaryimage\"},\"thumbnailUrl\":\"https:\\\/\\\/safetysourcefire.ca\\\/wp-content\\\/uploads\\\/2020\\\/04\\\/medium-lifting-bags-hlb-11-hlb-16-hlb-21-hlb-31-hlb-38-en-19915.jpg\",\"datePublished\":\"2020-07-09T06:00:05+00:00\",\"dateModified\":\"2023-11-09T17:44:11+00:00\",\"breadcrumb\":{\"@id\":\"https:\\\/\\\/safetysourcefire.ca\\\/product\\\/lifting-bags\\\/#breadcrumb\"},\"inLanguage\":\"fr-CA\",\"potentialAction\":[{\"@type\":\"ReadAction\",\"target\":[\"https:\\\/\\\/safetysourcefire.ca\\\/product\\\/lifting-bags\\\/\"]}]},{\"@type\":\"ImageObject\",\"inLanguage\":\"fr-CA\",\"@id\":\"https:\\\/\\\/safetysourcefire.ca\\\/product\\\/lifting-bags\\\/#primaryimage\",\"url\":\"https:\\\/\\\/safetysourcefire.ca\\\/wp-content\\\/uploads\\\/2020\\\/04\\\/medium-lifting-bags-hlb-11-hlb-16-hlb-21-hlb-31-hlb-38-en-19915.jpg\",\"contentUrl\":\"https:\\\/\\\/safetysourcefire.ca\\\/wp-content\\\/uploads\\\/2020\\\/04\\\/medium-lifting-bags-hlb-11-hlb-16-hlb-21-hlb-31-hlb-38-en-19915.jpg\",\"width\":600,\"height\":600,\"caption\":\"lifting bags\"},{\"@type\":\"BreadcrumbList\",\"@id\":\"https:\\\/\\\/safetysourcefire.ca\\\/product\\\/lifting-bags\\\/#breadcrumb\",\"itemListElement\":[{\"@type\":\"ListItem\",\"position\":1,\"name\":\"Home\",\"item\":\"https:\\\/\\\/safetysourcefire.ca\\\/\"},{\"@type\":\"ListItem\",\"position\":2,\"name\":\"Products\",\"item\":\"https:\\\/\\\/safetysourcefire.ca\\\/shop\\\/\"},{\"@type\":\"ListItem\",\"position\":3,\"name\":\"Lifting Bags\"}]},{\"@type\":\"WebSite\",\"@id\":\"https:\\\/\\\/safetysourcefire.ca\\\/#website\",\"url\":\"https:\\\/\\\/safetysourcefire.ca\\\/\",\"name\":\"Safety Source Fire\",\"description\":\"\",\"publisher\":{\"@id\":\"https:\\\/\\\/safetysourcefire.ca\\\/#organization\"},\"potentialAction\":[{\"@type\":\"SearchAction\",\"target\":{\"@type\":\"EntryPoint\",\"urlTemplate\":\"https:\\\/\\\/safetysourcefire.ca\\\/?s={search_term_string}\"},\"query-input\":{\"@type\":\"PropertyValueSpecification\",\"valueRequired\":true,\"valueName\":\"search_term_string\"}}],\"inLanguage\":\"fr-CA\"},{\"@type\":\"Organization\",\"@id\":\"https:\\\/\\\/safetysourcefire.ca\\\/#organization\",\"name\":\"Safety Source Fire\",\"url\":\"https:\\\/\\\/safetysourcefire.ca\\\/\",\"logo\":{\"@type\":\"ImageObject\",\"inLanguage\":\"fr-CA\",\"@id\":\"https:\\\/\\\/safetysourcefire.ca\\\/#\\\/schema\\\/logo\\\/image\\\/\",\"url\":\"https:\\\/\\\/safetysourcefire.ca\\\/wp-content\\\/uploads\\\/2021\\\/01\\\/SSF_logo_CC0000-3.png\",\"contentUrl\":\"https:\\\/\\\/safetysourcefire.ca\\\/wp-content\\\/uploads\\\/2021\\\/01\\\/SSF_logo_CC0000-3.png\",\"width\":1107,\"height\":365,\"caption\":\"Safety Source Fire\"},\"image\":{\"@id\":\"https:\\\/\\\/safetysourcefire.ca\\\/#\\\/schema\\\/logo\\\/image\\\/\"},\"sameAs\":[\"https:\\\/\\\/www.facebook.com\\\/mmfssca\",\"https:\\\/\\\/x.com\\\/mmfssca\"]}]}<\/script>\n<!-- \/ Yoast SEO plugin. -->","yoast_head_json":{"title":"Coussins de levage - S\u00e9curit\u00e9 incendie","robots":{"index":"index","follow":"follow","max-snippet":"max-snippet:-1","max-image-preview":"max-image-preview:large","max-video-preview":"max-video-preview:-1"},"canonical":"https:\/\/safetysourcefire.ca\/fr\/produit\/lifting-bags\/","og_locale":"fr_CA","og_type":"article","og_title":"Lifting Bags - Safety Source Fire","og_description":"Designed for maximum safety and control when lifting heavy objects.","og_url":"https:\/\/safetysourcefire.ca\/fr\/produit\/lifting-bags\/","og_site_name":"Safety Source Fire","article_publisher":"https:\/\/www.facebook.com\/mmfssca","article_modified_time":"2023-11-09T17:44:11+00:00","og_image":[{"width":600,"height":600,"url":"https:\/\/safetysourcefire.ca\/wp-content\/uploads\/2020\/04\/medium-lifting-bags-hlb-11-hlb-16-hlb-21-hlb-31-hlb-38-en-19915.jpg","type":"image\/jpeg"}],"twitter_card":"summary_large_image","twitter_site":"@mmfssca","twitter_misc":{"Estimation du temps de lecture":"1 minute"},"schema":{"@context":"https:\/\/schema.org","@graph":[{"@type":"WebPage","@id":"https:\/\/safetysourcefire.ca\/product\/lifting-bags\/","url":"https:\/\/safetysourcefire.ca\/product\/lifting-bags\/","name":"Coussins de levage - S\u00e9curit\u00e9 incendie","isPartOf":{"@id":"https:\/\/safetysourcefire.ca\/#website"},"primaryImageOfPage":{"@id":"https:\/\/safetysourcefire.ca\/product\/lifting-bags\/#primaryimage"},"image":{"@id":"https:\/\/safetysourcefire.ca\/product\/lifting-bags\/#primaryimage"},"thumbnailUrl":"https:\/\/safetysourcefire.ca\/wp-content\/uploads\/2020\/04\/medium-lifting-bags-hlb-11-hlb-16-hlb-21-hlb-31-hlb-38-en-19915.jpg","datePublished":"2020-07-09T06:00:05+00:00","dateModified":"2023-11-09T17:44:11+00:00","breadcrumb":{"@id":"https:\/\/safetysourcefire.ca\/product\/lifting-bags\/#breadcrumb"},"inLanguage":"fr-CA","potentialAction":[{"@type":"ReadAction","target":["https:\/\/safetysourcefire.ca\/product\/lifting-bags\/"]}]},{"@type":"ImageObject","inLanguage":"fr-CA","@id":"https:\/\/safetysourcefire.ca\/product\/lifting-bags\/#primaryimage","url":"https:\/\/safetysourcefire.ca\/wp-content\/uploads\/2020\/04\/medium-lifting-bags-hlb-11-hlb-16-hlb-21-hlb-31-hlb-38-en-19915.jpg","contentUrl":"https:\/\/safetysourcefire.ca\/wp-content\/uploads\/2020\/04\/medium-lifting-bags-hlb-11-hlb-16-hlb-21-hlb-31-hlb-38-en-19915.jpg","width":600,"height":600,"caption":"lifting bags"},{"@type":"BreadcrumbList","@id":"https:\/\/safetysourcefire.ca\/product\/lifting-bags\/#breadcrumb","itemListElement":[{"@type":"ListItem","position":1,"name":"Home","item":"https:\/\/safetysourcefire.ca\/"},{"@type":"ListItem","position":2,"name":"Products","item":"https:\/\/safetysourcefire.ca\/shop\/"},{"@type":"ListItem","position":3,"name":"Lifting Bags"}]},{"@type":"WebSite","@id":"https:\/\/safetysourcefire.ca\/#website","url":"https:\/\/safetysourcefire.ca\/","name":"Safety Source Fire","description":"","publisher":{"@id":"https:\/\/safetysourcefire.ca\/#organization"},"potentialAction":[{"@type":"SearchAction","target":{"@type":"EntryPoint","urlTemplate":"https:\/\/safetysourcefire.ca\/?s={search_term_string}"},"query-input":{"@type":"PropertyValueSpecification","valueRequired":true,"valueName":"search_term_string"}}],"inLanguage":"fr-CA"},{"@type":"Organization","@id":"https:\/\/safetysourcefire.ca\/#organization","name":"Safety Source Fire","url":"https:\/\/safetysourcefire.ca\/","logo":{"@type":"ImageObject","inLanguage":"fr-CA","@id":"https:\/\/safetysourcefire.ca\/#\/schema\/logo\/image\/","url":"https:\/\/safetysourcefire.ca\/wp-content\/uploads\/2021\/01\/SSF_logo_CC0000-3.png","contentUrl":"https:\/\/safetysourcefire.ca\/wp-content\/uploads\/2021\/01\/SSF_logo_CC0000-3.png","width":1107,"height":365,"caption":"Safety Source Fire"},"image":{"@id":"https:\/\/safetysourcefire.ca\/#\/schema\/logo\/image\/"},"sameAs":["https:\/\/www.facebook.com\/mmfssca","https:\/\/x.com\/mmfssca"]}]}},"_links":{"self":[{"href":"https:\/\/safetysourcefire.ca\/fr\/wp-json\/wp\/v2\/product\/20127","targetHints":{"allow":["GET"]}}],"collection":[{"href":"https:\/\/safetysourcefire.ca\/fr\/wp-json\/wp\/v2\/product"}],"about":[{"href":"https:\/\/safetysourcefire.ca\/fr\/wp-json\/wp\/v2\/types\/product"}],"wp:featuredmedia":[{"embeddable":true,"href":"https:\/\/safetysourcefire.ca\/fr\/wp-json\/wp\/v2\/media\/20139"}],"wp:attachment":[{"href":"https:\/\/safetysourcefire.ca\/fr\/wp-json\/wp\/v2\/media?parent=20127"}],"wp:term":[{"taxonomy":"product_brand","embeddable":true,"href":"https:\/\/safetysourcefire.ca\/fr\/wp-json\/wp\/v2\/product_brand?post=20127"},{"taxonomy":"product_cat","embeddable":true,"href":"https:\/\/safetysourcefire.ca\/fr\/wp-json\/wp\/v2\/product_cat?post=20127"},{"taxonomy":"product_tag","embeddable":true,"href":"https:\/\/safetysourcefire.ca\/fr\/wp-json\/wp\/v2\/product_tag?post=20127"}],"curies":[{"name":"wp","href":"https:\/\/api.w.org\/{rel}","templated":true}]}}