{"id":20261,"date":"2020-07-10T19:26:34","date_gmt":"2020-07-10T19:26:34","guid":{"rendered":"https:\/\/mmfss.ca\/?post_type=product&#038;p=20261"},"modified":"2024-08-07T19:07:07","modified_gmt":"2024-08-07T19:07:07","slug":"apex-x-strut-copy","status":"publish","type":"product","link":"https:\/\/safetysourcefire.ca\/fr\/produit\/apex-x-strut-copy\/","title":{"rendered":"Apex X-Strut"},"content":{"rendered":"<p>Le NOUVEAU Apex X-Strut\u00ae reprend la conception populaire et conviviale de notre Auto X-Strut\u00ae, mais le renforce pour encore plus de capacit\u00e9s. Cette entretoise arrondie est une combinaison d'un tube int\u00e9rieur filet\u00e9 et d'un tube ext\u00e9rieur carr\u00e9, permettant un cliquet int\u00e9gr\u00e9 sur l'entretoise standard, et une but\u00e9e positive interne pour \u00e9liminer le risque de surextension. L'Apex est compatible avec l'extension 12\u2033 de la s\u00e9rie Super X-Strut\u00ae sur les entretoises standard et courtes.<\/p>\n<p>Illustr\u00e9 avec prise suppl\u00e9mentaire (APX-JACK). Ce levier est sp\u00e9cialement con\u00e7u pour le nouveau Apex X-Strut\u00ae. Capacit\u00e9 de levage de 6 000 lb et facteur de s\u00e9curit\u00e9 de 2:1. Poids : 25 livres.<\/p>\n<p>SP\u00c9CIFICATIONS (facteur de s\u00e9curit\u00e9 de 2:1 sur les supports de force et les accessoires)<\/p>\n<p>Article # APX-STRT-L (long)<\/p>\n<ul>\n<li>WLL de la colonne\u00a0: 7\u00a0750\u00a0lb<\/li>\n<li>CMU de levage : 6 000 lb<\/li>\n<li>Hauteur \u00e9tendue\u00a0: 91,5\u2033<\/li>\n<li>Hauteur repli\u00e9e : 58,75\u2033<\/li>\n<li>Poids\u00a0: 41\u00a0LBS*<\/li>\n<\/ul>\n<p>Article # APX-STRT-S (court)<\/p>\n<ul>\n<li>WLL de la colonne\u00a0: 12\u00a0500<\/li>\n<li>CMU de levage : 6 000 lb<\/li>\n<li>Hauteur \u00e9tendue\u00a0: 62,75\u2033<\/li>\n<li>Hauteur repli\u00e9e\u00a0: 45,125\u2033<\/li>\n<li>Poids\u00a0: 33\u00a0lb*<\/li>\n<\/ul>\n<p>* Le poids du support de force comprend le raccord de t\u00eate pivotante CRG, la plaque de base, la sangle \u00e0 cliquet et tout le mat\u00e9riel. Le mod\u00e8le court n'inclut pas la sangle \u00e0 cliquet int\u00e9gr\u00e9e. Poids suppl\u00e9mentaire : 25 lb.<\/p>\n<p>RACCORD CRG PIVOTANT<\/p>\n<ul>\n<li>L'Apex X-Strut\u00ae est livr\u00e9 de base avec un raccord de t\u00eate pivotant CRG qui vous offre une vari\u00e9t\u00e9 d'options de point et pivote \u00e0 360 \u00b0<\/li>\n<\/ul>\n<p>CONSTRUCTION EN ALUMINIUM<\/p>\n<ul>\n<li>L'Apex X-Strut\u00ae pr\u00e9sente une combinaison de tube int\u00e9rieur en aluminium et ch\u00e2ssis en aluminium soud\u00e9 pour une r\u00e9sistance sup\u00e9rieure lors de l'\u00e9tayage, de la stabilisation et du levage, sans ajouter de poids.<\/li>\n<\/ul>\n<p>RACCORDS D&#039;EXTR\u00c9MIT\u00c9 \u00c0 D\u00c9GAGEMENT RAPIDE<\/p>\n<ul>\n<li>Changez les embouts en un instant en tirant sur une seule goupille de retenue. \u00c9tant donn\u00e9 que les raccords de t\u00eate Apex X-Strut\u00ae sont compatibles avec les raccords d'extr\u00e9mit\u00e9 des autres fabricants, vous pouvez \u00e9changer avec les services voisins lors des interventions d'aide mutuelle.<\/li>\n<\/ul>\n<p>FONCTIONNEMENT SANS BROCHE \/ SANS TORSION<\/p>\n<ul>\n<li>Le tube int\u00e9rieur filet\u00e9 permet des ajustements rapides et en douceur, sans broches. La conception unique permet un arr\u00eat positif, emp\u00eachant la chambre \u00e0 air de tourner sous des charges plus l\u00e9g\u00e8res et \u00e9liminant le risque de surextension.<\/li>\n<\/ul>\n<p>RACCORDS DE T\u00caTE COMPATIBLES<\/p>\n<ul>\n<li>Les raccords \u00e0 d\u00e9gagement rapide se d\u00e9tachent en un instant, vous permettant d'ajouter des extensions si une plus grande longueur est d\u00e9sir\u00e9e. Compatibles avec les t\u00eates des autres fabricants.<\/li>\n<\/ul>\n<p>PUISSANCE DE LEVAGE X-STRUT\u00ae<\/p>\n<ul>\n<li>L'Apex X-Strut\u00ae se transforme d'un support d'\u00e9taiement en un support de levage en quelques secondes gr\u00e2ce \u00e0 notre v\u00e9rin m\u00e9canique amovible. Capacit\u00e9 de levage de 6 000 lb.<\/li>\n<\/ul>\n<p>SANGLE \u00c0 CLIQUET INT\u00c9GR\u00c9E<\/p>\n<ul>\n<li>Livr\u00e9 avec une sangle \u00e0 cliquet int\u00e9gr\u00e9e et des crochets m\u00e9talliques gardant votre sangle l\u00e0 o\u00f9 vous en avez besoin.<\/li>\n<\/ul>\n<p>ANNEAUX EN D MONT\u00c9S SUR LA BASE<\/p>\n<ul>\n<li>Les anneaux pivotants int\u00e9gr\u00e9s \u00e0 la plaque de base permettent une fixation rapide des sangles, des crochets et des cha\u00eenes. Peuvent \u00e9galement servir de r\u00e9cepteur de piquet lorsqu'un ancrage est n\u00e9cessaire.<\/li>\n<\/ul>\n<p>2 TAILLES DISPONIBLES<\/p>\n<ul>\n<li>Disponible en version longue (photo) ou en version plus courte, pour des options de rangement accrues et des capacit\u00e9s inf\u00e9rieures de levage.<\/li>\n<\/ul>\n<p>Disponible en trousse standard \u00e0 2 points, trousse de luxe \u00e0 4 points, trousse Texas \u00e0 3 points et trousse de luxe pour 2 voitures. <a href=\"https:\/\/safetysourcefire.ca\/wp-content\/uploads\/2020\/04\/2018-catalog.compressed.pdf\">Voir le catalogue pour plus de d\u00e9tails (pdf).<\/a><\/p>","protected":false},"excerpt":{"rendered":"<p>Le dernier cri en mati\u00e8re de sauvetage<\/p>","protected":false},"featured_media":20255,"template":"","meta":[],"product_brand":[255],"product_cat":[128,51,133],"product_tag":[336,455,457,456],"class_list":{"0":"post-20261","1":"product","2":"type-product","3":"status-publish","4":"has-post-thumbnail","6":"product_brand-res-q-jack","7":"product_cat-extrication-rescue","8":"product_cat-rescue","9":"product_cat-stabilization-shoring","10":"product_tag-res-q-jack","11":"product_tag-strut","12":"product_tag-struts","13":"product_tag-x-strut","15":"first","16":"instock","17":"shipping-taxable","18":"product-type-simple"},"yoast_head":"<!-- This site is optimized with the Yoast SEO plugin v27.5 - https:\/\/yoast.com\/product\/yoast-seo-wordpress\/ -->\n<title>Apex X-Strut - Safety Source Fire<\/title>\n<meta name=\"robots\" content=\"index, follow, max-snippet:-1, max-image-preview:large, max-video-preview:-1\" \/>\n<link rel=\"canonical\" href=\"https:\/\/safetysourcefire.ca\/fr\/produit\/apex-x-strut-copy\/\" \/>\n<meta property=\"og:locale\" content=\"fr_CA\" \/>\n<meta property=\"og:type\" content=\"article\" \/>\n<meta property=\"og:title\" content=\"Apex X-Strut - Safety Source Fire\" \/>\n<meta property=\"og:description\" content=\"The latest in pin-free rescue\" \/>\n<meta property=\"og:url\" content=\"https:\/\/safetysourcefire.ca\/fr\/produit\/apex-x-strut-copy\/\" \/>\n<meta property=\"og:site_name\" content=\"Safety Source Fire\" \/>\n<meta property=\"article:publisher\" content=\"https:\/\/www.facebook.com\/mmfssca\" \/>\n<meta property=\"article:modified_time\" content=\"2024-08-07T19:07:07+00:00\" \/>\n<meta property=\"og:image\" content=\"https:\/\/safetysourcefire.ca\/wp-content\/uploads\/2020\/04\/apx-web-with-jack.jpg\" \/>\n\t<meta property=\"og:image:width\" content=\"600\" \/>\n\t<meta property=\"og:image:height\" content=\"600\" \/>\n\t<meta property=\"og:image:type\" content=\"image\/jpeg\" \/>\n<meta name=\"twitter:card\" content=\"summary_large_image\" \/>\n<meta name=\"twitter:site\" content=\"@mmfssca\" \/>\n<meta name=\"twitter:label1\" content=\"Estimation du temps de lecture\" \/>\n\t<meta name=\"twitter:data1\" content=\"2 minutes\" \/>\n<script type=\"application\/ld+json\" class=\"yoast-schema-graph\">{\"@context\":\"https:\\\/\\\/schema.org\",\"@graph\":[{\"@type\":\"WebPage\",\"@id\":\"https:\\\/\\\/safetysourcefire.ca\\\/product\\\/apex-x-strut-copy\\\/\",\"url\":\"https:\\\/\\\/safetysourcefire.ca\\\/product\\\/apex-x-strut-copy\\\/\",\"name\":\"Apex X-Strut - Safety Source Fire\",\"isPartOf\":{\"@id\":\"https:\\\/\\\/safetysourcefire.ca\\\/#website\"},\"primaryImageOfPage\":{\"@id\":\"https:\\\/\\\/safetysourcefire.ca\\\/product\\\/apex-x-strut-copy\\\/#primaryimage\"},\"image\":{\"@id\":\"https:\\\/\\\/safetysourcefire.ca\\\/product\\\/apex-x-strut-copy\\\/#primaryimage\"},\"thumbnailUrl\":\"https:\\\/\\\/safetysourcefire.ca\\\/wp-content\\\/uploads\\\/2020\\\/04\\\/apx-web-with-jack.jpg\",\"datePublished\":\"2020-07-10T19:26:34+00:00\",\"dateModified\":\"2024-08-07T19:07:07+00:00\",\"breadcrumb\":{\"@id\":\"https:\\\/\\\/safetysourcefire.ca\\\/product\\\/apex-x-strut-copy\\\/#breadcrumb\"},\"inLanguage\":\"fr-CA\",\"potentialAction\":[{\"@type\":\"ReadAction\",\"target\":[\"https:\\\/\\\/safetysourcefire.ca\\\/product\\\/apex-x-strut-copy\\\/\"]}]},{\"@type\":\"ImageObject\",\"inLanguage\":\"fr-CA\",\"@id\":\"https:\\\/\\\/safetysourcefire.ca\\\/product\\\/apex-x-strut-copy\\\/#primaryimage\",\"url\":\"https:\\\/\\\/safetysourcefire.ca\\\/wp-content\\\/uploads\\\/2020\\\/04\\\/apx-web-with-jack.jpg\",\"contentUrl\":\"https:\\\/\\\/safetysourcefire.ca\\\/wp-content\\\/uploads\\\/2020\\\/04\\\/apx-web-with-jack.jpg\",\"width\":600,\"height\":600,\"caption\":\"apex x-strut with jack\"},{\"@type\":\"BreadcrumbList\",\"@id\":\"https:\\\/\\\/safetysourcefire.ca\\\/product\\\/apex-x-strut-copy\\\/#breadcrumb\",\"itemListElement\":[{\"@type\":\"ListItem\",\"position\":1,\"name\":\"Home\",\"item\":\"https:\\\/\\\/safetysourcefire.ca\\\/\"},{\"@type\":\"ListItem\",\"position\":2,\"name\":\"Products\",\"item\":\"https:\\\/\\\/safetysourcefire.ca\\\/shop\\\/\"},{\"@type\":\"ListItem\",\"position\":3,\"name\":\"Apex X-Strut\"}]},{\"@type\":\"WebSite\",\"@id\":\"https:\\\/\\\/safetysourcefire.ca\\\/#website\",\"url\":\"https:\\\/\\\/safetysourcefire.ca\\\/\",\"name\":\"Safety Source Fire\",\"description\":\"\",\"publisher\":{\"@id\":\"https:\\\/\\\/safetysourcefire.ca\\\/#organization\"},\"potentialAction\":[{\"@type\":\"SearchAction\",\"target\":{\"@type\":\"EntryPoint\",\"urlTemplate\":\"https:\\\/\\\/safetysourcefire.ca\\\/?s={search_term_string}\"},\"query-input\":{\"@type\":\"PropertyValueSpecification\",\"valueRequired\":true,\"valueName\":\"search_term_string\"}}],\"inLanguage\":\"fr-CA\"},{\"@type\":\"Organization\",\"@id\":\"https:\\\/\\\/safetysourcefire.ca\\\/#organization\",\"name\":\"Safety Source Fire\",\"url\":\"https:\\\/\\\/safetysourcefire.ca\\\/\",\"logo\":{\"@type\":\"ImageObject\",\"inLanguage\":\"fr-CA\",\"@id\":\"https:\\\/\\\/safetysourcefire.ca\\\/#\\\/schema\\\/logo\\\/image\\\/\",\"url\":\"https:\\\/\\\/safetysourcefire.ca\\\/wp-content\\\/uploads\\\/2021\\\/01\\\/SSF_logo_CC0000-3.png\",\"contentUrl\":\"https:\\\/\\\/safetysourcefire.ca\\\/wp-content\\\/uploads\\\/2021\\\/01\\\/SSF_logo_CC0000-3.png\",\"width\":1107,\"height\":365,\"caption\":\"Safety Source Fire\"},\"image\":{\"@id\":\"https:\\\/\\\/safetysourcefire.ca\\\/#\\\/schema\\\/logo\\\/image\\\/\"},\"sameAs\":[\"https:\\\/\\\/www.facebook.com\\\/mmfssca\",\"https:\\\/\\\/x.com\\\/mmfssca\"]}]}<\/script>\n<!-- \/ Yoast SEO plugin. -->","yoast_head_json":{"title":"Apex X-Strut - Source de s\u00e9curit\u00e9 incendie","robots":{"index":"index","follow":"follow","max-snippet":"max-snippet:-1","max-image-preview":"max-image-preview:large","max-video-preview":"max-video-preview:-1"},"canonical":"https:\/\/safetysourcefire.ca\/fr\/produit\/apex-x-strut-copy\/","og_locale":"fr_CA","og_type":"article","og_title":"Apex X-Strut - Safety Source Fire","og_description":"The latest in pin-free rescue","og_url":"https:\/\/safetysourcefire.ca\/fr\/produit\/apex-x-strut-copy\/","og_site_name":"Safety Source Fire","article_publisher":"https:\/\/www.facebook.com\/mmfssca","article_modified_time":"2024-08-07T19:07:07+00:00","og_image":[{"width":600,"height":600,"url":"https:\/\/safetysourcefire.ca\/wp-content\/uploads\/2020\/04\/apx-web-with-jack.jpg","type":"image\/jpeg"}],"twitter_card":"summary_large_image","twitter_site":"@mmfssca","twitter_misc":{"Estimation du temps de lecture":"2 minutes"},"schema":{"@context":"https:\/\/schema.org","@graph":[{"@type":"WebPage","@id":"https:\/\/safetysourcefire.ca\/product\/apex-x-strut-copy\/","url":"https:\/\/safetysourcefire.ca\/product\/apex-x-strut-copy\/","name":"Apex X-Strut - Source de s\u00e9curit\u00e9 incendie","isPartOf":{"@id":"https:\/\/safetysourcefire.ca\/#website"},"primaryImageOfPage":{"@id":"https:\/\/safetysourcefire.ca\/product\/apex-x-strut-copy\/#primaryimage"},"image":{"@id":"https:\/\/safetysourcefire.ca\/product\/apex-x-strut-copy\/#primaryimage"},"thumbnailUrl":"https:\/\/safetysourcefire.ca\/wp-content\/uploads\/2020\/04\/apx-web-with-jack.jpg","datePublished":"2020-07-10T19:26:34+00:00","dateModified":"2024-08-07T19:07:07+00:00","breadcrumb":{"@id":"https:\/\/safetysourcefire.ca\/product\/apex-x-strut-copy\/#breadcrumb"},"inLanguage":"fr-CA","potentialAction":[{"@type":"ReadAction","target":["https:\/\/safetysourcefire.ca\/product\/apex-x-strut-copy\/"]}]},{"@type":"ImageObject","inLanguage":"fr-CA","@id":"https:\/\/safetysourcefire.ca\/product\/apex-x-strut-copy\/#primaryimage","url":"https:\/\/safetysourcefire.ca\/wp-content\/uploads\/2020\/04\/apx-web-with-jack.jpg","contentUrl":"https:\/\/safetysourcefire.ca\/wp-content\/uploads\/2020\/04\/apx-web-with-jack.jpg","width":600,"height":600,"caption":"apex x-strut with jack"},{"@type":"BreadcrumbList","@id":"https:\/\/safetysourcefire.ca\/product\/apex-x-strut-copy\/#breadcrumb","itemListElement":[{"@type":"ListItem","position":1,"name":"Home","item":"https:\/\/safetysourcefire.ca\/"},{"@type":"ListItem","position":2,"name":"Products","item":"https:\/\/safetysourcefire.ca\/shop\/"},{"@type":"ListItem","position":3,"name":"Apex X-Strut"}]},{"@type":"WebSite","@id":"https:\/\/safetysourcefire.ca\/#website","url":"https:\/\/safetysourcefire.ca\/","name":"Safety Source Fire","description":"","publisher":{"@id":"https:\/\/safetysourcefire.ca\/#organization"},"potentialAction":[{"@type":"SearchAction","target":{"@type":"EntryPoint","urlTemplate":"https:\/\/safetysourcefire.ca\/?s={search_term_string}"},"query-input":{"@type":"PropertyValueSpecification","valueRequired":true,"valueName":"search_term_string"}}],"inLanguage":"fr-CA"},{"@type":"Organization","@id":"https:\/\/safetysourcefire.ca\/#organization","name":"Safety Source Fire","url":"https:\/\/safetysourcefire.ca\/","logo":{"@type":"ImageObject","inLanguage":"fr-CA","@id":"https:\/\/safetysourcefire.ca\/#\/schema\/logo\/image\/","url":"https:\/\/safetysourcefire.ca\/wp-content\/uploads\/2021\/01\/SSF_logo_CC0000-3.png","contentUrl":"https:\/\/safetysourcefire.ca\/wp-content\/uploads\/2021\/01\/SSF_logo_CC0000-3.png","width":1107,"height":365,"caption":"Safety Source Fire"},"image":{"@id":"https:\/\/safetysourcefire.ca\/#\/schema\/logo\/image\/"},"sameAs":["https:\/\/www.facebook.com\/mmfssca","https:\/\/x.com\/mmfssca"]}]}},"_links":{"self":[{"href":"https:\/\/safetysourcefire.ca\/fr\/wp-json\/wp\/v2\/product\/20261","targetHints":{"allow":["GET"]}}],"collection":[{"href":"https:\/\/safetysourcefire.ca\/fr\/wp-json\/wp\/v2\/product"}],"about":[{"href":"https:\/\/safetysourcefire.ca\/fr\/wp-json\/wp\/v2\/types\/product"}],"wp:featuredmedia":[{"embeddable":true,"href":"https:\/\/safetysourcefire.ca\/fr\/wp-json\/wp\/v2\/media\/20255"}],"wp:attachment":[{"href":"https:\/\/safetysourcefire.ca\/fr\/wp-json\/wp\/v2\/media?parent=20261"}],"wp:term":[{"taxonomy":"product_brand","embeddable":true,"href":"https:\/\/safetysourcefire.ca\/fr\/wp-json\/wp\/v2\/product_brand?post=20261"},{"taxonomy":"product_cat","embeddable":true,"href":"https:\/\/safetysourcefire.ca\/fr\/wp-json\/wp\/v2\/product_cat?post=20261"},{"taxonomy":"product_tag","embeddable":true,"href":"https:\/\/safetysourcefire.ca\/fr\/wp-json\/wp\/v2\/product_tag?post=20261"}],"curies":[{"name":"wp","href":"https:\/\/api.w.org\/{rel}","templated":true}]}}