{"id":20263,"date":"2020-04-22T19:33:16","date_gmt":"2020-04-22T19:33:16","guid":{"rendered":"https:\/\/mmfss.ca\/?post_type=product&#038;p=20263"},"modified":"2024-08-07T19:09:04","modified_gmt":"2024-08-07T19:09:04","slug":"aluminum","status":"publish","type":"product","link":"https:\/\/safetysourcefire.ca\/fr\/produit\/aluminum\/","title":{"rendered":"L'Aluminium X-Strut\u00ae"},"content":{"rendered":"<p>L'Aluminium X-Strut\u00ae est notre support de force stabilisatrice et de levage goupill\u00e9e la plus populaire. Construite en aluminium 6061-T6 et offrant une limite de charge de travail proche de 10 000 avec un facteur de s\u00e9curit\u00e9 de 2: 1, sans ajouter de poids significatif \u00e0 votre sac de transport. Cet outil est con\u00e7u pour les applications de stabilisation et de levage de v\u00e9hicules lourds. Nous recommandons le X-Strut\u00ae d'aluminum \u00e0 toutes les \u00e9quipes qui travaillent sur les sc\u00e8nes avec des v\u00e9hicules plus gros, ou pour ceux qui veulent une s\u00e9curit\u00e9 suppl\u00e9mentaire dans leurs op\u00e9rations.<\/p>\n<p>Montr\u00e9 avec prise suppl\u00e9mentaire (ALX-JACK), ce support est sp\u00e9cialement con\u00e7u pour le X-Strut d'aluminium\u00ae avec une capacit\u00e9 de levage de 6 000 lb et un facteur de s\u00e9curit\u00e9 2: 1. Poids : 25 livres.<\/p>\n<p>SP\u00c9CIFICATIONS (facteur de s\u00e9curit\u00e9 de 2:1 sur les supports de force et les accessoires)<\/p>\n<p>Article # SAX-STRT (mod\u00e8le court)<\/p>\n<ul>\n<li>WLL de la colonne\u00a0: 9\u00a0700 lb<\/li>\n<li>CMU de levage : 6 000 lb<\/li>\n<li>Hauteur \u00e9tendue\u00a0: 98\u00a0<\/li>\n<li>Hauteur effondr\u00e9e : 56\u2033<\/li>\n<li>Poids\u00a0: 42\u00a0LBS*<\/li>\n<\/ul>\n<p>Article # ALX-STRT-PH (Phoenix)<\/p>\n<ul>\n<li>WLL de la colonne\u00a0: 9\u00a0700 lb<\/li>\n<li>CMU de levage : 6 000 lb<\/li>\n<li>Hauteur \u00e9tendue\u00a0: 66\u00a0<\/li>\n<li>Hauteur effondr\u00e9e: 40\u2033<\/li>\n<li>Poids\u00a0: 30\u00a0lb*<\/li>\n<\/ul>\n<p>Article # ALX-STRT (mod\u00e8le long)<\/p>\n<ul>\n<li>WLL de la colonne\u00a0: 9\u00a0700 lb<\/li>\n<li>CMU de levage : 6 000 lb<\/li>\n<li>Hauteur \u00e9tendue\u00a0: 86,25\u00a0<\/li>\n<li>Hauteur effondr\u00e9e : 50\u2033<\/li>\n<li>Poids\u00a0: 37\u00a0lb*<\/li>\n<\/ul>\n<p>* Le poids du support de force comprend le raccord de t\u00eate pivotante CRG, la plaque de base, la sangle \u00e0 cliquet et tout le mat\u00e9riel. Le mod\u00e8le court n'inclut pas la sangle \u00e0 cliquet int\u00e9gr\u00e9e. Poids suppl\u00e9mentaire : 25 lb.<\/p>\n<p>GOUPILLES CNES SURDIMENSIONN\u00c9ES<\/p>\n<ul>\n<li>L'Aluminium X-Strut\u00ae fonctionne avec nos goupilles coniques surdimensionn\u00e9es fabriqu\u00e9es sur mesure. La conception \u00e9vas\u00e9e s'aligne automatiquement avec la prise pour une configuration plus rapide. Sa forme unique rend les \u00e9pingles plus faciles \u00e0 saisir et plus difficiles \u00e0 perdre.<\/li>\n<\/ul>\n<p>CONSTRUCTION EN ALUMINIUM<\/p>\n<ul>\n<li>Ce X-Strut\u00ae est construit en aluminium 6061-T6 pour une r\u00e9sistance suppl\u00e9mentaire, sans ajouter de poids significatif.<\/li>\n<\/ul>\n<p>RACCORD DE T\u00caTE PIVOTANTE CRG<\/p>\n<ul>\n<li>L'Aluminium X-Strut\u00ae comprend notre raccord de t\u00eate pivotant CRG pivotant \u00e0 360 \u00b0. Parfait pour trouver facilement n'importe quel point d'attache.<\/li>\n<\/ul>\n<p>SANGLE \u00c0 CLIQUET<\/p>\n<ul>\n<li>L'Aluminium X-Strut\u00ae et le Phoenix Aluminium X-Strut\u00ae comprennent chacun une sangle \u00e0 cliquet avec des crochets m\u00e9talliques mont\u00e9s sur le c\u00f4t\u00e9 du support de force, gardant votre sangle l\u00e0 o\u00f9 vous le souhaitez, en tout temps.<\/li>\n<\/ul>\n<p>PUISSANCE DE LEVAGE X-STRUT\u00ae<\/p>\n<ul>\n<li>L'Aluminium X-Strut\u00ae se transforme d'une entretoise d'\u00e9taiement en une entretoise de levage en quelques secondes gr\u00e2ce \u00e0 un v\u00e9rin m\u00e9canique amovible, vous offrant 6 000 lb de capacit\u00e9 de levage avec 12 pouces.<\/li>\n<li>Besoin de plus d'un pied ? Retirez simplement la prise d'extension sans broche et r\u00e9initialisez l'appareil pour b\u00e9n\u00e9ficier de 12 pouces de levage suppl\u00e9mentaires.<\/li>\n<\/ul>\n<p>ANNEAUX EN D MONT\u00c9S SUR LA BASE<\/p>\n<ul>\n<li>Les anneaux pivotants int\u00e9gr\u00e9s \u00e0 la plaque de base permettent une fixation rapide des sangles, des crochets et des cha\u00eenes. Peuvent \u00e9galement servir de r\u00e9cepteur de piquet lorsqu'un ancrage est n\u00e9cessaire.<\/li>\n<\/ul>\n<p>3 TAILLES DISPONIBLES<\/p>\n<ul>\n<li>Disponible en support long (photo), court, ou en mod\u00e8le Phoenix de taille moyenne pour des options de rangement accrues et des possibilit\u00e9s inf\u00e9rieures de levage.<\/li>\n<\/ul>\n<p>Disponible en trousse standard \u00e0 2 points, trousse de luxe \u00e0 4 points, trousse Texas \u00e0 3 points et trousse de luxe pour 2 voitures. <a href=\"https:\/\/safetysourcefire.ca\/wp-content\/uploads\/2020\/04\/2018-catalog.compressed.pdf\">Voir le catalogue pour plus de d\u00e9tails (pdf).<\/a><\/p>","protected":false},"excerpt":{"rendered":"<p>L\u00e9ger, mais robuste<\/p>","protected":false},"featured_media":20254,"template":"","meta":[],"product_brand":[255],"product_cat":[128,51,133],"product_tag":[336,455,457,456],"class_list":{"0":"post-20263","1":"product","2":"type-product","3":"status-publish","4":"has-post-thumbnail","6":"product_brand-res-q-jack","7":"product_cat-extrication-rescue","8":"product_cat-rescue","9":"product_cat-stabilization-shoring","10":"product_tag-res-q-jack","11":"product_tag-strut","12":"product_tag-struts","13":"product_tag-x-strut","15":"first","16":"instock","17":"shipping-taxable","18":"product-type-simple"},"yoast_head":"<!-- This site is optimized with the Yoast SEO plugin v27.4 - https:\/\/yoast.com\/product\/yoast-seo-wordpress\/ -->\n<title>Aluminum X-Strut - Safety Source Fire<\/title>\n<meta name=\"robots\" content=\"index, follow, max-snippet:-1, max-image-preview:large, max-video-preview:-1\" \/>\n<link rel=\"canonical\" href=\"https:\/\/safetysourcefire.ca\/fr\/produit\/aluminum\/\" \/>\n<meta property=\"og:locale\" content=\"fr_CA\" \/>\n<meta property=\"og:type\" content=\"article\" \/>\n<meta property=\"og:title\" content=\"Aluminum X-Strut - Safety Source Fire\" \/>\n<meta property=\"og:description\" content=\"Light-weight, but heavy-duty\" \/>\n<meta property=\"og:url\" content=\"https:\/\/safetysourcefire.ca\/fr\/produit\/aluminum\/\" \/>\n<meta property=\"og:site_name\" content=\"Safety Source Fire\" \/>\n<meta property=\"article:publisher\" content=\"https:\/\/www.facebook.com\/mmfssca\" \/>\n<meta property=\"article:modified_time\" content=\"2024-08-07T19:09:04+00:00\" \/>\n<meta property=\"og:image\" content=\"https:\/\/safetysourcefire.ca\/wp-content\/uploads\/2020\/04\/alx-with-jack.jpg\" \/>\n\t<meta property=\"og:image:width\" content=\"600\" \/>\n\t<meta property=\"og:image:height\" content=\"600\" \/>\n\t<meta property=\"og:image:type\" content=\"image\/jpeg\" \/>\n<meta name=\"twitter:card\" content=\"summary_large_image\" \/>\n<meta name=\"twitter:site\" content=\"@mmfssca\" \/>\n<meta name=\"twitter:label1\" content=\"Estimation du temps de lecture\" \/>\n\t<meta name=\"twitter:data1\" content=\"2 minutes\" \/>\n<script type=\"application\/ld+json\" class=\"yoast-schema-graph\">{\"@context\":\"https:\\\/\\\/schema.org\",\"@graph\":[{\"@type\":\"WebPage\",\"@id\":\"https:\\\/\\\/safetysourcefire.ca\\\/product\\\/aluminum\\\/\",\"url\":\"https:\\\/\\\/safetysourcefire.ca\\\/product\\\/aluminum\\\/\",\"name\":\"Aluminum X-Strut - Safety Source Fire\",\"isPartOf\":{\"@id\":\"https:\\\/\\\/safetysourcefire.ca\\\/#website\"},\"primaryImageOfPage\":{\"@id\":\"https:\\\/\\\/safetysourcefire.ca\\\/product\\\/aluminum\\\/#primaryimage\"},\"image\":{\"@id\":\"https:\\\/\\\/safetysourcefire.ca\\\/product\\\/aluminum\\\/#primaryimage\"},\"thumbnailUrl\":\"https:\\\/\\\/safetysourcefire.ca\\\/wp-content\\\/uploads\\\/2020\\\/04\\\/alx-with-jack.jpg\",\"datePublished\":\"2020-04-22T19:33:16+00:00\",\"dateModified\":\"2024-08-07T19:09:04+00:00\",\"breadcrumb\":{\"@id\":\"https:\\\/\\\/safetysourcefire.ca\\\/product\\\/aluminum\\\/#breadcrumb\"},\"inLanguage\":\"fr-CA\",\"potentialAction\":[{\"@type\":\"ReadAction\",\"target\":[\"https:\\\/\\\/safetysourcefire.ca\\\/product\\\/aluminum\\\/\"]}]},{\"@type\":\"ImageObject\",\"inLanguage\":\"fr-CA\",\"@id\":\"https:\\\/\\\/safetysourcefire.ca\\\/product\\\/aluminum\\\/#primaryimage\",\"url\":\"https:\\\/\\\/safetysourcefire.ca\\\/wp-content\\\/uploads\\\/2020\\\/04\\\/alx-with-jack.jpg\",\"contentUrl\":\"https:\\\/\\\/safetysourcefire.ca\\\/wp-content\\\/uploads\\\/2020\\\/04\\\/alx-with-jack.jpg\",\"width\":600,\"height\":600},{\"@type\":\"BreadcrumbList\",\"@id\":\"https:\\\/\\\/safetysourcefire.ca\\\/product\\\/aluminum\\\/#breadcrumb\",\"itemListElement\":[{\"@type\":\"ListItem\",\"position\":1,\"name\":\"Home\",\"item\":\"https:\\\/\\\/safetysourcefire.ca\\\/\"},{\"@type\":\"ListItem\",\"position\":2,\"name\":\"Products\",\"item\":\"https:\\\/\\\/safetysourcefire.ca\\\/shop\\\/\"},{\"@type\":\"ListItem\",\"position\":3,\"name\":\"Aluminum X-Strut\"}]},{\"@type\":\"WebSite\",\"@id\":\"https:\\\/\\\/safetysourcefire.ca\\\/#website\",\"url\":\"https:\\\/\\\/safetysourcefire.ca\\\/\",\"name\":\"Safety Source Fire\",\"description\":\"\",\"publisher\":{\"@id\":\"https:\\\/\\\/safetysourcefire.ca\\\/#organization\"},\"potentialAction\":[{\"@type\":\"SearchAction\",\"target\":{\"@type\":\"EntryPoint\",\"urlTemplate\":\"https:\\\/\\\/safetysourcefire.ca\\\/?s={search_term_string}\"},\"query-input\":{\"@type\":\"PropertyValueSpecification\",\"valueRequired\":true,\"valueName\":\"search_term_string\"}}],\"inLanguage\":\"fr-CA\"},{\"@type\":\"Organization\",\"@id\":\"https:\\\/\\\/safetysourcefire.ca\\\/#organization\",\"name\":\"Safety Source Fire\",\"url\":\"https:\\\/\\\/safetysourcefire.ca\\\/\",\"logo\":{\"@type\":\"ImageObject\",\"inLanguage\":\"fr-CA\",\"@id\":\"https:\\\/\\\/safetysourcefire.ca\\\/#\\\/schema\\\/logo\\\/image\\\/\",\"url\":\"https:\\\/\\\/safetysourcefire.ca\\\/wp-content\\\/uploads\\\/2021\\\/01\\\/SSF_logo_CC0000-3.png\",\"contentUrl\":\"https:\\\/\\\/safetysourcefire.ca\\\/wp-content\\\/uploads\\\/2021\\\/01\\\/SSF_logo_CC0000-3.png\",\"width\":1107,\"height\":365,\"caption\":\"Safety Source Fire\"},\"image\":{\"@id\":\"https:\\\/\\\/safetysourcefire.ca\\\/#\\\/schema\\\/logo\\\/image\\\/\"},\"sameAs\":[\"https:\\\/\\\/www.facebook.com\\\/mmfssca\",\"https:\\\/\\\/x.com\\\/mmfssca\"]}]}<\/script>\n<!-- \/ Yoast SEO plugin. -->","yoast_head_json":{"title":"Entretoise en aluminium X-Strut - S\u00e9curit\u00e9 incendie","robots":{"index":"index","follow":"follow","max-snippet":"max-snippet:-1","max-image-preview":"max-image-preview:large","max-video-preview":"max-video-preview:-1"},"canonical":"https:\/\/safetysourcefire.ca\/fr\/produit\/aluminum\/","og_locale":"fr_CA","og_type":"article","og_title":"Aluminum X-Strut - Safety Source Fire","og_description":"Light-weight, but heavy-duty","og_url":"https:\/\/safetysourcefire.ca\/fr\/produit\/aluminum\/","og_site_name":"Safety Source Fire","article_publisher":"https:\/\/www.facebook.com\/mmfssca","article_modified_time":"2024-08-07T19:09:04+00:00","og_image":[{"width":600,"height":600,"url":"https:\/\/safetysourcefire.ca\/wp-content\/uploads\/2020\/04\/alx-with-jack.jpg","type":"image\/jpeg"}],"twitter_card":"summary_large_image","twitter_site":"@mmfssca","twitter_misc":{"Estimation du temps de lecture":"2 minutes"},"schema":{"@context":"https:\/\/schema.org","@graph":[{"@type":"WebPage","@id":"https:\/\/safetysourcefire.ca\/product\/aluminum\/","url":"https:\/\/safetysourcefire.ca\/product\/aluminum\/","name":"Entretoise en aluminium X-Strut - S\u00e9curit\u00e9 incendie","isPartOf":{"@id":"https:\/\/safetysourcefire.ca\/#website"},"primaryImageOfPage":{"@id":"https:\/\/safetysourcefire.ca\/product\/aluminum\/#primaryimage"},"image":{"@id":"https:\/\/safetysourcefire.ca\/product\/aluminum\/#primaryimage"},"thumbnailUrl":"https:\/\/safetysourcefire.ca\/wp-content\/uploads\/2020\/04\/alx-with-jack.jpg","datePublished":"2020-04-22T19:33:16+00:00","dateModified":"2024-08-07T19:09:04+00:00","breadcrumb":{"@id":"https:\/\/safetysourcefire.ca\/product\/aluminum\/#breadcrumb"},"inLanguage":"fr-CA","potentialAction":[{"@type":"ReadAction","target":["https:\/\/safetysourcefire.ca\/product\/aluminum\/"]}]},{"@type":"ImageObject","inLanguage":"fr-CA","@id":"https:\/\/safetysourcefire.ca\/product\/aluminum\/#primaryimage","url":"https:\/\/safetysourcefire.ca\/wp-content\/uploads\/2020\/04\/alx-with-jack.jpg","contentUrl":"https:\/\/safetysourcefire.ca\/wp-content\/uploads\/2020\/04\/alx-with-jack.jpg","width":600,"height":600},{"@type":"BreadcrumbList","@id":"https:\/\/safetysourcefire.ca\/product\/aluminum\/#breadcrumb","itemListElement":[{"@type":"ListItem","position":1,"name":"Home","item":"https:\/\/safetysourcefire.ca\/"},{"@type":"ListItem","position":2,"name":"Products","item":"https:\/\/safetysourcefire.ca\/shop\/"},{"@type":"ListItem","position":3,"name":"Aluminum X-Strut"}]},{"@type":"WebSite","@id":"https:\/\/safetysourcefire.ca\/#website","url":"https:\/\/safetysourcefire.ca\/","name":"Safety Source Fire","description":"","publisher":{"@id":"https:\/\/safetysourcefire.ca\/#organization"},"potentialAction":[{"@type":"SearchAction","target":{"@type":"EntryPoint","urlTemplate":"https:\/\/safetysourcefire.ca\/?s={search_term_string}"},"query-input":{"@type":"PropertyValueSpecification","valueRequired":true,"valueName":"search_term_string"}}],"inLanguage":"fr-CA"},{"@type":"Organization","@id":"https:\/\/safetysourcefire.ca\/#organization","name":"Safety Source Fire","url":"https:\/\/safetysourcefire.ca\/","logo":{"@type":"ImageObject","inLanguage":"fr-CA","@id":"https:\/\/safetysourcefire.ca\/#\/schema\/logo\/image\/","url":"https:\/\/safetysourcefire.ca\/wp-content\/uploads\/2021\/01\/SSF_logo_CC0000-3.png","contentUrl":"https:\/\/safetysourcefire.ca\/wp-content\/uploads\/2021\/01\/SSF_logo_CC0000-3.png","width":1107,"height":365,"caption":"Safety Source Fire"},"image":{"@id":"https:\/\/safetysourcefire.ca\/#\/schema\/logo\/image\/"},"sameAs":["https:\/\/www.facebook.com\/mmfssca","https:\/\/x.com\/mmfssca"]}]}},"_links":{"self":[{"href":"https:\/\/safetysourcefire.ca\/fr\/wp-json\/wp\/v2\/product\/20263","targetHints":{"allow":["GET"]}}],"collection":[{"href":"https:\/\/safetysourcefire.ca\/fr\/wp-json\/wp\/v2\/product"}],"about":[{"href":"https:\/\/safetysourcefire.ca\/fr\/wp-json\/wp\/v2\/types\/product"}],"wp:featuredmedia":[{"embeddable":true,"href":"https:\/\/safetysourcefire.ca\/fr\/wp-json\/wp\/v2\/media\/20254"}],"wp:attachment":[{"href":"https:\/\/safetysourcefire.ca\/fr\/wp-json\/wp\/v2\/media?parent=20263"}],"wp:term":[{"taxonomy":"product_brand","embeddable":true,"href":"https:\/\/safetysourcefire.ca\/fr\/wp-json\/wp\/v2\/product_brand?post=20263"},{"taxonomy":"product_cat","embeddable":true,"href":"https:\/\/safetysourcefire.ca\/fr\/wp-json\/wp\/v2\/product_cat?post=20263"},{"taxonomy":"product_tag","embeddable":true,"href":"https:\/\/safetysourcefire.ca\/fr\/wp-json\/wp\/v2\/product_tag?post=20263"}],"curies":[{"name":"wp","href":"https:\/\/api.w.org\/{rel}","templated":true}]}}